{"id":1842,"date":"2019-03-22T18:07:46","date_gmt":"2019-03-22T17:07:46","guid":{"rendered":"https:\/\/www.leternoassente.com\/?page_id=1842"},"modified":"2019-10-25T21:10:37","modified_gmt":"2019-10-25T19:10:37","slug":"choam-goldberg-2","status":"publish","type":"page","link":"https:\/\/www.leternoassente.com\/?page_id=1842","title":{"rendered":"Choam Goldberg"},"content":{"rendered":"<p><strong>Pensieri, parole, opere e omissioni.<\/strong><\/p>\n<hr \/>\n<p>Choam Goldberg nasce da una coppia di insegnanti (lettere lei, matematica lui) l&#8217;11 settembre 1973, pressappoco nelle stesse ore in cui muore Salvador Allende. Grazie all&#8217;influsso genitoriale, Choam cresce afflitto dal pacchetto completo: complessi di inferiorit\u00e0, ansia da prestazione, sindromi di Clance-Imes \u2013 quando pensa a s\u00e9 stesso \u2013 e nel contempo anche di Dunning-Kruger \u2013 quando osserva gli altri. Se ne libera (in parte) in et\u00e0 adulta, dopo soli 18 anni di psicoterapia.<\/p>\n<p>Fin dall\u2019adolescenza, Choam scopre in s\u00e9 una bizzarra e sconcertante tensione verso l\u2019assoluto. Perci\u00f2, giunto alla soglia dell\u2019universit\u00e0, \u00e8 indeciso fra la fisica e la filosofia. Opta per la prima, ma avrebbe sbagliato in ogni caso, ch\u00e9 la certezza esiste solo nella matematica. Al termine degli studi non diventa uno scienziato professionista perch\u00e9 si accorge di essere troppo dispersivo nei propri interessi. Nondimeno la laurea gli basta per acquisire un\u2019infarinatura scientifica e filosofica, della quale mena gran vanto.<\/p>\n<p>Siccome gode nell\u2019usare le parole almeno quanto si diverte nel giocare coi numeri e poich\u00e9 la scienza preferisce raccontarla piuttosto che farla, per guadagnarsi la pagnotta Choam si orienta verso la comunicazione e in particolare verso la divulgazione scientifica. Dopo 17 anni si stufa e si trasferisce con armi e bagagli nel pi\u00f9 affascinante mondo dell\u2019approfondimento culturale, sociale, politico. Finch\u00e9 non si stanca pure di quello, come sempre gli accade quando si occupa di qualcosa per troppo tempo. Ormai raggiunte la mezza et\u00e0 e la relativa crisi esistenziale, avendo accumulato 25 anni di (poco) onorata professione fra articoli, comunicati stampa e servizi radiotelevisivi, realizza che i suoi molti lavori da pennivendolo sono stati di solito poco utili, spesso proprio inutili e talvolta perfino dannosi. Ogni volta costretto a interagire con molti spregevoli esemplari di Homo sapiens, sia fra i suoi datori di lavoro sia fra i suoi lettori e ascoltatori, ne ha ricavato un\u2019inguaribile misantropia. E la convinzione che il giornalismo sia un mestiere disutile nel migliore dei casi e pernicioso nel peggiore.<\/p>\n<p>Oggi Choam conduce vita ritirata ai confini della Mitteleuropa, in un posto in culo all\u2019universo, con Alessandro, al quale \u00e8 legato da un&#8217;unione registrata, e la loro figlia, Sofia. Inoltre gode dell\u2019invidiabile privilegio di non avere n\u00e9 un lavoro fisso n\u00e9 responsabilit\u00e0 professionali. Di conseguenza riempie la propria esistenza solo con quel cazzo che gli pare, ossia la lettura di saggi, romanzi e fumetti, la visione di film e serie televisive, la scrittura di articoli e libri. Suo unico hobby \u00e8 la cucina, grazie alla quale riesce a nutrirsi in modo compatibile con le sue numerose intolleranze alimentari, che peraltro gli rendono penosa e complicata ogni occasione in cui \u00e8 costretto a mangiare fuori casa. I risultati delle sperimentazioni gastronomiche di Choam sono commestibili e di quando in quando perfino decenti, a detta di Alessandro e Sofia.<\/p>\n<p>Razionalista estremo, Choam rifiuta di credere e preferisce pensare. Dunque non compie atti di fede, fatte eccezioni per l\u2019esistenza di una realt\u00e0 ordinata, regolare e prevedibile esterna alla sua mente e per il rasoio di Occam. Tuttavia sulla prima nutre qualche dubbio, affascinato com\u2019\u00e8 dall\u2019opzione solipsista.<\/p>\n<p>Ateo, comunista, giudeo e frocio, si duole di non essere anche negro e non poter cos\u00ec rappresentare l\u2019abominio perfetto agli occhi dei fascioleghisti. Si consola pensando che, da qualche parte nel multiverso quantistico, deve esistere pure un Choam Goldberg falasci\u00e0. Comunque in questo universo Choam considera le peggiori sciagure dell\u2019umanit\u00e0, in ordine di importanza decrescente, i monoteismi abramitici, l\u2019ur-fascismo, il suffragio universale e le \u00abd\u00bb eufoniche a cazzo di cane.<\/p>\n<p>Choam ha avuto un breve flirt con lo stoicismo, ma ben presto ha compreso come esso sia una filosofia troppo benevola verso la specie umana, che egli giudica composta in grande maggioranza da due insiemi: gli idioti e gli ignoranti, con una popolosa intersezione. Questa massa \u00e8 di fatto irredimibile e perci\u00f2 immeritevole di qualsiasi tentativo di recupero alla razionalit\u00e0.<\/p>\n<p><a href=\"https:\/\/www.leternoassente.com\/?p=1866\" target=\"_blank\" rel=\"noopener noreferrer\">Nichilista disfattista<\/a> per principio e per esperienza esistenziale, di recente <a href=\"https:\/\/www.leternoassente.com\/?p=2267\" target=\"_blank\" rel=\"noopener noreferrer\">Choam ha abbandonato la propria intransigenza<\/a> e iniziato a concepire un senso nel proprio agire che vada al di l\u00e0 dell&#8217;onanismo intellettuale. Il suo nichilismo rimane comunque del tutto relativo a lui medesimo, senza alcuna pretesa di generalizzazione ad altri.<\/p>\n<p>Sicch\u00e9, contemplata l&#8217;immensa vastit\u00e0 del cazzo che gliene frega e quasi raggiunta l\u2019atarass\u00eca, oggi Choam si diletta con l\u2019antica e nobile arte di demolire le credenze dei beoti e degli insipienti, con lo scopo precipuo di trarne sollazzo lui stesso e in seconda battuta di condividerlo con i pochi appartenenti all&#8217;insieme complemento dei due insiemi di maggioranza. Se poi il perculamento delle superstizioni sortisce anche l&#8217;effetto di far ragionare qualcuno, tanto meglio. Ma non \u00e8 quello lo scopo.<\/p>\n","protected":false},"excerpt":{"rendered":"<p>Pensieri, parole, opere e omissioni. Choam Goldberg nasce da una coppia di insegnanti (lettere lei, matematica lui) l&#8217;11 settembre 1973, pressappoco nelle stesse ore in cui muore Salvador Allende. Grazie all&#8217;influsso genitoriale, Choam cresce afflitto dal pacchetto completo: complessi di &hellip; <a href=\"https:\/\/www.leternoassente.com\/?page_id=1842\">Continua a leggere<span class=\"meta-nav\">&rarr;<\/span><\/a><\/p>\n","protected":false},"author":1,"featured_media":1843,"parent":0,"menu_order":0,"comment_status":"closed","ping_status":"closed","template":"","meta":{"footnotes":""},"class_list":["post-1842","page","type-page","status-publish","has-post-thumbnail","hentry"],"yoast_head":"<!-- This site is optimized with the Yoast SEO plugin v25.6 - https:\/\/yoast.com\/wordpress\/plugins\/seo\/ -->\n<title>Choam Goldberg - L&#039;Eterno Assente<\/title>\n<meta name=\"robots\" content=\"index, follow, max-snippet:-1, max-image-preview:large, max-video-preview:-1\" \/>\n<link rel=\"canonical\" href=\"https:\/\/www.leternoassente.com\/?page_id=1842\" \/>\n<meta property=\"og:locale\" content=\"it_IT\" \/>\n<meta property=\"og:type\" content=\"article\" \/>\n<meta property=\"og:title\" content=\"Choam Goldberg - L&#039;Eterno Assente\" \/>\n<meta property=\"og:description\" content=\"Pensieri, parole, opere e omissioni. Choam Goldberg nasce da una coppia di insegnanti (lettere lei, matematica lui) l&#8217;11 settembre 1973, pressappoco nelle stesse ore in cui muore Salvador Allende. Grazie all&#8217;influsso genitoriale, Choam cresce afflitto dal pacchetto completo: complessi di &hellip; Continua a leggere&rarr;\" \/>\n<meta property=\"og:url\" content=\"https:\/\/www.leternoassente.com\/?page_id=1842\" \/>\n<meta property=\"og:site_name\" content=\"L&#039;Eterno Assente\" \/>\n<meta property=\"article:modified_time\" content=\"2019-10-25T19:10:37+00:00\" \/>\n<meta property=\"og:image\" content=\"https:\/\/www.leternoassente.com\/wp-content\/uploads\/2019\/03\/choamgoldbergblack2.jpg\" \/>\n\t<meta property=\"og:image:width\" content=\"1500\" \/>\n\t<meta property=\"og:image:height\" content=\"434\" \/>\n\t<meta property=\"og:image:type\" content=\"image\/jpeg\" \/>\n<meta name=\"twitter:card\" content=\"summary_large_image\" \/>\n<meta name=\"twitter:site\" content=\"@leternoassente\" \/>\n<meta name=\"twitter:label1\" content=\"Tempo di lettura stimato\" \/>\n\t<meta name=\"twitter:data1\" content=\"4 minuti\" \/>\n<script type=\"application\/ld+json\" class=\"yoast-schema-graph\">{\"@context\":\"https:\/\/schema.org\",\"@graph\":[{\"@type\":\"WebPage\",\"@id\":\"https:\/\/www.leternoassente.com\/?page_id=1842\",\"url\":\"https:\/\/www.leternoassente.com\/?page_id=1842\",\"name\":\"Choam Goldberg - L&#039;Eterno Assente\",\"isPartOf\":{\"@id\":\"https:\/\/www.leternoassente.com\/#website\"},\"primaryImageOfPage\":{\"@id\":\"https:\/\/www.leternoassente.com\/?page_id=1842#primaryimage\"},\"image\":{\"@id\":\"https:\/\/www.leternoassente.com\/?page_id=1842#primaryimage\"},\"thumbnailUrl\":\"https:\/\/www.leternoassente.com\/wp-content\/uploads\/2019\/03\/choamgoldbergblack2.jpg\",\"datePublished\":\"2019-03-22T17:07:46+00:00\",\"dateModified\":\"2019-10-25T19:10:37+00:00\",\"breadcrumb\":{\"@id\":\"https:\/\/www.leternoassente.com\/?page_id=1842#breadcrumb\"},\"inLanguage\":\"it-IT\",\"potentialAction\":[{\"@type\":\"ReadAction\",\"target\":[\"https:\/\/www.leternoassente.com\/?page_id=1842\"]}]},{\"@type\":\"ImageObject\",\"inLanguage\":\"it-IT\",\"@id\":\"https:\/\/www.leternoassente.com\/?page_id=1842#primaryimage\",\"url\":\"https:\/\/www.leternoassente.com\/wp-content\/uploads\/2019\/03\/choamgoldbergblack2.jpg\",\"contentUrl\":\"https:\/\/www.leternoassente.com\/wp-content\/uploads\/2019\/03\/choamgoldbergblack2.jpg\",\"width\":1500,\"height\":434},{\"@type\":\"BreadcrumbList\",\"@id\":\"https:\/\/www.leternoassente.com\/?page_id=1842#breadcrumb\",\"itemListElement\":[{\"@type\":\"ListItem\",\"position\":1,\"name\":\"Home\",\"item\":\"https:\/\/www.leternoassente.com\/\"},{\"@type\":\"ListItem\",\"position\":2,\"name\":\"Choam Goldberg\"}]},{\"@type\":\"WebSite\",\"@id\":\"https:\/\/www.leternoassente.com\/#website\",\"url\":\"https:\/\/www.leternoassente.com\/\",\"name\":\"L&#039;Eterno Assente\",\"description\":\"Dio, la vita, il senso e altre cazzate\",\"publisher\":{\"@id\":\"https:\/\/www.leternoassente.com\/#\/schema\/person\/d2069751871fcdb89a30a0775f4170f9\"},\"potentialAction\":[{\"@type\":\"SearchAction\",\"target\":{\"@type\":\"EntryPoint\",\"urlTemplate\":\"https:\/\/www.leternoassente.com\/?s={search_term_string}\"},\"query-input\":{\"@type\":\"PropertyValueSpecification\",\"valueRequired\":true,\"valueName\":\"search_term_string\"}}],\"inLanguage\":\"it-IT\"},{\"@type\":[\"Person\",\"Organization\"],\"@id\":\"https:\/\/www.leternoassente.com\/#\/schema\/person\/d2069751871fcdb89a30a0775f4170f9\",\"name\":\"Choam Goldberg\",\"image\":{\"@type\":\"ImageObject\",\"inLanguage\":\"it-IT\",\"@id\":\"https:\/\/www.leternoassente.com\/#\/schema\/person\/image\/\",\"url\":\"https:\/\/secure.gravatar.com\/avatar\/63d2c9f25f05d3da5001f2898f6fc9cd?s=96&d=wavatar&r=g\",\"contentUrl\":\"https:\/\/secure.gravatar.com\/avatar\/63d2c9f25f05d3da5001f2898f6fc9cd?s=96&d=wavatar&r=g\",\"caption\":\"Choam Goldberg\"},\"logo\":{\"@id\":\"https:\/\/www.leternoassente.com\/#\/schema\/person\/image\/\"},\"description\":\"Contemplata la vastit\u00e0 del cazzo che gliene frega e raggiunta l\u2019atarass\u00eca, Choam Goldberg pratica nondimeno l'antica, dilettevole e nobile arte di demolire le credenze dei\u00a0beoti e degli insipienti.\",\"sameAs\":[\"http:\/\/www.leternoassente.com\"]}]}<\/script>\n<!-- \/ Yoast SEO plugin. -->","yoast_head_json":{"title":"Choam Goldberg - L&#039;Eterno Assente","robots":{"index":"index","follow":"follow","max-snippet":"max-snippet:-1","max-image-preview":"max-image-preview:large","max-video-preview":"max-video-preview:-1"},"canonical":"https:\/\/www.leternoassente.com\/?page_id=1842","og_locale":"it_IT","og_type":"article","og_title":"Choam Goldberg - L&#039;Eterno Assente","og_description":"Pensieri, parole, opere e omissioni. Choam Goldberg nasce da una coppia di insegnanti (lettere lei, matematica lui) l&#8217;11 settembre 1973, pressappoco nelle stesse ore in cui muore Salvador Allende. Grazie all&#8217;influsso genitoriale, Choam cresce afflitto dal pacchetto completo: complessi di &hellip; Continua a leggere&rarr;","og_url":"https:\/\/www.leternoassente.com\/?page_id=1842","og_site_name":"L&#039;Eterno Assente","article_modified_time":"2019-10-25T19:10:37+00:00","og_image":[{"width":1500,"height":434,"url":"https:\/\/www.leternoassente.com\/wp-content\/uploads\/2019\/03\/choamgoldbergblack2.jpg","type":"image\/jpeg"}],"twitter_card":"summary_large_image","twitter_site":"@leternoassente","twitter_misc":{"Tempo di lettura stimato":"4 minuti"},"schema":{"@context":"https:\/\/schema.org","@graph":[{"@type":"WebPage","@id":"https:\/\/www.leternoassente.com\/?page_id=1842","url":"https:\/\/www.leternoassente.com\/?page_id=1842","name":"Choam Goldberg - L&#039;Eterno Assente","isPartOf":{"@id":"https:\/\/www.leternoassente.com\/#website"},"primaryImageOfPage":{"@id":"https:\/\/www.leternoassente.com\/?page_id=1842#primaryimage"},"image":{"@id":"https:\/\/www.leternoassente.com\/?page_id=1842#primaryimage"},"thumbnailUrl":"https:\/\/www.leternoassente.com\/wp-content\/uploads\/2019\/03\/choamgoldbergblack2.jpg","datePublished":"2019-03-22T17:07:46+00:00","dateModified":"2019-10-25T19:10:37+00:00","breadcrumb":{"@id":"https:\/\/www.leternoassente.com\/?page_id=1842#breadcrumb"},"inLanguage":"it-IT","potentialAction":[{"@type":"ReadAction","target":["https:\/\/www.leternoassente.com\/?page_id=1842"]}]},{"@type":"ImageObject","inLanguage":"it-IT","@id":"https:\/\/www.leternoassente.com\/?page_id=1842#primaryimage","url":"https:\/\/www.leternoassente.com\/wp-content\/uploads\/2019\/03\/choamgoldbergblack2.jpg","contentUrl":"https:\/\/www.leternoassente.com\/wp-content\/uploads\/2019\/03\/choamgoldbergblack2.jpg","width":1500,"height":434},{"@type":"BreadcrumbList","@id":"https:\/\/www.leternoassente.com\/?page_id=1842#breadcrumb","itemListElement":[{"@type":"ListItem","position":1,"name":"Home","item":"https:\/\/www.leternoassente.com\/"},{"@type":"ListItem","position":2,"name":"Choam Goldberg"}]},{"@type":"WebSite","@id":"https:\/\/www.leternoassente.com\/#website","url":"https:\/\/www.leternoassente.com\/","name":"L&#039;Eterno Assente","description":"Dio, la vita, il senso e altre cazzate","publisher":{"@id":"https:\/\/www.leternoassente.com\/#\/schema\/person\/d2069751871fcdb89a30a0775f4170f9"},"potentialAction":[{"@type":"SearchAction","target":{"@type":"EntryPoint","urlTemplate":"https:\/\/www.leternoassente.com\/?s={search_term_string}"},"query-input":{"@type":"PropertyValueSpecification","valueRequired":true,"valueName":"search_term_string"}}],"inLanguage":"it-IT"},{"@type":["Person","Organization"],"@id":"https:\/\/www.leternoassente.com\/#\/schema\/person\/d2069751871fcdb89a30a0775f4170f9","name":"Choam Goldberg","image":{"@type":"ImageObject","inLanguage":"it-IT","@id":"https:\/\/www.leternoassente.com\/#\/schema\/person\/image\/","url":"https:\/\/secure.gravatar.com\/avatar\/63d2c9f25f05d3da5001f2898f6fc9cd?s=96&d=wavatar&r=g","contentUrl":"https:\/\/secure.gravatar.com\/avatar\/63d2c9f25f05d3da5001f2898f6fc9cd?s=96&d=wavatar&r=g","caption":"Choam Goldberg"},"logo":{"@id":"https:\/\/www.leternoassente.com\/#\/schema\/person\/image\/"},"description":"Contemplata la vastit\u00e0 del cazzo che gliene frega e raggiunta l\u2019atarass\u00eca, Choam Goldberg pratica nondimeno l'antica, dilettevole e nobile arte di demolire le credenze dei\u00a0beoti e degli insipienti.","sameAs":["http:\/\/www.leternoassente.com"]}]}},"_links":{"self":[{"href":"https:\/\/www.leternoassente.com\/index.php?rest_route=\/wp\/v2\/pages\/1842"}],"collection":[{"href":"https:\/\/www.leternoassente.com\/index.php?rest_route=\/wp\/v2\/pages"}],"about":[{"href":"https:\/\/www.leternoassente.com\/index.php?rest_route=\/wp\/v2\/types\/page"}],"author":[{"embeddable":true,"href":"https:\/\/www.leternoassente.com\/index.php?rest_route=\/wp\/v2\/users\/1"}],"replies":[{"embeddable":true,"href":"https:\/\/www.leternoassente.com\/index.php?rest_route=%2Fwp%2Fv2%2Fcomments&post=1842"}],"version-history":[{"count":7,"href":"https:\/\/www.leternoassente.com\/index.php?rest_route=\/wp\/v2\/pages\/1842\/revisions"}],"predecessor-version":[{"id":2337,"href":"https:\/\/www.leternoassente.com\/index.php?rest_route=\/wp\/v2\/pages\/1842\/revisions\/2337"}],"wp:featuredmedia":[{"embeddable":true,"href":"https:\/\/www.leternoassente.com\/index.php?rest_route=\/wp\/v2\/media\/1843"}],"wp:attachment":[{"href":"https:\/\/www.leternoassente.com\/index.php?rest_route=%2Fwp%2Fv2%2Fmedia&parent=1842"}],"curies":[{"name":"wp","href":"https:\/\/api.w.org\/{rel}","templated":true}]}}