{"id":4707,"date":"2021-11-21T19:24:18","date_gmt":"2021-11-21T18:24:18","guid":{"rendered":"https:\/\/www.leternoassente.com\/?page_id=4707"},"modified":"2021-12-15T07:13:22","modified_gmt":"2021-12-15T06:13:22","slug":"incazzato-con-dio-perche","status":"publish","type":"page","link":"https:\/\/www.leternoassente.com\/?page_id=4707","title":{"rendered":"Incazzato con Dio: perch\u00e9?"},"content":{"rendered":"<p><strong>Una serie di articoli per capire perch\u00e9 Dio e anche i suoi seguaci pi\u00f9 moderati meritano la nostra indignazione.<\/strong><\/p>\n<hr>\n<p>01.12.2021 \u2013 <a href=\"https:\/\/www.leternoassente.com\/?p=4706\" target=\"_blank\" rel=\"noopener noreferrer\">Incazzato con Dio: perch\u00e9? \u2013 1\/3<\/a><\/p>\n<p>08.12.2021 \u2013 <a href=\"https:\/\/www.leternoassente.com\/?p=4734\" target=\"_blank\" rel=\"noopener noreferrer\">Incazzato con Dio: perch\u00e9? \u2013 2\/3<\/a><\/p>\n<p>15.12.2021 \u2013 <a href=\"https:\/\/www.leternoassente.com\/?p=4748\" target=\"_blank\" rel=\"noopener noreferrer\">Incazzato con Dio: perch\u00e9? \u2013 3\/3<\/a><\/p>\n","protected":false},"excerpt":{"rendered":"<p>Una serie di articoli per capire perch\u00e9 Dio e anche i suoi seguaci pi\u00f9 moderati meritano la nostra indignazione. 01.12.2021 \u2013 Incazzato con Dio: perch\u00e9? \u2013 1\/3 08.12.2021 \u2013 Incazzato con Dio: perch\u00e9? \u2013 2\/3 15.12.2021 \u2013 Incazzato con Dio: &hellip; <a href=\"https:\/\/www.leternoassente.com\/?page_id=4707\">Continua a leggere<span class=\"meta-nav\">&rarr;<\/span><\/a><\/p>\n","protected":false},"author":1,"featured_media":4710,"parent":0,"menu_order":0,"comment_status":"closed","ping_status":"closed","template":"","meta":{"footnotes":""},"class_list":["post-4707","page","type-page","status-publish","has-post-thumbnail","hentry"],"yoast_head":"<!-- This site is optimized with the Yoast SEO plugin v25.6 - https:\/\/yoast.com\/wordpress\/plugins\/seo\/ -->\n<title>Incazzato con Dio: perch\u00e9? - L&#039;Eterno Assente<\/title>\n<meta name=\"robots\" content=\"index, follow, max-snippet:-1, max-image-preview:large, max-video-preview:-1\" \/>\n<link rel=\"canonical\" href=\"https:\/\/www.leternoassente.com\/?page_id=4707\" \/>\n<meta property=\"og:locale\" content=\"it_IT\" \/>\n<meta property=\"og:type\" content=\"article\" \/>\n<meta property=\"og:title\" content=\"Incazzato con Dio: perch\u00e9? - L&#039;Eterno Assente\" \/>\n<meta property=\"og:description\" content=\"Una serie di articoli per capire perch\u00e9 Dio e anche i suoi seguaci pi\u00f9 moderati meritano la nostra indignazione. 01.12.2021 \u2013 Incazzato con Dio: perch\u00e9? \u2013 1\/3 08.12.2021 \u2013 Incazzato con Dio: perch\u00e9? \u2013 2\/3 15.12.2021 \u2013 Incazzato con Dio: &hellip; Continua a leggere&rarr;\" \/>\n<meta property=\"og:url\" content=\"https:\/\/www.leternoassente.com\/?page_id=4707\" \/>\n<meta property=\"og:site_name\" content=\"L&#039;Eterno Assente\" \/>\n<meta property=\"article:modified_time\" content=\"2021-12-15T06:13:22+00:00\" \/>\n<meta property=\"og:image\" content=\"https:\/\/www.leternoassente.com\/wp-content\/uploads\/2021\/11\/rabbia-Gerd-Altmann-Pixabay.jpg\" \/>\n\t<meta property=\"og:image:width\" content=\"1500\" \/>\n\t<meta property=\"og:image:height\" content=\"434\" \/>\n\t<meta property=\"og:image:type\" content=\"image\/jpeg\" \/>\n<meta name=\"twitter:card\" content=\"summary_large_image\" \/>\n<meta name=\"twitter:site\" content=\"@leternoassente\" \/>\n<script type=\"application\/ld+json\" class=\"yoast-schema-graph\">{\"@context\":\"https:\/\/schema.org\",\"@graph\":[{\"@type\":\"WebPage\",\"@id\":\"https:\/\/www.leternoassente.com\/?page_id=4707\",\"url\":\"https:\/\/www.leternoassente.com\/?page_id=4707\",\"name\":\"Incazzato con Dio: perch\u00e9? - L&#039;Eterno Assente\",\"isPartOf\":{\"@id\":\"https:\/\/www.leternoassente.com\/#website\"},\"primaryImageOfPage\":{\"@id\":\"https:\/\/www.leternoassente.com\/?page_id=4707#primaryimage\"},\"image\":{\"@id\":\"https:\/\/www.leternoassente.com\/?page_id=4707#primaryimage\"},\"thumbnailUrl\":\"https:\/\/www.leternoassente.com\/wp-content\/uploads\/2021\/11\/rabbia-Gerd-Altmann-Pixabay.jpg\",\"datePublished\":\"2021-11-21T18:24:18+00:00\",\"dateModified\":\"2021-12-15T06:13:22+00:00\",\"breadcrumb\":{\"@id\":\"https:\/\/www.leternoassente.com\/?page_id=4707#breadcrumb\"},\"inLanguage\":\"it-IT\",\"potentialAction\":[{\"@type\":\"ReadAction\",\"target\":[\"https:\/\/www.leternoassente.com\/?page_id=4707\"]}]},{\"@type\":\"ImageObject\",\"inLanguage\":\"it-IT\",\"@id\":\"https:\/\/www.leternoassente.com\/?page_id=4707#primaryimage\",\"url\":\"https:\/\/www.leternoassente.com\/wp-content\/uploads\/2021\/11\/rabbia-Gerd-Altmann-Pixabay.jpg\",\"contentUrl\":\"https:\/\/www.leternoassente.com\/wp-content\/uploads\/2021\/11\/rabbia-Gerd-Altmann-Pixabay.jpg\",\"width\":1500,\"height\":434},{\"@type\":\"BreadcrumbList\",\"@id\":\"https:\/\/www.leternoassente.com\/?page_id=4707#breadcrumb\",\"itemListElement\":[{\"@type\":\"ListItem\",\"position\":1,\"name\":\"Home\",\"item\":\"https:\/\/www.leternoassente.com\/\"},{\"@type\":\"ListItem\",\"position\":2,\"name\":\"Incazzato con Dio: perch\u00e9?\"}]},{\"@type\":\"WebSite\",\"@id\":\"https:\/\/www.leternoassente.com\/#website\",\"url\":\"https:\/\/www.leternoassente.com\/\",\"name\":\"L&#039;Eterno Assente\",\"description\":\"Dio, la vita, il senso e altre cazzate\",\"publisher\":{\"@id\":\"https:\/\/www.leternoassente.com\/#\/schema\/person\/d2069751871fcdb89a30a0775f4170f9\"},\"potentialAction\":[{\"@type\":\"SearchAction\",\"target\":{\"@type\":\"EntryPoint\",\"urlTemplate\":\"https:\/\/www.leternoassente.com\/?s={search_term_string}\"},\"query-input\":{\"@type\":\"PropertyValueSpecification\",\"valueRequired\":true,\"valueName\":\"search_term_string\"}}],\"inLanguage\":\"it-IT\"},{\"@type\":[\"Person\",\"Organization\"],\"@id\":\"https:\/\/www.leternoassente.com\/#\/schema\/person\/d2069751871fcdb89a30a0775f4170f9\",\"name\":\"Choam Goldberg\",\"image\":{\"@type\":\"ImageObject\",\"inLanguage\":\"it-IT\",\"@id\":\"https:\/\/www.leternoassente.com\/#\/schema\/person\/image\/\",\"url\":\"https:\/\/secure.gravatar.com\/avatar\/63d2c9f25f05d3da5001f2898f6fc9cd?s=96&d=wavatar&r=g\",\"contentUrl\":\"https:\/\/secure.gravatar.com\/avatar\/63d2c9f25f05d3da5001f2898f6fc9cd?s=96&d=wavatar&r=g\",\"caption\":\"Choam Goldberg\"},\"logo\":{\"@id\":\"https:\/\/www.leternoassente.com\/#\/schema\/person\/image\/\"},\"description\":\"Contemplata la vastit\u00e0 del cazzo che gliene frega e raggiunta l\u2019atarass\u00eca, Choam Goldberg pratica nondimeno l'antica, dilettevole e nobile arte di demolire le credenze dei\u00a0beoti e degli insipienti.\",\"sameAs\":[\"http:\/\/www.leternoassente.com\"]}]}<\/script>\n<!-- \/ Yoast SEO plugin. -->","yoast_head_json":{"title":"Incazzato con Dio: perch\u00e9? - L&#039;Eterno Assente","robots":{"index":"index","follow":"follow","max-snippet":"max-snippet:-1","max-image-preview":"max-image-preview:large","max-video-preview":"max-video-preview:-1"},"canonical":"https:\/\/www.leternoassente.com\/?page_id=4707","og_locale":"it_IT","og_type":"article","og_title":"Incazzato con Dio: perch\u00e9? - L&#039;Eterno Assente","og_description":"Una serie di articoli per capire perch\u00e9 Dio e anche i suoi seguaci pi\u00f9 moderati meritano la nostra indignazione. 01.12.2021 \u2013 Incazzato con Dio: perch\u00e9? \u2013 1\/3 08.12.2021 \u2013 Incazzato con Dio: perch\u00e9? \u2013 2\/3 15.12.2021 \u2013 Incazzato con Dio: &hellip; Continua a leggere&rarr;","og_url":"https:\/\/www.leternoassente.com\/?page_id=4707","og_site_name":"L&#039;Eterno Assente","article_modified_time":"2021-12-15T06:13:22+00:00","og_image":[{"width":1500,"height":434,"url":"https:\/\/www.leternoassente.com\/wp-content\/uploads\/2021\/11\/rabbia-Gerd-Altmann-Pixabay.jpg","type":"image\/jpeg"}],"twitter_card":"summary_large_image","twitter_site":"@leternoassente","schema":{"@context":"https:\/\/schema.org","@graph":[{"@type":"WebPage","@id":"https:\/\/www.leternoassente.com\/?page_id=4707","url":"https:\/\/www.leternoassente.com\/?page_id=4707","name":"Incazzato con Dio: perch\u00e9? - L&#039;Eterno Assente","isPartOf":{"@id":"https:\/\/www.leternoassente.com\/#website"},"primaryImageOfPage":{"@id":"https:\/\/www.leternoassente.com\/?page_id=4707#primaryimage"},"image":{"@id":"https:\/\/www.leternoassente.com\/?page_id=4707#primaryimage"},"thumbnailUrl":"https:\/\/www.leternoassente.com\/wp-content\/uploads\/2021\/11\/rabbia-Gerd-Altmann-Pixabay.jpg","datePublished":"2021-11-21T18:24:18+00:00","dateModified":"2021-12-15T06:13:22+00:00","breadcrumb":{"@id":"https:\/\/www.leternoassente.com\/?page_id=4707#breadcrumb"},"inLanguage":"it-IT","potentialAction":[{"@type":"ReadAction","target":["https:\/\/www.leternoassente.com\/?page_id=4707"]}]},{"@type":"ImageObject","inLanguage":"it-IT","@id":"https:\/\/www.leternoassente.com\/?page_id=4707#primaryimage","url":"https:\/\/www.leternoassente.com\/wp-content\/uploads\/2021\/11\/rabbia-Gerd-Altmann-Pixabay.jpg","contentUrl":"https:\/\/www.leternoassente.com\/wp-content\/uploads\/2021\/11\/rabbia-Gerd-Altmann-Pixabay.jpg","width":1500,"height":434},{"@type":"BreadcrumbList","@id":"https:\/\/www.leternoassente.com\/?page_id=4707#breadcrumb","itemListElement":[{"@type":"ListItem","position":1,"name":"Home","item":"https:\/\/www.leternoassente.com\/"},{"@type":"ListItem","position":2,"name":"Incazzato con Dio: perch\u00e9?"}]},{"@type":"WebSite","@id":"https:\/\/www.leternoassente.com\/#website","url":"https:\/\/www.leternoassente.com\/","name":"L&#039;Eterno Assente","description":"Dio, la vita, il senso e altre cazzate","publisher":{"@id":"https:\/\/www.leternoassente.com\/#\/schema\/person\/d2069751871fcdb89a30a0775f4170f9"},"potentialAction":[{"@type":"SearchAction","target":{"@type":"EntryPoint","urlTemplate":"https:\/\/www.leternoassente.com\/?s={search_term_string}"},"query-input":{"@type":"PropertyValueSpecification","valueRequired":true,"valueName":"search_term_string"}}],"inLanguage":"it-IT"},{"@type":["Person","Organization"],"@id":"https:\/\/www.leternoassente.com\/#\/schema\/person\/d2069751871fcdb89a30a0775f4170f9","name":"Choam Goldberg","image":{"@type":"ImageObject","inLanguage":"it-IT","@id":"https:\/\/www.leternoassente.com\/#\/schema\/person\/image\/","url":"https:\/\/secure.gravatar.com\/avatar\/63d2c9f25f05d3da5001f2898f6fc9cd?s=96&d=wavatar&r=g","contentUrl":"https:\/\/secure.gravatar.com\/avatar\/63d2c9f25f05d3da5001f2898f6fc9cd?s=96&d=wavatar&r=g","caption":"Choam Goldberg"},"logo":{"@id":"https:\/\/www.leternoassente.com\/#\/schema\/person\/image\/"},"description":"Contemplata la vastit\u00e0 del cazzo che gliene frega e raggiunta l\u2019atarass\u00eca, Choam Goldberg pratica nondimeno l'antica, dilettevole e nobile arte di demolire le credenze dei\u00a0beoti e degli insipienti.","sameAs":["http:\/\/www.leternoassente.com"]}]}},"_links":{"self":[{"href":"https:\/\/www.leternoassente.com\/index.php?rest_route=\/wp\/v2\/pages\/4707"}],"collection":[{"href":"https:\/\/www.leternoassente.com\/index.php?rest_route=\/wp\/v2\/pages"}],"about":[{"href":"https:\/\/www.leternoassente.com\/index.php?rest_route=\/wp\/v2\/types\/page"}],"author":[{"embeddable":true,"href":"https:\/\/www.leternoassente.com\/index.php?rest_route=\/wp\/v2\/users\/1"}],"replies":[{"embeddable":true,"href":"https:\/\/www.leternoassente.com\/index.php?rest_route=%2Fwp%2Fv2%2Fcomments&post=4707"}],"version-history":[{"count":3,"href":"https:\/\/www.leternoassente.com\/index.php?rest_route=\/wp\/v2\/pages\/4707\/revisions"}],"predecessor-version":[{"id":4773,"href":"https:\/\/www.leternoassente.com\/index.php?rest_route=\/wp\/v2\/pages\/4707\/revisions\/4773"}],"wp:featuredmedia":[{"embeddable":true,"href":"https:\/\/www.leternoassente.com\/index.php?rest_route=\/wp\/v2\/media\/4710"}],"wp:attachment":[{"href":"https:\/\/www.leternoassente.com\/index.php?rest_route=%2Fwp%2Fv2%2Fmedia&parent=4707"}],"curies":[{"name":"wp","href":"https:\/\/api.w.org\/{rel}","templated":true}]}}