{"id":5008,"date":"2022-03-01T06:58:11","date_gmt":"2022-03-01T05:58:11","guid":{"rendered":"https:\/\/www.leternoassente.com\/?page_id=5008"},"modified":"2024-09-09T12:39:48","modified_gmt":"2024-09-09T10:39:48","slug":"il-mio-libero-arbitrio","status":"publish","type":"page","link":"https:\/\/www.leternoassente.com\/?page_id=5008","title":{"rendered":"Il mio libero arbitrio"},"content":{"rendered":"<p><strong>G\u00ebzim racconta la propria Storia per \u00abIo senza Dio\u00bb.<\/strong><\/p>\n<hr>\n<p>Penso di essere sempre stato ateo. Dalla nascita.<\/p>\n<p>Sono cresciuto nell&#8217;Albania degli anni &#8217;90. Quella affamata e sognatrice. Quella cristiana, ortodossa e musulmana. Quella che allo stesso tempo, nella piazza della sua capitale, dietro a Scanderbeg, l&#8217;eroe nazionale che per tutta la vita imped\u00ec ai turchi di invadere l&#8217;Albania e di sterminare chi si opponeva all&#8217;islam, erige una moschea, la pi\u00f9 grande del Paese. E io, cresciuto in una cultura che provava a essere musulmana, pur ignorando leggi fondamentali come il consumo del maiale o dell&#8217;alcol o anche solo le preghiere quotidiane, iniziai da subito a sentirmi a disagio.<\/p>\n<p>Inizi\u00f2 tutto da Babbo Natale.<\/p>\n<p>Da noi Babbo Natale arriva il 1. gennaio. Noi eravamo molto poveri. In quegli anni il mio regalo consisteva in un sacchetto di noci, qualche mandarino, qualche fico secco e qualche dattero. Eppure io ero il bambino pi\u00f9 felice del mondo. Quando avevo circa 6 anni i miei genitori mi dissero che Babbo Natale mi avrebbe portato un regalo. Avevo gi\u00e0 visto Babbo Natale da qualche parte. Forse sulle reti televisive italiane. Eppure qualcosa non mi convinceva. Perci\u00f2 decisi che dovevo stanarlo. Cos\u00ec rimasi sveglio tutta la notte, convinto che avrei visto il regalo deposto sotto l&#8217;albero dai miei genitori. Non successe niente di strano, per\u00f2 la mattina, quando stavo quasi per addormentarmi, vidi mia mamma e mio pap\u00e0 posare sotto l&#8217;albero un sacchetto pieno di frutta, qualche noce, dei mandarini. Ero cos\u00ec contento: avevo sempre avuto ragione io, erano loro il mio Babbo Natale. Eppure mi sentivo anche triste: sarebbe stato bello se per qualcuno fossi stato davvero speciale. Il pensiero di Babbo Natale per me \u00e8 stato come il pensiero di Dio.<\/p>\n<p>In quegli anni fui obbligato ad andare in moschea, perch\u00e9 significava tante cose: non solo pregare, ma anche fare i tornei di calcetto, lavarsi e qualche volta perfino mangiare. E non erano cose scontate. Molto di noi si avvicinarono all&#8217;islam per questo.<\/p>\n<p>Mia nonna era molto credente, ma una di quelle credenti per le quali non importa che sia l&#8217;islam o il cristianesimo, una moschea o una chiesa, perch\u00e9 Dio ci ascolta in qualunque luogo e ci ama. Per\u00f2 anche questo amore di Dio io non l&#8217;ho mai percepito. Io avevo freddo, avevo fame, ma Dio non lo vedevo. In quegli anni gli albanesi morivano per strada come polli, fra l&#8217;esodo del &#8217;91 e la guerra del &#8217;97. I miei amici piano piano diventavano ombre. Qualcuno diceva che erano tra le braccia di Dio, e questo mi faceva arrabbiare ancora di pi\u00f9. La morte degli innocenti io proprio non la capivo.<\/p>\n<p>Ricordo forse l&#8217;ultimo episodio prima di fuggire dall&#8217;Albania con i miei genitori. Eravamo in una chiesa ortodossa che il 15 agosto ospitava musulmani e cattolici. Rammento una croce bianca al centro del giardino. Si era formata una fila di bambini tenuti per mano da donne che arrivava fino a un prete ortodosso. Anche mia nonna mi prese per mano e ci mettemmo in fila. Io, incuriosito, guardai che stava succedendo. Vidi il prete avvicinare il bambino di turno, posargli la mano sulla testa, dire qualche parola, offrire la mano al bambino per fargliela baciare, e la madre allungare al prete una banconota. E via: un altro bambino, un&#8217;altra benedizione, un altro bacio sulla mano, un&#8217;altra banconota. Io conoscevo bene il valore dei soldi: lo conosci, quando non ne hai nemmeno per comprare un paio di scarpe. Perci\u00f2 dissi a mia nonna: \u00abAndiamo via. Servono tanti soldi. Sai quanto pane compriamo con questi soldi?\u00bb. Lei sorrise e rispose che quei soldi erano ben spesi. Perci\u00f2 rimanemmo in fila. Io mi sentivo sempre pi\u00f9 arrabbiato. Alla fine arriv\u00f2 il mio turno. Me lo trovai davanti, con tunica nera e cappello nero. Mia nonna gli disse: \u00abQuesto \u00e8 il figlio maschio della mia unica figlia femmina. Per favore, benedici la sua vita\u00bb. Lui mi mise la mano sopra la testa, disse qualcosa che io non compresi e infine mi porse la mano per farsela baciare. Quel gesto \u2013 non so perch\u00e9 \u2013 mi sembr\u00f2 il pi\u00f9 oltraggioso che io avessi mai sub\u00ecto, ed \u00e8 ancora vero oggi, a 33 anni: baciare la mano di un uomo in segno di sottomissione e di venerazione? Fui colto da un accesso di rabbia e gli diedi un calcio fortissimo nelle palle. Subito dopo scappai. Dopo qualche metro mi voltai e lo vidi piegato in due, con mia nonna che cercava di consolarlo. Mi rinchiusi in un bagno pubblico e, ridendo, mi sentii cos\u00ec fiero di me stesso. Poi i miei cugini mi trovarono, qualcuno prov\u00f2 a darmele, infine mi liberai di loro. La sera tornai a casa. Mia nonna il giorno dopo si era dimenticata tutto: ero pur sempre il nipote preferito.<\/p>\n<p>Qualche anno fa qui in Italia, quando operavo come volontario al canile o con le persone bisognose, una signora mi disse: \u00abChe bravo ragazzo! Ma di che religione sei?\u00bb. Io risposi che non credevo in Dio e lei, spalancando gli occhi, comment\u00f2: \u00abMa dai! Eppure sei cos\u00ec un bravo ragazzo\u00bb. Ogni tanto sento ancora quella frase risuonarmi in testa: \u00abEppure sei cos\u00ec un bravo ragazzo\u00bb. Come se chi non crede non possa avere un buon cuore. Nel mio Paese molto spesso \u00e8 ancora cos\u00ec. Leggo sotto alcuni post su Facebook qualcuno che scrive: \u00abPa Zot dhe pa moral\u00bb, cio\u00e8 \u00abSenza Dio e senza morale\u00bb. Come se Dio e la morale andassero di pari passo, come se i religiosi, i preti o gli imam, compresi quelli che nell&#8217;islam invitano al taglio delle mani e alla lapidazione, avessero pi\u00f9 morale di me che invece senza Dio non posso essere una brava persona.<\/p>\n<p>Poi la vita \u00e8 passata. Tra genitori di fidanzate credenti a cui dovetti rinunciare per la questione dell&#8217;ateo senza morale e altre relazioni concluse solo perch\u00e9 ero albanese. Quest&#8217;anno per\u00f2 mi sposo. S\u00ec, mi sposo. Con una ragazza cristiana e credente. La questione del matrimonio in chiesa \u00e8 stata superata e ci sposeremo all&#8217;aperto, in un agriturismo tra le vigne. Per\u00f2, se un giorno avremo dei bambini, dovremo parlare del battesimo. Infatti sono sicuro che la libera scelta che Dio concede a tutti gli umani debba riguardare anche l&#8217;adesione a una fede.<\/p>\n<p>Io sono stato circonciso senza tante storie in un laboratorio in un sottoscala di una casa a Tirana di cui ricordo poco. Solo i familiari che mi tenevano stretto e il dolore allucinante del bisturi nella carne. Il battesimo \u00e8 molto pi\u00f9 sopportabile e non ne conservi memoria, ma il concetto \u00e8 lo stesso: la libera scelta, cos\u00ec come la coscienza. Se i miei figli un giorno vorranno essere musulmani o cristiani o buddisti, a me importer\u00e0 solo che sia una scelta libera. Se oggi chiedo ai miei genitori perch\u00e9 mi fecero circoncidere, mi rispondono che lo facevano tutti, che uno zio anziano gli aveva detto che andava fatto e che loro hanno quasi obbedito. Ecco, non si obbedisce alla comunit\u00e0 familiare per necessit\u00e0: c&#8217;\u00e8 anche la questione morale, cos\u00ec come il dolore inutile o l&#8217;ignoranza, ma soprattutto c&#8217;\u00e8 la libera scelta. Nessuno dovrebbe toccare un bambino, n\u00e9 per la circoncisione n\u00e9 per il battesimo n\u00e9 per altro. Libera scelta, libero arbitrio in libera coscienza.<\/p>\n<p>A volte mi viene chiesto perch\u00e9 non credo.<\/p>\n<p>Quando vedevo nelle chiese ortodosse le grandi immagini dorate dei santi, avevo notato che tutti tenevano in mano la Bibbia. Perci\u00f2 pensai che loro e tutti gli altri credenti vivevano basandosi su un libro ritenuto sacro. E non importa che sia il Corano, l&#8217;Antico o il Nuovo testamento o il Mahabharata: seguono precetti e insegnamenti che qualcun altro ha scritto per loro. Ebbene, io non sono mai stato in grado di superare un esame con il quaderno degli appunti di un altro: io avevo il mio quaderno e i miei appunti. Vivere la vita senza Dio \u00e8 un po&#8217; cos\u00ec: vivi la tua vita con i tuoi ideali. Con i tuoi appunti sull&#8217;esistenza e sulla morale. Sbagli, volti pagina, sottolinei, sbagli ancora.<\/p>\n<p>Ecco, io voglio essere cos\u00ec e, se un giorno dovessi scoprire che era tutto sbagliato, sarei comunque felice, perch\u00e9 la mia vita sar\u00e0 stata vissuta in base ai miei pensieri, al mio cuore e alla mia mente. Il mio Corano, la mia Bibbia, il mio Mahabharata. Il mio libero arbitrio.<\/p>\n<p><strong>G\u00ebzim<\/strong><\/p>\n<p>Vuoi raccontare anche tu la tua Storia per \u00abIo senza Dio\u00bb? Spediscila a L&#8217;Eterno Assente, ma prima consulta il <a href=\"https:\/\/www.leternoassente.com\/?page_id=4429\" target=\"_blank\" rel=\"noopener noreferrer\">Regolamento<\/a><\/p>\n<p><a href=\"https:\/\/www.leternoassente.com\/?page_id=4502\" target=\"_blank\" rel=\"noopener noreferrer\">Tutte le Storie di \u00abIo senza Dio\u00bb<\/a><\/p>\n<hr>\n<p><em>Qui sotto trovi la possibilit\u00e0 di commentare quest&#8217;articolo. Per farlo, devi<br \/>\n1. confermare che sei ateo\/a,<br \/>\n2. essere consapevole che, se menti, stai commettendo il gravissimo peccato di apostasia,<br \/>\n3. aspettare che il commento sia approvato dall&#8217;admin.<br \/>\nL&#8217;approvazione dei commenti dipende dall&#8217;insindacabile e inappellabile giudizio dell&#8217;admin. Se vuoi saperne di pi\u00f9 a proposito dei commenti, puoi consultare le <a href=\"http:\/\/www.leternoassente.com\/?page_id=957#nocomment\" target=\"_blank\" rel=\"noopener noreferrer\">FAQ<\/a>.<br \/>\nInoltre puoi commentare gli articoli e i post nel <a href=\"https:\/\/www.facebook.com\/groups\/eternoassente\/\" target=\"_blank\" rel=\"noopener noreferrer\">Gruppo Facebook de L&#8217;Eterno Assente<\/a>, se ti iscrivi al Gruppo dopo aver risposto a una semplice domanda.<\/em><\/p>\n","protected":false},"excerpt":{"rendered":"<p>G\u00ebzim racconta la propria Storia per \u00abIo senza Dio\u00bb. Penso di essere sempre stato ateo. Dalla nascita. Sono cresciuto nell&#8217;Albania degli anni &#8217;90. Quella affamata e sognatrice. Quella cristiana, ortodossa e musulmana. Quella che allo stesso tempo, nella piazza della &hellip; <a href=\"https:\/\/www.leternoassente.com\/?page_id=5008\">Continua a leggere<span class=\"meta-nav\">&rarr;<\/span><\/a><\/p>\n","protected":false},"author":1,"featured_media":3299,"parent":4502,"menu_order":0,"comment_status":"open","ping_status":"closed","template":"","meta":{"footnotes":""},"class_list":["post-5008","page","type-page","status-publish","has-post-thumbnail","hentry"],"yoast_head":"<!-- This site is optimized with the Yoast SEO plugin v25.6 - https:\/\/yoast.com\/wordpress\/plugins\/seo\/ -->\n<title>Il mio libero arbitrio - L&#039;Eterno Assente<\/title>\n<meta name=\"description\" content=\"G\u00ebzim racconta la propria Storia per \u00abIo senza Dio\u00bb.\" \/>\n<meta name=\"robots\" content=\"index, follow, max-snippet:-1, max-image-preview:large, max-video-preview:-1\" \/>\n<link rel=\"canonical\" href=\"https:\/\/www.leternoassente.com\/?page_id=5008\" \/>\n<meta property=\"og:locale\" content=\"it_IT\" \/>\n<meta property=\"og:type\" content=\"article\" \/>\n<meta property=\"og:title\" content=\"Il mio libero arbitrio - L&#039;Eterno Assente\" \/>\n<meta property=\"og:description\" content=\"G\u00ebzim racconta la propria Storia per \u00abIo senza Dio\u00bb.\" \/>\n<meta property=\"og:url\" content=\"https:\/\/www.leternoassente.com\/?page_id=5008\" \/>\n<meta property=\"og:site_name\" content=\"L&#039;Eterno Assente\" \/>\n<meta property=\"article:modified_time\" content=\"2024-09-09T10:39:48+00:00\" \/>\n<meta property=\"og:image\" content=\"https:\/\/www.leternoassente.com\/wp-content\/uploads\/2020\/04\/iosenzadio4seo.jpg\" \/>\n\t<meta property=\"og:image:width\" content=\"1200\" \/>\n\t<meta property=\"og:image:height\" content=\"630\" \/>\n\t<meta property=\"og:image:type\" content=\"image\/jpeg\" \/>\n<meta name=\"twitter:card\" content=\"summary_large_image\" \/>\n<meta name=\"twitter:site\" content=\"@leternoassente\" \/>\n<meta name=\"twitter:label1\" content=\"Tempo di lettura stimato\" \/>\n\t<meta name=\"twitter:data1\" content=\"8 minuti\" \/>\n<script type=\"application\/ld+json\" class=\"yoast-schema-graph\">{\"@context\":\"https:\/\/schema.org\",\"@graph\":[{\"@type\":\"WebPage\",\"@id\":\"https:\/\/www.leternoassente.com\/?page_id=5008\",\"url\":\"https:\/\/www.leternoassente.com\/?page_id=5008\",\"name\":\"Il mio libero arbitrio - L&#039;Eterno Assente\",\"isPartOf\":{\"@id\":\"https:\/\/www.leternoassente.com\/#website\"},\"primaryImageOfPage\":{\"@id\":\"https:\/\/www.leternoassente.com\/?page_id=5008#primaryimage\"},\"image\":{\"@id\":\"https:\/\/www.leternoassente.com\/?page_id=5008#primaryimage\"},\"thumbnailUrl\":\"https:\/\/www.leternoassente.com\/wp-content\/uploads\/2020\/04\/iosenzadio4.jpg\",\"datePublished\":\"2022-03-01T05:58:11+00:00\",\"dateModified\":\"2024-09-09T10:39:48+00:00\",\"description\":\"G\u00ebzim racconta la propria Storia per \u00abIo senza Dio\u00bb.\",\"breadcrumb\":{\"@id\":\"https:\/\/www.leternoassente.com\/?page_id=5008#breadcrumb\"},\"inLanguage\":\"it-IT\",\"potentialAction\":[{\"@type\":\"ReadAction\",\"target\":[\"https:\/\/www.leternoassente.com\/?page_id=5008\"]}]},{\"@type\":\"ImageObject\",\"inLanguage\":\"it-IT\",\"@id\":\"https:\/\/www.leternoassente.com\/?page_id=5008#primaryimage\",\"url\":\"https:\/\/www.leternoassente.com\/wp-content\/uploads\/2020\/04\/iosenzadio4.jpg\",\"contentUrl\":\"https:\/\/www.leternoassente.com\/wp-content\/uploads\/2020\/04\/iosenzadio4.jpg\",\"width\":1500,\"height\":434},{\"@type\":\"BreadcrumbList\",\"@id\":\"https:\/\/www.leternoassente.com\/?page_id=5008#breadcrumb\",\"itemListElement\":[{\"@type\":\"ListItem\",\"position\":1,\"name\":\"Home\",\"item\":\"https:\/\/www.leternoassente.com\/\"},{\"@type\":\"ListItem\",\"position\":2,\"name\":\"\u00abIo senza Dio\u00bb \u2013 Storie\",\"item\":\"https:\/\/www.leternoassente.com\/?page_id=4502\"},{\"@type\":\"ListItem\",\"position\":3,\"name\":\"Il mio libero arbitrio\"}]},{\"@type\":\"WebSite\",\"@id\":\"https:\/\/www.leternoassente.com\/#website\",\"url\":\"https:\/\/www.leternoassente.com\/\",\"name\":\"L&#039;Eterno Assente\",\"description\":\"Dio, la vita, il senso e altre cazzate\",\"publisher\":{\"@id\":\"https:\/\/www.leternoassente.com\/#\/schema\/person\/d2069751871fcdb89a30a0775f4170f9\"},\"potentialAction\":[{\"@type\":\"SearchAction\",\"target\":{\"@type\":\"EntryPoint\",\"urlTemplate\":\"https:\/\/www.leternoassente.com\/?s={search_term_string}\"},\"query-input\":{\"@type\":\"PropertyValueSpecification\",\"valueRequired\":true,\"valueName\":\"search_term_string\"}}],\"inLanguage\":\"it-IT\"},{\"@type\":[\"Person\",\"Organization\"],\"@id\":\"https:\/\/www.leternoassente.com\/#\/schema\/person\/d2069751871fcdb89a30a0775f4170f9\",\"name\":\"Choam Goldberg\",\"image\":{\"@type\":\"ImageObject\",\"inLanguage\":\"it-IT\",\"@id\":\"https:\/\/www.leternoassente.com\/#\/schema\/person\/image\/\",\"url\":\"https:\/\/secure.gravatar.com\/avatar\/63d2c9f25f05d3da5001f2898f6fc9cd?s=96&d=wavatar&r=g\",\"contentUrl\":\"https:\/\/secure.gravatar.com\/avatar\/63d2c9f25f05d3da5001f2898f6fc9cd?s=96&d=wavatar&r=g\",\"caption\":\"Choam Goldberg\"},\"logo\":{\"@id\":\"https:\/\/www.leternoassente.com\/#\/schema\/person\/image\/\"},\"description\":\"Contemplata la vastit\u00e0 del cazzo che gliene frega e raggiunta l\u2019atarass\u00eca, Choam Goldberg pratica nondimeno l'antica, dilettevole e nobile arte di demolire le credenze dei\u00a0beoti e degli insipienti.\",\"sameAs\":[\"http:\/\/www.leternoassente.com\"]}]}<\/script>\n<!-- \/ Yoast SEO plugin. -->","yoast_head_json":{"title":"Il mio libero arbitrio - L&#039;Eterno Assente","description":"G\u00ebzim racconta la propria Storia per \u00abIo senza Dio\u00bb.","robots":{"index":"index","follow":"follow","max-snippet":"max-snippet:-1","max-image-preview":"max-image-preview:large","max-video-preview":"max-video-preview:-1"},"canonical":"https:\/\/www.leternoassente.com\/?page_id=5008","og_locale":"it_IT","og_type":"article","og_title":"Il mio libero arbitrio - L&#039;Eterno Assente","og_description":"G\u00ebzim racconta la propria Storia per \u00abIo senza Dio\u00bb.","og_url":"https:\/\/www.leternoassente.com\/?page_id=5008","og_site_name":"L&#039;Eterno Assente","article_modified_time":"2024-09-09T10:39:48+00:00","og_image":[{"width":1200,"height":630,"url":"https:\/\/www.leternoassente.com\/wp-content\/uploads\/2020\/04\/iosenzadio4seo.jpg","type":"image\/jpeg"}],"twitter_card":"summary_large_image","twitter_site":"@leternoassente","twitter_misc":{"Tempo di lettura stimato":"8 minuti"},"schema":{"@context":"https:\/\/schema.org","@graph":[{"@type":"WebPage","@id":"https:\/\/www.leternoassente.com\/?page_id=5008","url":"https:\/\/www.leternoassente.com\/?page_id=5008","name":"Il mio libero arbitrio - L&#039;Eterno Assente","isPartOf":{"@id":"https:\/\/www.leternoassente.com\/#website"},"primaryImageOfPage":{"@id":"https:\/\/www.leternoassente.com\/?page_id=5008#primaryimage"},"image":{"@id":"https:\/\/www.leternoassente.com\/?page_id=5008#primaryimage"},"thumbnailUrl":"https:\/\/www.leternoassente.com\/wp-content\/uploads\/2020\/04\/iosenzadio4.jpg","datePublished":"2022-03-01T05:58:11+00:00","dateModified":"2024-09-09T10:39:48+00:00","description":"G\u00ebzim racconta la propria Storia per \u00abIo senza Dio\u00bb.","breadcrumb":{"@id":"https:\/\/www.leternoassente.com\/?page_id=5008#breadcrumb"},"inLanguage":"it-IT","potentialAction":[{"@type":"ReadAction","target":["https:\/\/www.leternoassente.com\/?page_id=5008"]}]},{"@type":"ImageObject","inLanguage":"it-IT","@id":"https:\/\/www.leternoassente.com\/?page_id=5008#primaryimage","url":"https:\/\/www.leternoassente.com\/wp-content\/uploads\/2020\/04\/iosenzadio4.jpg","contentUrl":"https:\/\/www.leternoassente.com\/wp-content\/uploads\/2020\/04\/iosenzadio4.jpg","width":1500,"height":434},{"@type":"BreadcrumbList","@id":"https:\/\/www.leternoassente.com\/?page_id=5008#breadcrumb","itemListElement":[{"@type":"ListItem","position":1,"name":"Home","item":"https:\/\/www.leternoassente.com\/"},{"@type":"ListItem","position":2,"name":"\u00abIo senza Dio\u00bb \u2013 Storie","item":"https:\/\/www.leternoassente.com\/?page_id=4502"},{"@type":"ListItem","position":3,"name":"Il mio libero arbitrio"}]},{"@type":"WebSite","@id":"https:\/\/www.leternoassente.com\/#website","url":"https:\/\/www.leternoassente.com\/","name":"L&#039;Eterno Assente","description":"Dio, la vita, il senso e altre cazzate","publisher":{"@id":"https:\/\/www.leternoassente.com\/#\/schema\/person\/d2069751871fcdb89a30a0775f4170f9"},"potentialAction":[{"@type":"SearchAction","target":{"@type":"EntryPoint","urlTemplate":"https:\/\/www.leternoassente.com\/?s={search_term_string}"},"query-input":{"@type":"PropertyValueSpecification","valueRequired":true,"valueName":"search_term_string"}}],"inLanguage":"it-IT"},{"@type":["Person","Organization"],"@id":"https:\/\/www.leternoassente.com\/#\/schema\/person\/d2069751871fcdb89a30a0775f4170f9","name":"Choam Goldberg","image":{"@type":"ImageObject","inLanguage":"it-IT","@id":"https:\/\/www.leternoassente.com\/#\/schema\/person\/image\/","url":"https:\/\/secure.gravatar.com\/avatar\/63d2c9f25f05d3da5001f2898f6fc9cd?s=96&d=wavatar&r=g","contentUrl":"https:\/\/secure.gravatar.com\/avatar\/63d2c9f25f05d3da5001f2898f6fc9cd?s=96&d=wavatar&r=g","caption":"Choam Goldberg"},"logo":{"@id":"https:\/\/www.leternoassente.com\/#\/schema\/person\/image\/"},"description":"Contemplata la vastit\u00e0 del cazzo che gliene frega e raggiunta l\u2019atarass\u00eca, Choam Goldberg pratica nondimeno l'antica, dilettevole e nobile arte di demolire le credenze dei\u00a0beoti e degli insipienti.","sameAs":["http:\/\/www.leternoassente.com"]}]}},"_links":{"self":[{"href":"https:\/\/www.leternoassente.com\/index.php?rest_route=\/wp\/v2\/pages\/5008"}],"collection":[{"href":"https:\/\/www.leternoassente.com\/index.php?rest_route=\/wp\/v2\/pages"}],"about":[{"href":"https:\/\/www.leternoassente.com\/index.php?rest_route=\/wp\/v2\/types\/page"}],"author":[{"embeddable":true,"href":"https:\/\/www.leternoassente.com\/index.php?rest_route=\/wp\/v2\/users\/1"}],"replies":[{"embeddable":true,"href":"https:\/\/www.leternoassente.com\/index.php?rest_route=%2Fwp%2Fv2%2Fcomments&post=5008"}],"version-history":[{"count":1,"href":"https:\/\/www.leternoassente.com\/index.php?rest_route=\/wp\/v2\/pages\/5008\/revisions"}],"predecessor-version":[{"id":5009,"href":"https:\/\/www.leternoassente.com\/index.php?rest_route=\/wp\/v2\/pages\/5008\/revisions\/5009"}],"up":[{"embeddable":true,"href":"https:\/\/www.leternoassente.com\/index.php?rest_route=\/wp\/v2\/pages\/4502"}],"wp:featuredmedia":[{"embeddable":true,"href":"https:\/\/www.leternoassente.com\/index.php?rest_route=\/wp\/v2\/media\/3299"}],"wp:attachment":[{"href":"https:\/\/www.leternoassente.com\/index.php?rest_route=%2Fwp%2Fv2%2Fmedia&parent=5008"}],"curies":[{"name":"wp","href":"https:\/\/api.w.org\/{rel}","templated":true}]}}