{"id":5485,"date":"2022-12-06T07:40:28","date_gmt":"2022-12-06T06:40:28","guid":{"rendered":"https:\/\/www.leternoassente.com\/?page_id=5485"},"modified":"2025-03-03T15:25:07","modified_gmt":"2025-03-03T14:25:07","slug":"la-mamma","status":"publish","type":"page","link":"https:\/\/www.leternoassente.com\/?page_id=5485","title":{"rendered":"La mamma"},"content":{"rendered":"<p><strong>Nella lettera di Giancarlo la storia di un abuso. Una storia piccola, ma dolorosa e importante per due persone. Con una rivalsa finale. La lettera di Giancarlo.<\/strong><\/p>\n<hr \/>\n<p>Caro Choam,<\/p>\n<p>ho ascoltato il tuo <a href=\"https:\/\/www.youtube.com\/watch?v=MledH4IMv0Y\">video sulla mamma<\/a> e&#8230; devi sapere che la mia mamma, di 93 anni, ieri \u00e8 morta e oggi l&#8217;abbiamo seppellita.<\/p>\n<p>La sua morte \u00e8 stata l&#8217;esito di una recente malattia che l&#8217;ha portata in ospedale. Prima stava benone. A maggio ancora si spostava guidando la sua auto. Poi un primo ricovero, poi altri. Le varie patologie di cui soffriva l&#8217;hanno stroncata. Tra l&#8217;altro durante l&#8217;ultimo ricovero, nonostante le quattro dosi di vaccino, si \u00e8 beccata pure il covid da una compagna di stanza, superato per\u00f2 senza conseguenze, o almeno cos\u00ec sembra e cos\u00ec \u00e8 stato riportato dai medici.<\/p>\n<p>Ma non volevo dirti questo.<\/p>\n<p>Volevo dirti che lei, grande bestemmiatrice come tutti i toscani, durante le ultime settimane di ospedale in cui aveva perso la mobilit\u00e0 e anche la capacit\u00e0 di esprimersi con frasi comprensibili riceveva nella giornata in mia assenza la visita di qualche buontempone che le riempiva il mobiletto e la sua area medica del letto di \u00absantini\u00bb: s\u00ec, quelle immaginette con santi, Madonne e tutto il corollario di preghiere, invocazioni e cazzate varie con cui vanno armati preti, frati e bigotti vari.<\/p>\n<p>Io li ho rimossi durante le prime visite, poi ho smesso, tanto riapparivano comunque ed era una lotta impari. Io contro l&#8217;uomo invisibile: come potevo vincere? Mi sono arreso, anche se potevo continuare a rimuoverli, almeno per farlo spendere il pi\u00f9 possibile in gadget pubblicitari quando li rimetteva, ma non ci ho pensato. Peccato, e mi sono sdato (ho smesso).<\/p>\n<p>Per\u00f2 sono stato veramente sdegnato da questa protervia, da questa insistenza e da questa meschinit\u00e0. Apporre questi santini in mia assenza, senza esporsi, \u00e8 veramente pavido e ipocrita. Oppure \u2013 forse questa \u00e8 la spiegazione migliore \u2013 chi lo faceva era convinto di fare bene, di aiutare, di sostenere. Peccato che n\u00e9 la persona malata n\u00e9 i suoi parenti volessero o avessero richiesto quest&#8217;azione.<\/p>\n<p>Ma vabb\u00e8, poco male. Tanto lei non si \u00e8 resa conto di nulla. A meno che&#8230;<\/p>\n<p>&#8230;a meno che questo gran figlio di puttana non le abbia anche parlato, non le abbia detto che, data la sua situazione, dato che stava per morire, si dovesse pentire, confessare e quant&#8217;altro quelle menti bacate chiedono di fare ai loro adepti o ai loro circu\u00ecti in queste situazioni.<\/p>\n<p>Spero di no, spero che non sia successo, ma dallo sguardo impaurito della mamma negli ultimi giorni, in\u00a0 cui continuavo a dirle che appena si fosse rimessa si tornava a casa, penso proprio lo abbia fatto.<\/p>\n<p>Con quale diritto lo abbia fatto \u2013 mi chiedo \u2013, con quale cuore \u2013 mi domando \u2013, vorrei capire con quale amore abbia potuto torturare una persona in fin di vita per il suo scopo abietto e impossibile: un paradiso che son contento che non esiste, che non pu\u00f2 esistere e che non esister\u00e0 mai. Come del resto il loro Dio e tutto il corollario di credenze e superstizioni che ci hanno costruito attorno.<\/p>\n<p>Va bene, mi sono sfogato. Mi hanno fregato e la mamma \u2013 la mia mamma \u2013 immagino sia morta meno felice di come avrebbe potuto se al suo capezzale, in mia assenza, non si fossero presentati uno o pi\u00f9 di questi mostri incredibili.<\/p>\n<p>Chiss\u00e0 come questi riescono a entrare e a fare queste porcherie in un ospedale pubblico? Chiss\u00e0?<\/p>\n<p>Ma alla fine voglio raccontarti anche qualcosa di positivo. Ma solo alla fine.<\/p>\n<p>Oggi nella cappella dell&#8217;ospedale dedicata alla veglia funebre \u2013 cappella in cui la mamma era stata portata ieri \u2013 la mia mamma e anche io abbiamo dovuto subire un&#8217;ulteriore umiliazione per la presenza del crocefisso alla parete, nonostante che n\u00e9 sulla bara n\u00e9 altrove fossero apposti simboli di quella o di altre religioni che ne giustificassero la presenza sul muro.<\/p>\n<p>E pazienza. Tra l&#8217;altro il crocefisso era bello, nel senso che era una bella riproduzione del Cristo del Cimabue. Quindi pazienza, prendiamolo come un quadretto in salotto che abbellisce il caminetto.<\/p>\n<p>Oggi \u2013 dicevo \u2013 anzi stamattina presto, appena l&#8217;addetto ha riaperto le cappelle con i morti, \u00e8 venuto un prete, un pretino tutto gobbo e unto: il cappellano dell&#8217;ospedale. Si \u00e8 affacciato nella stanza blaterando qualcosa che non ho ben capito oltre all&#8217;essere il cappellano ospedaliero, ma che si riferiva al fare una funzione, una preghiera o cose similari nei confronti della salma. Io gli ho detto \u00abNo, grazie!\u00bb facendolo bloccare sull&#8217;uscio. Allora mi ha squadrato e mi ha chiesto se ero un parente e se poteva&#8230; Ancora una volta lui ha ricevuto il mio perentorio \u00abSono il figlio! No, grazie!\u00bb. Ha avuto un attimo di sbandamento e confuso se n&#8217;\u00e8 andato\u00a0 con la coda tra le gambe.<\/p>\n<p>Non avrei voluto rispondergli su chi fossi, perch\u00e9 non riconoscevo la sua autorit\u00e0 a chiedermelo, ma siccome si era presentato come prete ho voluto fargli sapere chi fossi e rimarcare il mio No deciso.<\/p>\n<p>Se n&#8217;\u00e8 andato \u2013 dicevo \u2013 con grande disappunto, e per questo che gioia mi ha dato, nonostante il lutto: una gioia immensa.<\/p>\n<p>Mi \u00e8 parsa una rivalsa epocale.<\/p>\n<p>Lui che \u00e8 scappato, come \u00e8 giusto che sia, e io e mia mamma che siamo rimasti l\u00ec, nonostante la morte e nonostante il crocefisso e nonostante il prete.<\/p>\n<p>I buoni hanno vinto, almeno stavolta.<\/p>\n<p>Grazie, Choam, avevo bisogno di dirlo.<\/p>\n<p>Spero mi perdonerai se non \u00e8 molto attinente con il video da cui sono partito, ma in questa storia\u00a0 la mamma c&#8217;\u00e8, anche se purtroppo ha cessato di esserci.<\/p>\n<p><strong>Giancarlo<\/strong><\/p>\n<hr \/>\n<p><em>Qui sotto trovi la possibilit\u00e0 di commentare questa lettera. Per farlo, devi<br \/>\n1. confermare che sei ateo\/a,<br \/>\n2. essere consapevole che, se menti, stai commettendo il gravissimo peccato di apostasia,<br \/>\n3. aspettare che il commento sia approvato dall&#8217;admin.<br \/>\nL&#8217;approvazione dei commenti dipende dall&#8217;insindacabile e inappellabile giudizio dell&#8217;admin. Se vuoi saperne di pi\u00f9 a proposito dei commenti, puoi consultare le <a href=\"http:\/\/www.leternoassente.com\/?page_id=957#nocomment\" target=\"_blank\" rel=\"noopener\">FAQ<\/a>.<br \/>\nInoltre puoi commentare gli articoli e i post nel <a href=\"https:\/\/www.facebook.com\/groups\/eternoassente\/\" target=\"_blank\" rel=\"noopener\">Gruppo Facebook de L&#8217;Eterno Assente<\/a>, se ti iscrivi al Gruppo dopo aver risposto a una semplice domanda.<\/em><\/p>\n","protected":false},"excerpt":{"rendered":"<p>Nella lettera di Giancarlo la storia di un abuso. Una storia piccola, ma dolorosa e importante per due persone. Con una rivalsa finale. La lettera di Giancarlo. Caro Choam, ho ascoltato il tuo video sulla mamma e&#8230; devi sapere che &hellip; <a href=\"https:\/\/www.leternoassente.com\/?page_id=5485\">Continua a leggere<span class=\"meta-nav\">&rarr;<\/span><\/a><\/p>\n","protected":false},"author":1,"featured_media":5486,"parent":5487,"menu_order":0,"comment_status":"open","ping_status":"closed","template":"","meta":{"footnotes":""},"class_list":["post-5485","page","type-page","status-publish","has-post-thumbnail","hentry"],"yoast_head":"<!-- This site is optimized with the Yoast SEO plugin v25.6 - https:\/\/yoast.com\/wordpress\/plugins\/seo\/ -->\n<title>La mamma - L&#039;Eterno Assente<\/title>\n<meta name=\"description\" content=\"La storia di un abuso. Una storia piccola, ma dolorosa e importante per due persone. Con una rivalsa finale. La lettera di Giancarlo.\" \/>\n<meta name=\"robots\" content=\"index, follow, max-snippet:-1, max-image-preview:large, max-video-preview:-1\" \/>\n<link rel=\"canonical\" href=\"https:\/\/www.leternoassente.com\/?page_id=5485\" \/>\n<meta property=\"og:locale\" content=\"it_IT\" \/>\n<meta property=\"og:type\" content=\"article\" \/>\n<meta property=\"og:title\" content=\"La mamma - L&#039;Eterno Assente\" \/>\n<meta property=\"og:description\" content=\"La storia di un abuso. Una storia piccola, ma dolorosa e importante per due persone. Con una rivalsa finale. La lettera di Giancarlo.\" \/>\n<meta property=\"og:url\" content=\"https:\/\/www.leternoassente.com\/?page_id=5485\" \/>\n<meta property=\"og:site_name\" content=\"L&#039;Eterno Assente\" \/>\n<meta property=\"article:modified_time\" content=\"2025-03-03T14:25:07+00:00\" \/>\n<meta property=\"og:image\" content=\"https:\/\/www.leternoassente.com\/wp-content\/uploads\/2022\/12\/writing.jpg\" \/>\n\t<meta property=\"og:image:width\" content=\"1500\" \/>\n\t<meta property=\"og:image:height\" content=\"442\" \/>\n\t<meta property=\"og:image:type\" content=\"image\/jpeg\" \/>\n<meta name=\"twitter:card\" content=\"summary_large_image\" \/>\n<meta name=\"twitter:site\" content=\"@leternoassente\" \/>\n<meta name=\"twitter:label1\" content=\"Tempo di lettura stimato\" \/>\n\t<meta name=\"twitter:data1\" content=\"6 minuti\" \/>\n<script type=\"application\/ld+json\" class=\"yoast-schema-graph\">{\"@context\":\"https:\/\/schema.org\",\"@graph\":[{\"@type\":\"WebPage\",\"@id\":\"https:\/\/www.leternoassente.com\/?page_id=5485\",\"url\":\"https:\/\/www.leternoassente.com\/?page_id=5485\",\"name\":\"La mamma - L&#039;Eterno Assente\",\"isPartOf\":{\"@id\":\"https:\/\/www.leternoassente.com\/#website\"},\"primaryImageOfPage\":{\"@id\":\"https:\/\/www.leternoassente.com\/?page_id=5485#primaryimage\"},\"image\":{\"@id\":\"https:\/\/www.leternoassente.com\/?page_id=5485#primaryimage\"},\"thumbnailUrl\":\"https:\/\/www.leternoassente.com\/wp-content\/uploads\/2022\/12\/writing.jpg\",\"datePublished\":\"2022-12-06T06:40:28+00:00\",\"dateModified\":\"2025-03-03T14:25:07+00:00\",\"description\":\"La storia di un abuso. Una storia piccola, ma dolorosa e importante per due persone. Con una rivalsa finale. La lettera di Giancarlo.\",\"breadcrumb\":{\"@id\":\"https:\/\/www.leternoassente.com\/?page_id=5485#breadcrumb\"},\"inLanguage\":\"it-IT\",\"potentialAction\":[{\"@type\":\"ReadAction\",\"target\":[\"https:\/\/www.leternoassente.com\/?page_id=5485\"]}]},{\"@type\":\"ImageObject\",\"inLanguage\":\"it-IT\",\"@id\":\"https:\/\/www.leternoassente.com\/?page_id=5485#primaryimage\",\"url\":\"https:\/\/www.leternoassente.com\/wp-content\/uploads\/2022\/12\/writing.jpg\",\"contentUrl\":\"https:\/\/www.leternoassente.com\/wp-content\/uploads\/2022\/12\/writing.jpg\",\"width\":1500,\"height\":442},{\"@type\":\"BreadcrumbList\",\"@id\":\"https:\/\/www.leternoassente.com\/?page_id=5485#breadcrumb\",\"itemListElement\":[{\"@type\":\"ListItem\",\"position\":1,\"name\":\"Home\",\"item\":\"https:\/\/www.leternoassente.com\/\"},{\"@type\":\"ListItem\",\"position\":2,\"name\":\"Lettere\",\"item\":\"https:\/\/www.leternoassente.com\/?page_id=5487\"},{\"@type\":\"ListItem\",\"position\":3,\"name\":\"La mamma\"}]},{\"@type\":\"WebSite\",\"@id\":\"https:\/\/www.leternoassente.com\/#website\",\"url\":\"https:\/\/www.leternoassente.com\/\",\"name\":\"L&#039;Eterno Assente\",\"description\":\"Dio, la vita, il senso e altre cazzate\",\"publisher\":{\"@id\":\"https:\/\/www.leternoassente.com\/#\/schema\/person\/d2069751871fcdb89a30a0775f4170f9\"},\"potentialAction\":[{\"@type\":\"SearchAction\",\"target\":{\"@type\":\"EntryPoint\",\"urlTemplate\":\"https:\/\/www.leternoassente.com\/?s={search_term_string}\"},\"query-input\":{\"@type\":\"PropertyValueSpecification\",\"valueRequired\":true,\"valueName\":\"search_term_string\"}}],\"inLanguage\":\"it-IT\"},{\"@type\":[\"Person\",\"Organization\"],\"@id\":\"https:\/\/www.leternoassente.com\/#\/schema\/person\/d2069751871fcdb89a30a0775f4170f9\",\"name\":\"Choam Goldberg\",\"image\":{\"@type\":\"ImageObject\",\"inLanguage\":\"it-IT\",\"@id\":\"https:\/\/www.leternoassente.com\/#\/schema\/person\/image\/\",\"url\":\"https:\/\/secure.gravatar.com\/avatar\/63d2c9f25f05d3da5001f2898f6fc9cd?s=96&d=wavatar&r=g\",\"contentUrl\":\"https:\/\/secure.gravatar.com\/avatar\/63d2c9f25f05d3da5001f2898f6fc9cd?s=96&d=wavatar&r=g\",\"caption\":\"Choam Goldberg\"},\"logo\":{\"@id\":\"https:\/\/www.leternoassente.com\/#\/schema\/person\/image\/\"},\"description\":\"Contemplata la vastit\u00e0 del cazzo che gliene frega e raggiunta l\u2019atarass\u00eca, Choam Goldberg pratica nondimeno l'antica, dilettevole e nobile arte di demolire le credenze dei\u00a0beoti e degli insipienti.\",\"sameAs\":[\"http:\/\/www.leternoassente.com\"]}]}<\/script>\n<!-- \/ Yoast SEO plugin. -->","yoast_head_json":{"title":"La mamma - L&#039;Eterno Assente","description":"La storia di un abuso. Una storia piccola, ma dolorosa e importante per due persone. Con una rivalsa finale. La lettera di Giancarlo.","robots":{"index":"index","follow":"follow","max-snippet":"max-snippet:-1","max-image-preview":"max-image-preview:large","max-video-preview":"max-video-preview:-1"},"canonical":"https:\/\/www.leternoassente.com\/?page_id=5485","og_locale":"it_IT","og_type":"article","og_title":"La mamma - L&#039;Eterno Assente","og_description":"La storia di un abuso. Una storia piccola, ma dolorosa e importante per due persone. Con una rivalsa finale. La lettera di Giancarlo.","og_url":"https:\/\/www.leternoassente.com\/?page_id=5485","og_site_name":"L&#039;Eterno Assente","article_modified_time":"2025-03-03T14:25:07+00:00","og_image":[{"width":1500,"height":442,"url":"https:\/\/www.leternoassente.com\/wp-content\/uploads\/2022\/12\/writing.jpg","type":"image\/jpeg"}],"twitter_card":"summary_large_image","twitter_site":"@leternoassente","twitter_misc":{"Tempo di lettura stimato":"6 minuti"},"schema":{"@context":"https:\/\/schema.org","@graph":[{"@type":"WebPage","@id":"https:\/\/www.leternoassente.com\/?page_id=5485","url":"https:\/\/www.leternoassente.com\/?page_id=5485","name":"La mamma - L&#039;Eterno Assente","isPartOf":{"@id":"https:\/\/www.leternoassente.com\/#website"},"primaryImageOfPage":{"@id":"https:\/\/www.leternoassente.com\/?page_id=5485#primaryimage"},"image":{"@id":"https:\/\/www.leternoassente.com\/?page_id=5485#primaryimage"},"thumbnailUrl":"https:\/\/www.leternoassente.com\/wp-content\/uploads\/2022\/12\/writing.jpg","datePublished":"2022-12-06T06:40:28+00:00","dateModified":"2025-03-03T14:25:07+00:00","description":"La storia di un abuso. Una storia piccola, ma dolorosa e importante per due persone. Con una rivalsa finale. La lettera di Giancarlo.","breadcrumb":{"@id":"https:\/\/www.leternoassente.com\/?page_id=5485#breadcrumb"},"inLanguage":"it-IT","potentialAction":[{"@type":"ReadAction","target":["https:\/\/www.leternoassente.com\/?page_id=5485"]}]},{"@type":"ImageObject","inLanguage":"it-IT","@id":"https:\/\/www.leternoassente.com\/?page_id=5485#primaryimage","url":"https:\/\/www.leternoassente.com\/wp-content\/uploads\/2022\/12\/writing.jpg","contentUrl":"https:\/\/www.leternoassente.com\/wp-content\/uploads\/2022\/12\/writing.jpg","width":1500,"height":442},{"@type":"BreadcrumbList","@id":"https:\/\/www.leternoassente.com\/?page_id=5485#breadcrumb","itemListElement":[{"@type":"ListItem","position":1,"name":"Home","item":"https:\/\/www.leternoassente.com\/"},{"@type":"ListItem","position":2,"name":"Lettere","item":"https:\/\/www.leternoassente.com\/?page_id=5487"},{"@type":"ListItem","position":3,"name":"La mamma"}]},{"@type":"WebSite","@id":"https:\/\/www.leternoassente.com\/#website","url":"https:\/\/www.leternoassente.com\/","name":"L&#039;Eterno Assente","description":"Dio, la vita, il senso e altre cazzate","publisher":{"@id":"https:\/\/www.leternoassente.com\/#\/schema\/person\/d2069751871fcdb89a30a0775f4170f9"},"potentialAction":[{"@type":"SearchAction","target":{"@type":"EntryPoint","urlTemplate":"https:\/\/www.leternoassente.com\/?s={search_term_string}"},"query-input":{"@type":"PropertyValueSpecification","valueRequired":true,"valueName":"search_term_string"}}],"inLanguage":"it-IT"},{"@type":["Person","Organization"],"@id":"https:\/\/www.leternoassente.com\/#\/schema\/person\/d2069751871fcdb89a30a0775f4170f9","name":"Choam Goldberg","image":{"@type":"ImageObject","inLanguage":"it-IT","@id":"https:\/\/www.leternoassente.com\/#\/schema\/person\/image\/","url":"https:\/\/secure.gravatar.com\/avatar\/63d2c9f25f05d3da5001f2898f6fc9cd?s=96&d=wavatar&r=g","contentUrl":"https:\/\/secure.gravatar.com\/avatar\/63d2c9f25f05d3da5001f2898f6fc9cd?s=96&d=wavatar&r=g","caption":"Choam Goldberg"},"logo":{"@id":"https:\/\/www.leternoassente.com\/#\/schema\/person\/image\/"},"description":"Contemplata la vastit\u00e0 del cazzo che gliene frega e raggiunta l\u2019atarass\u00eca, Choam Goldberg pratica nondimeno l'antica, dilettevole e nobile arte di demolire le credenze dei\u00a0beoti e degli insipienti.","sameAs":["http:\/\/www.leternoassente.com"]}]}},"_links":{"self":[{"href":"https:\/\/www.leternoassente.com\/index.php?rest_route=\/wp\/v2\/pages\/5485"}],"collection":[{"href":"https:\/\/www.leternoassente.com\/index.php?rest_route=\/wp\/v2\/pages"}],"about":[{"href":"https:\/\/www.leternoassente.com\/index.php?rest_route=\/wp\/v2\/types\/page"}],"author":[{"embeddable":true,"href":"https:\/\/www.leternoassente.com\/index.php?rest_route=\/wp\/v2\/users\/1"}],"replies":[{"embeddable":true,"href":"https:\/\/www.leternoassente.com\/index.php?rest_route=%2Fwp%2Fv2%2Fcomments&post=5485"}],"version-history":[{"count":5,"href":"https:\/\/www.leternoassente.com\/index.php?rest_route=\/wp\/v2\/pages\/5485\/revisions"}],"predecessor-version":[{"id":6990,"href":"https:\/\/www.leternoassente.com\/index.php?rest_route=\/wp\/v2\/pages\/5485\/revisions\/6990"}],"up":[{"embeddable":true,"href":"https:\/\/www.leternoassente.com\/index.php?rest_route=\/wp\/v2\/pages\/5487"}],"wp:featuredmedia":[{"embeddable":true,"href":"https:\/\/www.leternoassente.com\/index.php?rest_route=\/wp\/v2\/media\/5486"}],"wp:attachment":[{"href":"https:\/\/www.leternoassente.com\/index.php?rest_route=%2Fwp%2Fv2%2Fmedia&parent=5485"}],"curies":[{"name":"wp","href":"https:\/\/api.w.org\/{rel}","templated":true}]}}