{"id":5500,"date":"2022-12-20T05:14:13","date_gmt":"2022-12-20T04:14:13","guid":{"rendered":"https:\/\/www.leternoassente.com\/?page_id=5500"},"modified":"2022-12-20T05:14:18","modified_gmt":"2022-12-20T04:14:18","slug":"ateo-e-felice","status":"publish","type":"page","link":"https:\/\/www.leternoassente.com\/?page_id=5500","title":{"rendered":"Ateo e felice"},"content":{"rendered":"<p><strong>Giancarlo racconta la propria Storia per \u00abIo senza Dio\u00bb.<\/strong><\/p>\n<hr>\n<p>Io sono felice!<br \/>\nIo sono ateo e felice!<br \/>\nIo sono cosciente di me, e questo mi rende molto felice.<\/p>\n<p>So che dopo la morte non ci sar\u00f2 pi\u00f9 e in questo non vedo un problema.<br \/>\nQuando sar\u00f2 morto sai che mi frega di tutte &#8216;ste cazzate che ci riempiono la vita?<br \/>\nQuindi sono felice perch\u00e9 mi gratifica l&#8217;essere conscio della mia esistenza.<br \/>\nNon mi sono mai chiesto se io abbia uno scopo nella mia vita. Non so nemmeno se e a che serva averlo. So che dopo sar\u00f2 niente e potr\u00f2 sopravvivere solo nei miei figli e nei ricordi di coloro che mi avevano conosciuto, magari nelle mie opere \u2013 dipingo \u2013, ma il me cosciente svanir\u00e0 senza ritorno o continuazione.<br \/>\nIl mio scopo potrebbe e dovrebbe essere \u00abvivere\u00bb.<br \/>\nNon ho paura del dopo la morte, caso mai del \u00abdurante\u00bb. Di soffrire o di capire che sto morendo: non penso si possa morire senza dolore e\/o senza consapevolezza. Ma del \u00abdopo\u00bb&#8230; che dopo vuoi che ci sia, se dopo non potr\u00f2 averne coscienza?<br \/>\nComunque ritengo che che i bigotti e tutti i credenti in generale non abbiano loro un senso nella e della loro vita e neppure che se lo siano dato, preferendo non vivere prima di morire, aspettandosi poi una continuazione della vita e una ricompensa per come hanno vissuto quella appena passata. Magari vissuta facendo un sacco di danni e di male, generando e distribuendo un sacco di dolore: dittatori, guerrafondai, schiavisti e tutta la peggior feccia esistente ed esistita non \u00e8 e non \u00e8 sempre stata bigotta e credente? Con la scusa della fede non si sono sempre perpetrati i pi\u00f9 nefasti crimini contro l&#8217;umanit\u00e0?<br \/>\nAl credente sottomesso viene fatto credere che deve comportarsi bene seguendo i dettami religiosi scritti da qualcuno che vuole controllarlo e sottometterlo. Qualcuno che si serve di quegli stessi dettami che lui non segue, se non solo in apparenza, in cui certamente non crede e che usa per sottomettere gli altri.<br \/>\nIl giochino del dominatore e del dominato va avanti anche da prima delle religioni abramitiche, solo che la religione \u00e8 un potente strumento di controllo personale e sociale, un grande strumento nelle mani dei controllori.<\/p>\n<p>Quindi Dio non esiste.<br \/>\nNon c&#8217;\u00e8 bisogno di verifica, non c&#8217;\u00e8 bisogno di Dio: non essendoci necessit\u00e0 di Dio, Dio non esiste sicuramente.<br \/>\nParadiso e inferno non esistono.<br \/>\nAnche di loro non c&#8217;\u00e8 bisogno. Post mortem c&#8217;\u00e8 e ci sar\u00e0 solo il disfacimento, solo l&#8217;entropia dell&#8217;universo che conquista valori maggiori. Neppure con le sofisticate tecniche imbalsamatorie inventate nel passato n\u00e9 con quelle criogeniche pi\u00f9 recenti potremo riconquistare il nostro corpo, perch\u00e9 con la morte viene a mancare il nostro pensiero, che mai si potr\u00e0 ricomporre. Un corpo senza pensiero \u00e8 solo una mummia, un cadavere o un sacco di vermi, secondo il tempo passato dalla morte. Quale paradiso o inferno potr\u00e0 mai esserci se non avremo modo di rendercene conto?<br \/>\nQuesto non mi rattrista: perch\u00e9 dovrebbe?<br \/>\nAnzi sono felice che in questo momento io sia cosciente di me.<br \/>\nSo di esistere e so che l&#8217;esistenza \u00e8 cos\u00ec preziosa e fugace da sentirmene beatificato.<br \/>\nLa coscienza di s\u00e9, della propria esistenza, \u00e8 la vera beatitudine. Altro che la contemplazione postuma di qualcosa che non c&#8217;\u00e8 n\u00e9 ci sar\u00e0 mai.<br \/>\nSe i credenti passassero un po&#8217; pi\u00f9 di tempo a coltivare la loro vita, invece di aspettare a godersela ipoteticamente dopo la morte, starebbero meglio.<br \/>\nIn pace con s\u00e9 stessi e con gli altri. Sicuramente sarebbero felici. Soddisfatti della loro esistenza, come lo sono io.<br \/>\nSe poi non passassero parte di quella loro misera esistenza a cercare di dimostrare l&#8217;esistenza del loro Dio, sarei ancora pi\u00f9 felice.<\/p>\n<p><strong>Giancarlo<\/strong><\/p>\n<p>Vuoi raccontare anche tu la tua Storia per \u00abIo senza Dio\u00bb? Spediscila a L&#8217;Eterno Assente, ma prima consulta il <a href=\"https:\/\/www.leternoassente.com\/?page_id=4429\" target=\"_blank\" rel=\"noopener noreferrer\">Regolamento<\/a><\/p>\n<p><a href=\"https:\/\/www.leternoassente.com\/?page_id=4502\" target=\"_blank\" rel=\"noopener noreferrer\">Tutte le Storie di \u00abIo senza Dio\u00bb<\/a><\/p>\n<hr>\n<p><em>Qui sotto trovi la possibilit\u00e0 di commentare quest&#8217;articolo. Per farlo, devi<br \/>\n1. confermare che sei ateo\/a,<br \/>\n2. essere consapevole che, se menti, stai commettendo il gravissimo peccato di apostasia,<br \/>\n3. aspettare che il commento sia approvato dall&#8217;admin.<br \/>\nL&#8217;approvazione dei commenti dipende dall&#8217;insindacabile e inappellabile giudizio dell&#8217;admin. Se vuoi saperne di pi\u00f9 a proposito dei commenti, puoi consultare le <a href=\"http:\/\/www.leternoassente.com\/?page_id=957#nocomment\" target=\"_blank\" rel=\"noopener noreferrer\">FAQ<\/a>.<br \/>\nInoltre puoi commentare gli articoli e i post nel <a href=\"https:\/\/www.facebook.com\/groups\/eternoassente\/\" target=\"_blank\" rel=\"noopener noreferrer\">Gruppo Facebook de L&#8217;Eterno Assente<\/a>, se ti iscrivi al Gruppo dopo aver risposto a una semplice domanda.<\/em><\/p>\n","protected":false},"excerpt":{"rendered":"<p>Giancarlo racconta la propria Storia per \u00abIo senza Dio\u00bb. Io sono felice! Io sono ateo e felice! Io sono cosciente di me, e questo mi rende molto felice. So che dopo la morte non ci sar\u00f2 pi\u00f9 e in questo &hellip; <a href=\"https:\/\/www.leternoassente.com\/?page_id=5500\">Continua a leggere<span class=\"meta-nav\">&rarr;<\/span><\/a><\/p>\n","protected":false},"author":1,"featured_media":3299,"parent":4502,"menu_order":0,"comment_status":"open","ping_status":"closed","template":"","meta":{"footnotes":""},"class_list":["post-5500","page","type-page","status-publish","has-post-thumbnail","hentry"],"yoast_head":"<!-- This site is optimized with the Yoast SEO plugin v25.6 - https:\/\/yoast.com\/wordpress\/plugins\/seo\/ -->\n<title>Ateo e felice - L&#039;Eterno Assente<\/title>\n<meta name=\"description\" content=\"Giancarlo racconta la propria Storia per \u00abIo senza Dio\u00bb.\" \/>\n<meta name=\"robots\" content=\"index, follow, max-snippet:-1, max-image-preview:large, max-video-preview:-1\" \/>\n<link rel=\"canonical\" href=\"https:\/\/www.leternoassente.com\/?page_id=5500\" \/>\n<meta property=\"og:locale\" content=\"it_IT\" \/>\n<meta property=\"og:type\" content=\"article\" \/>\n<meta property=\"og:title\" content=\"Ateo e felice - L&#039;Eterno Assente\" \/>\n<meta property=\"og:description\" content=\"Giancarlo racconta la propria Storia per \u00abIo senza Dio\u00bb.\" \/>\n<meta property=\"og:url\" content=\"https:\/\/www.leternoassente.com\/?page_id=5500\" \/>\n<meta property=\"og:site_name\" content=\"L&#039;Eterno Assente\" \/>\n<meta property=\"article:modified_time\" content=\"2022-12-20T04:14:18+00:00\" \/>\n<meta property=\"og:image\" content=\"https:\/\/www.leternoassente.com\/wp-content\/uploads\/2020\/04\/iosenzadio4seo.jpg\" \/>\n\t<meta property=\"og:image:width\" content=\"1200\" \/>\n\t<meta property=\"og:image:height\" content=\"630\" \/>\n\t<meta property=\"og:image:type\" content=\"image\/jpeg\" \/>\n<meta name=\"twitter:card\" content=\"summary_large_image\" \/>\n<meta name=\"twitter:site\" content=\"@leternoassente\" \/>\n<meta name=\"twitter:label1\" content=\"Tempo di lettura stimato\" \/>\n\t<meta name=\"twitter:data1\" content=\"4 minuti\" \/>\n<script type=\"application\/ld+json\" class=\"yoast-schema-graph\">{\"@context\":\"https:\/\/schema.org\",\"@graph\":[{\"@type\":\"WebPage\",\"@id\":\"https:\/\/www.leternoassente.com\/?page_id=5500\",\"url\":\"https:\/\/www.leternoassente.com\/?page_id=5500\",\"name\":\"Ateo e felice - L&#039;Eterno Assente\",\"isPartOf\":{\"@id\":\"https:\/\/www.leternoassente.com\/#website\"},\"primaryImageOfPage\":{\"@id\":\"https:\/\/www.leternoassente.com\/?page_id=5500#primaryimage\"},\"image\":{\"@id\":\"https:\/\/www.leternoassente.com\/?page_id=5500#primaryimage\"},\"thumbnailUrl\":\"https:\/\/www.leternoassente.com\/wp-content\/uploads\/2020\/04\/iosenzadio4.jpg\",\"datePublished\":\"2022-12-20T04:14:13+00:00\",\"dateModified\":\"2022-12-20T04:14:18+00:00\",\"description\":\"Giancarlo racconta la propria Storia per \u00abIo senza Dio\u00bb.\",\"breadcrumb\":{\"@id\":\"https:\/\/www.leternoassente.com\/?page_id=5500#breadcrumb\"},\"inLanguage\":\"it-IT\",\"potentialAction\":[{\"@type\":\"ReadAction\",\"target\":[\"https:\/\/www.leternoassente.com\/?page_id=5500\"]}]},{\"@type\":\"ImageObject\",\"inLanguage\":\"it-IT\",\"@id\":\"https:\/\/www.leternoassente.com\/?page_id=5500#primaryimage\",\"url\":\"https:\/\/www.leternoassente.com\/wp-content\/uploads\/2020\/04\/iosenzadio4.jpg\",\"contentUrl\":\"https:\/\/www.leternoassente.com\/wp-content\/uploads\/2020\/04\/iosenzadio4.jpg\",\"width\":1500,\"height\":434},{\"@type\":\"BreadcrumbList\",\"@id\":\"https:\/\/www.leternoassente.com\/?page_id=5500#breadcrumb\",\"itemListElement\":[{\"@type\":\"ListItem\",\"position\":1,\"name\":\"Home\",\"item\":\"https:\/\/www.leternoassente.com\/\"},{\"@type\":\"ListItem\",\"position\":2,\"name\":\"\u00abIo senza Dio\u00bb \u2013 Storie\",\"item\":\"https:\/\/www.leternoassente.com\/?page_id=4502\"},{\"@type\":\"ListItem\",\"position\":3,\"name\":\"Ateo e felice\"}]},{\"@type\":\"WebSite\",\"@id\":\"https:\/\/www.leternoassente.com\/#website\",\"url\":\"https:\/\/www.leternoassente.com\/\",\"name\":\"L&#039;Eterno Assente\",\"description\":\"Dio, la vita, il senso e altre cazzate\",\"publisher\":{\"@id\":\"https:\/\/www.leternoassente.com\/#\/schema\/person\/d2069751871fcdb89a30a0775f4170f9\"},\"potentialAction\":[{\"@type\":\"SearchAction\",\"target\":{\"@type\":\"EntryPoint\",\"urlTemplate\":\"https:\/\/www.leternoassente.com\/?s={search_term_string}\"},\"query-input\":{\"@type\":\"PropertyValueSpecification\",\"valueRequired\":true,\"valueName\":\"search_term_string\"}}],\"inLanguage\":\"it-IT\"},{\"@type\":[\"Person\",\"Organization\"],\"@id\":\"https:\/\/www.leternoassente.com\/#\/schema\/person\/d2069751871fcdb89a30a0775f4170f9\",\"name\":\"Choam Goldberg\",\"image\":{\"@type\":\"ImageObject\",\"inLanguage\":\"it-IT\",\"@id\":\"https:\/\/www.leternoassente.com\/#\/schema\/person\/image\/\",\"url\":\"https:\/\/secure.gravatar.com\/avatar\/63d2c9f25f05d3da5001f2898f6fc9cd?s=96&d=wavatar&r=g\",\"contentUrl\":\"https:\/\/secure.gravatar.com\/avatar\/63d2c9f25f05d3da5001f2898f6fc9cd?s=96&d=wavatar&r=g\",\"caption\":\"Choam Goldberg\"},\"logo\":{\"@id\":\"https:\/\/www.leternoassente.com\/#\/schema\/person\/image\/\"},\"description\":\"Contemplata la vastit\u00e0 del cazzo che gliene frega e raggiunta l\u2019atarass\u00eca, Choam Goldberg pratica nondimeno l'antica, dilettevole e nobile arte di demolire le credenze dei\u00a0beoti e degli insipienti.\",\"sameAs\":[\"http:\/\/www.leternoassente.com\"]}]}<\/script>\n<!-- \/ Yoast SEO plugin. -->","yoast_head_json":{"title":"Ateo e felice - L&#039;Eterno Assente","description":"Giancarlo racconta la propria Storia per \u00abIo senza Dio\u00bb.","robots":{"index":"index","follow":"follow","max-snippet":"max-snippet:-1","max-image-preview":"max-image-preview:large","max-video-preview":"max-video-preview:-1"},"canonical":"https:\/\/www.leternoassente.com\/?page_id=5500","og_locale":"it_IT","og_type":"article","og_title":"Ateo e felice - L&#039;Eterno Assente","og_description":"Giancarlo racconta la propria Storia per \u00abIo senza Dio\u00bb.","og_url":"https:\/\/www.leternoassente.com\/?page_id=5500","og_site_name":"L&#039;Eterno Assente","article_modified_time":"2022-12-20T04:14:18+00:00","og_image":[{"width":1200,"height":630,"url":"https:\/\/www.leternoassente.com\/wp-content\/uploads\/2020\/04\/iosenzadio4seo.jpg","type":"image\/jpeg"}],"twitter_card":"summary_large_image","twitter_site":"@leternoassente","twitter_misc":{"Tempo di lettura stimato":"4 minuti"},"schema":{"@context":"https:\/\/schema.org","@graph":[{"@type":"WebPage","@id":"https:\/\/www.leternoassente.com\/?page_id=5500","url":"https:\/\/www.leternoassente.com\/?page_id=5500","name":"Ateo e felice - L&#039;Eterno Assente","isPartOf":{"@id":"https:\/\/www.leternoassente.com\/#website"},"primaryImageOfPage":{"@id":"https:\/\/www.leternoassente.com\/?page_id=5500#primaryimage"},"image":{"@id":"https:\/\/www.leternoassente.com\/?page_id=5500#primaryimage"},"thumbnailUrl":"https:\/\/www.leternoassente.com\/wp-content\/uploads\/2020\/04\/iosenzadio4.jpg","datePublished":"2022-12-20T04:14:13+00:00","dateModified":"2022-12-20T04:14:18+00:00","description":"Giancarlo racconta la propria Storia per \u00abIo senza Dio\u00bb.","breadcrumb":{"@id":"https:\/\/www.leternoassente.com\/?page_id=5500#breadcrumb"},"inLanguage":"it-IT","potentialAction":[{"@type":"ReadAction","target":["https:\/\/www.leternoassente.com\/?page_id=5500"]}]},{"@type":"ImageObject","inLanguage":"it-IT","@id":"https:\/\/www.leternoassente.com\/?page_id=5500#primaryimage","url":"https:\/\/www.leternoassente.com\/wp-content\/uploads\/2020\/04\/iosenzadio4.jpg","contentUrl":"https:\/\/www.leternoassente.com\/wp-content\/uploads\/2020\/04\/iosenzadio4.jpg","width":1500,"height":434},{"@type":"BreadcrumbList","@id":"https:\/\/www.leternoassente.com\/?page_id=5500#breadcrumb","itemListElement":[{"@type":"ListItem","position":1,"name":"Home","item":"https:\/\/www.leternoassente.com\/"},{"@type":"ListItem","position":2,"name":"\u00abIo senza Dio\u00bb \u2013 Storie","item":"https:\/\/www.leternoassente.com\/?page_id=4502"},{"@type":"ListItem","position":3,"name":"Ateo e felice"}]},{"@type":"WebSite","@id":"https:\/\/www.leternoassente.com\/#website","url":"https:\/\/www.leternoassente.com\/","name":"L&#039;Eterno Assente","description":"Dio, la vita, il senso e altre cazzate","publisher":{"@id":"https:\/\/www.leternoassente.com\/#\/schema\/person\/d2069751871fcdb89a30a0775f4170f9"},"potentialAction":[{"@type":"SearchAction","target":{"@type":"EntryPoint","urlTemplate":"https:\/\/www.leternoassente.com\/?s={search_term_string}"},"query-input":{"@type":"PropertyValueSpecification","valueRequired":true,"valueName":"search_term_string"}}],"inLanguage":"it-IT"},{"@type":["Person","Organization"],"@id":"https:\/\/www.leternoassente.com\/#\/schema\/person\/d2069751871fcdb89a30a0775f4170f9","name":"Choam Goldberg","image":{"@type":"ImageObject","inLanguage":"it-IT","@id":"https:\/\/www.leternoassente.com\/#\/schema\/person\/image\/","url":"https:\/\/secure.gravatar.com\/avatar\/63d2c9f25f05d3da5001f2898f6fc9cd?s=96&d=wavatar&r=g","contentUrl":"https:\/\/secure.gravatar.com\/avatar\/63d2c9f25f05d3da5001f2898f6fc9cd?s=96&d=wavatar&r=g","caption":"Choam Goldberg"},"logo":{"@id":"https:\/\/www.leternoassente.com\/#\/schema\/person\/image\/"},"description":"Contemplata la vastit\u00e0 del cazzo che gliene frega e raggiunta l\u2019atarass\u00eca, Choam Goldberg pratica nondimeno l'antica, dilettevole e nobile arte di demolire le credenze dei\u00a0beoti e degli insipienti.","sameAs":["http:\/\/www.leternoassente.com"]}]}},"_links":{"self":[{"href":"https:\/\/www.leternoassente.com\/index.php?rest_route=\/wp\/v2\/pages\/5500"}],"collection":[{"href":"https:\/\/www.leternoassente.com\/index.php?rest_route=\/wp\/v2\/pages"}],"about":[{"href":"https:\/\/www.leternoassente.com\/index.php?rest_route=\/wp\/v2\/types\/page"}],"author":[{"embeddable":true,"href":"https:\/\/www.leternoassente.com\/index.php?rest_route=\/wp\/v2\/users\/1"}],"replies":[{"embeddable":true,"href":"https:\/\/www.leternoassente.com\/index.php?rest_route=%2Fwp%2Fv2%2Fcomments&post=5500"}],"version-history":[{"count":2,"href":"https:\/\/www.leternoassente.com\/index.php?rest_route=\/wp\/v2\/pages\/5500\/revisions"}],"predecessor-version":[{"id":5506,"href":"https:\/\/www.leternoassente.com\/index.php?rest_route=\/wp\/v2\/pages\/5500\/revisions\/5506"}],"up":[{"embeddable":true,"href":"https:\/\/www.leternoassente.com\/index.php?rest_route=\/wp\/v2\/pages\/4502"}],"wp:featuredmedia":[{"embeddable":true,"href":"https:\/\/www.leternoassente.com\/index.php?rest_route=\/wp\/v2\/media\/3299"}],"wp:attachment":[{"href":"https:\/\/www.leternoassente.com\/index.php?rest_route=%2Fwp%2Fv2%2Fmedia&parent=5500"}],"curies":[{"name":"wp","href":"https:\/\/api.w.org\/{rel}","templated":true}]}}