{"id":5508,"date":"2022-12-05T14:25:07","date_gmt":"2022-12-05T13:25:07","guid":{"rendered":"https:\/\/www.leternoassente.com\/?page_id=5508"},"modified":"2025-01-28T09:29:08","modified_gmt":"2025-01-28T08:29:08","slug":"il-cristianesimo-in-2-minuti","status":"publish","type":"page","link":"https:\/\/www.leternoassente.com\/?page_id=5508","title":{"rendered":"Il cristianesimo in 2 minuti"},"content":{"rendered":"<p><strong>50 grandi idee che ogni cristiano dovrebbe capire.<\/strong><\/p>\n<hr \/>\n<p>Nel 2022 fa <a href=\"https:\/\/2minutechristianity.com\/blog\/\">Bob Seidensticker<\/a> ha iniziato un progetto di informazione rivolto ai cristiani, per raccontare 50 idee sul cristianesimo che proprio loro spesso non conoscono. Il progetto si \u00e8 sviluppato con cadenza settimanale ed \u00e8 anche stato pubblicato nella sua completezza sotto forma di <a href=\"https:\/\/2minutechristianity.com\/buy-book\/\">libro<\/a>. Poich\u00e9 ogni capitolo si legge in 2 minuti o poco pi\u00f9, il progetto prende il nome \u00ab2-Minute Christianity\u00bb. Chi non ha voglia di leggere, pu\u00f2 trovare gli stessi contenuti nel <a href=\"https:\/\/twominutechristianity.podbean.com\/\">podcast<\/a> e nel <a href=\"https:\/\/www.youtube.com\/channel\/UCCEbRLejMQapm1ikB0ilwCg\">canale YouTube<\/a>. Bob non si fa davvero mancare niente.<\/p>\n<p>L&#8217;Eterno Assente, grazie alla cortesia e alla disponibilit\u00e0 di Bob, \u00e8 lieto di presentare la traduzione italiana del progetto, bench\u00e9 in ritardo rispetto all&#8217;inizio. Il nostro progetto, partito con l&#8217;ambizioso intento di un&#8217;uscita con cadenza settimanale come quello di Bob, si \u00e8 poi dilatato e ha perso la periodicit\u00e0.<\/p>\n<p>Ma vediamo <a href=\"https:\/\/2minutechristianity.com\/2021\/09\/04\/example-post-3\/\">come Bob presenta il proprio progetto<\/a>&#8230;<\/p>\n<hr \/>\n<p>Il cristianesimo \u00e8 vero? Se s\u00ec, pu\u00f2 sopportare una piccola critica. <a href=\"https:\/\/2minutechristianity.com\/\">Questo blog<\/a> \u00e8 quella critica: 50 grandi idee che ogni cristiano dovrebbe capire \u2013 ma che raramente capisce \u2013 e che richiedono un paio di minuti ciascuna per essere lette. L&#8217;obiettivo non \u00e8 quello di deconvertire i cristiani, ma semplicemente di informarli. Pensa a questo progetto come a un amico che ti d\u00e0 un feedback onesto.<\/p>\n<hr \/>\n<p><strong>Tutte le puntate:<\/strong><\/p>\n<ul>\n<li>11.12.2022 \u2013 <a href=\"https:\/\/www.leternoassente.com\/?page_id=5511\">Di che cosa si occupa questo progetto? \u2013 00\/50<\/a><\/li>\n<li>18.12.2022 \u2013 <a href=\"https:\/\/www.leternoassente.com\/?page_id=5535\">La mappa delle religioni del mondo: che cosa ci dice sulla verit\u00e0 religiosa? \u2013 01\/50<\/a><\/li>\n<li>25.12.2022 \u2013 <a href=\"https:\/\/www.leternoassente.com\/?page_id=5614\">Un&#8217;arca che perde: la storia di No\u00e8 non regge \u2013 02\/50<\/a><\/li>\n<li>01.01.2023 \u2013 <a href=\"https:\/\/www.leternoassente.com\/?page_id=5626\">La visione miope dell&#8217;universo nella Bibbia: una Terra da cartone animato con stelle minuscole \u2013 03\/50<\/a><\/li>\n<li>08.01.2023 \u2013 <a href=\"https:\/\/www.leternoassente.com\/?page_id=5671\">Il cristianesimo come fardello della societ\u00e0: il cristianesimo ha ritardato la societ\u00e0 di 1500 anni \u2013 04\/50<\/a><\/li>\n<li>15.01.2023 \u2013 <a href=\"https:\/\/www.leternoassente.com\/?page_id=5699\">Ges\u00f9, il Grande medico (ma forse non cos\u00ec grande) \u2013 05\/50<\/a><\/li>\n<li>22.01.2023 \u2013 <a href=\"https:\/\/www.leternoassente.com\/?page_id=5719\">L&#8217;argomento del desiderio: il desiderio pu\u00f2 provare l&#8217;esistenza di Dio? \u2013 06\/50<\/a><\/li>\n<li>29.01.2023 \u2013 <a href=\"https:\/\/www.leternoassente.com\/?page_id=5727\">La profezia del Salmo 22: non si adatta a Ges\u00f9 \u2013 07\/50<\/a><\/li>\n<li>05.02.2023 \u2013 <a href=\"https:\/\/www.leternoassente.com\/?page_id=5777\">L&#8217;argomento ontologico: desiderare l&#8217;esistenza delle cose \u2013 08\/50<\/a><\/li>\n<li>12.02.2023 \u2013 <a href=\"https:\/\/www.leternoassente.com\/?page_id=5820\">Il peccato originale: la punizione di Dio nei confronti di Adamo ed Eva \u2013 09\/50<\/a><\/li>\n<li>19.02.2023 \u2013 <a href=\"https:\/\/www.leternoassente.com\/?page_id=5821\">La societ\u00e0 che il cristianesimo ci ha dato: mostri, non medicine \u2013 10\/50<\/a><\/li>\n<li>26.02.2023 \u2013 <a href=\"https:\/\/www.leternoassente.com\/?page_id=5871\">Il famoso Credo di Paolo: 1 Corinzi 15 \u00e8 Storia? \u2013 11\/50<\/a><\/li>\n<li>05.03.2023 \u2013 <a href=\"https:\/\/www.leternoassente.com\/?page_id=5872\">Il cristianesimo risponde alle Grandi domande della vita (ma le risposte meritano di essere ascoltate?) \u2013 12\/50<\/a><\/li>\n<li>26.03.2023 \u2013 <a href=\"https:\/\/www.leternoassente.com\/?page_id=5946\">L&#8217;argomento del progetto: la vita \u00e8 meravigliosamente complicata, ma questo significa che \u00e8 stata progettata? \u2013 13\/50<\/a><\/li>\n<li>02.04.2023 \u2013 <a href=\"https:\/\/www.leternoassente.com\/?page_id=5972\">Dio sostiene la schiavit\u00f9: identica alla schiavit\u00f9 americana \u2013 14\/50<\/a><\/li>\n<li>09.04.2023 \u2013 <a href=\"https:\/\/www.leternoassente.com\/?page_id=5992\">La Bibbia non ha una ricetta per il sapone: che cosa ci rivela questo fatto su Dio \u2013 15\/50<\/a><\/li>\n<li>16.04.2023 \u2013 <a href=\"https:\/\/www.leternoassente.com\/?page_id=6084\">Il cristianesimo incontra la sua nemesi: l&#8217;argomento del mormonismo storico \u2013 16\/50<\/a><\/li>\n<li>23.04.2023 \u2013 <a href=\"https:\/\/www.leternoassente.com\/?page_id=6130\">Il dilemma di Eutifrone: il rapporto fra Dio e la morale fallisce in entrambi i casi \u2013 17\/50<\/a><\/li>\n<li>30.04.2023 \u2013 <a href=\"https:\/\/www.leternoassente.com\/?page_id=6154\">Morale, scopo e senso: le scarpette rosso rubino della vita \u2013 18\/50<\/a><\/li>\n<li>07.05.2023 \u2013 <a href=\"https:\/\/www.leternoassente.com\/?page_id=6163\">L&#8217;argomento cosmologico di Kalam: Dio \u00e8 stato la causa dell&#8217;universo? \u2013 19\/50<\/a><\/li>\n<li>08.09.2023 \u2013 <a href=\"https:\/\/www.leternoassente.com\/?page_id=6192\">Il Vangelo di Paolo: la versione di Paolo non concorda con quella dei Vangeli \u2013 20\/50<\/a><\/li>\n<li>02.11.2023 \u2013 <a href=\"https:\/\/www.leternoassente.com\/?page_id=6320\">Dio ama l&#8217;odore della carne bruciata: il sacrificio umano nella Bibbia \u2013 21\/50<\/a><\/li>\n<li>20.11.2023 \u2013 <a href=\"https:\/\/www.leternoassente.com\/?page_id=6329\">Un esperimento mentale sull&#8217;attendibilit\u00e0 della Bibbia: il periodo oscuro della Bibbia \u2013 22\/50<\/a><\/li>\n<li>05.12.2023 \u2013 <a href=\"https:\/\/www.leternoassente.com\/?page_id=6387\">La profezia di Isaia 53: parla di Israele, non di Ges\u00f9 \u2013 23\/50<\/a><\/li>\n<li>22.01.2024 \u2013 <a href=\"https:\/\/www.leternoassente.com\/?page_id=6398\">Gli atei hanno bisogno della visione cristiana del mondo: o forse no? \u2013 24\/50<\/a><\/li>\n<li>09.02.2024 \u2013 <a href=\"https:\/\/www.leternoassente.com\/?page_id=6431\">L&#8217;argomento trascendentale: da dove arriva la logica? \u2013 25\/50<\/a><\/li>\n<li>27.02.2024 \u2013 <a href=\"https:\/\/www.leternoassente.com\/?page_id=6448\">Le donne al sepolcro: una debole prova della risurrezione \u2013 26\/50<\/a><\/li>\n<li>14.03.2024 \u2013 <a href=\"https:\/\/www.leternoassente.com\/?page_id=6459\">Quando Dio mente: invece dovrebbe seguire i suoi stessi Dieci Comandamenti \u2013 27\/50<\/a><\/li>\n<li>17.05.2024 \u2013 <a href=\"https:\/\/www.leternoassente.com\/?page_id=6483\">I frutti del cristianesimo: universit\u00e0 o ospedali? \u2013 28\/50<\/a><\/li>\n<li>05.06.2024 \u2013 <a href=\"https:\/\/www.leternoassente.com\/?page_id=6505\">Il cristianesimo sembra inventato: l\u2019analogia con l\u2019albero genealogico \u2013 29\/50<\/a><\/li>\n<li>12.06.2024 \u2013 <a href=\"https:\/\/www.leternoassente.com\/?page_id=6518\">I Dieci comandamenti: potrebbero non dire quello che pensate \u2013 30\/50<\/a><\/li>\n<li>25.06.2024 \u2013 <a href=\"https:\/\/www.leternoassente.com\/?page_id=6540\">25&#8217;000 manoscritti del Nuovo Testamento: non proprio la prova che molti credono \u2013 31\/50<\/a><\/li>\n<li>08.07.2024 \u2013 <a href=\"https:\/\/www.leternoassente.com\/?page_id=6584\">La semplicit\u00e0: la qualit\u00e0 mancante al cristianesimo \u2013 32\/50<\/a><\/li>\n<li>23.07.2024 \u2013 <a href=\"https:\/\/www.leternoassente.com\/?page_id=6611\">Ricreare il cristianesimo: il cristianesimo in un mondo post-apocalittico \u2013 33\/50<\/a><\/li>\n<li>09.08.2024 \u2013 <a href=\"https:\/\/www.leternoassente.com\/?page_id=6665\">Perch\u00e9 il cristianesimo \u00e8 conservatore, cio\u00e8 preserva le pratiche politiche o sociali tradizionali? \u2013 34\/50<\/a><\/li>\n<li>21.08.2024 \u2013 <a href=\"https:\/\/www.leternoassente.com\/?page_id=6704\">Il politeismo biblico: la Bibbia riconosce pi\u00f9 di un Dio \u2013 35\/50<\/a><\/li>\n<li>10.09.2024 \u2013 <a href=\"https:\/\/www.leternoassente.com\/?page_id=6725\">La nascita virginale: n\u00e9 virginale n\u00e9 profetizzata per Ges\u00f9 \u2013 36\/50<\/a><\/li>\n<li>23.09.2024 \u2013 <a href=\"https:\/\/www.leternoassente.com\/?page_id=6741\">Il nascondimento di Dio: un Creatore che ci ama si farebbe conoscere \u2013 37\/50<\/a><\/li>\n<li>04.10.2024 \u2013 <a href=\"https:\/\/www.leternoassente.com\/?page_id=6749\">Il cristianesimo senza indottrinamento: un esperimento mentale \u2013 38\/50<\/a><\/li>\n<li>23.10.2024 \u2013 <a href=\"https:\/\/www.leternoassente.com\/?page_id=6778\">Il problema di Monty Hall: un sorprendente collegamento fra un gioco e il cristianesimo \u2013 39\/50<\/a><\/li>\n<li>08.11.2024 \u2013 <a href=\"https:\/\/www.leternoassente.com\/?page_id=6788\">Gli storici rifiutano la storia della Bibbia: insieme a tutte le altre affermazioni soprannaturali \u2013 40\/50<\/a><\/li>\n<li>13.11.2024 \u2013 <a href=\"https:\/\/www.leternoassente.com\/?page_id=6800\">Chi ha scritto i Vangeli? Probabilmente non chi pensavate \u2013 41\/50<\/a><\/li>\n<li>20.11.2024 \u2013 <a href=\"https:\/\/www.leternoassente.com\/?page_id=6818\">Il mito del conflitto: Yahweh e gli d\u00e8i che lo hanno preceduto \u2013 42\/50<\/a><\/li>\n<li>02.12.2024 \u2013 <a href=\"https:\/\/www.leternoassente.com\/?page_id=6832\">La crocifissione: la pi\u00f9 grande storia mai raccontata ha bisogno di un\u2019altra versione \u2013 43\/50<\/a><\/li>\n<li>10.12.2024 \u2013 <a href=\"https:\/\/www.leternoassente.com\/?page_id=6875\">Trovare Ges\u00f9 attraverso i giochi da tavolo: il cristianesimo non ha senso \u2013 44\/50<\/a><\/li>\n<li>10.12.2024 \u2013 <a href=\"https:\/\/www.leternoassente.com\/?page_id=6886\">Ges\u00f9 sotto processo: il pensiero da scienziato e il pensiero da avvocato \u2013 45\/50<\/a><\/li>\n<li>02.01.2025 \u2013 <a href=\"https:\/\/www.leternoassente.com\/?page_id=6896\">La kryptonite di Dio: anche l&#8217;Onnipotente ha delle debolezze \u2013 46\/50<\/a><\/li>\n<li>08.01.2025 \u2013 <a href=\"https:\/\/www.leternoassente.com\/?page_id=6908\">Le grandi promesse del cristianesimo: una sequenza ininterrotta di fallimenti \u2013 47\/50<\/a><\/li>\n<li>15.01.2025 \u2013 <a href=\"https:\/\/www.leternoassente.com\/?page_id=6919\">La religione riflette la cultura: se fossi nato in Pakistan, saresti musulmano \u2013 48\/50<\/a><\/li>\n<li>22.01.2025 \u2013 <a href=\"https:\/\/www.leternoassente.com\/?page_id=6928\">Le religioni continuano a moltiplicarsi: questo che cosa ci dice? \u2013 49\/50<\/a><\/li>\n<li>28.01.2025 \u2013 <a href=\"https:\/\/www.leternoassente.com\/?page_id=6929\">Il Grande Mandato: perch\u00e9 non si applica a voi \u2013 50\/50<\/a><\/li>\n<\/ul>\n<\/ul>\n","protected":false},"excerpt":{"rendered":"<p>50 grandi idee che ogni cristiano dovrebbe capire. Nel 2022 fa Bob Seidensticker ha iniziato un progetto di informazione rivolto ai cristiani, per raccontare 50 idee sul cristianesimo che proprio loro spesso non conoscono. Il progetto si \u00e8 sviluppato con &hellip; <a href=\"https:\/\/www.leternoassente.com\/?page_id=5508\">Continua a leggere<span class=\"meta-nav\">&rarr;<\/span><\/a><\/p>\n","protected":false},"author":1,"featured_media":5533,"parent":0,"menu_order":0,"comment_status":"closed","ping_status":"closed","template":"","meta":{"footnotes":""},"class_list":["post-5508","page","type-page","status-publish","has-post-thumbnail","hentry"],"yoast_head":"<!-- This site is optimized with the Yoast SEO plugin v25.6 - https:\/\/yoast.com\/wordpress\/plugins\/seo\/ -->\n<title>Il cristianesimo in 2 minuti - L&#039;Eterno Assente<\/title>\n<meta name=\"description\" content=\"50 grandi idee che ogni cristiano dovrebbe capire.\" \/>\n<meta name=\"robots\" content=\"index, follow, max-snippet:-1, max-image-preview:large, max-video-preview:-1\" \/>\n<link rel=\"canonical\" href=\"https:\/\/www.leternoassente.com\/?page_id=5508\" \/>\n<meta property=\"og:locale\" content=\"it_IT\" \/>\n<meta property=\"og:type\" content=\"article\" \/>\n<meta property=\"og:title\" content=\"Il cristianesimo in 2 minuti - L&#039;Eterno Assente\" \/>\n<meta property=\"og:description\" content=\"50 grandi idee che ogni cristiano dovrebbe capire.\" \/>\n<meta property=\"og:url\" content=\"https:\/\/www.leternoassente.com\/?page_id=5508\" \/>\n<meta property=\"og:site_name\" content=\"L&#039;Eterno Assente\" \/>\n<meta property=\"article:modified_time\" content=\"2025-01-28T08:29:08+00:00\" \/>\n<meta property=\"og:image\" content=\"https:\/\/www.leternoassente.com\/wp-content\/uploads\/2022\/12\/2minuticristianesimotagliato.jpg\" \/>\n\t<meta property=\"og:image:width\" content=\"1213\" \/>\n\t<meta property=\"og:image:height\" content=\"600\" \/>\n\t<meta property=\"og:image:type\" content=\"image\/jpeg\" \/>\n<meta name=\"twitter:card\" content=\"summary_large_image\" \/>\n<meta name=\"twitter:site\" content=\"@leternoassente\" \/>\n<meta name=\"twitter:label1\" content=\"Tempo di lettura stimato\" \/>\n\t<meta name=\"twitter:data1\" content=\"5 minuti\" \/>\n<script type=\"application\/ld+json\" class=\"yoast-schema-graph\">{\"@context\":\"https:\/\/schema.org\",\"@graph\":[{\"@type\":\"WebPage\",\"@id\":\"https:\/\/www.leternoassente.com\/?page_id=5508\",\"url\":\"https:\/\/www.leternoassente.com\/?page_id=5508\",\"name\":\"Il cristianesimo in 2 minuti - L&#039;Eterno Assente\",\"isPartOf\":{\"@id\":\"https:\/\/www.leternoassente.com\/#website\"},\"primaryImageOfPage\":{\"@id\":\"https:\/\/www.leternoassente.com\/?page_id=5508#primaryimage\"},\"image\":{\"@id\":\"https:\/\/www.leternoassente.com\/?page_id=5508#primaryimage\"},\"thumbnailUrl\":\"https:\/\/www.leternoassente.com\/wp-content\/uploads\/2022\/12\/2minuticristianesimo-1.jpg\",\"datePublished\":\"2022-12-05T13:25:07+00:00\",\"dateModified\":\"2025-01-28T08:29:08+00:00\",\"description\":\"50 grandi idee che ogni cristiano dovrebbe capire.\",\"breadcrumb\":{\"@id\":\"https:\/\/www.leternoassente.com\/?page_id=5508#breadcrumb\"},\"inLanguage\":\"it-IT\",\"potentialAction\":[{\"@type\":\"ReadAction\",\"target\":[\"https:\/\/www.leternoassente.com\/?page_id=5508\"]}]},{\"@type\":\"ImageObject\",\"inLanguage\":\"it-IT\",\"@id\":\"https:\/\/www.leternoassente.com\/?page_id=5508#primaryimage\",\"url\":\"https:\/\/www.leternoassente.com\/wp-content\/uploads\/2022\/12\/2minuticristianesimo-1.jpg\",\"contentUrl\":\"https:\/\/www.leternoassente.com\/wp-content\/uploads\/2022\/12\/2minuticristianesimo-1.jpg\",\"width\":1500,\"height\":434},{\"@type\":\"BreadcrumbList\",\"@id\":\"https:\/\/www.leternoassente.com\/?page_id=5508#breadcrumb\",\"itemListElement\":[{\"@type\":\"ListItem\",\"position\":1,\"name\":\"Home\",\"item\":\"https:\/\/www.leternoassente.com\/\"},{\"@type\":\"ListItem\",\"position\":2,\"name\":\"Il cristianesimo in 2 minuti\"}]},{\"@type\":\"WebSite\",\"@id\":\"https:\/\/www.leternoassente.com\/#website\",\"url\":\"https:\/\/www.leternoassente.com\/\",\"name\":\"L&#039;Eterno Assente\",\"description\":\"Dio, la vita, il senso e altre cazzate\",\"publisher\":{\"@id\":\"https:\/\/www.leternoassente.com\/#\/schema\/person\/d2069751871fcdb89a30a0775f4170f9\"},\"potentialAction\":[{\"@type\":\"SearchAction\",\"target\":{\"@type\":\"EntryPoint\",\"urlTemplate\":\"https:\/\/www.leternoassente.com\/?s={search_term_string}\"},\"query-input\":{\"@type\":\"PropertyValueSpecification\",\"valueRequired\":true,\"valueName\":\"search_term_string\"}}],\"inLanguage\":\"it-IT\"},{\"@type\":[\"Person\",\"Organization\"],\"@id\":\"https:\/\/www.leternoassente.com\/#\/schema\/person\/d2069751871fcdb89a30a0775f4170f9\",\"name\":\"Choam Goldberg\",\"image\":{\"@type\":\"ImageObject\",\"inLanguage\":\"it-IT\",\"@id\":\"https:\/\/www.leternoassente.com\/#\/schema\/person\/image\/\",\"url\":\"https:\/\/secure.gravatar.com\/avatar\/63d2c9f25f05d3da5001f2898f6fc9cd?s=96&d=wavatar&r=g\",\"contentUrl\":\"https:\/\/secure.gravatar.com\/avatar\/63d2c9f25f05d3da5001f2898f6fc9cd?s=96&d=wavatar&r=g\",\"caption\":\"Choam Goldberg\"},\"logo\":{\"@id\":\"https:\/\/www.leternoassente.com\/#\/schema\/person\/image\/\"},\"description\":\"Contemplata la vastit\u00e0 del cazzo che gliene frega e raggiunta l\u2019atarass\u00eca, Choam Goldberg pratica nondimeno l'antica, dilettevole e nobile arte di demolire le credenze dei\u00a0beoti e degli insipienti.\",\"sameAs\":[\"http:\/\/www.leternoassente.com\"]}]}<\/script>\n<!-- \/ Yoast SEO plugin. -->","yoast_head_json":{"title":"Il cristianesimo in 2 minuti - L&#039;Eterno Assente","description":"50 grandi idee che ogni cristiano dovrebbe capire.","robots":{"index":"index","follow":"follow","max-snippet":"max-snippet:-1","max-image-preview":"max-image-preview:large","max-video-preview":"max-video-preview:-1"},"canonical":"https:\/\/www.leternoassente.com\/?page_id=5508","og_locale":"it_IT","og_type":"article","og_title":"Il cristianesimo in 2 minuti - L&#039;Eterno Assente","og_description":"50 grandi idee che ogni cristiano dovrebbe capire.","og_url":"https:\/\/www.leternoassente.com\/?page_id=5508","og_site_name":"L&#039;Eterno Assente","article_modified_time":"2025-01-28T08:29:08+00:00","og_image":[{"width":1213,"height":600,"url":"https:\/\/www.leternoassente.com\/wp-content\/uploads\/2022\/12\/2minuticristianesimotagliato.jpg","type":"image\/jpeg"}],"twitter_card":"summary_large_image","twitter_site":"@leternoassente","twitter_misc":{"Tempo di lettura stimato":"5 minuti"},"schema":{"@context":"https:\/\/schema.org","@graph":[{"@type":"WebPage","@id":"https:\/\/www.leternoassente.com\/?page_id=5508","url":"https:\/\/www.leternoassente.com\/?page_id=5508","name":"Il cristianesimo in 2 minuti - L&#039;Eterno Assente","isPartOf":{"@id":"https:\/\/www.leternoassente.com\/#website"},"primaryImageOfPage":{"@id":"https:\/\/www.leternoassente.com\/?page_id=5508#primaryimage"},"image":{"@id":"https:\/\/www.leternoassente.com\/?page_id=5508#primaryimage"},"thumbnailUrl":"https:\/\/www.leternoassente.com\/wp-content\/uploads\/2022\/12\/2minuticristianesimo-1.jpg","datePublished":"2022-12-05T13:25:07+00:00","dateModified":"2025-01-28T08:29:08+00:00","description":"50 grandi idee che ogni cristiano dovrebbe capire.","breadcrumb":{"@id":"https:\/\/www.leternoassente.com\/?page_id=5508#breadcrumb"},"inLanguage":"it-IT","potentialAction":[{"@type":"ReadAction","target":["https:\/\/www.leternoassente.com\/?page_id=5508"]}]},{"@type":"ImageObject","inLanguage":"it-IT","@id":"https:\/\/www.leternoassente.com\/?page_id=5508#primaryimage","url":"https:\/\/www.leternoassente.com\/wp-content\/uploads\/2022\/12\/2minuticristianesimo-1.jpg","contentUrl":"https:\/\/www.leternoassente.com\/wp-content\/uploads\/2022\/12\/2minuticristianesimo-1.jpg","width":1500,"height":434},{"@type":"BreadcrumbList","@id":"https:\/\/www.leternoassente.com\/?page_id=5508#breadcrumb","itemListElement":[{"@type":"ListItem","position":1,"name":"Home","item":"https:\/\/www.leternoassente.com\/"},{"@type":"ListItem","position":2,"name":"Il cristianesimo in 2 minuti"}]},{"@type":"WebSite","@id":"https:\/\/www.leternoassente.com\/#website","url":"https:\/\/www.leternoassente.com\/","name":"L&#039;Eterno Assente","description":"Dio, la vita, il senso e altre cazzate","publisher":{"@id":"https:\/\/www.leternoassente.com\/#\/schema\/person\/d2069751871fcdb89a30a0775f4170f9"},"potentialAction":[{"@type":"SearchAction","target":{"@type":"EntryPoint","urlTemplate":"https:\/\/www.leternoassente.com\/?s={search_term_string}"},"query-input":{"@type":"PropertyValueSpecification","valueRequired":true,"valueName":"search_term_string"}}],"inLanguage":"it-IT"},{"@type":["Person","Organization"],"@id":"https:\/\/www.leternoassente.com\/#\/schema\/person\/d2069751871fcdb89a30a0775f4170f9","name":"Choam Goldberg","image":{"@type":"ImageObject","inLanguage":"it-IT","@id":"https:\/\/www.leternoassente.com\/#\/schema\/person\/image\/","url":"https:\/\/secure.gravatar.com\/avatar\/63d2c9f25f05d3da5001f2898f6fc9cd?s=96&d=wavatar&r=g","contentUrl":"https:\/\/secure.gravatar.com\/avatar\/63d2c9f25f05d3da5001f2898f6fc9cd?s=96&d=wavatar&r=g","caption":"Choam Goldberg"},"logo":{"@id":"https:\/\/www.leternoassente.com\/#\/schema\/person\/image\/"},"description":"Contemplata la vastit\u00e0 del cazzo che gliene frega e raggiunta l\u2019atarass\u00eca, Choam Goldberg pratica nondimeno l'antica, dilettevole e nobile arte di demolire le credenze dei\u00a0beoti e degli insipienti.","sameAs":["http:\/\/www.leternoassente.com"]}]}},"_links":{"self":[{"href":"https:\/\/www.leternoassente.com\/index.php?rest_route=\/wp\/v2\/pages\/5508"}],"collection":[{"href":"https:\/\/www.leternoassente.com\/index.php?rest_route=\/wp\/v2\/pages"}],"about":[{"href":"https:\/\/www.leternoassente.com\/index.php?rest_route=\/wp\/v2\/types\/page"}],"author":[{"embeddable":true,"href":"https:\/\/www.leternoassente.com\/index.php?rest_route=\/wp\/v2\/users\/1"}],"replies":[{"embeddable":true,"href":"https:\/\/www.leternoassente.com\/index.php?rest_route=%2Fwp%2Fv2%2Fcomments&post=5508"}],"version-history":[{"count":81,"href":"https:\/\/www.leternoassente.com\/index.php?rest_route=\/wp\/v2\/pages\/5508\/revisions"}],"predecessor-version":[{"id":6946,"href":"https:\/\/www.leternoassente.com\/index.php?rest_route=\/wp\/v2\/pages\/5508\/revisions\/6946"}],"wp:featuredmedia":[{"embeddable":true,"href":"https:\/\/www.leternoassente.com\/index.php?rest_route=\/wp\/v2\/media\/5533"}],"wp:attachment":[{"href":"https:\/\/www.leternoassente.com\/index.php?rest_route=%2Fwp%2Fv2%2Fmedia&parent=5508"}],"curies":[{"name":"wp","href":"https:\/\/api.w.org\/{rel}","templated":true}]}}