{"id":5511,"date":"2022-12-05T15:56:31","date_gmt":"2022-12-05T14:56:31","guid":{"rendered":"https:\/\/www.leternoassente.com\/?page_id=5511"},"modified":"2024-09-10T16:53:08","modified_gmt":"2024-09-10T14:53:08","slug":"il-cristianesimo-in-2-minuti-0-50","status":"publish","type":"page","link":"https:\/\/www.leternoassente.com\/?page_id=5511","title":{"rendered":"Il cristianesimo in 2 minuti \u2013 00\/50"},"content":{"rendered":"<p><strong>Di che cosa si occupa questo progetto?<\/strong><\/p>\n<hr \/>\n<p><a href=\"https:\/\/www.leternoassente.com\/wp-content\/uploads\/2022\/12\/copertina.jpg\"><img loading=\"lazy\" decoding=\"async\" class=\"alignright wp-image-5529\" src=\"https:\/\/www.leternoassente.com\/wp-content\/uploads\/2022\/12\/copertina-198x300.jpg\" alt=\"\" width=\"150\" height=\"227\" srcset=\"https:\/\/www.leternoassente.com\/wp-content\/uploads\/2022\/12\/copertina-198x300.jpg 198w, https:\/\/www.leternoassente.com\/wp-content\/uploads\/2022\/12\/copertina.jpg 635w\" sizes=\"(max-width: 150px) 100vw, 150px\" \/><\/a>Pensate al tipico libro che sostiene il cristianesimo. Spesso \u00e8 lungo, freddo e poco accessibile. \u00ab2-Minute Christianity\u00bb \u00e8 diverso per cinque motivi.<\/p>\n<ol>\n<li>\u00c8 breve. Ognuna delle 50 grandi idee \u00e8 autonoma e pu\u00f2 essere letta in pochi minuti. Leggile nell&#8217;ordine che preferisci.<\/li>\n<li>Le idee sono significative. Non si tratta di banali contraddizioni della Bibbia o di errori di copiatura. Ognuna di esse \u00e8 un rompicapo fondamentale che mette in discussione le affermazioni cristiane.<\/li>\n<li>Le idee sono originali. Il cristiano medio trover\u00e0 in ogni capitolo informazioni sorprendenti che non ha mai imparato in chiesa. Anche gli studenti seri del cristianesimo troveranno nuove idee provocatorie.<\/li>\n<li>Le idee provengono da una prospettiva scettica. Si tratta di domande franche e non vincolanti che possono mettere in discussione una visione del mondo cristiana compiacente: una visione del mondo che ha bisogno di una piccola scossa.<\/li>\n<li>Il contenuto \u00e8 gratuito. Le idee saranno pubblicate una a settimana, per 50 settimane, attraverso il <a href=\"https:\/\/twominutechristianity.podbean.com\/\">podcast<\/a>, il <a href=\"https:\/\/www.youtube.com\/channel\/UCCEbRLejMQapm1ikB0ilwCg\">canale YouTube<\/a> e il <a href=\"https:\/\/2minutechristianity.com\/\">blog<\/a>. Oppure, se non vuoi aspettare, puoi trovarle tutte nel <a href=\"https:\/\/www.amazon.it\/2-Minute-Christianity-Christian-Should-Understand\/dp\/0578937123\/\">libro<\/a> o nell&#8217;<a href=\"https:\/\/www.amazon.it\/2-Minute-Christianity-Christian-Understand-English-ebook\/dp\/B0B2N52DZM\/\">ebook<\/a>, dove sono gi\u00e0 disponibili.<\/li>\n<\/ol>\n<p>\u00ab2-Minute Christianity\u00bb si rivolge a cristiani di mentalit\u00e0 aperta che pensano che, se il cristianesimo \u00e8 vero, allora pu\u00f2 sopportare una piccola critica. Il tono \u00e8 rispettoso e l&#8217;obiettivo \u00e8 quello di educare i lettori, non di deconvertirli.<\/p>\n<p>Ecco alcune delle grandi idee esplorate in \u00ab2-Minute Christianity\u00bb.<\/p>\n<ul>\n<li>Dio diede a Mos\u00e8 due versioni molto diverse dei Dieci comandamenti (n. 30).<\/li>\n<li>Dio defin\u00ec le regole per la servit\u00f9 a contratto e la schiavit\u00f9 a vita, le stesse due forme di schiavit\u00f9 presenti nei primi Stati Uniti (n. 14).<\/li>\n<li>La Bibbia documenta la propria transizione dal politeismo al monoteismo (n. 35).<\/li>\n<li>La \u00abprofezia della nascita verginale\u00bb a cui si riferisce Matteo non riguardava Ges\u00f9 e non riguardava nemmeno la nascita verginale (n. 36).<\/li>\n<li>Il Dio della Bibbia \u00e8 stato sconfitto da un altro dio cananeo (n. 46).<\/li>\n<\/ul>\n<p>Forse non ti imbatterai in queste idee in chiesa, ma queste e molte altre vengono discusse dagli scettici. \u00c8 ora che anche tu sia coinvolto nella discussione. Potresti trovare queste idee provocatorie o sorprendenti, ma non le troverai noiose.<\/p>\n<p>Non lasciare che qualcun altro ti imponga una visione del mondo. Togli le rotelle alla tua bicicletta e partecipa al viaggio di \u00ab2-Minute Christianity\u00bb pedalando senza aiuti. \u00c8 gratuito e in pochi minuti alla settimana imparerai molto di pi\u00f9 sul cristianesimo di quanto avresti fatto con uno studio biblico. Se sei un cristiano, queste sono 50 grandi idee che devi capire.<\/p>\n<p><strong>Bob Seidensticker<\/strong><\/p>\n<p>(00\/50 \u2013 <a href=\"https:\/\/www.leternoassente.com\/?page_id=5535\">continua<\/a>)<\/p>\n<hr \/>\n<p><a href=\"https:\/\/www.leternoassente.com\/?page_id=5508\">Tutte le puntate.<\/a><\/p>\n<p>Leggi la <a href=\"https:\/\/2minutechristianity.com\/2021\/08\/24\/what-is-this-project-all-about\/\">versione originale dell&#8217;articolo<\/a>.<\/p>\n<p>Ascolta l&#8217;articolo nel <a href=\"https:\/\/twominutechristianity.podbean.com\/e\/introduction-to-2-minute-christianity-50-big-ideas-every-christian-should-understand\/\">podcast<\/a> o nel <a href=\"https:\/\/www.youtube.com\/watch?v=q4DqftEz-4E\">canale YouTube<\/a>.<\/p>\n<p>All material on this article is copyright 2022 by Bob Seidensticker. Translation By Choam Goldberg.<\/p>\n","protected":false},"excerpt":{"rendered":"<p>Di che cosa si occupa questo progetto? Pensate al tipico libro che sostiene il cristianesimo. Spesso \u00e8 lungo, freddo e poco accessibile. \u00ab2-Minute Christianity\u00bb \u00e8 diverso per cinque motivi. \u00c8 breve. Ognuna delle 50 grandi idee \u00e8 autonoma e pu\u00f2 &hellip; <a href=\"https:\/\/www.leternoassente.com\/?page_id=5511\">Continua a leggere<span class=\"meta-nav\">&rarr;<\/span><\/a><\/p>\n","protected":false},"author":1,"featured_media":5533,"parent":5508,"menu_order":0,"comment_status":"closed","ping_status":"closed","template":"","meta":{"footnotes":""},"class_list":["post-5511","page","type-page","status-publish","has-post-thumbnail","hentry"],"yoast_head":"<!-- This site is optimized with the Yoast SEO plugin v25.6 - https:\/\/yoast.com\/wordpress\/plugins\/seo\/ -->\n<title>Il cristianesimo in 2 minuti \u2013 00\/50 - L&#039;Eterno Assente<\/title>\n<meta name=\"description\" content=\"Di che cosa si occupa questo progetto?\" \/>\n<meta name=\"robots\" content=\"index, follow, max-snippet:-1, max-image-preview:large, max-video-preview:-1\" \/>\n<link rel=\"canonical\" href=\"https:\/\/www.leternoassente.com\/?page_id=5511\" \/>\n<meta property=\"og:locale\" content=\"it_IT\" \/>\n<meta property=\"og:type\" content=\"article\" \/>\n<meta property=\"og:title\" content=\"Il cristianesimo in 2 minuti \u2013 00\/50 - L&#039;Eterno Assente\" \/>\n<meta property=\"og:description\" content=\"Di che cosa si occupa questo progetto?\" \/>\n<meta property=\"og:url\" content=\"https:\/\/www.leternoassente.com\/?page_id=5511\" \/>\n<meta property=\"og:site_name\" content=\"L&#039;Eterno Assente\" \/>\n<meta property=\"article:modified_time\" content=\"2024-09-10T14:53:08+00:00\" \/>\n<meta property=\"og:image\" content=\"https:\/\/www.leternoassente.com\/wp-content\/uploads\/2022\/12\/2minuticristianesimotagliato.jpg\" \/>\n\t<meta property=\"og:image:width\" content=\"1213\" \/>\n\t<meta property=\"og:image:height\" content=\"600\" \/>\n\t<meta property=\"og:image:type\" content=\"image\/jpeg\" \/>\n<meta name=\"twitter:card\" content=\"summary_large_image\" \/>\n<meta name=\"twitter:site\" content=\"@leternoassente\" \/>\n<meta name=\"twitter:label1\" content=\"Tempo di lettura stimato\" \/>\n\t<meta name=\"twitter:data1\" content=\"3 minuti\" \/>\n<script type=\"application\/ld+json\" class=\"yoast-schema-graph\">{\"@context\":\"https:\/\/schema.org\",\"@graph\":[{\"@type\":\"WebPage\",\"@id\":\"https:\/\/www.leternoassente.com\/?page_id=5511\",\"url\":\"https:\/\/www.leternoassente.com\/?page_id=5511\",\"name\":\"Il cristianesimo in 2 minuti \u2013 00\/50 - L&#039;Eterno Assente\",\"isPartOf\":{\"@id\":\"https:\/\/www.leternoassente.com\/#website\"},\"primaryImageOfPage\":{\"@id\":\"https:\/\/www.leternoassente.com\/?page_id=5511#primaryimage\"},\"image\":{\"@id\":\"https:\/\/www.leternoassente.com\/?page_id=5511#primaryimage\"},\"thumbnailUrl\":\"https:\/\/www.leternoassente.com\/wp-content\/uploads\/2022\/12\/2minuticristianesimo-1.jpg\",\"datePublished\":\"2022-12-05T14:56:31+00:00\",\"dateModified\":\"2024-09-10T14:53:08+00:00\",\"description\":\"Di che cosa si occupa questo progetto?\",\"breadcrumb\":{\"@id\":\"https:\/\/www.leternoassente.com\/?page_id=5511#breadcrumb\"},\"inLanguage\":\"it-IT\",\"potentialAction\":[{\"@type\":\"ReadAction\",\"target\":[\"https:\/\/www.leternoassente.com\/?page_id=5511\"]}]},{\"@type\":\"ImageObject\",\"inLanguage\":\"it-IT\",\"@id\":\"https:\/\/www.leternoassente.com\/?page_id=5511#primaryimage\",\"url\":\"https:\/\/www.leternoassente.com\/wp-content\/uploads\/2022\/12\/2minuticristianesimo-1.jpg\",\"contentUrl\":\"https:\/\/www.leternoassente.com\/wp-content\/uploads\/2022\/12\/2minuticristianesimo-1.jpg\",\"width\":1500,\"height\":434},{\"@type\":\"BreadcrumbList\",\"@id\":\"https:\/\/www.leternoassente.com\/?page_id=5511#breadcrumb\",\"itemListElement\":[{\"@type\":\"ListItem\",\"position\":1,\"name\":\"Home\",\"item\":\"https:\/\/www.leternoassente.com\/\"},{\"@type\":\"ListItem\",\"position\":2,\"name\":\"Il cristianesimo in 2 minuti\",\"item\":\"https:\/\/www.leternoassente.com\/?page_id=5508\"},{\"@type\":\"ListItem\",\"position\":3,\"name\":\"Il cristianesimo in 2 minuti \u2013 00\/50\"}]},{\"@type\":\"WebSite\",\"@id\":\"https:\/\/www.leternoassente.com\/#website\",\"url\":\"https:\/\/www.leternoassente.com\/\",\"name\":\"L&#039;Eterno Assente\",\"description\":\"Dio, la vita, il senso e altre cazzate\",\"publisher\":{\"@id\":\"https:\/\/www.leternoassente.com\/#\/schema\/person\/d2069751871fcdb89a30a0775f4170f9\"},\"potentialAction\":[{\"@type\":\"SearchAction\",\"target\":{\"@type\":\"EntryPoint\",\"urlTemplate\":\"https:\/\/www.leternoassente.com\/?s={search_term_string}\"},\"query-input\":{\"@type\":\"PropertyValueSpecification\",\"valueRequired\":true,\"valueName\":\"search_term_string\"}}],\"inLanguage\":\"it-IT\"},{\"@type\":[\"Person\",\"Organization\"],\"@id\":\"https:\/\/www.leternoassente.com\/#\/schema\/person\/d2069751871fcdb89a30a0775f4170f9\",\"name\":\"Choam Goldberg\",\"image\":{\"@type\":\"ImageObject\",\"inLanguage\":\"it-IT\",\"@id\":\"https:\/\/www.leternoassente.com\/#\/schema\/person\/image\/\",\"url\":\"https:\/\/secure.gravatar.com\/avatar\/63d2c9f25f05d3da5001f2898f6fc9cd?s=96&d=wavatar&r=g\",\"contentUrl\":\"https:\/\/secure.gravatar.com\/avatar\/63d2c9f25f05d3da5001f2898f6fc9cd?s=96&d=wavatar&r=g\",\"caption\":\"Choam Goldberg\"},\"logo\":{\"@id\":\"https:\/\/www.leternoassente.com\/#\/schema\/person\/image\/\"},\"description\":\"Contemplata la vastit\u00e0 del cazzo che gliene frega e raggiunta l\u2019atarass\u00eca, Choam Goldberg pratica nondimeno l'antica, dilettevole e nobile arte di demolire le credenze dei\u00a0beoti e degli insipienti.\",\"sameAs\":[\"http:\/\/www.leternoassente.com\"]}]}<\/script>\n<!-- \/ Yoast SEO plugin. -->","yoast_head_json":{"title":"Il cristianesimo in 2 minuti \u2013 00\/50 - L&#039;Eterno Assente","description":"Di che cosa si occupa questo progetto?","robots":{"index":"index","follow":"follow","max-snippet":"max-snippet:-1","max-image-preview":"max-image-preview:large","max-video-preview":"max-video-preview:-1"},"canonical":"https:\/\/www.leternoassente.com\/?page_id=5511","og_locale":"it_IT","og_type":"article","og_title":"Il cristianesimo in 2 minuti \u2013 00\/50 - L&#039;Eterno Assente","og_description":"Di che cosa si occupa questo progetto?","og_url":"https:\/\/www.leternoassente.com\/?page_id=5511","og_site_name":"L&#039;Eterno Assente","article_modified_time":"2024-09-10T14:53:08+00:00","og_image":[{"width":1213,"height":600,"url":"https:\/\/www.leternoassente.com\/wp-content\/uploads\/2022\/12\/2minuticristianesimotagliato.jpg","type":"image\/jpeg"}],"twitter_card":"summary_large_image","twitter_site":"@leternoassente","twitter_misc":{"Tempo di lettura stimato":"3 minuti"},"schema":{"@context":"https:\/\/schema.org","@graph":[{"@type":"WebPage","@id":"https:\/\/www.leternoassente.com\/?page_id=5511","url":"https:\/\/www.leternoassente.com\/?page_id=5511","name":"Il cristianesimo in 2 minuti \u2013 00\/50 - L&#039;Eterno Assente","isPartOf":{"@id":"https:\/\/www.leternoassente.com\/#website"},"primaryImageOfPage":{"@id":"https:\/\/www.leternoassente.com\/?page_id=5511#primaryimage"},"image":{"@id":"https:\/\/www.leternoassente.com\/?page_id=5511#primaryimage"},"thumbnailUrl":"https:\/\/www.leternoassente.com\/wp-content\/uploads\/2022\/12\/2minuticristianesimo-1.jpg","datePublished":"2022-12-05T14:56:31+00:00","dateModified":"2024-09-10T14:53:08+00:00","description":"Di che cosa si occupa questo progetto?","breadcrumb":{"@id":"https:\/\/www.leternoassente.com\/?page_id=5511#breadcrumb"},"inLanguage":"it-IT","potentialAction":[{"@type":"ReadAction","target":["https:\/\/www.leternoassente.com\/?page_id=5511"]}]},{"@type":"ImageObject","inLanguage":"it-IT","@id":"https:\/\/www.leternoassente.com\/?page_id=5511#primaryimage","url":"https:\/\/www.leternoassente.com\/wp-content\/uploads\/2022\/12\/2minuticristianesimo-1.jpg","contentUrl":"https:\/\/www.leternoassente.com\/wp-content\/uploads\/2022\/12\/2minuticristianesimo-1.jpg","width":1500,"height":434},{"@type":"BreadcrumbList","@id":"https:\/\/www.leternoassente.com\/?page_id=5511#breadcrumb","itemListElement":[{"@type":"ListItem","position":1,"name":"Home","item":"https:\/\/www.leternoassente.com\/"},{"@type":"ListItem","position":2,"name":"Il cristianesimo in 2 minuti","item":"https:\/\/www.leternoassente.com\/?page_id=5508"},{"@type":"ListItem","position":3,"name":"Il cristianesimo in 2 minuti \u2013 00\/50"}]},{"@type":"WebSite","@id":"https:\/\/www.leternoassente.com\/#website","url":"https:\/\/www.leternoassente.com\/","name":"L&#039;Eterno Assente","description":"Dio, la vita, il senso e altre cazzate","publisher":{"@id":"https:\/\/www.leternoassente.com\/#\/schema\/person\/d2069751871fcdb89a30a0775f4170f9"},"potentialAction":[{"@type":"SearchAction","target":{"@type":"EntryPoint","urlTemplate":"https:\/\/www.leternoassente.com\/?s={search_term_string}"},"query-input":{"@type":"PropertyValueSpecification","valueRequired":true,"valueName":"search_term_string"}}],"inLanguage":"it-IT"},{"@type":["Person","Organization"],"@id":"https:\/\/www.leternoassente.com\/#\/schema\/person\/d2069751871fcdb89a30a0775f4170f9","name":"Choam Goldberg","image":{"@type":"ImageObject","inLanguage":"it-IT","@id":"https:\/\/www.leternoassente.com\/#\/schema\/person\/image\/","url":"https:\/\/secure.gravatar.com\/avatar\/63d2c9f25f05d3da5001f2898f6fc9cd?s=96&d=wavatar&r=g","contentUrl":"https:\/\/secure.gravatar.com\/avatar\/63d2c9f25f05d3da5001f2898f6fc9cd?s=96&d=wavatar&r=g","caption":"Choam Goldberg"},"logo":{"@id":"https:\/\/www.leternoassente.com\/#\/schema\/person\/image\/"},"description":"Contemplata la vastit\u00e0 del cazzo che gliene frega e raggiunta l\u2019atarass\u00eca, Choam Goldberg pratica nondimeno l'antica, dilettevole e nobile arte di demolire le credenze dei\u00a0beoti e degli insipienti.","sameAs":["http:\/\/www.leternoassente.com"]}]}},"_links":{"self":[{"href":"https:\/\/www.leternoassente.com\/index.php?rest_route=\/wp\/v2\/pages\/5511"}],"collection":[{"href":"https:\/\/www.leternoassente.com\/index.php?rest_route=\/wp\/v2\/pages"}],"about":[{"href":"https:\/\/www.leternoassente.com\/index.php?rest_route=\/wp\/v2\/types\/page"}],"author":[{"embeddable":true,"href":"https:\/\/www.leternoassente.com\/index.php?rest_route=\/wp\/v2\/users\/1"}],"replies":[{"embeddable":true,"href":"https:\/\/www.leternoassente.com\/index.php?rest_route=%2Fwp%2Fv2%2Fcomments&post=5511"}],"version-history":[{"count":18,"href":"https:\/\/www.leternoassente.com\/index.php?rest_route=\/wp\/v2\/pages\/5511\/revisions"}],"predecessor-version":[{"id":6733,"href":"https:\/\/www.leternoassente.com\/index.php?rest_route=\/wp\/v2\/pages\/5511\/revisions\/6733"}],"up":[{"embeddable":true,"href":"https:\/\/www.leternoassente.com\/index.php?rest_route=\/wp\/v2\/pages\/5508"}],"wp:featuredmedia":[{"embeddable":true,"href":"https:\/\/www.leternoassente.com\/index.php?rest_route=\/wp\/v2\/media\/5533"}],"wp:attachment":[{"href":"https:\/\/www.leternoassente.com\/index.php?rest_route=%2Fwp%2Fv2%2Fmedia&parent=5511"}],"curies":[{"name":"wp","href":"https:\/\/api.w.org\/{rel}","templated":true}]}}