{"id":5671,"date":"2023-01-08T08:01:35","date_gmt":"2023-01-08T07:01:35","guid":{"rendered":"https:\/\/www.leternoassente.com\/?page_id=5671"},"modified":"2024-07-23T17:23:54","modified_gmt":"2024-07-23T15:23:54","slug":"il-cristianesimo-in-2-minuti-04-50","status":"publish","type":"page","link":"https:\/\/www.leternoassente.com\/?page_id=5671","title":{"rendered":"Il cristianesimo in 2 minuti \u2013 04\/50"},"content":{"rendered":"<p><strong>Il cristianesimo come fardello della societ\u00e0: il cristianesimo ha ritardato la societ\u00e0 di 1500 anni<\/strong><\/p>\n<hr>\n<p><a href=\"https:\/\/www.leternoassente.com\/wp-content\/uploads\/2023\/01\/eliopila.jpg\"><img loading=\"lazy\" decoding=\"async\" class=\"alignright size-full wp-image-5673\" src=\"https:\/\/www.leternoassente.com\/wp-content\/uploads\/2023\/01\/eliopila.jpg\" alt=\"\" width=\"1440\" height=\"824\" srcset=\"https:\/\/www.leternoassente.com\/wp-content\/uploads\/2023\/01\/eliopila.jpg 1440w, https:\/\/www.leternoassente.com\/wp-content\/uploads\/2023\/01\/eliopila-300x172.jpg 300w, https:\/\/www.leternoassente.com\/wp-content\/uploads\/2023\/01\/eliopila-1024x586.jpg 1024w, https:\/\/www.leternoassente.com\/wp-content\/uploads\/2023\/01\/eliopila-768x439.jpg 768w, https:\/\/www.leternoassente.com\/wp-content\/uploads\/2023\/01\/eliopila-500x286.jpg 500w\" sizes=\"(max-width: 1440px) 100vw, 1440px\" \/><\/a><\/p>\n<p>Un giocattolo risalente all&#8217;incirca all&#8217;epoca di Ges\u00f9 dimostra quanto poco il cristianesimo abbia fatto per migliorare la societ\u00e0 quando ne aveva la possibilit\u00e0.<\/p>\n<p>Nel I secolo d.C., Erone di Alessandria descrisse l&#8217;eolipila, un giocattolo alimentato a vapore. Si trattava di una sfera metallica cava che ruotava su un asse. L&#8217;asse era cavo e trasportava il vapore nella sfera da una caldaia sottostante. Il vapore usciva dalla sfera attraverso due getti che la facevano girare.<\/p>\n<p>\u00c8 sorprendente che questa turbina a vapore non sia mai stata pi\u00f9 di una curiosit\u00e0. L&#8217;Impero romano costru\u00ec strade, ponti, anfiteatri, templi e acquedotti che rimasero insuperati per secoli. Se avessero applicato il loro ingegno ingegneristico alle idee latenti in questo giocattolo, i Romani avrebbero potuto sviluppare macchinari a vapore 1700 anni prima della Rivoluzione industriale.<\/p>\n<p>Con la cristianizzazione dell&#8217;Impero nel IV secolo, il cristianesimo ebbe l&#8217;opportunit\u00e0 di migliorare la sorte del suo gregge. Dov&#8217;\u00e8 stata la sua rivoluzione industriale? Dov&#8217;\u00e8 stata almeno la fioritura di una nuova societ\u00e0 guidata dall&#8217;innovazione scientifica?<\/p>\n<p>La Bibbia ha promesso che il popolo di Dio sarebbe stato molto pi\u00f9 prospero degli altri. Ges\u00f9 disse: \u00abNessuno che abbia lasciato casa o fratelli o sorelle o madre o padre o figli o campi per me e per il Vangelo non ricever\u00e0 cento volte tanto in questo tempo presente\u00bb. Dio ha detto: \u00abPortate tutta la decima nel magazzino&#8230; e vedrete se non spalancher\u00f2 le porte del cielo e non riverser\u00f2 cos\u00ec tante benedizioni che non ci sar\u00e0 spazio sufficiente per immagazzinarle\u00bb.<\/p>\n<p>Il periodo in cui il cristianesimo \u00e8 stato al comando in Europa non si \u00e8 distinto per la fioritura della scienza e della tecnologia. Ci furono innovazioni durante il periodo medievale (gli occhiali, la ruota idraulica, le armature di metallo e le armi da fuoco, i castelli, la rotazione delle colture e altro), ma ci\u00f2 avvenne nonostante il cristianesimo, non grazie a esso. In effetti gran parte di queste innovazioni non era autoctona, ma era frutto dell&#8217;adozione di invenzioni straniere.<\/p>\n<p>Anche l&#8217;elenco dei miglioramenti sociali non \u00e8 molto ispirato. Per esempio, i Paesi europei hanno messo al bando la schiavit\u00f9 solo 1500 anni dopo che il cristianesimo aveva preso in mano la morale europea. Le leggi contro la schiavit\u00f9 sono state approvate nonostante gli insegnamenti della Bibbia, non in accordo con essi.<\/p>\n<p>Il cristianesimo avrebbe potuto guidare l&#8217;innovazione, se solo lo avesse voluto. Si pensi all&#8217;eccezionale periodo di costruzione delle cattedrali a partire dal XIII secolo e al mecenatismo della Chiesa nei confronti dell&#8217;arte durante il Rinascimento. Ma i progressi tecnologici e scientifici guidati dalla Chiesa servivano solo a glorificare s\u00e9 stessa. Qualsiasi beneficio per il popolo era involontario e la creazione di una societ\u00e0 migliore non era un obiettivo della Chiesa.<\/p>\n<p>La scienza, non la religione, ha portato la salute e la prosperit\u00e0 che abbiamo oggi. Un contadino che viveva in Europa nel 1100 avrebbe notato pochi miglioramenti un secolo dopo. \u00c8 evidente il contrasto con l&#8217;enorme salto avvenuto fra un secolo fa e oggi.<\/p>\n<p>Il cristianesimo sembra solo un&#8217;altra istituzione umana. Non c&#8217;\u00e8 alcuna prova che rappresenti il potere del Creatore dell&#8217;universo.<\/p>\n<p><a href=\"https:\/\/2minutechristianity.com\/blog\/\"><strong>Bob Seidensticker<\/strong><\/a><\/p>\n<hr>\n<p><strong>Note<\/strong><\/p>\n<blockquote><p>Ges\u00f9 rispose:<br \/>\n\u2013 Io vi assicuro che se qualcuno ha abbandonato casa, fratelli, sorelle, madre, padre, figli, campi\u2026 per me e per il messaggio del&nbsp;Vangelo,&nbsp;ricever\u00e0 gi\u00e0 in questa vita \u2013 insieme a persecuzioni \u2013 cento volte di pi\u00f9. Ricever\u00e0 case, fratelli, sorelle, madri, figli e campi, e nel mondo futuro la vita eterna.<br \/>\n\u2013 Marco 10,29-30.<\/p>\n<p>Se portate invece tutta la decima parte dei vostri beni al mio&nbsp;tempio, perch\u00e9 ci sia sempre del cibo di riserva, certamente aprir\u00f2 le porte del cielo e riverser\u00f2 su di voi abbondanti benedizioni. Ve lo prometto io, il Signore dell\u2019universo. Mettetemi pure alla prova in questo.<br \/>\n\u2013 Malachia 3,10.<\/p><\/blockquote>\n<hr>\n<p>(04\/50 \u2013 <a href=\"https:\/\/www.leternoassente.com\/?page_id=5699\">continua<\/a>)<\/p>\n<p>Immagine: Wikimedia, CC<\/p>\n<p><a href=\"https:\/\/www.leternoassente.com\/?page_id=5508\">Tutte le puntate.<\/a><\/p>\n<p>Leggi la <a href=\"https:\/\/2minutechristianity.com\/2022\/06\/20\/4-christianity-as-societys-burden-christianity-retarded-society-by-1500-years\/\">versione originale dell&#8217;articolo<\/a>.<\/p>\n<p>Ascolta l&#8217;articolo nel <a href=\"https:\/\/twominutechristianity.podbean.com\/e\/4-christianity-as-society-s-burden-christianity-retarded-society-by-1500-years\/\">podcast<\/a> o nel <a href=\"https:\/\/www.youtube.com\/watch?v=7t8KxibjXP4\">canale YouTube<\/a>.<\/p>\n<p>All material on this article is copyright 2022 by Bob Seidensticker. Translation By Choam Goldberg.<\/p>\n<hr>\n<p><em>Avvertenza:<\/em><br \/>\n<em>La lingua di questo articolo cerca di conciliare l&#8217;inclusivit\u00e0 con la leggibilit\u00e0 e la scorrevolezza. Nessuno si offenda quindi se evita le ripetizioni e usa il plurale sovraesteso. <a href=\"https:\/\/www.leternoassente.com\/?p=5651\">Ch\u00e9 mi spiace, ma la schwa anche no.<\/a><\/em><\/p>\n<hr>\n<p><em>Qui sotto trovi la possibilit\u00e0 di commentare quest&#8217;articolo. Per farlo, devi<br \/>\n1. confermare che sei ateo\/a,<br \/>\n2. essere consapevole che, se menti, stai commettendo il gravissimo peccato di apostasia,<br \/>\n3. aspettare che il commento sia approvato dall&#8217;admin.<br \/>\nL&#8217;approvazione dei commenti dipende dall&#8217;insindacabile e inappellabile giudizio dell&#8217;admin. Se vuoi saperne di pi\u00f9 a proposito dei commenti, puoi consultare le <a href=\"http:\/\/www.leternoassente.com\/?page_id=957#nocomment\" rel=\"noopener\" target=\"_blank\">FAQ<\/a>.<br \/>\nInoltre puoi commentare gli articoli e i post nel <a href=\"https:\/\/www.facebook.com\/groups\/eternoassente\/\" rel=\"noopener\" target=\"_blank\">Gruppo Facebook de L&#8217;Eterno Assente<\/a>, se ti iscrivi al Gruppo dopo aver risposto a una semplice domanda.<\/em><\/p>\n","protected":false},"excerpt":{"rendered":"<p>Il cristianesimo come fardello della societ\u00e0: il cristianesimo ha ritardato la societ\u00e0 di 1500 anni Un giocattolo risalente all&#8217;incirca all&#8217;epoca di Ges\u00f9 dimostra quanto poco il cristianesimo abbia fatto per migliorare la societ\u00e0 quando ne aveva la possibilit\u00e0. Nel I &hellip; <a href=\"https:\/\/www.leternoassente.com\/?page_id=5671\">Continua a leggere<span class=\"meta-nav\">&rarr;<\/span><\/a><\/p>\n","protected":false},"author":1,"featured_media":5533,"parent":5508,"menu_order":0,"comment_status":"open","ping_status":"closed","template":"","meta":{"footnotes":""},"class_list":["post-5671","page","type-page","status-publish","has-post-thumbnail","hentry"],"yoast_head":"<!-- This site is optimized with the Yoast SEO plugin v25.6 - https:\/\/yoast.com\/wordpress\/plugins\/seo\/ -->\n<title>Il cristianesimo in 2 minuti \u2013 04\/50 - L&#039;Eterno Assente<\/title>\n<meta name=\"description\" content=\"Il cristianesimo come fardello della societ\u00e0: il cristianesimo ha ritardato la societ\u00e0 di 1500 anni\" \/>\n<meta name=\"robots\" content=\"index, follow, max-snippet:-1, max-image-preview:large, max-video-preview:-1\" \/>\n<link rel=\"canonical\" href=\"https:\/\/www.leternoassente.com\/?page_id=5671\" \/>\n<meta property=\"og:locale\" content=\"it_IT\" \/>\n<meta property=\"og:type\" content=\"article\" \/>\n<meta property=\"og:title\" content=\"Il cristianesimo in 2 minuti \u2013 04\/50 - L&#039;Eterno Assente\" \/>\n<meta property=\"og:description\" content=\"Il cristianesimo come fardello della societ\u00e0: il cristianesimo ha ritardato la societ\u00e0 di 1500 anni\" \/>\n<meta property=\"og:url\" content=\"https:\/\/www.leternoassente.com\/?page_id=5671\" \/>\n<meta property=\"og:site_name\" content=\"L&#039;Eterno Assente\" \/>\n<meta property=\"article:modified_time\" content=\"2024-07-23T15:23:54+00:00\" \/>\n<meta property=\"og:image\" content=\"https:\/\/www.leternoassente.com\/wp-content\/uploads\/2022\/12\/2minuticristianesimotagliato.jpg\" \/>\n\t<meta property=\"og:image:width\" content=\"1213\" \/>\n\t<meta property=\"og:image:height\" content=\"600\" \/>\n\t<meta property=\"og:image:type\" content=\"image\/jpeg\" \/>\n<meta name=\"twitter:card\" content=\"summary_large_image\" \/>\n<meta name=\"twitter:site\" content=\"@leternoassente\" \/>\n<meta name=\"twitter:label1\" content=\"Tempo di lettura stimato\" \/>\n\t<meta name=\"twitter:data1\" content=\"4 minuti\" \/>\n<script type=\"application\/ld+json\" class=\"yoast-schema-graph\">{\"@context\":\"https:\/\/schema.org\",\"@graph\":[{\"@type\":\"WebPage\",\"@id\":\"https:\/\/www.leternoassente.com\/?page_id=5671\",\"url\":\"https:\/\/www.leternoassente.com\/?page_id=5671\",\"name\":\"Il cristianesimo in 2 minuti \u2013 04\/50 - L&#039;Eterno Assente\",\"isPartOf\":{\"@id\":\"https:\/\/www.leternoassente.com\/#website\"},\"primaryImageOfPage\":{\"@id\":\"https:\/\/www.leternoassente.com\/?page_id=5671#primaryimage\"},\"image\":{\"@id\":\"https:\/\/www.leternoassente.com\/?page_id=5671#primaryimage\"},\"thumbnailUrl\":\"https:\/\/www.leternoassente.com\/wp-content\/uploads\/2022\/12\/2minuticristianesimo-1.jpg\",\"datePublished\":\"2023-01-08T07:01:35+00:00\",\"dateModified\":\"2024-07-23T15:23:54+00:00\",\"description\":\"Il cristianesimo come fardello della societ\u00e0: il cristianesimo ha ritardato la societ\u00e0 di 1500 anni\",\"breadcrumb\":{\"@id\":\"https:\/\/www.leternoassente.com\/?page_id=5671#breadcrumb\"},\"inLanguage\":\"it-IT\",\"potentialAction\":[{\"@type\":\"ReadAction\",\"target\":[\"https:\/\/www.leternoassente.com\/?page_id=5671\"]}]},{\"@type\":\"ImageObject\",\"inLanguage\":\"it-IT\",\"@id\":\"https:\/\/www.leternoassente.com\/?page_id=5671#primaryimage\",\"url\":\"https:\/\/www.leternoassente.com\/wp-content\/uploads\/2022\/12\/2minuticristianesimo-1.jpg\",\"contentUrl\":\"https:\/\/www.leternoassente.com\/wp-content\/uploads\/2022\/12\/2minuticristianesimo-1.jpg\",\"width\":1500,\"height\":434},{\"@type\":\"BreadcrumbList\",\"@id\":\"https:\/\/www.leternoassente.com\/?page_id=5671#breadcrumb\",\"itemListElement\":[{\"@type\":\"ListItem\",\"position\":1,\"name\":\"Home\",\"item\":\"https:\/\/www.leternoassente.com\/\"},{\"@type\":\"ListItem\",\"position\":2,\"name\":\"Il cristianesimo in 2 minuti\",\"item\":\"https:\/\/www.leternoassente.com\/?page_id=5508\"},{\"@type\":\"ListItem\",\"position\":3,\"name\":\"Il cristianesimo in 2 minuti \u2013 04\/50\"}]},{\"@type\":\"WebSite\",\"@id\":\"https:\/\/www.leternoassente.com\/#website\",\"url\":\"https:\/\/www.leternoassente.com\/\",\"name\":\"L&#039;Eterno Assente\",\"description\":\"Dio, la vita, il senso e altre cazzate\",\"publisher\":{\"@id\":\"https:\/\/www.leternoassente.com\/#\/schema\/person\/d2069751871fcdb89a30a0775f4170f9\"},\"potentialAction\":[{\"@type\":\"SearchAction\",\"target\":{\"@type\":\"EntryPoint\",\"urlTemplate\":\"https:\/\/www.leternoassente.com\/?s={search_term_string}\"},\"query-input\":{\"@type\":\"PropertyValueSpecification\",\"valueRequired\":true,\"valueName\":\"search_term_string\"}}],\"inLanguage\":\"it-IT\"},{\"@type\":[\"Person\",\"Organization\"],\"@id\":\"https:\/\/www.leternoassente.com\/#\/schema\/person\/d2069751871fcdb89a30a0775f4170f9\",\"name\":\"Choam Goldberg\",\"image\":{\"@type\":\"ImageObject\",\"inLanguage\":\"it-IT\",\"@id\":\"https:\/\/www.leternoassente.com\/#\/schema\/person\/image\/\",\"url\":\"https:\/\/secure.gravatar.com\/avatar\/63d2c9f25f05d3da5001f2898f6fc9cd?s=96&d=wavatar&r=g\",\"contentUrl\":\"https:\/\/secure.gravatar.com\/avatar\/63d2c9f25f05d3da5001f2898f6fc9cd?s=96&d=wavatar&r=g\",\"caption\":\"Choam Goldberg\"},\"logo\":{\"@id\":\"https:\/\/www.leternoassente.com\/#\/schema\/person\/image\/\"},\"description\":\"Contemplata la vastit\u00e0 del cazzo che gliene frega e raggiunta l\u2019atarass\u00eca, Choam Goldberg pratica nondimeno l'antica, dilettevole e nobile arte di demolire le credenze dei\u00a0beoti e degli insipienti.\",\"sameAs\":[\"http:\/\/www.leternoassente.com\"]}]}<\/script>\n<!-- \/ Yoast SEO plugin. -->","yoast_head_json":{"title":"Il cristianesimo in 2 minuti \u2013 04\/50 - L&#039;Eterno Assente","description":"Il cristianesimo come fardello della societ\u00e0: il cristianesimo ha ritardato la societ\u00e0 di 1500 anni","robots":{"index":"index","follow":"follow","max-snippet":"max-snippet:-1","max-image-preview":"max-image-preview:large","max-video-preview":"max-video-preview:-1"},"canonical":"https:\/\/www.leternoassente.com\/?page_id=5671","og_locale":"it_IT","og_type":"article","og_title":"Il cristianesimo in 2 minuti \u2013 04\/50 - L&#039;Eterno Assente","og_description":"Il cristianesimo come fardello della societ\u00e0: il cristianesimo ha ritardato la societ\u00e0 di 1500 anni","og_url":"https:\/\/www.leternoassente.com\/?page_id=5671","og_site_name":"L&#039;Eterno Assente","article_modified_time":"2024-07-23T15:23:54+00:00","og_image":[{"width":1213,"height":600,"url":"https:\/\/www.leternoassente.com\/wp-content\/uploads\/2022\/12\/2minuticristianesimotagliato.jpg","type":"image\/jpeg"}],"twitter_card":"summary_large_image","twitter_site":"@leternoassente","twitter_misc":{"Tempo di lettura stimato":"4 minuti"},"schema":{"@context":"https:\/\/schema.org","@graph":[{"@type":"WebPage","@id":"https:\/\/www.leternoassente.com\/?page_id=5671","url":"https:\/\/www.leternoassente.com\/?page_id=5671","name":"Il cristianesimo in 2 minuti \u2013 04\/50 - L&#039;Eterno Assente","isPartOf":{"@id":"https:\/\/www.leternoassente.com\/#website"},"primaryImageOfPage":{"@id":"https:\/\/www.leternoassente.com\/?page_id=5671#primaryimage"},"image":{"@id":"https:\/\/www.leternoassente.com\/?page_id=5671#primaryimage"},"thumbnailUrl":"https:\/\/www.leternoassente.com\/wp-content\/uploads\/2022\/12\/2minuticristianesimo-1.jpg","datePublished":"2023-01-08T07:01:35+00:00","dateModified":"2024-07-23T15:23:54+00:00","description":"Il cristianesimo come fardello della societ\u00e0: il cristianesimo ha ritardato la societ\u00e0 di 1500 anni","breadcrumb":{"@id":"https:\/\/www.leternoassente.com\/?page_id=5671#breadcrumb"},"inLanguage":"it-IT","potentialAction":[{"@type":"ReadAction","target":["https:\/\/www.leternoassente.com\/?page_id=5671"]}]},{"@type":"ImageObject","inLanguage":"it-IT","@id":"https:\/\/www.leternoassente.com\/?page_id=5671#primaryimage","url":"https:\/\/www.leternoassente.com\/wp-content\/uploads\/2022\/12\/2minuticristianesimo-1.jpg","contentUrl":"https:\/\/www.leternoassente.com\/wp-content\/uploads\/2022\/12\/2minuticristianesimo-1.jpg","width":1500,"height":434},{"@type":"BreadcrumbList","@id":"https:\/\/www.leternoassente.com\/?page_id=5671#breadcrumb","itemListElement":[{"@type":"ListItem","position":1,"name":"Home","item":"https:\/\/www.leternoassente.com\/"},{"@type":"ListItem","position":2,"name":"Il cristianesimo in 2 minuti","item":"https:\/\/www.leternoassente.com\/?page_id=5508"},{"@type":"ListItem","position":3,"name":"Il cristianesimo in 2 minuti \u2013 04\/50"}]},{"@type":"WebSite","@id":"https:\/\/www.leternoassente.com\/#website","url":"https:\/\/www.leternoassente.com\/","name":"L&#039;Eterno Assente","description":"Dio, la vita, il senso e altre cazzate","publisher":{"@id":"https:\/\/www.leternoassente.com\/#\/schema\/person\/d2069751871fcdb89a30a0775f4170f9"},"potentialAction":[{"@type":"SearchAction","target":{"@type":"EntryPoint","urlTemplate":"https:\/\/www.leternoassente.com\/?s={search_term_string}"},"query-input":{"@type":"PropertyValueSpecification","valueRequired":true,"valueName":"search_term_string"}}],"inLanguage":"it-IT"},{"@type":["Person","Organization"],"@id":"https:\/\/www.leternoassente.com\/#\/schema\/person\/d2069751871fcdb89a30a0775f4170f9","name":"Choam Goldberg","image":{"@type":"ImageObject","inLanguage":"it-IT","@id":"https:\/\/www.leternoassente.com\/#\/schema\/person\/image\/","url":"https:\/\/secure.gravatar.com\/avatar\/63d2c9f25f05d3da5001f2898f6fc9cd?s=96&d=wavatar&r=g","contentUrl":"https:\/\/secure.gravatar.com\/avatar\/63d2c9f25f05d3da5001f2898f6fc9cd?s=96&d=wavatar&r=g","caption":"Choam Goldberg"},"logo":{"@id":"https:\/\/www.leternoassente.com\/#\/schema\/person\/image\/"},"description":"Contemplata la vastit\u00e0 del cazzo che gliene frega e raggiunta l\u2019atarass\u00eca, Choam Goldberg pratica nondimeno l'antica, dilettevole e nobile arte di demolire le credenze dei\u00a0beoti e degli insipienti.","sameAs":["http:\/\/www.leternoassente.com"]}]}},"_links":{"self":[{"href":"https:\/\/www.leternoassente.com\/index.php?rest_route=\/wp\/v2\/pages\/5671"}],"collection":[{"href":"https:\/\/www.leternoassente.com\/index.php?rest_route=\/wp\/v2\/pages"}],"about":[{"href":"https:\/\/www.leternoassente.com\/index.php?rest_route=\/wp\/v2\/types\/page"}],"author":[{"embeddable":true,"href":"https:\/\/www.leternoassente.com\/index.php?rest_route=\/wp\/v2\/users\/1"}],"replies":[{"embeddable":true,"href":"https:\/\/www.leternoassente.com\/index.php?rest_route=%2Fwp%2Fv2%2Fcomments&post=5671"}],"version-history":[{"count":7,"href":"https:\/\/www.leternoassente.com\/index.php?rest_route=\/wp\/v2\/pages\/5671\/revisions"}],"predecessor-version":[{"id":6622,"href":"https:\/\/www.leternoassente.com\/index.php?rest_route=\/wp\/v2\/pages\/5671\/revisions\/6622"}],"up":[{"embeddable":true,"href":"https:\/\/www.leternoassente.com\/index.php?rest_route=\/wp\/v2\/pages\/5508"}],"wp:featuredmedia":[{"embeddable":true,"href":"https:\/\/www.leternoassente.com\/index.php?rest_route=\/wp\/v2\/media\/5533"}],"wp:attachment":[{"href":"https:\/\/www.leternoassente.com\/index.php?rest_route=%2Fwp%2Fv2%2Fmedia&parent=5671"}],"curies":[{"name":"wp","href":"https:\/\/api.w.org\/{rel}","templated":true}]}}