{"id":5695,"date":"2023-01-17T06:41:32","date_gmt":"2023-01-17T05:41:32","guid":{"rendered":"https:\/\/www.leternoassente.com\/?page_id=5695"},"modified":"2023-01-17T06:41:35","modified_gmt":"2023-01-17T05:41:35","slug":"salvata-dallinferno","status":"publish","type":"page","link":"https:\/\/www.leternoassente.com\/?page_id=5695","title":{"rendered":"Salvata dall&#8217;Inferno"},"content":{"rendered":"<p><strong>Margherita Bignardi racconta la propria Storia per \u00abIo senza Dio\u00bb.<\/strong><\/p>\n<hr>\n<p>Per me la paura dell&#8217;Inferno \u00e8 stata benefica: il mio percorso di liberazione \u00e8 cominciato l\u00ec.<\/p>\n<p>Ero piccola e gi\u00e0 Dio Padre non mi piaceva per niente: barbuto e severo, si impicciava degli affari delle sue creature dall&#8217;alto delle nuvole solo per far danni e poi spedirle al tormento eterno. Per non parlare del triangolo con l&#8217;occhio! Non somigliavano affatto al mio bellissimo e simpaticissimo pap\u00e0: giovane, moderno, spiritoso, patito del jazz \u2013 la musica del Diavolo, he he! \u2013 e per di pi\u00f9 ateo e antifascista. Ero solo una bambina. Avrei conosciuto molto pi\u00f9 tardi il truce apparato di leggende e leggi, ma il poco che sapevo gi\u00e0 mi bastava: se lo conosci, lo eviti!<\/p>\n<p>Invece gli dei e gli eroi greci, cos\u00ec fuori di testa, con le loro inverosimili avventure, i dispetti e i capricci puerili, persino le azionacce, quelli mi andavano a genio! Mi facevo leggere dalla mamma \u00abStorie della storia del mondo\u00bb e viaggiavo rapita nella fantasia sotto le coperte, al calduccio e al sicuro, proprio come mi succedeva con le favole classiche tipo Biancaneve, alle quali l&#8217;ingrediente \u00abpaura\u00bb aggiungeva un po&#8217; di innocui brividi.<\/p>\n<p>Dall&#8217;altra parte c&#8217;erano Ges\u00f9 Bambino, la Madonna, gli angioletti, i Re Magi, gentili personaggi rassicuranti schierati con Babbo Natale e la Befana, che mi attiravano con successo nel loro magico mondo. Una bizzarra koin\u00e9, questa Sacra Famiglia estesa, dove le contraddizioni coesistevano pacificamente, come nella mia famiglia, come nella maggior parte delle famiglie del tempo. Alle donne, cattoliche pi\u00f9 o meno zelanti, le custodi della Tradizione, era delegata l&#8217;educazione dei figli, mentre gli uomini, beati loro, avevano pieno diritto al libero pensiero, purch\u00e9 non s&#8217;ingerissero.<\/p>\n<p>Per mia fortuna il mio pap\u00e0 s&#8217;ingeriva eccome. A tre anni mi allenava ai sillogismi aristotelici in confezione infantile sulle sue ginocchia e io azzeccavo tutte le risposte; lui andava in brodo di giuggiole e io incameravo logica e pensiero critico per uso futuro. E le sue battute o tirate anticlericali risuonavano per la casa, violando di fatto ogni divieto.<\/p>\n<p>Con questo variegato bagaglio fui mandata all&#8217;asilo dalle suore. Felice disastro! Fu l\u00ec che piantai la mia prima storica grana. Con la spietatezza dell&#8217;infanzia, protestavo che \u00abLe suore sono brutte e cattive, e puzzano! Non ci voglio andare pi\u00f9 all&#8217;asilo!\u00bb. Tanto ho strillato e puntato i piedi che hanno dovuto ritirarmi. La mia ribellione era tutta estetica e sensoriale, ma sotto sotto il pensiero critico affilava le armi.<\/p>\n<p>Sui sette anni \u2013 l&#8217;et\u00e0 della ragione, appunto \u2013 ho cominciato ad avere paura di Dio, il Capo Supremo. Una paura, un senso di solitudine, una vertigine tremenda: mi capitava di restare sveglia e tremante nel mio letto al buio immaginando il gelido universo infinito in cui quell&#8217;essere incorporeo \u2013 ingiusto, cattivo, sadico, indifferente o cosa? \u2013 occupava ogni luogo, non ti lasciava spazio n\u00e9 scampo. Diventato pi\u00f9 astratto e teologico, ovvero illogico, quel pensiero aveva nondimeno il potere di terrorizzarmi. L&#8217;Inferno invece no: siccome ero buona, forse pensavo che non ci sarei mai finita, ma l&#8217;idea che il mio babbo di sicuro e magari le altre persone che amavo potevano venire sprofondate laggi\u00f9 tra le fiamme e i forconi anche per un&#8217;inezia, un porco qui porco l\u00e0 dell&#8217;ultimo minuto, mi era insopportabile. Mia nonna, sedicente cattolica, mi aveva assicurato che l&#8217;Inferno non esisteva, che era roba per gonzi. (Nonna, le avrei detto anni dopo, ma ti rendi conto che \u00e8 un&#8217;eresia? In altri tempi saresti finita sul rogo!) Mah.<\/p>\n<p>E il Paradiso? No, grazie: tutta l&#8217;eternit\u00e0 a contemplare estatici Dio in compagnia di santi e beati di una noia mortale, senza amore umano, senza calore animale. Gi\u00e0, perch\u00e9 gli (altri) animali non potevano neanche avvicinarsi al cancello: San Pietro li avrebbe cacciati a pedate! Non avrei trovato neppure una bestiola amica. Non mi andava gi\u00f9 che il barboncino Ciuf, la micia Mignina e tutti gli altri animali \u2013 da \u00abanima\u00bb, giusto? \u2013  finissero nella discarica del Nulla come giocattoli rotti.<\/p>\n<p>Il Limbo sembrava il posto migliore: se non altro \u00e8 pieno di gente affascinante come i filosofi e i poeti dell&#8217;Antichit\u00e0, quell&#8217;Aristotele dei sillogismi e quella Saffo dei dolci versi d&#8217;amore che declamava sempre la mamma, tanto per dire. Ma io, per via del battesimo, ne ero esclusa. In ogni caso decideva tutto Lui, e non tollerava nessun dissenso. Mi ricordava i due brutti ceffi \u2013 quello col mascellone e il petto in fuori e quello coi baffetti e il Gott-mit-uns \u2013 che avevano fatto tanto soffrire il mio pap\u00e0 nell&#8217;inferno dei campi di concentramento per detto e ripetuto \u201cNo, No e poi No\u201d, e mi inquietava. Meglio non pensarci.<\/p>\n<p>Barcamenandomi alla bell&#8217;e meglio, attorno ai nove-dieci anni ho completato la trafila: prima Comunione, Cresima, catechismo. Ormai ero grandicella, volevo a tutti i costi fare ordine nel guazzabuglio della mia mente, ma mi intestardivo a trovare un filo logico nella dottrina e un quantum di senso in quell&#8217;oscuro e arcaico sistema dei delitti e delle pene morali. Invano, era come cercare di drizzare le gambe ai cani!* E cominciavo a non sopportare pi\u00f9 il carico di insensati sensi di colpa che la Chiesa metteva sulle mie fragili spalle di ragazzina approfittando dei turbamenti dell&#8217;incipiente pubert\u00e0. Perch\u00e9 dovevo avere per forza qualche peccato da confessare? Forse tutti quei dubbi, le sensazioni sgradevoli che questi suscitavano erano in s\u00e9 colpevoli quanto le sporadiche trafitture di piacere \u2013 nuove, strane e senza nome \u2013 che mi procurava il mio corpo in trasformazione ascoltando e immaginando il conturbante Elvis Presley, detto non a caso \u00abThe Pelvis\u00bb (il Bacino)?<\/p>\n<p>Intanto la mia ripugnanza per la fede cattolica, i suoi paraphernalia e i suoi concorrenti, superstizioni e magie varie compresi, cresceva. Le sublimi opere d&#8217;arte sacra del passato erano tutt&#8217;un&#8217;altra cosa, appartenendo al fiore della spiritualit\u00e0 umana che parlava la lingua del suo tempo, e certo mi incantavano; ma quello che vedevo smerciare intorno a me era solo il kitsch religioso pi\u00f9 melenso e dozzinale. Anche questo era colpa dei prelati!<\/p>\n<p>Avevo undici anni quando scoppi\u00f2 il caso del vescovo di Prato, che aveva messo alla berlina due giovani sposati civilmente bollandoli come \u00abpubblici concubini\u00bb e rovinandogli la vita. Il mostro! La mia famiglia fu compatta nell&#8217;indignarsi e mio padre non perse l&#8217;occasione di \u00abcatechizzarmi\u00bb, questa volta con l&#8217;appoggio esterno della mamma. Io non chiedevo di meglio: quella storia era la prova provata della loro perfidia. Cos\u00ec una sera mi lanciai in un&#8217;articolata invettiva di fronte agli amici dei miei, uno dei quali, l&#8217;unico bigotto della compagnia, reag\u00ec dandomi scherzosamente della scimmietta ammaestrata. Nonostante tutto per\u00f2 ero ancora in mezzo al guado.<\/p>\n<p>Finch\u00e9 un giorno subii una vera molestia, solo psicologica per un pelo: da dietro la grata del confessionale un viscido prete spazientito dai miei \u00abHo risposto male alla mamma\u00bb \u2013 altro non avevo da dire, non dicevo bugie, non rubavo la marmellata&#8230; \u2013 puntava a qualcosa di pi\u00f9 succoso, di pruriginoso, \u00abda sesto comandamento\u00bb. Fingendo premure per la mia anima, mi istru\u00ec con voce melliflua su come praticare contorsionistici \u00abatti impuri\u00bb solitari allo specchio. Scappai a gambe levate.<\/p>\n<p>Quell&#8217;episodio traumatico, che rester\u00e0 a lungo un segreto tossico, \u00e8 stato il tocco fatale che ha fatto crollare il castello di carte e incastrare magicamente tutti i pezzi del puzzle: dentro di me ho potuto dire addio per sempre a quegli uomini e donne di Chiesa con la loro obbedienza cieca, la loro sottomissione all&#8217;irrazionale, il loro Dio mitomane e bipolare&#8230;<\/p>\n<p>Poi finalmente, a tredici anni, ho trovato il coraggio di fare pubblica \u00ababiura\u00bb, il gran rifiuto di Dio e dei suoi rappresentanti, dei miti e dei riti della religione cattolica, di ogni religione, davanti ai parenti riuniti a tavola una domenica: il \u00abgiorno del Signore\u00bb.<\/p>\n<p><strong>Margherita Bignardi<\/strong><\/p>\n<p>* Come il denaro per il giovane Marx: \u00ab\u00c8 la fusione delle cose impossibili; esso costringe gli oggetti contraddittori a baciarsi\u00bb.<\/p>\n<hr>\n<p>Vuoi raccontare anche tu la tua Storia per \u00abIo senza Dio\u00bb? Spediscila a L&#8217;Eterno Assente, ma prima consulta il <a href=\"https:\/\/www.leternoassente.com\/?page_id=4429\" target=\"_blank\" rel=\"noopener noreferrer\">Regolamento<\/a><\/p>\n<p><a href=\"https:\/\/www.leternoassente.com\/?page_id=4502\" target=\"_blank\" rel=\"noopener noreferrer\">Tutte le Storie di \u00abIo senza Dio\u00bb<\/a><\/p>\n<hr>\n<p><em>Qui sotto trovi la possibilit\u00e0 di commentare quest&#8217;articolo. Per farlo, devi<br \/>\n1. confermare che sei ateo\/a,<br \/>\n2. essere consapevole che, se menti, stai commettendo il gravissimo peccato di apostasia,<br \/>\n3. aspettare che il commento sia approvato dall&#8217;admin.<br \/>\nL&#8217;approvazione dei commenti dipende dall&#8217;insindacabile e inappellabile giudizio dell&#8217;admin. Se vuoi saperne di pi\u00f9 a proposito dei commenti, puoi consultare le <a href=\"http:\/\/www.leternoassente.com\/?page_id=957#nocomment\" target=\"_blank\" rel=\"noopener noreferrer\">FAQ<\/a>.<br \/>\nInoltre puoi commentare gli articoli e i post nel <a href=\"https:\/\/www.facebook.com\/groups\/eternoassente\/\" target=\"_blank\" rel=\"noopener noreferrer\">Gruppo Facebook de L&#8217;Eterno Assente<\/a>, se ti iscrivi al Gruppo dopo aver risposto a una semplice domanda.<\/em><\/p>\n","protected":false},"excerpt":{"rendered":"<p>Margherita Bignardi racconta la propria Storia per \u00abIo senza Dio\u00bb. Per me la paura dell&#8217;Inferno \u00e8 stata benefica: il mio percorso di liberazione \u00e8 cominciato l\u00ec. Ero piccola e gi\u00e0 Dio Padre non mi piaceva per niente: barbuto e severo, &hellip; <a href=\"https:\/\/www.leternoassente.com\/?page_id=5695\">Continua a leggere<span class=\"meta-nav\">&rarr;<\/span><\/a><\/p>\n","protected":false},"author":1,"featured_media":3299,"parent":4502,"menu_order":0,"comment_status":"open","ping_status":"closed","template":"","meta":{"footnotes":""},"class_list":["post-5695","page","type-page","status-publish","has-post-thumbnail","hentry"],"yoast_head":"<!-- This site is optimized with the Yoast SEO plugin v25.6 - https:\/\/yoast.com\/wordpress\/plugins\/seo\/ -->\n<title>Salvata dall&#039;Inferno - L&#039;Eterno Assente<\/title>\n<meta name=\"description\" content=\"Margherita Bignardi racconta la propria Storia per \u00abIo senza Dio\u00bb.\" \/>\n<meta name=\"robots\" content=\"index, follow, max-snippet:-1, max-image-preview:large, max-video-preview:-1\" \/>\n<link rel=\"canonical\" href=\"https:\/\/www.leternoassente.com\/?page_id=5695\" \/>\n<meta property=\"og:locale\" content=\"it_IT\" \/>\n<meta property=\"og:type\" content=\"article\" \/>\n<meta property=\"og:title\" content=\"Salvata dall&#039;Inferno - L&#039;Eterno Assente\" \/>\n<meta property=\"og:description\" content=\"Margherita Bignardi racconta la propria Storia per \u00abIo senza Dio\u00bb.\" \/>\n<meta property=\"og:url\" content=\"https:\/\/www.leternoassente.com\/?page_id=5695\" \/>\n<meta property=\"og:site_name\" content=\"L&#039;Eterno Assente\" \/>\n<meta property=\"article:modified_time\" content=\"2023-01-17T05:41:35+00:00\" \/>\n<meta property=\"og:image\" content=\"https:\/\/www.leternoassente.com\/wp-content\/uploads\/2020\/04\/iosenzadio4seo.jpg\" \/>\n\t<meta property=\"og:image:width\" content=\"1200\" \/>\n\t<meta property=\"og:image:height\" content=\"630\" \/>\n\t<meta property=\"og:image:type\" content=\"image\/jpeg\" \/>\n<meta name=\"twitter:card\" content=\"summary_large_image\" \/>\n<meta name=\"twitter:site\" content=\"@leternoassente\" \/>\n<meta name=\"twitter:label1\" content=\"Tempo di lettura stimato\" \/>\n\t<meta name=\"twitter:data1\" content=\"8 minuti\" \/>\n<script type=\"application\/ld+json\" class=\"yoast-schema-graph\">{\"@context\":\"https:\/\/schema.org\",\"@graph\":[{\"@type\":\"WebPage\",\"@id\":\"https:\/\/www.leternoassente.com\/?page_id=5695\",\"url\":\"https:\/\/www.leternoassente.com\/?page_id=5695\",\"name\":\"Salvata dall'Inferno - L&#039;Eterno Assente\",\"isPartOf\":{\"@id\":\"https:\/\/www.leternoassente.com\/#website\"},\"primaryImageOfPage\":{\"@id\":\"https:\/\/www.leternoassente.com\/?page_id=5695#primaryimage\"},\"image\":{\"@id\":\"https:\/\/www.leternoassente.com\/?page_id=5695#primaryimage\"},\"thumbnailUrl\":\"https:\/\/www.leternoassente.com\/wp-content\/uploads\/2020\/04\/iosenzadio4.jpg\",\"datePublished\":\"2023-01-17T05:41:32+00:00\",\"dateModified\":\"2023-01-17T05:41:35+00:00\",\"description\":\"Margherita Bignardi racconta la propria Storia per \u00abIo senza Dio\u00bb.\",\"breadcrumb\":{\"@id\":\"https:\/\/www.leternoassente.com\/?page_id=5695#breadcrumb\"},\"inLanguage\":\"it-IT\",\"potentialAction\":[{\"@type\":\"ReadAction\",\"target\":[\"https:\/\/www.leternoassente.com\/?page_id=5695\"]}]},{\"@type\":\"ImageObject\",\"inLanguage\":\"it-IT\",\"@id\":\"https:\/\/www.leternoassente.com\/?page_id=5695#primaryimage\",\"url\":\"https:\/\/www.leternoassente.com\/wp-content\/uploads\/2020\/04\/iosenzadio4.jpg\",\"contentUrl\":\"https:\/\/www.leternoassente.com\/wp-content\/uploads\/2020\/04\/iosenzadio4.jpg\",\"width\":1500,\"height\":434},{\"@type\":\"BreadcrumbList\",\"@id\":\"https:\/\/www.leternoassente.com\/?page_id=5695#breadcrumb\",\"itemListElement\":[{\"@type\":\"ListItem\",\"position\":1,\"name\":\"Home\",\"item\":\"https:\/\/www.leternoassente.com\/\"},{\"@type\":\"ListItem\",\"position\":2,\"name\":\"\u00abIo senza Dio\u00bb \u2013 Storie\",\"item\":\"https:\/\/www.leternoassente.com\/?page_id=4502\"},{\"@type\":\"ListItem\",\"position\":3,\"name\":\"Salvata dall&#8217;Inferno\"}]},{\"@type\":\"WebSite\",\"@id\":\"https:\/\/www.leternoassente.com\/#website\",\"url\":\"https:\/\/www.leternoassente.com\/\",\"name\":\"L&#039;Eterno Assente\",\"description\":\"Dio, la vita, il senso e altre cazzate\",\"publisher\":{\"@id\":\"https:\/\/www.leternoassente.com\/#\/schema\/person\/d2069751871fcdb89a30a0775f4170f9\"},\"potentialAction\":[{\"@type\":\"SearchAction\",\"target\":{\"@type\":\"EntryPoint\",\"urlTemplate\":\"https:\/\/www.leternoassente.com\/?s={search_term_string}\"},\"query-input\":{\"@type\":\"PropertyValueSpecification\",\"valueRequired\":true,\"valueName\":\"search_term_string\"}}],\"inLanguage\":\"it-IT\"},{\"@type\":[\"Person\",\"Organization\"],\"@id\":\"https:\/\/www.leternoassente.com\/#\/schema\/person\/d2069751871fcdb89a30a0775f4170f9\",\"name\":\"Choam Goldberg\",\"image\":{\"@type\":\"ImageObject\",\"inLanguage\":\"it-IT\",\"@id\":\"https:\/\/www.leternoassente.com\/#\/schema\/person\/image\/\",\"url\":\"https:\/\/secure.gravatar.com\/avatar\/63d2c9f25f05d3da5001f2898f6fc9cd?s=96&d=wavatar&r=g\",\"contentUrl\":\"https:\/\/secure.gravatar.com\/avatar\/63d2c9f25f05d3da5001f2898f6fc9cd?s=96&d=wavatar&r=g\",\"caption\":\"Choam Goldberg\"},\"logo\":{\"@id\":\"https:\/\/www.leternoassente.com\/#\/schema\/person\/image\/\"},\"description\":\"Contemplata la vastit\u00e0 del cazzo che gliene frega e raggiunta l\u2019atarass\u00eca, Choam Goldberg pratica nondimeno l'antica, dilettevole e nobile arte di demolire le credenze dei\u00a0beoti e degli insipienti.\",\"sameAs\":[\"http:\/\/www.leternoassente.com\"]}]}<\/script>\n<!-- \/ Yoast SEO plugin. -->","yoast_head_json":{"title":"Salvata dall'Inferno - L&#039;Eterno Assente","description":"Margherita Bignardi racconta la propria Storia per \u00abIo senza Dio\u00bb.","robots":{"index":"index","follow":"follow","max-snippet":"max-snippet:-1","max-image-preview":"max-image-preview:large","max-video-preview":"max-video-preview:-1"},"canonical":"https:\/\/www.leternoassente.com\/?page_id=5695","og_locale":"it_IT","og_type":"article","og_title":"Salvata dall'Inferno - L&#039;Eterno Assente","og_description":"Margherita Bignardi racconta la propria Storia per \u00abIo senza Dio\u00bb.","og_url":"https:\/\/www.leternoassente.com\/?page_id=5695","og_site_name":"L&#039;Eterno Assente","article_modified_time":"2023-01-17T05:41:35+00:00","og_image":[{"width":1200,"height":630,"url":"https:\/\/www.leternoassente.com\/wp-content\/uploads\/2020\/04\/iosenzadio4seo.jpg","type":"image\/jpeg"}],"twitter_card":"summary_large_image","twitter_site":"@leternoassente","twitter_misc":{"Tempo di lettura stimato":"8 minuti"},"schema":{"@context":"https:\/\/schema.org","@graph":[{"@type":"WebPage","@id":"https:\/\/www.leternoassente.com\/?page_id=5695","url":"https:\/\/www.leternoassente.com\/?page_id=5695","name":"Salvata dall'Inferno - L&#039;Eterno Assente","isPartOf":{"@id":"https:\/\/www.leternoassente.com\/#website"},"primaryImageOfPage":{"@id":"https:\/\/www.leternoassente.com\/?page_id=5695#primaryimage"},"image":{"@id":"https:\/\/www.leternoassente.com\/?page_id=5695#primaryimage"},"thumbnailUrl":"https:\/\/www.leternoassente.com\/wp-content\/uploads\/2020\/04\/iosenzadio4.jpg","datePublished":"2023-01-17T05:41:32+00:00","dateModified":"2023-01-17T05:41:35+00:00","description":"Margherita Bignardi racconta la propria Storia per \u00abIo senza Dio\u00bb.","breadcrumb":{"@id":"https:\/\/www.leternoassente.com\/?page_id=5695#breadcrumb"},"inLanguage":"it-IT","potentialAction":[{"@type":"ReadAction","target":["https:\/\/www.leternoassente.com\/?page_id=5695"]}]},{"@type":"ImageObject","inLanguage":"it-IT","@id":"https:\/\/www.leternoassente.com\/?page_id=5695#primaryimage","url":"https:\/\/www.leternoassente.com\/wp-content\/uploads\/2020\/04\/iosenzadio4.jpg","contentUrl":"https:\/\/www.leternoassente.com\/wp-content\/uploads\/2020\/04\/iosenzadio4.jpg","width":1500,"height":434},{"@type":"BreadcrumbList","@id":"https:\/\/www.leternoassente.com\/?page_id=5695#breadcrumb","itemListElement":[{"@type":"ListItem","position":1,"name":"Home","item":"https:\/\/www.leternoassente.com\/"},{"@type":"ListItem","position":2,"name":"\u00abIo senza Dio\u00bb \u2013 Storie","item":"https:\/\/www.leternoassente.com\/?page_id=4502"},{"@type":"ListItem","position":3,"name":"Salvata dall&#8217;Inferno"}]},{"@type":"WebSite","@id":"https:\/\/www.leternoassente.com\/#website","url":"https:\/\/www.leternoassente.com\/","name":"L&#039;Eterno Assente","description":"Dio, la vita, il senso e altre cazzate","publisher":{"@id":"https:\/\/www.leternoassente.com\/#\/schema\/person\/d2069751871fcdb89a30a0775f4170f9"},"potentialAction":[{"@type":"SearchAction","target":{"@type":"EntryPoint","urlTemplate":"https:\/\/www.leternoassente.com\/?s={search_term_string}"},"query-input":{"@type":"PropertyValueSpecification","valueRequired":true,"valueName":"search_term_string"}}],"inLanguage":"it-IT"},{"@type":["Person","Organization"],"@id":"https:\/\/www.leternoassente.com\/#\/schema\/person\/d2069751871fcdb89a30a0775f4170f9","name":"Choam Goldberg","image":{"@type":"ImageObject","inLanguage":"it-IT","@id":"https:\/\/www.leternoassente.com\/#\/schema\/person\/image\/","url":"https:\/\/secure.gravatar.com\/avatar\/63d2c9f25f05d3da5001f2898f6fc9cd?s=96&d=wavatar&r=g","contentUrl":"https:\/\/secure.gravatar.com\/avatar\/63d2c9f25f05d3da5001f2898f6fc9cd?s=96&d=wavatar&r=g","caption":"Choam Goldberg"},"logo":{"@id":"https:\/\/www.leternoassente.com\/#\/schema\/person\/image\/"},"description":"Contemplata la vastit\u00e0 del cazzo che gliene frega e raggiunta l\u2019atarass\u00eca, Choam Goldberg pratica nondimeno l'antica, dilettevole e nobile arte di demolire le credenze dei\u00a0beoti e degli insipienti.","sameAs":["http:\/\/www.leternoassente.com"]}]}},"_links":{"self":[{"href":"https:\/\/www.leternoassente.com\/index.php?rest_route=\/wp\/v2\/pages\/5695"}],"collection":[{"href":"https:\/\/www.leternoassente.com\/index.php?rest_route=\/wp\/v2\/pages"}],"about":[{"href":"https:\/\/www.leternoassente.com\/index.php?rest_route=\/wp\/v2\/types\/page"}],"author":[{"embeddable":true,"href":"https:\/\/www.leternoassente.com\/index.php?rest_route=\/wp\/v2\/users\/1"}],"replies":[{"embeddable":true,"href":"https:\/\/www.leternoassente.com\/index.php?rest_route=%2Fwp%2Fv2%2Fcomments&post=5695"}],"version-history":[{"count":3,"href":"https:\/\/www.leternoassente.com\/index.php?rest_route=\/wp\/v2\/pages\/5695\/revisions"}],"predecessor-version":[{"id":5711,"href":"https:\/\/www.leternoassente.com\/index.php?rest_route=\/wp\/v2\/pages\/5695\/revisions\/5711"}],"up":[{"embeddable":true,"href":"https:\/\/www.leternoassente.com\/index.php?rest_route=\/wp\/v2\/pages\/4502"}],"wp:featuredmedia":[{"embeddable":true,"href":"https:\/\/www.leternoassente.com\/index.php?rest_route=\/wp\/v2\/media\/3299"}],"wp:attachment":[{"href":"https:\/\/www.leternoassente.com\/index.php?rest_route=%2Fwp%2Fv2%2Fmedia&parent=5695"}],"curies":[{"name":"wp","href":"https:\/\/api.w.org\/{rel}","templated":true}]}}