{"id":5719,"date":"2023-01-22T07:52:32","date_gmt":"2023-01-22T06:52:32","guid":{"rendered":"https:\/\/www.leternoassente.com\/?page_id=5719"},"modified":"2024-07-23T17:24:30","modified_gmt":"2024-07-23T15:24:30","slug":"il-cristianesimo-in-2-minuti-06-50","status":"publish","type":"page","link":"https:\/\/www.leternoassente.com\/?page_id=5719","title":{"rendered":"Il cristianesimo in 2 minuti \u2013 06\/50"},"content":{"rendered":"<p><strong>L&#8217;argomento del desiderio: il desiderio pu\u00f2 provare l&#8217;esistenza di Dio?<\/strong><\/p>\n<hr>\n<p><a href=\"https:\/\/www.leternoassente.com\/wp-content\/uploads\/2023\/01\/torta.jpg\"><img loading=\"lazy\" decoding=\"async\" class=\"alignright size-full wp-image-5722\" src=\"https:\/\/www.leternoassente.com\/wp-content\/uploads\/2023\/01\/torta.jpg\" alt=\"\" width=\"1440\" height=\"812\" srcset=\"https:\/\/www.leternoassente.com\/wp-content\/uploads\/2023\/01\/torta.jpg 1440w, https:\/\/www.leternoassente.com\/wp-content\/uploads\/2023\/01\/torta-300x169.jpg 300w, https:\/\/www.leternoassente.com\/wp-content\/uploads\/2023\/01\/torta-1024x577.jpg 1024w, https:\/\/www.leternoassente.com\/wp-content\/uploads\/2023\/01\/torta-768x433.jpg 768w, https:\/\/www.leternoassente.com\/wp-content\/uploads\/2023\/01\/torta-500x282.jpg 500w\" sizes=\"(max-width: 1440px) 100vw, 1440px\" \/><\/a><\/p>\n<p>Questo argomento cristiano esamina i desideri umani innati e vi scorge un indizio di Dio. Sentiamo la fame e quindi deve esserci il cibo, desideriamo la compagnia e quindi ci sono altre persone, desideriamo il soprannaturale e quindi deve esserci un Dio.<\/p>\n<p>Questo ragionamento \u00e8 facile da capire e ha un fascino intuitivo, ma fallisce a un esame pi\u00f9 attento. Se i nostri sentimenti sono un indicatore istintivo affidabile del soprannaturale, perch\u00e9 allora abbiamo paura della morte? Se sappiamo istintivamente che esiste un Dio e un luogo eterno per la nostra anima dopo la vita terrena, gli esseri umani dovrebbero differire dagli altri animali per l&#8217;ambivalenza nei confronti della morte o addirittura per il desiderio di essa. Ma non \u00e8 cos\u00ec.<\/p>\n<p>Questo argomento immagina che la fame indichi l&#8217;esistenza del cibo, ma \u00e8 il contrario. \u00c8 un ragionamento arretrato come quello della pozzanghera di Douglas Adams, che si meravigliava di quanto fosse ben fatto il suo buco. Non \u00e8 che noi notiamo la fame e quindi concludiamo che il cibo deve esistere; piuttosto gli animali hanno bisogno di cibo per sopravvivere e l&#8217;evoluzione seleziona quelli che si sforzano di ottenerlo con successo.<\/p>\n<p>Questo argomento elenca bisogni e pulsioni fisiche fondamentali e innate come il cibo, l&#8217;acqua, il sesso, la sicurezza e il sonno. Si potrebbero anche aggiungere desideri di livello superiore come la bellezza, la giustizia, la conoscenza, l&#8217;amicizia, l&#8217;amore o la compagnia. Il cristiano potrebbe voler evitare che lo scettico aggiunga alla lista la lampada di Aladino o i superpoteri, ovviamente rifiutando quindi tutto ci\u00f2 che non esiste. Ma, se vogliamo conservare cibo e bevande \u2013 che sappiamo esistere \u2013 e rifiutare lampade magiche e superpoteri \u2013 che sappiamo non esistere \u2013, allora dobbiamo essere coerenti e scartare anche Dio. E si noti che, se i desideri di cibo, acqua, sesso e altre cose fondamentali non vengono mai soddisfatti, la razza umana si estingue. Al contrario, la fame di soprannaturale non ha nulla a che fare con la sopravvivenza. Il vago desiderio di un Dio che metta tutto a posto non si concilia logicamente con le pulsioni obbligatorie. \u00c8 difficile giustificare il desiderio di Dio come innato, quando condividiamo con altri animali sociali le pulsioni di base per il cibo, l&#8217;acqua e cos\u00ec via, ma non il desiderio per il soprannaturale.<\/p>\n<p>C. S. Lewis ha detto: \u00abSarebbe molto strano se il fenomeno chiamato &#8220;innamoramento&#8221; si verificasse in un mondo senza sesso\u00bb. Ma davvero \u00e8 strano? La gente crede che si possa parlare con i morti o che il movimento dei pianeti influenzi la nostra vita, eppure queste credenze sono false. Non \u00e8 affatto strano che gli esseri umani desiderino cose che non esistono.<\/p>\n<p>Possiamo immaginare una giustizia perfetta, la pace nel mondo o un Dio amorevole, ma questo non li rende realt\u00e0. Come nel caso dell&#8217;argomento ontologico del capitolo 8, pensarla non la rende tale.<\/p>\n<p>Il wishful thinking nella religione \u00e8 come il wishful thinking nel reparto \u00abSalute e Bellezza\u00bb di un negozio o nelle diete o nelle cure di fine vita. Sarebbe bello apparire pi\u00f9 giovani o vivere pi\u00f9 a lungo e sarebbe bello avere un Amico onnipotente che si prende cura di voi. Ma questo non lo rende esistente. Come per i cosmetici e le cure, dobbiamo essere scettici.<\/p>\n<p><a href=\"https:\/\/2minutechristianity.com\/blog\/\"><strong>Bob Seidensticker<\/strong><\/a><\/p>\n<hr>\n<p>(06\/50 \u2013 <a href=\"https:\/\/www.leternoassente.com\/?page_id=5727\">continua<\/a>)<\/p>\n<p>Immagine: <a href=\"https:\/\/bit.ly\/3Xio8iU\">anokarina<\/a>&nbsp;(CC BY-SA 2.0)<\/p>\n<p><a href=\"https:\/\/www.leternoassente.com\/?page_id=5508\">Tutte le puntate.<\/a><\/p>\n<p>Leggi la <a href=\"https:\/\/2minutechristianity.com\/2022\/07\/04\/6-argument-from-desire-can-desire-prove-gods-existence\/\">versione originale dell&#8217;articolo<\/a>.<\/p>\n<p>Ascolta l&#8217;articolo nel <a href=\"https:\/\/twominutechristianity.podbean.com\/e\/6-argument-from-desire-can-desire-prove-god-s-existence\/\">podcast<\/a> o nel <a href=\"https:\/\/www.youtube.com\/watch?v=i5vDsu3W4Vc\">canale YouTube<\/a>.<\/p>\n<p>All material on this article is copyright 2022 by Bob Seidensticker. Translation By Choam Goldberg.<\/p>\n<hr>\n<p><em>Avvertenza:<\/em><br \/>\n<em>La lingua di questo articolo cerca di conciliare l&#8217;inclusivit\u00e0 con la leggibilit\u00e0 e la scorrevolezza. Nessuno si offenda quindi se evita le ripetizioni e usa il plurale sovraesteso. <a href=\"https:\/\/www.leternoassente.com\/?p=5651\">Ch\u00e9 mi spiace, ma la schwa anche no.<\/a><\/em><\/p>\n<hr>\n<p><em>Qui sotto trovi la possibilit\u00e0 di commentare quest&#8217;articolo. Per farlo, devi<br \/>\n1. confermare che sei ateo\/a,<br \/>\n2. essere consapevole che, se menti, stai commettendo il gravissimo peccato di apostasia,<br \/>\n3. aspettare che il commento sia approvato dall&#8217;admin.<br \/>\nL&#8217;approvazione dei commenti dipende dall&#8217;insindacabile e inappellabile giudizio dell&#8217;admin. Se vuoi saperne di pi\u00f9 a proposito dei commenti, puoi consultare le <a href=\"http:\/\/www.leternoassente.com\/?page_id=957#nocomment\" rel=\"noopener\" target=\"_blank\">FAQ<\/a>.<br \/>\nInoltre puoi commentare gli articoli e i post nel <a href=\"https:\/\/www.facebook.com\/groups\/eternoassente\/\" rel=\"noopener\" target=\"_blank\">Gruppo Facebook de L&#8217;Eterno Assente<\/a>, se ti iscrivi al Gruppo dopo aver risposto a una semplice domanda.<\/em><\/p>\n","protected":false},"excerpt":{"rendered":"<p>L&#8217;argomento del desiderio: il desiderio pu\u00f2 provare l&#8217;esistenza di Dio? Questo argomento cristiano esamina i desideri umani innati e vi scorge un indizio di Dio. Sentiamo la fame e quindi deve esserci il cibo, desideriamo la compagnia e quindi ci &hellip; <a href=\"https:\/\/www.leternoassente.com\/?page_id=5719\">Continua a leggere<span class=\"meta-nav\">&rarr;<\/span><\/a><\/p>\n","protected":false},"author":1,"featured_media":5533,"parent":5508,"menu_order":0,"comment_status":"open","ping_status":"closed","template":"","meta":{"footnotes":""},"class_list":["post-5719","page","type-page","status-publish","has-post-thumbnail","hentry"],"yoast_head":"<!-- This site is optimized with the Yoast SEO plugin v25.6 - https:\/\/yoast.com\/wordpress\/plugins\/seo\/ -->\n<title>Il cristianesimo in 2 minuti \u2013 06\/50 - L&#039;Eterno Assente<\/title>\n<meta name=\"description\" content=\"Argomento del desiderio: il desiderio pu\u00f2 provare l&#039;esistenza di Dio?\" \/>\n<meta name=\"robots\" content=\"index, follow, max-snippet:-1, max-image-preview:large, max-video-preview:-1\" \/>\n<link rel=\"canonical\" href=\"https:\/\/www.leternoassente.com\/?page_id=5719\" \/>\n<meta property=\"og:locale\" content=\"it_IT\" \/>\n<meta property=\"og:type\" content=\"article\" \/>\n<meta property=\"og:title\" content=\"Il cristianesimo in 2 minuti \u2013 06\/50 - L&#039;Eterno Assente\" \/>\n<meta property=\"og:description\" content=\"Argomento del desiderio: il desiderio pu\u00f2 provare l&#039;esistenza di Dio?\" \/>\n<meta property=\"og:url\" content=\"https:\/\/www.leternoassente.com\/?page_id=5719\" \/>\n<meta property=\"og:site_name\" content=\"L&#039;Eterno Assente\" \/>\n<meta property=\"article:modified_time\" content=\"2024-07-23T15:24:30+00:00\" \/>\n<meta property=\"og:image\" content=\"https:\/\/www.leternoassente.com\/wp-content\/uploads\/2022\/12\/2minuticristianesimotagliato.jpg\" \/>\n\t<meta property=\"og:image:width\" content=\"1213\" \/>\n\t<meta property=\"og:image:height\" content=\"600\" \/>\n\t<meta property=\"og:image:type\" content=\"image\/jpeg\" \/>\n<meta name=\"twitter:card\" content=\"summary_large_image\" \/>\n<meta name=\"twitter:site\" content=\"@leternoassente\" \/>\n<meta name=\"twitter:label1\" content=\"Tempo di lettura stimato\" \/>\n\t<meta name=\"twitter:data1\" content=\"4 minuti\" \/>\n<script type=\"application\/ld+json\" class=\"yoast-schema-graph\">{\"@context\":\"https:\/\/schema.org\",\"@graph\":[{\"@type\":\"WebPage\",\"@id\":\"https:\/\/www.leternoassente.com\/?page_id=5719\",\"url\":\"https:\/\/www.leternoassente.com\/?page_id=5719\",\"name\":\"Il cristianesimo in 2 minuti \u2013 06\/50 - L&#039;Eterno Assente\",\"isPartOf\":{\"@id\":\"https:\/\/www.leternoassente.com\/#website\"},\"primaryImageOfPage\":{\"@id\":\"https:\/\/www.leternoassente.com\/?page_id=5719#primaryimage\"},\"image\":{\"@id\":\"https:\/\/www.leternoassente.com\/?page_id=5719#primaryimage\"},\"thumbnailUrl\":\"https:\/\/www.leternoassente.com\/wp-content\/uploads\/2022\/12\/2minuticristianesimo-1.jpg\",\"datePublished\":\"2023-01-22T06:52:32+00:00\",\"dateModified\":\"2024-07-23T15:24:30+00:00\",\"description\":\"Argomento del desiderio: il desiderio pu\u00f2 provare l'esistenza di Dio?\",\"breadcrumb\":{\"@id\":\"https:\/\/www.leternoassente.com\/?page_id=5719#breadcrumb\"},\"inLanguage\":\"it-IT\",\"potentialAction\":[{\"@type\":\"ReadAction\",\"target\":[\"https:\/\/www.leternoassente.com\/?page_id=5719\"]}]},{\"@type\":\"ImageObject\",\"inLanguage\":\"it-IT\",\"@id\":\"https:\/\/www.leternoassente.com\/?page_id=5719#primaryimage\",\"url\":\"https:\/\/www.leternoassente.com\/wp-content\/uploads\/2022\/12\/2minuticristianesimo-1.jpg\",\"contentUrl\":\"https:\/\/www.leternoassente.com\/wp-content\/uploads\/2022\/12\/2minuticristianesimo-1.jpg\",\"width\":1500,\"height\":434},{\"@type\":\"BreadcrumbList\",\"@id\":\"https:\/\/www.leternoassente.com\/?page_id=5719#breadcrumb\",\"itemListElement\":[{\"@type\":\"ListItem\",\"position\":1,\"name\":\"Home\",\"item\":\"https:\/\/www.leternoassente.com\/\"},{\"@type\":\"ListItem\",\"position\":2,\"name\":\"Il cristianesimo in 2 minuti\",\"item\":\"https:\/\/www.leternoassente.com\/?page_id=5508\"},{\"@type\":\"ListItem\",\"position\":3,\"name\":\"Il cristianesimo in 2 minuti \u2013 06\/50\"}]},{\"@type\":\"WebSite\",\"@id\":\"https:\/\/www.leternoassente.com\/#website\",\"url\":\"https:\/\/www.leternoassente.com\/\",\"name\":\"L&#039;Eterno Assente\",\"description\":\"Dio, la vita, il senso e altre cazzate\",\"publisher\":{\"@id\":\"https:\/\/www.leternoassente.com\/#\/schema\/person\/d2069751871fcdb89a30a0775f4170f9\"},\"potentialAction\":[{\"@type\":\"SearchAction\",\"target\":{\"@type\":\"EntryPoint\",\"urlTemplate\":\"https:\/\/www.leternoassente.com\/?s={search_term_string}\"},\"query-input\":{\"@type\":\"PropertyValueSpecification\",\"valueRequired\":true,\"valueName\":\"search_term_string\"}}],\"inLanguage\":\"it-IT\"},{\"@type\":[\"Person\",\"Organization\"],\"@id\":\"https:\/\/www.leternoassente.com\/#\/schema\/person\/d2069751871fcdb89a30a0775f4170f9\",\"name\":\"Choam Goldberg\",\"image\":{\"@type\":\"ImageObject\",\"inLanguage\":\"it-IT\",\"@id\":\"https:\/\/www.leternoassente.com\/#\/schema\/person\/image\/\",\"url\":\"https:\/\/secure.gravatar.com\/avatar\/63d2c9f25f05d3da5001f2898f6fc9cd?s=96&d=wavatar&r=g\",\"contentUrl\":\"https:\/\/secure.gravatar.com\/avatar\/63d2c9f25f05d3da5001f2898f6fc9cd?s=96&d=wavatar&r=g\",\"caption\":\"Choam Goldberg\"},\"logo\":{\"@id\":\"https:\/\/www.leternoassente.com\/#\/schema\/person\/image\/\"},\"description\":\"Contemplata la vastit\u00e0 del cazzo che gliene frega e raggiunta l\u2019atarass\u00eca, Choam Goldberg pratica nondimeno l'antica, dilettevole e nobile arte di demolire le credenze dei\u00a0beoti e degli insipienti.\",\"sameAs\":[\"http:\/\/www.leternoassente.com\"]}]}<\/script>\n<!-- \/ Yoast SEO plugin. -->","yoast_head_json":{"title":"Il cristianesimo in 2 minuti \u2013 06\/50 - L&#039;Eterno Assente","description":"Argomento del desiderio: il desiderio pu\u00f2 provare l'esistenza di Dio?","robots":{"index":"index","follow":"follow","max-snippet":"max-snippet:-1","max-image-preview":"max-image-preview:large","max-video-preview":"max-video-preview:-1"},"canonical":"https:\/\/www.leternoassente.com\/?page_id=5719","og_locale":"it_IT","og_type":"article","og_title":"Il cristianesimo in 2 minuti \u2013 06\/50 - L&#039;Eterno Assente","og_description":"Argomento del desiderio: il desiderio pu\u00f2 provare l'esistenza di Dio?","og_url":"https:\/\/www.leternoassente.com\/?page_id=5719","og_site_name":"L&#039;Eterno Assente","article_modified_time":"2024-07-23T15:24:30+00:00","og_image":[{"width":1213,"height":600,"url":"https:\/\/www.leternoassente.com\/wp-content\/uploads\/2022\/12\/2minuticristianesimotagliato.jpg","type":"image\/jpeg"}],"twitter_card":"summary_large_image","twitter_site":"@leternoassente","twitter_misc":{"Tempo di lettura stimato":"4 minuti"},"schema":{"@context":"https:\/\/schema.org","@graph":[{"@type":"WebPage","@id":"https:\/\/www.leternoassente.com\/?page_id=5719","url":"https:\/\/www.leternoassente.com\/?page_id=5719","name":"Il cristianesimo in 2 minuti \u2013 06\/50 - L&#039;Eterno Assente","isPartOf":{"@id":"https:\/\/www.leternoassente.com\/#website"},"primaryImageOfPage":{"@id":"https:\/\/www.leternoassente.com\/?page_id=5719#primaryimage"},"image":{"@id":"https:\/\/www.leternoassente.com\/?page_id=5719#primaryimage"},"thumbnailUrl":"https:\/\/www.leternoassente.com\/wp-content\/uploads\/2022\/12\/2minuticristianesimo-1.jpg","datePublished":"2023-01-22T06:52:32+00:00","dateModified":"2024-07-23T15:24:30+00:00","description":"Argomento del desiderio: il desiderio pu\u00f2 provare l'esistenza di Dio?","breadcrumb":{"@id":"https:\/\/www.leternoassente.com\/?page_id=5719#breadcrumb"},"inLanguage":"it-IT","potentialAction":[{"@type":"ReadAction","target":["https:\/\/www.leternoassente.com\/?page_id=5719"]}]},{"@type":"ImageObject","inLanguage":"it-IT","@id":"https:\/\/www.leternoassente.com\/?page_id=5719#primaryimage","url":"https:\/\/www.leternoassente.com\/wp-content\/uploads\/2022\/12\/2minuticristianesimo-1.jpg","contentUrl":"https:\/\/www.leternoassente.com\/wp-content\/uploads\/2022\/12\/2minuticristianesimo-1.jpg","width":1500,"height":434},{"@type":"BreadcrumbList","@id":"https:\/\/www.leternoassente.com\/?page_id=5719#breadcrumb","itemListElement":[{"@type":"ListItem","position":1,"name":"Home","item":"https:\/\/www.leternoassente.com\/"},{"@type":"ListItem","position":2,"name":"Il cristianesimo in 2 minuti","item":"https:\/\/www.leternoassente.com\/?page_id=5508"},{"@type":"ListItem","position":3,"name":"Il cristianesimo in 2 minuti \u2013 06\/50"}]},{"@type":"WebSite","@id":"https:\/\/www.leternoassente.com\/#website","url":"https:\/\/www.leternoassente.com\/","name":"L&#039;Eterno Assente","description":"Dio, la vita, il senso e altre cazzate","publisher":{"@id":"https:\/\/www.leternoassente.com\/#\/schema\/person\/d2069751871fcdb89a30a0775f4170f9"},"potentialAction":[{"@type":"SearchAction","target":{"@type":"EntryPoint","urlTemplate":"https:\/\/www.leternoassente.com\/?s={search_term_string}"},"query-input":{"@type":"PropertyValueSpecification","valueRequired":true,"valueName":"search_term_string"}}],"inLanguage":"it-IT"},{"@type":["Person","Organization"],"@id":"https:\/\/www.leternoassente.com\/#\/schema\/person\/d2069751871fcdb89a30a0775f4170f9","name":"Choam Goldberg","image":{"@type":"ImageObject","inLanguage":"it-IT","@id":"https:\/\/www.leternoassente.com\/#\/schema\/person\/image\/","url":"https:\/\/secure.gravatar.com\/avatar\/63d2c9f25f05d3da5001f2898f6fc9cd?s=96&d=wavatar&r=g","contentUrl":"https:\/\/secure.gravatar.com\/avatar\/63d2c9f25f05d3da5001f2898f6fc9cd?s=96&d=wavatar&r=g","caption":"Choam Goldberg"},"logo":{"@id":"https:\/\/www.leternoassente.com\/#\/schema\/person\/image\/"},"description":"Contemplata la vastit\u00e0 del cazzo che gliene frega e raggiunta l\u2019atarass\u00eca, Choam Goldberg pratica nondimeno l'antica, dilettevole e nobile arte di demolire le credenze dei\u00a0beoti e degli insipienti.","sameAs":["http:\/\/www.leternoassente.com"]}]}},"_links":{"self":[{"href":"https:\/\/www.leternoassente.com\/index.php?rest_route=\/wp\/v2\/pages\/5719"}],"collection":[{"href":"https:\/\/www.leternoassente.com\/index.php?rest_route=\/wp\/v2\/pages"}],"about":[{"href":"https:\/\/www.leternoassente.com\/index.php?rest_route=\/wp\/v2\/types\/page"}],"author":[{"embeddable":true,"href":"https:\/\/www.leternoassente.com\/index.php?rest_route=\/wp\/v2\/users\/1"}],"replies":[{"embeddable":true,"href":"https:\/\/www.leternoassente.com\/index.php?rest_route=%2Fwp%2Fv2%2Fcomments&post=5719"}],"version-history":[{"count":12,"href":"https:\/\/www.leternoassente.com\/index.php?rest_route=\/wp\/v2\/pages\/5719\/revisions"}],"predecessor-version":[{"id":6624,"href":"https:\/\/www.leternoassente.com\/index.php?rest_route=\/wp\/v2\/pages\/5719\/revisions\/6624"}],"up":[{"embeddable":true,"href":"https:\/\/www.leternoassente.com\/index.php?rest_route=\/wp\/v2\/pages\/5508"}],"wp:featuredmedia":[{"embeddable":true,"href":"https:\/\/www.leternoassente.com\/index.php?rest_route=\/wp\/v2\/media\/5533"}],"wp:attachment":[{"href":"https:\/\/www.leternoassente.com\/index.php?rest_route=%2Fwp%2Fv2%2Fmedia&parent=5719"}],"curies":[{"name":"wp","href":"https:\/\/api.w.org\/{rel}","templated":true}]}}