{"id":5727,"date":"2023-01-29T12:40:09","date_gmt":"2023-01-29T11:40:09","guid":{"rendered":"https:\/\/www.leternoassente.com\/?page_id=5727"},"modified":"2024-07-23T17:25:20","modified_gmt":"2024-07-23T15:25:20","slug":"il-cristianesimo-in-2-minuti-07-50","status":"publish","type":"page","link":"https:\/\/www.leternoassente.com\/?page_id=5727","title":{"rendered":"Il cristianesimo in 2 minuti \u2013 07\/50"},"content":{"rendered":"<p><strong>La profezia del Salmo 22: non si adatta a Ges\u00f9<\/strong><\/p>\n<hr>\n<p><a href=\"https:\/\/www.leternoassente.com\/wp-content\/uploads\/2023\/01\/cartedagioco.jpg\"><img loading=\"lazy\" decoding=\"async\" class=\"alignright size-full wp-image-5730\" src=\"https:\/\/www.leternoassente.com\/wp-content\/uploads\/2023\/01\/cartedagioco.jpg\" alt=\"\" width=\"1440\" height=\"940\" srcset=\"https:\/\/www.leternoassente.com\/wp-content\/uploads\/2023\/01\/cartedagioco.jpg 1440w, https:\/\/www.leternoassente.com\/wp-content\/uploads\/2023\/01\/cartedagioco-300x196.jpg 300w, https:\/\/www.leternoassente.com\/wp-content\/uploads\/2023\/01\/cartedagioco-1024x668.jpg 1024w, https:\/\/www.leternoassente.com\/wp-content\/uploads\/2023\/01\/cartedagioco-768x501.jpg 768w, https:\/\/www.leternoassente.com\/wp-content\/uploads\/2023\/01\/cartedagioco-460x300.jpg 460w\" sizes=\"(max-width: 1440px) 100vw, 1440px\" \/><\/a><\/p>\n<p>Il Salmo 22 \u00e8 un testo popolare nel quale cercare le profezie dell&#8217;Antico Testamento adempiute dalla vita di Ges\u00f9. Gli apologeti cristiani \u2013 cio\u00e8 i difensori del cristianesimo \u2013 sostengono che \u00e8 strettamente corrispondente alla storia della crocifissione, anche se precede Ges\u00f9 di circa mille anni.<\/p>\n<p>Questo argomento \u00e8 convincente solo se si esaminano i versetti che lo sostengono e si ignorano gli altri. Nel complesso, questo capitolo non \u00e8 una profezia della crocifissione.<\/p>\n<p>Consideriamo anzitutto i versetti che sostengono l&#8217;argomento.<\/p>\n<p>Il primo versetto del Salmo 22 \u00e8 \u00abDio mio, Dio mio, perch\u00e9 mi hai abbandonato?\u00bb, che sono le ultime parole di Ges\u00f9 secondo i Vangeli di Matteo e Marco.<\/p>\n<p>\u00abRide di me chiunque mi incontra, \/ storce la bocca, scuote la testa e dice: \/ &#8220;Ponga la sua fiducia nel Signore, \/ lo salvi lui, lo liberi, se lo ama davvero!&#8221;\u00bb. Marco registra che gli astanti insultano Ges\u00f9 e si fanno beffe della sua incapacit\u00e0 di liberarsi.<\/p>\n<p>\u00abGi\u00e0 si dividono i miei vestiti \/ e la mia tunica tirano a sorte.\u00bb. Proprio come si legge in Marco.<\/p>\n<p>L&#8217;autore di Marco conosceva sicuramente il Salmo 22 e avrebbe potuto aggiungere al suo Vangelo la distribuzione delle vesti, le derisioni della folla e le ultime parole. Non c&#8217;\u00e8 bisogno di una profezia soprannaturale, se Marco ha preso questi elementi dal Salmo 22.<\/p>\n<p>Riconsideriamo le ultime parole: \u00abDio mio, Dio mio, perch\u00e9 mi hai abbandonato?\u00bb. Non solo l&#8217;abbandono di Ges\u00f9 non fa parte del piano di Dio, ma non sembra nemmeno il Ges\u00f9 freddo che troviamo nelle storie della crocifissione di Luca e Giovanni.<\/p>\n<p>L&#8217;argomentazione apologetica punta su piccoli frammenti intriganti, ma nel complesso questo non assomiglia affatto alla storia della crocifissione. Considerando l&#8217;intero capitolo, troviamo dei versetti che dipingono un quadro diverso.<\/p>\n<p>\u00abSignore, tu mi hai tratto dal ventre di mia madre \/ e tra le sue braccia mi hai fatto riposare. \/ A te sono stato affidato fin dalla nascita, \/ fin dal ventre di mia madre tu sei il mio Dio.\u00bb: di nuovo, sembra un uomo comune. La prima persona della Trinit\u00e0 non avrebbe bisogno di far s\u00ec che la seconda persona della Trinit\u00e0 abbia fiducia in lui.<\/p>\n<p>\u00abI nemici mi circondano come mandrie di tori, \/ (&#8230;) \/ ruggiscono come leoni feroci, \/ contro di me spalancano la bocca.\u00bb. Tori e leoni? Sembra uno spettacolo in un&#8217;arena, non una crocifissione.<\/p>\n<p>\u00abSono ridotto a pelle e ossa\u00bb. Quest&#8217;uomo sfortunato deve morire di fame, ma (di nuovo) questa non \u00e8 la storia del Vangelo.<\/p>\n<p>\u00abDifendi la mia vita dalla spada, \/ strappala dalle unghie di quei cani. \/ Salvami dalla bocca dei leoni, \/ liberami dalle corna dei bufali.\u00bb. Ancora una volta, non \u00e8 la storia del Vangelo.<\/p>\n<p>Un ultimo problema nell&#8217;inserire il Salmo 22 nella storia del Vangelo \u00e8 che non c&#8217;\u00e8 alcun riferimento alla risurrezione. E non pu\u00f2 essere la storia del sacrificio di Ges\u00f9 se manca la conclusione.<\/p>\n<p>Se letto completamente e senza presupposti, il Salmo 22 non sembra affatto un riassunto della storia della crocifissione.<\/p>\n<p><a href=\"https:\/\/2minutechristianity.com\/blog\/\"><strong>Bob Seidensticker<\/strong><\/a><\/p>\n<hr>\n<p><strong>Note<\/strong><\/p>\n<p>Le ultime parole di Ges\u00f9 secondo i vangeli di Matteo e Marco: Matteo 27,46 e Marco 15,34.<\/p>\n<p>Marco riporta che gli astanti insultano Ges\u00f9:&nbsp;Marco 15,29-32.<\/p>\n<p>\u00abGi\u00e0 si dividono i miei vestiti \/ e la mia tunica tirano a sorte.\u00bb: come riportato in Marco 15,24.<\/p>\n<hr>\n<p>(07\/50 \u2013 <a href=\"https:\/\/www.leternoassente.com\/?page_id=5777\">continua<\/a>)<\/p>\n<p>Immagine: <a href=\"https:\/\/unsplash.com\/it\/foto\/DSmmdH_fTt8\">Manik Roy<\/a>&nbsp;via Unsplash<\/p>\n<p><a href=\"https:\/\/www.leternoassente.com\/?page_id=5508\">Tutte le puntate.<\/a><\/p>\n<p>Leggi la <a href=\"https:\/\/2minutechristianity.com\/2022\/10\/10\/7-psalm-22-prophecy-not-a-good-fit-for-jesus\/\">versione originale dell&#8217;articolo<\/a>.<\/p>\n<p>Ascolta l&#8217;articolo nel <a href=\"https:\/\/twominutechristianity.podbean.com\/e\/7-psalm-22-prophecy-not-a-good-fit-for-jesus\/\">podcast<\/a> o nel <a href=\"https:\/\/www.youtube.com\/watch?v=NdSD5iCl6Us\">canale YouTube<\/a>.<\/p>\n<p>All material on this article is copyright 2022 by Bob Seidensticker. Translation By Choam Goldberg.<\/p>\n<hr>\n<p><em>Avvertenza:<\/em><br \/>\n<em>La lingua di questo articolo cerca di conciliare l&#8217;inclusivit\u00e0 con la leggibilit\u00e0 e la scorrevolezza. Nessuno si offenda quindi se evita le ripetizioni e usa il plurale sovraesteso. <a href=\"https:\/\/www.leternoassente.com\/?p=5651\">Ch\u00e9 mi spiace, ma la schwa anche no.<\/a><\/em><\/p>\n<hr>\n<p><em>Qui sotto trovi la possibilit\u00e0 di commentare quest&#8217;articolo. Per farlo, devi<br \/>\n1. confermare che sei ateo\/a,<br \/>\n2. essere consapevole che, se menti, stai commettendo il gravissimo peccato di apostasia,<br \/>\n3. aspettare che il commento sia approvato dall&#8217;admin.<br \/>\nL&#8217;approvazione dei commenti dipende dall&#8217;insindacabile e inappellabile giudizio dell&#8217;admin. Se vuoi saperne di pi\u00f9 a proposito dei commenti, puoi consultare le <a href=\"http:\/\/www.leternoassente.com\/?page_id=957#nocomment\" rel=\"noopener\" target=\"_blank\">FAQ<\/a>.<br \/>\nInoltre puoi commentare gli articoli e i post nel <a href=\"https:\/\/www.facebook.com\/groups\/eternoassente\/\" rel=\"noopener\" target=\"_blank\">Gruppo Facebook de L&#8217;Eterno Assente<\/a>, se ti iscrivi al Gruppo dopo aver risposto a una semplice domanda.<\/em><\/p>\n","protected":false},"excerpt":{"rendered":"<p>La profezia del Salmo 22: non si adatta a Ges\u00f9 Il Salmo 22 \u00e8 un testo popolare nel quale cercare le profezie dell&#8217;Antico Testamento adempiute dalla vita di Ges\u00f9. Gli apologeti cristiani \u2013 cio\u00e8 i difensori del cristianesimo \u2013 sostengono &hellip; <a href=\"https:\/\/www.leternoassente.com\/?page_id=5727\">Continua a leggere<span class=\"meta-nav\">&rarr;<\/span><\/a><\/p>\n","protected":false},"author":1,"featured_media":5533,"parent":5508,"menu_order":0,"comment_status":"open","ping_status":"closed","template":"","meta":{"footnotes":""},"class_list":["post-5727","page","type-page","status-publish","has-post-thumbnail","hentry"],"yoast_head":"<!-- This site is optimized with the Yoast SEO plugin v25.6 - https:\/\/yoast.com\/wordpress\/plugins\/seo\/ -->\n<title>Il cristianesimo in 2 minuti \u2013 07\/50 - L&#039;Eterno Assente<\/title>\n<meta name=\"description\" content=\"La profezia del Salmo 22: non si adatta a Ges\u00f9\" \/>\n<meta name=\"robots\" content=\"index, follow, max-snippet:-1, max-image-preview:large, max-video-preview:-1\" \/>\n<link rel=\"canonical\" href=\"https:\/\/www.leternoassente.com\/?page_id=5727\" \/>\n<meta property=\"og:locale\" content=\"it_IT\" \/>\n<meta property=\"og:type\" content=\"article\" \/>\n<meta property=\"og:title\" content=\"Il cristianesimo in 2 minuti \u2013 07\/50 - L&#039;Eterno Assente\" \/>\n<meta property=\"og:description\" content=\"La profezia del Salmo 22: non si adatta a Ges\u00f9\" \/>\n<meta property=\"og:url\" content=\"https:\/\/www.leternoassente.com\/?page_id=5727\" \/>\n<meta property=\"og:site_name\" content=\"L&#039;Eterno Assente\" \/>\n<meta property=\"article:modified_time\" content=\"2024-07-23T15:25:20+00:00\" \/>\n<meta property=\"og:image\" content=\"https:\/\/www.leternoassente.com\/wp-content\/uploads\/2022\/12\/2minuticristianesimotagliato.jpg\" \/>\n\t<meta property=\"og:image:width\" content=\"1213\" \/>\n\t<meta property=\"og:image:height\" content=\"600\" \/>\n\t<meta property=\"og:image:type\" content=\"image\/jpeg\" \/>\n<meta name=\"twitter:card\" content=\"summary_large_image\" \/>\n<meta name=\"twitter:site\" content=\"@leternoassente\" \/>\n<meta name=\"twitter:label1\" content=\"Tempo di lettura stimato\" \/>\n\t<meta name=\"twitter:data1\" content=\"4 minuti\" \/>\n<script type=\"application\/ld+json\" class=\"yoast-schema-graph\">{\"@context\":\"https:\/\/schema.org\",\"@graph\":[{\"@type\":\"WebPage\",\"@id\":\"https:\/\/www.leternoassente.com\/?page_id=5727\",\"url\":\"https:\/\/www.leternoassente.com\/?page_id=5727\",\"name\":\"Il cristianesimo in 2 minuti \u2013 07\/50 - L&#039;Eterno Assente\",\"isPartOf\":{\"@id\":\"https:\/\/www.leternoassente.com\/#website\"},\"primaryImageOfPage\":{\"@id\":\"https:\/\/www.leternoassente.com\/?page_id=5727#primaryimage\"},\"image\":{\"@id\":\"https:\/\/www.leternoassente.com\/?page_id=5727#primaryimage\"},\"thumbnailUrl\":\"https:\/\/www.leternoassente.com\/wp-content\/uploads\/2022\/12\/2minuticristianesimo-1.jpg\",\"datePublished\":\"2023-01-29T11:40:09+00:00\",\"dateModified\":\"2024-07-23T15:25:20+00:00\",\"description\":\"La profezia del Salmo 22: non si adatta a Ges\u00f9\",\"breadcrumb\":{\"@id\":\"https:\/\/www.leternoassente.com\/?page_id=5727#breadcrumb\"},\"inLanguage\":\"it-IT\",\"potentialAction\":[{\"@type\":\"ReadAction\",\"target\":[\"https:\/\/www.leternoassente.com\/?page_id=5727\"]}]},{\"@type\":\"ImageObject\",\"inLanguage\":\"it-IT\",\"@id\":\"https:\/\/www.leternoassente.com\/?page_id=5727#primaryimage\",\"url\":\"https:\/\/www.leternoassente.com\/wp-content\/uploads\/2022\/12\/2minuticristianesimo-1.jpg\",\"contentUrl\":\"https:\/\/www.leternoassente.com\/wp-content\/uploads\/2022\/12\/2minuticristianesimo-1.jpg\",\"width\":1500,\"height\":434},{\"@type\":\"BreadcrumbList\",\"@id\":\"https:\/\/www.leternoassente.com\/?page_id=5727#breadcrumb\",\"itemListElement\":[{\"@type\":\"ListItem\",\"position\":1,\"name\":\"Home\",\"item\":\"https:\/\/www.leternoassente.com\/\"},{\"@type\":\"ListItem\",\"position\":2,\"name\":\"Il cristianesimo in 2 minuti\",\"item\":\"https:\/\/www.leternoassente.com\/?page_id=5508\"},{\"@type\":\"ListItem\",\"position\":3,\"name\":\"Il cristianesimo in 2 minuti \u2013 07\/50\"}]},{\"@type\":\"WebSite\",\"@id\":\"https:\/\/www.leternoassente.com\/#website\",\"url\":\"https:\/\/www.leternoassente.com\/\",\"name\":\"L&#039;Eterno Assente\",\"description\":\"Dio, la vita, il senso e altre cazzate\",\"publisher\":{\"@id\":\"https:\/\/www.leternoassente.com\/#\/schema\/person\/d2069751871fcdb89a30a0775f4170f9\"},\"potentialAction\":[{\"@type\":\"SearchAction\",\"target\":{\"@type\":\"EntryPoint\",\"urlTemplate\":\"https:\/\/www.leternoassente.com\/?s={search_term_string}\"},\"query-input\":{\"@type\":\"PropertyValueSpecification\",\"valueRequired\":true,\"valueName\":\"search_term_string\"}}],\"inLanguage\":\"it-IT\"},{\"@type\":[\"Person\",\"Organization\"],\"@id\":\"https:\/\/www.leternoassente.com\/#\/schema\/person\/d2069751871fcdb89a30a0775f4170f9\",\"name\":\"Choam Goldberg\",\"image\":{\"@type\":\"ImageObject\",\"inLanguage\":\"it-IT\",\"@id\":\"https:\/\/www.leternoassente.com\/#\/schema\/person\/image\/\",\"url\":\"https:\/\/secure.gravatar.com\/avatar\/63d2c9f25f05d3da5001f2898f6fc9cd?s=96&d=wavatar&r=g\",\"contentUrl\":\"https:\/\/secure.gravatar.com\/avatar\/63d2c9f25f05d3da5001f2898f6fc9cd?s=96&d=wavatar&r=g\",\"caption\":\"Choam Goldberg\"},\"logo\":{\"@id\":\"https:\/\/www.leternoassente.com\/#\/schema\/person\/image\/\"},\"description\":\"Contemplata la vastit\u00e0 del cazzo che gliene frega e raggiunta l\u2019atarass\u00eca, Choam Goldberg pratica nondimeno l'antica, dilettevole e nobile arte di demolire le credenze dei\u00a0beoti e degli insipienti.\",\"sameAs\":[\"http:\/\/www.leternoassente.com\"]}]}<\/script>\n<!-- \/ Yoast SEO plugin. -->","yoast_head_json":{"title":"Il cristianesimo in 2 minuti \u2013 07\/50 - L&#039;Eterno Assente","description":"La profezia del Salmo 22: non si adatta a Ges\u00f9","robots":{"index":"index","follow":"follow","max-snippet":"max-snippet:-1","max-image-preview":"max-image-preview:large","max-video-preview":"max-video-preview:-1"},"canonical":"https:\/\/www.leternoassente.com\/?page_id=5727","og_locale":"it_IT","og_type":"article","og_title":"Il cristianesimo in 2 minuti \u2013 07\/50 - L&#039;Eterno Assente","og_description":"La profezia del Salmo 22: non si adatta a Ges\u00f9","og_url":"https:\/\/www.leternoassente.com\/?page_id=5727","og_site_name":"L&#039;Eterno Assente","article_modified_time":"2024-07-23T15:25:20+00:00","og_image":[{"width":1213,"height":600,"url":"https:\/\/www.leternoassente.com\/wp-content\/uploads\/2022\/12\/2minuticristianesimotagliato.jpg","type":"image\/jpeg"}],"twitter_card":"summary_large_image","twitter_site":"@leternoassente","twitter_misc":{"Tempo di lettura stimato":"4 minuti"},"schema":{"@context":"https:\/\/schema.org","@graph":[{"@type":"WebPage","@id":"https:\/\/www.leternoassente.com\/?page_id=5727","url":"https:\/\/www.leternoassente.com\/?page_id=5727","name":"Il cristianesimo in 2 minuti \u2013 07\/50 - L&#039;Eterno Assente","isPartOf":{"@id":"https:\/\/www.leternoassente.com\/#website"},"primaryImageOfPage":{"@id":"https:\/\/www.leternoassente.com\/?page_id=5727#primaryimage"},"image":{"@id":"https:\/\/www.leternoassente.com\/?page_id=5727#primaryimage"},"thumbnailUrl":"https:\/\/www.leternoassente.com\/wp-content\/uploads\/2022\/12\/2minuticristianesimo-1.jpg","datePublished":"2023-01-29T11:40:09+00:00","dateModified":"2024-07-23T15:25:20+00:00","description":"La profezia del Salmo 22: non si adatta a Ges\u00f9","breadcrumb":{"@id":"https:\/\/www.leternoassente.com\/?page_id=5727#breadcrumb"},"inLanguage":"it-IT","potentialAction":[{"@type":"ReadAction","target":["https:\/\/www.leternoassente.com\/?page_id=5727"]}]},{"@type":"ImageObject","inLanguage":"it-IT","@id":"https:\/\/www.leternoassente.com\/?page_id=5727#primaryimage","url":"https:\/\/www.leternoassente.com\/wp-content\/uploads\/2022\/12\/2minuticristianesimo-1.jpg","contentUrl":"https:\/\/www.leternoassente.com\/wp-content\/uploads\/2022\/12\/2minuticristianesimo-1.jpg","width":1500,"height":434},{"@type":"BreadcrumbList","@id":"https:\/\/www.leternoassente.com\/?page_id=5727#breadcrumb","itemListElement":[{"@type":"ListItem","position":1,"name":"Home","item":"https:\/\/www.leternoassente.com\/"},{"@type":"ListItem","position":2,"name":"Il cristianesimo in 2 minuti","item":"https:\/\/www.leternoassente.com\/?page_id=5508"},{"@type":"ListItem","position":3,"name":"Il cristianesimo in 2 minuti \u2013 07\/50"}]},{"@type":"WebSite","@id":"https:\/\/www.leternoassente.com\/#website","url":"https:\/\/www.leternoassente.com\/","name":"L&#039;Eterno Assente","description":"Dio, la vita, il senso e altre cazzate","publisher":{"@id":"https:\/\/www.leternoassente.com\/#\/schema\/person\/d2069751871fcdb89a30a0775f4170f9"},"potentialAction":[{"@type":"SearchAction","target":{"@type":"EntryPoint","urlTemplate":"https:\/\/www.leternoassente.com\/?s={search_term_string}"},"query-input":{"@type":"PropertyValueSpecification","valueRequired":true,"valueName":"search_term_string"}}],"inLanguage":"it-IT"},{"@type":["Person","Organization"],"@id":"https:\/\/www.leternoassente.com\/#\/schema\/person\/d2069751871fcdb89a30a0775f4170f9","name":"Choam Goldberg","image":{"@type":"ImageObject","inLanguage":"it-IT","@id":"https:\/\/www.leternoassente.com\/#\/schema\/person\/image\/","url":"https:\/\/secure.gravatar.com\/avatar\/63d2c9f25f05d3da5001f2898f6fc9cd?s=96&d=wavatar&r=g","contentUrl":"https:\/\/secure.gravatar.com\/avatar\/63d2c9f25f05d3da5001f2898f6fc9cd?s=96&d=wavatar&r=g","caption":"Choam Goldberg"},"logo":{"@id":"https:\/\/www.leternoassente.com\/#\/schema\/person\/image\/"},"description":"Contemplata la vastit\u00e0 del cazzo che gliene frega e raggiunta l\u2019atarass\u00eca, Choam Goldberg pratica nondimeno l'antica, dilettevole e nobile arte di demolire le credenze dei\u00a0beoti e degli insipienti.","sameAs":["http:\/\/www.leternoassente.com"]}]}},"_links":{"self":[{"href":"https:\/\/www.leternoassente.com\/index.php?rest_route=\/wp\/v2\/pages\/5727"}],"collection":[{"href":"https:\/\/www.leternoassente.com\/index.php?rest_route=\/wp\/v2\/pages"}],"about":[{"href":"https:\/\/www.leternoassente.com\/index.php?rest_route=\/wp\/v2\/types\/page"}],"author":[{"embeddable":true,"href":"https:\/\/www.leternoassente.com\/index.php?rest_route=\/wp\/v2\/users\/1"}],"replies":[{"embeddable":true,"href":"https:\/\/www.leternoassente.com\/index.php?rest_route=%2Fwp%2Fv2%2Fcomments&post=5727"}],"version-history":[{"count":7,"href":"https:\/\/www.leternoassente.com\/index.php?rest_route=\/wp\/v2\/pages\/5727\/revisions"}],"predecessor-version":[{"id":6625,"href":"https:\/\/www.leternoassente.com\/index.php?rest_route=\/wp\/v2\/pages\/5727\/revisions\/6625"}],"up":[{"embeddable":true,"href":"https:\/\/www.leternoassente.com\/index.php?rest_route=\/wp\/v2\/pages\/5508"}],"wp:featuredmedia":[{"embeddable":true,"href":"https:\/\/www.leternoassente.com\/index.php?rest_route=\/wp\/v2\/media\/5533"}],"wp:attachment":[{"href":"https:\/\/www.leternoassente.com\/index.php?rest_route=%2Fwp%2Fv2%2Fmedia&parent=5727"}],"curies":[{"name":"wp","href":"https:\/\/api.w.org\/{rel}","templated":true}]}}