{"id":5871,"date":"2023-02-26T08:57:06","date_gmt":"2023-02-26T07:57:06","guid":{"rendered":"https:\/\/www.leternoassente.com\/?page_id=5871"},"modified":"2024-07-23T17:27:17","modified_gmt":"2024-07-23T15:27:17","slug":"il-cristianesimo-in-2-minuti-11-50","status":"publish","type":"page","link":"https:\/\/www.leternoassente.com\/?page_id=5871","title":{"rendered":"Il cristianesimo in 2 minuti \u2013 11\/50"},"content":{"rendered":"<p><strong>Il famoso Credo di Paolo: 1 Corinzi 15 \u00e8 Storia?<\/strong><\/p>\n<hr>\n<p><a href=\"https:\/\/www.leternoassente.com\/wp-content\/uploads\/2023\/02\/paolo.jpg\"><img loading=\"lazy\" decoding=\"async\" class=\"alignright size-full wp-image-5876\" src=\"https:\/\/www.leternoassente.com\/wp-content\/uploads\/2023\/02\/paolo.jpg\" alt=\"\" width=\"1440\" height=\"808\" srcset=\"https:\/\/www.leternoassente.com\/wp-content\/uploads\/2023\/02\/paolo.jpg 1440w, https:\/\/www.leternoassente.com\/wp-content\/uploads\/2023\/02\/paolo-300x168.jpg 300w, https:\/\/www.leternoassente.com\/wp-content\/uploads\/2023\/02\/paolo-1024x575.jpg 1024w, https:\/\/www.leternoassente.com\/wp-content\/uploads\/2023\/02\/paolo-768x431.jpg 768w, https:\/\/www.leternoassente.com\/wp-content\/uploads\/2023\/02\/paolo-500x281.jpg 500w\" sizes=\"(max-width: 1440px) 100vw, 1440px\" \/><\/a><\/p>\n<p>Il Vangelo di Marco \u00e8 il primo Vangelo, scritto intorno al 70 d.C., ma Paolo scrisse la sua prima epistola alla chiesa di Corinto pi\u00f9 di un decennio prima. Questo passo contiene la prima affermazione della risurrezione di Ges\u00f9:<\/p>\n<blockquote><p>Prima di tutto vi ho trasmesso l&#8217;insegnamento che anch&#8217;io ho ricevuto:&nbsp;Cristo&nbsp;\u00e8 morto per i nostri peccati, come \u00e8 scritto nella&nbsp;Bibbia,&nbsp;ed \u00e8 stato sepolto. \u00c8 risuscitato il terzo giorno, come \u00e8 scritto nella Bibbia,&nbsp;ed \u00e8 apparso a Pietro. Poi \u00e8 apparso ai dodici&nbsp;apostoli,&nbsp;quindi a pi\u00f9 di cinquecento&nbsp;discepoli&nbsp;riuniti insieme. La maggior parte di essi \u00e8 ancora in vita, mentre alcuni sono gi\u00e0 morti.<br \/>\n\u2013 1 Corinzi 15,3-6<\/p><\/blockquote>\n<p>Le ipotesi sulla datazione di questo importante passo variano molto. Alcuni sostengono che sia precedente alla lettera di Paolo. Dicono che sembra in uno stile diverso, come se fosse una dichiarazione di fede che i credenti avrebbero recitato. Un esempio familiare ai cristiani moderni \u00e8 il Credo dell&#8217;Apostolo. Sebbene Paolo abbia scritto questa epistola circa 30 anni dopo la crocifissione, questo frammento sarebbe stato un Credo orale gi\u00e0 da pochi anni dopo la morte di Ges\u00f9. Ci\u00f2 sarebbe la prova che la fede nella risurrezione risale a molti anni prima dello scritto di Paolo.<\/p>\n<p>Questa convinzione popolare non regge alla prova dei fatti. Se il passo \u00e8 un Credo, allora non \u00e8 una prova della risurrezione. Un Credo \u00e8 una dichiarazione di fede, un&#8217;affermazione di ci\u00f2 che si crede, non dei motivi per cui gli altri dovrebbero crederci. In effetti sembra proprio un Credo. Non c&#8217;\u00e8 alcuna menzione della data o del luogo, come farebbe una cronaca, e il passo afferma \u00abCristo \u00e8 morto per i nostri peccati\u00bb come dogma (una credenza non soggetta a discussione), senza alcuna prova.<\/p>\n<p>Lo stile diverso che i cristiani indicano potrebbe invece suggerire che un copista lo abbia inserito decenni dopo che Paolo aveva scritto l&#8217;originale.<\/p>\n<p>L&#8217;intervallo tra l&#8217;originale di questa epistola e la nostra copia pi\u00f9 antica \u00e8 di circa 150 anni. Ci\u00f2 significa che ci sono state molte possibilit\u00e0 di manipolazione da parte dei copisti che hanno copiato e ricopiato la lettera, soprattutto durante i primi turbolenti anni della nuova religione cristiana, quando i dogmi erano ancora in fase di definizione. Possiamo solo immaginare quali modifiche siano state apportate.<\/p>\n<p>Ci sono altre ragioni per mettere in dubbio questo passo come prova del cristianesimo. Ges\u00f9 \u00abrisuscitato il terzo giorno, come \u00e8 scritto nella Bibbia\u00bb \u00e8 un riferimento al libro di Giona (\u00abPer ordine del Signore, un grande pesce ingoi\u00f2 Giona ed egli rimase nel suo ventre tre giorni e tre notti.\u00bb), ma la risurrezione non pu\u00f2 essere \u00absecondo\u00bb questa scrittura se l&#8217;autore di Giona non stava facendo una profezia. E questa \u00abprofezia\u00bb fallisce perch\u00e9 Ges\u00f9 \u00e8 rimasto morto solo per due notti, dal venerd\u00ec sera alla domenica mattina.<\/p>\n<p>Infine ogni Vangelo chiarisce che le donne furono le prime a vedere Ges\u00f9 risorto, ma Paolo le ignora nella sua lista cronologica di testimoni.<\/p>\n<p>Affermazioni straordinarie esigono prove straordinarie, e un&#8217;affermazione soprannaturale come la risurrezione \u00e8 certamente straordinaria. Nel migliore dei casi, il passo di Paolo in 1 Corinzi 15 dice che la risurrezione era una credenza dei primi cristiani, ma \u00e8 una prova insufficiente che la risurrezione sia stata un evento storico.<\/p>\n<p><a href=\"https:\/\/2minutechristianity.com\/blog\/\"><strong>Bob Seidensticker<\/strong><\/a><\/p>\n<hr>\n<p><strong>Note<\/strong><\/p>\n<p>La maggior parte delle epistole di Paolo sono state scritte a Chiese di diverse citt\u00e0 o regioni. 1 e 2 Corinzi furono scritte alla Chiesa di Corinto. Efesini era per la Chiesa di Efeso, Filippesi per la Chiesa di Filippi e cos\u00ec via per le chiese di Roma, della Galazia, di Colosse e di Tessalonica.<\/p>\n<p>Un&#8217;epistola \u00e8 una lettera. Tutti i libri del Nuovo Testamento, oltre agli Atti, all&#8217;Apocalisse e ai quattro Vangeli, sono epistole.<\/p>\n<blockquote><p>Fratelli, vi ricordo il messaggio di salvezza che vi ho portato, che voi avete accolto e nel quale rimanete saldi.<br \/>\n\u2013 1 Corinzi 15,1<\/p><\/blockquote>\n<p>L&#8217;intervallo tra la paternit\u00e0 di questa epistola e la nostra copia pi\u00f9 antica \u00e8 di circa 150 anni. Il primo manoscritto di questo passo \u00e8 il Papiro 46, datato al 200 circa.<\/p>\n<blockquote><p>\u00c8 risuscitato il terzo giorno, come \u00e8 scritto nella Bibbia (&#8230;)<br \/>\n\u2013 1 Corinzi 15,4<\/p>\n<p>Per ordine del Signore, un grande pesce ingoi\u00f2 Giona ed egli rimase nel suo ventre tre giorni e tre notti.<br \/>\n\u2013 Giona 2,1<\/p><\/blockquote>\n<hr>\n<p>(11\/50 \u2013 <a href=\"https:\/\/www.leternoassente.com\/?page_id=5872\">continua<\/a>)<\/p>\n<p>Immagine: <a href=\"https:\/\/commons.wikimedia.org\/wiki\/File:Papyrus_Bodmer_VI_fol._16.jpg\">Wikimedia<\/a>, CC BY-SA 4.0<\/p>\n<p><a href=\"https:\/\/www.leternoassente.com\/?page_id=5508\">Tutte le puntate.<\/a><\/p>\n<p>Leggi la <a href=\"https:\/\/2minutechristianity.com\/2022\/11\/07\/11-pauls-famous-creed-is-1-corinthians-15-history\/\">versione originale dell&#8217;articolo<\/a>.<\/p>\n<p>Ascolta l&#8217;articolo nel <a href=\"https:\/\/twominutechristianity.podbean.com\/e\/11-paul-s-famous-creed-is-1-corinthians-15-history\/\">podcast<\/a> o nel <a href=\"https:\/\/www.youtube.com\/watch?v=tiHcsZPZ2QI\">canale YouTube<\/a>.<\/p>\n<p>All material on this article is copyright 2022 by Bob Seidensticker. Translation By Choam Goldberg.<\/p>\n<hr>\n<p><em>Avvertenza:<\/em><br \/>\n<em>La lingua di questo articolo cerca di conciliare l&#8217;inclusivit\u00e0 con la leggibilit\u00e0 e la scorrevolezza. Nessuno si offenda quindi se evita le ripetizioni e usa il plurale sovraesteso. <a href=\"https:\/\/www.leternoassente.com\/?p=5651\">Ch\u00e9 mi spiace, ma la schwa anche no.<\/a><\/em><\/p>\n<hr>\n<p><em>Qui sotto trovi la possibilit\u00e0 di commentare quest&#8217;articolo. Per farlo, devi<br \/>\n1. confermare che sei ateo\/a,<br \/>\n2. essere consapevole che, se menti, stai commettendo il gravissimo peccato di apostasia,<br \/>\n3. aspettare che il commento sia approvato dall&#8217;admin.<br \/>\nL&#8217;approvazione dei commenti dipende dall&#8217;insindacabile e inappellabile giudizio dell&#8217;admin. Se vuoi saperne di pi\u00f9 a proposito dei commenti, puoi consultare le <a href=\"http:\/\/www.leternoassente.com\/?page_id=957#nocomment\" rel=\"noopener\" target=\"_blank\">FAQ<\/a>.<br \/>\nInoltre puoi commentare gli articoli e i post nel <a href=\"https:\/\/www.facebook.com\/groups\/eternoassente\/\" rel=\"noopener\" target=\"_blank\">Gruppo Facebook de L&#8217;Eterno Assente<\/a>, se ti iscrivi al Gruppo dopo aver risposto a una semplice domanda.<\/em><\/p>\n","protected":false},"excerpt":{"rendered":"<p>Il famoso Credo di Paolo: 1 Corinzi 15 \u00e8 Storia? Il Vangelo di Marco \u00e8 il primo Vangelo, scritto intorno al 70 d.C., ma Paolo scrisse la sua prima epistola alla chiesa di Corinto pi\u00f9 di un decennio prima. Questo &hellip; <a href=\"https:\/\/www.leternoassente.com\/?page_id=5871\">Continua a leggere<span class=\"meta-nav\">&rarr;<\/span><\/a><\/p>\n","protected":false},"author":1,"featured_media":5533,"parent":5508,"menu_order":0,"comment_status":"open","ping_status":"closed","template":"","meta":{"footnotes":""},"class_list":["post-5871","page","type-page","status-publish","has-post-thumbnail","hentry"],"yoast_head":"<!-- This site is optimized with the Yoast SEO plugin v25.6 - https:\/\/yoast.com\/wordpress\/plugins\/seo\/ -->\n<title>Il cristianesimo in 2 minuti \u2013 11\/50 - L&#039;Eterno Assente<\/title>\n<meta name=\"robots\" content=\"index, follow, max-snippet:-1, max-image-preview:large, max-video-preview:-1\" \/>\n<link rel=\"canonical\" href=\"https:\/\/www.leternoassente.com\/?page_id=5871\" \/>\n<meta property=\"og:locale\" content=\"it_IT\" \/>\n<meta property=\"og:type\" content=\"article\" \/>\n<meta property=\"og:title\" content=\"Il cristianesimo in 2 minuti \u2013 11\/50 - L&#039;Eterno Assente\" \/>\n<meta property=\"og:description\" content=\"Il famoso Credo di Paolo: 1 Corinzi 15 \u00e8 Storia? Il Vangelo di Marco \u00e8 il primo Vangelo, scritto intorno al 70 d.C., ma Paolo scrisse la sua prima epistola alla chiesa di Corinto pi\u00f9 di un decennio prima. Questo &hellip; Continua a leggere&rarr;\" \/>\n<meta property=\"og:url\" content=\"https:\/\/www.leternoassente.com\/?page_id=5871\" \/>\n<meta property=\"og:site_name\" content=\"L&#039;Eterno Assente\" \/>\n<meta property=\"article:modified_time\" content=\"2024-07-23T15:27:17+00:00\" \/>\n<meta property=\"og:image\" content=\"https:\/\/www.leternoassente.com\/wp-content\/uploads\/2022\/12\/2minuticristianesimotagliato.jpg\" \/>\n\t<meta property=\"og:image:width\" content=\"1213\" \/>\n\t<meta property=\"og:image:height\" content=\"600\" \/>\n\t<meta property=\"og:image:type\" content=\"image\/jpeg\" \/>\n<meta name=\"twitter:card\" content=\"summary_large_image\" \/>\n<meta name=\"twitter:site\" content=\"@leternoassente\" \/>\n<meta name=\"twitter:label1\" content=\"Tempo di lettura stimato\" \/>\n\t<meta name=\"twitter:data1\" content=\"5 minuti\" \/>\n<script type=\"application\/ld+json\" class=\"yoast-schema-graph\">{\"@context\":\"https:\/\/schema.org\",\"@graph\":[{\"@type\":\"WebPage\",\"@id\":\"https:\/\/www.leternoassente.com\/?page_id=5871\",\"url\":\"https:\/\/www.leternoassente.com\/?page_id=5871\",\"name\":\"Il cristianesimo in 2 minuti \u2013 11\/50 - L&#039;Eterno Assente\",\"isPartOf\":{\"@id\":\"https:\/\/www.leternoassente.com\/#website\"},\"primaryImageOfPage\":{\"@id\":\"https:\/\/www.leternoassente.com\/?page_id=5871#primaryimage\"},\"image\":{\"@id\":\"https:\/\/www.leternoassente.com\/?page_id=5871#primaryimage\"},\"thumbnailUrl\":\"https:\/\/www.leternoassente.com\/wp-content\/uploads\/2022\/12\/2minuticristianesimo-1.jpg\",\"datePublished\":\"2023-02-26T07:57:06+00:00\",\"dateModified\":\"2024-07-23T15:27:17+00:00\",\"breadcrumb\":{\"@id\":\"https:\/\/www.leternoassente.com\/?page_id=5871#breadcrumb\"},\"inLanguage\":\"it-IT\",\"potentialAction\":[{\"@type\":\"ReadAction\",\"target\":[\"https:\/\/www.leternoassente.com\/?page_id=5871\"]}]},{\"@type\":\"ImageObject\",\"inLanguage\":\"it-IT\",\"@id\":\"https:\/\/www.leternoassente.com\/?page_id=5871#primaryimage\",\"url\":\"https:\/\/www.leternoassente.com\/wp-content\/uploads\/2022\/12\/2minuticristianesimo-1.jpg\",\"contentUrl\":\"https:\/\/www.leternoassente.com\/wp-content\/uploads\/2022\/12\/2minuticristianesimo-1.jpg\",\"width\":1500,\"height\":434},{\"@type\":\"BreadcrumbList\",\"@id\":\"https:\/\/www.leternoassente.com\/?page_id=5871#breadcrumb\",\"itemListElement\":[{\"@type\":\"ListItem\",\"position\":1,\"name\":\"Home\",\"item\":\"https:\/\/www.leternoassente.com\/\"},{\"@type\":\"ListItem\",\"position\":2,\"name\":\"Il cristianesimo in 2 minuti\",\"item\":\"https:\/\/www.leternoassente.com\/?page_id=5508\"},{\"@type\":\"ListItem\",\"position\":3,\"name\":\"Il cristianesimo in 2 minuti \u2013 11\/50\"}]},{\"@type\":\"WebSite\",\"@id\":\"https:\/\/www.leternoassente.com\/#website\",\"url\":\"https:\/\/www.leternoassente.com\/\",\"name\":\"L&#039;Eterno Assente\",\"description\":\"Dio, la vita, il senso e altre cazzate\",\"publisher\":{\"@id\":\"https:\/\/www.leternoassente.com\/#\/schema\/person\/d2069751871fcdb89a30a0775f4170f9\"},\"potentialAction\":[{\"@type\":\"SearchAction\",\"target\":{\"@type\":\"EntryPoint\",\"urlTemplate\":\"https:\/\/www.leternoassente.com\/?s={search_term_string}\"},\"query-input\":{\"@type\":\"PropertyValueSpecification\",\"valueRequired\":true,\"valueName\":\"search_term_string\"}}],\"inLanguage\":\"it-IT\"},{\"@type\":[\"Person\",\"Organization\"],\"@id\":\"https:\/\/www.leternoassente.com\/#\/schema\/person\/d2069751871fcdb89a30a0775f4170f9\",\"name\":\"Choam Goldberg\",\"image\":{\"@type\":\"ImageObject\",\"inLanguage\":\"it-IT\",\"@id\":\"https:\/\/www.leternoassente.com\/#\/schema\/person\/image\/\",\"url\":\"https:\/\/secure.gravatar.com\/avatar\/63d2c9f25f05d3da5001f2898f6fc9cd?s=96&d=wavatar&r=g\",\"contentUrl\":\"https:\/\/secure.gravatar.com\/avatar\/63d2c9f25f05d3da5001f2898f6fc9cd?s=96&d=wavatar&r=g\",\"caption\":\"Choam Goldberg\"},\"logo\":{\"@id\":\"https:\/\/www.leternoassente.com\/#\/schema\/person\/image\/\"},\"description\":\"Contemplata la vastit\u00e0 del cazzo che gliene frega e raggiunta l\u2019atarass\u00eca, Choam Goldberg pratica nondimeno l'antica, dilettevole e nobile arte di demolire le credenze dei\u00a0beoti e degli insipienti.\",\"sameAs\":[\"http:\/\/www.leternoassente.com\"]}]}<\/script>\n<!-- \/ Yoast SEO plugin. -->","yoast_head_json":{"title":"Il cristianesimo in 2 minuti \u2013 11\/50 - L&#039;Eterno Assente","robots":{"index":"index","follow":"follow","max-snippet":"max-snippet:-1","max-image-preview":"max-image-preview:large","max-video-preview":"max-video-preview:-1"},"canonical":"https:\/\/www.leternoassente.com\/?page_id=5871","og_locale":"it_IT","og_type":"article","og_title":"Il cristianesimo in 2 minuti \u2013 11\/50 - L&#039;Eterno Assente","og_description":"Il famoso Credo di Paolo: 1 Corinzi 15 \u00e8 Storia? Il Vangelo di Marco \u00e8 il primo Vangelo, scritto intorno al 70 d.C., ma Paolo scrisse la sua prima epistola alla chiesa di Corinto pi\u00f9 di un decennio prima. Questo &hellip; Continua a leggere&rarr;","og_url":"https:\/\/www.leternoassente.com\/?page_id=5871","og_site_name":"L&#039;Eterno Assente","article_modified_time":"2024-07-23T15:27:17+00:00","og_image":[{"width":1213,"height":600,"url":"https:\/\/www.leternoassente.com\/wp-content\/uploads\/2022\/12\/2minuticristianesimotagliato.jpg","type":"image\/jpeg"}],"twitter_card":"summary_large_image","twitter_site":"@leternoassente","twitter_misc":{"Tempo di lettura stimato":"5 minuti"},"schema":{"@context":"https:\/\/schema.org","@graph":[{"@type":"WebPage","@id":"https:\/\/www.leternoassente.com\/?page_id=5871","url":"https:\/\/www.leternoassente.com\/?page_id=5871","name":"Il cristianesimo in 2 minuti \u2013 11\/50 - L&#039;Eterno Assente","isPartOf":{"@id":"https:\/\/www.leternoassente.com\/#website"},"primaryImageOfPage":{"@id":"https:\/\/www.leternoassente.com\/?page_id=5871#primaryimage"},"image":{"@id":"https:\/\/www.leternoassente.com\/?page_id=5871#primaryimage"},"thumbnailUrl":"https:\/\/www.leternoassente.com\/wp-content\/uploads\/2022\/12\/2minuticristianesimo-1.jpg","datePublished":"2023-02-26T07:57:06+00:00","dateModified":"2024-07-23T15:27:17+00:00","breadcrumb":{"@id":"https:\/\/www.leternoassente.com\/?page_id=5871#breadcrumb"},"inLanguage":"it-IT","potentialAction":[{"@type":"ReadAction","target":["https:\/\/www.leternoassente.com\/?page_id=5871"]}]},{"@type":"ImageObject","inLanguage":"it-IT","@id":"https:\/\/www.leternoassente.com\/?page_id=5871#primaryimage","url":"https:\/\/www.leternoassente.com\/wp-content\/uploads\/2022\/12\/2minuticristianesimo-1.jpg","contentUrl":"https:\/\/www.leternoassente.com\/wp-content\/uploads\/2022\/12\/2minuticristianesimo-1.jpg","width":1500,"height":434},{"@type":"BreadcrumbList","@id":"https:\/\/www.leternoassente.com\/?page_id=5871#breadcrumb","itemListElement":[{"@type":"ListItem","position":1,"name":"Home","item":"https:\/\/www.leternoassente.com\/"},{"@type":"ListItem","position":2,"name":"Il cristianesimo in 2 minuti","item":"https:\/\/www.leternoassente.com\/?page_id=5508"},{"@type":"ListItem","position":3,"name":"Il cristianesimo in 2 minuti \u2013 11\/50"}]},{"@type":"WebSite","@id":"https:\/\/www.leternoassente.com\/#website","url":"https:\/\/www.leternoassente.com\/","name":"L&#039;Eterno Assente","description":"Dio, la vita, il senso e altre cazzate","publisher":{"@id":"https:\/\/www.leternoassente.com\/#\/schema\/person\/d2069751871fcdb89a30a0775f4170f9"},"potentialAction":[{"@type":"SearchAction","target":{"@type":"EntryPoint","urlTemplate":"https:\/\/www.leternoassente.com\/?s={search_term_string}"},"query-input":{"@type":"PropertyValueSpecification","valueRequired":true,"valueName":"search_term_string"}}],"inLanguage":"it-IT"},{"@type":["Person","Organization"],"@id":"https:\/\/www.leternoassente.com\/#\/schema\/person\/d2069751871fcdb89a30a0775f4170f9","name":"Choam Goldberg","image":{"@type":"ImageObject","inLanguage":"it-IT","@id":"https:\/\/www.leternoassente.com\/#\/schema\/person\/image\/","url":"https:\/\/secure.gravatar.com\/avatar\/63d2c9f25f05d3da5001f2898f6fc9cd?s=96&d=wavatar&r=g","contentUrl":"https:\/\/secure.gravatar.com\/avatar\/63d2c9f25f05d3da5001f2898f6fc9cd?s=96&d=wavatar&r=g","caption":"Choam Goldberg"},"logo":{"@id":"https:\/\/www.leternoassente.com\/#\/schema\/person\/image\/"},"description":"Contemplata la vastit\u00e0 del cazzo che gliene frega e raggiunta l\u2019atarass\u00eca, Choam Goldberg pratica nondimeno l'antica, dilettevole e nobile arte di demolire le credenze dei\u00a0beoti e degli insipienti.","sameAs":["http:\/\/www.leternoassente.com"]}]}},"_links":{"self":[{"href":"https:\/\/www.leternoassente.com\/index.php?rest_route=\/wp\/v2\/pages\/5871"}],"collection":[{"href":"https:\/\/www.leternoassente.com\/index.php?rest_route=\/wp\/v2\/pages"}],"about":[{"href":"https:\/\/www.leternoassente.com\/index.php?rest_route=\/wp\/v2\/types\/page"}],"author":[{"embeddable":true,"href":"https:\/\/www.leternoassente.com\/index.php?rest_route=\/wp\/v2\/users\/1"}],"replies":[{"embeddable":true,"href":"https:\/\/www.leternoassente.com\/index.php?rest_route=%2Fwp%2Fv2%2Fcomments&post=5871"}],"version-history":[{"count":6,"href":"https:\/\/www.leternoassente.com\/index.php?rest_route=\/wp\/v2\/pages\/5871\/revisions"}],"predecessor-version":[{"id":6629,"href":"https:\/\/www.leternoassente.com\/index.php?rest_route=\/wp\/v2\/pages\/5871\/revisions\/6629"}],"up":[{"embeddable":true,"href":"https:\/\/www.leternoassente.com\/index.php?rest_route=\/wp\/v2\/pages\/5508"}],"wp:featuredmedia":[{"embeddable":true,"href":"https:\/\/www.leternoassente.com\/index.php?rest_route=\/wp\/v2\/media\/5533"}],"wp:attachment":[{"href":"https:\/\/www.leternoassente.com\/index.php?rest_route=%2Fwp%2Fv2%2Fmedia&parent=5871"}],"curies":[{"name":"wp","href":"https:\/\/api.w.org\/{rel}","templated":true}]}}