{"id":6084,"date":"2023-04-16T09:06:31","date_gmt":"2023-04-16T07:06:31","guid":{"rendered":"https:\/\/www.leternoassente.com\/?page_id=6084"},"modified":"2024-07-23T17:29:26","modified_gmt":"2024-07-23T15:29:26","slug":"il-cristianesimo-in-2-minuti-16-50","status":"publish","type":"page","link":"https:\/\/www.leternoassente.com\/?page_id=6084","title":{"rendered":"Il cristianesimo in 2 minuti \u2013 16\/50"},"content":{"rendered":"<p><strong>Il cristianesimo incontra la sua nemesi: l&#8217;argomento del mormonismo storico<\/strong><\/p>\n<hr>\n<p><a href=\"https:\/\/www.leternoassente.com\/wp-content\/uploads\/2023\/04\/castello.jpg\"><img loading=\"lazy\" decoding=\"async\" class=\"alignright size-full wp-image-6086\" src=\"https:\/\/www.leternoassente.com\/wp-content\/uploads\/2023\/04\/castello.jpg\" alt=\"\" width=\"1440\" height=\"1579\" srcset=\"https:\/\/www.leternoassente.com\/wp-content\/uploads\/2023\/04\/castello.jpg 1440w, https:\/\/www.leternoassente.com\/wp-content\/uploads\/2023\/04\/castello-274x300.jpg 274w, https:\/\/www.leternoassente.com\/wp-content\/uploads\/2023\/04\/castello-934x1024.jpg 934w, https:\/\/www.leternoassente.com\/wp-content\/uploads\/2023\/04\/castello-768x842.jpg 768w, https:\/\/www.leternoassente.com\/wp-content\/uploads\/2023\/04\/castello-1401x1536.jpg 1401w\" sizes=\"(max-width: 1440px) 100vw, 1440px\" \/><\/a><\/p>\n<p>La tesi dell&#8217;attendibilit\u00e0 storica \u00e8 importante per molti cristiani, ma supponiamo che esista una religione che, punto per punto, batta la tesi del cristianesimo. Se l&#8217;affidabilit\u00e0 storica \u00e8 davvero importante per i cristiani, dovrebbero convertirsi a questa nuova religione.<\/p>\n<p>Non abbiamo bisogno di inventare questa religione, perch\u00e9 esiste gi\u00e0: il mormonismo (user\u00f2 il termine mormonismo per indicare la Chiesa di Ges\u00f9 Cristo dei Santi degli Ultimi Giorni).<\/p>\n<p>L&#8217;apologeta cristiano convenzionale pu\u00f2 affermare che le fonti non cristiane supportano la storia del Nuovo Testamento, ma i mormoni puntano su articoli di giornale, diari, lettere e perfino atti giudiziari che attestano i primi Padri della loro Chiesa: una documentazione molto pi\u00f9 ampia di quella del Nuovo Testamento. Alcuni di questi resoconti degli eventi della prima Chiesa mormone sono stati scritti giorni o addirittura ore dopo gli eventi.<\/p>\n<p>Gli apologeti faranno notare le decine di migliaia di copie manoscritte del Nuovo testamento e l&#8217;antichit\u00e0 di alcuni dei manoscritti pi\u00f9 antichi, ma la documentazione mormone vince ancora una volta. I libri del mormonismo sono stati scritti dopo la stampa moderna e abbiamo molte copie identiche. Non c&#8217;\u00e8 un periodo buio di secoli che separa gli originali dalle prime copie e non c&#8217;\u00e8 la preoccupazione che gli scribi abbiano \u00abmigliorato\u00bb i manoscritti mentre li copiavano.<\/p>\n<p>La storia di Ges\u00f9 proviene da una cultura molto antica e lontana, e i vangeli documentano la tradizione cristiana cos\u00ec come \u00e8 nata all&#8217;interno della cultura greca, gi\u00e0 a un passo dalla cultura ebraica aramaica di Ges\u00f9. Nel mormonismo possiamo leggere i racconti che documentano in inglese la storia della Chiesa.<\/p>\n<p>L&#8217;apologeta parler\u00e0 del poco tempo trascorso tra gli eventi e la loro documentazione: forse 40 o 60 anni per i vangeli. Non \u00e8 male, ma il mormonismo non ha trascorso praticamente nessun tempo nel limbo della tradizione orale.<\/p>\n<p>I quattro vangeli della Bibbia non pretendono di essere testimonianze oculari e non sappiamo nemmeno chi li abbia scritti. Al contrario, 11 uomini hanno visto le tavole d&#8217;oro da cui \u00e8 stato tradotto il Libro di Mormon e la testimonianza di questi uomini, insieme ai loro nomi, si trova all&#8217;inizio di ogni copia.<\/p>\n<p>Gli apologeti cristiani chiedono: \u00abChi morirebbe per una menzogna?\u00bb. Indicano i discepoli martiri di Ges\u00f9, che \u2013 sostengono \u2013 sono morti piuttosto che negare la storia del Vangelo. Ma il mormonismo non \u00e8 da meno. La cerchia ristretta dei mormoni \u00e8 stata sottoposta a molte difficolt\u00e0, compresa la morte del fondatore Joseph Smith. Se gli apologeti cristiani affermano che questa \u00e8 una forte prova per il cristianesimo, allora deve esserlo anche per il mormonismo.<\/p>\n<p>Torniamo ai cristiani che soppesano le prove storiche. L&#8217;affidabilit\u00e0 storica \u00e8 fondamentale per la fede dei cristiani? Allora dovrebbero passare al mormonismo, poich\u00e9 le sue affermazioni storiche sono molto pi\u00f9 forti. Nel caso contrario dovrebbero abbandonare le affermazioni sull&#8217;affidabilit\u00e0 storica del cristianesimo.<\/p>\n<p><a href=\"https:\/\/2minutechristianity.com\/blog\/\"><strong>Bob Seidensticker<\/strong><\/a><\/p>\n<hr>\n<p><strong>Note<\/strong><\/p>\n<p>Apologeta: persona che difende una posizione. Un apologeta cristiano difende il cristianesimo.<\/p>\n<hr>\n<p>(16\/50 \u2013 <a href=\"https:\/\/www.leternoassente.com\/?page_id=6130\">continua<\/a>)<\/p>\n<p>Immagine: <a href=\"https:\/\/unsplash.com\/it\/foto\/QmIQ9QsvECg\">Michael Hart<\/a> on Unsplash<\/p>\n<p><a href=\"https:\/\/www.leternoassente.com\/?page_id=5508\">Tutte le puntate.<\/a><\/p>\n<p>Leggi la <a href=\"https:\/\/2minutechristianity.com\/2022\/12\/12\/16-christianity-meets-its-match-the-argument-for-historical-mormonism\/\">versione originale dell&#8217;articolo<\/a>.<\/p>\n<p>Ascolta l&#8217;articolo nel <a href=\"https:\/\/twominutechristianity.podbean.com\/e\/16-christianity-meets-its-match-the-argument-for-historical-mormonism\/\">podcast<\/a> o nel <a href=\"https:\/\/www.youtube.com\/watch?v=y1j4R4JqBjg\">canale YouTube<\/a>.<\/p>\n<p>All material on this article is copyright 2022 by Bob Seidensticker. Translation By Choam Goldberg.<\/p>\n<hr>\n<p><em>Avvertenza:<\/em><br \/>\n<em>La lingua di questo articolo cerca di conciliare l&#8217;inclusivit\u00e0 con la leggibilit\u00e0 e la scorrevolezza. Nessuno si offenda quindi se evita le ripetizioni e usa il plurale sovraesteso. <a href=\"https:\/\/www.leternoassente.com\/?p=5651\">Ch\u00e9 mi spiace, ma la schwa anche no.<\/a><\/em><\/p>\n<hr>\n<p><em>Qui sotto trovi la possibilit\u00e0 di commentare quest&#8217;articolo. Per farlo, devi<br \/>\n1. confermare che sei ateo\/a,<br \/>\n2. essere consapevole che, se menti, stai commettendo il gravissimo peccato di apostasia,<br \/>\n3. aspettare che il commento sia approvato dall&#8217;admin.<br \/>\nL&#8217;approvazione dei commenti dipende dall&#8217;insindacabile e inappellabile giudizio dell&#8217;admin. Se vuoi saperne di pi\u00f9 a proposito dei commenti, puoi consultare le <a href=\"http:\/\/www.leternoassente.com\/?page_id=957#nocomment\" rel=\"noopener\" target=\"_blank\">FAQ<\/a>.<br \/>\nInoltre puoi commentare gli articoli e i post nel <a href=\"https:\/\/www.facebook.com\/groups\/eternoassente\/\" rel=\"noopener\" target=\"_blank\">Gruppo Facebook de L&#8217;Eterno Assente<\/a>, se ti iscrivi al Gruppo dopo aver risposto a una semplice domanda.<\/em><\/p>\n","protected":false},"excerpt":{"rendered":"<p>Il cristianesimo incontra la sua nemesi: l&#8217;argomento del mormonismo storico La tesi dell&#8217;attendibilit\u00e0 storica \u00e8 importante per molti cristiani, ma supponiamo che esista una religione che, punto per punto, batta la tesi del cristianesimo. Se l&#8217;affidabilit\u00e0 storica \u00e8 davvero importante &hellip; <a href=\"https:\/\/www.leternoassente.com\/?page_id=6084\">Continua a leggere<span class=\"meta-nav\">&rarr;<\/span><\/a><\/p>\n","protected":false},"author":1,"featured_media":5533,"parent":5508,"menu_order":0,"comment_status":"open","ping_status":"closed","template":"","meta":{"footnotes":""},"class_list":["post-6084","page","type-page","status-publish","has-post-thumbnail","hentry"],"yoast_head":"<!-- This site is optimized with the Yoast SEO plugin v25.6 - https:\/\/yoast.com\/wordpress\/plugins\/seo\/ -->\n<title>Il cristianesimo in 2 minuti \u2013 16\/50 - L&#039;Eterno Assente<\/title>\n<meta name=\"description\" content=\"Il cristianesimo incontra la sua nemesi: l&#039;argomento del mormonismo storico\" \/>\n<meta name=\"robots\" content=\"index, follow, max-snippet:-1, max-image-preview:large, max-video-preview:-1\" \/>\n<link rel=\"canonical\" href=\"https:\/\/www.leternoassente.com\/?page_id=6084\" \/>\n<meta property=\"og:locale\" content=\"it_IT\" \/>\n<meta property=\"og:type\" content=\"article\" \/>\n<meta property=\"og:title\" content=\"Il cristianesimo in 2 minuti \u2013 16\/50 - L&#039;Eterno Assente\" \/>\n<meta property=\"og:description\" content=\"Il cristianesimo incontra la sua nemesi: l&#039;argomento del mormonismo storico\" \/>\n<meta property=\"og:url\" content=\"https:\/\/www.leternoassente.com\/?page_id=6084\" \/>\n<meta property=\"og:site_name\" content=\"L&#039;Eterno Assente\" \/>\n<meta property=\"article:modified_time\" content=\"2024-07-23T15:29:26+00:00\" \/>\n<meta property=\"og:image\" content=\"https:\/\/www.leternoassente.com\/wp-content\/uploads\/2022\/12\/2minuticristianesimotagliato.jpg\" \/>\n\t<meta property=\"og:image:width\" content=\"1213\" \/>\n\t<meta property=\"og:image:height\" content=\"600\" \/>\n\t<meta property=\"og:image:type\" content=\"image\/jpeg\" \/>\n<meta name=\"twitter:card\" content=\"summary_large_image\" \/>\n<meta name=\"twitter:site\" content=\"@leternoassente\" \/>\n<meta name=\"twitter:label1\" content=\"Tempo di lettura stimato\" \/>\n\t<meta name=\"twitter:data1\" content=\"4 minuti\" \/>\n<script type=\"application\/ld+json\" class=\"yoast-schema-graph\">{\"@context\":\"https:\/\/schema.org\",\"@graph\":[{\"@type\":\"WebPage\",\"@id\":\"https:\/\/www.leternoassente.com\/?page_id=6084\",\"url\":\"https:\/\/www.leternoassente.com\/?page_id=6084\",\"name\":\"Il cristianesimo in 2 minuti \u2013 16\/50 - L&#039;Eterno Assente\",\"isPartOf\":{\"@id\":\"https:\/\/www.leternoassente.com\/#website\"},\"primaryImageOfPage\":{\"@id\":\"https:\/\/www.leternoassente.com\/?page_id=6084#primaryimage\"},\"image\":{\"@id\":\"https:\/\/www.leternoassente.com\/?page_id=6084#primaryimage\"},\"thumbnailUrl\":\"https:\/\/www.leternoassente.com\/wp-content\/uploads\/2022\/12\/2minuticristianesimo-1.jpg\",\"datePublished\":\"2023-04-16T07:06:31+00:00\",\"dateModified\":\"2024-07-23T15:29:26+00:00\",\"description\":\"Il cristianesimo incontra la sua nemesi: l'argomento del mormonismo storico\",\"breadcrumb\":{\"@id\":\"https:\/\/www.leternoassente.com\/?page_id=6084#breadcrumb\"},\"inLanguage\":\"it-IT\",\"potentialAction\":[{\"@type\":\"ReadAction\",\"target\":[\"https:\/\/www.leternoassente.com\/?page_id=6084\"]}]},{\"@type\":\"ImageObject\",\"inLanguage\":\"it-IT\",\"@id\":\"https:\/\/www.leternoassente.com\/?page_id=6084#primaryimage\",\"url\":\"https:\/\/www.leternoassente.com\/wp-content\/uploads\/2022\/12\/2minuticristianesimo-1.jpg\",\"contentUrl\":\"https:\/\/www.leternoassente.com\/wp-content\/uploads\/2022\/12\/2minuticristianesimo-1.jpg\",\"width\":1500,\"height\":434},{\"@type\":\"BreadcrumbList\",\"@id\":\"https:\/\/www.leternoassente.com\/?page_id=6084#breadcrumb\",\"itemListElement\":[{\"@type\":\"ListItem\",\"position\":1,\"name\":\"Home\",\"item\":\"https:\/\/www.leternoassente.com\/\"},{\"@type\":\"ListItem\",\"position\":2,\"name\":\"Il cristianesimo in 2 minuti\",\"item\":\"https:\/\/www.leternoassente.com\/?page_id=5508\"},{\"@type\":\"ListItem\",\"position\":3,\"name\":\"Il cristianesimo in 2 minuti \u2013 16\/50\"}]},{\"@type\":\"WebSite\",\"@id\":\"https:\/\/www.leternoassente.com\/#website\",\"url\":\"https:\/\/www.leternoassente.com\/\",\"name\":\"L&#039;Eterno Assente\",\"description\":\"Dio, la vita, il senso e altre cazzate\",\"publisher\":{\"@id\":\"https:\/\/www.leternoassente.com\/#\/schema\/person\/d2069751871fcdb89a30a0775f4170f9\"},\"potentialAction\":[{\"@type\":\"SearchAction\",\"target\":{\"@type\":\"EntryPoint\",\"urlTemplate\":\"https:\/\/www.leternoassente.com\/?s={search_term_string}\"},\"query-input\":{\"@type\":\"PropertyValueSpecification\",\"valueRequired\":true,\"valueName\":\"search_term_string\"}}],\"inLanguage\":\"it-IT\"},{\"@type\":[\"Person\",\"Organization\"],\"@id\":\"https:\/\/www.leternoassente.com\/#\/schema\/person\/d2069751871fcdb89a30a0775f4170f9\",\"name\":\"Choam Goldberg\",\"image\":{\"@type\":\"ImageObject\",\"inLanguage\":\"it-IT\",\"@id\":\"https:\/\/www.leternoassente.com\/#\/schema\/person\/image\/\",\"url\":\"https:\/\/secure.gravatar.com\/avatar\/63d2c9f25f05d3da5001f2898f6fc9cd?s=96&d=wavatar&r=g\",\"contentUrl\":\"https:\/\/secure.gravatar.com\/avatar\/63d2c9f25f05d3da5001f2898f6fc9cd?s=96&d=wavatar&r=g\",\"caption\":\"Choam Goldberg\"},\"logo\":{\"@id\":\"https:\/\/www.leternoassente.com\/#\/schema\/person\/image\/\"},\"description\":\"Contemplata la vastit\u00e0 del cazzo che gliene frega e raggiunta l\u2019atarass\u00eca, Choam Goldberg pratica nondimeno l'antica, dilettevole e nobile arte di demolire le credenze dei\u00a0beoti e degli insipienti.\",\"sameAs\":[\"http:\/\/www.leternoassente.com\"]}]}<\/script>\n<!-- \/ Yoast SEO plugin. -->","yoast_head_json":{"title":"Il cristianesimo in 2 minuti \u2013 16\/50 - L&#039;Eterno Assente","description":"Il cristianesimo incontra la sua nemesi: l'argomento del mormonismo storico","robots":{"index":"index","follow":"follow","max-snippet":"max-snippet:-1","max-image-preview":"max-image-preview:large","max-video-preview":"max-video-preview:-1"},"canonical":"https:\/\/www.leternoassente.com\/?page_id=6084","og_locale":"it_IT","og_type":"article","og_title":"Il cristianesimo in 2 minuti \u2013 16\/50 - L&#039;Eterno Assente","og_description":"Il cristianesimo incontra la sua nemesi: l'argomento del mormonismo storico","og_url":"https:\/\/www.leternoassente.com\/?page_id=6084","og_site_name":"L&#039;Eterno Assente","article_modified_time":"2024-07-23T15:29:26+00:00","og_image":[{"width":1213,"height":600,"url":"https:\/\/www.leternoassente.com\/wp-content\/uploads\/2022\/12\/2minuticristianesimotagliato.jpg","type":"image\/jpeg"}],"twitter_card":"summary_large_image","twitter_site":"@leternoassente","twitter_misc":{"Tempo di lettura stimato":"4 minuti"},"schema":{"@context":"https:\/\/schema.org","@graph":[{"@type":"WebPage","@id":"https:\/\/www.leternoassente.com\/?page_id=6084","url":"https:\/\/www.leternoassente.com\/?page_id=6084","name":"Il cristianesimo in 2 minuti \u2013 16\/50 - L&#039;Eterno Assente","isPartOf":{"@id":"https:\/\/www.leternoassente.com\/#website"},"primaryImageOfPage":{"@id":"https:\/\/www.leternoassente.com\/?page_id=6084#primaryimage"},"image":{"@id":"https:\/\/www.leternoassente.com\/?page_id=6084#primaryimage"},"thumbnailUrl":"https:\/\/www.leternoassente.com\/wp-content\/uploads\/2022\/12\/2minuticristianesimo-1.jpg","datePublished":"2023-04-16T07:06:31+00:00","dateModified":"2024-07-23T15:29:26+00:00","description":"Il cristianesimo incontra la sua nemesi: l'argomento del mormonismo storico","breadcrumb":{"@id":"https:\/\/www.leternoassente.com\/?page_id=6084#breadcrumb"},"inLanguage":"it-IT","potentialAction":[{"@type":"ReadAction","target":["https:\/\/www.leternoassente.com\/?page_id=6084"]}]},{"@type":"ImageObject","inLanguage":"it-IT","@id":"https:\/\/www.leternoassente.com\/?page_id=6084#primaryimage","url":"https:\/\/www.leternoassente.com\/wp-content\/uploads\/2022\/12\/2minuticristianesimo-1.jpg","contentUrl":"https:\/\/www.leternoassente.com\/wp-content\/uploads\/2022\/12\/2minuticristianesimo-1.jpg","width":1500,"height":434},{"@type":"BreadcrumbList","@id":"https:\/\/www.leternoassente.com\/?page_id=6084#breadcrumb","itemListElement":[{"@type":"ListItem","position":1,"name":"Home","item":"https:\/\/www.leternoassente.com\/"},{"@type":"ListItem","position":2,"name":"Il cristianesimo in 2 minuti","item":"https:\/\/www.leternoassente.com\/?page_id=5508"},{"@type":"ListItem","position":3,"name":"Il cristianesimo in 2 minuti \u2013 16\/50"}]},{"@type":"WebSite","@id":"https:\/\/www.leternoassente.com\/#website","url":"https:\/\/www.leternoassente.com\/","name":"L&#039;Eterno Assente","description":"Dio, la vita, il senso e altre cazzate","publisher":{"@id":"https:\/\/www.leternoassente.com\/#\/schema\/person\/d2069751871fcdb89a30a0775f4170f9"},"potentialAction":[{"@type":"SearchAction","target":{"@type":"EntryPoint","urlTemplate":"https:\/\/www.leternoassente.com\/?s={search_term_string}"},"query-input":{"@type":"PropertyValueSpecification","valueRequired":true,"valueName":"search_term_string"}}],"inLanguage":"it-IT"},{"@type":["Person","Organization"],"@id":"https:\/\/www.leternoassente.com\/#\/schema\/person\/d2069751871fcdb89a30a0775f4170f9","name":"Choam Goldberg","image":{"@type":"ImageObject","inLanguage":"it-IT","@id":"https:\/\/www.leternoassente.com\/#\/schema\/person\/image\/","url":"https:\/\/secure.gravatar.com\/avatar\/63d2c9f25f05d3da5001f2898f6fc9cd?s=96&d=wavatar&r=g","contentUrl":"https:\/\/secure.gravatar.com\/avatar\/63d2c9f25f05d3da5001f2898f6fc9cd?s=96&d=wavatar&r=g","caption":"Choam Goldberg"},"logo":{"@id":"https:\/\/www.leternoassente.com\/#\/schema\/person\/image\/"},"description":"Contemplata la vastit\u00e0 del cazzo che gliene frega e raggiunta l\u2019atarass\u00eca, Choam Goldberg pratica nondimeno l'antica, dilettevole e nobile arte di demolire le credenze dei\u00a0beoti e degli insipienti.","sameAs":["http:\/\/www.leternoassente.com"]}]}},"_links":{"self":[{"href":"https:\/\/www.leternoassente.com\/index.php?rest_route=\/wp\/v2\/pages\/6084"}],"collection":[{"href":"https:\/\/www.leternoassente.com\/index.php?rest_route=\/wp\/v2\/pages"}],"about":[{"href":"https:\/\/www.leternoassente.com\/index.php?rest_route=\/wp\/v2\/types\/page"}],"author":[{"embeddable":true,"href":"https:\/\/www.leternoassente.com\/index.php?rest_route=\/wp\/v2\/users\/1"}],"replies":[{"embeddable":true,"href":"https:\/\/www.leternoassente.com\/index.php?rest_route=%2Fwp%2Fv2%2Fcomments&post=6084"}],"version-history":[{"count":7,"href":"https:\/\/www.leternoassente.com\/index.php?rest_route=\/wp\/v2\/pages\/6084\/revisions"}],"predecessor-version":[{"id":6635,"href":"https:\/\/www.leternoassente.com\/index.php?rest_route=\/wp\/v2\/pages\/6084\/revisions\/6635"}],"up":[{"embeddable":true,"href":"https:\/\/www.leternoassente.com\/index.php?rest_route=\/wp\/v2\/pages\/5508"}],"wp:featuredmedia":[{"embeddable":true,"href":"https:\/\/www.leternoassente.com\/index.php?rest_route=\/wp\/v2\/media\/5533"}],"wp:attachment":[{"href":"https:\/\/www.leternoassente.com\/index.php?rest_route=%2Fwp%2Fv2%2Fmedia&parent=6084"}],"curies":[{"name":"wp","href":"https:\/\/api.w.org\/{rel}","templated":true}]}}