{"id":6154,"date":"2023-04-30T09:35:34","date_gmt":"2023-04-30T07:35:34","guid":{"rendered":"https:\/\/www.leternoassente.com\/?page_id=6154"},"modified":"2024-07-23T17:34:18","modified_gmt":"2024-07-23T15:34:18","slug":"il-cristianesimo-in-2-minuti-18-50","status":"publish","type":"page","link":"https:\/\/www.leternoassente.com\/?page_id=6154","title":{"rendered":"Il cristianesimo in 2 minuti \u2013 18\/50"},"content":{"rendered":"<p><strong>Morale, scopo e senso: le scarpette rosso rubino della vita<\/strong><\/p>\n<hr>\n<p><a href=\"https:\/\/www.leternoassente.com\/wp-content\/uploads\/2023\/04\/dorothy.jpg\"><img loading=\"lazy\" decoding=\"async\" class=\"alignright size-full wp-image-6155\" src=\"https:\/\/www.leternoassente.com\/wp-content\/uploads\/2023\/04\/dorothy.jpg\" alt=\"\" width=\"1440\" height=\"811\" srcset=\"https:\/\/www.leternoassente.com\/wp-content\/uploads\/2023\/04\/dorothy.jpg 1440w, https:\/\/www.leternoassente.com\/wp-content\/uploads\/2023\/04\/dorothy-300x169.jpg 300w, https:\/\/www.leternoassente.com\/wp-content\/uploads\/2023\/04\/dorothy-1024x577.jpg 1024w, https:\/\/www.leternoassente.com\/wp-content\/uploads\/2023\/04\/dorothy-768x433.jpg 768w, https:\/\/www.leternoassente.com\/wp-content\/uploads\/2023\/04\/dorothy-500x282.jpg 500w\" sizes=\"(max-width: 1440px) 100vw, 1440px\" \/><\/a><\/p>\n<p>Quella di Dorothy nel film \u00abIl mago di Oz\u00bb (1939) \u00e8 una lezione che forse dovremmo imparare anche noi. Proprio come le scarpette rosso rubino di Dorothy erano state in grado di esaudire il suo desiderio per tutto il tempo, la morale, lo scopo e il senso sono sempre stati da definire da parte nostra, non da imporre da parte di Dio.<\/p>\n<p>Verso la fine del film, dopo che il mago \u00e8 stato smascherato come un impostore, egli cerca ancora di esaudire le richieste di Dorothy e dei suoi amici. Lo Spaventapasseri vuole il cervello, il Leone il coraggio e l&#8217;Uomo di latta il cuore. Allo Spaventapasseri il mago d\u00e0 un diploma, al Leone una medaglia con la scritta \u00abCoraggio\u00bb e all&#8217;Uomo di latta un orologio da tasca a forma di cuore. Il mago non d\u00e0 loro ci\u00f2 che vogliono, bens\u00ec un riconoscimento di ci\u00f2 che gi\u00e0 hanno.<\/p>\n<p>Nel corso del proprio viaggio con Dorothy, i suoi amici hanno sviluppato proprio le caratteristiche che dicono di volere pi\u00f9 di tutte. Anche se il mago non sta pi\u00f9 dietro una tenda fingendo di essere ci\u00f2 che non \u00e8, ha comunque il merito di dare a tutti ci\u00f2 che gi\u00e0 possiedono.<\/p>\n<p>Vi sembra che assomigli a qualcuno che conosciamo? I cristiani ci dicono che Dio ci d\u00e0 una morale, uno scopo e un senso, anche se si tratta della stessa morale, dello stesso scopo e dello stesso senso che i credenti non cristiani potrebbero dire di ottenere dal proprio Dio o dai propri dei e che gli atei ottengono dalla Natura e dalla realt\u00e0.<\/p>\n<p>Il cristiano pu\u00f2 rispondere che le versioni oggettive o assolute di queste propriet\u00e0 devono provenire da una fonte soprannaturale, ma, finch\u00e9 lui non dimostra che esistono versioni oggettive, si tratta di un&#8217;affermazione vuota. Consultate le definizioni di morale, scopo o senso sul dizionario, e vedrete che nessuna richiede una base oggettiva o soprannaturale. Possiamo affrontare benissimo la vita abbandonando la pretesa che sia cos\u00ec e trovando in noi stessi le nostre migliori versioni di queste propriet\u00e0.<\/p>\n<p>Si tratta di propriet\u00e0 umane, non cristiane. Per averne la prova, guardate le culture non cristiane che hanno sviluppato versioni simili. Sono propriet\u00e0 che abbiamo sempre avuto. Sono prese in prestito dal cristianesimo e si discute molto del fatto che Dio ci restituisce ci\u00f2 che gi\u00e0 avevamo.<\/p>\n<p>Il gesto pi\u00f9 generoso del cristianesimo sarebbe quello di abbandonare la finzione del ruolo di guardiano attribuito a Dio. Aprire il sipario per mostrare che il potere di migliorare o distruggere la societ\u00e0 \u00e8 \u2013 ed \u00e8 sempre stato \u2013 nostro, non di Dio. Potrebbe aiutare le persone a crescere e a rifiutare la propria dipendenza dal soprannaturale.<\/p>\n<p>Volete una societ\u00e0 migliore? Solo il nostro duro lavoro, non l&#8217;intervento miracoloso di Dio, l&#8217;ha mai migliorata. Volete un ambiente pi\u00f9 sano? Siamo stati noi a creare il disastro, quindi ammettiamo la nostra responsabilit\u00e0 e lavoriamo su di esso. Volete migliorare voi stessi? Non c&#8217;\u00e8 un potere superiore che ci aiuta a superare gli esami, ad abbandonare le cattive abitudini o a ottenere una promozione sul lavoro: ci siamo solo noi, con altre persone che ci aiutano.<\/p>\n<p>Alla fine de \u00abIl mago di Oz\u00bb arriva il turno di Dorothy. Glinda la Strega buona dice a Dorothy che le sue scarpette rosso rubino, ricevute all&#8217;inizio della sua avventura, possono riportarla a casa: \u00e8 sempre stata in grado di ottenere il desiderio del suo cuore.<\/p>\n<p>E cos\u00ec \u00e8 per noi. Siamo come Dorothy con le sue scarpette rosso rubino: la morale, lo scopo e il senso non vengono dall&#8217;esterno del nostro mondo, ma sono sempre stati nostri, da definire.<\/p>\n<p><a href=\"https:\/\/2minutechristianity.com\/blog\/\"><strong>Bob Seidensticker<\/strong><\/a><\/p>\n<hr>\n<p>(18\/50 \u2013 <a href=\"https:\/\/www.leternoassente.com\/?page_id=6163\">continua<\/a>)<\/p>\n<p>Immagine: <a href=\"https:\/\/www.wikiwand.com\/en\/The_Wonderful_Wizard_of_Oz#Media\/File:Cowardly_lion2.jpg\">Wikimedia<\/a>, (public domain)<\/p>\n<p><a href=\"https:\/\/www.leternoassente.com\/?page_id=5508\">Tutte le puntate.<\/a><\/p>\n<p>Leggi la <a href=\"https:\/\/2minutechristianity.com\/2022\/12\/26\/18-morality-purpose-and-meaning-lifes-ruby-slippers\/\">versione originale dell&#8217;articolo<\/a>.<\/p>\n<p>Ascolta l&#8217;articolo nel <a href=\"https:\/\/twominutechristianity.podbean.com\/e\/18-morality-purpose-and-meaning-life-s-ruby-slippers\/\">podcast<\/a> o nel <a href=\"https:\/\/www.youtube.com\/watch?v=LvucHLnMiic\">canale YouTube<\/a>.<\/p>\n<p>All material on this article is copyright 2022 by Bob Seidensticker. Translation By Choam Goldberg.<\/p>\n<hr>\n<p><em>Avvertenza:<\/em><br \/>\n<em>La lingua di questo articolo cerca di conciliare l&#8217;inclusivit\u00e0 con la leggibilit\u00e0 e la scorrevolezza. Nessuno si offenda quindi se evita le ripetizioni e usa il plurale sovraesteso. <a href=\"https:\/\/www.leternoassente.com\/?p=5651\">Ch\u00e9 mi spiace, ma la schwa anche no.<\/a><\/em><\/p>\n<hr>\n<p><em>Qui sotto trovi la possibilit\u00e0 di commentare quest&#8217;articolo. Per farlo, devi<br \/>\n1. confermare che sei ateo\/a,<br \/>\n2. essere consapevole che, se menti, stai commettendo il gravissimo peccato di apostasia,<br \/>\n3. aspettare che il commento sia approvato dall&#8217;admin.<br \/>\nL&#8217;approvazione dei commenti dipende dall&#8217;insindacabile e inappellabile giudizio dell&#8217;admin. Se vuoi saperne di pi\u00f9 a proposito dei commenti, puoi consultare le <a href=\"http:\/\/www.leternoassente.com\/?page_id=957#nocomment\" rel=\"noopener\" target=\"_blank\">FAQ<\/a>.<br \/>\nInoltre puoi commentare gli articoli e i post nel <a href=\"https:\/\/www.facebook.com\/groups\/eternoassente\/\" rel=\"noopener\" target=\"_blank\">Gruppo Facebook de L&#8217;Eterno Assente<\/a>, se ti iscrivi al Gruppo dopo aver risposto a una semplice domanda.<\/em><\/p>\n","protected":false},"excerpt":{"rendered":"<p>Morale, scopo e senso: le scarpette rosso rubino della vita Quella di Dorothy nel film \u00abIl mago di Oz\u00bb (1939) \u00e8 una lezione che forse dovremmo imparare anche noi. Proprio come le scarpette rosso rubino di Dorothy erano state in &hellip; <a href=\"https:\/\/www.leternoassente.com\/?page_id=6154\">Continua a leggere<span class=\"meta-nav\">&rarr;<\/span><\/a><\/p>\n","protected":false},"author":1,"featured_media":5533,"parent":5508,"menu_order":0,"comment_status":"open","ping_status":"closed","template":"","meta":{"footnotes":""},"class_list":["post-6154","page","type-page","status-publish","has-post-thumbnail","hentry"],"yoast_head":"<!-- This site is optimized with the Yoast SEO plugin v25.6 - https:\/\/yoast.com\/wordpress\/plugins\/seo\/ -->\n<title>Il cristianesimo in 2 minuti \u2013 18\/50 - L&#039;Eterno Assente<\/title>\n<meta name=\"description\" content=\"Morale, scopo e senso: le scarpette rosso rubino della vita\" \/>\n<meta name=\"robots\" content=\"index, follow, max-snippet:-1, max-image-preview:large, max-video-preview:-1\" \/>\n<link rel=\"canonical\" href=\"https:\/\/www.leternoassente.com\/?page_id=6154\" \/>\n<meta property=\"og:locale\" content=\"it_IT\" \/>\n<meta property=\"og:type\" content=\"article\" \/>\n<meta property=\"og:title\" content=\"Il cristianesimo in 2 minuti \u2013 18\/50 - L&#039;Eterno Assente\" \/>\n<meta property=\"og:description\" content=\"Morale, scopo e senso: le scarpette rosso rubino della vita\" \/>\n<meta property=\"og:url\" content=\"https:\/\/www.leternoassente.com\/?page_id=6154\" \/>\n<meta property=\"og:site_name\" content=\"L&#039;Eterno Assente\" \/>\n<meta property=\"article:modified_time\" content=\"2024-07-23T15:34:18+00:00\" \/>\n<meta property=\"og:image\" content=\"https:\/\/www.leternoassente.com\/wp-content\/uploads\/2022\/12\/2minuticristianesimotagliato.jpg\" \/>\n\t<meta property=\"og:image:width\" content=\"1213\" \/>\n\t<meta property=\"og:image:height\" content=\"600\" \/>\n\t<meta property=\"og:image:type\" content=\"image\/jpeg\" \/>\n<meta name=\"twitter:card\" content=\"summary_large_image\" \/>\n<meta name=\"twitter:site\" content=\"@leternoassente\" \/>\n<meta name=\"twitter:label1\" content=\"Tempo di lettura stimato\" \/>\n\t<meta name=\"twitter:data1\" content=\"5 minuti\" \/>\n<script type=\"application\/ld+json\" class=\"yoast-schema-graph\">{\"@context\":\"https:\/\/schema.org\",\"@graph\":[{\"@type\":\"WebPage\",\"@id\":\"https:\/\/www.leternoassente.com\/?page_id=6154\",\"url\":\"https:\/\/www.leternoassente.com\/?page_id=6154\",\"name\":\"Il cristianesimo in 2 minuti \u2013 18\/50 - L&#039;Eterno Assente\",\"isPartOf\":{\"@id\":\"https:\/\/www.leternoassente.com\/#website\"},\"primaryImageOfPage\":{\"@id\":\"https:\/\/www.leternoassente.com\/?page_id=6154#primaryimage\"},\"image\":{\"@id\":\"https:\/\/www.leternoassente.com\/?page_id=6154#primaryimage\"},\"thumbnailUrl\":\"https:\/\/www.leternoassente.com\/wp-content\/uploads\/2022\/12\/2minuticristianesimo-1.jpg\",\"datePublished\":\"2023-04-30T07:35:34+00:00\",\"dateModified\":\"2024-07-23T15:34:18+00:00\",\"description\":\"Morale, scopo e senso: le scarpette rosso rubino della vita\",\"breadcrumb\":{\"@id\":\"https:\/\/www.leternoassente.com\/?page_id=6154#breadcrumb\"},\"inLanguage\":\"it-IT\",\"potentialAction\":[{\"@type\":\"ReadAction\",\"target\":[\"https:\/\/www.leternoassente.com\/?page_id=6154\"]}]},{\"@type\":\"ImageObject\",\"inLanguage\":\"it-IT\",\"@id\":\"https:\/\/www.leternoassente.com\/?page_id=6154#primaryimage\",\"url\":\"https:\/\/www.leternoassente.com\/wp-content\/uploads\/2022\/12\/2minuticristianesimo-1.jpg\",\"contentUrl\":\"https:\/\/www.leternoassente.com\/wp-content\/uploads\/2022\/12\/2minuticristianesimo-1.jpg\",\"width\":1500,\"height\":434},{\"@type\":\"BreadcrumbList\",\"@id\":\"https:\/\/www.leternoassente.com\/?page_id=6154#breadcrumb\",\"itemListElement\":[{\"@type\":\"ListItem\",\"position\":1,\"name\":\"Home\",\"item\":\"https:\/\/www.leternoassente.com\/\"},{\"@type\":\"ListItem\",\"position\":2,\"name\":\"Il cristianesimo in 2 minuti\",\"item\":\"https:\/\/www.leternoassente.com\/?page_id=5508\"},{\"@type\":\"ListItem\",\"position\":3,\"name\":\"Il cristianesimo in 2 minuti \u2013 18\/50\"}]},{\"@type\":\"WebSite\",\"@id\":\"https:\/\/www.leternoassente.com\/#website\",\"url\":\"https:\/\/www.leternoassente.com\/\",\"name\":\"L&#039;Eterno Assente\",\"description\":\"Dio, la vita, il senso e altre cazzate\",\"publisher\":{\"@id\":\"https:\/\/www.leternoassente.com\/#\/schema\/person\/d2069751871fcdb89a30a0775f4170f9\"},\"potentialAction\":[{\"@type\":\"SearchAction\",\"target\":{\"@type\":\"EntryPoint\",\"urlTemplate\":\"https:\/\/www.leternoassente.com\/?s={search_term_string}\"},\"query-input\":{\"@type\":\"PropertyValueSpecification\",\"valueRequired\":true,\"valueName\":\"search_term_string\"}}],\"inLanguage\":\"it-IT\"},{\"@type\":[\"Person\",\"Organization\"],\"@id\":\"https:\/\/www.leternoassente.com\/#\/schema\/person\/d2069751871fcdb89a30a0775f4170f9\",\"name\":\"Choam Goldberg\",\"image\":{\"@type\":\"ImageObject\",\"inLanguage\":\"it-IT\",\"@id\":\"https:\/\/www.leternoassente.com\/#\/schema\/person\/image\/\",\"url\":\"https:\/\/secure.gravatar.com\/avatar\/63d2c9f25f05d3da5001f2898f6fc9cd?s=96&d=wavatar&r=g\",\"contentUrl\":\"https:\/\/secure.gravatar.com\/avatar\/63d2c9f25f05d3da5001f2898f6fc9cd?s=96&d=wavatar&r=g\",\"caption\":\"Choam Goldberg\"},\"logo\":{\"@id\":\"https:\/\/www.leternoassente.com\/#\/schema\/person\/image\/\"},\"description\":\"Contemplata la vastit\u00e0 del cazzo che gliene frega e raggiunta l\u2019atarass\u00eca, Choam Goldberg pratica nondimeno l'antica, dilettevole e nobile arte di demolire le credenze dei\u00a0beoti e degli insipienti.\",\"sameAs\":[\"http:\/\/www.leternoassente.com\"]}]}<\/script>\n<!-- \/ Yoast SEO plugin. -->","yoast_head_json":{"title":"Il cristianesimo in 2 minuti \u2013 18\/50 - L&#039;Eterno Assente","description":"Morale, scopo e senso: le scarpette rosso rubino della vita","robots":{"index":"index","follow":"follow","max-snippet":"max-snippet:-1","max-image-preview":"max-image-preview:large","max-video-preview":"max-video-preview:-1"},"canonical":"https:\/\/www.leternoassente.com\/?page_id=6154","og_locale":"it_IT","og_type":"article","og_title":"Il cristianesimo in 2 minuti \u2013 18\/50 - L&#039;Eterno Assente","og_description":"Morale, scopo e senso: le scarpette rosso rubino della vita","og_url":"https:\/\/www.leternoassente.com\/?page_id=6154","og_site_name":"L&#039;Eterno Assente","article_modified_time":"2024-07-23T15:34:18+00:00","og_image":[{"width":1213,"height":600,"url":"https:\/\/www.leternoassente.com\/wp-content\/uploads\/2022\/12\/2minuticristianesimotagliato.jpg","type":"image\/jpeg"}],"twitter_card":"summary_large_image","twitter_site":"@leternoassente","twitter_misc":{"Tempo di lettura stimato":"5 minuti"},"schema":{"@context":"https:\/\/schema.org","@graph":[{"@type":"WebPage","@id":"https:\/\/www.leternoassente.com\/?page_id=6154","url":"https:\/\/www.leternoassente.com\/?page_id=6154","name":"Il cristianesimo in 2 minuti \u2013 18\/50 - L&#039;Eterno Assente","isPartOf":{"@id":"https:\/\/www.leternoassente.com\/#website"},"primaryImageOfPage":{"@id":"https:\/\/www.leternoassente.com\/?page_id=6154#primaryimage"},"image":{"@id":"https:\/\/www.leternoassente.com\/?page_id=6154#primaryimage"},"thumbnailUrl":"https:\/\/www.leternoassente.com\/wp-content\/uploads\/2022\/12\/2minuticristianesimo-1.jpg","datePublished":"2023-04-30T07:35:34+00:00","dateModified":"2024-07-23T15:34:18+00:00","description":"Morale, scopo e senso: le scarpette rosso rubino della vita","breadcrumb":{"@id":"https:\/\/www.leternoassente.com\/?page_id=6154#breadcrumb"},"inLanguage":"it-IT","potentialAction":[{"@type":"ReadAction","target":["https:\/\/www.leternoassente.com\/?page_id=6154"]}]},{"@type":"ImageObject","inLanguage":"it-IT","@id":"https:\/\/www.leternoassente.com\/?page_id=6154#primaryimage","url":"https:\/\/www.leternoassente.com\/wp-content\/uploads\/2022\/12\/2minuticristianesimo-1.jpg","contentUrl":"https:\/\/www.leternoassente.com\/wp-content\/uploads\/2022\/12\/2minuticristianesimo-1.jpg","width":1500,"height":434},{"@type":"BreadcrumbList","@id":"https:\/\/www.leternoassente.com\/?page_id=6154#breadcrumb","itemListElement":[{"@type":"ListItem","position":1,"name":"Home","item":"https:\/\/www.leternoassente.com\/"},{"@type":"ListItem","position":2,"name":"Il cristianesimo in 2 minuti","item":"https:\/\/www.leternoassente.com\/?page_id=5508"},{"@type":"ListItem","position":3,"name":"Il cristianesimo in 2 minuti \u2013 18\/50"}]},{"@type":"WebSite","@id":"https:\/\/www.leternoassente.com\/#website","url":"https:\/\/www.leternoassente.com\/","name":"L&#039;Eterno Assente","description":"Dio, la vita, il senso e altre cazzate","publisher":{"@id":"https:\/\/www.leternoassente.com\/#\/schema\/person\/d2069751871fcdb89a30a0775f4170f9"},"potentialAction":[{"@type":"SearchAction","target":{"@type":"EntryPoint","urlTemplate":"https:\/\/www.leternoassente.com\/?s={search_term_string}"},"query-input":{"@type":"PropertyValueSpecification","valueRequired":true,"valueName":"search_term_string"}}],"inLanguage":"it-IT"},{"@type":["Person","Organization"],"@id":"https:\/\/www.leternoassente.com\/#\/schema\/person\/d2069751871fcdb89a30a0775f4170f9","name":"Choam Goldberg","image":{"@type":"ImageObject","inLanguage":"it-IT","@id":"https:\/\/www.leternoassente.com\/#\/schema\/person\/image\/","url":"https:\/\/secure.gravatar.com\/avatar\/63d2c9f25f05d3da5001f2898f6fc9cd?s=96&d=wavatar&r=g","contentUrl":"https:\/\/secure.gravatar.com\/avatar\/63d2c9f25f05d3da5001f2898f6fc9cd?s=96&d=wavatar&r=g","caption":"Choam Goldberg"},"logo":{"@id":"https:\/\/www.leternoassente.com\/#\/schema\/person\/image\/"},"description":"Contemplata la vastit\u00e0 del cazzo che gliene frega e raggiunta l\u2019atarass\u00eca, Choam Goldberg pratica nondimeno l'antica, dilettevole e nobile arte di demolire le credenze dei\u00a0beoti e degli insipienti.","sameAs":["http:\/\/www.leternoassente.com"]}]}},"_links":{"self":[{"href":"https:\/\/www.leternoassente.com\/index.php?rest_route=\/wp\/v2\/pages\/6154"}],"collection":[{"href":"https:\/\/www.leternoassente.com\/index.php?rest_route=\/wp\/v2\/pages"}],"about":[{"href":"https:\/\/www.leternoassente.com\/index.php?rest_route=\/wp\/v2\/types\/page"}],"author":[{"embeddable":true,"href":"https:\/\/www.leternoassente.com\/index.php?rest_route=\/wp\/v2\/users\/1"}],"replies":[{"embeddable":true,"href":"https:\/\/www.leternoassente.com\/index.php?rest_route=%2Fwp%2Fv2%2Fcomments&post=6154"}],"version-history":[{"count":8,"href":"https:\/\/www.leternoassente.com\/index.php?rest_route=\/wp\/v2\/pages\/6154\/revisions"}],"predecessor-version":[{"id":6637,"href":"https:\/\/www.leternoassente.com\/index.php?rest_route=\/wp\/v2\/pages\/6154\/revisions\/6637"}],"up":[{"embeddable":true,"href":"https:\/\/www.leternoassente.com\/index.php?rest_route=\/wp\/v2\/pages\/5508"}],"wp:featuredmedia":[{"embeddable":true,"href":"https:\/\/www.leternoassente.com\/index.php?rest_route=\/wp\/v2\/media\/5533"}],"wp:attachment":[{"href":"https:\/\/www.leternoassente.com\/index.php?rest_route=%2Fwp%2Fv2%2Fmedia&parent=6154"}],"curies":[{"name":"wp","href":"https:\/\/api.w.org\/{rel}","templated":true}]}}