{"id":6320,"date":"2023-11-02T08:27:48","date_gmt":"2023-11-02T07:27:48","guid":{"rendered":"https:\/\/www.leternoassente.com\/?page_id=6320"},"modified":"2024-07-23T17:36:36","modified_gmt":"2024-07-23T15:36:36","slug":"il-cristianesimo-in-2-minuti-21-50","status":"publish","type":"page","link":"https:\/\/www.leternoassente.com\/?page_id=6320","title":{"rendered":"Il cristianesimo in 2 minuti \u2013 21\/50"},"content":{"rendered":"<p><strong>Dio ama l&#8217;odore della carne bruciata: il sacrificio umano nella Bibbia<\/strong><\/p>\n<hr>\n<p><a href=\"https:\/\/www.leternoassente.com\/wp-content\/uploads\/2023\/10\/abramo.jpg\"><img loading=\"lazy\" decoding=\"async\" class=\"alignleft size-full wp-image-6323\" src=\"https:\/\/www.leternoassente.com\/wp-content\/uploads\/2023\/10\/abramo.jpg\" alt=\"\" width=\"1440\" height=\"803\" srcset=\"https:\/\/www.leternoassente.com\/wp-content\/uploads\/2023\/10\/abramo.jpg 1440w, https:\/\/www.leternoassente.com\/wp-content\/uploads\/2023\/10\/abramo-300x167.jpg 300w, https:\/\/www.leternoassente.com\/wp-content\/uploads\/2023\/10\/abramo-1024x571.jpg 1024w, https:\/\/www.leternoassente.com\/wp-content\/uploads\/2023\/10\/abramo-768x428.jpg 768w, https:\/\/www.leternoassente.com\/wp-content\/uploads\/2023\/10\/abramo-500x279.jpg 500w\" sizes=\"(max-width: 1440px) 100vw, 1440px\" \/><\/a><\/p>\n<p>Dio pretende che Abramo sacrifichi il suo unico figlio Isacco, ma ferma Abramo poco prima che compia il sacrificio. Una lezione di questa storia \u00e8 che Dio rifiuta il sacrificio umano. Tuttavia, come una favola allegra che deriva da un originale pi\u00f9 cupo, all&#8217;inizio questa storia potrebbe non essersi conclusa con questa morale.<\/p>\n<p>Una teoria popolare chiamata ipotesi documentaria sostiene che i primi cinque libri della Bibbia sono una miscela di quattro fonti con programmi diversi. La storia di Abramo e Isacco che leggiamo oggi potrebbe contenere frammenti di una storia differente. Per esempio, Abramo e Isacco partono insieme, ma la storia si conclude con \u00abPoi Abramo torn\u00f2 dai suoi servi\u00bb. Da solo.<\/p>\n<p>In questa storia si usano anche due nomi di Dio: sei volte Elohim e cinque volte Yahweh. Questo fa capire che in origine si trattava di due storie separate, in una delle quali il sacrificio avrebbe potuto essere portato a termine. \u00c8 ovvio che la condanna del sacrificio umano \u00e8 scarsa in una storia che premia un uomo per la sua disponibilit\u00e0 a compierlo.<\/p>\n<p>L&#8217;Antico testamento proviene da una cultura mesopotamica dell&#8217;Et\u00e0 del ferro e ci dice 40 volte che Dio si compiace dell&#8217;aroma della carne bruciata. Questi sacrifici non erano come quelli di incenso, ma erano offerte di cibo da far consumare a Dio, e la combustione era il modo per portare il cibo in cielo. E lui aveva un grande appetito: \u00abLa prima discendenza di ogni grembo mi appartiene, compresi tutti i primogeniti del vostro bestiame\u00bb. Ma Dio chiarisce un versetto dopo: \u00abRiscatta tutti i tuoi primogeniti\u00bb, cio\u00e8 sostituisci i tuoi figli con un animale da sacrificare. Si noti peraltro che il comando \u00e8 di riscattare i primogeniti, non le figlie.<\/p>\n<p>Eppure Dio non sembra avere le idee chiare sulla questione del sacrificio umano. In precedenza, nello stesso libro della Bibbia, leggiamo: \u00abDovete darmi il primogenito dei vostri figli\u00bb, senza alcuna opzione di riscatto con un animale.<\/p>\n<p>La contraddizione pu\u00f2 essere spiegata se questi due passi biblici provengono da fonti diverse: il versetto che richiede i primogeniti proviene dalla fonte E (Elohim), mentre il versetto che richiede le figlie proviene solo dalla fonte J (Yahweh).<\/p>\n<p>Dio us\u00f2 perfino il sacrificio umano come punizione umiliante. Per insegnare agli ostinati israeliti chi comanda, Dio disse: \u00abHo anche dato loro ordini non buoni e leggi che non permettevano di vivere.&nbsp;Ho lasciato che si rendessero impuri con le loro offerte, con i&nbsp;sacrifici&nbsp;dei propri figli primogeniti, perch\u00e9 ne avessero orrore e riconoscessero che io sono il Signore\u00bb.<\/p>\n<p>In un&#8217;altra storia la Bibbia ammette che il sacrificio umano \u00e8 una magia potente, perch\u00e9 \u00e8 cos\u00ec che il dio moabita Chemosh sconfisse il Dio di Israele. Le forze combinate di Israele, Giuda ed Edom stavano per sconfiggere Moab, quando il re moabita sacrific\u00f2 il figlio al suo dio Chemosh. Il risultato: \u00abCi fu un&#8217;esplosione di collera divina contro Israele, che interruppe l&#8217;attacco e torn\u00f2 in patria\u00bb.<\/p>\n<p>I cristiani contrappongono le trib\u00f9 cananee che sacrificano i bambini al popolo eletto da Dio, ma secondo la Bibbia entrambe le culture \u2013 ed entrambi i loro dei \u2013 erano colpevoli su questo punto.<\/p>\n<p><a href=\"https:\/\/2minutechristianity.com\/blog\/\"><strong>Bob Seidensticker<\/strong><\/a><\/p>\n<hr>\n<p><strong>Note<\/strong><\/p>\n<p>Ipotesi documentale: il materiale distinto del Pentateuco, cio\u00e8 i primi cinque libri della Bibbia, si spiega meglio ipotizzando quattro documenti separati che sono stati fusi. I quattro documenti sono chiamati J (scritto nel IX secolo a.C. in Giuda, dove Dio \u00e8 Yahweh), E (scritto nel VII secolo a.C. in Israele, dove Dio \u00e8 Elohim), P (scritto nel V secolo a.C., fonte sacerdotale) e D (scritto nel VI secolo a.C., fonte deuteronomica).<\/p>\n<p>Dio ama l&#8217;odore della carne bruciata: cerca \u00abprofumo\u00bb nella Bibbia interconfessionale.<\/p>\n<p>Abramo quindi torn\u00f2 dai suoi servitori e insieme se ne andarono a Bersabea dove Abramo si stabil\u00ec.<br \/>\n\u2013 Genesi 22,1-19<\/p>\n<p>\u00abOgni primogenito appartiene a me, anche quelli del vostro bestiame: ogni primo nato maschio della vacca, della pecora o della capra deve essere offerto a me.<br \/>\n\u2013 Esodo 34,19<\/p>\n<p>(&#8230;) In ogni caso dovete sacrificare un animale al posto di ogni maschio primogenito dei vostri figli. (&#8230;)<br \/>\n\u2013 Esodo 34,20<\/p>\n<p>\u00abOgni tuo primogenito lo devi consacrare a me.<br \/>\n\u2013 Esodo 22,29<\/p>\n<p>Ho anche dato loro ordini non buoni e leggi che non permettevano di vivere.&nbsp;Ho lasciato che si rendessero impuri con le loro offerte, con i&nbsp;sacrifici&nbsp;dei propri figli primogeniti, perch\u00e9 ne avessero orrore e riconoscessero che io sono il Signore.<br \/>\n\u2013 Ezechiele 20,25-26<\/p>\n<p>Allora il re di Moab prese il suo figlio primogenito, che avrebbe dovuto regnare dopo di lui, e lo offr\u00ec in sacrificio sulle mura della citt\u00e0. Un grande terrore s\u2019impadron\u00ec degli Israeliti, che scapparono e se ne tornarono nella loro terra.<br \/>\n\u2013 2 Re 3,27<\/p>\n<hr>\n<p>(21\/50 \u2013 continua)<\/p>\n<p>Immagine: <a href=\"https:\/\/commons.wikimedia.org\/wiki\/File:Abraham_about_to_Sacrifice_Isaac_MET_DP809913.jpg\">Wikimedia<\/a>, CC<\/p>\n<p><a href=\"https:\/\/www.leternoassente.com\/?page_id=5508\">Tutte le puntate.<\/a><\/p>\n<p>Leggi la <a href=\"https:\/\/2minutechristianity.com\/2023\/01\/16\/21-god-loves-the-smell-of-burning-flesh-human-sacrifice-in-the-bible\/\">versione originale dell&#8217;articolo<\/a>.<\/p>\n<p>Ascolta l&#8217;articolo nel <a href=\"https:\/\/twominutechristianity.podbean.com\/e\/21-god-loves-the-smell-of-burning-flesh-human-sacrifice-in-the-bible\/\">podcast<\/a> o nel <a href=\"https:\/\/www.youtube.com\/watch?v=tV3qLpyEuBQ\">canale YouTube<\/a>.<\/p>\n<p>All material on this article is copyright 2023 by Bob Seidensticker. Translation By Choam Goldberg.<\/p>\n<hr>\n<p><em>Avvertenza:<\/em><br \/>\n<em>La lingua di questo articolo cerca di conciliare l&#8217;inclusivit\u00e0 con la leggibilit\u00e0 e la scorrevolezza. Nessuno si offenda quindi se evita le ripetizioni e usa il plurale sovraesteso. <a href=\"https:\/\/www.leternoassente.com\/?p=5651\">Ch\u00e9 mi spiace, ma la schwa anche no.<\/a><\/em><\/p>\n<hr>\n<p><em>Qui sotto trovi la possibilit\u00e0 di commentare quest&#8217;articolo. Per farlo, devi<br \/>\n1. confermare che sei ateo\/a,<br \/>\n2. essere consapevole che, se menti, stai commettendo il gravissimo peccato di apostasia,<br \/>\n3. aspettare che il commento sia approvato dall&#8217;admin.<br \/>\nL&#8217;approvazione dei commenti dipende dall&#8217;insindacabile e inappellabile giudizio dell&#8217;admin. Se vuoi saperne di pi\u00f9 a proposito dei commenti, puoi consultare le <a href=\"http:\/\/www.leternoassente.com\/?page_id=957#nocomment\" rel=\"noopener\" target=\"_blank\">FAQ<\/a>.<br \/>\nInoltre puoi commentare gli articoli e i post nel <a href=\"https:\/\/www.facebook.com\/groups\/eternoassente\/\" rel=\"noopener\" target=\"_blank\">Gruppo Facebook de L&#8217;Eterno Assente<\/a>, se ti iscrivi al Gruppo dopo aver risposto a una semplice domanda.<\/em><\/p>\n","protected":false},"excerpt":{"rendered":"<p>Dio ama l&#8217;odore della carne bruciata: il sacrificio umano nella Bibbia Dio pretende che Abramo sacrifichi il suo unico figlio Isacco, ma ferma Abramo poco prima che compia il sacrificio. Una lezione di questa storia \u00e8 che Dio rifiuta il &hellip; <a href=\"https:\/\/www.leternoassente.com\/?page_id=6320\">Continua a leggere<span class=\"meta-nav\">&rarr;<\/span><\/a><\/p>\n","protected":false},"author":1,"featured_media":5533,"parent":5508,"menu_order":0,"comment_status":"open","ping_status":"closed","template":"","meta":{"footnotes":""},"class_list":["post-6320","page","type-page","status-publish","has-post-thumbnail","hentry"],"yoast_head":"<!-- This site is optimized with the Yoast SEO plugin v25.6 - https:\/\/yoast.com\/wordpress\/plugins\/seo\/ -->\n<title>Il cristianesimo in 2 minuti \u2013 21\/50 - L&#039;Eterno Assente<\/title>\n<meta name=\"description\" content=\"Dio ama l&#039;odore della carne bruciata: il sacrificio umano nella Bibbia\" \/>\n<meta name=\"robots\" content=\"index, follow, max-snippet:-1, max-image-preview:large, max-video-preview:-1\" \/>\n<link rel=\"canonical\" href=\"https:\/\/www.leternoassente.com\/?page_id=6320\" \/>\n<meta property=\"og:locale\" content=\"it_IT\" \/>\n<meta property=\"og:type\" content=\"article\" \/>\n<meta property=\"og:title\" content=\"Il cristianesimo in 2 minuti \u2013 21\/50 - L&#039;Eterno Assente\" \/>\n<meta property=\"og:description\" content=\"Dio ama l&#039;odore della carne bruciata: il sacrificio umano nella Bibbia\" \/>\n<meta property=\"og:url\" content=\"https:\/\/www.leternoassente.com\/?page_id=6320\" \/>\n<meta property=\"og:site_name\" content=\"L&#039;Eterno Assente\" \/>\n<meta property=\"article:modified_time\" content=\"2024-07-23T15:36:36+00:00\" \/>\n<meta property=\"og:image\" content=\"https:\/\/www.leternoassente.com\/wp-content\/uploads\/2022\/12\/2minuticristianesimotagliato.jpg\" \/>\n\t<meta property=\"og:image:width\" content=\"1213\" \/>\n\t<meta property=\"og:image:height\" content=\"600\" \/>\n\t<meta property=\"og:image:type\" content=\"image\/jpeg\" \/>\n<meta name=\"twitter:card\" content=\"summary_large_image\" \/>\n<meta name=\"twitter:site\" content=\"@leternoassente\" \/>\n<meta name=\"twitter:label1\" content=\"Tempo di lettura stimato\" \/>\n\t<meta name=\"twitter:data1\" content=\"6 minuti\" \/>\n<script type=\"application\/ld+json\" class=\"yoast-schema-graph\">{\"@context\":\"https:\/\/schema.org\",\"@graph\":[{\"@type\":\"WebPage\",\"@id\":\"https:\/\/www.leternoassente.com\/?page_id=6320\",\"url\":\"https:\/\/www.leternoassente.com\/?page_id=6320\",\"name\":\"Il cristianesimo in 2 minuti \u2013 21\/50 - L&#039;Eterno Assente\",\"isPartOf\":{\"@id\":\"https:\/\/www.leternoassente.com\/#website\"},\"primaryImageOfPage\":{\"@id\":\"https:\/\/www.leternoassente.com\/?page_id=6320#primaryimage\"},\"image\":{\"@id\":\"https:\/\/www.leternoassente.com\/?page_id=6320#primaryimage\"},\"thumbnailUrl\":\"https:\/\/www.leternoassente.com\/wp-content\/uploads\/2022\/12\/2minuticristianesimo-1.jpg\",\"datePublished\":\"2023-11-02T07:27:48+00:00\",\"dateModified\":\"2024-07-23T15:36:36+00:00\",\"description\":\"Dio ama l'odore della carne bruciata: il sacrificio umano nella Bibbia\",\"breadcrumb\":{\"@id\":\"https:\/\/www.leternoassente.com\/?page_id=6320#breadcrumb\"},\"inLanguage\":\"it-IT\",\"potentialAction\":[{\"@type\":\"ReadAction\",\"target\":[\"https:\/\/www.leternoassente.com\/?page_id=6320\"]}]},{\"@type\":\"ImageObject\",\"inLanguage\":\"it-IT\",\"@id\":\"https:\/\/www.leternoassente.com\/?page_id=6320#primaryimage\",\"url\":\"https:\/\/www.leternoassente.com\/wp-content\/uploads\/2022\/12\/2minuticristianesimo-1.jpg\",\"contentUrl\":\"https:\/\/www.leternoassente.com\/wp-content\/uploads\/2022\/12\/2minuticristianesimo-1.jpg\",\"width\":1500,\"height\":434},{\"@type\":\"BreadcrumbList\",\"@id\":\"https:\/\/www.leternoassente.com\/?page_id=6320#breadcrumb\",\"itemListElement\":[{\"@type\":\"ListItem\",\"position\":1,\"name\":\"Home\",\"item\":\"https:\/\/www.leternoassente.com\/\"},{\"@type\":\"ListItem\",\"position\":2,\"name\":\"Il cristianesimo in 2 minuti\",\"item\":\"https:\/\/www.leternoassente.com\/?page_id=5508\"},{\"@type\":\"ListItem\",\"position\":3,\"name\":\"Il cristianesimo in 2 minuti \u2013 21\/50\"}]},{\"@type\":\"WebSite\",\"@id\":\"https:\/\/www.leternoassente.com\/#website\",\"url\":\"https:\/\/www.leternoassente.com\/\",\"name\":\"L&#039;Eterno Assente\",\"description\":\"Dio, la vita, il senso e altre cazzate\",\"publisher\":{\"@id\":\"https:\/\/www.leternoassente.com\/#\/schema\/person\/d2069751871fcdb89a30a0775f4170f9\"},\"potentialAction\":[{\"@type\":\"SearchAction\",\"target\":{\"@type\":\"EntryPoint\",\"urlTemplate\":\"https:\/\/www.leternoassente.com\/?s={search_term_string}\"},\"query-input\":{\"@type\":\"PropertyValueSpecification\",\"valueRequired\":true,\"valueName\":\"search_term_string\"}}],\"inLanguage\":\"it-IT\"},{\"@type\":[\"Person\",\"Organization\"],\"@id\":\"https:\/\/www.leternoassente.com\/#\/schema\/person\/d2069751871fcdb89a30a0775f4170f9\",\"name\":\"Choam Goldberg\",\"image\":{\"@type\":\"ImageObject\",\"inLanguage\":\"it-IT\",\"@id\":\"https:\/\/www.leternoassente.com\/#\/schema\/person\/image\/\",\"url\":\"https:\/\/secure.gravatar.com\/avatar\/63d2c9f25f05d3da5001f2898f6fc9cd?s=96&d=wavatar&r=g\",\"contentUrl\":\"https:\/\/secure.gravatar.com\/avatar\/63d2c9f25f05d3da5001f2898f6fc9cd?s=96&d=wavatar&r=g\",\"caption\":\"Choam Goldberg\"},\"logo\":{\"@id\":\"https:\/\/www.leternoassente.com\/#\/schema\/person\/image\/\"},\"description\":\"Contemplata la vastit\u00e0 del cazzo che gliene frega e raggiunta l\u2019atarass\u00eca, Choam Goldberg pratica nondimeno l'antica, dilettevole e nobile arte di demolire le credenze dei\u00a0beoti e degli insipienti.\",\"sameAs\":[\"http:\/\/www.leternoassente.com\"]}]}<\/script>\n<!-- \/ Yoast SEO plugin. -->","yoast_head_json":{"title":"Il cristianesimo in 2 minuti \u2013 21\/50 - L&#039;Eterno Assente","description":"Dio ama l'odore della carne bruciata: il sacrificio umano nella Bibbia","robots":{"index":"index","follow":"follow","max-snippet":"max-snippet:-1","max-image-preview":"max-image-preview:large","max-video-preview":"max-video-preview:-1"},"canonical":"https:\/\/www.leternoassente.com\/?page_id=6320","og_locale":"it_IT","og_type":"article","og_title":"Il cristianesimo in 2 minuti \u2013 21\/50 - L&#039;Eterno Assente","og_description":"Dio ama l'odore della carne bruciata: il sacrificio umano nella Bibbia","og_url":"https:\/\/www.leternoassente.com\/?page_id=6320","og_site_name":"L&#039;Eterno Assente","article_modified_time":"2024-07-23T15:36:36+00:00","og_image":[{"width":1213,"height":600,"url":"https:\/\/www.leternoassente.com\/wp-content\/uploads\/2022\/12\/2minuticristianesimotagliato.jpg","type":"image\/jpeg"}],"twitter_card":"summary_large_image","twitter_site":"@leternoassente","twitter_misc":{"Tempo di lettura stimato":"6 minuti"},"schema":{"@context":"https:\/\/schema.org","@graph":[{"@type":"WebPage","@id":"https:\/\/www.leternoassente.com\/?page_id=6320","url":"https:\/\/www.leternoassente.com\/?page_id=6320","name":"Il cristianesimo in 2 minuti \u2013 21\/50 - L&#039;Eterno Assente","isPartOf":{"@id":"https:\/\/www.leternoassente.com\/#website"},"primaryImageOfPage":{"@id":"https:\/\/www.leternoassente.com\/?page_id=6320#primaryimage"},"image":{"@id":"https:\/\/www.leternoassente.com\/?page_id=6320#primaryimage"},"thumbnailUrl":"https:\/\/www.leternoassente.com\/wp-content\/uploads\/2022\/12\/2minuticristianesimo-1.jpg","datePublished":"2023-11-02T07:27:48+00:00","dateModified":"2024-07-23T15:36:36+00:00","description":"Dio ama l'odore della carne bruciata: il sacrificio umano nella Bibbia","breadcrumb":{"@id":"https:\/\/www.leternoassente.com\/?page_id=6320#breadcrumb"},"inLanguage":"it-IT","potentialAction":[{"@type":"ReadAction","target":["https:\/\/www.leternoassente.com\/?page_id=6320"]}]},{"@type":"ImageObject","inLanguage":"it-IT","@id":"https:\/\/www.leternoassente.com\/?page_id=6320#primaryimage","url":"https:\/\/www.leternoassente.com\/wp-content\/uploads\/2022\/12\/2minuticristianesimo-1.jpg","contentUrl":"https:\/\/www.leternoassente.com\/wp-content\/uploads\/2022\/12\/2minuticristianesimo-1.jpg","width":1500,"height":434},{"@type":"BreadcrumbList","@id":"https:\/\/www.leternoassente.com\/?page_id=6320#breadcrumb","itemListElement":[{"@type":"ListItem","position":1,"name":"Home","item":"https:\/\/www.leternoassente.com\/"},{"@type":"ListItem","position":2,"name":"Il cristianesimo in 2 minuti","item":"https:\/\/www.leternoassente.com\/?page_id=5508"},{"@type":"ListItem","position":3,"name":"Il cristianesimo in 2 minuti \u2013 21\/50"}]},{"@type":"WebSite","@id":"https:\/\/www.leternoassente.com\/#website","url":"https:\/\/www.leternoassente.com\/","name":"L&#039;Eterno Assente","description":"Dio, la vita, il senso e altre cazzate","publisher":{"@id":"https:\/\/www.leternoassente.com\/#\/schema\/person\/d2069751871fcdb89a30a0775f4170f9"},"potentialAction":[{"@type":"SearchAction","target":{"@type":"EntryPoint","urlTemplate":"https:\/\/www.leternoassente.com\/?s={search_term_string}"},"query-input":{"@type":"PropertyValueSpecification","valueRequired":true,"valueName":"search_term_string"}}],"inLanguage":"it-IT"},{"@type":["Person","Organization"],"@id":"https:\/\/www.leternoassente.com\/#\/schema\/person\/d2069751871fcdb89a30a0775f4170f9","name":"Choam Goldberg","image":{"@type":"ImageObject","inLanguage":"it-IT","@id":"https:\/\/www.leternoassente.com\/#\/schema\/person\/image\/","url":"https:\/\/secure.gravatar.com\/avatar\/63d2c9f25f05d3da5001f2898f6fc9cd?s=96&d=wavatar&r=g","contentUrl":"https:\/\/secure.gravatar.com\/avatar\/63d2c9f25f05d3da5001f2898f6fc9cd?s=96&d=wavatar&r=g","caption":"Choam Goldberg"},"logo":{"@id":"https:\/\/www.leternoassente.com\/#\/schema\/person\/image\/"},"description":"Contemplata la vastit\u00e0 del cazzo che gliene frega e raggiunta l\u2019atarass\u00eca, Choam Goldberg pratica nondimeno l'antica, dilettevole e nobile arte di demolire le credenze dei\u00a0beoti e degli insipienti.","sameAs":["http:\/\/www.leternoassente.com"]}]}},"_links":{"self":[{"href":"https:\/\/www.leternoassente.com\/index.php?rest_route=\/wp\/v2\/pages\/6320"}],"collection":[{"href":"https:\/\/www.leternoassente.com\/index.php?rest_route=\/wp\/v2\/pages"}],"about":[{"href":"https:\/\/www.leternoassente.com\/index.php?rest_route=\/wp\/v2\/types\/page"}],"author":[{"embeddable":true,"href":"https:\/\/www.leternoassente.com\/index.php?rest_route=\/wp\/v2\/users\/1"}],"replies":[{"embeddable":true,"href":"https:\/\/www.leternoassente.com\/index.php?rest_route=%2Fwp%2Fv2%2Fcomments&post=6320"}],"version-history":[{"count":7,"href":"https:\/\/www.leternoassente.com\/index.php?rest_route=\/wp\/v2\/pages\/6320\/revisions"}],"predecessor-version":[{"id":6640,"href":"https:\/\/www.leternoassente.com\/index.php?rest_route=\/wp\/v2\/pages\/6320\/revisions\/6640"}],"up":[{"embeddable":true,"href":"https:\/\/www.leternoassente.com\/index.php?rest_route=\/wp\/v2\/pages\/5508"}],"wp:featuredmedia":[{"embeddable":true,"href":"https:\/\/www.leternoassente.com\/index.php?rest_route=\/wp\/v2\/media\/5533"}],"wp:attachment":[{"href":"https:\/\/www.leternoassente.com\/index.php?rest_route=%2Fwp%2Fv2%2Fmedia&parent=6320"}],"curies":[{"name":"wp","href":"https:\/\/api.w.org\/{rel}","templated":true}]}}