{"id":6398,"date":"2024-01-22T13:11:18","date_gmt":"2024-01-22T12:11:18","guid":{"rendered":"https:\/\/www.leternoassente.com\/?page_id=6398"},"modified":"2024-07-23T17:38:48","modified_gmt":"2024-07-23T15:38:48","slug":"il-cristianesimo-in-2-minuti-24-50","status":"publish","type":"page","link":"https:\/\/www.leternoassente.com\/?page_id=6398","title":{"rendered":"Il cristianesimo in 2 minuti \u2013 24\/50"},"content":{"rendered":"<p><strong>Gli atei hanno bisogno della visione cristiana del mondo: o forse no?<\/strong><\/p>\n<hr>\n<p><a href=\"https:\/\/www.leternoassente.com\/wp-content\/uploads\/2024\/01\/calcolimatematici.jpg\"><img loading=\"lazy\" decoding=\"async\" class=\"alignleft size-full wp-image-6400\" src=\"https:\/\/www.leternoassente.com\/wp-content\/uploads\/2024\/01\/calcolimatematici.jpg\" alt=\"\" width=\"1440\" height=\"1074\" srcset=\"https:\/\/www.leternoassente.com\/wp-content\/uploads\/2024\/01\/calcolimatematici.jpg 1440w, https:\/\/www.leternoassente.com\/wp-content\/uploads\/2024\/01\/calcolimatematici-300x224.jpg 300w, https:\/\/www.leternoassente.com\/wp-content\/uploads\/2024\/01\/calcolimatematici-1024x764.jpg 1024w, https:\/\/www.leternoassente.com\/wp-content\/uploads\/2024\/01\/calcolimatematici-768x573.jpg 768w, https:\/\/www.leternoassente.com\/wp-content\/uploads\/2024\/01\/calcolimatematici-402x300.jpg 402w\" sizes=\"(max-width: 1440px) 100vw, 1440px\" \/><\/a><\/p>\n<p>Ecco una parabola moderna che esplora il fondamento delle visioni del mondo. Un giorno un matematico, in vena di filosofeggiare, si chiese su cosa si fondasse la sua disciplina. Naturalmente la matematica funziona, ma perch\u00e9? Cos\u00ec lui si chiese se non gli mancasse qualcosa di fondamentale.<\/p>\n<p>Perci\u00f2 si rivolse a un amico teologo. Il teologo non sapeva quasi nulla di matematica, ma conosceva il cristianesimo.<\/p>\n<p>Il matematico disse: \u00abLa matematica \u00e8 come un triangolo rovesciato, con la matematica pi\u00f9 avanzata lungo il bordo superiore. Lo strato superiore si fonda sulla matematica sottostante, che si fonda su quella sottostante, e cos\u00ec via attraverso gli strati, fino all&#8217;aritmetica e alla logica nel punto pi\u00f9 basso. Ed \u00e8 l\u00ec che si ferma\u00bb.<\/p>\n<p>Il teologo annu\u00ec lentamente. \u00abCapisco il problema: su cosa poggia il fondo?\u00bb.<\/p>\n<p>Il matematico rimase in silenzio.<\/p>\n<p>\u00abSecondo te, non poggia su nulla\u00bb, disse il teologo. \u00abSe ne sta l\u00ec a mezz&#8217;aria. Ma il problema \u00e8 facilmente risolvibile: la matematica e la logica vengono da Dio. Ecco il tuo fondamento\u00bb.<\/p>\n<p>\u00abStai dicendo che devo convertirmi al cristianesimo per essere un matematico?\u00bb.<\/p>\n<p>\u00abNiente affatto. Basta che tu ti renda conto che ti stai fondando sulla visione cristiana del mondo ogni volta che fai un calcolo o scrivi un&#8217;equazione\u00bb.<\/p>\n<p>Soddisfatto di aver risolto questo fastidioso problema, il matematico torn\u00f2 al suo lavoro e non ci pens\u00f2 pi\u00f9. Fine.<\/p>\n<p>Dopo questa escursione teologica, il matematico era migliorato? Era pi\u00f9 veloce, pi\u00f9 preciso o pi\u00f9 creativo? Le sue dimostrazioni funzionavano dove prima non funzionavano? In breve, aveva ottenuto qualcosa di utile dall&#8217;esercizio? Niente affatto.<\/p>\n<p>Notate dove il teologo si sbagliava: gli assiomi alla base del triangolo non sono sospesi a mezz&#8217;aria e presi per fede. Vengono continuamente messi alla prova. Finora \u00ab1 + 1 = 2\u00bb ha sempre funzionato, ma se incontrassimo una situazione in cui non funziona ne prenderemmo atto. Alcune affermazioni matematiche sono testate e altre sono dimostrate sulla base di altre affermazioni, ma nessuna \u00e8 accettata per fede. L&#8217;idea che gli atei o gli scienziati si fondano sulla visione cristiana del mondo \u00e8 popolare ma vuota.<\/p>\n<p>Se immaginiamo che 1 + 1 = 2 solo perch\u00e9 lo dice Dio, ci\u00f2 significa che in un universo senza Dio 1 + 1 potrebbe non essere uguale a 2. \u00c8 un&#8217;affermazione notevole, e il teologo deve dimostrarla, invece di limitarsi ad affermare che \u00e8 cos\u00ec e basta, senza alcuna evidenza.<\/p>\n<p>L&#8217;affermazione \u00ab\u00c8 stato Dio\u00bb non \u00e8 pi\u00f9 utile o informativa de \u00abLa logica e l&#8217;aritmetica sono solo propriet\u00e0 della nostra realt\u00e0\u00bb o \u00ab\u00c8 cos\u00ec e basta\u00bb o anche \u00abNon lo so\u00bb. Una questione interessante \u00e8 stata soppressa, non risolta. In effetti, secondo il ragionamento del teologo stesso, la sua risposta rimane a mezz&#8217;aria perch\u00e9 non fornisce alcuna ragione per concludere che Dio esiste. La sua affermazione non \u00e8 pi\u00f9 credibile di quella di qualsiasi altra religione, cio\u00e8 non lo \u00e8 affatto.<\/p>\n<p>Chi si ferma a \u00ab\u00c8 stato Dio\u00bb ha espresso solo un&#8217;opinione, senza alcuna prova a sostegno. Non fa affatto avanzare la causa della verit\u00e0. La matematica \u00e8 testata e funziona. Dio \u00e8 un&#8217;aggiunta non necessaria e non utile all&#8217;insieme.<\/p>\n<p><a href=\"https:\/\/2minutechristianity.com\/blog\/\"><strong>Bob Seidensticker<\/strong><\/a><\/p>\n<hr>\n<p>(24\/50 \u2013 <a href=\"https:\/\/www.leternoassente.com\/?page_id=6431\">continua<\/a>)<\/p>\n<p>Immagine: <a href=\"https:\/\/unsplash.com\/it\/foto\/una-foto-in-bianco-e-nero-di-una-serie-di-calcoli-xJLN32FO7AY\">Dan Cristian Padure\u021b<\/a>, da Unsplash<\/p>\n<p><a href=\"https:\/\/www.leternoassente.com\/?page_id=5508\">Tutte le puntate.<\/a><\/p>\n<p>Leggi la <a href=\"https:\/\/2minutechristianity.com\/2023\/02\/06\/24-atheists-need-the-christian-worldview-or-do-they\/\">versione originale dell&#8217;articolo<\/a>.<\/p>\n<p>Ascolta l&#8217;articolo nel <a href=\"https:\/\/twominutechristianity.podbean.com\/e\/24-atheists-need-the-christian-worldview-or-do-they\/\">podcast<\/a> o nel <a href=\"https:\/\/www.youtube.com\/watch?v=XSzS079ZZlQ\">canale YouTube<\/a>.<\/p>\n<p>All material on this article is copyright 2023 by Bob Seidensticker. Translation By Choam Goldberg.<\/p>\n<hr>\n<p><em>Avvertenza:<\/em><br \/>\n<em>La lingua di questo articolo cerca di conciliare l&#8217;inclusivit\u00e0 con la leggibilit\u00e0 e la scorrevolezza. Nessuno si offenda quindi se evita le ripetizioni e usa il plurale sovraesteso. <a href=\"https:\/\/www.leternoassente.com\/?p=5651\">Ch\u00e9 mi spiace, ma la schwa anche no.<\/a><\/em><\/p>\n<hr>\n<p><em>Qui sotto trovi la possibilit\u00e0 di commentare quest&#8217;articolo. Per farlo, devi<br \/>\n1. confermare che sei ateo\/a,<br \/>\n2. essere consapevole che, se menti, stai commettendo il gravissimo peccato di apostasia,<br \/>\n3. aspettare che il commento sia approvato dall&#8217;admin.<br \/>\nL&#8217;approvazione dei commenti dipende dall&#8217;insindacabile e inappellabile giudizio dell&#8217;admin. Se vuoi saperne di pi\u00f9 a proposito dei commenti, puoi consultare le <a href=\"http:\/\/www.leternoassente.com\/?page_id=957#nocomment\" rel=\"noopener\" target=\"_blank\">FAQ<\/a>.<br \/>\nInoltre puoi commentare gli articoli e i post nel <a href=\"https:\/\/www.facebook.com\/groups\/eternoassente\/\" rel=\"noopener\" target=\"_blank\">Gruppo Facebook de L&#8217;Eterno Assente<\/a>, se ti iscrivi al Gruppo dopo aver risposto a una semplice domanda.<\/em><\/p>\n","protected":false},"excerpt":{"rendered":"<p>Gli atei hanno bisogno della visione cristiana del mondo: o forse no? Ecco una parabola moderna che esplora il fondamento delle visioni del mondo. Un giorno un matematico, in vena di filosofeggiare, si chiese su cosa si fondasse la sua &hellip; <a href=\"https:\/\/www.leternoassente.com\/?page_id=6398\">Continua a leggere<span class=\"meta-nav\">&rarr;<\/span><\/a><\/p>\n","protected":false},"author":1,"featured_media":5533,"parent":5508,"menu_order":0,"comment_status":"open","ping_status":"closed","template":"","meta":{"footnotes":""},"class_list":["post-6398","page","type-page","status-publish","has-post-thumbnail","hentry"],"yoast_head":"<!-- This site is optimized with the Yoast SEO plugin v25.6 - https:\/\/yoast.com\/wordpress\/plugins\/seo\/ -->\n<title>Il cristianesimo in 2 minuti \u2013 24\/50 - L&#039;Eterno Assente<\/title>\n<meta name=\"description\" content=\"Gli atei hanno bisogno della visione cristiana del mondo: o forse no?\" \/>\n<meta name=\"robots\" content=\"index, follow, max-snippet:-1, max-image-preview:large, max-video-preview:-1\" \/>\n<link rel=\"canonical\" href=\"https:\/\/www.leternoassente.com\/?page_id=6398\" \/>\n<meta property=\"og:locale\" content=\"it_IT\" \/>\n<meta property=\"og:type\" content=\"article\" \/>\n<meta property=\"og:title\" content=\"Il cristianesimo in 2 minuti \u2013 24\/50 - L&#039;Eterno Assente\" \/>\n<meta property=\"og:description\" content=\"Gli atei hanno bisogno della visione cristiana del mondo: o forse no?\" \/>\n<meta property=\"og:url\" content=\"https:\/\/www.leternoassente.com\/?page_id=6398\" \/>\n<meta property=\"og:site_name\" content=\"L&#039;Eterno Assente\" \/>\n<meta property=\"article:modified_time\" content=\"2024-07-23T15:38:48+00:00\" \/>\n<meta property=\"og:image\" content=\"https:\/\/www.leternoassente.com\/wp-content\/uploads\/2022\/12\/2minuticristianesimotagliato.jpg\" \/>\n\t<meta property=\"og:image:width\" content=\"1213\" \/>\n\t<meta property=\"og:image:height\" content=\"600\" \/>\n\t<meta property=\"og:image:type\" content=\"image\/jpeg\" \/>\n<meta name=\"twitter:card\" content=\"summary_large_image\" \/>\n<meta name=\"twitter:site\" content=\"@leternoassente\" \/>\n<meta name=\"twitter:label1\" content=\"Tempo di lettura stimato\" \/>\n\t<meta name=\"twitter:data1\" content=\"4 minuti\" \/>\n<script type=\"application\/ld+json\" class=\"yoast-schema-graph\">{\"@context\":\"https:\/\/schema.org\",\"@graph\":[{\"@type\":\"WebPage\",\"@id\":\"https:\/\/www.leternoassente.com\/?page_id=6398\",\"url\":\"https:\/\/www.leternoassente.com\/?page_id=6398\",\"name\":\"Il cristianesimo in 2 minuti \u2013 24\/50 - L&#039;Eterno Assente\",\"isPartOf\":{\"@id\":\"https:\/\/www.leternoassente.com\/#website\"},\"primaryImageOfPage\":{\"@id\":\"https:\/\/www.leternoassente.com\/?page_id=6398#primaryimage\"},\"image\":{\"@id\":\"https:\/\/www.leternoassente.com\/?page_id=6398#primaryimage\"},\"thumbnailUrl\":\"https:\/\/www.leternoassente.com\/wp-content\/uploads\/2022\/12\/2minuticristianesimo-1.jpg\",\"datePublished\":\"2024-01-22T12:11:18+00:00\",\"dateModified\":\"2024-07-23T15:38:48+00:00\",\"description\":\"Gli atei hanno bisogno della visione cristiana del mondo: o forse no?\",\"breadcrumb\":{\"@id\":\"https:\/\/www.leternoassente.com\/?page_id=6398#breadcrumb\"},\"inLanguage\":\"it-IT\",\"potentialAction\":[{\"@type\":\"ReadAction\",\"target\":[\"https:\/\/www.leternoassente.com\/?page_id=6398\"]}]},{\"@type\":\"ImageObject\",\"inLanguage\":\"it-IT\",\"@id\":\"https:\/\/www.leternoassente.com\/?page_id=6398#primaryimage\",\"url\":\"https:\/\/www.leternoassente.com\/wp-content\/uploads\/2022\/12\/2minuticristianesimo-1.jpg\",\"contentUrl\":\"https:\/\/www.leternoassente.com\/wp-content\/uploads\/2022\/12\/2minuticristianesimo-1.jpg\",\"width\":1500,\"height\":434},{\"@type\":\"BreadcrumbList\",\"@id\":\"https:\/\/www.leternoassente.com\/?page_id=6398#breadcrumb\",\"itemListElement\":[{\"@type\":\"ListItem\",\"position\":1,\"name\":\"Home\",\"item\":\"https:\/\/www.leternoassente.com\/\"},{\"@type\":\"ListItem\",\"position\":2,\"name\":\"Il cristianesimo in 2 minuti\",\"item\":\"https:\/\/www.leternoassente.com\/?page_id=5508\"},{\"@type\":\"ListItem\",\"position\":3,\"name\":\"Il cristianesimo in 2 minuti \u2013 24\/50\"}]},{\"@type\":\"WebSite\",\"@id\":\"https:\/\/www.leternoassente.com\/#website\",\"url\":\"https:\/\/www.leternoassente.com\/\",\"name\":\"L&#039;Eterno Assente\",\"description\":\"Dio, la vita, il senso e altre cazzate\",\"publisher\":{\"@id\":\"https:\/\/www.leternoassente.com\/#\/schema\/person\/d2069751871fcdb89a30a0775f4170f9\"},\"potentialAction\":[{\"@type\":\"SearchAction\",\"target\":{\"@type\":\"EntryPoint\",\"urlTemplate\":\"https:\/\/www.leternoassente.com\/?s={search_term_string}\"},\"query-input\":{\"@type\":\"PropertyValueSpecification\",\"valueRequired\":true,\"valueName\":\"search_term_string\"}}],\"inLanguage\":\"it-IT\"},{\"@type\":[\"Person\",\"Organization\"],\"@id\":\"https:\/\/www.leternoassente.com\/#\/schema\/person\/d2069751871fcdb89a30a0775f4170f9\",\"name\":\"Choam Goldberg\",\"image\":{\"@type\":\"ImageObject\",\"inLanguage\":\"it-IT\",\"@id\":\"https:\/\/www.leternoassente.com\/#\/schema\/person\/image\/\",\"url\":\"https:\/\/secure.gravatar.com\/avatar\/63d2c9f25f05d3da5001f2898f6fc9cd?s=96&d=wavatar&r=g\",\"contentUrl\":\"https:\/\/secure.gravatar.com\/avatar\/63d2c9f25f05d3da5001f2898f6fc9cd?s=96&d=wavatar&r=g\",\"caption\":\"Choam Goldberg\"},\"logo\":{\"@id\":\"https:\/\/www.leternoassente.com\/#\/schema\/person\/image\/\"},\"description\":\"Contemplata la vastit\u00e0 del cazzo che gliene frega e raggiunta l\u2019atarass\u00eca, Choam Goldberg pratica nondimeno l'antica, dilettevole e nobile arte di demolire le credenze dei\u00a0beoti e degli insipienti.\",\"sameAs\":[\"http:\/\/www.leternoassente.com\"]}]}<\/script>\n<!-- \/ Yoast SEO plugin. -->","yoast_head_json":{"title":"Il cristianesimo in 2 minuti \u2013 24\/50 - L&#039;Eterno Assente","description":"Gli atei hanno bisogno della visione cristiana del mondo: o forse no?","robots":{"index":"index","follow":"follow","max-snippet":"max-snippet:-1","max-image-preview":"max-image-preview:large","max-video-preview":"max-video-preview:-1"},"canonical":"https:\/\/www.leternoassente.com\/?page_id=6398","og_locale":"it_IT","og_type":"article","og_title":"Il cristianesimo in 2 minuti \u2013 24\/50 - L&#039;Eterno Assente","og_description":"Gli atei hanno bisogno della visione cristiana del mondo: o forse no?","og_url":"https:\/\/www.leternoassente.com\/?page_id=6398","og_site_name":"L&#039;Eterno Assente","article_modified_time":"2024-07-23T15:38:48+00:00","og_image":[{"width":1213,"height":600,"url":"https:\/\/www.leternoassente.com\/wp-content\/uploads\/2022\/12\/2minuticristianesimotagliato.jpg","type":"image\/jpeg"}],"twitter_card":"summary_large_image","twitter_site":"@leternoassente","twitter_misc":{"Tempo di lettura stimato":"4 minuti"},"schema":{"@context":"https:\/\/schema.org","@graph":[{"@type":"WebPage","@id":"https:\/\/www.leternoassente.com\/?page_id=6398","url":"https:\/\/www.leternoassente.com\/?page_id=6398","name":"Il cristianesimo in 2 minuti \u2013 24\/50 - L&#039;Eterno Assente","isPartOf":{"@id":"https:\/\/www.leternoassente.com\/#website"},"primaryImageOfPage":{"@id":"https:\/\/www.leternoassente.com\/?page_id=6398#primaryimage"},"image":{"@id":"https:\/\/www.leternoassente.com\/?page_id=6398#primaryimage"},"thumbnailUrl":"https:\/\/www.leternoassente.com\/wp-content\/uploads\/2022\/12\/2minuticristianesimo-1.jpg","datePublished":"2024-01-22T12:11:18+00:00","dateModified":"2024-07-23T15:38:48+00:00","description":"Gli atei hanno bisogno della visione cristiana del mondo: o forse no?","breadcrumb":{"@id":"https:\/\/www.leternoassente.com\/?page_id=6398#breadcrumb"},"inLanguage":"it-IT","potentialAction":[{"@type":"ReadAction","target":["https:\/\/www.leternoassente.com\/?page_id=6398"]}]},{"@type":"ImageObject","inLanguage":"it-IT","@id":"https:\/\/www.leternoassente.com\/?page_id=6398#primaryimage","url":"https:\/\/www.leternoassente.com\/wp-content\/uploads\/2022\/12\/2minuticristianesimo-1.jpg","contentUrl":"https:\/\/www.leternoassente.com\/wp-content\/uploads\/2022\/12\/2minuticristianesimo-1.jpg","width":1500,"height":434},{"@type":"BreadcrumbList","@id":"https:\/\/www.leternoassente.com\/?page_id=6398#breadcrumb","itemListElement":[{"@type":"ListItem","position":1,"name":"Home","item":"https:\/\/www.leternoassente.com\/"},{"@type":"ListItem","position":2,"name":"Il cristianesimo in 2 minuti","item":"https:\/\/www.leternoassente.com\/?page_id=5508"},{"@type":"ListItem","position":3,"name":"Il cristianesimo in 2 minuti \u2013 24\/50"}]},{"@type":"WebSite","@id":"https:\/\/www.leternoassente.com\/#website","url":"https:\/\/www.leternoassente.com\/","name":"L&#039;Eterno Assente","description":"Dio, la vita, il senso e altre cazzate","publisher":{"@id":"https:\/\/www.leternoassente.com\/#\/schema\/person\/d2069751871fcdb89a30a0775f4170f9"},"potentialAction":[{"@type":"SearchAction","target":{"@type":"EntryPoint","urlTemplate":"https:\/\/www.leternoassente.com\/?s={search_term_string}"},"query-input":{"@type":"PropertyValueSpecification","valueRequired":true,"valueName":"search_term_string"}}],"inLanguage":"it-IT"},{"@type":["Person","Organization"],"@id":"https:\/\/www.leternoassente.com\/#\/schema\/person\/d2069751871fcdb89a30a0775f4170f9","name":"Choam Goldberg","image":{"@type":"ImageObject","inLanguage":"it-IT","@id":"https:\/\/www.leternoassente.com\/#\/schema\/person\/image\/","url":"https:\/\/secure.gravatar.com\/avatar\/63d2c9f25f05d3da5001f2898f6fc9cd?s=96&d=wavatar&r=g","contentUrl":"https:\/\/secure.gravatar.com\/avatar\/63d2c9f25f05d3da5001f2898f6fc9cd?s=96&d=wavatar&r=g","caption":"Choam Goldberg"},"logo":{"@id":"https:\/\/www.leternoassente.com\/#\/schema\/person\/image\/"},"description":"Contemplata la vastit\u00e0 del cazzo che gliene frega e raggiunta l\u2019atarass\u00eca, Choam Goldberg pratica nondimeno l'antica, dilettevole e nobile arte di demolire le credenze dei\u00a0beoti e degli insipienti.","sameAs":["http:\/\/www.leternoassente.com"]}]}},"_links":{"self":[{"href":"https:\/\/www.leternoassente.com\/index.php?rest_route=\/wp\/v2\/pages\/6398"}],"collection":[{"href":"https:\/\/www.leternoassente.com\/index.php?rest_route=\/wp\/v2\/pages"}],"about":[{"href":"https:\/\/www.leternoassente.com\/index.php?rest_route=\/wp\/v2\/types\/page"}],"author":[{"embeddable":true,"href":"https:\/\/www.leternoassente.com\/index.php?rest_route=\/wp\/v2\/users\/1"}],"replies":[{"embeddable":true,"href":"https:\/\/www.leternoassente.com\/index.php?rest_route=%2Fwp%2Fv2%2Fcomments&post=6398"}],"version-history":[{"count":6,"href":"https:\/\/www.leternoassente.com\/index.php?rest_route=\/wp\/v2\/pages\/6398\/revisions"}],"predecessor-version":[{"id":6643,"href":"https:\/\/www.leternoassente.com\/index.php?rest_route=\/wp\/v2\/pages\/6398\/revisions\/6643"}],"up":[{"embeddable":true,"href":"https:\/\/www.leternoassente.com\/index.php?rest_route=\/wp\/v2\/pages\/5508"}],"wp:featuredmedia":[{"embeddable":true,"href":"https:\/\/www.leternoassente.com\/index.php?rest_route=\/wp\/v2\/media\/5533"}],"wp:attachment":[{"href":"https:\/\/www.leternoassente.com\/index.php?rest_route=%2Fwp%2Fv2%2Fmedia&parent=6398"}],"curies":[{"name":"wp","href":"https:\/\/api.w.org\/{rel}","templated":true}]}}