{"id":6431,"date":"2024-02-09T15:43:05","date_gmt":"2024-02-09T14:43:05","guid":{"rendered":"https:\/\/www.leternoassente.com\/?page_id=6431"},"modified":"2024-07-23T17:39:21","modified_gmt":"2024-07-23T15:39:21","slug":"il-cristianesimo-in-2-minuti-25-50","status":"publish","type":"page","link":"https:\/\/www.leternoassente.com\/?page_id=6431","title":{"rendered":"Il cristianesimo in 2 minuti \u2013 25\/50"},"content":{"rendered":"<p><strong>L&#8217;argomento trascendentale: da dove arriva la logica?<\/strong><\/p>\n<hr>\n<p><a href=\"https:\/\/www.leternoassente.com\/wp-content\/uploads\/2024\/02\/spiaggia.jpg\"><img loading=\"lazy\" decoding=\"async\" class=\"alignleft size-full wp-image-6433\" src=\"https:\/\/www.leternoassente.com\/wp-content\/uploads\/2024\/02\/spiaggia.jpg\" alt=\"\" width=\"1440\" height=\"959\" srcset=\"https:\/\/www.leternoassente.com\/wp-content\/uploads\/2024\/02\/spiaggia.jpg 1440w, https:\/\/www.leternoassente.com\/wp-content\/uploads\/2024\/02\/spiaggia-300x200.jpg 300w, https:\/\/www.leternoassente.com\/wp-content\/uploads\/2024\/02\/spiaggia-1024x682.jpg 1024w, https:\/\/www.leternoassente.com\/wp-content\/uploads\/2024\/02\/spiaggia-768x511.jpg 768w, https:\/\/www.leternoassente.com\/wp-content\/uploads\/2024\/02\/spiaggia-450x300.jpg 450w\" sizes=\"(max-width: 1440px) 100vw, 1440px\" \/><\/a><\/p>\n<p>Avete mai pensato ai fondamenti delle leggi della logica e della matematica? Sappiamo che funzionano, ma perch\u00e9? L&#8217;apologeta cristiano ha una risposta rapida: Dio le garantisce, e niente oltre a Dio potrebbe spiegare l&#8217;esistenza di qualcosa di cos\u00ec fondamentale come la logica. L&#8217;argomento trascendentale per Dio sfida l&#8217;ateo a risolvere la questione in un altro modo.<\/p>\n<p>D&#8217;altro canto consideriamo la fisica, una disciplina scientifica che dipende dalla logica e dalla matematica. Non abbiamo mai ricavato la fisica dal cristianesimo prima d&#8217;ora, quindi perch\u00e9 rivolgersi al cristianesimo ora per trovare le basi fondamentali della fisica? La Bibbia spiega come tutto ha avuto inizio, ma la scienza dimostra che la Bibbia sbaglia.<\/p>\n<p>C&#8217;\u00e8 una differenza tra avere una risposta basata sulla fede e avere una risposta supportata da prove. Nessun onesto ricercatore della verit\u00e0 dice: \u00abNon so che cosa provochi questo&#8230; quindi lo so! Dev&#8217;essere stato Dio\u00bb.<\/p>\n<p>Gli apologeti a volte sminuiscono il rapporto tra Dio e la logica quando evitano domande come \u00abDio pu\u00f2 creare un sasso cos\u00ec pesante da non riuscire a sollevarlo?\u00bb. Rispondono che Dio non pu\u00f2 fare nulla di illogico: non pu\u00f2 creare un sasso impossibilmente pesante, un cerchio quadrato o uno scapolo sposato. Dicono che la domanda \u00e8 mal formulata. Ma, schivando questa trappola, finiscono in un&#8217;altra, poich\u00e9 cos\u00ec le azioni di Dio sono vincolate da una logica esterna. Se Dio \u00e8 vincolato dalla logica, allora la logica non \u00e8 arbitraria. Dio non pu\u00f2 cambiarla e non l&#8217;ha creata. Agisce in modo logico perch\u00e9 deve farlo, proprio come tutti noi.<\/p>\n<p>Supponiamo che Dio esista e che abbia creato l&#8217;aritmetica. Dio aveva le mani legate nel creare l&#8217;aritmetica o aveva un certo controllo creativo? Per esempio, 2 + 2 = 4 nel nostro universo. Dio avrebbe potuto imporre che 2 + 2 = 9? Se \u00e8 cos\u00ec, dimostratelo. Se non \u00e8 cos\u00ec, Dio era obbligato a creare l&#8217;aritmetica cos\u00ec com&#8217;\u00e8 e non poteva crearne un&#8217;altra. Anche in questo caso ha reagito a una realt\u00e0 esterna.<\/p>\n<p>Ma accettiamo l&#8217;argomento degli apologeti e vediamo che cosa succede. Dicono che la nostra logica abituale \u00e8 cos\u00ec com&#8217;\u00e8 perch\u00e9 Dio l&#8217;ha voluta proprio cos\u00ec, mentre un universo senza Dio potrebbe non avere logica o avere verit\u00e0 logiche diverse. Nel nostro universo, ad esempio, il principio di identit\u00e0 dice che X non pu\u00f2 essere la stessa cosa di non-X. Qualcosa non pu\u00f2 essere contemporaneamente una roccia e non una roccia, ma gli apologeti sostengono che qualcosa potrebbe essere una roccia e non una roccia in un universo senza Dio. O forse un universo senza Dio sarebbe un universo senza propriet\u00e0. Potrebbe esistere un universo senza propriet\u00e0? Senza prove, queste affermazioni sono prive di fondamento.<\/p>\n<p>Argomenti come quello ontologico, quello del progetto, quello cosmologico e quello trascendentale sono tutti argomenti deisti. Se fossero convincenti, il cristiano non saprebbe dimostrare che \u00e8 il Dio cristiano al comando piuttosto che un qualsiasi altro Dio.<\/p>\n<p>Chiedersi perch\u00e9 valgono le leggi fisiche che ci sono familiari e non altre \u00e8 una domanda legittima, ma non fornisce alcuna prova del soprannaturale. \u00abLo ha voluto Dio\u00bb \u00e8 semplicemente un&#8217;altra versione di \u00abNon lo so\u00bb, perch\u00e9 non ci dice nulla di nuovo. Come ha fatto Dio? Perch\u00e9 Dio lo ha fatto? Chi \u00e8 Dio e da dove salta fuori? Siccome a ciascuna di queste nuove domande fondamentali l&#8217;apologeta non pu\u00f2 fornire risposte con dimostrazioni, risparmiamo un passaggio e non sostituiamo un&#8217;incognita naturale con una soprannaturale.<\/p>\n<p><a href=\"https:\/\/2minutechristianity.com\/blog\/\"><strong>Bob Seidensticker<\/strong><\/a><\/p>\n<hr>\n<p><strong>Note<\/strong><\/p>\n<p>L&#8217;argomento deista. Deisti e teisti credono entrambi in uno o pi\u00f9 d\u00e8i, ma il deista non crede che essi interagiscano con l&#8217;universo. Un argomento deista dimostra l&#8217;esistenza di uno o pi\u00f9 d\u00e8i, ma non si sofferma sull&#8217;identit\u00e0 di alcun dio: Allah o Zeus sono verosimili quanto Yahweh.<\/p>\n<p>La logica. Immaginate che qualcuno usi la logica per difendere l&#8217;argomento trascendentale. Ma \u00e8 un argomento valido? Se l&#8217;argomento non \u00e8 circolare, si dimostra usando la logica senza presupporre Dio. Questo stesso argomento dimostra che Dio non \u00e8 necessario per la logica!<\/p>\n<hr>\n<p>(25\/50 \u2013 <a href=\"https:\/\/www.leternoassente.com\/?page_id=6448\">continua<\/a>)<\/p>\n<p>Immagine: <a href=\"https:\/\/bit.ly\/3STTEEe\">David Fulmerk<\/a>, CC BY 2.0) via flickr<\/p>\n<p><a href=\"https:\/\/www.leternoassente.com\/?page_id=5508\">Tutte le puntate.<\/a><\/p>\n<p>Leggi la <a href=\"https:\/\/2minutechristianity.com\/2023\/02\/13\/25-transcendental-argument-where-does-logic-come-from\/\">versione originale dell&#8217;articolo<\/a>.<\/p>\n<p>Ascolta l&#8217;articolo nel <a href=\"https:\/\/twominutechristianity.podbean.com\/e\/25-transcendental-argument-where-does-logic-come-from\/\">podcast<\/a> o nel <a href=\"https:\/\/www.youtube.com\/watch?v=6giWCKieag8\">canale YouTube<\/a>.<\/p>\n<p>All material on this article is copyright 2023 by Bob Seidensticker. Translation By Choam Goldberg.<\/p>\n<hr>\n<p><em>Avvertenza:<\/em><br \/>\n<em>La lingua di questo articolo cerca di conciliare l&#8217;inclusivit\u00e0 con la leggibilit\u00e0 e la scorrevolezza. Nessuno si offenda quindi se evita le ripetizioni e usa il plurale sovraesteso. <a href=\"https:\/\/www.leternoassente.com\/?p=5651\">Ch\u00e9 mi spiace, ma la schwa anche no.<\/a><\/em><\/p>\n<hr>\n<p><em>Qui sotto trovi la possibilit\u00e0 di commentare quest&#8217;articolo. Per farlo, devi<br \/>\n1. confermare che sei ateo\/a,<br \/>\n2. essere consapevole che, se menti, stai commettendo il gravissimo peccato di apostasia,<br \/>\n3. aspettare che il commento sia approvato dall&#8217;admin.<br \/>\nL&#8217;approvazione dei commenti dipende dall&#8217;insindacabile e inappellabile giudizio dell&#8217;admin. Se vuoi saperne di pi\u00f9 a proposito dei commenti, puoi consultare le <a href=\"http:\/\/www.leternoassente.com\/?page_id=957#nocomment\" rel=\"noopener\" target=\"_blank\">FAQ<\/a>.<br \/>\nInoltre puoi commentare gli articoli e i post nel <a href=\"https:\/\/www.facebook.com\/groups\/eternoassente\/\" rel=\"noopener\" target=\"_blank\">Gruppo Facebook de L&#8217;Eterno Assente<\/a>, se ti iscrivi al Gruppo dopo aver risposto a una semplice domanda.<\/em><\/p>\n","protected":false},"excerpt":{"rendered":"<p>L&#8217;argomento trascendentale: da dove arriva la logica? Avete mai pensato ai fondamenti delle leggi della logica e della matematica? Sappiamo che funzionano, ma perch\u00e9? L&#8217;apologeta cristiano ha una risposta rapida: Dio le garantisce, e niente oltre a Dio potrebbe spiegare &hellip; <a href=\"https:\/\/www.leternoassente.com\/?page_id=6431\">Continua a leggere<span class=\"meta-nav\">&rarr;<\/span><\/a><\/p>\n","protected":false},"author":1,"featured_media":5533,"parent":5508,"menu_order":0,"comment_status":"open","ping_status":"closed","template":"","meta":{"footnotes":""},"class_list":["post-6431","page","type-page","status-publish","has-post-thumbnail","hentry"],"yoast_head":"<!-- This site is optimized with the Yoast SEO plugin v25.6 - https:\/\/yoast.com\/wordpress\/plugins\/seo\/ -->\n<title>Il cristianesimo in 2 minuti \u2013 25\/50 - L&#039;Eterno Assente<\/title>\n<meta name=\"description\" content=\"L&#039;argomento trascendentale: da dove arriva la logica?\" \/>\n<meta name=\"robots\" content=\"index, follow, max-snippet:-1, max-image-preview:large, max-video-preview:-1\" \/>\n<link rel=\"canonical\" href=\"https:\/\/www.leternoassente.com\/?page_id=6431\" \/>\n<meta property=\"og:locale\" content=\"it_IT\" \/>\n<meta property=\"og:type\" content=\"article\" \/>\n<meta property=\"og:title\" content=\"Il cristianesimo in 2 minuti \u2013 25\/50 - L&#039;Eterno Assente\" \/>\n<meta property=\"og:description\" content=\"L&#039;argomento trascendentale: da dove arriva la logica?\" \/>\n<meta property=\"og:url\" content=\"https:\/\/www.leternoassente.com\/?page_id=6431\" \/>\n<meta property=\"og:site_name\" content=\"L&#039;Eterno Assente\" \/>\n<meta property=\"article:modified_time\" content=\"2024-07-23T15:39:21+00:00\" \/>\n<meta property=\"og:image\" content=\"https:\/\/www.leternoassente.com\/wp-content\/uploads\/2022\/12\/2minuticristianesimotagliato.jpg\" \/>\n\t<meta property=\"og:image:width\" content=\"1213\" \/>\n\t<meta property=\"og:image:height\" content=\"600\" \/>\n\t<meta property=\"og:image:type\" content=\"image\/jpeg\" \/>\n<meta name=\"twitter:card\" content=\"summary_large_image\" \/>\n<meta name=\"twitter:site\" content=\"@leternoassente\" \/>\n<meta name=\"twitter:label1\" content=\"Tempo di lettura stimato\" \/>\n\t<meta name=\"twitter:data1\" content=\"5 minuti\" \/>\n<script type=\"application\/ld+json\" class=\"yoast-schema-graph\">{\"@context\":\"https:\/\/schema.org\",\"@graph\":[{\"@type\":\"WebPage\",\"@id\":\"https:\/\/www.leternoassente.com\/?page_id=6431\",\"url\":\"https:\/\/www.leternoassente.com\/?page_id=6431\",\"name\":\"Il cristianesimo in 2 minuti \u2013 25\/50 - L&#039;Eterno Assente\",\"isPartOf\":{\"@id\":\"https:\/\/www.leternoassente.com\/#website\"},\"primaryImageOfPage\":{\"@id\":\"https:\/\/www.leternoassente.com\/?page_id=6431#primaryimage\"},\"image\":{\"@id\":\"https:\/\/www.leternoassente.com\/?page_id=6431#primaryimage\"},\"thumbnailUrl\":\"https:\/\/www.leternoassente.com\/wp-content\/uploads\/2022\/12\/2minuticristianesimo-1.jpg\",\"datePublished\":\"2024-02-09T14:43:05+00:00\",\"dateModified\":\"2024-07-23T15:39:21+00:00\",\"description\":\"L'argomento trascendentale: da dove arriva la logica?\",\"breadcrumb\":{\"@id\":\"https:\/\/www.leternoassente.com\/?page_id=6431#breadcrumb\"},\"inLanguage\":\"it-IT\",\"potentialAction\":[{\"@type\":\"ReadAction\",\"target\":[\"https:\/\/www.leternoassente.com\/?page_id=6431\"]}]},{\"@type\":\"ImageObject\",\"inLanguage\":\"it-IT\",\"@id\":\"https:\/\/www.leternoassente.com\/?page_id=6431#primaryimage\",\"url\":\"https:\/\/www.leternoassente.com\/wp-content\/uploads\/2022\/12\/2minuticristianesimo-1.jpg\",\"contentUrl\":\"https:\/\/www.leternoassente.com\/wp-content\/uploads\/2022\/12\/2minuticristianesimo-1.jpg\",\"width\":1500,\"height\":434},{\"@type\":\"BreadcrumbList\",\"@id\":\"https:\/\/www.leternoassente.com\/?page_id=6431#breadcrumb\",\"itemListElement\":[{\"@type\":\"ListItem\",\"position\":1,\"name\":\"Home\",\"item\":\"https:\/\/www.leternoassente.com\/\"},{\"@type\":\"ListItem\",\"position\":2,\"name\":\"Il cristianesimo in 2 minuti\",\"item\":\"https:\/\/www.leternoassente.com\/?page_id=5508\"},{\"@type\":\"ListItem\",\"position\":3,\"name\":\"Il cristianesimo in 2 minuti \u2013 25\/50\"}]},{\"@type\":\"WebSite\",\"@id\":\"https:\/\/www.leternoassente.com\/#website\",\"url\":\"https:\/\/www.leternoassente.com\/\",\"name\":\"L&#039;Eterno Assente\",\"description\":\"Dio, la vita, il senso e altre cazzate\",\"publisher\":{\"@id\":\"https:\/\/www.leternoassente.com\/#\/schema\/person\/d2069751871fcdb89a30a0775f4170f9\"},\"potentialAction\":[{\"@type\":\"SearchAction\",\"target\":{\"@type\":\"EntryPoint\",\"urlTemplate\":\"https:\/\/www.leternoassente.com\/?s={search_term_string}\"},\"query-input\":{\"@type\":\"PropertyValueSpecification\",\"valueRequired\":true,\"valueName\":\"search_term_string\"}}],\"inLanguage\":\"it-IT\"},{\"@type\":[\"Person\",\"Organization\"],\"@id\":\"https:\/\/www.leternoassente.com\/#\/schema\/person\/d2069751871fcdb89a30a0775f4170f9\",\"name\":\"Choam Goldberg\",\"image\":{\"@type\":\"ImageObject\",\"inLanguage\":\"it-IT\",\"@id\":\"https:\/\/www.leternoassente.com\/#\/schema\/person\/image\/\",\"url\":\"https:\/\/secure.gravatar.com\/avatar\/63d2c9f25f05d3da5001f2898f6fc9cd?s=96&d=wavatar&r=g\",\"contentUrl\":\"https:\/\/secure.gravatar.com\/avatar\/63d2c9f25f05d3da5001f2898f6fc9cd?s=96&d=wavatar&r=g\",\"caption\":\"Choam Goldberg\"},\"logo\":{\"@id\":\"https:\/\/www.leternoassente.com\/#\/schema\/person\/image\/\"},\"description\":\"Contemplata la vastit\u00e0 del cazzo che gliene frega e raggiunta l\u2019atarass\u00eca, Choam Goldberg pratica nondimeno l'antica, dilettevole e nobile arte di demolire le credenze dei\u00a0beoti e degli insipienti.\",\"sameAs\":[\"http:\/\/www.leternoassente.com\"]}]}<\/script>\n<!-- \/ Yoast SEO plugin. -->","yoast_head_json":{"title":"Il cristianesimo in 2 minuti \u2013 25\/50 - L&#039;Eterno Assente","description":"L'argomento trascendentale: da dove arriva la logica?","robots":{"index":"index","follow":"follow","max-snippet":"max-snippet:-1","max-image-preview":"max-image-preview:large","max-video-preview":"max-video-preview:-1"},"canonical":"https:\/\/www.leternoassente.com\/?page_id=6431","og_locale":"it_IT","og_type":"article","og_title":"Il cristianesimo in 2 minuti \u2013 25\/50 - L&#039;Eterno Assente","og_description":"L'argomento trascendentale: da dove arriva la logica?","og_url":"https:\/\/www.leternoassente.com\/?page_id=6431","og_site_name":"L&#039;Eterno Assente","article_modified_time":"2024-07-23T15:39:21+00:00","og_image":[{"width":1213,"height":600,"url":"https:\/\/www.leternoassente.com\/wp-content\/uploads\/2022\/12\/2minuticristianesimotagliato.jpg","type":"image\/jpeg"}],"twitter_card":"summary_large_image","twitter_site":"@leternoassente","twitter_misc":{"Tempo di lettura stimato":"5 minuti"},"schema":{"@context":"https:\/\/schema.org","@graph":[{"@type":"WebPage","@id":"https:\/\/www.leternoassente.com\/?page_id=6431","url":"https:\/\/www.leternoassente.com\/?page_id=6431","name":"Il cristianesimo in 2 minuti \u2013 25\/50 - L&#039;Eterno Assente","isPartOf":{"@id":"https:\/\/www.leternoassente.com\/#website"},"primaryImageOfPage":{"@id":"https:\/\/www.leternoassente.com\/?page_id=6431#primaryimage"},"image":{"@id":"https:\/\/www.leternoassente.com\/?page_id=6431#primaryimage"},"thumbnailUrl":"https:\/\/www.leternoassente.com\/wp-content\/uploads\/2022\/12\/2minuticristianesimo-1.jpg","datePublished":"2024-02-09T14:43:05+00:00","dateModified":"2024-07-23T15:39:21+00:00","description":"L'argomento trascendentale: da dove arriva la logica?","breadcrumb":{"@id":"https:\/\/www.leternoassente.com\/?page_id=6431#breadcrumb"},"inLanguage":"it-IT","potentialAction":[{"@type":"ReadAction","target":["https:\/\/www.leternoassente.com\/?page_id=6431"]}]},{"@type":"ImageObject","inLanguage":"it-IT","@id":"https:\/\/www.leternoassente.com\/?page_id=6431#primaryimage","url":"https:\/\/www.leternoassente.com\/wp-content\/uploads\/2022\/12\/2minuticristianesimo-1.jpg","contentUrl":"https:\/\/www.leternoassente.com\/wp-content\/uploads\/2022\/12\/2minuticristianesimo-1.jpg","width":1500,"height":434},{"@type":"BreadcrumbList","@id":"https:\/\/www.leternoassente.com\/?page_id=6431#breadcrumb","itemListElement":[{"@type":"ListItem","position":1,"name":"Home","item":"https:\/\/www.leternoassente.com\/"},{"@type":"ListItem","position":2,"name":"Il cristianesimo in 2 minuti","item":"https:\/\/www.leternoassente.com\/?page_id=5508"},{"@type":"ListItem","position":3,"name":"Il cristianesimo in 2 minuti \u2013 25\/50"}]},{"@type":"WebSite","@id":"https:\/\/www.leternoassente.com\/#website","url":"https:\/\/www.leternoassente.com\/","name":"L&#039;Eterno Assente","description":"Dio, la vita, il senso e altre cazzate","publisher":{"@id":"https:\/\/www.leternoassente.com\/#\/schema\/person\/d2069751871fcdb89a30a0775f4170f9"},"potentialAction":[{"@type":"SearchAction","target":{"@type":"EntryPoint","urlTemplate":"https:\/\/www.leternoassente.com\/?s={search_term_string}"},"query-input":{"@type":"PropertyValueSpecification","valueRequired":true,"valueName":"search_term_string"}}],"inLanguage":"it-IT"},{"@type":["Person","Organization"],"@id":"https:\/\/www.leternoassente.com\/#\/schema\/person\/d2069751871fcdb89a30a0775f4170f9","name":"Choam Goldberg","image":{"@type":"ImageObject","inLanguage":"it-IT","@id":"https:\/\/www.leternoassente.com\/#\/schema\/person\/image\/","url":"https:\/\/secure.gravatar.com\/avatar\/63d2c9f25f05d3da5001f2898f6fc9cd?s=96&d=wavatar&r=g","contentUrl":"https:\/\/secure.gravatar.com\/avatar\/63d2c9f25f05d3da5001f2898f6fc9cd?s=96&d=wavatar&r=g","caption":"Choam Goldberg"},"logo":{"@id":"https:\/\/www.leternoassente.com\/#\/schema\/person\/image\/"},"description":"Contemplata la vastit\u00e0 del cazzo che gliene frega e raggiunta l\u2019atarass\u00eca, Choam Goldberg pratica nondimeno l'antica, dilettevole e nobile arte di demolire le credenze dei\u00a0beoti e degli insipienti.","sameAs":["http:\/\/www.leternoassente.com"]}]}},"_links":{"self":[{"href":"https:\/\/www.leternoassente.com\/index.php?rest_route=\/wp\/v2\/pages\/6431"}],"collection":[{"href":"https:\/\/www.leternoassente.com\/index.php?rest_route=\/wp\/v2\/pages"}],"about":[{"href":"https:\/\/www.leternoassente.com\/index.php?rest_route=\/wp\/v2\/types\/page"}],"author":[{"embeddable":true,"href":"https:\/\/www.leternoassente.com\/index.php?rest_route=\/wp\/v2\/users\/1"}],"replies":[{"embeddable":true,"href":"https:\/\/www.leternoassente.com\/index.php?rest_route=%2Fwp%2Fv2%2Fcomments&post=6431"}],"version-history":[{"count":6,"href":"https:\/\/www.leternoassente.com\/index.php?rest_route=\/wp\/v2\/pages\/6431\/revisions"}],"predecessor-version":[{"id":6644,"href":"https:\/\/www.leternoassente.com\/index.php?rest_route=\/wp\/v2\/pages\/6431\/revisions\/6644"}],"up":[{"embeddable":true,"href":"https:\/\/www.leternoassente.com\/index.php?rest_route=\/wp\/v2\/pages\/5508"}],"wp:featuredmedia":[{"embeddable":true,"href":"https:\/\/www.leternoassente.com\/index.php?rest_route=\/wp\/v2\/media\/5533"}],"wp:attachment":[{"href":"https:\/\/www.leternoassente.com\/index.php?rest_route=%2Fwp%2Fv2%2Fmedia&parent=6431"}],"curies":[{"name":"wp","href":"https:\/\/api.w.org\/{rel}","templated":true}]}}