{"id":6505,"date":"2024-06-05T13:32:43","date_gmt":"2024-06-05T11:32:43","guid":{"rendered":"https:\/\/www.leternoassente.com\/?page_id=6505"},"modified":"2024-07-23T17:42:20","modified_gmt":"2024-07-23T15:42:20","slug":"il-cristianesimo-in-2-minuti-29-50","status":"publish","type":"page","link":"https:\/\/www.leternoassente.com\/?page_id=6505","title":{"rendered":"Il cristianesimo in 2 minuti \u2013 29\/50"},"content":{"rendered":"<p><strong>Il cristianesimo sembra inventato: l&#8217;analogia con l&#8217;albero genealogico<\/strong><\/p>\n<hr>\n<p><a href=\"https:\/\/www.leternoassente.com\/wp-content\/uploads\/2024\/06\/albero.jpg\"><img loading=\"lazy\" decoding=\"async\" class=\"alignleft size-full wp-image-6512\" src=\"https:\/\/www.leternoassente.com\/wp-content\/uploads\/2024\/06\/albero.jpg\" alt=\"\" width=\"1440\" height=\"960\" srcset=\"https:\/\/www.leternoassente.com\/wp-content\/uploads\/2024\/06\/albero.jpg 1440w, https:\/\/www.leternoassente.com\/wp-content\/uploads\/2024\/06\/albero-300x200.jpg 300w, https:\/\/www.leternoassente.com\/wp-content\/uploads\/2024\/06\/albero-1024x683.jpg 1024w, https:\/\/www.leternoassente.com\/wp-content\/uploads\/2024\/06\/albero-768x512.jpg 768w, https:\/\/www.leternoassente.com\/wp-content\/uploads\/2024\/06\/albero-450x300.jpg 450w\" sizes=\"(max-width: 1440px) 100vw, 1440px\" \/><\/a>Una religione inventata dagli esseri umani dovrebbe apparire radicalmente diversa dall&#8217;adorazione di un vero Dio, perch\u00e9 l&#8217;anelito umano per il divino produce solo un&#8217;imitazione scadente del vero. Vediamo se il cristianesimo somiglia alle altre religioni create dagli umani o se \u00e8 unico.<\/p>\n<p>Cominciamo guardando prima un esempio parallelo nel campo delle lingue. Immaginate di essere un linguista e di creare un albero delle lingue del mondo. Ogni lingua \u00e8 pi\u00f9 vicina nell&#8217;albero alle lingue simili e pi\u00f9 lontana da quelle dissimili. Per esempio lo spagnolo e il portoghese sono vicini sull&#8217;albero. Aggiungete il francese, l&#8217;italiano e altre lingue e definite questo gruppo come quello delle lingue romanze. Raccogliete altri gruppi linguistici come quello germanico, quello celtico e quello indiano e create la famiglia delle lingue indoeuropee. E cos\u00ec via.<\/p>\n<p>Supponiamo di aver quasi completato l&#8217;albero e di avere solo altre due lingue da inserire. Per prima cosa troviamo il posto per l&#8217;inglese. In base alla geografia, alla storia, al vocabolario e alla struttura della lingua \u00e8 facile capire che rientra nel gruppo germanico. Ora troviamo il posto per la lingua di un popolo alieno proveniente da un altro pianeta. Questa non si inserirebbe affatto nell&#8217;albero perch\u00e9 sarebbe diversa da tutte le lingue umane. Non potrebbe aver preso in prestito suoni, parole o sintassi dalle lingue terrestri e sarebbe adeguata agli alieni, non a noi.<\/p>\n<p>Ora immaginiamo di creare un altro tipo di albero: un albero di tutte le religioni mondiali, passate e presenti. Anche in questo caso la storia, la geografia e le somiglianze tra le religioni ci dicono come costruire l&#8217;albero. Avete quasi finito e avete un&#8217;ultima sfida: trovare la collocazione del culto di Yahweh del 1000 a.C. Questo era il protogiudaismo degli israeliti all&#8217;incirca all&#8217;epoca del re Davide. Utilizzando l&#8217;esempio del nostro albero linguistico come precedente, ci sono due possibilit\u00e0. \u00c8 facile trovare una posizione ovvia, come nel caso dell&#8217;inglese? Oppure questa religione \u00e8 radicalmente diversa da tutte le religioni terrestri create dagli esseri umani, come la lingua aliena rispetto alle lingue terrestri?<\/p>\n<p>Se il cristianesimo fosse il culto voluto dal vero Dio \u2013 l&#8217;unico Dio \u2013 non sarebbe adattato all&#8217;albero, come la lingua aliena. Non potrebbe aver copiato nulla da nessun&#8217;altra religione e sarebbe adeguato all&#8217;intelletto di Dio, non al nostro. Le istruzioni per la vita, la morale, lo scopo e il culto del vero creatore dell&#8217;universo dovrebbero essere molto diverse dalle religioni inventate da trib\u00f9 dell&#8217;Et\u00e0 del ferro nella terra di Canaan.<\/p>\n<p>Tuttavia gli storici della religione ci dicono che Yahweh assomiglia ad altre divinit\u00e0 cananee dell&#8217;epoca. C&#8217;erano altre trib\u00f9 in Canaan, la Bibbia le cita \u2013 per esempio Ammon, Madian ed Edom, oltre a Israele \u2013 e ognuna aveva il proprio dio. Questo approccio del tipo \u00abio ho il mio Grande fratello e tu hai il tuo\u00bb \u00e8 l&#8217;enoteismo, a met\u00e0 strada tra il politeismo (tanti dei, ognuno dei quali influenza il nostro mondo) e il monoteismo (un solo dio, tutti gli altri sono impostori). Con l&#8217;enoteismo ogni trib\u00f9 si assegnava il proprio dio. Riconosceva l&#8217;esistenza degli dei delle altre trib\u00f9, ma ne adorava solo uno. Moloch era il dio degli ammoniti, Chemosh era il dio dei madianiti e Yahweh era il dio degli israeliti.<\/p>\n<p>Yahweh sembra solo un altro dio inventato.<\/p>\n<p><a href=\"https:\/\/2minutechristianity.com\/blog\/\"><strong>Bob Seidensticker<\/strong><\/a><\/p>\n<hr>\n<p><strong>Note<\/strong><\/p>\n<p>Enoteismo: l&#8217;adorazione di un dio pur riconoscendo l&#8217;esistenza di altri dei.<\/p>\n<p>Un albero di tutte le religioni mondiali, passate e presenti: <a href=\"http:\/\/www.the40foundation.org\/world-religions-tree.html\">un esempio<\/a>.<\/p>\n<hr>\n<p>(29\/50 \u2013 <a href=\"https:\/\/www.leternoassente.com\/?page_id=6518\">continua<\/a>)<\/p>\n<p>Immagine: <a href=\"https:\/\/commons.wikimedia.org\/wiki\/File:Flooded_Albizia_Saman_(rain_tree)_in_the_Mekong.jpg\">Basile Morin<\/a>&nbsp;(CC BY-SA 4.0) via Wikimedia<\/p>\n<p><a href=\"https:\/\/www.leternoassente.com\/?page_id=5508\">Tutte le puntate.<\/a><\/p>\n<p>Leggi la <a href=\"https:\/\/2minutechristianity.com\/2023\/03\/13\/29-christianity-looks-invented-the-family-tree-analogy\/\">versione originale dell&#8217;articolo<\/a>.<\/p>\n<p>Ascolta l&#8217;articolo nel <a href=\"https:\/\/twominutechristianity.podbean.com\/e\/29-christianity-looks-invented-the-family-tree-analogy\/\">podcast<\/a> o nel <a href=\"https:\/\/www.youtube.com\/watch?v=5M_O6OpVtrs\">canale YouTube<\/a>.<\/p>\n<p>All material on this article is copyright 2023 by Bob Seidensticker. Translation By Choam Goldberg.<\/p>\n<hr>\n<p><em>Avvertenza:<\/em><br \/>\n<em>La lingua di questo articolo cerca di conciliare l&#8217;inclusivit\u00e0 con la leggibilit\u00e0 e la scorrevolezza. Nessuno si offenda quindi se evita le ripetizioni e usa il plurale sovraesteso. <a href=\"https:\/\/www.leternoassente.com\/?p=5651\">Ch\u00e9 mi spiace, ma la schwa anche no.<\/a><\/em><\/p>\n<hr>\n<p><em>Qui sotto trovi la possibilit\u00e0 di commentare quest&#8217;articolo. Per farlo, devi<br \/>\n1. confermare che sei ateo\/a,<br \/>\n2. essere consapevole che, se menti, stai commettendo il gravissimo peccato di apostasia,<br \/>\n3. aspettare che il commento sia approvato dall&#8217;admin.<br \/>\nL&#8217;approvazione dei commenti dipende dall&#8217;insindacabile e inappellabile giudizio dell&#8217;admin. Se vuoi saperne di pi\u00f9 a proposito dei commenti, puoi consultare le <a href=\"http:\/\/www.leternoassente.com\/?page_id=957#nocomment\" rel=\"noopener\" target=\"_blank\">FAQ<\/a>.<br \/>\nInoltre puoi commentare gli articoli e i post nel <a href=\"https:\/\/www.facebook.com\/groups\/eternoassente\/\" rel=\"noopener\" target=\"_blank\">Gruppo Facebook de L&#8217;Eterno Assente<\/a>, se ti iscrivi al Gruppo dopo aver risposto a una semplice domanda.<\/em><\/p>\n","protected":false},"excerpt":{"rendered":"<p>Il cristianesimo sembra inventato: l&#8217;analogia con l&#8217;albero genealogico Una religione inventata dagli esseri umani dovrebbe apparire radicalmente diversa dall&#8217;adorazione di un vero Dio, perch\u00e9 l&#8217;anelito umano per il divino produce solo un&#8217;imitazione scadente del vero. Vediamo se il cristianesimo somiglia &hellip; <a href=\"https:\/\/www.leternoassente.com\/?page_id=6505\">Continua a leggere<span class=\"meta-nav\">&rarr;<\/span><\/a><\/p>\n","protected":false},"author":1,"featured_media":5533,"parent":5508,"menu_order":0,"comment_status":"open","ping_status":"closed","template":"","meta":{"footnotes":""},"class_list":["post-6505","page","type-page","status-publish","has-post-thumbnail","hentry"],"yoast_head":"<!-- This site is optimized with the Yoast SEO plugin v25.6 - https:\/\/yoast.com\/wordpress\/plugins\/seo\/ -->\n<title>Il cristianesimo in 2 minuti \u2013 29\/50 - L&#039;Eterno Assente<\/title>\n<meta name=\"description\" content=\"Il cristianesimo sembra inventato: l&#039;analogia con l&#039;albero genealogico\" \/>\n<meta name=\"robots\" content=\"index, follow, max-snippet:-1, max-image-preview:large, max-video-preview:-1\" \/>\n<link rel=\"canonical\" href=\"https:\/\/www.leternoassente.com\/?page_id=6505\" \/>\n<meta property=\"og:locale\" content=\"it_IT\" \/>\n<meta property=\"og:type\" content=\"article\" \/>\n<meta property=\"og:title\" content=\"Il cristianesimo in 2 minuti \u2013 29\/50 - L&#039;Eterno Assente\" \/>\n<meta property=\"og:description\" content=\"Il cristianesimo sembra inventato: l&#039;analogia con l&#039;albero genealogico\" \/>\n<meta property=\"og:url\" content=\"https:\/\/www.leternoassente.com\/?page_id=6505\" \/>\n<meta property=\"og:site_name\" content=\"L&#039;Eterno Assente\" \/>\n<meta property=\"article:modified_time\" content=\"2024-07-23T15:42:20+00:00\" \/>\n<meta property=\"og:image\" content=\"https:\/\/www.leternoassente.com\/wp-content\/uploads\/2022\/12\/2minuticristianesimotagliato.jpg\" \/>\n\t<meta property=\"og:image:width\" content=\"1213\" \/>\n\t<meta property=\"og:image:height\" content=\"600\" \/>\n\t<meta property=\"og:image:type\" content=\"image\/jpeg\" \/>\n<meta name=\"twitter:card\" content=\"summary_large_image\" \/>\n<meta name=\"twitter:site\" content=\"@leternoassente\" \/>\n<meta name=\"twitter:label1\" content=\"Tempo di lettura stimato\" \/>\n\t<meta name=\"twitter:data1\" content=\"5 minuti\" \/>\n<script type=\"application\/ld+json\" class=\"yoast-schema-graph\">{\"@context\":\"https:\/\/schema.org\",\"@graph\":[{\"@type\":\"WebPage\",\"@id\":\"https:\/\/www.leternoassente.com\/?page_id=6505\",\"url\":\"https:\/\/www.leternoassente.com\/?page_id=6505\",\"name\":\"Il cristianesimo in 2 minuti \u2013 29\/50 - L&#039;Eterno Assente\",\"isPartOf\":{\"@id\":\"https:\/\/www.leternoassente.com\/#website\"},\"primaryImageOfPage\":{\"@id\":\"https:\/\/www.leternoassente.com\/?page_id=6505#primaryimage\"},\"image\":{\"@id\":\"https:\/\/www.leternoassente.com\/?page_id=6505#primaryimage\"},\"thumbnailUrl\":\"https:\/\/www.leternoassente.com\/wp-content\/uploads\/2022\/12\/2minuticristianesimo-1.jpg\",\"datePublished\":\"2024-06-05T11:32:43+00:00\",\"dateModified\":\"2024-07-23T15:42:20+00:00\",\"description\":\"Il cristianesimo sembra inventato: l'analogia con l'albero genealogico\",\"breadcrumb\":{\"@id\":\"https:\/\/www.leternoassente.com\/?page_id=6505#breadcrumb\"},\"inLanguage\":\"it-IT\",\"potentialAction\":[{\"@type\":\"ReadAction\",\"target\":[\"https:\/\/www.leternoassente.com\/?page_id=6505\"]}]},{\"@type\":\"ImageObject\",\"inLanguage\":\"it-IT\",\"@id\":\"https:\/\/www.leternoassente.com\/?page_id=6505#primaryimage\",\"url\":\"https:\/\/www.leternoassente.com\/wp-content\/uploads\/2022\/12\/2minuticristianesimo-1.jpg\",\"contentUrl\":\"https:\/\/www.leternoassente.com\/wp-content\/uploads\/2022\/12\/2minuticristianesimo-1.jpg\",\"width\":1500,\"height\":434},{\"@type\":\"BreadcrumbList\",\"@id\":\"https:\/\/www.leternoassente.com\/?page_id=6505#breadcrumb\",\"itemListElement\":[{\"@type\":\"ListItem\",\"position\":1,\"name\":\"Home\",\"item\":\"https:\/\/www.leternoassente.com\/\"},{\"@type\":\"ListItem\",\"position\":2,\"name\":\"Il cristianesimo in 2 minuti\",\"item\":\"https:\/\/www.leternoassente.com\/?page_id=5508\"},{\"@type\":\"ListItem\",\"position\":3,\"name\":\"Il cristianesimo in 2 minuti \u2013 29\/50\"}]},{\"@type\":\"WebSite\",\"@id\":\"https:\/\/www.leternoassente.com\/#website\",\"url\":\"https:\/\/www.leternoassente.com\/\",\"name\":\"L&#039;Eterno Assente\",\"description\":\"Dio, la vita, il senso e altre cazzate\",\"publisher\":{\"@id\":\"https:\/\/www.leternoassente.com\/#\/schema\/person\/d2069751871fcdb89a30a0775f4170f9\"},\"potentialAction\":[{\"@type\":\"SearchAction\",\"target\":{\"@type\":\"EntryPoint\",\"urlTemplate\":\"https:\/\/www.leternoassente.com\/?s={search_term_string}\"},\"query-input\":{\"@type\":\"PropertyValueSpecification\",\"valueRequired\":true,\"valueName\":\"search_term_string\"}}],\"inLanguage\":\"it-IT\"},{\"@type\":[\"Person\",\"Organization\"],\"@id\":\"https:\/\/www.leternoassente.com\/#\/schema\/person\/d2069751871fcdb89a30a0775f4170f9\",\"name\":\"Choam Goldberg\",\"image\":{\"@type\":\"ImageObject\",\"inLanguage\":\"it-IT\",\"@id\":\"https:\/\/www.leternoassente.com\/#\/schema\/person\/image\/\",\"url\":\"https:\/\/secure.gravatar.com\/avatar\/63d2c9f25f05d3da5001f2898f6fc9cd?s=96&d=wavatar&r=g\",\"contentUrl\":\"https:\/\/secure.gravatar.com\/avatar\/63d2c9f25f05d3da5001f2898f6fc9cd?s=96&d=wavatar&r=g\",\"caption\":\"Choam Goldberg\"},\"logo\":{\"@id\":\"https:\/\/www.leternoassente.com\/#\/schema\/person\/image\/\"},\"description\":\"Contemplata la vastit\u00e0 del cazzo che gliene frega e raggiunta l\u2019atarass\u00eca, Choam Goldberg pratica nondimeno l'antica, dilettevole e nobile arte di demolire le credenze dei\u00a0beoti e degli insipienti.\",\"sameAs\":[\"http:\/\/www.leternoassente.com\"]}]}<\/script>\n<!-- \/ Yoast SEO plugin. -->","yoast_head_json":{"title":"Il cristianesimo in 2 minuti \u2013 29\/50 - L&#039;Eterno Assente","description":"Il cristianesimo sembra inventato: l'analogia con l'albero genealogico","robots":{"index":"index","follow":"follow","max-snippet":"max-snippet:-1","max-image-preview":"max-image-preview:large","max-video-preview":"max-video-preview:-1"},"canonical":"https:\/\/www.leternoassente.com\/?page_id=6505","og_locale":"it_IT","og_type":"article","og_title":"Il cristianesimo in 2 minuti \u2013 29\/50 - L&#039;Eterno Assente","og_description":"Il cristianesimo sembra inventato: l'analogia con l'albero genealogico","og_url":"https:\/\/www.leternoassente.com\/?page_id=6505","og_site_name":"L&#039;Eterno Assente","article_modified_time":"2024-07-23T15:42:20+00:00","og_image":[{"width":1213,"height":600,"url":"https:\/\/www.leternoassente.com\/wp-content\/uploads\/2022\/12\/2minuticristianesimotagliato.jpg","type":"image\/jpeg"}],"twitter_card":"summary_large_image","twitter_site":"@leternoassente","twitter_misc":{"Tempo di lettura stimato":"5 minuti"},"schema":{"@context":"https:\/\/schema.org","@graph":[{"@type":"WebPage","@id":"https:\/\/www.leternoassente.com\/?page_id=6505","url":"https:\/\/www.leternoassente.com\/?page_id=6505","name":"Il cristianesimo in 2 minuti \u2013 29\/50 - L&#039;Eterno Assente","isPartOf":{"@id":"https:\/\/www.leternoassente.com\/#website"},"primaryImageOfPage":{"@id":"https:\/\/www.leternoassente.com\/?page_id=6505#primaryimage"},"image":{"@id":"https:\/\/www.leternoassente.com\/?page_id=6505#primaryimage"},"thumbnailUrl":"https:\/\/www.leternoassente.com\/wp-content\/uploads\/2022\/12\/2minuticristianesimo-1.jpg","datePublished":"2024-06-05T11:32:43+00:00","dateModified":"2024-07-23T15:42:20+00:00","description":"Il cristianesimo sembra inventato: l'analogia con l'albero genealogico","breadcrumb":{"@id":"https:\/\/www.leternoassente.com\/?page_id=6505#breadcrumb"},"inLanguage":"it-IT","potentialAction":[{"@type":"ReadAction","target":["https:\/\/www.leternoassente.com\/?page_id=6505"]}]},{"@type":"ImageObject","inLanguage":"it-IT","@id":"https:\/\/www.leternoassente.com\/?page_id=6505#primaryimage","url":"https:\/\/www.leternoassente.com\/wp-content\/uploads\/2022\/12\/2minuticristianesimo-1.jpg","contentUrl":"https:\/\/www.leternoassente.com\/wp-content\/uploads\/2022\/12\/2minuticristianesimo-1.jpg","width":1500,"height":434},{"@type":"BreadcrumbList","@id":"https:\/\/www.leternoassente.com\/?page_id=6505#breadcrumb","itemListElement":[{"@type":"ListItem","position":1,"name":"Home","item":"https:\/\/www.leternoassente.com\/"},{"@type":"ListItem","position":2,"name":"Il cristianesimo in 2 minuti","item":"https:\/\/www.leternoassente.com\/?page_id=5508"},{"@type":"ListItem","position":3,"name":"Il cristianesimo in 2 minuti \u2013 29\/50"}]},{"@type":"WebSite","@id":"https:\/\/www.leternoassente.com\/#website","url":"https:\/\/www.leternoassente.com\/","name":"L&#039;Eterno Assente","description":"Dio, la vita, il senso e altre cazzate","publisher":{"@id":"https:\/\/www.leternoassente.com\/#\/schema\/person\/d2069751871fcdb89a30a0775f4170f9"},"potentialAction":[{"@type":"SearchAction","target":{"@type":"EntryPoint","urlTemplate":"https:\/\/www.leternoassente.com\/?s={search_term_string}"},"query-input":{"@type":"PropertyValueSpecification","valueRequired":true,"valueName":"search_term_string"}}],"inLanguage":"it-IT"},{"@type":["Person","Organization"],"@id":"https:\/\/www.leternoassente.com\/#\/schema\/person\/d2069751871fcdb89a30a0775f4170f9","name":"Choam Goldberg","image":{"@type":"ImageObject","inLanguage":"it-IT","@id":"https:\/\/www.leternoassente.com\/#\/schema\/person\/image\/","url":"https:\/\/secure.gravatar.com\/avatar\/63d2c9f25f05d3da5001f2898f6fc9cd?s=96&d=wavatar&r=g","contentUrl":"https:\/\/secure.gravatar.com\/avatar\/63d2c9f25f05d3da5001f2898f6fc9cd?s=96&d=wavatar&r=g","caption":"Choam Goldberg"},"logo":{"@id":"https:\/\/www.leternoassente.com\/#\/schema\/person\/image\/"},"description":"Contemplata la vastit\u00e0 del cazzo che gliene frega e raggiunta l\u2019atarass\u00eca, Choam Goldberg pratica nondimeno l'antica, dilettevole e nobile arte di demolire le credenze dei\u00a0beoti e degli insipienti.","sameAs":["http:\/\/www.leternoassente.com"]}]}},"_links":{"self":[{"href":"https:\/\/www.leternoassente.com\/index.php?rest_route=\/wp\/v2\/pages\/6505"}],"collection":[{"href":"https:\/\/www.leternoassente.com\/index.php?rest_route=\/wp\/v2\/pages"}],"about":[{"href":"https:\/\/www.leternoassente.com\/index.php?rest_route=\/wp\/v2\/types\/page"}],"author":[{"embeddable":true,"href":"https:\/\/www.leternoassente.com\/index.php?rest_route=\/wp\/v2\/users\/1"}],"replies":[{"embeddable":true,"href":"https:\/\/www.leternoassente.com\/index.php?rest_route=%2Fwp%2Fv2%2Fcomments&post=6505"}],"version-history":[{"count":9,"href":"https:\/\/www.leternoassente.com\/index.php?rest_route=\/wp\/v2\/pages\/6505\/revisions"}],"predecessor-version":[{"id":6648,"href":"https:\/\/www.leternoassente.com\/index.php?rest_route=\/wp\/v2\/pages\/6505\/revisions\/6648"}],"up":[{"embeddable":true,"href":"https:\/\/www.leternoassente.com\/index.php?rest_route=\/wp\/v2\/pages\/5508"}],"wp:featuredmedia":[{"embeddable":true,"href":"https:\/\/www.leternoassente.com\/index.php?rest_route=\/wp\/v2\/media\/5533"}],"wp:attachment":[{"href":"https:\/\/www.leternoassente.com\/index.php?rest_route=%2Fwp%2Fv2%2Fmedia&parent=6505"}],"curies":[{"name":"wp","href":"https:\/\/api.w.org\/{rel}","templated":true}]}}