{"id":6534,"date":"2024-06-24T15:31:32","date_gmt":"2024-06-24T13:31:32","guid":{"rendered":"https:\/\/www.leternoassente.com\/?page_id=6534"},"modified":"2024-06-24T15:31:34","modified_gmt":"2024-06-24T13:31:34","slug":"non-succedera-piu","status":"publish","type":"page","link":"https:\/\/www.leternoassente.com\/?page_id=6534","title":{"rendered":"Non succeder\u00e0 pi\u00f9"},"content":{"rendered":"<p><strong>Salvatore racconta la propria Storia per \u00abIo senza Dio\u00bb.<\/strong><\/p>\n<hr>\n<p>A 25 anni stavo attraversando un periodo terribile e delicato sul piano personale, quando entrai in contatto con alcune persone che mi invitarono a partecipare all&#8217;associazione Rinnovamento nello Spirito santo. Nel gruppo di preghiera mi colp\u00ec vedere come queste persone sembrassero mosse da vero amore una per l&#8217;altra. Attraverso una sorta di love bombing subii un vero e proprio lavaggio del cervello, che mi spinse ad aderire in modo totalizzante alla religione cattolica. Come gruppo di preghiera frequentavamo delle sedute di guarigione, durante le quali un sacerdote esorcista imponeva le mani sulla testa di persone. Vidi persone urlare e dimenarsi: scene che mi impressionarono fino a convincermi della reale esistenza del diavolo. La mia pratica religiosa divent\u00f2 assidua: Messa tutti i giorni, confessione tutti i giorni. Senza mai pormi domande. Addirittura entrai in convento per due anni con l&#8217;intenzione di diventare frate. Oggi posso dire che per fortuna alla fine mi scartarono. Fino al 2020.<\/p>\n<p>Nel 2020, durante la pandemia, finalmente cominciai a leggere la Bibbia per conto mio. Mi accorsi subito che molte cose non tornavano. Perci\u00f2 andai dal mio sacerdote, che conoscevo molto bene, e gli chiesi: \u00abPerch\u00e9 tutti questi morti? Perch\u00e9 tutte queste guerre nella Bibbia?\u00bb. Lui mi rispose: \u00abGuarda tutto con amore\u00bb. Insoddisfatto, mi rivolsi a un frate francescano. Lui invece rispose: \u00abSe ci vuoi credere, credici\u00bb. Peggio del precedente. Allora chiesi a un terzo prete. E lui rispose: \u00abBisogna interpretare le Sacre&nbsp;scritture\u00bb. Di fronte a queste non-risposte, i miei piccoli dubbi divennero giganteschi.<\/p>\n<p>Un giorno per caso su YouTube trovai un video di Mauro Biglino. Al di l\u00e0 delle sue interpretazioni ufologiche, scoprii la possibilit\u00e0 di una diversa lettura delle Sacre scritture. Partendo da Biglino arrivai a Laura Fezia, a Stefania Tosi, a Padre Kayn, a L&#8217;Eterno Assente. Mi sentii malissimo. Feci a pugni con me stesso.<\/p>\n<p>Alla fine ha vinto la logica: tutte le religioni sono emerite stronzate, fatte apposta per controllare le persone, per abusare della psiche delle persone. Come parassiti della mente.<\/p>\n<p>Adesso ho ripreso in mano la mia vita. Mi sento bene, quasi felice. Mi godo ogni istante. Ammetto di essere stato uno stupido, quando credevo in tutte quelle cagate senza pormi domande. Non succeder\u00e0 pi\u00f9, perch\u00e9 solo ponendosi le domande si trovano le risposte.<\/p>\n<p><strong>Salvatore<\/strong><\/p>\n<p>Vuoi raccontare anche tu la tua Storia per \u00abIo senza Dio\u00bb? Spediscila a L&#8217;Eterno Assente, ma prima consulta il <a href=\"https:\/\/www.leternoassente.com\/?page_id=4429\" target=\"_blank\" rel=\"noopener noreferrer\">Regolamento<\/a><\/p>\n<p><a href=\"https:\/\/www.leternoassente.com\/?page_id=4502\" target=\"_blank\" rel=\"noopener noreferrer\">Tutte le Storie di \u00abIo senza Dio\u00bb<\/a><\/p>\n<hr>\n<p><em>Qui sotto trovi la possibilit\u00e0 di commentare quest&#8217;articolo. Per farlo, devi<br \/>\n1. confermare che sei ateo\/a,<br \/>\n2. essere consapevole che, se menti, stai commettendo il gravissimo peccato di apostasia,<br \/>\n3. aspettare che il commento sia approvato dall&#8217;admin.<br \/>\nL&#8217;approvazione dei commenti dipende dall&#8217;insindacabile e inappellabile giudizio dell&#8217;admin. Se vuoi saperne di pi\u00f9 a proposito dei commenti, puoi consultare le <a href=\"http:\/\/www.leternoassente.com\/?page_id=957#nocomment\" rel=\"noopener\" target=\"_blank\">FAQ<\/a>.<br \/>\nInoltre puoi commentare gli articoli e i post nel <a href=\"https:\/\/www.facebook.com\/groups\/eternoassente\/\" rel=\"noopener\" target=\"_blank\">Gruppo Facebook de L&#8217;Eterno Assente<\/a>, se ti iscrivi al Gruppo dopo aver risposto a una semplice domanda.<\/em><\/p>\n","protected":false},"excerpt":{"rendered":"<p>Salvatore racconta la propria Storia per \u00abIo senza Dio\u00bb. A 25 anni stavo attraversando un periodo terribile e delicato sul piano personale, quando entrai in contatto con alcune persone che mi invitarono a partecipare all&#8217;associazione Rinnovamento nello Spirito santo. Nel &hellip; <a href=\"https:\/\/www.leternoassente.com\/?page_id=6534\">Continua a leggere<span class=\"meta-nav\">&rarr;<\/span><\/a><\/p>\n","protected":false},"author":1,"featured_media":3299,"parent":4502,"menu_order":0,"comment_status":"open","ping_status":"closed","template":"","meta":{"footnotes":""},"class_list":["post-6534","page","type-page","status-publish","has-post-thumbnail","hentry"],"yoast_head":"<!-- This site is optimized with the Yoast SEO plugin v25.6 - https:\/\/yoast.com\/wordpress\/plugins\/seo\/ -->\n<title>Non succeder\u00e0 pi\u00f9 - L&#039;Eterno Assente<\/title>\n<meta name=\"description\" content=\"Salvatore racconta la propria Storia per \u00abIo senza Dio\u00bb.\" \/>\n<meta name=\"robots\" content=\"index, follow, max-snippet:-1, max-image-preview:large, max-video-preview:-1\" \/>\n<link rel=\"canonical\" href=\"https:\/\/www.leternoassente.com\/?page_id=6534\" \/>\n<meta property=\"og:locale\" content=\"it_IT\" \/>\n<meta property=\"og:type\" content=\"article\" \/>\n<meta property=\"og:title\" content=\"Non succeder\u00e0 pi\u00f9 - L&#039;Eterno Assente\" \/>\n<meta property=\"og:description\" content=\"Salvatore racconta la propria Storia per \u00abIo senza Dio\u00bb.\" \/>\n<meta property=\"og:url\" content=\"https:\/\/www.leternoassente.com\/?page_id=6534\" \/>\n<meta property=\"og:site_name\" content=\"L&#039;Eterno Assente\" \/>\n<meta property=\"article:modified_time\" content=\"2024-06-24T13:31:34+00:00\" \/>\n<meta property=\"og:image\" content=\"https:\/\/www.leternoassente.com\/wp-content\/uploads\/2020\/04\/iosenzadio4seo.jpg\" \/>\n\t<meta property=\"og:image:width\" content=\"1200\" \/>\n\t<meta property=\"og:image:height\" content=\"630\" \/>\n\t<meta property=\"og:image:type\" content=\"image\/jpeg\" \/>\n<meta name=\"twitter:card\" content=\"summary_large_image\" \/>\n<meta name=\"twitter:site\" content=\"@leternoassente\" \/>\n<meta name=\"twitter:label1\" content=\"Tempo di lettura stimato\" \/>\n\t<meta name=\"twitter:data1\" content=\"3 minuti\" \/>\n<script type=\"application\/ld+json\" class=\"yoast-schema-graph\">{\"@context\":\"https:\/\/schema.org\",\"@graph\":[{\"@type\":\"WebPage\",\"@id\":\"https:\/\/www.leternoassente.com\/?page_id=6534\",\"url\":\"https:\/\/www.leternoassente.com\/?page_id=6534\",\"name\":\"Non succeder\u00e0 pi\u00f9 - L&#039;Eterno Assente\",\"isPartOf\":{\"@id\":\"https:\/\/www.leternoassente.com\/#website\"},\"primaryImageOfPage\":{\"@id\":\"https:\/\/www.leternoassente.com\/?page_id=6534#primaryimage\"},\"image\":{\"@id\":\"https:\/\/www.leternoassente.com\/?page_id=6534#primaryimage\"},\"thumbnailUrl\":\"https:\/\/www.leternoassente.com\/wp-content\/uploads\/2020\/04\/iosenzadio4.jpg\",\"datePublished\":\"2024-06-24T13:31:32+00:00\",\"dateModified\":\"2024-06-24T13:31:34+00:00\",\"description\":\"Salvatore racconta la propria Storia per \u00abIo senza Dio\u00bb.\",\"breadcrumb\":{\"@id\":\"https:\/\/www.leternoassente.com\/?page_id=6534#breadcrumb\"},\"inLanguage\":\"it-IT\",\"potentialAction\":[{\"@type\":\"ReadAction\",\"target\":[\"https:\/\/www.leternoassente.com\/?page_id=6534\"]}]},{\"@type\":\"ImageObject\",\"inLanguage\":\"it-IT\",\"@id\":\"https:\/\/www.leternoassente.com\/?page_id=6534#primaryimage\",\"url\":\"https:\/\/www.leternoassente.com\/wp-content\/uploads\/2020\/04\/iosenzadio4.jpg\",\"contentUrl\":\"https:\/\/www.leternoassente.com\/wp-content\/uploads\/2020\/04\/iosenzadio4.jpg\",\"width\":1500,\"height\":434},{\"@type\":\"BreadcrumbList\",\"@id\":\"https:\/\/www.leternoassente.com\/?page_id=6534#breadcrumb\",\"itemListElement\":[{\"@type\":\"ListItem\",\"position\":1,\"name\":\"Home\",\"item\":\"https:\/\/www.leternoassente.com\/\"},{\"@type\":\"ListItem\",\"position\":2,\"name\":\"\u00abIo senza Dio\u00bb \u2013 Storie\",\"item\":\"https:\/\/www.leternoassente.com\/?page_id=4502\"},{\"@type\":\"ListItem\",\"position\":3,\"name\":\"Non succeder\u00e0 pi\u00f9\"}]},{\"@type\":\"WebSite\",\"@id\":\"https:\/\/www.leternoassente.com\/#website\",\"url\":\"https:\/\/www.leternoassente.com\/\",\"name\":\"L&#039;Eterno Assente\",\"description\":\"Dio, la vita, il senso e altre cazzate\",\"publisher\":{\"@id\":\"https:\/\/www.leternoassente.com\/#\/schema\/person\/d2069751871fcdb89a30a0775f4170f9\"},\"potentialAction\":[{\"@type\":\"SearchAction\",\"target\":{\"@type\":\"EntryPoint\",\"urlTemplate\":\"https:\/\/www.leternoassente.com\/?s={search_term_string}\"},\"query-input\":{\"@type\":\"PropertyValueSpecification\",\"valueRequired\":true,\"valueName\":\"search_term_string\"}}],\"inLanguage\":\"it-IT\"},{\"@type\":[\"Person\",\"Organization\"],\"@id\":\"https:\/\/www.leternoassente.com\/#\/schema\/person\/d2069751871fcdb89a30a0775f4170f9\",\"name\":\"Choam Goldberg\",\"image\":{\"@type\":\"ImageObject\",\"inLanguage\":\"it-IT\",\"@id\":\"https:\/\/www.leternoassente.com\/#\/schema\/person\/image\/\",\"url\":\"https:\/\/secure.gravatar.com\/avatar\/63d2c9f25f05d3da5001f2898f6fc9cd?s=96&d=wavatar&r=g\",\"contentUrl\":\"https:\/\/secure.gravatar.com\/avatar\/63d2c9f25f05d3da5001f2898f6fc9cd?s=96&d=wavatar&r=g\",\"caption\":\"Choam Goldberg\"},\"logo\":{\"@id\":\"https:\/\/www.leternoassente.com\/#\/schema\/person\/image\/\"},\"description\":\"Contemplata la vastit\u00e0 del cazzo che gliene frega e raggiunta l\u2019atarass\u00eca, Choam Goldberg pratica nondimeno l'antica, dilettevole e nobile arte di demolire le credenze dei\u00a0beoti e degli insipienti.\",\"sameAs\":[\"http:\/\/www.leternoassente.com\"]}]}<\/script>\n<!-- \/ Yoast SEO plugin. -->","yoast_head_json":{"title":"Non succeder\u00e0 pi\u00f9 - L&#039;Eterno Assente","description":"Salvatore racconta la propria Storia per \u00abIo senza Dio\u00bb.","robots":{"index":"index","follow":"follow","max-snippet":"max-snippet:-1","max-image-preview":"max-image-preview:large","max-video-preview":"max-video-preview:-1"},"canonical":"https:\/\/www.leternoassente.com\/?page_id=6534","og_locale":"it_IT","og_type":"article","og_title":"Non succeder\u00e0 pi\u00f9 - L&#039;Eterno Assente","og_description":"Salvatore racconta la propria Storia per \u00abIo senza Dio\u00bb.","og_url":"https:\/\/www.leternoassente.com\/?page_id=6534","og_site_name":"L&#039;Eterno Assente","article_modified_time":"2024-06-24T13:31:34+00:00","og_image":[{"width":1200,"height":630,"url":"https:\/\/www.leternoassente.com\/wp-content\/uploads\/2020\/04\/iosenzadio4seo.jpg","type":"image\/jpeg"}],"twitter_card":"summary_large_image","twitter_site":"@leternoassente","twitter_misc":{"Tempo di lettura stimato":"3 minuti"},"schema":{"@context":"https:\/\/schema.org","@graph":[{"@type":"WebPage","@id":"https:\/\/www.leternoassente.com\/?page_id=6534","url":"https:\/\/www.leternoassente.com\/?page_id=6534","name":"Non succeder\u00e0 pi\u00f9 - L&#039;Eterno Assente","isPartOf":{"@id":"https:\/\/www.leternoassente.com\/#website"},"primaryImageOfPage":{"@id":"https:\/\/www.leternoassente.com\/?page_id=6534#primaryimage"},"image":{"@id":"https:\/\/www.leternoassente.com\/?page_id=6534#primaryimage"},"thumbnailUrl":"https:\/\/www.leternoassente.com\/wp-content\/uploads\/2020\/04\/iosenzadio4.jpg","datePublished":"2024-06-24T13:31:32+00:00","dateModified":"2024-06-24T13:31:34+00:00","description":"Salvatore racconta la propria Storia per \u00abIo senza Dio\u00bb.","breadcrumb":{"@id":"https:\/\/www.leternoassente.com\/?page_id=6534#breadcrumb"},"inLanguage":"it-IT","potentialAction":[{"@type":"ReadAction","target":["https:\/\/www.leternoassente.com\/?page_id=6534"]}]},{"@type":"ImageObject","inLanguage":"it-IT","@id":"https:\/\/www.leternoassente.com\/?page_id=6534#primaryimage","url":"https:\/\/www.leternoassente.com\/wp-content\/uploads\/2020\/04\/iosenzadio4.jpg","contentUrl":"https:\/\/www.leternoassente.com\/wp-content\/uploads\/2020\/04\/iosenzadio4.jpg","width":1500,"height":434},{"@type":"BreadcrumbList","@id":"https:\/\/www.leternoassente.com\/?page_id=6534#breadcrumb","itemListElement":[{"@type":"ListItem","position":1,"name":"Home","item":"https:\/\/www.leternoassente.com\/"},{"@type":"ListItem","position":2,"name":"\u00abIo senza Dio\u00bb \u2013 Storie","item":"https:\/\/www.leternoassente.com\/?page_id=4502"},{"@type":"ListItem","position":3,"name":"Non succeder\u00e0 pi\u00f9"}]},{"@type":"WebSite","@id":"https:\/\/www.leternoassente.com\/#website","url":"https:\/\/www.leternoassente.com\/","name":"L&#039;Eterno Assente","description":"Dio, la vita, il senso e altre cazzate","publisher":{"@id":"https:\/\/www.leternoassente.com\/#\/schema\/person\/d2069751871fcdb89a30a0775f4170f9"},"potentialAction":[{"@type":"SearchAction","target":{"@type":"EntryPoint","urlTemplate":"https:\/\/www.leternoassente.com\/?s={search_term_string}"},"query-input":{"@type":"PropertyValueSpecification","valueRequired":true,"valueName":"search_term_string"}}],"inLanguage":"it-IT"},{"@type":["Person","Organization"],"@id":"https:\/\/www.leternoassente.com\/#\/schema\/person\/d2069751871fcdb89a30a0775f4170f9","name":"Choam Goldberg","image":{"@type":"ImageObject","inLanguage":"it-IT","@id":"https:\/\/www.leternoassente.com\/#\/schema\/person\/image\/","url":"https:\/\/secure.gravatar.com\/avatar\/63d2c9f25f05d3da5001f2898f6fc9cd?s=96&d=wavatar&r=g","contentUrl":"https:\/\/secure.gravatar.com\/avatar\/63d2c9f25f05d3da5001f2898f6fc9cd?s=96&d=wavatar&r=g","caption":"Choam Goldberg"},"logo":{"@id":"https:\/\/www.leternoassente.com\/#\/schema\/person\/image\/"},"description":"Contemplata la vastit\u00e0 del cazzo che gliene frega e raggiunta l\u2019atarass\u00eca, Choam Goldberg pratica nondimeno l'antica, dilettevole e nobile arte di demolire le credenze dei\u00a0beoti e degli insipienti.","sameAs":["http:\/\/www.leternoassente.com"]}]}},"_links":{"self":[{"href":"https:\/\/www.leternoassente.com\/index.php?rest_route=\/wp\/v2\/pages\/6534"}],"collection":[{"href":"https:\/\/www.leternoassente.com\/index.php?rest_route=\/wp\/v2\/pages"}],"about":[{"href":"https:\/\/www.leternoassente.com\/index.php?rest_route=\/wp\/v2\/types\/page"}],"author":[{"embeddable":true,"href":"https:\/\/www.leternoassente.com\/index.php?rest_route=\/wp\/v2\/users\/1"}],"replies":[{"embeddable":true,"href":"https:\/\/www.leternoassente.com\/index.php?rest_route=%2Fwp%2Fv2%2Fcomments&post=6534"}],"version-history":[{"count":3,"href":"https:\/\/www.leternoassente.com\/index.php?rest_route=\/wp\/v2\/pages\/6534\/revisions"}],"predecessor-version":[{"id":6537,"href":"https:\/\/www.leternoassente.com\/index.php?rest_route=\/wp\/v2\/pages\/6534\/revisions\/6537"}],"up":[{"embeddable":true,"href":"https:\/\/www.leternoassente.com\/index.php?rest_route=\/wp\/v2\/pages\/4502"}],"wp:featuredmedia":[{"embeddable":true,"href":"https:\/\/www.leternoassente.com\/index.php?rest_route=\/wp\/v2\/media\/3299"}],"wp:attachment":[{"href":"https:\/\/www.leternoassente.com\/index.php?rest_route=%2Fwp%2Fv2%2Fmedia&parent=6534"}],"curies":[{"name":"wp","href":"https:\/\/api.w.org\/{rel}","templated":true}]}}