{"id":6540,"date":"2024-06-25T07:33:27","date_gmt":"2024-06-25T05:33:27","guid":{"rendered":"https:\/\/www.leternoassente.com\/?page_id=6540"},"modified":"2024-07-23T17:43:35","modified_gmt":"2024-07-23T15:43:35","slug":"il-cristianesimo-in-2-minuti-31-50","status":"publish","type":"page","link":"https:\/\/www.leternoassente.com\/?page_id=6540","title":{"rendered":"Il cristianesimo in 2 minuti \u2013 31\/50"},"content":{"rendered":"<p><strong>25&#8217;000 manoscritti del Nuovo Testamento: non proprio la prova che molti credono<\/strong><\/p>\n<hr>\n<p><a href=\"https:\/\/www.leternoassente.com\/wp-content\/uploads\/2024\/06\/manoscritto.jpg\"><img loading=\"lazy\" decoding=\"async\" class=\"alignleft size-full wp-image-6542\" src=\"https:\/\/www.leternoassente.com\/wp-content\/uploads\/2024\/06\/manoscritto.jpg\" alt=\"\" width=\"1440\" height=\"807\" srcset=\"https:\/\/www.leternoassente.com\/wp-content\/uploads\/2024\/06\/manoscritto.jpg 1440w, https:\/\/www.leternoassente.com\/wp-content\/uploads\/2024\/06\/manoscritto-300x168.jpg 300w, https:\/\/www.leternoassente.com\/wp-content\/uploads\/2024\/06\/manoscritto-1024x574.jpg 1024w, https:\/\/www.leternoassente.com\/wp-content\/uploads\/2024\/06\/manoscritto-768x430.jpg 768w, https:\/\/www.leternoassente.com\/wp-content\/uploads\/2024\/06\/manoscritto-500x280.jpg 500w\" sizes=\"(max-width: 1440px) 100vw, 1440px\" \/><\/a><\/p>\n<p>Gli storici dispongono di circa 25&#8217;000 manoscritti dei libri del Nuovo Testamento: un numero di gran lunga superiore a quello di qualsiasi altro libro della Storia antica. Si confronti questo dato con le 2&#8217;000 copie dell&#8217;Iliade di Omero, il secondo manoscritto meglio rappresentato. Ancora pi\u00f9 scarsamente rappresentate sono le opere di Aristotele, di Giulio Cesare, di Erodoto e di altre grandi figure della Storia antica, per le quali abbiamo circa una dozzina di manoscritti ciascuna.<\/p>\n<p>Non per questo concludiamo che la testimonianza del \u00abDe Bello Gallico\u00bb di Cesare sia cos\u00ec inaffidabile da impedirci di conoscere il passato. Ma, se cos\u00ec fosse, dovremmo accettare la storia del Nuovo Testamento, di gran lunga meglio attestata. O almeno cos\u00ec sostiene l&#8217;argomentazione popolare.<\/p>\n<p>Questa per\u00f2 \u00e8 un&#8217;argomentazione fallace. Un maggior numero di manoscritti tutt&#8217;al pi\u00f9 aumenta la nostra sicurezza di avere le versioni originali, ma non significa che essa coincida con la vicenda reale. Molto pi\u00f9 impressionanti di una montagna di manoscritti sono i geroglifici egizi e le tavolette d&#8217;argilla mesopotamiche che non solo sono pi\u00f9 antiche, ma anche originali. Nessuno potrebbe sostenere che la loro mitologia debba essere accurata semplicemente perch\u00e9 sono originali, e lo stesso varrebbe se possedessimo gli originali del Nuovo Testamento.<\/p>\n<p>Torniamo ai 25.000 manoscritti. Gli originali di ogni libro del Nuovo Testamento sono stati scritti in greco, ma la maggior parte di questi manoscritti \u00e8 composta da traduzioni in altre lingue. Una traduzione comporta un ulteriore livello di interpretazione. Scartando questi, si scende a 5&#8217;800 manoscritti greci.<\/p>\n<p>Consideriamo ora quando questi manoscritti sono stati scritti. Il grafico sottostante mostra il numero di copie manoscritte del Nuovo Testamento greco per secolo. Il XII secolo \u00e8 il pi\u00f9 ricco, con 1&#8217;090 manoscritti. La stampa \u00e8 stata inventata a met\u00e0 del XV secolo, e questo spiega il calo sulla destra nel grafico.<\/p>\n<p><a href=\"https:\/\/www.leternoassente.com\/wp-content\/uploads\/2024\/06\/grafico.jpg\"><img loading=\"lazy\" decoding=\"async\" class=\"alignleft size-full wp-image-6543\" src=\"https:\/\/www.leternoassente.com\/wp-content\/uploads\/2024\/06\/grafico.jpg\" alt=\"\" width=\"1440\" height=\"903\" srcset=\"https:\/\/www.leternoassente.com\/wp-content\/uploads\/2024\/06\/grafico.jpg 1440w, https:\/\/www.leternoassente.com\/wp-content\/uploads\/2024\/06\/grafico-300x188.jpg 300w, https:\/\/www.leternoassente.com\/wp-content\/uploads\/2024\/06\/grafico-1024x642.jpg 1024w, https:\/\/www.leternoassente.com\/wp-content\/uploads\/2024\/06\/grafico-768x482.jpg 768w, https:\/\/www.leternoassente.com\/wp-content\/uploads\/2024\/06\/grafico-478x300.jpg 478w\" sizes=\"(max-width: 1440px) 100vw, 1440px\" \/><\/a><\/p>\n<p>C&#8217;\u00e8 un centinaio di manoscritti dei primi 4 secoli, anche se molti di questi sono solo ritagli di papiro di meno di una pagina. I primi manoscritti consistenti, con decine di capitoli, risalgono circa al 200 d.C. Solo a partire dal IV secolo troviamo copie complete (o quasi) del Nuovo Testamento. La nostra visione del passato \u00e8 cos\u00ec nebulosa che anche la data di stesura \u00e8 solo un&#8217;ipotesi.<\/p>\n<p>Quando gli storici valutano le prove, vogliono i manoscritti pi\u00f9 antichi e affidabili. La stragrande maggioranza dei manoscritti mostrati nel grafico \u00e8 irrilevante, quindi i nostri 5&#8217;800 manoscritti greci si riducono al centinaio pi\u00f9 antico, sulla base del quale gli studiosi fanno le loro migliori ipotesi sugli originali. Che si tratti di 1&#8217;090 copie del XII secolo o di un numero 10 volte superiore, manoscritti cos\u00ec tardivi non servono a ricostruire gli originali del Nuovo Testamento.<\/p>\n<p>Il Nuovo Testamento ha il maggior numero di copie, ma questa non \u00e8 la prova che molti credono.<\/p>\n<p><a href=\"https:\/\/2minutechristianity.com\/blog\/\"><strong>Bob Seidensticker<\/strong><\/a><\/p>\n<hr>\n<p><strong>Note<\/strong><\/p>\n<p>Un manoscritto \u00e8 appunto, come dice la parola stessa, un documento scritto a mano. I primi manoscritti del Nuovo Testamento erano rotoli di papiro. La pergamena, ricavata da pelli di animali e rilegata in un codice (libro), divenne gradualmente pi\u00f9 popolare nei primi secoli d.C.<\/p>\n<p>Il grafico mostra il numero di copie manoscritte del Nuovo Testamento greco per secolo: i dati provengono da <a href=\"https:\/\/www.wikiwand.com\/en\/Biblical_manuscript#New_Testament_manuscripts\">Biblical manuscript (Wikipedia)<\/a>, consultato il 4 novembre 2013.<\/p>\n<p>25.000 manoscritti sembrano molti: <a href=\"https:\/\/en.wikipedia.org\/wiki\/List_of_New_Testament_papyri\">List of New Testament papyri (Wikipedia)<\/a>, consultato il 15 giugno 2018.<\/p>\n<hr>\n<p>(31\/50 \u2013 <a href=\"https:\/\/www.leternoassente.com\/?page_id=6584\">continua<\/a>)<\/p>\n<p>Immagine: <a href=\"https:\/\/commons.wikimedia.org\/wiki\/File:Greek_MSS_(i.e.,_manuscript),_Saba,_MS_394_LOC_matpc.10860.jpg\">Autore sconosciuto<\/a>, (public domain) via Wikimedia<\/p>\n<p><a href=\"https:\/\/www.leternoassente.com\/?page_id=5508\">Tutte le puntate.<\/a><\/p>\n<p>Leggi la <a href=\"https:\/\/2minutechristianity.com\/2023\/03\/27\/31-25000-new-testament-manuscripts-not-the-evidence-you-might-think\/\">versione originale dell&#8217;articolo<\/a>.<\/p>\n<p>Ascolta l&#8217;articolo nel <a href=\"https:\/\/twominutechristianity.podbean.com\/e\/31-25000-new-testament-manuscripts-not-the-evidence-you-might-think\/\">podcast<\/a> o nel <a href=\"https:\/\/www.youtube.com\/watch?v=9VmOPHseNxk\">canale YouTube<\/a>.<\/p>\n<p>All material on this article is copyright 2023 by Bob Seidensticker. Translation By Choam Goldberg.<\/p>\n<hr>\n<p><em>Avvertenza:<\/em><br \/>\n<em>La lingua di questo articolo cerca di conciliare l&#8217;inclusivit\u00e0 con la leggibilit\u00e0 e la scorrevolezza. Nessuno si offenda quindi se evita le ripetizioni e usa il plurale sovraesteso. <a href=\"https:\/\/www.leternoassente.com\/?p=5651\">Ch\u00e9 mi spiace, ma la schwa anche no.<\/a><\/em><\/p>\n<hr>\n<p><em>Qui sotto trovi la possibilit\u00e0 di commentare quest&#8217;articolo. Per farlo, devi<br \/>\n1. confermare che sei ateo\/a,<br \/>\n2. essere consapevole che, se menti, stai commettendo il gravissimo peccato di apostasia,<br \/>\n3. aspettare che il commento sia approvato dall&#8217;admin.<br \/>\nL&#8217;approvazione dei commenti dipende dall&#8217;insindacabile e inappellabile giudizio dell&#8217;admin. Se vuoi saperne di pi\u00f9 a proposito dei commenti, puoi consultare le <a href=\"http:\/\/www.leternoassente.com\/?page_id=957#nocomment\" rel=\"noopener\" target=\"_blank\">FAQ<\/a>.<br \/>\nInoltre puoi commentare gli articoli e i post nel <a href=\"https:\/\/www.facebook.com\/groups\/eternoassente\/\" rel=\"noopener\" target=\"_blank\">Gruppo Facebook de L&#8217;Eterno Assente<\/a>, se ti iscrivi al Gruppo dopo aver risposto a una semplice domanda.<\/em><\/p>\n","protected":false},"excerpt":{"rendered":"<p>25&#8217;000 manoscritti del Nuovo Testamento: non proprio la prova che molti credono Gli storici dispongono di circa 25&#8217;000 manoscritti dei libri del Nuovo Testamento: un numero di gran lunga superiore a quello di qualsiasi altro libro della Storia antica. Si &hellip; <a href=\"https:\/\/www.leternoassente.com\/?page_id=6540\">Continua a leggere<span class=\"meta-nav\">&rarr;<\/span><\/a><\/p>\n","protected":false},"author":1,"featured_media":5533,"parent":5508,"menu_order":0,"comment_status":"open","ping_status":"closed","template":"","meta":{"footnotes":""},"class_list":["post-6540","page","type-page","status-publish","has-post-thumbnail","hentry"],"yoast_head":"<!-- This site is optimized with the Yoast SEO plugin v25.6 - https:\/\/yoast.com\/wordpress\/plugins\/seo\/ -->\n<title>Il cristianesimo in 2 minuti \u2013 31\/50 - L&#039;Eterno Assente<\/title>\n<meta name=\"description\" content=\"25&#039;000 manoscritti del Nuovo Testamento: non proprio la prova che si crede.\" \/>\n<meta name=\"robots\" content=\"index, follow, max-snippet:-1, max-image-preview:large, max-video-preview:-1\" \/>\n<link rel=\"canonical\" href=\"https:\/\/www.leternoassente.com\/?page_id=6540\" \/>\n<meta property=\"og:locale\" content=\"it_IT\" \/>\n<meta property=\"og:type\" content=\"article\" \/>\n<meta property=\"og:title\" content=\"Il cristianesimo in 2 minuti \u2013 31\/50 - L&#039;Eterno Assente\" \/>\n<meta property=\"og:description\" content=\"25&#039;000 manoscritti del Nuovo Testamento: non proprio la prova che si crede.\" \/>\n<meta property=\"og:url\" content=\"https:\/\/www.leternoassente.com\/?page_id=6540\" \/>\n<meta property=\"og:site_name\" content=\"L&#039;Eterno Assente\" \/>\n<meta property=\"article:modified_time\" content=\"2024-07-23T15:43:35+00:00\" \/>\n<meta property=\"og:image\" content=\"https:\/\/www.leternoassente.com\/wp-content\/uploads\/2022\/12\/2minuticristianesimotagliato.jpg\" \/>\n\t<meta property=\"og:image:width\" content=\"1213\" \/>\n\t<meta property=\"og:image:height\" content=\"600\" \/>\n\t<meta property=\"og:image:type\" content=\"image\/jpeg\" \/>\n<meta name=\"twitter:card\" content=\"summary_large_image\" \/>\n<meta name=\"twitter:site\" content=\"@leternoassente\" \/>\n<meta name=\"twitter:label1\" content=\"Tempo di lettura stimato\" \/>\n\t<meta name=\"twitter:data1\" content=\"5 minuti\" \/>\n<script type=\"application\/ld+json\" class=\"yoast-schema-graph\">{\"@context\":\"https:\/\/schema.org\",\"@graph\":[{\"@type\":\"WebPage\",\"@id\":\"https:\/\/www.leternoassente.com\/?page_id=6540\",\"url\":\"https:\/\/www.leternoassente.com\/?page_id=6540\",\"name\":\"Il cristianesimo in 2 minuti \u2013 31\/50 - L&#039;Eterno Assente\",\"isPartOf\":{\"@id\":\"https:\/\/www.leternoassente.com\/#website\"},\"primaryImageOfPage\":{\"@id\":\"https:\/\/www.leternoassente.com\/?page_id=6540#primaryimage\"},\"image\":{\"@id\":\"https:\/\/www.leternoassente.com\/?page_id=6540#primaryimage\"},\"thumbnailUrl\":\"https:\/\/www.leternoassente.com\/wp-content\/uploads\/2022\/12\/2minuticristianesimo-1.jpg\",\"datePublished\":\"2024-06-25T05:33:27+00:00\",\"dateModified\":\"2024-07-23T15:43:35+00:00\",\"description\":\"25'000 manoscritti del Nuovo Testamento: non proprio la prova che si crede.\",\"breadcrumb\":{\"@id\":\"https:\/\/www.leternoassente.com\/?page_id=6540#breadcrumb\"},\"inLanguage\":\"it-IT\",\"potentialAction\":[{\"@type\":\"ReadAction\",\"target\":[\"https:\/\/www.leternoassente.com\/?page_id=6540\"]}]},{\"@type\":\"ImageObject\",\"inLanguage\":\"it-IT\",\"@id\":\"https:\/\/www.leternoassente.com\/?page_id=6540#primaryimage\",\"url\":\"https:\/\/www.leternoassente.com\/wp-content\/uploads\/2022\/12\/2minuticristianesimo-1.jpg\",\"contentUrl\":\"https:\/\/www.leternoassente.com\/wp-content\/uploads\/2022\/12\/2minuticristianesimo-1.jpg\",\"width\":1500,\"height\":434},{\"@type\":\"BreadcrumbList\",\"@id\":\"https:\/\/www.leternoassente.com\/?page_id=6540#breadcrumb\",\"itemListElement\":[{\"@type\":\"ListItem\",\"position\":1,\"name\":\"Home\",\"item\":\"https:\/\/www.leternoassente.com\/\"},{\"@type\":\"ListItem\",\"position\":2,\"name\":\"Il cristianesimo in 2 minuti\",\"item\":\"https:\/\/www.leternoassente.com\/?page_id=5508\"},{\"@type\":\"ListItem\",\"position\":3,\"name\":\"Il cristianesimo in 2 minuti \u2013 31\/50\"}]},{\"@type\":\"WebSite\",\"@id\":\"https:\/\/www.leternoassente.com\/#website\",\"url\":\"https:\/\/www.leternoassente.com\/\",\"name\":\"L&#039;Eterno Assente\",\"description\":\"Dio, la vita, il senso e altre cazzate\",\"publisher\":{\"@id\":\"https:\/\/www.leternoassente.com\/#\/schema\/person\/d2069751871fcdb89a30a0775f4170f9\"},\"potentialAction\":[{\"@type\":\"SearchAction\",\"target\":{\"@type\":\"EntryPoint\",\"urlTemplate\":\"https:\/\/www.leternoassente.com\/?s={search_term_string}\"},\"query-input\":{\"@type\":\"PropertyValueSpecification\",\"valueRequired\":true,\"valueName\":\"search_term_string\"}}],\"inLanguage\":\"it-IT\"},{\"@type\":[\"Person\",\"Organization\"],\"@id\":\"https:\/\/www.leternoassente.com\/#\/schema\/person\/d2069751871fcdb89a30a0775f4170f9\",\"name\":\"Choam Goldberg\",\"image\":{\"@type\":\"ImageObject\",\"inLanguage\":\"it-IT\",\"@id\":\"https:\/\/www.leternoassente.com\/#\/schema\/person\/image\/\",\"url\":\"https:\/\/secure.gravatar.com\/avatar\/63d2c9f25f05d3da5001f2898f6fc9cd?s=96&d=wavatar&r=g\",\"contentUrl\":\"https:\/\/secure.gravatar.com\/avatar\/63d2c9f25f05d3da5001f2898f6fc9cd?s=96&d=wavatar&r=g\",\"caption\":\"Choam Goldberg\"},\"logo\":{\"@id\":\"https:\/\/www.leternoassente.com\/#\/schema\/person\/image\/\"},\"description\":\"Contemplata la vastit\u00e0 del cazzo che gliene frega e raggiunta l\u2019atarass\u00eca, Choam Goldberg pratica nondimeno l'antica, dilettevole e nobile arte di demolire le credenze dei\u00a0beoti e degli insipienti.\",\"sameAs\":[\"http:\/\/www.leternoassente.com\"]}]}<\/script>\n<!-- \/ Yoast SEO plugin. -->","yoast_head_json":{"title":"Il cristianesimo in 2 minuti \u2013 31\/50 - L&#039;Eterno Assente","description":"25'000 manoscritti del Nuovo Testamento: non proprio la prova che si crede.","robots":{"index":"index","follow":"follow","max-snippet":"max-snippet:-1","max-image-preview":"max-image-preview:large","max-video-preview":"max-video-preview:-1"},"canonical":"https:\/\/www.leternoassente.com\/?page_id=6540","og_locale":"it_IT","og_type":"article","og_title":"Il cristianesimo in 2 minuti \u2013 31\/50 - L&#039;Eterno Assente","og_description":"25'000 manoscritti del Nuovo Testamento: non proprio la prova che si crede.","og_url":"https:\/\/www.leternoassente.com\/?page_id=6540","og_site_name":"L&#039;Eterno Assente","article_modified_time":"2024-07-23T15:43:35+00:00","og_image":[{"width":1213,"height":600,"url":"https:\/\/www.leternoassente.com\/wp-content\/uploads\/2022\/12\/2minuticristianesimotagliato.jpg","type":"image\/jpeg"}],"twitter_card":"summary_large_image","twitter_site":"@leternoassente","twitter_misc":{"Tempo di lettura stimato":"5 minuti"},"schema":{"@context":"https:\/\/schema.org","@graph":[{"@type":"WebPage","@id":"https:\/\/www.leternoassente.com\/?page_id=6540","url":"https:\/\/www.leternoassente.com\/?page_id=6540","name":"Il cristianesimo in 2 minuti \u2013 31\/50 - L&#039;Eterno Assente","isPartOf":{"@id":"https:\/\/www.leternoassente.com\/#website"},"primaryImageOfPage":{"@id":"https:\/\/www.leternoassente.com\/?page_id=6540#primaryimage"},"image":{"@id":"https:\/\/www.leternoassente.com\/?page_id=6540#primaryimage"},"thumbnailUrl":"https:\/\/www.leternoassente.com\/wp-content\/uploads\/2022\/12\/2minuticristianesimo-1.jpg","datePublished":"2024-06-25T05:33:27+00:00","dateModified":"2024-07-23T15:43:35+00:00","description":"25'000 manoscritti del Nuovo Testamento: non proprio la prova che si crede.","breadcrumb":{"@id":"https:\/\/www.leternoassente.com\/?page_id=6540#breadcrumb"},"inLanguage":"it-IT","potentialAction":[{"@type":"ReadAction","target":["https:\/\/www.leternoassente.com\/?page_id=6540"]}]},{"@type":"ImageObject","inLanguage":"it-IT","@id":"https:\/\/www.leternoassente.com\/?page_id=6540#primaryimage","url":"https:\/\/www.leternoassente.com\/wp-content\/uploads\/2022\/12\/2minuticristianesimo-1.jpg","contentUrl":"https:\/\/www.leternoassente.com\/wp-content\/uploads\/2022\/12\/2minuticristianesimo-1.jpg","width":1500,"height":434},{"@type":"BreadcrumbList","@id":"https:\/\/www.leternoassente.com\/?page_id=6540#breadcrumb","itemListElement":[{"@type":"ListItem","position":1,"name":"Home","item":"https:\/\/www.leternoassente.com\/"},{"@type":"ListItem","position":2,"name":"Il cristianesimo in 2 minuti","item":"https:\/\/www.leternoassente.com\/?page_id=5508"},{"@type":"ListItem","position":3,"name":"Il cristianesimo in 2 minuti \u2013 31\/50"}]},{"@type":"WebSite","@id":"https:\/\/www.leternoassente.com\/#website","url":"https:\/\/www.leternoassente.com\/","name":"L&#039;Eterno Assente","description":"Dio, la vita, il senso e altre cazzate","publisher":{"@id":"https:\/\/www.leternoassente.com\/#\/schema\/person\/d2069751871fcdb89a30a0775f4170f9"},"potentialAction":[{"@type":"SearchAction","target":{"@type":"EntryPoint","urlTemplate":"https:\/\/www.leternoassente.com\/?s={search_term_string}"},"query-input":{"@type":"PropertyValueSpecification","valueRequired":true,"valueName":"search_term_string"}}],"inLanguage":"it-IT"},{"@type":["Person","Organization"],"@id":"https:\/\/www.leternoassente.com\/#\/schema\/person\/d2069751871fcdb89a30a0775f4170f9","name":"Choam Goldberg","image":{"@type":"ImageObject","inLanguage":"it-IT","@id":"https:\/\/www.leternoassente.com\/#\/schema\/person\/image\/","url":"https:\/\/secure.gravatar.com\/avatar\/63d2c9f25f05d3da5001f2898f6fc9cd?s=96&d=wavatar&r=g","contentUrl":"https:\/\/secure.gravatar.com\/avatar\/63d2c9f25f05d3da5001f2898f6fc9cd?s=96&d=wavatar&r=g","caption":"Choam Goldberg"},"logo":{"@id":"https:\/\/www.leternoassente.com\/#\/schema\/person\/image\/"},"description":"Contemplata la vastit\u00e0 del cazzo che gliene frega e raggiunta l\u2019atarass\u00eca, Choam Goldberg pratica nondimeno l'antica, dilettevole e nobile arte di demolire le credenze dei\u00a0beoti e degli insipienti.","sameAs":["http:\/\/www.leternoassente.com"]}]}},"_links":{"self":[{"href":"https:\/\/www.leternoassente.com\/index.php?rest_route=\/wp\/v2\/pages\/6540"}],"collection":[{"href":"https:\/\/www.leternoassente.com\/index.php?rest_route=\/wp\/v2\/pages"}],"about":[{"href":"https:\/\/www.leternoassente.com\/index.php?rest_route=\/wp\/v2\/types\/page"}],"author":[{"embeddable":true,"href":"https:\/\/www.leternoassente.com\/index.php?rest_route=\/wp\/v2\/users\/1"}],"replies":[{"embeddable":true,"href":"https:\/\/www.leternoassente.com\/index.php?rest_route=%2Fwp%2Fv2%2Fcomments&post=6540"}],"version-history":[{"count":8,"href":"https:\/\/www.leternoassente.com\/index.php?rest_route=\/wp\/v2\/pages\/6540\/revisions"}],"predecessor-version":[{"id":6650,"href":"https:\/\/www.leternoassente.com\/index.php?rest_route=\/wp\/v2\/pages\/6540\/revisions\/6650"}],"up":[{"embeddable":true,"href":"https:\/\/www.leternoassente.com\/index.php?rest_route=\/wp\/v2\/pages\/5508"}],"wp:featuredmedia":[{"embeddable":true,"href":"https:\/\/www.leternoassente.com\/index.php?rest_route=\/wp\/v2\/media\/5533"}],"wp:attachment":[{"href":"https:\/\/www.leternoassente.com\/index.php?rest_route=%2Fwp%2Fv2%2Fmedia&parent=6540"}],"curies":[{"name":"wp","href":"https:\/\/api.w.org\/{rel}","templated":true}]}}