{"id":6584,"date":"2024-07-08T16:32:29","date_gmt":"2024-07-08T14:32:29","guid":{"rendered":"https:\/\/www.leternoassente.com\/?page_id=6584"},"modified":"2024-07-23T17:51:09","modified_gmt":"2024-07-23T15:51:09","slug":"il-cristianesimo-in-2-minuti-32-50","status":"publish","type":"page","link":"https:\/\/www.leternoassente.com\/?page_id=6584","title":{"rendered":"Il cristianesimo in 2 minuti \u2013 32\/50"},"content":{"rendered":"<p><strong>La semplicit\u00e0: la qualit\u00e0 mancante al cristianesimo<\/strong><\/p>\n<hr \/>\n<p><a href=\"https:\/\/www.leternoassente.com\/wp-content\/uploads\/2024\/07\/concilio.jpg\"><img loading=\"lazy\" decoding=\"async\" class=\"alignleft size-full wp-image-6585\" src=\"https:\/\/www.leternoassente.com\/wp-content\/uploads\/2024\/07\/concilio.jpg\" alt=\"\" width=\"1440\" height=\"807\" srcset=\"https:\/\/www.leternoassente.com\/wp-content\/uploads\/2024\/07\/concilio.jpg 1440w, https:\/\/www.leternoassente.com\/wp-content\/uploads\/2024\/07\/concilio-300x168.jpg 300w, https:\/\/www.leternoassente.com\/wp-content\/uploads\/2024\/07\/concilio-1024x574.jpg 1024w, https:\/\/www.leternoassente.com\/wp-content\/uploads\/2024\/07\/concilio-768x430.jpg 768w, https:\/\/www.leternoassente.com\/wp-content\/uploads\/2024\/07\/concilio-500x280.jpg 500w\" sizes=\"(max-width: 1440px) 100vw, 1440px\" \/><\/a><\/p>\n<p>La Bibbia in inglese ha quasi un milione di parole. Vi siete mai chiesti perch\u00e9 Dio abbia bisogno di tanto spazio? Non solo si tratta di un numero sorprendentemente elevato, ma \u00e8 un indizio che il cristianesimo \u00e8 falso. Perch\u00e9 un Dio perfetto avrebbe bisogno di un milione di parole? Non avrebbe potuto trasmettere il suo messaggio in modo altrettanto (o pi\u00f9) chiaro con un decimo di esse? O addirittura con un millesimo?<\/p>\n<p>Basterebbero una o due pagine di istruzioni per spiegare come essere vegani. Si tratta di uno stile di vita con regole severe. Perch\u00e9 dovrebbe essere pi\u00f9 difficile per un Dio perfetto trasmettere il nocciolo del suo messaggio nello stesso spazio?<\/p>\n<p>Per fare un paragone, la Costituzione degli Stati Uniti \u00e8 stata scritta da semplici esseri umani e ha guidato il governo per diversi secoli. Ha solo 4&#8217;500 parole. La Dichiarazione dei diritti dell&#8217;uomo delle Nazioni Unite ha meno di 1&#8217;800 parole. Il Manifesto umanista 800.<\/p>\n<p>Eliminate le sottigliezze e pensate agli elementi essenziali della costituzione di un Dio perfetto. Condividerebbe dettagli personali sul soprannaturale: il numero di divinit\u00e0, il loro nome e le loro relazioni se sono pi\u00f9 di una.<\/p>\n<p>Chiarirebbe qualsiasi morale non ovvia: la schiavit\u00f9 \u00e8 buona\/cattiva, l&#8217;aborto \u00e8 permesso\/proibito, il vegetarianismo \u00e8 obbligatorio\/facoltativo e cos\u00ec via.<\/p>\n<p>Rivelerebbe che cosa succede \u2013 se succede qualcosa \u2013 quando le persone muoiono. Se esiste un regno soprannaturale che dovremmo conoscere, come si concilia e interagisce con il nostro?<\/p>\n<p>Definirebbe lo scopo della nostra vita. Che cosa dovremmo fare per soddisfare Dio (o gli d\u00e8i) e che cosa dovremmo sapere del nostro futuro, se c&#8217;\u00e8 qualcosa che non va?<\/p>\n<p>La Bibbia assomiglierebbe di pi\u00f9 all&#8217;opera di un Dio onnisciente eliminando Abramo come fondatore della religione, poi Mos\u00e8 come fondatore e infine Ges\u00f9 come fondatore. Immaginatela senza le violenze dell&#8217;Antico Testamento, le storie delle origini, le idee prese in prestito da altre culture, le contraddizioni e un messaggio in evoluzione. La Bibbia ha tutto l&#8217;aspetto di un libro religioso creato dagli esseri umani.<\/p>\n<p>Oppure osservate la pratica del cristianesimo oggi. Perch\u00e9 esiste un programma radiofonico Bible Answer Man e perch\u00e9 GotQuestions.org si vanta di avere pi\u00f9 di mezzo milione di domande bibliche con la relativa risposta? Il messaggio di Dio non dovrebbe essere cos\u00ec chiaro che non ci sarebbero domande a cui rispondere? Perch\u00e9 ci sono libri di 1&#8217;600 pagine sulla teologia sistematica? Perch\u00e9 lo studio di un Dio perfetto avrebbe bisogno di tutto questo? Perch\u00e9 \u00e8 cos\u00ec complicato? E perch\u00e9 oggi esistono migliaia di denominazioni del cristianesimo?<\/p>\n<p>Pi\u00f9 la storia \u00e8 elaborata, pi\u00f9 deve essere spiegata. Ges\u00f9 aveva un corpo umano o un corpo spirituale? Perch\u00e9 Dio \u00e8 la causa di tante morti nell&#8217;Antico testamento? Perch\u00e9 l&#8217;esistenza di Dio non \u00e8 evidente? Perch\u00e9 all&#8217;inizio Dio si preoccupa solo degli israeliti ma poi decide di abbracciare il mondo intero? Perch\u00e9 il mondo non sembra creato da un Dio onnisciente e amorevole? Che cos&#8217;\u00e8 la Trinit\u00e0?<\/p>\n<p>Negli ultimi 2000 anni la Chiesa ha convocato 21 concili ecumenici per cercare di dare un senso a domande come queste. \u00abNon c&#8217;\u00e8 nessun Dio\u00bb sarebbe stata la spiegazione pi\u00f9 economica.<\/p>\n<p><a href=\"https:\/\/2minutechristianity.com\/blog\/\"><strong>Bob Seidensticker<\/strong><\/a><\/p>\n<hr \/>\n<p><strong>Note<\/strong><\/p>\n<p>Storia delle origini. Una storia che spiega l&#8217;origine di qualcosa, ad esempio perch\u00e9 un luogo ha un certo nome o perch\u00e9 vediamo un arcobaleno dopo la pioggia. Si chiama anche storia eziologica.<\/p>\n<p>Teologia sistematica. Organizzazione dell&#8217;insegnamento cristiano in categorie: peccato, angeli, salvezza, Spirito santo e cos\u00ec via.<\/p>\n<p>Concilio ecumenico. Convegno di esperti religiosi che risolve questioni di dottrina o di pratica cristiana.<\/p>\n<hr \/>\n<p>(32\/50 \u2013 <a href=\"https:\/\/www.leternoassente.com\/?page_id=6611\">continua<\/a>)<\/p>\n<p>Immagine: <a href=\"https:\/\/commons.wikimedia.org\/wiki\/File:Cesare_Nebbia_%E2%80%93_Fourth_Council_of_Constantinople.jpg\">Cesare Nebbia<\/a>\u00a0c. 1585 (public domain) via Wikimedia<\/p>\n<p><a href=\"https:\/\/www.leternoassente.com\/?page_id=5508\">Tutte le puntate.<\/a><\/p>\n<p>Leggi la <a href=\"https:\/\/2minutechristianity.com\/2023\/04\/03\/32-simplicity-christianitys-missing-trait\/\">versione originale dell&#8217;articolo<\/a>.<\/p>\n<p>Ascolta l&#8217;articolo nel <a href=\"https:\/\/twominutechristianity.podbean.com\/e\/32-simplicity-christianity-s-missing-trait\/\">podcast<\/a> o nel <a href=\"https:\/\/www.youtube.com\/watch?v=-hoeePs3rcg\">canale YouTube<\/a>.<\/p>\n<p>All material on this article is copyright 2023 by Bob Seidensticker. Translation By Choam Goldberg.<\/p>\n<hr \/>\n<p><em>Avvertenza:<\/em><br \/>\n<em>La lingua di questo articolo cerca di conciliare l&#8217;inclusivit\u00e0 con la leggibilit\u00e0 e la scorrevolezza. Nessuno si offenda quindi se evita le ripetizioni e usa il plurale sovraesteso. <a href=\"https:\/\/www.leternoassente.com\/?p=5651\">Ch\u00e9 mi spiace, ma la schwa anche no.<\/a><\/em><\/p>\n<hr \/>\n<p><em>Qui sotto trovi la possibilit\u00e0 di commentare quest&#8217;articolo. Per farlo, devi<br \/>\n1. confermare che sei ateo\/a,<br \/>\n2. essere consapevole che, se menti, stai commettendo il gravissimo peccato di apostasia,<br \/>\n3. aspettare che il commento sia approvato dall&#8217;admin.<br \/>\nL&#8217;approvazione dei commenti dipende dall&#8217;insindacabile e inappellabile giudizio dell&#8217;admin. Se vuoi saperne di pi\u00f9 a proposito dei commenti, puoi consultare le <a href=\"http:\/\/www.leternoassente.com\/?page_id=957#nocomment\" target=\"_blank\" rel=\"noopener\">FAQ<\/a>.<br \/>\nInoltre puoi commentare gli articoli e i post nel <a href=\"https:\/\/www.facebook.com\/groups\/eternoassente\/\" target=\"_blank\" rel=\"noopener\">Gruppo Facebook de L&#8217;Eterno Assente<\/a>, se ti iscrivi al Gruppo dopo aver risposto a una semplice domanda.<\/em><\/p>\n","protected":false},"excerpt":{"rendered":"<p>La semplicit\u00e0: la qualit\u00e0 mancante al cristianesimo La Bibbia in inglese ha quasi un milione di parole. Vi siete mai chiesti perch\u00e9 Dio abbia bisogno di tanto spazio? Non solo si tratta di un numero sorprendentemente elevato, ma \u00e8 un &hellip; <a href=\"https:\/\/www.leternoassente.com\/?page_id=6584\">Continua a leggere<span class=\"meta-nav\">&rarr;<\/span><\/a><\/p>\n","protected":false},"author":1,"featured_media":5533,"parent":5508,"menu_order":0,"comment_status":"open","ping_status":"closed","template":"","meta":{"footnotes":""},"class_list":["post-6584","page","type-page","status-publish","has-post-thumbnail","hentry"],"yoast_head":"<!-- This site is optimized with the Yoast SEO plugin v25.6 - https:\/\/yoast.com\/wordpress\/plugins\/seo\/ -->\n<title>Il cristianesimo in 2 minuti \u2013 32\/50 - L&#039;Eterno Assente<\/title>\n<meta name=\"description\" content=\"La semplicit\u00e0: la qualit\u00e0 mancante al cristianesimo\" \/>\n<meta name=\"robots\" content=\"index, follow, max-snippet:-1, max-image-preview:large, max-video-preview:-1\" \/>\n<link rel=\"canonical\" href=\"https:\/\/www.leternoassente.com\/?page_id=6584\" \/>\n<meta property=\"og:locale\" content=\"it_IT\" \/>\n<meta property=\"og:type\" content=\"article\" \/>\n<meta property=\"og:title\" content=\"Il cristianesimo in 2 minuti \u2013 32\/50 - L&#039;Eterno Assente\" \/>\n<meta property=\"og:description\" content=\"La semplicit\u00e0: la qualit\u00e0 mancante al cristianesimo\" \/>\n<meta property=\"og:url\" content=\"https:\/\/www.leternoassente.com\/?page_id=6584\" \/>\n<meta property=\"og:site_name\" content=\"L&#039;Eterno Assente\" \/>\n<meta property=\"article:modified_time\" content=\"2024-07-23T15:51:09+00:00\" \/>\n<meta property=\"og:image\" content=\"https:\/\/www.leternoassente.com\/wp-content\/uploads\/2022\/12\/2minuticristianesimotagliato.jpg\" \/>\n\t<meta property=\"og:image:width\" content=\"1213\" \/>\n\t<meta property=\"og:image:height\" content=\"600\" \/>\n\t<meta property=\"og:image:type\" content=\"image\/jpeg\" \/>\n<meta name=\"twitter:card\" content=\"summary_large_image\" \/>\n<meta name=\"twitter:site\" content=\"@leternoassente\" \/>\n<meta name=\"twitter:label1\" content=\"Tempo di lettura stimato\" \/>\n\t<meta name=\"twitter:data1\" content=\"5 minuti\" \/>\n<script type=\"application\/ld+json\" class=\"yoast-schema-graph\">{\"@context\":\"https:\/\/schema.org\",\"@graph\":[{\"@type\":\"WebPage\",\"@id\":\"https:\/\/www.leternoassente.com\/?page_id=6584\",\"url\":\"https:\/\/www.leternoassente.com\/?page_id=6584\",\"name\":\"Il cristianesimo in 2 minuti \u2013 32\/50 - L&#039;Eterno Assente\",\"isPartOf\":{\"@id\":\"https:\/\/www.leternoassente.com\/#website\"},\"primaryImageOfPage\":{\"@id\":\"https:\/\/www.leternoassente.com\/?page_id=6584#primaryimage\"},\"image\":{\"@id\":\"https:\/\/www.leternoassente.com\/?page_id=6584#primaryimage\"},\"thumbnailUrl\":\"https:\/\/www.leternoassente.com\/wp-content\/uploads\/2022\/12\/2minuticristianesimo-1.jpg\",\"datePublished\":\"2024-07-08T14:32:29+00:00\",\"dateModified\":\"2024-07-23T15:51:09+00:00\",\"description\":\"La semplicit\u00e0: la qualit\u00e0 mancante al cristianesimo\",\"breadcrumb\":{\"@id\":\"https:\/\/www.leternoassente.com\/?page_id=6584#breadcrumb\"},\"inLanguage\":\"it-IT\",\"potentialAction\":[{\"@type\":\"ReadAction\",\"target\":[\"https:\/\/www.leternoassente.com\/?page_id=6584\"]}]},{\"@type\":\"ImageObject\",\"inLanguage\":\"it-IT\",\"@id\":\"https:\/\/www.leternoassente.com\/?page_id=6584#primaryimage\",\"url\":\"https:\/\/www.leternoassente.com\/wp-content\/uploads\/2022\/12\/2minuticristianesimo-1.jpg\",\"contentUrl\":\"https:\/\/www.leternoassente.com\/wp-content\/uploads\/2022\/12\/2minuticristianesimo-1.jpg\",\"width\":1500,\"height\":434},{\"@type\":\"BreadcrumbList\",\"@id\":\"https:\/\/www.leternoassente.com\/?page_id=6584#breadcrumb\",\"itemListElement\":[{\"@type\":\"ListItem\",\"position\":1,\"name\":\"Home\",\"item\":\"https:\/\/www.leternoassente.com\/\"},{\"@type\":\"ListItem\",\"position\":2,\"name\":\"Il cristianesimo in 2 minuti\",\"item\":\"https:\/\/www.leternoassente.com\/?page_id=5508\"},{\"@type\":\"ListItem\",\"position\":3,\"name\":\"Il cristianesimo in 2 minuti \u2013 32\/50\"}]},{\"@type\":\"WebSite\",\"@id\":\"https:\/\/www.leternoassente.com\/#website\",\"url\":\"https:\/\/www.leternoassente.com\/\",\"name\":\"L&#039;Eterno Assente\",\"description\":\"Dio, la vita, il senso e altre cazzate\",\"publisher\":{\"@id\":\"https:\/\/www.leternoassente.com\/#\/schema\/person\/d2069751871fcdb89a30a0775f4170f9\"},\"potentialAction\":[{\"@type\":\"SearchAction\",\"target\":{\"@type\":\"EntryPoint\",\"urlTemplate\":\"https:\/\/www.leternoassente.com\/?s={search_term_string}\"},\"query-input\":{\"@type\":\"PropertyValueSpecification\",\"valueRequired\":true,\"valueName\":\"search_term_string\"}}],\"inLanguage\":\"it-IT\"},{\"@type\":[\"Person\",\"Organization\"],\"@id\":\"https:\/\/www.leternoassente.com\/#\/schema\/person\/d2069751871fcdb89a30a0775f4170f9\",\"name\":\"Choam Goldberg\",\"image\":{\"@type\":\"ImageObject\",\"inLanguage\":\"it-IT\",\"@id\":\"https:\/\/www.leternoassente.com\/#\/schema\/person\/image\/\",\"url\":\"https:\/\/secure.gravatar.com\/avatar\/63d2c9f25f05d3da5001f2898f6fc9cd?s=96&d=wavatar&r=g\",\"contentUrl\":\"https:\/\/secure.gravatar.com\/avatar\/63d2c9f25f05d3da5001f2898f6fc9cd?s=96&d=wavatar&r=g\",\"caption\":\"Choam Goldberg\"},\"logo\":{\"@id\":\"https:\/\/www.leternoassente.com\/#\/schema\/person\/image\/\"},\"description\":\"Contemplata la vastit\u00e0 del cazzo che gliene frega e raggiunta l\u2019atarass\u00eca, Choam Goldberg pratica nondimeno l'antica, dilettevole e nobile arte di demolire le credenze dei\u00a0beoti e degli insipienti.\",\"sameAs\":[\"http:\/\/www.leternoassente.com\"]}]}<\/script>\n<!-- \/ Yoast SEO plugin. -->","yoast_head_json":{"title":"Il cristianesimo in 2 minuti \u2013 32\/50 - L&#039;Eterno Assente","description":"La semplicit\u00e0: la qualit\u00e0 mancante al cristianesimo","robots":{"index":"index","follow":"follow","max-snippet":"max-snippet:-1","max-image-preview":"max-image-preview:large","max-video-preview":"max-video-preview:-1"},"canonical":"https:\/\/www.leternoassente.com\/?page_id=6584","og_locale":"it_IT","og_type":"article","og_title":"Il cristianesimo in 2 minuti \u2013 32\/50 - L&#039;Eterno Assente","og_description":"La semplicit\u00e0: la qualit\u00e0 mancante al cristianesimo","og_url":"https:\/\/www.leternoassente.com\/?page_id=6584","og_site_name":"L&#039;Eterno Assente","article_modified_time":"2024-07-23T15:51:09+00:00","og_image":[{"width":1213,"height":600,"url":"https:\/\/www.leternoassente.com\/wp-content\/uploads\/2022\/12\/2minuticristianesimotagliato.jpg","type":"image\/jpeg"}],"twitter_card":"summary_large_image","twitter_site":"@leternoassente","twitter_misc":{"Tempo di lettura stimato":"5 minuti"},"schema":{"@context":"https:\/\/schema.org","@graph":[{"@type":"WebPage","@id":"https:\/\/www.leternoassente.com\/?page_id=6584","url":"https:\/\/www.leternoassente.com\/?page_id=6584","name":"Il cristianesimo in 2 minuti \u2013 32\/50 - L&#039;Eterno Assente","isPartOf":{"@id":"https:\/\/www.leternoassente.com\/#website"},"primaryImageOfPage":{"@id":"https:\/\/www.leternoassente.com\/?page_id=6584#primaryimage"},"image":{"@id":"https:\/\/www.leternoassente.com\/?page_id=6584#primaryimage"},"thumbnailUrl":"https:\/\/www.leternoassente.com\/wp-content\/uploads\/2022\/12\/2minuticristianesimo-1.jpg","datePublished":"2024-07-08T14:32:29+00:00","dateModified":"2024-07-23T15:51:09+00:00","description":"La semplicit\u00e0: la qualit\u00e0 mancante al cristianesimo","breadcrumb":{"@id":"https:\/\/www.leternoassente.com\/?page_id=6584#breadcrumb"},"inLanguage":"it-IT","potentialAction":[{"@type":"ReadAction","target":["https:\/\/www.leternoassente.com\/?page_id=6584"]}]},{"@type":"ImageObject","inLanguage":"it-IT","@id":"https:\/\/www.leternoassente.com\/?page_id=6584#primaryimage","url":"https:\/\/www.leternoassente.com\/wp-content\/uploads\/2022\/12\/2minuticristianesimo-1.jpg","contentUrl":"https:\/\/www.leternoassente.com\/wp-content\/uploads\/2022\/12\/2minuticristianesimo-1.jpg","width":1500,"height":434},{"@type":"BreadcrumbList","@id":"https:\/\/www.leternoassente.com\/?page_id=6584#breadcrumb","itemListElement":[{"@type":"ListItem","position":1,"name":"Home","item":"https:\/\/www.leternoassente.com\/"},{"@type":"ListItem","position":2,"name":"Il cristianesimo in 2 minuti","item":"https:\/\/www.leternoassente.com\/?page_id=5508"},{"@type":"ListItem","position":3,"name":"Il cristianesimo in 2 minuti \u2013 32\/50"}]},{"@type":"WebSite","@id":"https:\/\/www.leternoassente.com\/#website","url":"https:\/\/www.leternoassente.com\/","name":"L&#039;Eterno Assente","description":"Dio, la vita, il senso e altre cazzate","publisher":{"@id":"https:\/\/www.leternoassente.com\/#\/schema\/person\/d2069751871fcdb89a30a0775f4170f9"},"potentialAction":[{"@type":"SearchAction","target":{"@type":"EntryPoint","urlTemplate":"https:\/\/www.leternoassente.com\/?s={search_term_string}"},"query-input":{"@type":"PropertyValueSpecification","valueRequired":true,"valueName":"search_term_string"}}],"inLanguage":"it-IT"},{"@type":["Person","Organization"],"@id":"https:\/\/www.leternoassente.com\/#\/schema\/person\/d2069751871fcdb89a30a0775f4170f9","name":"Choam Goldberg","image":{"@type":"ImageObject","inLanguage":"it-IT","@id":"https:\/\/www.leternoassente.com\/#\/schema\/person\/image\/","url":"https:\/\/secure.gravatar.com\/avatar\/63d2c9f25f05d3da5001f2898f6fc9cd?s=96&d=wavatar&r=g","contentUrl":"https:\/\/secure.gravatar.com\/avatar\/63d2c9f25f05d3da5001f2898f6fc9cd?s=96&d=wavatar&r=g","caption":"Choam Goldberg"},"logo":{"@id":"https:\/\/www.leternoassente.com\/#\/schema\/person\/image\/"},"description":"Contemplata la vastit\u00e0 del cazzo che gliene frega e raggiunta l\u2019atarass\u00eca, Choam Goldberg pratica nondimeno l'antica, dilettevole e nobile arte di demolire le credenze dei\u00a0beoti e degli insipienti.","sameAs":["http:\/\/www.leternoassente.com"]}]}},"_links":{"self":[{"href":"https:\/\/www.leternoassente.com\/index.php?rest_route=\/wp\/v2\/pages\/6584"}],"collection":[{"href":"https:\/\/www.leternoassente.com\/index.php?rest_route=\/wp\/v2\/pages"}],"about":[{"href":"https:\/\/www.leternoassente.com\/index.php?rest_route=\/wp\/v2\/types\/page"}],"author":[{"embeddable":true,"href":"https:\/\/www.leternoassente.com\/index.php?rest_route=\/wp\/v2\/users\/1"}],"replies":[{"embeddable":true,"href":"https:\/\/www.leternoassente.com\/index.php?rest_route=%2Fwp%2Fv2%2Fcomments&post=6584"}],"version-history":[{"count":4,"href":"https:\/\/www.leternoassente.com\/index.php?rest_route=\/wp\/v2\/pages\/6584\/revisions"}],"predecessor-version":[{"id":6654,"href":"https:\/\/www.leternoassente.com\/index.php?rest_route=\/wp\/v2\/pages\/6584\/revisions\/6654"}],"up":[{"embeddable":true,"href":"https:\/\/www.leternoassente.com\/index.php?rest_route=\/wp\/v2\/pages\/5508"}],"wp:featuredmedia":[{"embeddable":true,"href":"https:\/\/www.leternoassente.com\/index.php?rest_route=\/wp\/v2\/media\/5533"}],"wp:attachment":[{"href":"https:\/\/www.leternoassente.com\/index.php?rest_route=%2Fwp%2Fv2%2Fmedia&parent=6584"}],"curies":[{"name":"wp","href":"https:\/\/api.w.org\/{rel}","templated":true}]}}