{"id":6665,"date":"2024-08-09T09:43:36","date_gmt":"2024-08-09T07:43:36","guid":{"rendered":"https:\/\/www.leternoassente.com\/?page_id=6665"},"modified":"2024-08-21T11:00:38","modified_gmt":"2024-08-21T09:00:38","slug":"il-cristianesimo-in-2-minuti-34-50","status":"publish","type":"page","link":"https:\/\/www.leternoassente.com\/?page_id=6665","title":{"rendered":"Il cristianesimo in 2 minuti \u2013 34\/50"},"content":{"rendered":"<p><strong>Perch\u00e9 il cristianesimo \u00e8 conservatore, cio\u00e8 preserva le pratiche politiche o sociali tradizionali?<\/strong><\/p>\n<hr \/>\n<p><a href=\"https:\/\/www.leternoassente.com\/wp-content\/uploads\/2024\/08\/cattedrale.jpg\"><img loading=\"lazy\" decoding=\"async\" class=\"alignleft size-full wp-image-6667\" src=\"https:\/\/www.leternoassente.com\/wp-content\/uploads\/2024\/08\/cattedrale.jpg\" alt=\"\" width=\"1440\" height=\"808\" srcset=\"https:\/\/www.leternoassente.com\/wp-content\/uploads\/2024\/08\/cattedrale.jpg 1440w, https:\/\/www.leternoassente.com\/wp-content\/uploads\/2024\/08\/cattedrale-300x168.jpg 300w, https:\/\/www.leternoassente.com\/wp-content\/uploads\/2024\/08\/cattedrale-1024x575.jpg 1024w, https:\/\/www.leternoassente.com\/wp-content\/uploads\/2024\/08\/cattedrale-768x431.jpg 768w, https:\/\/www.leternoassente.com\/wp-content\/uploads\/2024\/08\/cattedrale-500x281.jpg 500w\" sizes=\"(max-width: 1440px) 100vw, 1440px\" \/><\/a><\/p>\n<p>Da un lato \u00e8 ovvio che una religione \u00e8 conservatrice. Le religioni aiutano a preservare l&#8217;ordine sociale. Sono come molte altre istituzioni o movimenti che vogliono la continuit\u00e0 in una parte della societ\u00e0. Una religione come il cristianesimo deve essere conservatrice e rifiutare le nuove idee, poich\u00e9 sostiene di avere gi\u00e0 un piano perfetto rivelato da una fonte perfetta.<\/p>\n<p>Dall&#8217;altro lato il cristianesimo accetta il cambiamento in modi significativi. Molti cristiani si sentono liberi di definire eretici i leader ecclesiastici o le confessioni concorrenti. Il cristianesimo non \u00e8 affatto conservatore se si considerano le sue 45 mila denominazioni, che si prevede cresceranno a 70 mila entro il 2050. Ironia della sorte, ogni nuova denominazione diventa un paletto nel terreno, una posizione conservatrice che deve essere difesa.<\/p>\n<p>Il miglioramento sociale deriva dal cambiamento. La schiavit\u00f9 in Occidente era permessa e ora non lo \u00e8 pi\u00f9. La poligamia era permessa e ora non lo \u00e8 pi\u00f9. Il voto e gli altri diritti civili non erano concessi alle donne e ad alcune categorie di persone e ora lo sono.<\/p>\n<p>Naturalmente il cristianesimo non pu\u00f2 abbracciare ogni nuova e folle moda sociale, ma il cristianesimo non \u00e8 un&#8217;istituzione ordinaria. Si suppone che sia l&#8217;unica proveniente da Dio. La sua fonte \u00e8 perfetta, perci\u00f2 dovrebbe sapere qual \u00e8 la risposta morale corretta. Dovrebbe guidare il cambiamento dandoci la medicina amara ma necessaria per rendere la societ\u00e0 un posto migliore su una dozzina di questioni importanti.<\/p>\n<p>Eppure non funziona mai cos\u00ec. Perch\u00e9 la Chiesa non parla mai con una sola voce e non d\u00e0 ordini morali che noi moderni troveremmo sorprendentemente avanzati? Invece \u00e8 sconvolgente la sua posizione troppo arretrata, imposta da un libro antico di un&#8217;epoca antica con una morale antica.<\/p>\n<p>Nessun miglioramento sociale moderno \u00e8 stato sostenuto in modo inequivocabile da Ges\u00f9 e dalla Chiesa primitiva. Rifiuto del genocidio, della schiavit\u00f9 e della poligamia? Diritti civili per le minoranze, gli immigrati e le donne? Istruzione piuttosto che lavoro per i bambini? Leggi che sostengono i matrimoni misti? Perch\u00e9 la societ\u00e0 ha dovuto informare la Chiesa sul percorso corretto da seguire su questi temi? Non avremmo dovuto impararlo dalla Bibbia?<\/p>\n<p>I cristiani hanno insistito su tutti questi temi, citando le Scritture per giustificare le proprie posizioni, ma si sono trovati da entrambe le parti, senza presentare una posizione cristiana unitaria. Non vediamo una guida chiara da parte di Ges\u00f9, e queste sono preoccupazioni moderne, non quelle che la Chiesa cristiana vedeva come problemi ai suoi albori.<\/p>\n<p>Immaginate i nostri discendenti in una societ\u00e0 futura. Avranno adottato nuovi cambiamenti sociali. Quali che siano questi cambiamenti, riuscite a immaginare che il cristianesimo abbia guidato il cambiamento? Non lo ha mai fatto in passato. Il cristianesimo non ha mai guidato una societ\u00e0 riluttante attraverso un cambiamento sociale che ora \u00e8 quasi universalmente accettato.<\/p>\n<p>I cristiani progressisti che spingono per il miglioramento sociale non sottolineano verit\u00e0 che sono sempre state chiaramente contenute nella Bibbia. Questi cristiani sono prodotti dell&#8217;illuminismo e della modernit\u00e0, non della Bibbia.<\/p>\n<p>La Chiesa pu\u00f2 essere una fortezza immutabile della tradizione oppure pu\u00f2 guidarci in una societ\u00e0 in continuo miglioramento. Non pu\u00f2 essere entrambe le cose.<\/p>\n<p><a href=\"https:\/\/2minutechristianity.com\/blog\/\"><strong>Bob Seidensticker<\/strong><\/a><\/p>\n<hr \/>\n<p><strong>Note<\/strong><\/p>\n<p><a href=\"https:\/\/www.gordonconwell.edu\/wp-content\/uploads\/sites\/13\/2019\/04\/2IBMR2015.pdf\">45 mila denominazioni: Bollettino Internazionale di Ricerca Missionaria<\/a>, vol. 39, n. 1 (voce 45).<\/p>\n<hr \/>\n<p>(34\/50 \u2013 <a href=\"https:\/\/www.leternoassente.com\/?page_id=6704\">continua<\/a>)<\/p>\n<p>Immagine: <a href=\"https:\/\/unsplash.com\/it\/foto\/persone-nella-cattedrale-IsVKA1BOaro\">Clay Banks<\/a> via Unsplash<\/p>\n<p><a href=\"https:\/\/www.leternoassente.com\/?page_id=5508\">Tutte le puntate.<\/a><\/p>\n<p>Leggi la <a href=\"https:\/\/2minutechristianity.com\/2023\/04\/17\/34-why-is-christianity-conservative-it-should-be-the-change-leader\/\">versione originale dell&#8217;articolo<\/a>.<\/p>\n<p>Ascolta l&#8217;articolo nel <a href=\"https:\/\/twominutechristianity.podbean.com\/e\/34-why-is-christianity-conservative-it-should-be-the-change-leader\/\">podcast<\/a> o nel <a href=\"https:\/\/www.youtube.com\/watch?v=iDo5X2CaDy8\">canale YouTube<\/a>.<\/p>\n<p>All material on this article is copyright 2023 by Bob Seidensticker. Translation By Choam Goldberg.<\/p>\n<hr \/>\n<p><em>Avvertenza:<\/em><br \/>\n<em>La lingua di questo articolo cerca di conciliare l&#8217;inclusivit\u00e0 con la leggibilit\u00e0 e la scorrevolezza. Nessuno si offenda quindi se evita le ripetizioni e usa il plurale sovraesteso. <a href=\"https:\/\/www.leternoassente.com\/?p=5651\">Ch\u00e9 mi spiace, ma la schwa anche no.<\/a><\/em><\/p>\n<hr \/>\n<p><em>Qui sotto trovi la possibilit\u00e0 di commentare quest&#8217;articolo. Per farlo, devi<br \/>\n1. confermare che sei ateo\/a,<br \/>\n2. essere consapevole che, se menti, stai commettendo il gravissimo peccato di apostasia,<br \/>\n3. aspettare che il commento sia approvato dall&#8217;admin.<br \/>\nL&#8217;approvazione dei commenti dipende dall&#8217;insindacabile e inappellabile giudizio dell&#8217;admin. Se vuoi saperne di pi\u00f9 a proposito dei commenti, puoi consultare le <a href=\"http:\/\/www.leternoassente.com\/?page_id=957#nocomment\" target=\"_blank\" rel=\"noopener\">FAQ<\/a>.<br \/>\nInoltre puoi commentare gli articoli e i post nel <a href=\"https:\/\/www.facebook.com\/groups\/eternoassente\/\" target=\"_blank\" rel=\"noopener\">Gruppo Facebook de L&#8217;Eterno Assente<\/a>, se ti iscrivi al Gruppo dopo aver risposto a una semplice domanda.<\/em><\/p>\n","protected":false},"excerpt":{"rendered":"<p>Perch\u00e9 il cristianesimo \u00e8 conservatore, cio\u00e8 preserva le pratiche politiche o sociali tradizionali? Da un lato \u00e8 ovvio che una religione \u00e8 conservatrice. Le religioni aiutano a preservare l&#8217;ordine sociale. Sono come molte altre istituzioni o movimenti che vogliono la &hellip; <a href=\"https:\/\/www.leternoassente.com\/?page_id=6665\">Continua a leggere<span class=\"meta-nav\">&rarr;<\/span><\/a><\/p>\n","protected":false},"author":1,"featured_media":5533,"parent":5508,"menu_order":0,"comment_status":"open","ping_status":"closed","template":"","meta":{"footnotes":""},"class_list":["post-6665","page","type-page","status-publish","has-post-thumbnail","hentry"],"yoast_head":"<!-- This site is optimized with the Yoast SEO plugin v25.6 - https:\/\/yoast.com\/wordpress\/plugins\/seo\/ -->\n<title>Il cristianesimo in 2 minuti \u2013 34\/50 - L&#039;Eterno Assente<\/title>\n<meta name=\"description\" content=\"Perch\u00e9 il cristianesimo \u00e8 conservatore, cio\u00e8 preserva le pratiche politiche o sociali tradizionali?\" \/>\n<meta name=\"robots\" content=\"index, follow, max-snippet:-1, max-image-preview:large, max-video-preview:-1\" \/>\n<link rel=\"canonical\" href=\"https:\/\/www.leternoassente.com\/?page_id=6665\" \/>\n<meta property=\"og:locale\" content=\"it_IT\" \/>\n<meta property=\"og:type\" content=\"article\" \/>\n<meta property=\"og:title\" content=\"Il cristianesimo in 2 minuti \u2013 34\/50 - L&#039;Eterno Assente\" \/>\n<meta property=\"og:description\" content=\"Perch\u00e9 il cristianesimo \u00e8 conservatore, cio\u00e8 preserva le pratiche politiche o sociali tradizionali?\" \/>\n<meta property=\"og:url\" content=\"https:\/\/www.leternoassente.com\/?page_id=6665\" \/>\n<meta property=\"og:site_name\" content=\"L&#039;Eterno Assente\" \/>\n<meta property=\"article:modified_time\" content=\"2024-08-21T09:00:38+00:00\" \/>\n<meta property=\"og:image\" content=\"https:\/\/www.leternoassente.com\/wp-content\/uploads\/2022\/12\/2minuticristianesimotagliato.jpg\" \/>\n\t<meta property=\"og:image:width\" content=\"1213\" \/>\n\t<meta property=\"og:image:height\" content=\"600\" \/>\n\t<meta property=\"og:image:type\" content=\"image\/jpeg\" \/>\n<meta name=\"twitter:card\" content=\"summary_large_image\" \/>\n<meta name=\"twitter:site\" content=\"@leternoassente\" \/>\n<meta name=\"twitter:label1\" content=\"Tempo di lettura stimato\" \/>\n\t<meta name=\"twitter:data1\" content=\"4 minuti\" \/>\n<script type=\"application\/ld+json\" class=\"yoast-schema-graph\">{\"@context\":\"https:\/\/schema.org\",\"@graph\":[{\"@type\":\"WebPage\",\"@id\":\"https:\/\/www.leternoassente.com\/?page_id=6665\",\"url\":\"https:\/\/www.leternoassente.com\/?page_id=6665\",\"name\":\"Il cristianesimo in 2 minuti \u2013 34\/50 - L&#039;Eterno Assente\",\"isPartOf\":{\"@id\":\"https:\/\/www.leternoassente.com\/#website\"},\"primaryImageOfPage\":{\"@id\":\"https:\/\/www.leternoassente.com\/?page_id=6665#primaryimage\"},\"image\":{\"@id\":\"https:\/\/www.leternoassente.com\/?page_id=6665#primaryimage\"},\"thumbnailUrl\":\"https:\/\/www.leternoassente.com\/wp-content\/uploads\/2022\/12\/2minuticristianesimo-1.jpg\",\"datePublished\":\"2024-08-09T07:43:36+00:00\",\"dateModified\":\"2024-08-21T09:00:38+00:00\",\"description\":\"Perch\u00e9 il cristianesimo \u00e8 conservatore, cio\u00e8 preserva le pratiche politiche o sociali tradizionali?\",\"breadcrumb\":{\"@id\":\"https:\/\/www.leternoassente.com\/?page_id=6665#breadcrumb\"},\"inLanguage\":\"it-IT\",\"potentialAction\":[{\"@type\":\"ReadAction\",\"target\":[\"https:\/\/www.leternoassente.com\/?page_id=6665\"]}]},{\"@type\":\"ImageObject\",\"inLanguage\":\"it-IT\",\"@id\":\"https:\/\/www.leternoassente.com\/?page_id=6665#primaryimage\",\"url\":\"https:\/\/www.leternoassente.com\/wp-content\/uploads\/2022\/12\/2minuticristianesimo-1.jpg\",\"contentUrl\":\"https:\/\/www.leternoassente.com\/wp-content\/uploads\/2022\/12\/2minuticristianesimo-1.jpg\",\"width\":1500,\"height\":434},{\"@type\":\"BreadcrumbList\",\"@id\":\"https:\/\/www.leternoassente.com\/?page_id=6665#breadcrumb\",\"itemListElement\":[{\"@type\":\"ListItem\",\"position\":1,\"name\":\"Home\",\"item\":\"https:\/\/www.leternoassente.com\/\"},{\"@type\":\"ListItem\",\"position\":2,\"name\":\"Il cristianesimo in 2 minuti\",\"item\":\"https:\/\/www.leternoassente.com\/?page_id=5508\"},{\"@type\":\"ListItem\",\"position\":3,\"name\":\"Il cristianesimo in 2 minuti \u2013 34\/50\"}]},{\"@type\":\"WebSite\",\"@id\":\"https:\/\/www.leternoassente.com\/#website\",\"url\":\"https:\/\/www.leternoassente.com\/\",\"name\":\"L&#039;Eterno Assente\",\"description\":\"Dio, la vita, il senso e altre cazzate\",\"publisher\":{\"@id\":\"https:\/\/www.leternoassente.com\/#\/schema\/person\/d2069751871fcdb89a30a0775f4170f9\"},\"potentialAction\":[{\"@type\":\"SearchAction\",\"target\":{\"@type\":\"EntryPoint\",\"urlTemplate\":\"https:\/\/www.leternoassente.com\/?s={search_term_string}\"},\"query-input\":{\"@type\":\"PropertyValueSpecification\",\"valueRequired\":true,\"valueName\":\"search_term_string\"}}],\"inLanguage\":\"it-IT\"},{\"@type\":[\"Person\",\"Organization\"],\"@id\":\"https:\/\/www.leternoassente.com\/#\/schema\/person\/d2069751871fcdb89a30a0775f4170f9\",\"name\":\"Choam Goldberg\",\"image\":{\"@type\":\"ImageObject\",\"inLanguage\":\"it-IT\",\"@id\":\"https:\/\/www.leternoassente.com\/#\/schema\/person\/image\/\",\"url\":\"https:\/\/secure.gravatar.com\/avatar\/63d2c9f25f05d3da5001f2898f6fc9cd?s=96&d=wavatar&r=g\",\"contentUrl\":\"https:\/\/secure.gravatar.com\/avatar\/63d2c9f25f05d3da5001f2898f6fc9cd?s=96&d=wavatar&r=g\",\"caption\":\"Choam Goldberg\"},\"logo\":{\"@id\":\"https:\/\/www.leternoassente.com\/#\/schema\/person\/image\/\"},\"description\":\"Contemplata la vastit\u00e0 del cazzo che gliene frega e raggiunta l\u2019atarass\u00eca, Choam Goldberg pratica nondimeno l'antica, dilettevole e nobile arte di demolire le credenze dei\u00a0beoti e degli insipienti.\",\"sameAs\":[\"http:\/\/www.leternoassente.com\"]}]}<\/script>\n<!-- \/ Yoast SEO plugin. -->","yoast_head_json":{"title":"Il cristianesimo in 2 minuti \u2013 34\/50 - L&#039;Eterno Assente","description":"Perch\u00e9 il cristianesimo \u00e8 conservatore, cio\u00e8 preserva le pratiche politiche o sociali tradizionali?","robots":{"index":"index","follow":"follow","max-snippet":"max-snippet:-1","max-image-preview":"max-image-preview:large","max-video-preview":"max-video-preview:-1"},"canonical":"https:\/\/www.leternoassente.com\/?page_id=6665","og_locale":"it_IT","og_type":"article","og_title":"Il cristianesimo in 2 minuti \u2013 34\/50 - L&#039;Eterno Assente","og_description":"Perch\u00e9 il cristianesimo \u00e8 conservatore, cio\u00e8 preserva le pratiche politiche o sociali tradizionali?","og_url":"https:\/\/www.leternoassente.com\/?page_id=6665","og_site_name":"L&#039;Eterno Assente","article_modified_time":"2024-08-21T09:00:38+00:00","og_image":[{"width":1213,"height":600,"url":"https:\/\/www.leternoassente.com\/wp-content\/uploads\/2022\/12\/2minuticristianesimotagliato.jpg","type":"image\/jpeg"}],"twitter_card":"summary_large_image","twitter_site":"@leternoassente","twitter_misc":{"Tempo di lettura stimato":"4 minuti"},"schema":{"@context":"https:\/\/schema.org","@graph":[{"@type":"WebPage","@id":"https:\/\/www.leternoassente.com\/?page_id=6665","url":"https:\/\/www.leternoassente.com\/?page_id=6665","name":"Il cristianesimo in 2 minuti \u2013 34\/50 - L&#039;Eterno Assente","isPartOf":{"@id":"https:\/\/www.leternoassente.com\/#website"},"primaryImageOfPage":{"@id":"https:\/\/www.leternoassente.com\/?page_id=6665#primaryimage"},"image":{"@id":"https:\/\/www.leternoassente.com\/?page_id=6665#primaryimage"},"thumbnailUrl":"https:\/\/www.leternoassente.com\/wp-content\/uploads\/2022\/12\/2minuticristianesimo-1.jpg","datePublished":"2024-08-09T07:43:36+00:00","dateModified":"2024-08-21T09:00:38+00:00","description":"Perch\u00e9 il cristianesimo \u00e8 conservatore, cio\u00e8 preserva le pratiche politiche o sociali tradizionali?","breadcrumb":{"@id":"https:\/\/www.leternoassente.com\/?page_id=6665#breadcrumb"},"inLanguage":"it-IT","potentialAction":[{"@type":"ReadAction","target":["https:\/\/www.leternoassente.com\/?page_id=6665"]}]},{"@type":"ImageObject","inLanguage":"it-IT","@id":"https:\/\/www.leternoassente.com\/?page_id=6665#primaryimage","url":"https:\/\/www.leternoassente.com\/wp-content\/uploads\/2022\/12\/2minuticristianesimo-1.jpg","contentUrl":"https:\/\/www.leternoassente.com\/wp-content\/uploads\/2022\/12\/2minuticristianesimo-1.jpg","width":1500,"height":434},{"@type":"BreadcrumbList","@id":"https:\/\/www.leternoassente.com\/?page_id=6665#breadcrumb","itemListElement":[{"@type":"ListItem","position":1,"name":"Home","item":"https:\/\/www.leternoassente.com\/"},{"@type":"ListItem","position":2,"name":"Il cristianesimo in 2 minuti","item":"https:\/\/www.leternoassente.com\/?page_id=5508"},{"@type":"ListItem","position":3,"name":"Il cristianesimo in 2 minuti \u2013 34\/50"}]},{"@type":"WebSite","@id":"https:\/\/www.leternoassente.com\/#website","url":"https:\/\/www.leternoassente.com\/","name":"L&#039;Eterno Assente","description":"Dio, la vita, il senso e altre cazzate","publisher":{"@id":"https:\/\/www.leternoassente.com\/#\/schema\/person\/d2069751871fcdb89a30a0775f4170f9"},"potentialAction":[{"@type":"SearchAction","target":{"@type":"EntryPoint","urlTemplate":"https:\/\/www.leternoassente.com\/?s={search_term_string}"},"query-input":{"@type":"PropertyValueSpecification","valueRequired":true,"valueName":"search_term_string"}}],"inLanguage":"it-IT"},{"@type":["Person","Organization"],"@id":"https:\/\/www.leternoassente.com\/#\/schema\/person\/d2069751871fcdb89a30a0775f4170f9","name":"Choam Goldberg","image":{"@type":"ImageObject","inLanguage":"it-IT","@id":"https:\/\/www.leternoassente.com\/#\/schema\/person\/image\/","url":"https:\/\/secure.gravatar.com\/avatar\/63d2c9f25f05d3da5001f2898f6fc9cd?s=96&d=wavatar&r=g","contentUrl":"https:\/\/secure.gravatar.com\/avatar\/63d2c9f25f05d3da5001f2898f6fc9cd?s=96&d=wavatar&r=g","caption":"Choam Goldberg"},"logo":{"@id":"https:\/\/www.leternoassente.com\/#\/schema\/person\/image\/"},"description":"Contemplata la vastit\u00e0 del cazzo che gliene frega e raggiunta l\u2019atarass\u00eca, Choam Goldberg pratica nondimeno l'antica, dilettevole e nobile arte di demolire le credenze dei\u00a0beoti e degli insipienti.","sameAs":["http:\/\/www.leternoassente.com"]}]}},"_links":{"self":[{"href":"https:\/\/www.leternoassente.com\/index.php?rest_route=\/wp\/v2\/pages\/6665"}],"collection":[{"href":"https:\/\/www.leternoassente.com\/index.php?rest_route=\/wp\/v2\/pages"}],"about":[{"href":"https:\/\/www.leternoassente.com\/index.php?rest_route=\/wp\/v2\/types\/page"}],"author":[{"embeddable":true,"href":"https:\/\/www.leternoassente.com\/index.php?rest_route=\/wp\/v2\/users\/1"}],"replies":[{"embeddable":true,"href":"https:\/\/www.leternoassente.com\/index.php?rest_route=%2Fwp%2Fv2%2Fcomments&post=6665"}],"version-history":[{"count":8,"href":"https:\/\/www.leternoassente.com\/index.php?rest_route=\/wp\/v2\/pages\/6665\/revisions"}],"predecessor-version":[{"id":6710,"href":"https:\/\/www.leternoassente.com\/index.php?rest_route=\/wp\/v2\/pages\/6665\/revisions\/6710"}],"up":[{"embeddable":true,"href":"https:\/\/www.leternoassente.com\/index.php?rest_route=\/wp\/v2\/pages\/5508"}],"wp:featuredmedia":[{"embeddable":true,"href":"https:\/\/www.leternoassente.com\/index.php?rest_route=\/wp\/v2\/media\/5533"}],"wp:attachment":[{"href":"https:\/\/www.leternoassente.com\/index.php?rest_route=%2Fwp%2Fv2%2Fmedia&parent=6665"}],"curies":[{"name":"wp","href":"https:\/\/api.w.org\/{rel}","templated":true}]}}