{"id":6704,"date":"2024-08-21T10:50:27","date_gmt":"2024-08-21T08:50:27","guid":{"rendered":"https:\/\/www.leternoassente.com\/?page_id=6704"},"modified":"2024-09-10T16:31:57","modified_gmt":"2024-09-10T14:31:57","slug":"il-cristianesimo-in-2-minuti-35-50","status":"publish","type":"page","link":"https:\/\/www.leternoassente.com\/?page_id=6704","title":{"rendered":"Il cristianesimo in 2 minuti \u2013 35\/50"},"content":{"rendered":"<p><strong>Il politeismo biblico: la Bibbia riconosce pi\u00f9 di un Dio<\/strong><\/p>\n<hr \/>\n<p><a href=\"https:\/\/www.leternoassente.com\/wp-content\/uploads\/2024\/08\/politeismobiblico.jpg\"><img loading=\"lazy\" decoding=\"async\" class=\"alignleft size-full wp-image-6705\" src=\"https:\/\/www.leternoassente.com\/wp-content\/uploads\/2024\/08\/politeismobiblico.jpg\" alt=\"\" width=\"1440\" height=\"810\" srcset=\"https:\/\/www.leternoassente.com\/wp-content\/uploads\/2024\/08\/politeismobiblico.jpg 1440w, https:\/\/www.leternoassente.com\/wp-content\/uploads\/2024\/08\/politeismobiblico-300x169.jpg 300w, https:\/\/www.leternoassente.com\/wp-content\/uploads\/2024\/08\/politeismobiblico-1024x576.jpg 1024w, https:\/\/www.leternoassente.com\/wp-content\/uploads\/2024\/08\/politeismobiblico-768x432.jpg 768w, https:\/\/www.leternoassente.com\/wp-content\/uploads\/2024\/08\/politeismobiblico-500x281.jpg 500w\" sizes=\"(max-width: 1440px) 100vw, 1440px\" \/><\/a><\/p>\n<p>Il primo dei Dieci comandamenti dice: \u00abNon avere altro Dio oltre a me\u00bb. Non dice che Yahweh era l&#8217;unico dio, ma solo che pretendeva di essere il dio principale. La Bibbia stessa documenta il passaggio da molti d\u00e8i a un solo dio.<\/p>\n<p>Questa strana formulazione del primo comandamento \u00e8 dovuta al fatto che questa sezione della Bibbia \u00e8 stata scritta all&#8217;incirca nel X secolo a.C., agli inizi della religione israelita, quando si credeva in molti d\u00e8i. Il comandamento successivo dichiara: \u00abPerch\u00e9 io, il Signore, sono il tuo Dio e non sopporto di avere rivali, (&#8230;)\u00bb. Non lo sopporta perch\u00e9 c&#8217;erano altri d\u00e8i disponibili e Yahweh insisteva su un impegno esclusivo.<\/p>\n<p>Riconoscere molti d\u00e8i e adorare molti d\u00e8i \u00e8 politeismo. Riconoscere molti d\u00e8i ma adorarne uno solo \u00e8 enoteismo, e gli israeliti di questo tempo sono pi\u00f9 propriamente etichettati come enoteisti. In questa visione, d\u00e8i diversi governavano territori diversi proprio come i re, e le trib\u00f9 dovevano fedelt\u00e0 al dio che le proteggeva. Il Deuteronomio lo rende esplicito: \u00abQuando Elyon divise le nazioni, (&#8230;) stabil\u00ec i confini delle nazioni secondo il numero dei figli degli d\u00e8i. La porzione di Yahweh era il suo popolo, [Israele] la sua eredit\u00e0 assegnata\u00bb.<\/p>\n<p>Qui vediamo Elyon, il capo del pantheon divino, che divide l&#8217;umanit\u00e0 tra i suoi figli. Ognuno riceve la sua eredit\u00e0, e per Yahweh si tratta di Israele. L&#8217;idea di un pantheon divino con una divinit\u00e0 principale, la sua consorte e i loro figli (il consiglio degli d\u00e8i) era diffusa nel Vicino Oriente antico. Elyon (abbreviazione di El Elyon) \u00e8 il dio principale, non solo nei primi scritti israeliti ma anche nella letteratura di altre trib\u00f9 cananee.<\/p>\n<p>Troviamo indizi di politeismo in altre parti dell&#8217;Antico Testamento. Per esempio nella storia della creazione in sei giorni Dio disse: \u00abFacciamo l&#8217;uomo: sia simile a noi, sia la nostra immagine. (&#8230;)\u00bb. In seguito avverte gli altri della nuova conoscenza dell&#8217;uomo (\u00ab(&#8230;) l&#8217;uomo \u00e8 diventato come un dio che ha la conoscenza di tutto\u00bb) e che devono sconvolgere la societ\u00e0 per evitare che progetti come la Torre di Babele abbiano successo (\u00abAndiamo a confondere la loro lingua (&#8230;)\u00bb).<\/p>\n<p>Una risposta cristiana comune \u00e8 quella di dire che il \u00abnoi\u00bb \u00e8 la Trinit\u00e0 o un&#8217;assemblea celeste di angeli. Ma il pubblico originale della Genesi non avrebbe mai compreso la Trinit\u00e0. E non c&#8217;\u00e8 bisogno di immaginare un&#8217;assemblea angelica quando l&#8217;interpretazione enoteistica della Genesi, nata dalla precedente cultura politeista cananea, \u00e8 la spiegazione pi\u00f9 naturale.<\/p>\n<p>I Salmi sono un altro libro antico che contiene rappresentazioni dei molti d\u00e8i della prima religione israelita. Vediamo l&#8217;assemblea degli d\u00e8i: \u00abLass\u00f9, chi \u00e8 come te, Signore? quale dio \u00e8 simile a te? Sei un Dio terribile nel consiglio\u00a0degli angeli, metti spavento in quanti ti circondano. Signore, Dio dell&#8217;universo, chi \u00e8 forte come te?\u00bb. Altri versetti celebrano Yahweh pur riconoscendo l&#8217;esistenza di altri d\u00e8i: \u00ab(&#8230;) Tutti gli d\u00e8i si pieghino davanti al Signore\u00bb.<\/p>\n<p>Verso la fine dell&#8217;esilio babilonese, nel VI secolo a.C., l&#8217;evoluzione dal politeismo al monoteismo era completa. Yahweh disse: \u00ab(&#8230;) e sappiate che io sono il solo Dio. Prima di me non ce n&#8217;\u00e8 stato un altro, dopo di me non ce ne sar\u00e0.\u00bb. Sebbene questa sia un&#8217;affermazione sicura, la Bibbia nel suo complesso racconta una storia diversa.<\/p>\n<p><a href=\"https:\/\/2minutechristianity.com\/blog\/\"><strong>Bob Seidensticker<\/strong><\/a><\/p>\n<hr \/>\n<p><strong>Note<\/strong><\/p>\n<blockquote><p>\u00abNon avere altro Dio oltre a me.<br \/>\n\u2013 Esodo 20,3<\/p>\n<p>Non devi adorare n\u00e9 rendere culto a cose di questo genere. (&#8230;)<br \/>\n\u2013 Esodo 20,5<\/p>\n<p>Perch\u00e9 io, il Signore, sono il tuo Dio e non sopporto di avere rivali, (&#8230;)<br \/>\n\u2013 Esodo 20,5<\/p>\n<p>Quando il Dio Altissimo assegn\u00f2 ai popoli la terra,<br \/>\nquando distribu\u00ec gli uomini nel mondo,<br \/>\nsegn\u00f2 i confini delle nazioni<br \/>\ne diede a ognuna un dio protettore.<br \/>\nMa lui, il Signore, ha riservato per s\u00e9 il popolo d\u2019Israele,<br \/>\ni discendenti di Giacobbe li ha fatti sua propriet\u00e0.<br \/>\n\u2013 Deuteronomio 32,8-9<\/p>\n<p>\u00abQuando Elyon divise le nazioni\u00bb<br \/>\n\u2013 Deuteronomio 32,8-9<br \/>\nQuesta \u00e8 la versione dei Rotoli del Mar Morto, nella traduzione di Thom Stark, The Human Faces of God (Wipf &amp; Stock, 2011), pp. 71\u20132.<\/p>\n<p>Dio disse:<br \/>\n\u00abFacciamo l\u2019uomo:<br \/>\nsia simile a noi, sia la nostra immagine. (&#8230;)<br \/>\n\u2013 Genesi 1,26<\/p>\n<p>Poi Dio, il Signore, disse: \u00abEcco, l\u2019uomo \u00e8 diventato come un dio che ha la conoscenza di tutto. (&#8230;)<br \/>\n\u2013 Genesi 3,22<\/p>\n<p>Andiamo a confondere la loro lingua: cos\u00ec non potranno pi\u00f9 capirsi tra loro\u00bb.<br \/>\n\u2013 Genesi 11,7<\/p>\n<p>Lass\u00f9, chi \u00e8 come te, Signore?<br \/>\nquale dio \u00e8 simile a te?<br \/>\n\u2013 Salmi 89,7<\/p>\n<p>(&#8230;) Tutti gli d\u00e8i si pieghino davanti al Signore.<br \/>\n\u2013 Salmi 97,7<\/p>\n<p>(&#8230;) e sappiate che io sono il solo Dio.<br \/>\nPrima di me non ce n\u2019\u00e8 stato un altro,<br \/>\ndopo di me non ce ne sar\u00e0.<br \/>\n\u2013 Isaia 43,10<\/p><\/blockquote>\n<hr \/>\n<p>(35\/50 \u2013 <a href=\"https:\/\/www.leternoassente.com\/?page_id=6725\">continua<\/a>)<\/p>\n<p>Immagine: <a href=\"https:\/\/upload.wikimedia.org\/wikipedia\/commons\/5\/5d\/Ceiling_%22Council_of_the_Gods%22_in_Galleria_Borghese_%28Rome%29.jpg\">Giovanni Lanfranco<\/a> c. 1625 (public domain) via Wikimedia<\/p>\n<p><a href=\"https:\/\/www.leternoassente.com\/?page_id=5508\">Tutte le puntate.<\/a><\/p>\n<p>Leggi la <a href=\"https:\/\/2minutechristianity.com\/2023\/04\/24\/35-biblical-polytheism-the-bible-admits-to-more-than-one-god\/\">versione originale dell&#8217;articolo<\/a>.<\/p>\n<p>Ascolta l&#8217;articolo nel <a href=\"https:\/\/twominutechristianity.podbean.com\/e\/35-biblical-polytheism-the-bible-admits-to-more-than-one-god\/\">podcast<\/a> o nel <a href=\"https:\/\/www.youtube.com\/watch?v=UpTzYXZZ4rM\">canale YouTube<\/a>.<\/p>\n<p>All material on this article is copyright 2023 by Bob Seidensticker. Translation By Choam Goldberg.<\/p>\n<hr \/>\n<p><em>Avvertenza:<\/em><br \/>\n<em>La lingua di questo articolo cerca di conciliare l&#8217;inclusivit\u00e0 con la leggibilit\u00e0 e la scorrevolezza. Nessuno si offenda quindi se evita le ripetizioni e usa il plurale sovraesteso. <a href=\"https:\/\/www.leternoassente.com\/?p=5651\">Ch\u00e9 mi spiace, ma la schwa anche no.<\/a><\/em><\/p>\n<hr \/>\n<p><em>Qui sotto trovi la possibilit\u00e0 di commentare quest&#8217;articolo. Per farlo, devi<br \/>\n1. confermare che sei ateo\/a,<br \/>\n2. essere consapevole che, se menti, stai commettendo il gravissimo peccato di apostasia,<br \/>\n3. aspettare che il commento sia approvato dall&#8217;admin.<br \/>\nL&#8217;approvazione dei commenti dipende dall&#8217;insindacabile e inappellabile giudizio dell&#8217;admin. Se vuoi saperne di pi\u00f9 a proposito dei commenti, puoi consultare le <a href=\"http:\/\/www.leternoassente.com\/?page_id=957#nocomment\" target=\"_blank\" rel=\"noopener\">FAQ<\/a>.<br \/>\nInoltre puoi commentare gli articoli e i post nel <a href=\"https:\/\/www.facebook.com\/groups\/eternoassente\/\" target=\"_blank\" rel=\"noopener\">Gruppo Facebook de L&#8217;Eterno Assente<\/a>, se ti iscrivi al Gruppo dopo aver risposto a una semplice domanda.<\/em><\/p>\n","protected":false},"excerpt":{"rendered":"<p>Il politeismo biblico: la Bibbia riconosce pi\u00f9 di un Dio Il primo dei Dieci comandamenti dice: \u00abNon avere altro Dio oltre a me\u00bb. Non dice che Yahweh era l&#8217;unico dio, ma solo che pretendeva di essere il dio principale. La &hellip; <a href=\"https:\/\/www.leternoassente.com\/?page_id=6704\">Continua a leggere<span class=\"meta-nav\">&rarr;<\/span><\/a><\/p>\n","protected":false},"author":1,"featured_media":5533,"parent":5508,"menu_order":0,"comment_status":"open","ping_status":"closed","template":"","meta":{"footnotes":""},"class_list":["post-6704","page","type-page","status-publish","has-post-thumbnail","hentry"],"yoast_head":"<!-- This site is optimized with the Yoast SEO plugin v25.6 - https:\/\/yoast.com\/wordpress\/plugins\/seo\/ -->\n<title>Il cristianesimo in 2 minuti \u2013 35\/50 - L&#039;Eterno Assente<\/title>\n<meta name=\"description\" content=\"Il politeismo biblico: la Bibbia riconosce pi\u00f9 di un Dio\" \/>\n<meta name=\"robots\" content=\"index, follow, max-snippet:-1, max-image-preview:large, max-video-preview:-1\" \/>\n<link rel=\"canonical\" href=\"https:\/\/www.leternoassente.com\/?page_id=6704\" \/>\n<meta property=\"og:locale\" content=\"it_IT\" \/>\n<meta property=\"og:type\" content=\"article\" \/>\n<meta property=\"og:title\" content=\"Il cristianesimo in 2 minuti \u2013 35\/50 - L&#039;Eterno Assente\" \/>\n<meta property=\"og:description\" content=\"Il politeismo biblico: la Bibbia riconosce pi\u00f9 di un Dio\" \/>\n<meta property=\"og:url\" content=\"https:\/\/www.leternoassente.com\/?page_id=6704\" \/>\n<meta property=\"og:site_name\" content=\"L&#039;Eterno Assente\" \/>\n<meta property=\"article:modified_time\" content=\"2024-09-10T14:31:57+00:00\" \/>\n<meta property=\"og:image\" content=\"https:\/\/www.leternoassente.com\/wp-content\/uploads\/2022\/12\/2minuticristianesimotagliato.jpg\" \/>\n\t<meta property=\"og:image:width\" content=\"1213\" \/>\n\t<meta property=\"og:image:height\" content=\"600\" \/>\n\t<meta property=\"og:image:type\" content=\"image\/jpeg\" \/>\n<meta name=\"twitter:card\" content=\"summary_large_image\" \/>\n<meta name=\"twitter:site\" content=\"@leternoassente\" \/>\n<meta name=\"twitter:label1\" content=\"Tempo di lettura stimato\" \/>\n\t<meta name=\"twitter:data1\" content=\"5 minuti\" \/>\n<script type=\"application\/ld+json\" class=\"yoast-schema-graph\">{\"@context\":\"https:\/\/schema.org\",\"@graph\":[{\"@type\":\"WebPage\",\"@id\":\"https:\/\/www.leternoassente.com\/?page_id=6704\",\"url\":\"https:\/\/www.leternoassente.com\/?page_id=6704\",\"name\":\"Il cristianesimo in 2 minuti \u2013 35\/50 - L&#039;Eterno Assente\",\"isPartOf\":{\"@id\":\"https:\/\/www.leternoassente.com\/#website\"},\"primaryImageOfPage\":{\"@id\":\"https:\/\/www.leternoassente.com\/?page_id=6704#primaryimage\"},\"image\":{\"@id\":\"https:\/\/www.leternoassente.com\/?page_id=6704#primaryimage\"},\"thumbnailUrl\":\"https:\/\/www.leternoassente.com\/wp-content\/uploads\/2022\/12\/2minuticristianesimo-1.jpg\",\"datePublished\":\"2024-08-21T08:50:27+00:00\",\"dateModified\":\"2024-09-10T14:31:57+00:00\",\"description\":\"Il politeismo biblico: la Bibbia riconosce pi\u00f9 di un Dio\",\"breadcrumb\":{\"@id\":\"https:\/\/www.leternoassente.com\/?page_id=6704#breadcrumb\"},\"inLanguage\":\"it-IT\",\"potentialAction\":[{\"@type\":\"ReadAction\",\"target\":[\"https:\/\/www.leternoassente.com\/?page_id=6704\"]}]},{\"@type\":\"ImageObject\",\"inLanguage\":\"it-IT\",\"@id\":\"https:\/\/www.leternoassente.com\/?page_id=6704#primaryimage\",\"url\":\"https:\/\/www.leternoassente.com\/wp-content\/uploads\/2022\/12\/2minuticristianesimo-1.jpg\",\"contentUrl\":\"https:\/\/www.leternoassente.com\/wp-content\/uploads\/2022\/12\/2minuticristianesimo-1.jpg\",\"width\":1500,\"height\":434},{\"@type\":\"BreadcrumbList\",\"@id\":\"https:\/\/www.leternoassente.com\/?page_id=6704#breadcrumb\",\"itemListElement\":[{\"@type\":\"ListItem\",\"position\":1,\"name\":\"Home\",\"item\":\"https:\/\/www.leternoassente.com\/\"},{\"@type\":\"ListItem\",\"position\":2,\"name\":\"Il cristianesimo in 2 minuti\",\"item\":\"https:\/\/www.leternoassente.com\/?page_id=5508\"},{\"@type\":\"ListItem\",\"position\":3,\"name\":\"Il cristianesimo in 2 minuti \u2013 35\/50\"}]},{\"@type\":\"WebSite\",\"@id\":\"https:\/\/www.leternoassente.com\/#website\",\"url\":\"https:\/\/www.leternoassente.com\/\",\"name\":\"L&#039;Eterno Assente\",\"description\":\"Dio, la vita, il senso e altre cazzate\",\"publisher\":{\"@id\":\"https:\/\/www.leternoassente.com\/#\/schema\/person\/d2069751871fcdb89a30a0775f4170f9\"},\"potentialAction\":[{\"@type\":\"SearchAction\",\"target\":{\"@type\":\"EntryPoint\",\"urlTemplate\":\"https:\/\/www.leternoassente.com\/?s={search_term_string}\"},\"query-input\":{\"@type\":\"PropertyValueSpecification\",\"valueRequired\":true,\"valueName\":\"search_term_string\"}}],\"inLanguage\":\"it-IT\"},{\"@type\":[\"Person\",\"Organization\"],\"@id\":\"https:\/\/www.leternoassente.com\/#\/schema\/person\/d2069751871fcdb89a30a0775f4170f9\",\"name\":\"Choam Goldberg\",\"image\":{\"@type\":\"ImageObject\",\"inLanguage\":\"it-IT\",\"@id\":\"https:\/\/www.leternoassente.com\/#\/schema\/person\/image\/\",\"url\":\"https:\/\/secure.gravatar.com\/avatar\/63d2c9f25f05d3da5001f2898f6fc9cd?s=96&d=wavatar&r=g\",\"contentUrl\":\"https:\/\/secure.gravatar.com\/avatar\/63d2c9f25f05d3da5001f2898f6fc9cd?s=96&d=wavatar&r=g\",\"caption\":\"Choam Goldberg\"},\"logo\":{\"@id\":\"https:\/\/www.leternoassente.com\/#\/schema\/person\/image\/\"},\"description\":\"Contemplata la vastit\u00e0 del cazzo che gliene frega e raggiunta l\u2019atarass\u00eca, Choam Goldberg pratica nondimeno l'antica, dilettevole e nobile arte di demolire le credenze dei\u00a0beoti e degli insipienti.\",\"sameAs\":[\"http:\/\/www.leternoassente.com\"]}]}<\/script>\n<!-- \/ Yoast SEO plugin. -->","yoast_head_json":{"title":"Il cristianesimo in 2 minuti \u2013 35\/50 - L&#039;Eterno Assente","description":"Il politeismo biblico: la Bibbia riconosce pi\u00f9 di un Dio","robots":{"index":"index","follow":"follow","max-snippet":"max-snippet:-1","max-image-preview":"max-image-preview:large","max-video-preview":"max-video-preview:-1"},"canonical":"https:\/\/www.leternoassente.com\/?page_id=6704","og_locale":"it_IT","og_type":"article","og_title":"Il cristianesimo in 2 minuti \u2013 35\/50 - L&#039;Eterno Assente","og_description":"Il politeismo biblico: la Bibbia riconosce pi\u00f9 di un Dio","og_url":"https:\/\/www.leternoassente.com\/?page_id=6704","og_site_name":"L&#039;Eterno Assente","article_modified_time":"2024-09-10T14:31:57+00:00","og_image":[{"width":1213,"height":600,"url":"https:\/\/www.leternoassente.com\/wp-content\/uploads\/2022\/12\/2minuticristianesimotagliato.jpg","type":"image\/jpeg"}],"twitter_card":"summary_large_image","twitter_site":"@leternoassente","twitter_misc":{"Tempo di lettura stimato":"5 minuti"},"schema":{"@context":"https:\/\/schema.org","@graph":[{"@type":"WebPage","@id":"https:\/\/www.leternoassente.com\/?page_id=6704","url":"https:\/\/www.leternoassente.com\/?page_id=6704","name":"Il cristianesimo in 2 minuti \u2013 35\/50 - L&#039;Eterno Assente","isPartOf":{"@id":"https:\/\/www.leternoassente.com\/#website"},"primaryImageOfPage":{"@id":"https:\/\/www.leternoassente.com\/?page_id=6704#primaryimage"},"image":{"@id":"https:\/\/www.leternoassente.com\/?page_id=6704#primaryimage"},"thumbnailUrl":"https:\/\/www.leternoassente.com\/wp-content\/uploads\/2022\/12\/2minuticristianesimo-1.jpg","datePublished":"2024-08-21T08:50:27+00:00","dateModified":"2024-09-10T14:31:57+00:00","description":"Il politeismo biblico: la Bibbia riconosce pi\u00f9 di un Dio","breadcrumb":{"@id":"https:\/\/www.leternoassente.com\/?page_id=6704#breadcrumb"},"inLanguage":"it-IT","potentialAction":[{"@type":"ReadAction","target":["https:\/\/www.leternoassente.com\/?page_id=6704"]}]},{"@type":"ImageObject","inLanguage":"it-IT","@id":"https:\/\/www.leternoassente.com\/?page_id=6704#primaryimage","url":"https:\/\/www.leternoassente.com\/wp-content\/uploads\/2022\/12\/2minuticristianesimo-1.jpg","contentUrl":"https:\/\/www.leternoassente.com\/wp-content\/uploads\/2022\/12\/2minuticristianesimo-1.jpg","width":1500,"height":434},{"@type":"BreadcrumbList","@id":"https:\/\/www.leternoassente.com\/?page_id=6704#breadcrumb","itemListElement":[{"@type":"ListItem","position":1,"name":"Home","item":"https:\/\/www.leternoassente.com\/"},{"@type":"ListItem","position":2,"name":"Il cristianesimo in 2 minuti","item":"https:\/\/www.leternoassente.com\/?page_id=5508"},{"@type":"ListItem","position":3,"name":"Il cristianesimo in 2 minuti \u2013 35\/50"}]},{"@type":"WebSite","@id":"https:\/\/www.leternoassente.com\/#website","url":"https:\/\/www.leternoassente.com\/","name":"L&#039;Eterno Assente","description":"Dio, la vita, il senso e altre cazzate","publisher":{"@id":"https:\/\/www.leternoassente.com\/#\/schema\/person\/d2069751871fcdb89a30a0775f4170f9"},"potentialAction":[{"@type":"SearchAction","target":{"@type":"EntryPoint","urlTemplate":"https:\/\/www.leternoassente.com\/?s={search_term_string}"},"query-input":{"@type":"PropertyValueSpecification","valueRequired":true,"valueName":"search_term_string"}}],"inLanguage":"it-IT"},{"@type":["Person","Organization"],"@id":"https:\/\/www.leternoassente.com\/#\/schema\/person\/d2069751871fcdb89a30a0775f4170f9","name":"Choam Goldberg","image":{"@type":"ImageObject","inLanguage":"it-IT","@id":"https:\/\/www.leternoassente.com\/#\/schema\/person\/image\/","url":"https:\/\/secure.gravatar.com\/avatar\/63d2c9f25f05d3da5001f2898f6fc9cd?s=96&d=wavatar&r=g","contentUrl":"https:\/\/secure.gravatar.com\/avatar\/63d2c9f25f05d3da5001f2898f6fc9cd?s=96&d=wavatar&r=g","caption":"Choam Goldberg"},"logo":{"@id":"https:\/\/www.leternoassente.com\/#\/schema\/person\/image\/"},"description":"Contemplata la vastit\u00e0 del cazzo che gliene frega e raggiunta l\u2019atarass\u00eca, Choam Goldberg pratica nondimeno l'antica, dilettevole e nobile arte di demolire le credenze dei\u00a0beoti e degli insipienti.","sameAs":["http:\/\/www.leternoassente.com"]}]}},"_links":{"self":[{"href":"https:\/\/www.leternoassente.com\/index.php?rest_route=\/wp\/v2\/pages\/6704"}],"collection":[{"href":"https:\/\/www.leternoassente.com\/index.php?rest_route=\/wp\/v2\/pages"}],"about":[{"href":"https:\/\/www.leternoassente.com\/index.php?rest_route=\/wp\/v2\/types\/page"}],"author":[{"embeddable":true,"href":"https:\/\/www.leternoassente.com\/index.php?rest_route=\/wp\/v2\/users\/1"}],"replies":[{"embeddable":true,"href":"https:\/\/www.leternoassente.com\/index.php?rest_route=%2Fwp%2Fv2%2Fcomments&post=6704"}],"version-history":[{"count":3,"href":"https:\/\/www.leternoassente.com\/index.php?rest_route=\/wp\/v2\/pages\/6704\/revisions"}],"predecessor-version":[{"id":6732,"href":"https:\/\/www.leternoassente.com\/index.php?rest_route=\/wp\/v2\/pages\/6704\/revisions\/6732"}],"up":[{"embeddable":true,"href":"https:\/\/www.leternoassente.com\/index.php?rest_route=\/wp\/v2\/pages\/5508"}],"wp:featuredmedia":[{"embeddable":true,"href":"https:\/\/www.leternoassente.com\/index.php?rest_route=\/wp\/v2\/media\/5533"}],"wp:attachment":[{"href":"https:\/\/www.leternoassente.com\/index.php?rest_route=%2Fwp%2Fv2%2Fmedia&parent=6704"}],"curies":[{"name":"wp","href":"https:\/\/api.w.org\/{rel}","templated":true}]}}