{"id":6741,"date":"2024-09-23T15:32:04","date_gmt":"2024-09-23T13:32:04","guid":{"rendered":"https:\/\/www.leternoassente.com\/?page_id=6741"},"modified":"2024-10-04T13:30:45","modified_gmt":"2024-10-04T11:30:45","slug":"il-cristianesimo-in-2-minuti-37-50","status":"publish","type":"page","link":"https:\/\/www.leternoassente.com\/?page_id=6741","title":{"rendered":"Il cristianesimo in 2 minuti \u2013 37\/50"},"content":{"rendered":"<p><strong>Il nascondimento di Dio: un Creatore che ci ama si farebbe conoscere<\/strong><\/p>\n<hr \/>\n<p><a href=\"https:\/\/www.leternoassente.com\/wp-content\/uploads\/2024\/09\/scatoloni.jpg\"><img loading=\"lazy\" decoding=\"async\" class=\"alignleft size-full wp-image-6742\" src=\"https:\/\/www.leternoassente.com\/wp-content\/uploads\/2024\/09\/scatoloni.jpg\" alt=\"\" width=\"1440\" height=\"809\" srcset=\"https:\/\/www.leternoassente.com\/wp-content\/uploads\/2024\/09\/scatoloni.jpg 1440w, https:\/\/www.leternoassente.com\/wp-content\/uploads\/2024\/09\/scatoloni-300x169.jpg 300w, https:\/\/www.leternoassente.com\/wp-content\/uploads\/2024\/09\/scatoloni-1024x575.jpg 1024w, https:\/\/www.leternoassente.com\/wp-content\/uploads\/2024\/09\/scatoloni-768x431.jpg 768w, https:\/\/www.leternoassente.com\/wp-content\/uploads\/2024\/09\/scatoloni-500x281.jpg 500w\" sizes=\"(max-width: 1440px) 100vw, 1440px\" \/><\/a><\/p>\n<p>Perch\u00e9 le prove di Dio sono cos\u00ec scarse? Se Dio vuole una relazione con noi e sa che l&#8217;inferno attende coloro che non lo conoscono, perch\u00e9 non rende evidente la propria esistenza? Le prove di cui abbiamo bisogno per dimostrare l&#8217;esistenza di Dio non sarebbero soltanto un antico Libro sacro come tutti gli altri e neppure qualcosa di ambiguo come le nuvole che si aprono proprio quando ci si chiede se Dio esiste. Invece sarebbero prove davvero convincenti, come ad esempio un sogno condiviso da tutti gli esseri umani nel mondo nella stessa notte, nel quale Dio spieghi con chiarezza il proprio piano. Voi potreste convincere qualsiasi persona pensante della vostra esistenza. Di sicuro lo potrebbe fare anche un Dio onnisciente e un miliardo di volte pi\u00f9 intelligente.<\/p>\n<p>I cristiani spesso rispondono che questa rivelazione minaccerebbe il nostro libero arbitrio. C. S. Lewis ne \u00abLe lettere di Berlicche\u00bb lo spiega cos\u00ec: \u00ab[Dio] non pu\u00f2 violentare. Pu\u00f2 solo corteggiare\u00bb. Questo ammonimento contro la coercizione potrebbe valere se il problema fosse la fede in Ges\u00f9 come salvatore, ma il problema non \u00e8 questo. La domanda \u00e8 semplicemente: Dio esiste? In una relazione nessuna delle parti \u00abviolenta\u00bb l&#8217;altra solo rendendo nota la propria esistenza, e la Bibbia chiarisce che a Dio non dispiace fornire delle prove. Dio \u00e8 apparso come fumo e fuoco agli israeliti durante l&#8217;Esodo. Ges\u00f9 ha compiuto miracoli pubblici come la guarigione delle persone, la moltiplicazione del cibo e la resurrezione dei morti. E considerate gli apostoli: vedere i miracoli di Ges\u00f9 ha forse reso falsa la loro fede? L&#8217;esperienza di Paolo sulla via di Damasco, durante la quale ebbe una visione di Ges\u00f9, lo squalificava dall&#8217;essere un vero credente?<\/p>\n<p>Il vescovo Agostino nel V secolo esortava i cristiani a \u00abnon capire per credere, ma credere per capire\u00bb. Ma perch\u00e9? Non si sceglie prima un sistema di credenze e poi si selezionano i fatti che lo sostengono. Invece si fa proprio il contrario: si seguono i fatti fino alla loro logica conclusione e poi si crede. L&#8217;alternativa \u00e8 un Dio ingannatore che d\u00e0 solo vaghi indizi della verit\u00e0 pi\u00f9 importante.<\/p>\n<p>La fede \u00e8 al centro del cristianesimo oggi, ma solo perch\u00e9 non c&#8217;\u00e8 niente di meglio. Se Dio si rendesse evidente, cosicch\u00e9 il cristianesimo fosse l&#8217;unica religione rivelata da un vero Dio, la fede sarebbe inutile e i cristiani insisterebbero invece con forza sulle chiare prove nel mondo che dimostrano che loro hanno sempre avuto ragione.<\/p>\n<p>Un&#8217;altra risposta cristiana \u00e8 che tutti hanno gi\u00e0 abbastanza prove. Paolo ha detto che i miscredenti \u00abnon hanno nessuna scusa\u00bb, ma non c&#8217;\u00e8 nulla che elevi le affermazioni del cristianesimo al di sopra di quelle di altre religioni. I non credenti sono giustificati nel richiedere delle prove, e anche in questo caso la Bibbia \u00e8 di supporto: Dio ha aiutato Elia nella gara contro i sacerdoti di Baal, ha aiutato Mos\u00e8 a compiere miracoli davanti al faraone e ha fornito delle prove a Gedeone. Se i cristiani sono giustamente scettici nel richiedere prove delle affermazioni miracolose di altre religioni, i miscredenti sono giustificati nel fare le stesse richieste ai cristiani. Un Dio troppo distaccato per rendere evidente la propria esistenza contraddice la pretesa di un Dio che vuole una relazione. Non pu\u00f2 avere entrambe le caratteristiche.<\/p>\n<p><a href=\"https:\/\/2minutechristianity.com\/blog\/\"><strong>Bob Seidensticker<\/strong><\/a><\/p>\n<hr \/>\n<p><strong>Note<\/strong><\/p>\n<p>Agostino (morto nel 430) \u00e8 stato un vescovo di Ippona, in Algeria. Fu un importante teologo delle origini e fu proclamato santo.<\/p>\n<p>L&#8217;esperienza sulla via di Damasco. La Bibbia afferma che Paolo, mentre era sulla via di Damasco, in Siria, ebbe una visione di Ges\u00f9. Questo lo convert\u00ec da persecutore dei cristiani in credente. Il termine pu\u00f2 essere usato per qualsiasi drastica inversione di atteggiamento.<\/p>\n<blockquote><p>Gli Israeliti partirono da Succot e si accamparono a\u00a0Etam, dove inizia il deserto.\u00a0Di giorno il Signore era davanti a loro come una grossa nube per indicare la strada, e di notte come un fuoco splendente per far loro luce. Cos\u00ec potevano camminare giorno e notte.\u00a0La nube di giorno e il fuoco di notte avanzavano sempre davanti al popolo.<br \/>\n\u2013 Esodo 13,20-22<\/p><\/blockquote>\n<p>Ges\u00f9 comp\u00ec miracoli pubblici come la guarigione delle persone, la moltiplicazione del cibo e la resurrezione dei morti: Matteo 8,14-16, Matteo 14,13-21 e Marco 5,21-43.<\/p>\n<p>L&#8217;esperienza di Paolo sulla via di Damasco: Atti degli Apostoli 9,3-22.<\/p>\n<blockquote><p>Eppure ci\u00f2 che si pu\u00f2 conoscere di Dio \u00e8 visibile a tutti: Dio stesso l\u2019ha rivelato agli uomini. Infatti, fin da quando Dio ha creato il mondo, gli uomini con la loro intelligenza possono vedere nelle cose che egli ha fatto le sue qualit\u00e0 invisibili, ossia la sua eterna potenza e la sua natura divina.<br \/>\nPerci\u00f2 gli uomini non hanno nessuna scusa: (&#8230;)<br \/>\n\u2013 Romani 1,19-20.<\/p><\/blockquote>\n<p>Dio ha aiutato Elia nella gara contro i sacerdoti di Baal, ha aiutato Mos\u00e8 a compiere miracoli davanti al faraone e ha fornito delle prove a Gedeone: 1 Re 18,20-40, Esodo 7,8-12, Giudici 6,36-40.<\/p>\n<hr \/>\n<p>(37\/50 \u2013 <a href=\"https:\/\/www.leternoassente.com\/?page_id=6749\">continua<\/a>)<\/p>\n<p>Immagine: <a href=\"https:\/\/www.pexels.com\/photo\/stack-of-empty-cardboard-boxes-prepared-for-relocation-from-home-7203699\/\"> SHVETS production<\/a>\u00a0via Pexels<\/p>\n<p><a href=\"https:\/\/www.leternoassente.com\/?page_id=5508\">Tutte le puntate.<\/a><\/p>\n<p>Leggi la <a href=\"https:\/\/2minutechristianity.com\/2023\/05\/08\/37-gods-hiddenness-a-creator-who-loved-us-would-make-himself-known\/\">versione originale dell&#8217;articolo<\/a>.<\/p>\n<p>Ascolta l&#8217;articolo nel <a href=\"https:\/\/twominutechristianity.podbean.com\/e\/37-god-s-hiddenness-a-creator-who-loved-us-would-make-himself-known\/\">podcast<\/a> o nel <a href=\"https:\/\/www.youtube.com\/watch?v=QHErainTWsI\">canale YouTube<\/a>.<\/p>\n<p>All material on this article is copyright 2023 by Bob Seidensticker. Translation By Choam Goldberg.<\/p>\n<hr \/>\n<p><em>Avvertenza:<\/em><br \/>\n<em>La lingua di questo articolo cerca di conciliare l&#8217;inclusivit\u00e0 con la leggibilit\u00e0 e la scorrevolezza. Nessuno si offenda quindi se evita le ripetizioni e usa il plurale sovraesteso. <a href=\"https:\/\/www.leternoassente.com\/?p=5651\">Ch\u00e9 mi spiace, ma la schwa anche no.<\/a><\/em><\/p>\n<hr \/>\n<p><em>Qui sotto trovi la possibilit\u00e0 di commentare quest&#8217;articolo. Per farlo, devi<br \/>\n1. confermare che sei ateo\/a,<br \/>\n2. essere consapevole che, se menti, stai commettendo il gravissimo peccato di apostasia,<br \/>\n3. aspettare che il commento sia approvato dall&#8217;admin.<br \/>\nL&#8217;approvazione dei commenti dipende dall&#8217;insindacabile e inappellabile giudizio dell&#8217;admin. Se vuoi saperne di pi\u00f9 a proposito dei commenti, puoi consultare le <a href=\"http:\/\/www.leternoassente.com\/?page_id=957#nocomment\" target=\"_blank\" rel=\"noopener\">FAQ<\/a>.<br \/>\nInoltre puoi commentare gli articoli e i post nel <a href=\"https:\/\/www.facebook.com\/groups\/eternoassente\/\" target=\"_blank\" rel=\"noopener\">Gruppo Facebook de L&#8217;Eterno Assente<\/a>, se ti iscrivi al Gruppo dopo aver risposto a una semplice domanda.<\/em><\/p>\n","protected":false},"excerpt":{"rendered":"<p>Il nascondimento di Dio: un Creatore che ci ama si farebbe conoscere Perch\u00e9 le prove di Dio sono cos\u00ec scarse? Se Dio vuole una relazione con noi e sa che l&#8217;inferno attende coloro che non lo conoscono, perch\u00e9 non rende &hellip; <a href=\"https:\/\/www.leternoassente.com\/?page_id=6741\">Continua a leggere<span class=\"meta-nav\">&rarr;<\/span><\/a><\/p>\n","protected":false},"author":1,"featured_media":5533,"parent":5508,"menu_order":0,"comment_status":"open","ping_status":"closed","template":"","meta":{"footnotes":""},"class_list":["post-6741","page","type-page","status-publish","has-post-thumbnail","hentry"],"yoast_head":"<!-- This site is optimized with the Yoast SEO plugin v25.6 - https:\/\/yoast.com\/wordpress\/plugins\/seo\/ -->\n<title>Il cristianesimo in 2 minuti \u2013 37\/50 - L&#039;Eterno Assente<\/title>\n<meta name=\"description\" content=\"Il nascondimento di Dio: un Creatore che ci ama si farebbe conoscere\" \/>\n<meta name=\"robots\" content=\"index, follow, max-snippet:-1, max-image-preview:large, max-video-preview:-1\" \/>\n<link rel=\"canonical\" href=\"https:\/\/www.leternoassente.com\/?page_id=6741\" \/>\n<meta property=\"og:locale\" content=\"it_IT\" \/>\n<meta property=\"og:type\" content=\"article\" \/>\n<meta property=\"og:title\" content=\"Il cristianesimo in 2 minuti \u2013 37\/50 - L&#039;Eterno Assente\" \/>\n<meta property=\"og:description\" content=\"Il nascondimento di Dio: un Creatore che ci ama si farebbe conoscere\" \/>\n<meta property=\"og:url\" content=\"https:\/\/www.leternoassente.com\/?page_id=6741\" \/>\n<meta property=\"og:site_name\" content=\"L&#039;Eterno Assente\" \/>\n<meta property=\"article:modified_time\" content=\"2024-10-04T11:30:45+00:00\" \/>\n<meta property=\"og:image\" content=\"https:\/\/www.leternoassente.com\/wp-content\/uploads\/2022\/12\/2minuticristianesimotagliato.jpg\" \/>\n\t<meta property=\"og:image:width\" content=\"1213\" \/>\n\t<meta property=\"og:image:height\" content=\"600\" \/>\n\t<meta property=\"og:image:type\" content=\"image\/jpeg\" \/>\n<meta name=\"twitter:card\" content=\"summary_large_image\" \/>\n<meta name=\"twitter:site\" content=\"@leternoassente\" \/>\n<meta name=\"twitter:label1\" content=\"Tempo di lettura stimato\" \/>\n\t<meta name=\"twitter:data1\" content=\"5 minuti\" \/>\n<script type=\"application\/ld+json\" class=\"yoast-schema-graph\">{\"@context\":\"https:\/\/schema.org\",\"@graph\":[{\"@type\":\"WebPage\",\"@id\":\"https:\/\/www.leternoassente.com\/?page_id=6741\",\"url\":\"https:\/\/www.leternoassente.com\/?page_id=6741\",\"name\":\"Il cristianesimo in 2 minuti \u2013 37\/50 - L&#039;Eterno Assente\",\"isPartOf\":{\"@id\":\"https:\/\/www.leternoassente.com\/#website\"},\"primaryImageOfPage\":{\"@id\":\"https:\/\/www.leternoassente.com\/?page_id=6741#primaryimage\"},\"image\":{\"@id\":\"https:\/\/www.leternoassente.com\/?page_id=6741#primaryimage\"},\"thumbnailUrl\":\"https:\/\/www.leternoassente.com\/wp-content\/uploads\/2022\/12\/2minuticristianesimo-1.jpg\",\"datePublished\":\"2024-09-23T13:32:04+00:00\",\"dateModified\":\"2024-10-04T11:30:45+00:00\",\"description\":\"Il nascondimento di Dio: un Creatore che ci ama si farebbe conoscere\",\"breadcrumb\":{\"@id\":\"https:\/\/www.leternoassente.com\/?page_id=6741#breadcrumb\"},\"inLanguage\":\"it-IT\",\"potentialAction\":[{\"@type\":\"ReadAction\",\"target\":[\"https:\/\/www.leternoassente.com\/?page_id=6741\"]}]},{\"@type\":\"ImageObject\",\"inLanguage\":\"it-IT\",\"@id\":\"https:\/\/www.leternoassente.com\/?page_id=6741#primaryimage\",\"url\":\"https:\/\/www.leternoassente.com\/wp-content\/uploads\/2022\/12\/2minuticristianesimo-1.jpg\",\"contentUrl\":\"https:\/\/www.leternoassente.com\/wp-content\/uploads\/2022\/12\/2minuticristianesimo-1.jpg\",\"width\":1500,\"height\":434},{\"@type\":\"BreadcrumbList\",\"@id\":\"https:\/\/www.leternoassente.com\/?page_id=6741#breadcrumb\",\"itemListElement\":[{\"@type\":\"ListItem\",\"position\":1,\"name\":\"Home\",\"item\":\"https:\/\/www.leternoassente.com\/\"},{\"@type\":\"ListItem\",\"position\":2,\"name\":\"Il cristianesimo in 2 minuti\",\"item\":\"https:\/\/www.leternoassente.com\/?page_id=5508\"},{\"@type\":\"ListItem\",\"position\":3,\"name\":\"Il cristianesimo in 2 minuti \u2013 37\/50\"}]},{\"@type\":\"WebSite\",\"@id\":\"https:\/\/www.leternoassente.com\/#website\",\"url\":\"https:\/\/www.leternoassente.com\/\",\"name\":\"L&#039;Eterno Assente\",\"description\":\"Dio, la vita, il senso e altre cazzate\",\"publisher\":{\"@id\":\"https:\/\/www.leternoassente.com\/#\/schema\/person\/d2069751871fcdb89a30a0775f4170f9\"},\"potentialAction\":[{\"@type\":\"SearchAction\",\"target\":{\"@type\":\"EntryPoint\",\"urlTemplate\":\"https:\/\/www.leternoassente.com\/?s={search_term_string}\"},\"query-input\":{\"@type\":\"PropertyValueSpecification\",\"valueRequired\":true,\"valueName\":\"search_term_string\"}}],\"inLanguage\":\"it-IT\"},{\"@type\":[\"Person\",\"Organization\"],\"@id\":\"https:\/\/www.leternoassente.com\/#\/schema\/person\/d2069751871fcdb89a30a0775f4170f9\",\"name\":\"Choam Goldberg\",\"image\":{\"@type\":\"ImageObject\",\"inLanguage\":\"it-IT\",\"@id\":\"https:\/\/www.leternoassente.com\/#\/schema\/person\/image\/\",\"url\":\"https:\/\/secure.gravatar.com\/avatar\/63d2c9f25f05d3da5001f2898f6fc9cd?s=96&d=wavatar&r=g\",\"contentUrl\":\"https:\/\/secure.gravatar.com\/avatar\/63d2c9f25f05d3da5001f2898f6fc9cd?s=96&d=wavatar&r=g\",\"caption\":\"Choam Goldberg\"},\"logo\":{\"@id\":\"https:\/\/www.leternoassente.com\/#\/schema\/person\/image\/\"},\"description\":\"Contemplata la vastit\u00e0 del cazzo che gliene frega e raggiunta l\u2019atarass\u00eca, Choam Goldberg pratica nondimeno l'antica, dilettevole e nobile arte di demolire le credenze dei\u00a0beoti e degli insipienti.\",\"sameAs\":[\"http:\/\/www.leternoassente.com\"]}]}<\/script>\n<!-- \/ Yoast SEO plugin. -->","yoast_head_json":{"title":"Il cristianesimo in 2 minuti \u2013 37\/50 - L&#039;Eterno Assente","description":"Il nascondimento di Dio: un Creatore che ci ama si farebbe conoscere","robots":{"index":"index","follow":"follow","max-snippet":"max-snippet:-1","max-image-preview":"max-image-preview:large","max-video-preview":"max-video-preview:-1"},"canonical":"https:\/\/www.leternoassente.com\/?page_id=6741","og_locale":"it_IT","og_type":"article","og_title":"Il cristianesimo in 2 minuti \u2013 37\/50 - L&#039;Eterno Assente","og_description":"Il nascondimento di Dio: un Creatore che ci ama si farebbe conoscere","og_url":"https:\/\/www.leternoassente.com\/?page_id=6741","og_site_name":"L&#039;Eterno Assente","article_modified_time":"2024-10-04T11:30:45+00:00","og_image":[{"width":1213,"height":600,"url":"https:\/\/www.leternoassente.com\/wp-content\/uploads\/2022\/12\/2minuticristianesimotagliato.jpg","type":"image\/jpeg"}],"twitter_card":"summary_large_image","twitter_site":"@leternoassente","twitter_misc":{"Tempo di lettura stimato":"5 minuti"},"schema":{"@context":"https:\/\/schema.org","@graph":[{"@type":"WebPage","@id":"https:\/\/www.leternoassente.com\/?page_id=6741","url":"https:\/\/www.leternoassente.com\/?page_id=6741","name":"Il cristianesimo in 2 minuti \u2013 37\/50 - L&#039;Eterno Assente","isPartOf":{"@id":"https:\/\/www.leternoassente.com\/#website"},"primaryImageOfPage":{"@id":"https:\/\/www.leternoassente.com\/?page_id=6741#primaryimage"},"image":{"@id":"https:\/\/www.leternoassente.com\/?page_id=6741#primaryimage"},"thumbnailUrl":"https:\/\/www.leternoassente.com\/wp-content\/uploads\/2022\/12\/2minuticristianesimo-1.jpg","datePublished":"2024-09-23T13:32:04+00:00","dateModified":"2024-10-04T11:30:45+00:00","description":"Il nascondimento di Dio: un Creatore che ci ama si farebbe conoscere","breadcrumb":{"@id":"https:\/\/www.leternoassente.com\/?page_id=6741#breadcrumb"},"inLanguage":"it-IT","potentialAction":[{"@type":"ReadAction","target":["https:\/\/www.leternoassente.com\/?page_id=6741"]}]},{"@type":"ImageObject","inLanguage":"it-IT","@id":"https:\/\/www.leternoassente.com\/?page_id=6741#primaryimage","url":"https:\/\/www.leternoassente.com\/wp-content\/uploads\/2022\/12\/2minuticristianesimo-1.jpg","contentUrl":"https:\/\/www.leternoassente.com\/wp-content\/uploads\/2022\/12\/2minuticristianesimo-1.jpg","width":1500,"height":434},{"@type":"BreadcrumbList","@id":"https:\/\/www.leternoassente.com\/?page_id=6741#breadcrumb","itemListElement":[{"@type":"ListItem","position":1,"name":"Home","item":"https:\/\/www.leternoassente.com\/"},{"@type":"ListItem","position":2,"name":"Il cristianesimo in 2 minuti","item":"https:\/\/www.leternoassente.com\/?page_id=5508"},{"@type":"ListItem","position":3,"name":"Il cristianesimo in 2 minuti \u2013 37\/50"}]},{"@type":"WebSite","@id":"https:\/\/www.leternoassente.com\/#website","url":"https:\/\/www.leternoassente.com\/","name":"L&#039;Eterno Assente","description":"Dio, la vita, il senso e altre cazzate","publisher":{"@id":"https:\/\/www.leternoassente.com\/#\/schema\/person\/d2069751871fcdb89a30a0775f4170f9"},"potentialAction":[{"@type":"SearchAction","target":{"@type":"EntryPoint","urlTemplate":"https:\/\/www.leternoassente.com\/?s={search_term_string}"},"query-input":{"@type":"PropertyValueSpecification","valueRequired":true,"valueName":"search_term_string"}}],"inLanguage":"it-IT"},{"@type":["Person","Organization"],"@id":"https:\/\/www.leternoassente.com\/#\/schema\/person\/d2069751871fcdb89a30a0775f4170f9","name":"Choam Goldberg","image":{"@type":"ImageObject","inLanguage":"it-IT","@id":"https:\/\/www.leternoassente.com\/#\/schema\/person\/image\/","url":"https:\/\/secure.gravatar.com\/avatar\/63d2c9f25f05d3da5001f2898f6fc9cd?s=96&d=wavatar&r=g","contentUrl":"https:\/\/secure.gravatar.com\/avatar\/63d2c9f25f05d3da5001f2898f6fc9cd?s=96&d=wavatar&r=g","caption":"Choam Goldberg"},"logo":{"@id":"https:\/\/www.leternoassente.com\/#\/schema\/person\/image\/"},"description":"Contemplata la vastit\u00e0 del cazzo che gliene frega e raggiunta l\u2019atarass\u00eca, Choam Goldberg pratica nondimeno l'antica, dilettevole e nobile arte di demolire le credenze dei\u00a0beoti e degli insipienti.","sameAs":["http:\/\/www.leternoassente.com"]}]}},"_links":{"self":[{"href":"https:\/\/www.leternoassente.com\/index.php?rest_route=\/wp\/v2\/pages\/6741"}],"collection":[{"href":"https:\/\/www.leternoassente.com\/index.php?rest_route=\/wp\/v2\/pages"}],"about":[{"href":"https:\/\/www.leternoassente.com\/index.php?rest_route=\/wp\/v2\/types\/page"}],"author":[{"embeddable":true,"href":"https:\/\/www.leternoassente.com\/index.php?rest_route=\/wp\/v2\/users\/1"}],"replies":[{"embeddable":true,"href":"https:\/\/www.leternoassente.com\/index.php?rest_route=%2Fwp%2Fv2%2Fcomments&post=6741"}],"version-history":[{"count":3,"href":"https:\/\/www.leternoassente.com\/index.php?rest_route=\/wp\/v2\/pages\/6741\/revisions"}],"predecessor-version":[{"id":6756,"href":"https:\/\/www.leternoassente.com\/index.php?rest_route=\/wp\/v2\/pages\/6741\/revisions\/6756"}],"up":[{"embeddable":true,"href":"https:\/\/www.leternoassente.com\/index.php?rest_route=\/wp\/v2\/pages\/5508"}],"wp:featuredmedia":[{"embeddable":true,"href":"https:\/\/www.leternoassente.com\/index.php?rest_route=\/wp\/v2\/media\/5533"}],"wp:attachment":[{"href":"https:\/\/www.leternoassente.com\/index.php?rest_route=%2Fwp%2Fv2%2Fmedia&parent=6741"}],"curies":[{"name":"wp","href":"https:\/\/api.w.org\/{rel}","templated":true}]}}