{"id":6749,"date":"2024-10-04T13:25:42","date_gmt":"2024-10-04T11:25:42","guid":{"rendered":"https:\/\/www.leternoassente.com\/?page_id=6749"},"modified":"2024-10-23T08:43:17","modified_gmt":"2024-10-23T06:43:17","slug":"il-cristianesimo-in-2-minuti-38-50","status":"publish","type":"page","link":"https:\/\/www.leternoassente.com\/?page_id=6749","title":{"rendered":"Il cristianesimo in 2 minuti \u2013 38\/50"},"content":{"rendered":"<p><strong>Il cristianesimo senza indottrinamento: un esperimento mentale<\/strong><\/p>\n<hr \/>\n<p><a href=\"https:\/\/www.leternoassente.com\/wp-content\/uploads\/2024\/10\/donnaspiaggia.jpg\"><img loading=\"lazy\" decoding=\"async\" class=\"alignleft size-full wp-image-6751\" src=\"https:\/\/www.leternoassente.com\/wp-content\/uploads\/2024\/10\/donnaspiaggia.jpg\" alt=\"\" width=\"1440\" height=\"808\" srcset=\"https:\/\/www.leternoassente.com\/wp-content\/uploads\/2024\/10\/donnaspiaggia.jpg 1440w, https:\/\/www.leternoassente.com\/wp-content\/uploads\/2024\/10\/donnaspiaggia-300x168.jpg 300w, https:\/\/www.leternoassente.com\/wp-content\/uploads\/2024\/10\/donnaspiaggia-1024x575.jpg 1024w, https:\/\/www.leternoassente.com\/wp-content\/uploads\/2024\/10\/donnaspiaggia-768x431.jpg 768w, https:\/\/www.leternoassente.com\/wp-content\/uploads\/2024\/10\/donnaspiaggia-500x281.jpg 500w\" sizes=\"(max-width: 1440px) 100vw, 1440px\" \/><\/a><\/p>\n<p>Supponiamo di ridefinire il cristianesimo come un&#8217;attivit\u00e0 da adulti, come fumare, bere, votare, guidare e sposarsi. Non sono illegali, ma la societ\u00e0 esige che si sia abbastanza grandi per svolgerle con discernimento. Privato della sua fonte pi\u00f9 fertile di nuovi membri, questo cristianesimo per soli adulti si estinguerebbe nel giro di poche generazioni.<\/p>\n<p>Noi adulti abbiamo un buon senso che ci aiuta a credere alle affermazioni vere e a rifiutare quelle false. Per esempio, la maggior parte degli adulti americani rifiuterebbe un argomento in favore dell&#8217;islam, dell&#8217;induismo o del sikhismo con la stessa rapidit\u00e0 con cui rifiuterebbe le affermazioni su cure miracolose, le storie di rapimenti alieni e gli ottimi prezzi dei terreni paludosi in Florida.<\/p>\n<p>Da adulti siamo molto pi\u00f9 bravi a distinguere la verit\u00e0 dalle sciocchezze di quanto lo fossimo da bambini. Ecco perch\u00e9 la maggior parte dei cristiani viene indottrinata durante l&#8217;infanzia, prima che il buon senso sia maturato. Questa \u00e8 l&#8217;idea alla base della massima dei gesuiti: \u00abDatemi un bambino fino all&#8217;et\u00e0 di sette anni e vi dar\u00f2 l&#8217;uomo\u00bb. La troviamo anche nei Proverbi: \u00abInsegna a un ragazzo come deve vivere, \/ e anche da vecchio ricorder\u00e0 l\u2019educazione avuta\u00bb.<\/p>\n<p>La mente dei bambini \u00e8 malleabile e le idee soprannaturali provenienti da un&#8217;autorit\u00e0 affidabile come un genitore o un insegnante vengono accettate con ingenua fiducia. Far appassionare alle sigarette un cinquantenne che non ha mai fumato \u00e8 come far appassionare al cristianesimo un cinquantenne che non ha mai sentito parlare di Ges\u00f9. \u00c8 possibile in entrambi i casi, ma \u00e8 molto pi\u00f9 facile quando si inizia presto.<\/p>\n<p>Gli adulti cresciuti in una religione pensano che le loro credenze religiose siano ragionevoli o addirittura ovvie, mentre chi viene avvicinato a quelle credenze da adulto spesso pensa che siano strane o addirittura pazze. Gli adulti religiosi useranno il loro intelletto per inventare ragioni per garantire ai loro ego che le loro credenze hanno senso. Non ammetteranno che le loro credenze soprannaturali sono ridicole se osservate in modo spassionato o che credono senza una ragione migliore del fatto che sono stati cresciuti con esse.<\/p>\n<p>Possiamo vedere questo fatto sotto un altro punto di vista immaginando una conversazione tra il padre di un bambino di 6 anni e la nonna.<\/p>\n<p>La nonna dice: \u00abAdesso il piccolo Johnny \u00e8 abbastanza grande da poter essere mandato alla Scuola domenicale\u00bb.<\/p>\n<p>\u00abPotrai mandarlo quando avr\u00e0 18 anni\u00bb, risponde il padre, \u00abPreferirei che rimanesse fuori dalla chiesa fino ad allora\u00bb.<\/p>\n<p>\u00abMa a 18 anni \u00e8 troppo tardi!\u00bb, replica la nonna. \u00abA quel punto avr\u00e0 gi\u00e0 acquisito le proprie abitudini di pensiero. Allora non accetter\u00e0 la verit\u00e0\u00bb.<\/p>\n<p>Che tipo di \u00abverit\u00e0\u00bb \u00e8 quella che deve essere insegnata prima che le persone siano mature, prima che il loro buon senso sia pienamente sviluppato? La nonna si rende conto che solo quando qualcuno \u00e8 immaturo il credo della religione pu\u00f2 essere inculcato nella sua testa, ma questo indottrinamento \u00e8 un pessimo sostituto della verit\u00e0. Va bene per un&#8217;usanza sociale, non per la rivendicazione di una visione del mondo.<\/p>\n<p>I cristiani adulti dovrebbero pensare come reagirebbero se venisse chiesto loro di adottare una religione radicalmente diversa. Pochi cambierebbero, ma perch\u00e9? Da adulti una religione estranea appare estranea. Ecco perch\u00e9 le religioni hanno bisogno di accedere a convertiti immaturi per sopravvivere. Non \u00e8 detto che la religione nell&#8217;ambiente del bambino sia quella giusta, ma \u00e8 quella che \u00e8 loro familiare.<\/p>\n<p><a href=\"https:\/\/2minutechristianity.com\/blog\/\"><strong>Bob Seidensticker<\/strong><\/a><\/p>\n<hr \/>\n<p><strong>Note<\/strong><\/p>\n<blockquote><p>Insegna a un ragazzo come deve vivere,<br \/>\ne anche da vecchio ricorder\u00e0 l\u2019educazione avuta.<br \/>\n\u2013 Proverbi 22,6.<\/p><\/blockquote>\n<hr \/>\n<p>(38\/50 \u2013 <a href=\"https:\/\/www.leternoassente.com\/?page_id=6778\">continua<\/a>)<\/p>\n<p>Immagine: <a href=\"https:\/\/www.pexels.com\/photo\/woman-walking-in-beach-509127\/\">Pixabay<\/a> (CC0)<\/p>\n<p><a href=\"https:\/\/www.leternoassente.com\/?page_id=5508\">Tutte le puntate.<\/a><\/p>\n<p>Leggi la <a href=\"https:\/\/2minutechristianity.com\/2023\/05\/15\/38-christianity-without-indoctrination-a-thought-experiment\/\">versione originale dell&#8217;articolo<\/a>.<\/p>\n<p>Ascolta l&#8217;articolo nel <a href=\"https:\/\/twominutechristianity.podbean.com\/e\/38-christianity-without-indoctrination-a-thought-experiment\/\">podcast<\/a> o nel <a href=\"https:\/\/www.youtube.com\/watch?v=GLiNtfv83_Y\">canale YouTube<\/a>.<\/p>\n<p>All material on this article is copyright 2023 by Bob Seidensticker. Translation By Choam Goldberg.<\/p>\n<hr \/>\n<p><em>Avvertenza:<\/em><br \/>\n<em>La lingua di questo articolo cerca di conciliare l&#8217;inclusivit\u00e0 con la leggibilit\u00e0 e la scorrevolezza. Nessuno si offenda quindi se evita le ripetizioni e usa il plurale sovraesteso. <a href=\"https:\/\/www.leternoassente.com\/?p=5651\">Ch\u00e9 mi spiace, ma la schwa anche no.<\/a><\/em><\/p>\n<hr \/>\n<p><em>Qui sotto trovi la possibilit\u00e0 di commentare quest&#8217;articolo. Per farlo, devi<br \/>\n1. confermare che sei ateo\/a,<br \/>\n2. essere consapevole che, se menti, stai commettendo il gravissimo peccato di apostasia,<br \/>\n3. aspettare che il commento sia approvato dall&#8217;admin.<br \/>\nL&#8217;approvazione dei commenti dipende dall&#8217;insindacabile e inappellabile giudizio dell&#8217;admin. Se vuoi saperne di pi\u00f9 a proposito dei commenti, puoi consultare le <a href=\"http:\/\/www.leternoassente.com\/?page_id=957#nocomment\" target=\"_blank\" rel=\"noopener\">FAQ<\/a>.<br \/>\nInoltre puoi commentare gli articoli e i post nel <a href=\"https:\/\/www.facebook.com\/groups\/eternoassente\/\" target=\"_blank\" rel=\"noopener\">Gruppo Facebook de L&#8217;Eterno Assente<\/a>, se ti iscrivi al Gruppo dopo aver risposto a una semplice domanda.<\/em><\/p>\n","protected":false},"excerpt":{"rendered":"<p>Il cristianesimo senza indottrinamento: un esperimento mentale Supponiamo di ridefinire il cristianesimo come un&#8217;attivit\u00e0 da adulti, come fumare, bere, votare, guidare e sposarsi. Non sono illegali, ma la societ\u00e0 esige che si sia abbastanza grandi per svolgerle con discernimento. Privato &hellip; <a href=\"https:\/\/www.leternoassente.com\/?page_id=6749\">Continua a leggere<span class=\"meta-nav\">&rarr;<\/span><\/a><\/p>\n","protected":false},"author":1,"featured_media":5533,"parent":5508,"menu_order":0,"comment_status":"open","ping_status":"closed","template":"","meta":{"footnotes":""},"class_list":["post-6749","page","type-page","status-publish","has-post-thumbnail","hentry"],"yoast_head":"<!-- This site is optimized with the Yoast SEO plugin v25.6 - https:\/\/yoast.com\/wordpress\/plugins\/seo\/ -->\n<title>Il cristianesimo in 2 minuti \u2013 38\/50 - L&#039;Eterno Assente<\/title>\n<meta name=\"description\" content=\"Il cristianesimo senza indottrinamento: un esperimento mentale\" \/>\n<meta name=\"robots\" content=\"index, follow, max-snippet:-1, max-image-preview:large, max-video-preview:-1\" \/>\n<link rel=\"canonical\" href=\"https:\/\/www.leternoassente.com\/?page_id=6749\" \/>\n<meta property=\"og:locale\" content=\"it_IT\" \/>\n<meta property=\"og:type\" content=\"article\" \/>\n<meta property=\"og:title\" content=\"Il cristianesimo in 2 minuti \u2013 38\/50 - L&#039;Eterno Assente\" \/>\n<meta property=\"og:description\" content=\"Il cristianesimo senza indottrinamento: un esperimento mentale\" \/>\n<meta property=\"og:url\" content=\"https:\/\/www.leternoassente.com\/?page_id=6749\" \/>\n<meta property=\"og:site_name\" content=\"L&#039;Eterno Assente\" \/>\n<meta property=\"article:modified_time\" content=\"2024-10-23T06:43:17+00:00\" \/>\n<meta property=\"og:image\" content=\"https:\/\/www.leternoassente.com\/wp-content\/uploads\/2022\/12\/2minuticristianesimotagliato.jpg\" \/>\n\t<meta property=\"og:image:width\" content=\"1213\" \/>\n\t<meta property=\"og:image:height\" content=\"600\" \/>\n\t<meta property=\"og:image:type\" content=\"image\/jpeg\" \/>\n<meta name=\"twitter:card\" content=\"summary_large_image\" \/>\n<meta name=\"twitter:site\" content=\"@leternoassente\" \/>\n<meta name=\"twitter:label1\" content=\"Tempo di lettura stimato\" \/>\n\t<meta name=\"twitter:data1\" content=\"5 minuti\" \/>\n<script type=\"application\/ld+json\" class=\"yoast-schema-graph\">{\"@context\":\"https:\/\/schema.org\",\"@graph\":[{\"@type\":\"WebPage\",\"@id\":\"https:\/\/www.leternoassente.com\/?page_id=6749\",\"url\":\"https:\/\/www.leternoassente.com\/?page_id=6749\",\"name\":\"Il cristianesimo in 2 minuti \u2013 38\/50 - L&#039;Eterno Assente\",\"isPartOf\":{\"@id\":\"https:\/\/www.leternoassente.com\/#website\"},\"primaryImageOfPage\":{\"@id\":\"https:\/\/www.leternoassente.com\/?page_id=6749#primaryimage\"},\"image\":{\"@id\":\"https:\/\/www.leternoassente.com\/?page_id=6749#primaryimage\"},\"thumbnailUrl\":\"https:\/\/www.leternoassente.com\/wp-content\/uploads\/2022\/12\/2minuticristianesimo-1.jpg\",\"datePublished\":\"2024-10-04T11:25:42+00:00\",\"dateModified\":\"2024-10-23T06:43:17+00:00\",\"description\":\"Il cristianesimo senza indottrinamento: un esperimento mentale\",\"breadcrumb\":{\"@id\":\"https:\/\/www.leternoassente.com\/?page_id=6749#breadcrumb\"},\"inLanguage\":\"it-IT\",\"potentialAction\":[{\"@type\":\"ReadAction\",\"target\":[\"https:\/\/www.leternoassente.com\/?page_id=6749\"]}]},{\"@type\":\"ImageObject\",\"inLanguage\":\"it-IT\",\"@id\":\"https:\/\/www.leternoassente.com\/?page_id=6749#primaryimage\",\"url\":\"https:\/\/www.leternoassente.com\/wp-content\/uploads\/2022\/12\/2minuticristianesimo-1.jpg\",\"contentUrl\":\"https:\/\/www.leternoassente.com\/wp-content\/uploads\/2022\/12\/2minuticristianesimo-1.jpg\",\"width\":1500,\"height\":434},{\"@type\":\"BreadcrumbList\",\"@id\":\"https:\/\/www.leternoassente.com\/?page_id=6749#breadcrumb\",\"itemListElement\":[{\"@type\":\"ListItem\",\"position\":1,\"name\":\"Home\",\"item\":\"https:\/\/www.leternoassente.com\/\"},{\"@type\":\"ListItem\",\"position\":2,\"name\":\"Il cristianesimo in 2 minuti\",\"item\":\"https:\/\/www.leternoassente.com\/?page_id=5508\"},{\"@type\":\"ListItem\",\"position\":3,\"name\":\"Il cristianesimo in 2 minuti \u2013 38\/50\"}]},{\"@type\":\"WebSite\",\"@id\":\"https:\/\/www.leternoassente.com\/#website\",\"url\":\"https:\/\/www.leternoassente.com\/\",\"name\":\"L&#039;Eterno Assente\",\"description\":\"Dio, la vita, il senso e altre cazzate\",\"publisher\":{\"@id\":\"https:\/\/www.leternoassente.com\/#\/schema\/person\/d2069751871fcdb89a30a0775f4170f9\"},\"potentialAction\":[{\"@type\":\"SearchAction\",\"target\":{\"@type\":\"EntryPoint\",\"urlTemplate\":\"https:\/\/www.leternoassente.com\/?s={search_term_string}\"},\"query-input\":{\"@type\":\"PropertyValueSpecification\",\"valueRequired\":true,\"valueName\":\"search_term_string\"}}],\"inLanguage\":\"it-IT\"},{\"@type\":[\"Person\",\"Organization\"],\"@id\":\"https:\/\/www.leternoassente.com\/#\/schema\/person\/d2069751871fcdb89a30a0775f4170f9\",\"name\":\"Choam Goldberg\",\"image\":{\"@type\":\"ImageObject\",\"inLanguage\":\"it-IT\",\"@id\":\"https:\/\/www.leternoassente.com\/#\/schema\/person\/image\/\",\"url\":\"https:\/\/secure.gravatar.com\/avatar\/63d2c9f25f05d3da5001f2898f6fc9cd?s=96&d=wavatar&r=g\",\"contentUrl\":\"https:\/\/secure.gravatar.com\/avatar\/63d2c9f25f05d3da5001f2898f6fc9cd?s=96&d=wavatar&r=g\",\"caption\":\"Choam Goldberg\"},\"logo\":{\"@id\":\"https:\/\/www.leternoassente.com\/#\/schema\/person\/image\/\"},\"description\":\"Contemplata la vastit\u00e0 del cazzo che gliene frega e raggiunta l\u2019atarass\u00eca, Choam Goldberg pratica nondimeno l'antica, dilettevole e nobile arte di demolire le credenze dei\u00a0beoti e degli insipienti.\",\"sameAs\":[\"http:\/\/www.leternoassente.com\"]}]}<\/script>\n<!-- \/ Yoast SEO plugin. -->","yoast_head_json":{"title":"Il cristianesimo in 2 minuti \u2013 38\/50 - L&#039;Eterno Assente","description":"Il cristianesimo senza indottrinamento: un esperimento mentale","robots":{"index":"index","follow":"follow","max-snippet":"max-snippet:-1","max-image-preview":"max-image-preview:large","max-video-preview":"max-video-preview:-1"},"canonical":"https:\/\/www.leternoassente.com\/?page_id=6749","og_locale":"it_IT","og_type":"article","og_title":"Il cristianesimo in 2 minuti \u2013 38\/50 - L&#039;Eterno Assente","og_description":"Il cristianesimo senza indottrinamento: un esperimento mentale","og_url":"https:\/\/www.leternoassente.com\/?page_id=6749","og_site_name":"L&#039;Eterno Assente","article_modified_time":"2024-10-23T06:43:17+00:00","og_image":[{"width":1213,"height":600,"url":"https:\/\/www.leternoassente.com\/wp-content\/uploads\/2022\/12\/2minuticristianesimotagliato.jpg","type":"image\/jpeg"}],"twitter_card":"summary_large_image","twitter_site":"@leternoassente","twitter_misc":{"Tempo di lettura stimato":"5 minuti"},"schema":{"@context":"https:\/\/schema.org","@graph":[{"@type":"WebPage","@id":"https:\/\/www.leternoassente.com\/?page_id=6749","url":"https:\/\/www.leternoassente.com\/?page_id=6749","name":"Il cristianesimo in 2 minuti \u2013 38\/50 - L&#039;Eterno Assente","isPartOf":{"@id":"https:\/\/www.leternoassente.com\/#website"},"primaryImageOfPage":{"@id":"https:\/\/www.leternoassente.com\/?page_id=6749#primaryimage"},"image":{"@id":"https:\/\/www.leternoassente.com\/?page_id=6749#primaryimage"},"thumbnailUrl":"https:\/\/www.leternoassente.com\/wp-content\/uploads\/2022\/12\/2minuticristianesimo-1.jpg","datePublished":"2024-10-04T11:25:42+00:00","dateModified":"2024-10-23T06:43:17+00:00","description":"Il cristianesimo senza indottrinamento: un esperimento mentale","breadcrumb":{"@id":"https:\/\/www.leternoassente.com\/?page_id=6749#breadcrumb"},"inLanguage":"it-IT","potentialAction":[{"@type":"ReadAction","target":["https:\/\/www.leternoassente.com\/?page_id=6749"]}]},{"@type":"ImageObject","inLanguage":"it-IT","@id":"https:\/\/www.leternoassente.com\/?page_id=6749#primaryimage","url":"https:\/\/www.leternoassente.com\/wp-content\/uploads\/2022\/12\/2minuticristianesimo-1.jpg","contentUrl":"https:\/\/www.leternoassente.com\/wp-content\/uploads\/2022\/12\/2minuticristianesimo-1.jpg","width":1500,"height":434},{"@type":"BreadcrumbList","@id":"https:\/\/www.leternoassente.com\/?page_id=6749#breadcrumb","itemListElement":[{"@type":"ListItem","position":1,"name":"Home","item":"https:\/\/www.leternoassente.com\/"},{"@type":"ListItem","position":2,"name":"Il cristianesimo in 2 minuti","item":"https:\/\/www.leternoassente.com\/?page_id=5508"},{"@type":"ListItem","position":3,"name":"Il cristianesimo in 2 minuti \u2013 38\/50"}]},{"@type":"WebSite","@id":"https:\/\/www.leternoassente.com\/#website","url":"https:\/\/www.leternoassente.com\/","name":"L&#039;Eterno Assente","description":"Dio, la vita, il senso e altre cazzate","publisher":{"@id":"https:\/\/www.leternoassente.com\/#\/schema\/person\/d2069751871fcdb89a30a0775f4170f9"},"potentialAction":[{"@type":"SearchAction","target":{"@type":"EntryPoint","urlTemplate":"https:\/\/www.leternoassente.com\/?s={search_term_string}"},"query-input":{"@type":"PropertyValueSpecification","valueRequired":true,"valueName":"search_term_string"}}],"inLanguage":"it-IT"},{"@type":["Person","Organization"],"@id":"https:\/\/www.leternoassente.com\/#\/schema\/person\/d2069751871fcdb89a30a0775f4170f9","name":"Choam Goldberg","image":{"@type":"ImageObject","inLanguage":"it-IT","@id":"https:\/\/www.leternoassente.com\/#\/schema\/person\/image\/","url":"https:\/\/secure.gravatar.com\/avatar\/63d2c9f25f05d3da5001f2898f6fc9cd?s=96&d=wavatar&r=g","contentUrl":"https:\/\/secure.gravatar.com\/avatar\/63d2c9f25f05d3da5001f2898f6fc9cd?s=96&d=wavatar&r=g","caption":"Choam Goldberg"},"logo":{"@id":"https:\/\/www.leternoassente.com\/#\/schema\/person\/image\/"},"description":"Contemplata la vastit\u00e0 del cazzo che gliene frega e raggiunta l\u2019atarass\u00eca, Choam Goldberg pratica nondimeno l'antica, dilettevole e nobile arte di demolire le credenze dei\u00a0beoti e degli insipienti.","sameAs":["http:\/\/www.leternoassente.com"]}]}},"_links":{"self":[{"href":"https:\/\/www.leternoassente.com\/index.php?rest_route=\/wp\/v2\/pages\/6749"}],"collection":[{"href":"https:\/\/www.leternoassente.com\/index.php?rest_route=\/wp\/v2\/pages"}],"about":[{"href":"https:\/\/www.leternoassente.com\/index.php?rest_route=\/wp\/v2\/types\/page"}],"author":[{"embeddable":true,"href":"https:\/\/www.leternoassente.com\/index.php?rest_route=\/wp\/v2\/users\/1"}],"replies":[{"embeddable":true,"href":"https:\/\/www.leternoassente.com\/index.php?rest_route=%2Fwp%2Fv2%2Fcomments&post=6749"}],"version-history":[{"count":4,"href":"https:\/\/www.leternoassente.com\/index.php?rest_route=\/wp\/v2\/pages\/6749\/revisions"}],"predecessor-version":[{"id":6781,"href":"https:\/\/www.leternoassente.com\/index.php?rest_route=\/wp\/v2\/pages\/6749\/revisions\/6781"}],"up":[{"embeddable":true,"href":"https:\/\/www.leternoassente.com\/index.php?rest_route=\/wp\/v2\/pages\/5508"}],"wp:featuredmedia":[{"embeddable":true,"href":"https:\/\/www.leternoassente.com\/index.php?rest_route=\/wp\/v2\/media\/5533"}],"wp:attachment":[{"href":"https:\/\/www.leternoassente.com\/index.php?rest_route=%2Fwp%2Fv2%2Fmedia&parent=6749"}],"curies":[{"name":"wp","href":"https:\/\/api.w.org\/{rel}","templated":true}]}}