{"id":6788,"date":"2024-11-08T09:34:16","date_gmt":"2024-11-08T08:34:16","guid":{"rendered":"https:\/\/www.leternoassente.com\/?page_id=6788"},"modified":"2024-11-13T07:36:44","modified_gmt":"2024-11-13T06:36:44","slug":"il-cristianesimo-in-2-minuti-40-50","status":"publish","type":"page","link":"https:\/\/www.leternoassente.com\/?page_id=6788","title":{"rendered":"Il cristianesimo in 2 minuti \u2013 40\/50"},"content":{"rendered":"<p><strong>Gli storici rifiutano la storia della Bibbia: insieme a tutte le altre affermazioni soprannaturali<\/strong><\/p>\n<hr \/>\n<p><a href=\"https:\/\/www.leternoassente.com\/wp-content\/uploads\/2024\/11\/Bibbia-Danika-Perkinson.jpg\"><img loading=\"lazy\" decoding=\"async\" class=\"alignleft size-full wp-image-6790\" src=\"https:\/\/www.leternoassente.com\/wp-content\/uploads\/2024\/11\/Bibbia-Danika-Perkinson.jpg\" alt=\"\" width=\"1440\" height=\"806\" srcset=\"https:\/\/www.leternoassente.com\/wp-content\/uploads\/2024\/11\/Bibbia-Danika-Perkinson.jpg 1440w, https:\/\/www.leternoassente.com\/wp-content\/uploads\/2024\/11\/Bibbia-Danika-Perkinson-300x168.jpg 300w, https:\/\/www.leternoassente.com\/wp-content\/uploads\/2024\/11\/Bibbia-Danika-Perkinson-1024x573.jpg 1024w, https:\/\/www.leternoassente.com\/wp-content\/uploads\/2024\/11\/Bibbia-Danika-Perkinson-768x430.jpg 768w, https:\/\/www.leternoassente.com\/wp-content\/uploads\/2024\/11\/Bibbia-Danika-Perkinson-500x280.jpg 500w\" sizes=\"(max-width: 1440px) 100vw, 1440px\" \/><\/a><\/p>\n<p>Non si trovano mai i dettagli della vicenda di Ges\u00f9 in un libro di storia, come per Giulio Cesare o Alessandro Magno. Perch\u00e9? Perch\u00e9 la Bibbia non \u00e8 catalogata nella sezione di storia della biblioteca?<\/p>\n<p>I cristiani fanno giustamente notare che la base storica del racconto evangelico ha alcuni elementi convincenti. Per esempio i racconti evangelici non sono uno, ma quattro. L&#8217;intervallo di tempo che intercorre tra i manoscritti originali e le nostre pi\u00f9 antiche copie complete dei libri del Nuovo testamento \u00e8 relativamente ridotto rispetto ad altri documenti dell&#8217;epoca. E il numero di manoscritti della Bibbia \u00e8 di gran lunga superiore a quello di qualsiasi altro libro antico.<\/p>\n<p>Tuttavia l&#8217;enorme difficolt\u00e0 risiede nel fatto che gli storici rifiutano i miracoli non solo nella Bibbia, ma coerentemente in qualsiasi libro che pretenda di essere un documento storico. Il problema diventa chiaro se immaginiamo che le biblioteche cataloghino la Bibbia nella sezione di storia. Anche gli altri libri religiosi dovrebbero essere inseriti in quel settore? Non possono essere tutti libri di storia, perch\u00e9 sono in conflitto fra loro.<\/p>\n<p>Ricordate l&#8217;episodio di Giulio Cesare che attraversa il Rubicone? Lo storico Svetonio riferisce che Cesare vide un messaggero divino che lo esort\u00f2 ad attraversare. \u00c8 un fatto storico che Svetonio abbia scritto del messaggero, ma gli storici non credono che questa apparizione miracolosa sia realmente avvenuta.<\/p>\n<p>Ricordate Cesare Augusto, l&#8217;imperatore romano che ordin\u00f2 il censimento che port\u00f2 Maria e Giuseppe a Betlemme? Si dice che Augusto fosse stato concepito divinamente e che fosse asceso al cielo alla sua morte. Queste notizie su Augusto fanno parte della storia, ma il concepimento e l&#8217;ascensione soprannaturali no.<\/p>\n<p>Le leggende su Alessandro Magno sono nate ai suoi tempi. Avete sentito quella che racconta che il mare si inchin\u00f2 per sottomettersi durante la sua conquista dell&#8217;Impero persiano? O di come i corvi guidarono miracolosamente il suo esercito attraverso il deserto? Alessandro \u00e8 trattato allo stesso modo: i resoconti miracolosi non entrano nella storia.<\/p>\n<p>La biografia di Alessandro \u00e8 una storia naturalistica plausibile con eccellenti prove a sostegno (monete con le sue sembianze, citt\u00e0 con il suo nome, pilastri di pietra con le sue leggi, la diffusione dell&#8217;ellenismo e la creazione degli imperi successivi, le testimonianze delle sue conquiste da parte di stranieri e cos\u00ec via) e alcuni miracoli. La parte naturale \u00e8 quella degna di nota. I miracoli aggiungono poco e non fanno parte della documentazione storica.<\/p>\n<p>Confrontate questo con la vicenda di Ges\u00f9, una leggenda implausibile di un dio documentata da testi religiosi e senza alcuna prova a sostegno. Ges\u00f9 stesso non ha lasciato alcuno scritto, non c&#8217;\u00e8 nulla nella storia sua contemporanea e gli storici successivi registrano solo l&#8217;esistenza della religione cristiana. In questo caso solo la parte miracolosa \u00e8 degna di nota.<\/p>\n<p>Se si tolgono le affermazioni sui miracoli di Giulio Cesare, Cesare Augusto o Alessandro Magno, rimangono solo le testimonianze di quei personaggi nella storia. Ma, se si tolgono le affermazioni sui miracoli dalla vicenda di Ges\u00f9, si ha solo la vicenda di un uomo comune, forse un maestro carismatico ma difficilmente un essere divino.<\/p>\n<p>I cristiani a volte sostengono che dovremmo trattare la narrazione del Vangelo come una qualsiasi altra biografia. E hanno ragione, ma forse non gli piace dove questo li porta.<\/p>\n<p><a href=\"https:\/\/2minutechristianity.com\/blog\/\"><strong>Bob Seidensticker<\/strong><\/a><\/p>\n<hr \/>\n<p><strong>Note<\/strong><\/p>\n<blockquote><p>In quel tempo l&#8217;imperatore Augusto con un decreto ordin\u00f2 il censimento di tutti gli abitanti dell&#8217;impero romano.<br \/>\n\u2013 Luca 2,1<\/p><\/blockquote>\n<hr \/>\n<p>(40\/50 \u2013 <a href=\"https:\/\/www.leternoassente.com\/?page_id=6800\">continua<\/a>)<\/p>\n<p>Immagine: <a href=\"https:\/\/unsplash.com\/it\/foto\/libro-rilegato-marrone-sul-tavolo-h4ZA84B834w\">Danika Perkinson<\/a> via Unsplash<\/p>\n<p><a href=\"https:\/\/www.leternoassente.com\/?page_id=5508\">Tutte le puntate.<\/a><\/p>\n<p>Leggi la <a href=\"https:\/\/2minutechristianity.com\/2023\/05\/29\/40-historians-reject-the-bible-story-and-all-other-supernatural-claims-too\/\">versione originale dell&#8217;articolo<\/a>.<\/p>\n<p>Ascolta l&#8217;articolo nel <a href=\"https:\/\/twominutechristianity.podbean.com\/e\/40-historians-reject-the-bible-story-and-all-other-supernatural-claims-too\/\">podcast<\/a> o nel <a href=\"https:\/\/www.youtube.com\/watch?v=AHT9BbmCj98\">canale YouTube<\/a>.<\/p>\n<p>All material on this article is copyright 2023 by Bob Seidensticker. Translation By Choam Goldberg.<\/p>\n<hr \/>\n<p><em>Avvertenza:<\/em><br \/>\n<em>La lingua di questo articolo cerca di conciliare l&#8217;inclusivit\u00e0 con la leggibilit\u00e0 e la scorrevolezza. Nessuno si offenda quindi se evita le ripetizioni e usa il plurale sovraesteso. <a href=\"https:\/\/www.leternoassente.com\/?p=5651\">Ch\u00e9 mi spiace, ma la schwa anche no.<\/a><\/em><\/p>\n<hr \/>\n<p><em>Qui sotto trovi la possibilit\u00e0 di commentare quest&#8217;articolo. Per farlo, devi<br \/>\n1. confermare che sei ateo\/a,<br \/>\n2. essere consapevole che, se menti, stai commettendo il gravissimo peccato di apostasia,<br \/>\n3. aspettare che il commento sia approvato dall&#8217;admin.<br \/>\nL&#8217;approvazione dei commenti dipende dall&#8217;insindacabile e inappellabile giudizio dell&#8217;admin. Se vuoi saperne di pi\u00f9 a proposito dei commenti, puoi consultare le <a href=\"http:\/\/www.leternoassente.com\/?page_id=957#nocomment\" target=\"_blank\" rel=\"noopener\">FAQ<\/a>.<br \/>\nInoltre puoi commentare gli articoli e i post nel <a href=\"https:\/\/www.facebook.com\/groups\/eternoassente\/\" target=\"_blank\" rel=\"noopener\">Gruppo Facebook de L&#8217;Eterno Assente<\/a>, se ti iscrivi al Gruppo dopo aver risposto a una semplice domanda.<\/em><\/p>\n","protected":false},"excerpt":{"rendered":"<p>Gli storici rifiutano la storia della Bibbia: insieme a tutte le altre affermazioni soprannaturali Non si trovano mai i dettagli della vicenda di Ges\u00f9 in un libro di storia, come per Giulio Cesare o Alessandro Magno. Perch\u00e9? Perch\u00e9 la Bibbia &hellip; <a href=\"https:\/\/www.leternoassente.com\/?page_id=6788\">Continua a leggere<span class=\"meta-nav\">&rarr;<\/span><\/a><\/p>\n","protected":false},"author":1,"featured_media":5533,"parent":5508,"menu_order":0,"comment_status":"open","ping_status":"closed","template":"","meta":{"footnotes":""},"class_list":["post-6788","page","type-page","status-publish","has-post-thumbnail","hentry"],"yoast_head":"<!-- This site is optimized with the Yoast SEO plugin v25.6 - https:\/\/yoast.com\/wordpress\/plugins\/seo\/ -->\n<title>Il cristianesimo in 2 minuti \u2013 40\/50 - L&#039;Eterno Assente<\/title>\n<meta name=\"description\" content=\"Gli storici rifiutano la storia della Bibbia: insieme a tutte le altre affermazioni soprannaturali\" \/>\n<meta name=\"robots\" content=\"index, follow, max-snippet:-1, max-image-preview:large, max-video-preview:-1\" \/>\n<link rel=\"canonical\" href=\"https:\/\/www.leternoassente.com\/?page_id=6788\" \/>\n<meta property=\"og:locale\" content=\"it_IT\" \/>\n<meta property=\"og:type\" content=\"article\" \/>\n<meta property=\"og:title\" content=\"Il cristianesimo in 2 minuti \u2013 40\/50 - L&#039;Eterno Assente\" \/>\n<meta property=\"og:description\" content=\"Gli storici rifiutano la storia della Bibbia: insieme a tutte le altre affermazioni soprannaturali\" \/>\n<meta property=\"og:url\" content=\"https:\/\/www.leternoassente.com\/?page_id=6788\" \/>\n<meta property=\"og:site_name\" content=\"L&#039;Eterno Assente\" \/>\n<meta property=\"article:modified_time\" content=\"2024-11-13T06:36:44+00:00\" \/>\n<meta property=\"og:image\" content=\"https:\/\/www.leternoassente.com\/wp-content\/uploads\/2022\/12\/2minuticristianesimotagliato.jpg\" \/>\n\t<meta property=\"og:image:width\" content=\"1213\" \/>\n\t<meta property=\"og:image:height\" content=\"600\" \/>\n\t<meta property=\"og:image:type\" content=\"image\/jpeg\" \/>\n<meta name=\"twitter:card\" content=\"summary_large_image\" \/>\n<meta name=\"twitter:site\" content=\"@leternoassente\" \/>\n<meta name=\"twitter:label1\" content=\"Tempo di lettura stimato\" \/>\n\t<meta name=\"twitter:data1\" content=\"5 minuti\" \/>\n<script type=\"application\/ld+json\" class=\"yoast-schema-graph\">{\"@context\":\"https:\/\/schema.org\",\"@graph\":[{\"@type\":\"WebPage\",\"@id\":\"https:\/\/www.leternoassente.com\/?page_id=6788\",\"url\":\"https:\/\/www.leternoassente.com\/?page_id=6788\",\"name\":\"Il cristianesimo in 2 minuti \u2013 40\/50 - L&#039;Eterno Assente\",\"isPartOf\":{\"@id\":\"https:\/\/www.leternoassente.com\/#website\"},\"primaryImageOfPage\":{\"@id\":\"https:\/\/www.leternoassente.com\/?page_id=6788#primaryimage\"},\"image\":{\"@id\":\"https:\/\/www.leternoassente.com\/?page_id=6788#primaryimage\"},\"thumbnailUrl\":\"https:\/\/www.leternoassente.com\/wp-content\/uploads\/2022\/12\/2minuticristianesimo-1.jpg\",\"datePublished\":\"2024-11-08T08:34:16+00:00\",\"dateModified\":\"2024-11-13T06:36:44+00:00\",\"description\":\"Gli storici rifiutano la storia della Bibbia: insieme a tutte le altre affermazioni soprannaturali\",\"breadcrumb\":{\"@id\":\"https:\/\/www.leternoassente.com\/?page_id=6788#breadcrumb\"},\"inLanguage\":\"it-IT\",\"potentialAction\":[{\"@type\":\"ReadAction\",\"target\":[\"https:\/\/www.leternoassente.com\/?page_id=6788\"]}]},{\"@type\":\"ImageObject\",\"inLanguage\":\"it-IT\",\"@id\":\"https:\/\/www.leternoassente.com\/?page_id=6788#primaryimage\",\"url\":\"https:\/\/www.leternoassente.com\/wp-content\/uploads\/2022\/12\/2minuticristianesimo-1.jpg\",\"contentUrl\":\"https:\/\/www.leternoassente.com\/wp-content\/uploads\/2022\/12\/2minuticristianesimo-1.jpg\",\"width\":1500,\"height\":434},{\"@type\":\"BreadcrumbList\",\"@id\":\"https:\/\/www.leternoassente.com\/?page_id=6788#breadcrumb\",\"itemListElement\":[{\"@type\":\"ListItem\",\"position\":1,\"name\":\"Home\",\"item\":\"https:\/\/www.leternoassente.com\/\"},{\"@type\":\"ListItem\",\"position\":2,\"name\":\"Il cristianesimo in 2 minuti\",\"item\":\"https:\/\/www.leternoassente.com\/?page_id=5508\"},{\"@type\":\"ListItem\",\"position\":3,\"name\":\"Il cristianesimo in 2 minuti \u2013 40\/50\"}]},{\"@type\":\"WebSite\",\"@id\":\"https:\/\/www.leternoassente.com\/#website\",\"url\":\"https:\/\/www.leternoassente.com\/\",\"name\":\"L&#039;Eterno Assente\",\"description\":\"Dio, la vita, il senso e altre cazzate\",\"publisher\":{\"@id\":\"https:\/\/www.leternoassente.com\/#\/schema\/person\/d2069751871fcdb89a30a0775f4170f9\"},\"potentialAction\":[{\"@type\":\"SearchAction\",\"target\":{\"@type\":\"EntryPoint\",\"urlTemplate\":\"https:\/\/www.leternoassente.com\/?s={search_term_string}\"},\"query-input\":{\"@type\":\"PropertyValueSpecification\",\"valueRequired\":true,\"valueName\":\"search_term_string\"}}],\"inLanguage\":\"it-IT\"},{\"@type\":[\"Person\",\"Organization\"],\"@id\":\"https:\/\/www.leternoassente.com\/#\/schema\/person\/d2069751871fcdb89a30a0775f4170f9\",\"name\":\"Choam Goldberg\",\"image\":{\"@type\":\"ImageObject\",\"inLanguage\":\"it-IT\",\"@id\":\"https:\/\/www.leternoassente.com\/#\/schema\/person\/image\/\",\"url\":\"https:\/\/secure.gravatar.com\/avatar\/63d2c9f25f05d3da5001f2898f6fc9cd?s=96&d=wavatar&r=g\",\"contentUrl\":\"https:\/\/secure.gravatar.com\/avatar\/63d2c9f25f05d3da5001f2898f6fc9cd?s=96&d=wavatar&r=g\",\"caption\":\"Choam Goldberg\"},\"logo\":{\"@id\":\"https:\/\/www.leternoassente.com\/#\/schema\/person\/image\/\"},\"description\":\"Contemplata la vastit\u00e0 del cazzo che gliene frega e raggiunta l\u2019atarass\u00eca, Choam Goldberg pratica nondimeno l'antica, dilettevole e nobile arte di demolire le credenze dei\u00a0beoti e degli insipienti.\",\"sameAs\":[\"http:\/\/www.leternoassente.com\"]}]}<\/script>\n<!-- \/ Yoast SEO plugin. -->","yoast_head_json":{"title":"Il cristianesimo in 2 minuti \u2013 40\/50 - L&#039;Eterno Assente","description":"Gli storici rifiutano la storia della Bibbia: insieme a tutte le altre affermazioni soprannaturali","robots":{"index":"index","follow":"follow","max-snippet":"max-snippet:-1","max-image-preview":"max-image-preview:large","max-video-preview":"max-video-preview:-1"},"canonical":"https:\/\/www.leternoassente.com\/?page_id=6788","og_locale":"it_IT","og_type":"article","og_title":"Il cristianesimo in 2 minuti \u2013 40\/50 - L&#039;Eterno Assente","og_description":"Gli storici rifiutano la storia della Bibbia: insieme a tutte le altre affermazioni soprannaturali","og_url":"https:\/\/www.leternoassente.com\/?page_id=6788","og_site_name":"L&#039;Eterno Assente","article_modified_time":"2024-11-13T06:36:44+00:00","og_image":[{"width":1213,"height":600,"url":"https:\/\/www.leternoassente.com\/wp-content\/uploads\/2022\/12\/2minuticristianesimotagliato.jpg","type":"image\/jpeg"}],"twitter_card":"summary_large_image","twitter_site":"@leternoassente","twitter_misc":{"Tempo di lettura stimato":"5 minuti"},"schema":{"@context":"https:\/\/schema.org","@graph":[{"@type":"WebPage","@id":"https:\/\/www.leternoassente.com\/?page_id=6788","url":"https:\/\/www.leternoassente.com\/?page_id=6788","name":"Il cristianesimo in 2 minuti \u2013 40\/50 - L&#039;Eterno Assente","isPartOf":{"@id":"https:\/\/www.leternoassente.com\/#website"},"primaryImageOfPage":{"@id":"https:\/\/www.leternoassente.com\/?page_id=6788#primaryimage"},"image":{"@id":"https:\/\/www.leternoassente.com\/?page_id=6788#primaryimage"},"thumbnailUrl":"https:\/\/www.leternoassente.com\/wp-content\/uploads\/2022\/12\/2minuticristianesimo-1.jpg","datePublished":"2024-11-08T08:34:16+00:00","dateModified":"2024-11-13T06:36:44+00:00","description":"Gli storici rifiutano la storia della Bibbia: insieme a tutte le altre affermazioni soprannaturali","breadcrumb":{"@id":"https:\/\/www.leternoassente.com\/?page_id=6788#breadcrumb"},"inLanguage":"it-IT","potentialAction":[{"@type":"ReadAction","target":["https:\/\/www.leternoassente.com\/?page_id=6788"]}]},{"@type":"ImageObject","inLanguage":"it-IT","@id":"https:\/\/www.leternoassente.com\/?page_id=6788#primaryimage","url":"https:\/\/www.leternoassente.com\/wp-content\/uploads\/2022\/12\/2minuticristianesimo-1.jpg","contentUrl":"https:\/\/www.leternoassente.com\/wp-content\/uploads\/2022\/12\/2minuticristianesimo-1.jpg","width":1500,"height":434},{"@type":"BreadcrumbList","@id":"https:\/\/www.leternoassente.com\/?page_id=6788#breadcrumb","itemListElement":[{"@type":"ListItem","position":1,"name":"Home","item":"https:\/\/www.leternoassente.com\/"},{"@type":"ListItem","position":2,"name":"Il cristianesimo in 2 minuti","item":"https:\/\/www.leternoassente.com\/?page_id=5508"},{"@type":"ListItem","position":3,"name":"Il cristianesimo in 2 minuti \u2013 40\/50"}]},{"@type":"WebSite","@id":"https:\/\/www.leternoassente.com\/#website","url":"https:\/\/www.leternoassente.com\/","name":"L&#039;Eterno Assente","description":"Dio, la vita, il senso e altre cazzate","publisher":{"@id":"https:\/\/www.leternoassente.com\/#\/schema\/person\/d2069751871fcdb89a30a0775f4170f9"},"potentialAction":[{"@type":"SearchAction","target":{"@type":"EntryPoint","urlTemplate":"https:\/\/www.leternoassente.com\/?s={search_term_string}"},"query-input":{"@type":"PropertyValueSpecification","valueRequired":true,"valueName":"search_term_string"}}],"inLanguage":"it-IT"},{"@type":["Person","Organization"],"@id":"https:\/\/www.leternoassente.com\/#\/schema\/person\/d2069751871fcdb89a30a0775f4170f9","name":"Choam Goldberg","image":{"@type":"ImageObject","inLanguage":"it-IT","@id":"https:\/\/www.leternoassente.com\/#\/schema\/person\/image\/","url":"https:\/\/secure.gravatar.com\/avatar\/63d2c9f25f05d3da5001f2898f6fc9cd?s=96&d=wavatar&r=g","contentUrl":"https:\/\/secure.gravatar.com\/avatar\/63d2c9f25f05d3da5001f2898f6fc9cd?s=96&d=wavatar&r=g","caption":"Choam Goldberg"},"logo":{"@id":"https:\/\/www.leternoassente.com\/#\/schema\/person\/image\/"},"description":"Contemplata la vastit\u00e0 del cazzo che gliene frega e raggiunta l\u2019atarass\u00eca, Choam Goldberg pratica nondimeno l'antica, dilettevole e nobile arte di demolire le credenze dei\u00a0beoti e degli insipienti.","sameAs":["http:\/\/www.leternoassente.com"]}]}},"_links":{"self":[{"href":"https:\/\/www.leternoassente.com\/index.php?rest_route=\/wp\/v2\/pages\/6788"}],"collection":[{"href":"https:\/\/www.leternoassente.com\/index.php?rest_route=\/wp\/v2\/pages"}],"about":[{"href":"https:\/\/www.leternoassente.com\/index.php?rest_route=\/wp\/v2\/types\/page"}],"author":[{"embeddable":true,"href":"https:\/\/www.leternoassente.com\/index.php?rest_route=\/wp\/v2\/users\/1"}],"replies":[{"embeddable":true,"href":"https:\/\/www.leternoassente.com\/index.php?rest_route=%2Fwp%2Fv2%2Fcomments&post=6788"}],"version-history":[{"count":3,"href":"https:\/\/www.leternoassente.com\/index.php?rest_route=\/wp\/v2\/pages\/6788\/revisions"}],"predecessor-version":[{"id":6806,"href":"https:\/\/www.leternoassente.com\/index.php?rest_route=\/wp\/v2\/pages\/6788\/revisions\/6806"}],"up":[{"embeddable":true,"href":"https:\/\/www.leternoassente.com\/index.php?rest_route=\/wp\/v2\/pages\/5508"}],"wp:featuredmedia":[{"embeddable":true,"href":"https:\/\/www.leternoassente.com\/index.php?rest_route=\/wp\/v2\/media\/5533"}],"wp:attachment":[{"href":"https:\/\/www.leternoassente.com\/index.php?rest_route=%2Fwp%2Fv2%2Fmedia&parent=6788"}],"curies":[{"name":"wp","href":"https:\/\/api.w.org\/{rel}","templated":true}]}}