{"id":6818,"date":"2024-11-20T07:25:14","date_gmt":"2024-11-20T06:25:14","guid":{"rendered":"https:\/\/www.leternoassente.com\/?page_id=6818"},"modified":"2024-12-02T13:24:36","modified_gmt":"2024-12-02T12:24:36","slug":"il-cristianesimo-in-2-minuti-42-50","status":"publish","type":"page","link":"https:\/\/www.leternoassente.com\/?page_id=6818","title":{"rendered":"Il cristianesimo in 2 minuti \u2013 42\/50"},"content":{"rendered":"<p><strong>Il mito del conflitto: Yahweh e gli d\u00e8i che lo hanno preceduto<\/strong><\/p>\n<hr \/>\n<p><a href=\"https:\/\/www.leternoassente.com\/wp-content\/uploads\/2024\/11\/mostrodelcaos.jpg\"><img loading=\"lazy\" decoding=\"async\" class=\"alignleft size-full wp-image-6819\" src=\"https:\/\/www.leternoassente.com\/wp-content\/uploads\/2024\/11\/mostrodelcaos.jpg\" alt=\"\" width=\"1440\" height=\"811\" srcset=\"https:\/\/www.leternoassente.com\/wp-content\/uploads\/2024\/11\/mostrodelcaos.jpg 1440w, https:\/\/www.leternoassente.com\/wp-content\/uploads\/2024\/11\/mostrodelcaos-300x169.jpg 300w, https:\/\/www.leternoassente.com\/wp-content\/uploads\/2024\/11\/mostrodelcaos-1024x577.jpg 1024w, https:\/\/www.leternoassente.com\/wp-content\/uploads\/2024\/11\/mostrodelcaos-768x433.jpg 768w, https:\/\/www.leternoassente.com\/wp-content\/uploads\/2024\/11\/mostrodelcaos-500x282.jpg 500w\" sizes=\"(max-width: 1440px) 100vw, 1440px\" \/><\/a><\/p>\n<p>Il mito del conflitto \u00e8 una battaglia soprannaturale tra ordine e caos (o Bene e Male). \u00c8 una storia comune nelle mitologie delle civilt\u00e0 del Medio Oriente antico. Ne troviamo i resti perfino nella storia di Yahweh nell&#8217;Antico testamento.<\/p>\n<p>Iniziamo con un mito accadico che si \u00e8 sviluppato circa 1000 anni prima delle storie di Yahweh nell&#8217;Antico testamento. L&#8217;impero accadico segu\u00ec Sumer come principale civilt\u00e0 mesopotamica.<\/p>\n<p>Nel pantheon accadico, Enlil era il re degli d\u00e8i. La regalit\u00e0 era affidata al dio che deteneva la Tavola dei destini, che mostrava tutto ci\u00f2 che era accaduto e tutto ci\u00f2 che sarebbe accaduto.<\/p>\n<p>Il grifone Anzu, assistente di Enlil, rub\u00f2 la Tavola e vol\u00f2 via, e il caos minacci\u00f2 l&#8217;ordine. La regalit\u00e0 sarebbe andata al dio che avesse ristabilito l&#8217;ordine, ma nessuno accett\u00f2 la sfida. Alla fine Ninurta, fino a quel momento un dio di secondo piano, si offr\u00ec volontario. Dopo aver sconfitto Anzu e aver ristabilito l&#8217;ordine, Ninurta sal\u00ec al rango di re degli d\u00e8i.<\/p>\n<p>Da esempi come questi, presenti nella letteratura del Medio Oriente antico, si possono ricavare gli elementi del mito del conflitto. Il mito inizia con una minaccia caotica al consiglio degli d\u00e8i. Nessuno degli d\u00e8i della vecchia generazione \u00e8 disposto ad affrontare la sfida, ma un giovane dio si fa avanti, sconfigge il mostro e diventa il nuovo re degli d\u00e8i.<\/p>\n<p>Un altro mito di questa regione proviene da Ugarit, appena a nord di Israele, intorno al 1300 a.C. Questo \u00e8 l&#8217;ambiente da cui \u00e8 emerso il protogiudaismo. In questo mito El \u00e8 il dio principale e Baal (\u00abSignore\u00bb) si offre volontario per combattere la minaccia del caos. Baal usa una mazza soprannaturale per uccidere Yam (\u00abMare\u00bb), il dio del mare simile a un serpente. Poi Baal combatte Mot (\u00abMorte\u00bb), un&#8217;altra minaccia all&#8217;ordine. Baal muore in questa battaglia, ma viene riportato in vita per sconfiggere definitivamente Mot.<\/p>\n<p>Il primo giudaismo aveva lo stesso consiglio di divinit\u00e0 della mitologia ugaritica precedente. Yahweh era un figlio di El (chiamato anche Elyon) ed era solo uno dei tanti nel consiglio degli d\u00e8i. Yahweh ricevette Israele come sua eredit\u00e0, mentre agli altri d\u00e8i del consiglio furono assegnate le proprie trib\u00f9 da governare. Il Deuteronomio dice:<\/p>\n<blockquote><p>Quando il Dio Altissimo assegn\u00f2 ai popoli la terra,<br \/>\nquando distribu\u00ec gli uomini nel mondo,<br \/>\nsegn\u00f2 i confini delle nazioni<br \/>\ne diede a ognuna un dio protettore.<br \/>\nMa lui, il Signore, ha riservato per s\u00e9 il popolo d\u2019Israele,<br \/>\ni discendenti di Giacobbe li ha fatti sua propriet\u00e0.<br \/>\n\u2013 Deuteronomio 31, 8-9<\/p><\/blockquote>\n<p>Il mito del conflitto della Bibbia si trova nei Salmi, quando Yahweh uccide il mostro del caos Rahab (un altro nome per il mostro marino) e diventa re del consiglio degli d\u00e8i:<\/p>\n<blockquote><p>I cieli cantano le tue meraviglie, Signore;<br \/>\nl\u2019assemblea degli angeli esalta la tua fedelt\u00e0.<br \/>\nLass\u00f9, chi \u00e8 come te, Signore?<br \/>\nquale dio \u00e8 simile a te?<br \/>\nSei un Dio terribile nel consiglio degli angeli,<br \/>\nmetti spavento in quanti ti circondano.<br \/>\n\u2013 Salmi 89,6-8<\/p><\/blockquote>\n<p>Troviamo il mito del conflitto prima nelle religioni mesopotamiche e poi nella storia di Yahweh. Questo dimostra che Yahweh si \u00e8 sviluppato da questi miti precedenti.<\/p>\n<p><a href=\"https:\/\/2minutechristianity.com\/blog\/\"><strong>Bob Seidensticker<\/strong><\/a><\/p>\n<hr \/>\n<p><strong>Note<\/strong><\/p>\n<p>Nel linguaggio comune \u00abmito\u00bb significa \u00abstoria falsa\u00bb, ma per gli studiosi l&#8217;etichetta non \u00e8 un giudizio sulla sua verit\u00e0. Piuttosto un mito \u00e8 una narrazione sacra che spiega alcuni aspetti della realt\u00e0. Per esempio la Genesi ha due diversi miti della creazione che spiegano da dove viene tutto.<\/p>\n<p>L&#8217;impero accadico inizi\u00f2 nel 2300 a.C. con Sargon, il suo primo sovrano, e dur\u00f2 per due secoli. Si estendeva dalla Siria al Golfo Persico. Dal suo crollo nacquero l&#8217;Assiria a nord e, pochi secoli dopo, la Babilonia a sud.<\/p>\n<blockquote><p>Quando Elyon divise le nazioni (&#8230;)<br \/>\n\u2013 Deuteronomio 32,8<\/p><\/blockquote>\n<p>Questa \u00e8 la versione dei Rotoli del Mar Morto e la traduzione \u00e8 tratta da Thom Stark, The Human Faces of God, Wipf &amp; Stock (2011), 71-72.<\/p>\n<hr \/>\n<p>(42\/50 \u2013 <a href=\"https:\/\/www.leternoassente.com\/?page_id=6832\">continua<\/a>)<\/p>\n<p>Immagine: <a href=\"https:\/\/en.wikipedia.org\/wiki\/File:Chaos_Monster_and_Sun_God.png\">Wikimedia<\/a> (public domain)<\/p>\n<p><a href=\"https:\/\/www.leternoassente.com\/?page_id=5508\">Tutte le puntate.<\/a><\/p>\n<p>Leggi la <a href=\"https:\/\/2minutechristianity.com\/2023\/06\/12\/42-the-combat-myth-yahweh-and-the-gods-who-preceded-him\/\">versione originale dell&#8217;articolo<\/a>.<\/p>\n<p>Ascolta l&#8217;articolo nel <a href=\"https:\/\/twominutechristianity.podbean.com\/e\/42-the-combat-myth-yahweh-and-the-gods-who-preceded-him\/\">podcast<\/a> o nel <a href=\"https:\/\/www.youtube.com\/watch?v=H-FlJuaP_O8\">canale YouTube<\/a>.<\/p>\n<p>All material on this article is copyright 2023 by Bob Seidensticker. Translation By Choam Goldberg.<\/p>\n<hr \/>\n<p><em>Avvertenza:<\/em><br \/>\n<em>La lingua di questo articolo cerca di conciliare l&#8217;inclusivit\u00e0 con la leggibilit\u00e0 e la scorrevolezza. Nessuno si offenda quindi se evita le ripetizioni e usa il plurale sovraesteso. <a href=\"https:\/\/www.leternoassente.com\/?p=5651\">Ch\u00e9 mi spiace, ma la schwa anche no.<\/a><\/em><\/p>\n<hr \/>\n<p><em>Qui sotto trovi la possibilit\u00e0 di commentare quest&#8217;articolo. Per farlo, devi<br \/>\n1. confermare che sei ateo\/a,<br \/>\n2. essere consapevole che, se menti, stai commettendo il gravissimo peccato di apostasia,<br \/>\n3. aspettare che il commento sia approvato dall&#8217;admin.<br \/>\nL&#8217;approvazione dei commenti dipende dall&#8217;insindacabile e inappellabile giudizio dell&#8217;admin. Se vuoi saperne di pi\u00f9 a proposito dei commenti, puoi consultare le <a href=\"http:\/\/www.leternoassente.com\/?page_id=957#nocomment\" target=\"_blank\" rel=\"noopener\">FAQ<\/a>.<br \/>\nInoltre puoi commentare gli articoli e i post nel <a href=\"https:\/\/www.facebook.com\/groups\/eternoassente\/\" target=\"_blank\" rel=\"noopener\">Gruppo Facebook de L&#8217;Eterno Assente<\/a>, se ti iscrivi al Gruppo dopo aver risposto a una semplice domanda.<\/em><\/p>\n","protected":false},"excerpt":{"rendered":"<p>Il mito del conflitto: Yahweh e gli d\u00e8i che lo hanno preceduto Il mito del conflitto \u00e8 una battaglia soprannaturale tra ordine e caos (o Bene e Male). \u00c8 una storia comune nelle mitologie delle civilt\u00e0 del Medio Oriente antico. &hellip; <a href=\"https:\/\/www.leternoassente.com\/?page_id=6818\">Continua a leggere<span class=\"meta-nav\">&rarr;<\/span><\/a><\/p>\n","protected":false},"author":1,"featured_media":5533,"parent":5508,"menu_order":0,"comment_status":"open","ping_status":"closed","template":"","meta":{"footnotes":""},"class_list":["post-6818","page","type-page","status-publish","has-post-thumbnail","hentry"],"yoast_head":"<!-- This site is optimized with the Yoast SEO plugin v25.6 - https:\/\/yoast.com\/wordpress\/plugins\/seo\/ -->\n<title>Il cristianesimo in 2 minuti \u2013 42\/50 - L&#039;Eterno Assente<\/title>\n<meta name=\"description\" content=\"Il mito del conflitto: Yahweh e gli d\u00e8i che lo hanno preceduto\" \/>\n<meta name=\"robots\" content=\"index, follow, max-snippet:-1, max-image-preview:large, max-video-preview:-1\" \/>\n<link rel=\"canonical\" href=\"https:\/\/www.leternoassente.com\/?page_id=6818\" \/>\n<meta property=\"og:locale\" content=\"it_IT\" \/>\n<meta property=\"og:type\" content=\"article\" \/>\n<meta property=\"og:title\" content=\"Il cristianesimo in 2 minuti \u2013 42\/50 - L&#039;Eterno Assente\" \/>\n<meta property=\"og:description\" content=\"Il mito del conflitto: Yahweh e gli d\u00e8i che lo hanno preceduto\" \/>\n<meta property=\"og:url\" content=\"https:\/\/www.leternoassente.com\/?page_id=6818\" \/>\n<meta property=\"og:site_name\" content=\"L&#039;Eterno Assente\" \/>\n<meta property=\"article:modified_time\" content=\"2024-12-02T12:24:36+00:00\" \/>\n<meta property=\"og:image\" content=\"https:\/\/www.leternoassente.com\/wp-content\/uploads\/2022\/12\/2minuticristianesimotagliato.jpg\" \/>\n\t<meta property=\"og:image:width\" content=\"1213\" \/>\n\t<meta property=\"og:image:height\" content=\"600\" \/>\n\t<meta property=\"og:image:type\" content=\"image\/jpeg\" \/>\n<meta name=\"twitter:card\" content=\"summary_large_image\" \/>\n<meta name=\"twitter:site\" content=\"@leternoassente\" \/>\n<meta name=\"twitter:label1\" content=\"Tempo di lettura stimato\" \/>\n\t<meta name=\"twitter:data1\" content=\"5 minuti\" \/>\n<script type=\"application\/ld+json\" class=\"yoast-schema-graph\">{\"@context\":\"https:\/\/schema.org\",\"@graph\":[{\"@type\":\"WebPage\",\"@id\":\"https:\/\/www.leternoassente.com\/?page_id=6818\",\"url\":\"https:\/\/www.leternoassente.com\/?page_id=6818\",\"name\":\"Il cristianesimo in 2 minuti \u2013 42\/50 - L&#039;Eterno Assente\",\"isPartOf\":{\"@id\":\"https:\/\/www.leternoassente.com\/#website\"},\"primaryImageOfPage\":{\"@id\":\"https:\/\/www.leternoassente.com\/?page_id=6818#primaryimage\"},\"image\":{\"@id\":\"https:\/\/www.leternoassente.com\/?page_id=6818#primaryimage\"},\"thumbnailUrl\":\"https:\/\/www.leternoassente.com\/wp-content\/uploads\/2022\/12\/2minuticristianesimo-1.jpg\",\"datePublished\":\"2024-11-20T06:25:14+00:00\",\"dateModified\":\"2024-12-02T12:24:36+00:00\",\"description\":\"Il mito del conflitto: Yahweh e gli d\u00e8i che lo hanno preceduto\",\"breadcrumb\":{\"@id\":\"https:\/\/www.leternoassente.com\/?page_id=6818#breadcrumb\"},\"inLanguage\":\"it-IT\",\"potentialAction\":[{\"@type\":\"ReadAction\",\"target\":[\"https:\/\/www.leternoassente.com\/?page_id=6818\"]}]},{\"@type\":\"ImageObject\",\"inLanguage\":\"it-IT\",\"@id\":\"https:\/\/www.leternoassente.com\/?page_id=6818#primaryimage\",\"url\":\"https:\/\/www.leternoassente.com\/wp-content\/uploads\/2022\/12\/2minuticristianesimo-1.jpg\",\"contentUrl\":\"https:\/\/www.leternoassente.com\/wp-content\/uploads\/2022\/12\/2minuticristianesimo-1.jpg\",\"width\":1500,\"height\":434},{\"@type\":\"BreadcrumbList\",\"@id\":\"https:\/\/www.leternoassente.com\/?page_id=6818#breadcrumb\",\"itemListElement\":[{\"@type\":\"ListItem\",\"position\":1,\"name\":\"Home\",\"item\":\"https:\/\/www.leternoassente.com\/\"},{\"@type\":\"ListItem\",\"position\":2,\"name\":\"Il cristianesimo in 2 minuti\",\"item\":\"https:\/\/www.leternoassente.com\/?page_id=5508\"},{\"@type\":\"ListItem\",\"position\":3,\"name\":\"Il cristianesimo in 2 minuti \u2013 42\/50\"}]},{\"@type\":\"WebSite\",\"@id\":\"https:\/\/www.leternoassente.com\/#website\",\"url\":\"https:\/\/www.leternoassente.com\/\",\"name\":\"L&#039;Eterno Assente\",\"description\":\"Dio, la vita, il senso e altre cazzate\",\"publisher\":{\"@id\":\"https:\/\/www.leternoassente.com\/#\/schema\/person\/d2069751871fcdb89a30a0775f4170f9\"},\"potentialAction\":[{\"@type\":\"SearchAction\",\"target\":{\"@type\":\"EntryPoint\",\"urlTemplate\":\"https:\/\/www.leternoassente.com\/?s={search_term_string}\"},\"query-input\":{\"@type\":\"PropertyValueSpecification\",\"valueRequired\":true,\"valueName\":\"search_term_string\"}}],\"inLanguage\":\"it-IT\"},{\"@type\":[\"Person\",\"Organization\"],\"@id\":\"https:\/\/www.leternoassente.com\/#\/schema\/person\/d2069751871fcdb89a30a0775f4170f9\",\"name\":\"Choam Goldberg\",\"image\":{\"@type\":\"ImageObject\",\"inLanguage\":\"it-IT\",\"@id\":\"https:\/\/www.leternoassente.com\/#\/schema\/person\/image\/\",\"url\":\"https:\/\/secure.gravatar.com\/avatar\/63d2c9f25f05d3da5001f2898f6fc9cd?s=96&d=wavatar&r=g\",\"contentUrl\":\"https:\/\/secure.gravatar.com\/avatar\/63d2c9f25f05d3da5001f2898f6fc9cd?s=96&d=wavatar&r=g\",\"caption\":\"Choam Goldberg\"},\"logo\":{\"@id\":\"https:\/\/www.leternoassente.com\/#\/schema\/person\/image\/\"},\"description\":\"Contemplata la vastit\u00e0 del cazzo che gliene frega e raggiunta l\u2019atarass\u00eca, Choam Goldberg pratica nondimeno l'antica, dilettevole e nobile arte di demolire le credenze dei\u00a0beoti e degli insipienti.\",\"sameAs\":[\"http:\/\/www.leternoassente.com\"]}]}<\/script>\n<!-- \/ Yoast SEO plugin. -->","yoast_head_json":{"title":"Il cristianesimo in 2 minuti \u2013 42\/50 - L&#039;Eterno Assente","description":"Il mito del conflitto: Yahweh e gli d\u00e8i che lo hanno preceduto","robots":{"index":"index","follow":"follow","max-snippet":"max-snippet:-1","max-image-preview":"max-image-preview:large","max-video-preview":"max-video-preview:-1"},"canonical":"https:\/\/www.leternoassente.com\/?page_id=6818","og_locale":"it_IT","og_type":"article","og_title":"Il cristianesimo in 2 minuti \u2013 42\/50 - L&#039;Eterno Assente","og_description":"Il mito del conflitto: Yahweh e gli d\u00e8i che lo hanno preceduto","og_url":"https:\/\/www.leternoassente.com\/?page_id=6818","og_site_name":"L&#039;Eterno Assente","article_modified_time":"2024-12-02T12:24:36+00:00","og_image":[{"width":1213,"height":600,"url":"https:\/\/www.leternoassente.com\/wp-content\/uploads\/2022\/12\/2minuticristianesimotagliato.jpg","type":"image\/jpeg"}],"twitter_card":"summary_large_image","twitter_site":"@leternoassente","twitter_misc":{"Tempo di lettura stimato":"5 minuti"},"schema":{"@context":"https:\/\/schema.org","@graph":[{"@type":"WebPage","@id":"https:\/\/www.leternoassente.com\/?page_id=6818","url":"https:\/\/www.leternoassente.com\/?page_id=6818","name":"Il cristianesimo in 2 minuti \u2013 42\/50 - L&#039;Eterno Assente","isPartOf":{"@id":"https:\/\/www.leternoassente.com\/#website"},"primaryImageOfPage":{"@id":"https:\/\/www.leternoassente.com\/?page_id=6818#primaryimage"},"image":{"@id":"https:\/\/www.leternoassente.com\/?page_id=6818#primaryimage"},"thumbnailUrl":"https:\/\/www.leternoassente.com\/wp-content\/uploads\/2022\/12\/2minuticristianesimo-1.jpg","datePublished":"2024-11-20T06:25:14+00:00","dateModified":"2024-12-02T12:24:36+00:00","description":"Il mito del conflitto: Yahweh e gli d\u00e8i che lo hanno preceduto","breadcrumb":{"@id":"https:\/\/www.leternoassente.com\/?page_id=6818#breadcrumb"},"inLanguage":"it-IT","potentialAction":[{"@type":"ReadAction","target":["https:\/\/www.leternoassente.com\/?page_id=6818"]}]},{"@type":"ImageObject","inLanguage":"it-IT","@id":"https:\/\/www.leternoassente.com\/?page_id=6818#primaryimage","url":"https:\/\/www.leternoassente.com\/wp-content\/uploads\/2022\/12\/2minuticristianesimo-1.jpg","contentUrl":"https:\/\/www.leternoassente.com\/wp-content\/uploads\/2022\/12\/2minuticristianesimo-1.jpg","width":1500,"height":434},{"@type":"BreadcrumbList","@id":"https:\/\/www.leternoassente.com\/?page_id=6818#breadcrumb","itemListElement":[{"@type":"ListItem","position":1,"name":"Home","item":"https:\/\/www.leternoassente.com\/"},{"@type":"ListItem","position":2,"name":"Il cristianesimo in 2 minuti","item":"https:\/\/www.leternoassente.com\/?page_id=5508"},{"@type":"ListItem","position":3,"name":"Il cristianesimo in 2 minuti \u2013 42\/50"}]},{"@type":"WebSite","@id":"https:\/\/www.leternoassente.com\/#website","url":"https:\/\/www.leternoassente.com\/","name":"L&#039;Eterno Assente","description":"Dio, la vita, il senso e altre cazzate","publisher":{"@id":"https:\/\/www.leternoassente.com\/#\/schema\/person\/d2069751871fcdb89a30a0775f4170f9"},"potentialAction":[{"@type":"SearchAction","target":{"@type":"EntryPoint","urlTemplate":"https:\/\/www.leternoassente.com\/?s={search_term_string}"},"query-input":{"@type":"PropertyValueSpecification","valueRequired":true,"valueName":"search_term_string"}}],"inLanguage":"it-IT"},{"@type":["Person","Organization"],"@id":"https:\/\/www.leternoassente.com\/#\/schema\/person\/d2069751871fcdb89a30a0775f4170f9","name":"Choam Goldberg","image":{"@type":"ImageObject","inLanguage":"it-IT","@id":"https:\/\/www.leternoassente.com\/#\/schema\/person\/image\/","url":"https:\/\/secure.gravatar.com\/avatar\/63d2c9f25f05d3da5001f2898f6fc9cd?s=96&d=wavatar&r=g","contentUrl":"https:\/\/secure.gravatar.com\/avatar\/63d2c9f25f05d3da5001f2898f6fc9cd?s=96&d=wavatar&r=g","caption":"Choam Goldberg"},"logo":{"@id":"https:\/\/www.leternoassente.com\/#\/schema\/person\/image\/"},"description":"Contemplata la vastit\u00e0 del cazzo che gliene frega e raggiunta l\u2019atarass\u00eca, Choam Goldberg pratica nondimeno l'antica, dilettevole e nobile arte di demolire le credenze dei\u00a0beoti e degli insipienti.","sameAs":["http:\/\/www.leternoassente.com"]}]}},"_links":{"self":[{"href":"https:\/\/www.leternoassente.com\/index.php?rest_route=\/wp\/v2\/pages\/6818"}],"collection":[{"href":"https:\/\/www.leternoassente.com\/index.php?rest_route=\/wp\/v2\/pages"}],"about":[{"href":"https:\/\/www.leternoassente.com\/index.php?rest_route=\/wp\/v2\/types\/page"}],"author":[{"embeddable":true,"href":"https:\/\/www.leternoassente.com\/index.php?rest_route=\/wp\/v2\/users\/1"}],"replies":[{"embeddable":true,"href":"https:\/\/www.leternoassente.com\/index.php?rest_route=%2Fwp%2Fv2%2Fcomments&post=6818"}],"version-history":[{"count":5,"href":"https:\/\/www.leternoassente.com\/index.php?rest_route=\/wp\/v2\/pages\/6818\/revisions"}],"predecessor-version":[{"id":6838,"href":"https:\/\/www.leternoassente.com\/index.php?rest_route=\/wp\/v2\/pages\/6818\/revisions\/6838"}],"up":[{"embeddable":true,"href":"https:\/\/www.leternoassente.com\/index.php?rest_route=\/wp\/v2\/pages\/5508"}],"wp:featuredmedia":[{"embeddable":true,"href":"https:\/\/www.leternoassente.com\/index.php?rest_route=\/wp\/v2\/media\/5533"}],"wp:attachment":[{"href":"https:\/\/www.leternoassente.com\/index.php?rest_route=%2Fwp%2Fv2%2Fmedia&parent=6818"}],"curies":[{"name":"wp","href":"https:\/\/api.w.org\/{rel}","templated":true}]}}