{"id":6896,"date":"2025-01-02T10:18:34","date_gmt":"2025-01-02T09:18:34","guid":{"rendered":"https:\/\/www.leternoassente.com\/?page_id=6896"},"modified":"2025-01-08T11:48:23","modified_gmt":"2025-01-08T10:48:23","slug":"il-cristianesimo-in-2-minuti-46-50","status":"publish","type":"page","link":"https:\/\/www.leternoassente.com\/?page_id=6896","title":{"rendered":"Il cristianesimo in 2 minuti \u2013 46\/50"},"content":{"rendered":"<p><strong>La kryptonite di Dio: anche l&#8217;Onnipotente ha delle debolezze<\/strong><\/p>\n<hr \/>\n<p><a href=\"https:\/\/www.leternoassente.com\/wp-content\/uploads\/2025\/01\/nuvole.jpg\"><img loading=\"lazy\" decoding=\"async\" class=\"alignleft size-full wp-image-6897\" src=\"https:\/\/www.leternoassente.com\/wp-content\/uploads\/2025\/01\/nuvole.jpg\" alt=\"\" width=\"1440\" height=\"809\" srcset=\"https:\/\/www.leternoassente.com\/wp-content\/uploads\/2025\/01\/nuvole.jpg 1440w, https:\/\/www.leternoassente.com\/wp-content\/uploads\/2025\/01\/nuvole-300x169.jpg 300w, https:\/\/www.leternoassente.com\/wp-content\/uploads\/2025\/01\/nuvole-1024x575.jpg 1024w, https:\/\/www.leternoassente.com\/wp-content\/uploads\/2025\/01\/nuvole-768x431.jpg 768w, https:\/\/www.leternoassente.com\/wp-content\/uploads\/2025\/01\/nuvole-500x281.jpg 500w\" sizes=\"(max-width: 1440px) 100vw, 1440px\" \/><\/a><\/p>\n<p>All&#8217;inizio Dio non era onnipotente. Solo pi\u00f9 tardi nella Bibbia \u00e8 diventato onnipotente, onnisciente, onnipresente eccetera. Alcune delle prime storie della Bibbia rivelano i limiti iniziali di Dio.<\/p>\n<p>Nel 2. libro dei Re leggiamo che, dopo che Israele unificato si era diviso in Israele e Giuda, il regno di Moab era un vassallo di Israele. Un re moabita si stanc\u00f2 di pagare il tributo a Israele e si ribell\u00f2. Per sottomettere Moab, Israele e i suoi alleati lo attaccarono, distruggendo citt\u00e0 e paesi.<\/p>\n<p>Quando i suoi nemici raggiunsero l&#8217;ultima roccaforte moabita, il re di Moab us\u00f2 uno stratagemma estremo. Prese suo figlio, il futuro re, e lo sacrific\u00f2 sulle mura della citt\u00e0 al dio moabita Chemosh. Il risultato: \u00abUn grande terrore s\u2019impadron\u00ec degli Israeliti, che scapparono e se ne tornarono nella loro terra\u00bb.<\/p>\n<p>Questo contraddice la promessa di pochi versetti prima, dove il profeta Eliseo aveva detto: \u00abIl Signore far\u00e0 cose ben pi\u00f9 grandi: far\u00e0 cadere il territorio di Moab nelle vostre mani. Potrete distruggere le loro fortezze e le loro citt\u00e0 pi\u00f9 importanti\u00bb. Ancora peggio,Yahweh perse in una lotta fra le sue trib\u00f9 e quelle di Chemosh. Forse Yahweh avrebbe potuto vincere se avesse ottenuto una supplemento di forza dal sacrificio del proprio futuro re invece che da quello del futuro re rivale.<\/p>\n<p>Se Chemosh non sembra altro che un dio tribale inventato da antiche popolazioni primitive, perch\u00e9 Yahweh sembra diverso?<\/p>\n<p>Esaminiamo un&#8217;altra situazione di guerra nel libro dei Giudici. Un nemico tormentava Israele da 20 anni con \u00abnovecento carri da guerra di ferro\u00bb, ma, per quanto potente fosse questa forza di carri, Israele, con il sostegno di Dio, riusc\u00ec a sconfiggerla.<\/p>\n<p>Ancora prima, all&#8217;inizio del libro dei Giudici, un altro conflitto si era concluso in modo molto diverso. Il libro inizia con le trib\u00f9 israelite di Giuda e Simeone che uniscono le forze per distruggere le rimanenti roccaforti cananee. Tuttavia la campagna non ebbe un successo completo. \u00abI soldati di Giuda conquistarono anche la citt\u00e0 di Gaza, \u00c0scalon ed Ekron e i territori circostanti. Aiutati dal Signore, ottennero il controllo di tutta la zona di montagna. Per\u00f2 non riuscirono a scacciare gli abitanti della vallata, perch\u00e9 essi usavano carri da guerra di ferro\u00bb.<\/p>\n<p>Il versetto chiarisce che Yahweh era l\u00ec, a sostenere il suo popolo, ma in qualche modo le armi dell&#8217;Et\u00e0 del ferro sconfissero l&#8217;onnipotente creatore dell&#8217;universo.<\/p>\n<p>Questo \u00e8 facile da capire quando ci rendiamo conto che, a questo punto della Bibbia, Yahweh aveva delle debolezze e non era l&#8217;essere onnipotente in cui si sarebbe evoluto pi\u00f9 tardi nelle Sacre scritture. Era pi\u00f9 simile a Ercole: molto forte ma non invincibile, saggio ma non onnisciente e pure lunatico. La Bibbia stessa registra questa evoluzione.<\/p>\n<p>Anche Ges\u00f9 aveva dei limiti. Mentre predicava a Nazareth, non ricevette l&#8217;accoglienza che si aspettava: \u00abCos\u00ec in quell\u2019ambiente non ebbe la possibilit\u00e0 di fare miracoli (guar\u00ec soltanto pochi malati posando le mani su di loro).\u00a0E si meravigliava che quella gente non avesse fede\u00bb.<\/p>\n<p>Naturalmente il motivo del fallimento di Ges\u00f9 non \u00e8 il punto: il punto \u00e8 che Ges\u00f9 ha fallito. Se la kryptonite per Dio \u00e8 il ferro, a quanto pare per Ges\u00f9 \u00e8 la mancanza di fede.<\/p>\n<p>Queste storie illustrano chiaramente che Dio \u2013 oggi onnipotente, onnisciente e onnipresente \u2013 si \u00e8 evoluto da inizi letterari molto pi\u00f9 umili.<\/p>\n<p><a href=\"https:\/\/2minutechristianity.com\/blog\/\"><strong>Bob Seidensticker<\/strong><\/a><\/p>\n<hr \/>\n<p><strong>Note<\/strong><\/p>\n<p>Bruciare le offerte. Come si pu\u00f2 trasmettere un dono a Dio? Si usa il fumo per portare il nutrimento dell&#8217;offerta in cielo, dove vive Dio. Un \u00absacrificio animale\u00bb veniva parzialmente bruciato e poi mangiato, mentre un \u00abolocausto\u00bb veniva bruciato completamente. La Bibbia fa riferimento all&#8217;\u00abaroma gradevole\u00bb delle offerte per 40 volte.<\/p>\n<blockquote><p>Quando il re di Moab cap\u00ec che ormai stava perdendo la battaglia, prese con s\u00e9 settecento uomini armati di spada, per aprirsi un varco verso il re di Edom. I soldati non vi riuscirono.\u00a027Allora il re di Moab prese il suo figlio primogenito, che avrebbe dovuto regnare dopo di lui, e lo offr\u00ec in sacrificio sulle mura della citt\u00e0. Un grande terrore s\u2019impadron\u00ec degli Israeliti, che scapparono e se ne tornarono nella loro terra.<br \/>\n\u2013 2 Re 3,26-27<\/p>\n<p>Il Signore far\u00e0 cose ben pi\u00f9 grandi: far\u00e0 cadere il territorio di Moab nelle vostre mani.\u00a019Potrete distruggere le loro fortezze e le loro citt\u00e0 pi\u00f9 importanti. Abbatterete tutti i loro alberi da frutta, turerete tutte le loro sorgenti e rovinerete i loro fertili campi coprendoli di sassi\u00bb.<br \/>\n\u2013 2 Re 3,18-19<\/p>\n<p>Aiutati dal Signore, ottennero il controllo di tutta la zona di montagna. Per\u00f2 non riuscirono a scacciare gli abitanti della vallata, perch\u00e9 essi usavano carri da guerra di ferro.<br \/>\n\u2013 Giudici 1,19<\/p>\n<p>Cos\u00ec in quell\u2019ambiente non ebbe la possibilit\u00e0 di fare miracoli (guar\u00ec soltanto pochi malati posando le mani su di loro).\u00a0E si meravigliava che quella gente non avesse fede.<br \/>\n\u2013 Marco 6,5-6<\/p><\/blockquote>\n<hr \/>\n<p>(46\/50 \u2013 <a href=\"https:\/\/www.leternoassente.com\/?page_id=6908\" data-wplink-edit=\"true\">continua<\/a>)<\/p>\n<p>Immagine: <a href=\"https:\/\/unsplash.com\/it\/foto\/fumo-verde-su-nuvole-bianche-YbqUpl_Td-I\">Michael Dagonakis<\/a> via Unsplash<\/p>\n<p><a href=\"https:\/\/www.leternoassente.com\/?page_id=5508\">Tutte le puntate.<\/a><\/p>\n<p>Leggi la <a href=\"https:\/\/2minutechristianity.com\/2023\/07\/10\/46-gods-kryptonite-the-almighty-has-weaknesses-too\/\">versione originale dell&#8217;articolo<\/a>.<\/p>\n<p>Ascolta l&#8217;articolo nel <a href=\"https:\/\/twominutechristianity.podbean.com\/e\/46-god-s-kryptonite-the-almighty-has-weaknesses-too\/\">podcast<\/a> o nel <a href=\"https:\/\/www.youtube.com\/watch?v=94zobK9ixZU\">canale YouTube<\/a>.<\/p>\n<p>All material on this article is copyright 2023 by Bob Seidensticker. Translation By Choam Goldberg.<\/p>\n<hr \/>\n<p><em>Avvertenza:<\/em><br \/>\n<em>La lingua di questo articolo cerca di conciliare l&#8217;inclusivit\u00e0 con la leggibilit\u00e0 e la scorrevolezza. Nessuno si offenda quindi se evita le ripetizioni e usa il plurale sovraesteso. <a href=\"https:\/\/www.leternoassente.com\/?p=5651\">Ch\u00e9 mi spiace, ma la schwa anche no.<\/a><\/em><\/p>\n<hr \/>\n<p><em>Qui sotto trovi la possibilit\u00e0 di commentare quest&#8217;articolo. Per farlo, devi<br \/>\n1. confermare che sei ateo\/a,<br \/>\n2. essere consapevole che, se menti, stai commettendo il gravissimo peccato di apostasia,<br \/>\n3. aspettare che il commento sia approvato dall&#8217;admin.<br \/>\nL&#8217;approvazione dei commenti dipende dall&#8217;insindacabile e inappellabile giudizio dell&#8217;admin. Se vuoi saperne di pi\u00f9 a proposito dei commenti, puoi consultare le <a href=\"http:\/\/www.leternoassente.com\/?page_id=957#nocomment\" target=\"_blank\" rel=\"noopener\">FAQ<\/a>.<br \/>\nInoltre puoi commentare gli articoli e i post nel <a href=\"https:\/\/www.facebook.com\/groups\/eternoassente\/\" target=\"_blank\" rel=\"noopener\">Gruppo Facebook de L&#8217;Eterno Assente<\/a>, se ti iscrivi al Gruppo dopo aver risposto a una semplice domanda.<\/em><\/p>\n","protected":false},"excerpt":{"rendered":"<p>La kryptonite di Dio: anche l&#8217;Onnipotente ha delle debolezze All&#8217;inizio Dio non era onnipotente. Solo pi\u00f9 tardi nella Bibbia \u00e8 diventato onnipotente, onnisciente, onnipresente eccetera. Alcune delle prime storie della Bibbia rivelano i limiti iniziali di Dio. Nel 2. libro &hellip; <a href=\"https:\/\/www.leternoassente.com\/?page_id=6896\">Continua a leggere<span class=\"meta-nav\">&rarr;<\/span><\/a><\/p>\n","protected":false},"author":1,"featured_media":5533,"parent":5508,"menu_order":0,"comment_status":"open","ping_status":"closed","template":"","meta":{"footnotes":""},"class_list":["post-6896","page","type-page","status-publish","has-post-thumbnail","hentry"],"yoast_head":"<!-- This site is optimized with the Yoast SEO plugin v25.6 - https:\/\/yoast.com\/wordpress\/plugins\/seo\/ -->\n<title>Il cristianesimo in 2 minuti \u2013 46\/50 - L&#039;Eterno Assente<\/title>\n<meta name=\"description\" content=\"La kryptonite di Dio: anche l&#039;Onnipotente ha delle debolezze\" \/>\n<meta name=\"robots\" content=\"index, follow, max-snippet:-1, max-image-preview:large, max-video-preview:-1\" \/>\n<link rel=\"canonical\" href=\"https:\/\/www.leternoassente.com\/?page_id=6896\" \/>\n<meta property=\"og:locale\" content=\"it_IT\" \/>\n<meta property=\"og:type\" content=\"article\" \/>\n<meta property=\"og:title\" content=\"Il cristianesimo in 2 minuti \u2013 46\/50 - L&#039;Eterno Assente\" \/>\n<meta property=\"og:description\" content=\"La kryptonite di Dio: anche l&#039;Onnipotente ha delle debolezze\" \/>\n<meta property=\"og:url\" content=\"https:\/\/www.leternoassente.com\/?page_id=6896\" \/>\n<meta property=\"og:site_name\" content=\"L&#039;Eterno Assente\" \/>\n<meta property=\"article:modified_time\" content=\"2025-01-08T10:48:23+00:00\" \/>\n<meta property=\"og:image\" content=\"https:\/\/www.leternoassente.com\/wp-content\/uploads\/2022\/12\/2minuticristianesimotagliato.jpg\" \/>\n\t<meta property=\"og:image:width\" content=\"1213\" \/>\n\t<meta property=\"og:image:height\" content=\"600\" \/>\n\t<meta property=\"og:image:type\" content=\"image\/jpeg\" \/>\n<meta name=\"twitter:card\" content=\"summary_large_image\" \/>\n<meta name=\"twitter:site\" content=\"@leternoassente\" \/>\n<meta name=\"twitter:label1\" content=\"Tempo di lettura stimato\" \/>\n\t<meta name=\"twitter:data1\" content=\"5 minuti\" \/>\n<script type=\"application\/ld+json\" class=\"yoast-schema-graph\">{\"@context\":\"https:\/\/schema.org\",\"@graph\":[{\"@type\":\"WebPage\",\"@id\":\"https:\/\/www.leternoassente.com\/?page_id=6896\",\"url\":\"https:\/\/www.leternoassente.com\/?page_id=6896\",\"name\":\"Il cristianesimo in 2 minuti \u2013 46\/50 - L&#039;Eterno Assente\",\"isPartOf\":{\"@id\":\"https:\/\/www.leternoassente.com\/#website\"},\"primaryImageOfPage\":{\"@id\":\"https:\/\/www.leternoassente.com\/?page_id=6896#primaryimage\"},\"image\":{\"@id\":\"https:\/\/www.leternoassente.com\/?page_id=6896#primaryimage\"},\"thumbnailUrl\":\"https:\/\/www.leternoassente.com\/wp-content\/uploads\/2022\/12\/2minuticristianesimo-1.jpg\",\"datePublished\":\"2025-01-02T09:18:34+00:00\",\"dateModified\":\"2025-01-08T10:48:23+00:00\",\"description\":\"La kryptonite di Dio: anche l'Onnipotente ha delle debolezze\",\"breadcrumb\":{\"@id\":\"https:\/\/www.leternoassente.com\/?page_id=6896#breadcrumb\"},\"inLanguage\":\"it-IT\",\"potentialAction\":[{\"@type\":\"ReadAction\",\"target\":[\"https:\/\/www.leternoassente.com\/?page_id=6896\"]}]},{\"@type\":\"ImageObject\",\"inLanguage\":\"it-IT\",\"@id\":\"https:\/\/www.leternoassente.com\/?page_id=6896#primaryimage\",\"url\":\"https:\/\/www.leternoassente.com\/wp-content\/uploads\/2022\/12\/2minuticristianesimo-1.jpg\",\"contentUrl\":\"https:\/\/www.leternoassente.com\/wp-content\/uploads\/2022\/12\/2minuticristianesimo-1.jpg\",\"width\":1500,\"height\":434},{\"@type\":\"BreadcrumbList\",\"@id\":\"https:\/\/www.leternoassente.com\/?page_id=6896#breadcrumb\",\"itemListElement\":[{\"@type\":\"ListItem\",\"position\":1,\"name\":\"Home\",\"item\":\"https:\/\/www.leternoassente.com\/\"},{\"@type\":\"ListItem\",\"position\":2,\"name\":\"Il cristianesimo in 2 minuti\",\"item\":\"https:\/\/www.leternoassente.com\/?page_id=5508\"},{\"@type\":\"ListItem\",\"position\":3,\"name\":\"Il cristianesimo in 2 minuti \u2013 46\/50\"}]},{\"@type\":\"WebSite\",\"@id\":\"https:\/\/www.leternoassente.com\/#website\",\"url\":\"https:\/\/www.leternoassente.com\/\",\"name\":\"L&#039;Eterno Assente\",\"description\":\"Dio, la vita, il senso e altre cazzate\",\"publisher\":{\"@id\":\"https:\/\/www.leternoassente.com\/#\/schema\/person\/d2069751871fcdb89a30a0775f4170f9\"},\"potentialAction\":[{\"@type\":\"SearchAction\",\"target\":{\"@type\":\"EntryPoint\",\"urlTemplate\":\"https:\/\/www.leternoassente.com\/?s={search_term_string}\"},\"query-input\":{\"@type\":\"PropertyValueSpecification\",\"valueRequired\":true,\"valueName\":\"search_term_string\"}}],\"inLanguage\":\"it-IT\"},{\"@type\":[\"Person\",\"Organization\"],\"@id\":\"https:\/\/www.leternoassente.com\/#\/schema\/person\/d2069751871fcdb89a30a0775f4170f9\",\"name\":\"Choam Goldberg\",\"image\":{\"@type\":\"ImageObject\",\"inLanguage\":\"it-IT\",\"@id\":\"https:\/\/www.leternoassente.com\/#\/schema\/person\/image\/\",\"url\":\"https:\/\/secure.gravatar.com\/avatar\/63d2c9f25f05d3da5001f2898f6fc9cd?s=96&d=wavatar&r=g\",\"contentUrl\":\"https:\/\/secure.gravatar.com\/avatar\/63d2c9f25f05d3da5001f2898f6fc9cd?s=96&d=wavatar&r=g\",\"caption\":\"Choam Goldberg\"},\"logo\":{\"@id\":\"https:\/\/www.leternoassente.com\/#\/schema\/person\/image\/\"},\"description\":\"Contemplata la vastit\u00e0 del cazzo che gliene frega e raggiunta l\u2019atarass\u00eca, Choam Goldberg pratica nondimeno l'antica, dilettevole e nobile arte di demolire le credenze dei\u00a0beoti e degli insipienti.\",\"sameAs\":[\"http:\/\/www.leternoassente.com\"]}]}<\/script>\n<!-- \/ Yoast SEO plugin. -->","yoast_head_json":{"title":"Il cristianesimo in 2 minuti \u2013 46\/50 - L&#039;Eterno Assente","description":"La kryptonite di Dio: anche l'Onnipotente ha delle debolezze","robots":{"index":"index","follow":"follow","max-snippet":"max-snippet:-1","max-image-preview":"max-image-preview:large","max-video-preview":"max-video-preview:-1"},"canonical":"https:\/\/www.leternoassente.com\/?page_id=6896","og_locale":"it_IT","og_type":"article","og_title":"Il cristianesimo in 2 minuti \u2013 46\/50 - L&#039;Eterno Assente","og_description":"La kryptonite di Dio: anche l'Onnipotente ha delle debolezze","og_url":"https:\/\/www.leternoassente.com\/?page_id=6896","og_site_name":"L&#039;Eterno Assente","article_modified_time":"2025-01-08T10:48:23+00:00","og_image":[{"width":1213,"height":600,"url":"https:\/\/www.leternoassente.com\/wp-content\/uploads\/2022\/12\/2minuticristianesimotagliato.jpg","type":"image\/jpeg"}],"twitter_card":"summary_large_image","twitter_site":"@leternoassente","twitter_misc":{"Tempo di lettura stimato":"5 minuti"},"schema":{"@context":"https:\/\/schema.org","@graph":[{"@type":"WebPage","@id":"https:\/\/www.leternoassente.com\/?page_id=6896","url":"https:\/\/www.leternoassente.com\/?page_id=6896","name":"Il cristianesimo in 2 minuti \u2013 46\/50 - L&#039;Eterno Assente","isPartOf":{"@id":"https:\/\/www.leternoassente.com\/#website"},"primaryImageOfPage":{"@id":"https:\/\/www.leternoassente.com\/?page_id=6896#primaryimage"},"image":{"@id":"https:\/\/www.leternoassente.com\/?page_id=6896#primaryimage"},"thumbnailUrl":"https:\/\/www.leternoassente.com\/wp-content\/uploads\/2022\/12\/2minuticristianesimo-1.jpg","datePublished":"2025-01-02T09:18:34+00:00","dateModified":"2025-01-08T10:48:23+00:00","description":"La kryptonite di Dio: anche l'Onnipotente ha delle debolezze","breadcrumb":{"@id":"https:\/\/www.leternoassente.com\/?page_id=6896#breadcrumb"},"inLanguage":"it-IT","potentialAction":[{"@type":"ReadAction","target":["https:\/\/www.leternoassente.com\/?page_id=6896"]}]},{"@type":"ImageObject","inLanguage":"it-IT","@id":"https:\/\/www.leternoassente.com\/?page_id=6896#primaryimage","url":"https:\/\/www.leternoassente.com\/wp-content\/uploads\/2022\/12\/2minuticristianesimo-1.jpg","contentUrl":"https:\/\/www.leternoassente.com\/wp-content\/uploads\/2022\/12\/2minuticristianesimo-1.jpg","width":1500,"height":434},{"@type":"BreadcrumbList","@id":"https:\/\/www.leternoassente.com\/?page_id=6896#breadcrumb","itemListElement":[{"@type":"ListItem","position":1,"name":"Home","item":"https:\/\/www.leternoassente.com\/"},{"@type":"ListItem","position":2,"name":"Il cristianesimo in 2 minuti","item":"https:\/\/www.leternoassente.com\/?page_id=5508"},{"@type":"ListItem","position":3,"name":"Il cristianesimo in 2 minuti \u2013 46\/50"}]},{"@type":"WebSite","@id":"https:\/\/www.leternoassente.com\/#website","url":"https:\/\/www.leternoassente.com\/","name":"L&#039;Eterno Assente","description":"Dio, la vita, il senso e altre cazzate","publisher":{"@id":"https:\/\/www.leternoassente.com\/#\/schema\/person\/d2069751871fcdb89a30a0775f4170f9"},"potentialAction":[{"@type":"SearchAction","target":{"@type":"EntryPoint","urlTemplate":"https:\/\/www.leternoassente.com\/?s={search_term_string}"},"query-input":{"@type":"PropertyValueSpecification","valueRequired":true,"valueName":"search_term_string"}}],"inLanguage":"it-IT"},{"@type":["Person","Organization"],"@id":"https:\/\/www.leternoassente.com\/#\/schema\/person\/d2069751871fcdb89a30a0775f4170f9","name":"Choam Goldberg","image":{"@type":"ImageObject","inLanguage":"it-IT","@id":"https:\/\/www.leternoassente.com\/#\/schema\/person\/image\/","url":"https:\/\/secure.gravatar.com\/avatar\/63d2c9f25f05d3da5001f2898f6fc9cd?s=96&d=wavatar&r=g","contentUrl":"https:\/\/secure.gravatar.com\/avatar\/63d2c9f25f05d3da5001f2898f6fc9cd?s=96&d=wavatar&r=g","caption":"Choam Goldberg"},"logo":{"@id":"https:\/\/www.leternoassente.com\/#\/schema\/person\/image\/"},"description":"Contemplata la vastit\u00e0 del cazzo che gliene frega e raggiunta l\u2019atarass\u00eca, Choam Goldberg pratica nondimeno l'antica, dilettevole e nobile arte di demolire le credenze dei\u00a0beoti e degli insipienti.","sameAs":["http:\/\/www.leternoassente.com"]}]}},"_links":{"self":[{"href":"https:\/\/www.leternoassente.com\/index.php?rest_route=\/wp\/v2\/pages\/6896"}],"collection":[{"href":"https:\/\/www.leternoassente.com\/index.php?rest_route=\/wp\/v2\/pages"}],"about":[{"href":"https:\/\/www.leternoassente.com\/index.php?rest_route=\/wp\/v2\/types\/page"}],"author":[{"embeddable":true,"href":"https:\/\/www.leternoassente.com\/index.php?rest_route=\/wp\/v2\/users\/1"}],"replies":[{"embeddable":true,"href":"https:\/\/www.leternoassente.com\/index.php?rest_route=%2Fwp%2Fv2%2Fcomments&post=6896"}],"version-history":[{"count":4,"href":"https:\/\/www.leternoassente.com\/index.php?rest_route=\/wp\/v2\/pages\/6896\/revisions"}],"predecessor-version":[{"id":6916,"href":"https:\/\/www.leternoassente.com\/index.php?rest_route=\/wp\/v2\/pages\/6896\/revisions\/6916"}],"up":[{"embeddable":true,"href":"https:\/\/www.leternoassente.com\/index.php?rest_route=\/wp\/v2\/pages\/5508"}],"wp:featuredmedia":[{"embeddable":true,"href":"https:\/\/www.leternoassente.com\/index.php?rest_route=\/wp\/v2\/media\/5533"}],"wp:attachment":[{"href":"https:\/\/www.leternoassente.com\/index.php?rest_route=%2Fwp%2Fv2%2Fmedia&parent=6896"}],"curies":[{"name":"wp","href":"https:\/\/api.w.org\/{rel}","templated":true}]}}