{"id":6929,"date":"2025-01-28T09:24:38","date_gmt":"2025-01-28T08:24:38","guid":{"rendered":"https:\/\/www.leternoassente.com\/?page_id=6929"},"modified":"2025-01-28T09:29:26","modified_gmt":"2025-01-28T08:29:26","slug":"il-cristianesimo-in-2-minuti-50-50","status":"publish","type":"page","link":"https:\/\/www.leternoassente.com\/?page_id=6929","title":{"rendered":"Il cristianesimo in 2 minuti \u2013 50\/50"},"content":{"rendered":"<p><strong>Il Grande Mandato: perch\u00e9 non si applica a voi<\/strong><\/p>\n<hr \/>\n<p><a href=\"https:\/\/www.leternoassente.com\/wp-content\/uploads\/2025\/01\/jesus.jpg\"><img loading=\"lazy\" decoding=\"async\" class=\"alignleft size-full wp-image-6935\" src=\"https:\/\/www.leternoassente.com\/wp-content\/uploads\/2025\/01\/jesus.jpg\" alt=\"\" width=\"1440\" height=\"810\" srcset=\"https:\/\/www.leternoassente.com\/wp-content\/uploads\/2025\/01\/jesus.jpg 1440w, https:\/\/www.leternoassente.com\/wp-content\/uploads\/2025\/01\/jesus-300x169.jpg 300w, https:\/\/www.leternoassente.com\/wp-content\/uploads\/2025\/01\/jesus-1024x576.jpg 1024w, https:\/\/www.leternoassente.com\/wp-content\/uploads\/2025\/01\/jesus-768x432.jpg 768w, https:\/\/www.leternoassente.com\/wp-content\/uploads\/2025\/01\/jesus-500x281.jpg 500w\" sizes=\"(max-width: 1440px) 100vw, 1440px\" \/><\/a><\/p>\n<p>Il Grande Mandato \u00e8 l&#8217;ultimo ordine di Ges\u00f9 ai suoi discepoli prima di tornare in cielo: \u00ab(&#8230;) fate che tutti diventino miei discepoli\u00bb. Molti cristiani percepiscono quest&#8217;ordine come se fosse rivolto proprio a loro e concludono che anche loro sono obbligati a uscire attivamente e a diffondere la Parola.<\/p>\n<p>Spesso i cristiani si sentono a disagio di fronte alla richiesta di convertire gli estranei, ma fortunatamente questa non \u00e8 la loro battaglia.<\/p>\n<p>Anzitutto Ges\u00f9 non stava parlando a loro: il Grande Mandato \u00e8 stato dato agli apostoli, non ai comuni cristiani. Per rendersene conto si consideri il modo in cui Ges\u00f9 ordina ai discepoli di condividere il Vangelo. A un certo punto viene dato loro \u00abil potere di scacciare gli spiriti maligni, di guarire tutte le malattie e tutte le sofferenze\u00bb. In un altro momento, Ges\u00f9 manda i discepoli per la loro strada con un potere che si ritiene sia riservato a Dio stesso: \u00abA chi perdonerete i peccati, saranno perdonati; a chi non li perdonerete, non saranno perdonati\u00bb. I comuni cristiani oggi non hanno queste capacit\u00e0 divine.<\/p>\n<p>In secondo luogo, i cristiani oggi ignorano regolarmente le norme bibliche che non si adattano alla nostra societ\u00e0 moderna: il sostegno dell&#8217;Antico testamento alla schiavit\u00f9, alla poligamia, al genocidio, ai sacrifici umani e cos\u00ec via. La posizione di Dio \u00e8 chiara su questi argomenti, ma princ\u00ecpi pi\u00f9 elevati prevalgono sulla Bibbia e oggi i cristiani li seguono quando decidono su questioni morali. Se anche cercare di convertire gli altri sembra in qualche modo sbagliato, forse \u00e8 proprio cos\u00ec.<\/p>\n<p>E poi a che serve convertire, se \u00e8 lo Spirito Santo a farlo, non l&#8217;evangelizzazione cristiana, visto che \u00abla salvezza (&#8230;) \u00e8 un dono di Dio\u00bb e \u00abnessuno pu\u00f2 vantarsene\u00bb? Di sicuro lo Spirito Santo onnipotente pu\u00f2 salvare le anime come ritiene necessario, indipendentemente da ci\u00f2 che fanno o non fanno gli inaffidabili esseri umani.<\/p>\n<p>Paolo dice che abbiamo doni diversi, e il vostro potrebbe non includere l&#8217;evangelizzazione. Non prendete alla leggera il ruolo di insegnante: \u00abFratelli, non siate in molti a voler diventare\u00a0maestri\u00a0degli altri. Sapete infatti che noi maestri saremo giudicati da Dio in modo particolarmente severo\u00bb.<\/p>\n<p>In terzo luogo, considerate l&#8217;aspetto negativo della mancata conversione. Potreste temere che la vostra ritrosia nell&#8217;evangelizzare i vostri vicini o familiari sia un&#8217;occasione mancata per salvarli dall&#8217;inferno, ma Paolo chiarisce che questo timore \u00e8 infondato. Creando un parallelo tra il peccato di Adamo e il sacrificio di Ges\u00f9, Paolo dice: \u00abPer la disubbidienza di uno solo, tutti risultarono peccatori; per l&#8217;ubbidienza di uno solo, tutti sono accolti da Dio come suoi\u00bb. In altre parole, non avete scelto di essere gravati dal peccato di Adamo e non avete bisogno di scegliere per ottenere la salvezza di Ges\u00f9.<\/p>\n<p>Cristiani, ci sono abbastanza possibilit\u00e0 per dare l&#8217;esempio di un buon cristiano. Se qualcuno ve lo chiede, potete dare \u00abspiegazioni sulla speranza che avete in voi\u00bb. Se volete seguire la guida di Ges\u00f9, egli parlava spesso di aiutare i pi\u00f9 sfortunati. \u00c8 un compito che ha molto pi\u00f9 senso.<\/p>\n<p>Un cristianesimo senza il fardello del Grande Mandato sarebbe un cristianesimo pi\u00f9 sano, meno propenso a essere il bigottismo che si intromette nella politica e nella societ\u00e0 che troppo spesso oggi vediamo in Occidente.<\/p>\n<p><a href=\"https:\/\/2minutechristianity.com\/blog\/\"><strong>Bob Seidensticker<\/strong><\/a><\/p>\n<hr \/>\n<p><strong>Note<\/strong><\/p>\n<blockquote><p>Ges\u00f9 si avvicin\u00f2 e disse: \u00abA me \u00e8 stato dato ogni potere in cielo e in terra.\u00a0Perci\u00f2 andate, fate che tutti diventino miei discepoli; battezzateli nel nome del\u00a0Padre e del Figlio e dello\u00a0Spirito Santo;\u00a0insegnate loro a ubbidire a tutto ci\u00f2 che io vi ho comandato. E sappiate che io sar\u00f2 sempre con voi, tutti i giorni, sino alla fine del mondo\u00bb.<br \/>\n\u2013 Matteo 28,18-20<\/p>\n<p>Ges\u00f9 chiam\u00f2 i suoi dodici\u00a0discepoli\u00a0e diede loro il potere di scacciare gli\u00a0spiriti maligni, di guarire tutte le malattie e tutte le sofferenze<br \/>\n\u2013 Matteo 10,1<\/p>\n<p>Ges\u00f9 disse di nuovo: \u00abLa pace sia con voi. Come il Padre ha mandato me, cos\u00ec io mando voi\u00bb.\u00a0Poi soffi\u00f2 su di loro e disse: \u00abRicevete lo\u00a0Spirito Santo.\u00a0A chi perdonerete i peccati, saranno perdonati; a chi non li perdonerete, non saranno perdonati\u00bb.<br \/>\n\u2013 Giovanni 20,21-23<\/p>\n<p>Ricordate, \u00e8 per grazia di Dio che siete stati salvati, per mezzo della fede. La salvezza non viene da voi, ma \u00e8 un dono di Dio;\u00a0non \u00e8 il risultato dei vostri sforzi. Dunque nessuno pu\u00f2 vantarsene, (&#8230;)<br \/>\n\u2013 Efesini 2,8-9<\/p>\n<p>Vi sono diversi doni, ma uno solo \u00e8 lo Spirito.\u00a0Vi sono vari modi di servire, ma uno solo \u00e8 il Signore.\u00a0Vi sono molti tipi di attivit\u00e0, ma chi muove tutti all&#8217;azione \u00e8 sempre lo stesso Dio.\u00a0In ciascuno, lo Spirito si manifesta in modo diverso, ma sempre per il bene comune.\u00a0Uno riceve dallo Spirito la capacit\u00e0 di esprimersi con saggezza, un altro quella di parlare con sapienza. Lo stesso Spirito a uno d\u00e0 la fede, a un altro il potere di guarire i malati.\u00a0Lo Spirito concede a uno la possibilit\u00e0 di fare\u00a0miracoli, e a un altro il dono di essere\u00a0profeta. A uno d\u00e0 la capacit\u00e0 di distinguere i falsi spiriti dal vero Spirito, a un altro il dono di esprimersi in lingue sconosciute, e a un altro ancora il dono di spiegare tali lingue.\u00a0Tutti questi doni vengono dall&#8217;unico e medesimo Spirito. Egli li distribuisce a ognuno, come egli vuole.<br \/>\n\u2013 1 Corinzi 12,4-11<\/p>\n<p>Fratelli, non siate in molti a voler diventare\u00a0maestri\u00a0degli altri. Sapete infatti che noi maestri saremo giudicati da Dio in modo particolarmente severo.<br \/>\n\u2013 Giacomo 3,1<\/p>\n<p>Per la disubbidienza di uno solo, tutti risultarono peccatori; per l&#8217;ubbidienza di uno solo, tutti sono accolti da Dio come suoi.<br \/>\n\u2013 Romani 5,19<\/p>\n<p>Piuttosto riconoscete nel vostro cuore che Cristo \u00e8 il Signore. Siate sempre pronti a rispondere a quelli che vi chiedono spiegazioni sulla speranza che avete in voi, (&#8230;)<br \/>\n\u2013 1 Pietro 3,15<\/p><\/blockquote>\n<hr \/>\n<p>(50\/50 \u2013 fine)<\/p>\n<p>Immagine: <a href=\"https:\/\/commons.wikimedia.org\/wiki\/File:Bloch-SermonOnTheMount.jpg\">Carl Bloch<\/a>, 1877 (public domain) via Wikimedia<\/p>\n<p><a href=\"https:\/\/www.leternoassente.com\/?page_id=5508\">Tutte le puntate.<\/a><\/p>\n<p>Leggi la <a href=\"https:\/\/2minutechristianity.com\/2023\/08\/07\/50-the-great-commission-and-how-it-doesnt-apply-to-you\/\">versione originale dell&#8217;articolo<\/a>.<\/p>\n<p>Ascolta l&#8217;articolo nel <a href=\"https:\/\/twominutechristianity.podbean.com\/e\/50-the-great-commission-and-how-it-doesn-t-apply-to-you\/\">podcast<\/a> o nel <a href=\"https:\/\/www.youtube.com\/watch?v=2czxxbvlpw0\">canale YouTube<\/a>.<\/p>\n<p>All material on this article is copyright 2023 by Bob Seidensticker. Translation By Choam Goldberg.<\/p>\n<hr \/>\n<p><em>Avvertenza:<\/em><br \/>\n<em>La lingua di questo articolo cerca di conciliare l&#8217;inclusivit\u00e0 con la leggibilit\u00e0 e la scorrevolezza. Nessuno si offenda quindi se evita le ripetizioni e usa il plurale sovraesteso. <a href=\"https:\/\/www.leternoassente.com\/?p=5651\">Ch\u00e9 mi spiace, ma la schwa anche no.<\/a><\/em><\/p>\n<hr \/>\n<p><em>Qui sotto trovi la possibilit\u00e0 di commentare quest&#8217;articolo. Per farlo, devi<br \/>\n1. confermare che sei ateo\/a,<br \/>\n2. essere consapevole che, se menti, stai commettendo il gravissimo peccato di apostasia,<br \/>\n3. aspettare che il commento sia approvato dall&#8217;admin.<br \/>\nL&#8217;approvazione dei commenti dipende dall&#8217;insindacabile e inappellabile giudizio dell&#8217;admin. Se vuoi saperne di pi\u00f9 a proposito dei commenti, puoi consultare le <a href=\"http:\/\/www.leternoassente.com\/?page_id=957#nocomment\" target=\"_blank\" rel=\"noopener\">FAQ<\/a>.<br \/>\nInoltre puoi commentare gli articoli e i post nel <a href=\"https:\/\/www.facebook.com\/groups\/eternoassente\/\" target=\"_blank\" rel=\"noopener\">Gruppo Facebook de L&#8217;Eterno Assente<\/a>, se ti iscrivi al Gruppo dopo aver risposto a una semplice domanda.<\/em><\/p>\n","protected":false},"excerpt":{"rendered":"<p>Il Grande Mandato: perch\u00e9 non si applica a voi Il Grande Mandato \u00e8 l&#8217;ultimo ordine di Ges\u00f9 ai suoi discepoli prima di tornare in cielo: \u00ab(&#8230;) fate che tutti diventino miei discepoli\u00bb. Molti cristiani percepiscono quest&#8217;ordine come se fosse rivolto &hellip; <a href=\"https:\/\/www.leternoassente.com\/?page_id=6929\">Continua a leggere<span class=\"meta-nav\">&rarr;<\/span><\/a><\/p>\n","protected":false},"author":1,"featured_media":5533,"parent":5508,"menu_order":0,"comment_status":"open","ping_status":"closed","template":"","meta":{"footnotes":""},"class_list":["post-6929","page","type-page","status-publish","has-post-thumbnail","hentry"],"yoast_head":"<!-- This site is optimized with the Yoast SEO plugin v25.6 - https:\/\/yoast.com\/wordpress\/plugins\/seo\/ -->\n<title>Il cristianesimo in 2 minuti \u2013 50\/50 - L&#039;Eterno Assente<\/title>\n<meta name=\"description\" content=\"Il Grande Mandato: perch\u00e9 non si applica a voi\" \/>\n<meta name=\"robots\" content=\"index, follow, max-snippet:-1, max-image-preview:large, max-video-preview:-1\" \/>\n<link rel=\"canonical\" href=\"https:\/\/www.leternoassente.com\/?page_id=6929\" \/>\n<meta property=\"og:locale\" content=\"it_IT\" \/>\n<meta property=\"og:type\" content=\"article\" \/>\n<meta property=\"og:title\" content=\"Il cristianesimo in 2 minuti \u2013 50\/50 - L&#039;Eterno Assente\" \/>\n<meta property=\"og:description\" content=\"Il Grande Mandato: perch\u00e9 non si applica a voi\" \/>\n<meta property=\"og:url\" content=\"https:\/\/www.leternoassente.com\/?page_id=6929\" \/>\n<meta property=\"og:site_name\" content=\"L&#039;Eterno Assente\" \/>\n<meta property=\"article:modified_time\" content=\"2025-01-28T08:29:26+00:00\" \/>\n<meta property=\"og:image\" content=\"https:\/\/www.leternoassente.com\/wp-content\/uploads\/2022\/12\/2minuticristianesimotagliato.jpg\" \/>\n\t<meta property=\"og:image:width\" content=\"1213\" \/>\n\t<meta property=\"og:image:height\" content=\"600\" \/>\n\t<meta property=\"og:image:type\" content=\"image\/jpeg\" \/>\n<meta name=\"twitter:card\" content=\"summary_large_image\" \/>\n<meta name=\"twitter:site\" content=\"@leternoassente\" \/>\n<meta name=\"twitter:label1\" content=\"Tempo di lettura stimato\" \/>\n\t<meta name=\"twitter:data1\" content=\"5 minuti\" \/>\n<script type=\"application\/ld+json\" class=\"yoast-schema-graph\">{\"@context\":\"https:\/\/schema.org\",\"@graph\":[{\"@type\":\"WebPage\",\"@id\":\"https:\/\/www.leternoassente.com\/?page_id=6929\",\"url\":\"https:\/\/www.leternoassente.com\/?page_id=6929\",\"name\":\"Il cristianesimo in 2 minuti \u2013 50\/50 - L&#039;Eterno Assente\",\"isPartOf\":{\"@id\":\"https:\/\/www.leternoassente.com\/#website\"},\"primaryImageOfPage\":{\"@id\":\"https:\/\/www.leternoassente.com\/?page_id=6929#primaryimage\"},\"image\":{\"@id\":\"https:\/\/www.leternoassente.com\/?page_id=6929#primaryimage\"},\"thumbnailUrl\":\"https:\/\/www.leternoassente.com\/wp-content\/uploads\/2022\/12\/2minuticristianesimo-1.jpg\",\"datePublished\":\"2025-01-28T08:24:38+00:00\",\"dateModified\":\"2025-01-28T08:29:26+00:00\",\"description\":\"Il Grande Mandato: perch\u00e9 non si applica a voi\",\"breadcrumb\":{\"@id\":\"https:\/\/www.leternoassente.com\/?page_id=6929#breadcrumb\"},\"inLanguage\":\"it-IT\",\"potentialAction\":[{\"@type\":\"ReadAction\",\"target\":[\"https:\/\/www.leternoassente.com\/?page_id=6929\"]}]},{\"@type\":\"ImageObject\",\"inLanguage\":\"it-IT\",\"@id\":\"https:\/\/www.leternoassente.com\/?page_id=6929#primaryimage\",\"url\":\"https:\/\/www.leternoassente.com\/wp-content\/uploads\/2022\/12\/2minuticristianesimo-1.jpg\",\"contentUrl\":\"https:\/\/www.leternoassente.com\/wp-content\/uploads\/2022\/12\/2minuticristianesimo-1.jpg\",\"width\":1500,\"height\":434},{\"@type\":\"BreadcrumbList\",\"@id\":\"https:\/\/www.leternoassente.com\/?page_id=6929#breadcrumb\",\"itemListElement\":[{\"@type\":\"ListItem\",\"position\":1,\"name\":\"Home\",\"item\":\"https:\/\/www.leternoassente.com\/\"},{\"@type\":\"ListItem\",\"position\":2,\"name\":\"Il cristianesimo in 2 minuti\",\"item\":\"https:\/\/www.leternoassente.com\/?page_id=5508\"},{\"@type\":\"ListItem\",\"position\":3,\"name\":\"Il cristianesimo in 2 minuti \u2013 50\/50\"}]},{\"@type\":\"WebSite\",\"@id\":\"https:\/\/www.leternoassente.com\/#website\",\"url\":\"https:\/\/www.leternoassente.com\/\",\"name\":\"L&#039;Eterno Assente\",\"description\":\"Dio, la vita, il senso e altre cazzate\",\"publisher\":{\"@id\":\"https:\/\/www.leternoassente.com\/#\/schema\/person\/d2069751871fcdb89a30a0775f4170f9\"},\"potentialAction\":[{\"@type\":\"SearchAction\",\"target\":{\"@type\":\"EntryPoint\",\"urlTemplate\":\"https:\/\/www.leternoassente.com\/?s={search_term_string}\"},\"query-input\":{\"@type\":\"PropertyValueSpecification\",\"valueRequired\":true,\"valueName\":\"search_term_string\"}}],\"inLanguage\":\"it-IT\"},{\"@type\":[\"Person\",\"Organization\"],\"@id\":\"https:\/\/www.leternoassente.com\/#\/schema\/person\/d2069751871fcdb89a30a0775f4170f9\",\"name\":\"Choam Goldberg\",\"image\":{\"@type\":\"ImageObject\",\"inLanguage\":\"it-IT\",\"@id\":\"https:\/\/www.leternoassente.com\/#\/schema\/person\/image\/\",\"url\":\"https:\/\/secure.gravatar.com\/avatar\/63d2c9f25f05d3da5001f2898f6fc9cd?s=96&d=wavatar&r=g\",\"contentUrl\":\"https:\/\/secure.gravatar.com\/avatar\/63d2c9f25f05d3da5001f2898f6fc9cd?s=96&d=wavatar&r=g\",\"caption\":\"Choam Goldberg\"},\"logo\":{\"@id\":\"https:\/\/www.leternoassente.com\/#\/schema\/person\/image\/\"},\"description\":\"Contemplata la vastit\u00e0 del cazzo che gliene frega e raggiunta l\u2019atarass\u00eca, Choam Goldberg pratica nondimeno l'antica, dilettevole e nobile arte di demolire le credenze dei\u00a0beoti e degli insipienti.\",\"sameAs\":[\"http:\/\/www.leternoassente.com\"]}]}<\/script>\n<!-- \/ Yoast SEO plugin. -->","yoast_head_json":{"title":"Il cristianesimo in 2 minuti \u2013 50\/50 - L&#039;Eterno Assente","description":"Il Grande Mandato: perch\u00e9 non si applica a voi","robots":{"index":"index","follow":"follow","max-snippet":"max-snippet:-1","max-image-preview":"max-image-preview:large","max-video-preview":"max-video-preview:-1"},"canonical":"https:\/\/www.leternoassente.com\/?page_id=6929","og_locale":"it_IT","og_type":"article","og_title":"Il cristianesimo in 2 minuti \u2013 50\/50 - L&#039;Eterno Assente","og_description":"Il Grande Mandato: perch\u00e9 non si applica a voi","og_url":"https:\/\/www.leternoassente.com\/?page_id=6929","og_site_name":"L&#039;Eterno Assente","article_modified_time":"2025-01-28T08:29:26+00:00","og_image":[{"width":1213,"height":600,"url":"https:\/\/www.leternoassente.com\/wp-content\/uploads\/2022\/12\/2minuticristianesimotagliato.jpg","type":"image\/jpeg"}],"twitter_card":"summary_large_image","twitter_site":"@leternoassente","twitter_misc":{"Tempo di lettura stimato":"5 minuti"},"schema":{"@context":"https:\/\/schema.org","@graph":[{"@type":"WebPage","@id":"https:\/\/www.leternoassente.com\/?page_id=6929","url":"https:\/\/www.leternoassente.com\/?page_id=6929","name":"Il cristianesimo in 2 minuti \u2013 50\/50 - L&#039;Eterno Assente","isPartOf":{"@id":"https:\/\/www.leternoassente.com\/#website"},"primaryImageOfPage":{"@id":"https:\/\/www.leternoassente.com\/?page_id=6929#primaryimage"},"image":{"@id":"https:\/\/www.leternoassente.com\/?page_id=6929#primaryimage"},"thumbnailUrl":"https:\/\/www.leternoassente.com\/wp-content\/uploads\/2022\/12\/2minuticristianesimo-1.jpg","datePublished":"2025-01-28T08:24:38+00:00","dateModified":"2025-01-28T08:29:26+00:00","description":"Il Grande Mandato: perch\u00e9 non si applica a voi","breadcrumb":{"@id":"https:\/\/www.leternoassente.com\/?page_id=6929#breadcrumb"},"inLanguage":"it-IT","potentialAction":[{"@type":"ReadAction","target":["https:\/\/www.leternoassente.com\/?page_id=6929"]}]},{"@type":"ImageObject","inLanguage":"it-IT","@id":"https:\/\/www.leternoassente.com\/?page_id=6929#primaryimage","url":"https:\/\/www.leternoassente.com\/wp-content\/uploads\/2022\/12\/2minuticristianesimo-1.jpg","contentUrl":"https:\/\/www.leternoassente.com\/wp-content\/uploads\/2022\/12\/2minuticristianesimo-1.jpg","width":1500,"height":434},{"@type":"BreadcrumbList","@id":"https:\/\/www.leternoassente.com\/?page_id=6929#breadcrumb","itemListElement":[{"@type":"ListItem","position":1,"name":"Home","item":"https:\/\/www.leternoassente.com\/"},{"@type":"ListItem","position":2,"name":"Il cristianesimo in 2 minuti","item":"https:\/\/www.leternoassente.com\/?page_id=5508"},{"@type":"ListItem","position":3,"name":"Il cristianesimo in 2 minuti \u2013 50\/50"}]},{"@type":"WebSite","@id":"https:\/\/www.leternoassente.com\/#website","url":"https:\/\/www.leternoassente.com\/","name":"L&#039;Eterno Assente","description":"Dio, la vita, il senso e altre cazzate","publisher":{"@id":"https:\/\/www.leternoassente.com\/#\/schema\/person\/d2069751871fcdb89a30a0775f4170f9"},"potentialAction":[{"@type":"SearchAction","target":{"@type":"EntryPoint","urlTemplate":"https:\/\/www.leternoassente.com\/?s={search_term_string}"},"query-input":{"@type":"PropertyValueSpecification","valueRequired":true,"valueName":"search_term_string"}}],"inLanguage":"it-IT"},{"@type":["Person","Organization"],"@id":"https:\/\/www.leternoassente.com\/#\/schema\/person\/d2069751871fcdb89a30a0775f4170f9","name":"Choam Goldberg","image":{"@type":"ImageObject","inLanguage":"it-IT","@id":"https:\/\/www.leternoassente.com\/#\/schema\/person\/image\/","url":"https:\/\/secure.gravatar.com\/avatar\/63d2c9f25f05d3da5001f2898f6fc9cd?s=96&d=wavatar&r=g","contentUrl":"https:\/\/secure.gravatar.com\/avatar\/63d2c9f25f05d3da5001f2898f6fc9cd?s=96&d=wavatar&r=g","caption":"Choam Goldberg"},"logo":{"@id":"https:\/\/www.leternoassente.com\/#\/schema\/person\/image\/"},"description":"Contemplata la vastit\u00e0 del cazzo che gliene frega e raggiunta l\u2019atarass\u00eca, Choam Goldberg pratica nondimeno l'antica, dilettevole e nobile arte di demolire le credenze dei\u00a0beoti e degli insipienti.","sameAs":["http:\/\/www.leternoassente.com"]}]}},"_links":{"self":[{"href":"https:\/\/www.leternoassente.com\/index.php?rest_route=\/wp\/v2\/pages\/6929"}],"collection":[{"href":"https:\/\/www.leternoassente.com\/index.php?rest_route=\/wp\/v2\/pages"}],"about":[{"href":"https:\/\/www.leternoassente.com\/index.php?rest_route=\/wp\/v2\/types\/page"}],"author":[{"embeddable":true,"href":"https:\/\/www.leternoassente.com\/index.php?rest_route=\/wp\/v2\/users\/1"}],"replies":[{"embeddable":true,"href":"https:\/\/www.leternoassente.com\/index.php?rest_route=%2Fwp%2Fv2%2Fcomments&post=6929"}],"version-history":[{"count":4,"href":"https:\/\/www.leternoassente.com\/index.php?rest_route=\/wp\/v2\/pages\/6929\/revisions"}],"predecessor-version":[{"id":6945,"href":"https:\/\/www.leternoassente.com\/index.php?rest_route=\/wp\/v2\/pages\/6929\/revisions\/6945"}],"up":[{"embeddable":true,"href":"https:\/\/www.leternoassente.com\/index.php?rest_route=\/wp\/v2\/pages\/5508"}],"wp:featuredmedia":[{"embeddable":true,"href":"https:\/\/www.leternoassente.com\/index.php?rest_route=\/wp\/v2\/media\/5533"}],"wp:attachment":[{"href":"https:\/\/www.leternoassente.com\/index.php?rest_route=%2Fwp%2Fv2%2Fmedia&parent=6929"}],"curies":[{"name":"wp","href":"https:\/\/api.w.org\/{rel}","templated":true}]}}