{"id":7019,"date":"2025-04-16T09:28:51","date_gmt":"2025-04-16T07:28:51","guid":{"rendered":"https:\/\/www.leternoassente.com\/?page_id=7019"},"modified":"2025-04-16T09:30:40","modified_gmt":"2025-04-16T07:30:40","slug":"mai-stato-credente","status":"publish","type":"page","link":"https:\/\/www.leternoassente.com\/?page_id=7019","title":{"rendered":"Mai stato credente"},"content":{"rendered":"<p><strong>Giovanni Prete racconta la propria Storia per \u00abIo senza Dio\u00bb<\/strong><\/p>\n<hr>\n<p>Sono Giovanni Prete \u2013 s\u00ec, il cognome \u00e8 una presa per il culo a me medesimo \u2013, nonch\u00e9 BlackPaese su YouTube. Penso di potermi esprimere liberamente visto che il responsabile del canale e del sito rigetta le formalit\u00e0 ipocrite per privilegiare la sostanza nuda e cruda.<\/p>\n<p>Mi sono sembrate sempre tutte cazzate.\u00a0Ho avuto un&#8217;impostazione razionale da sempre, fin dalle mie primissime parole. Ho sempre rotto il cazzo, non ho mai accettato qualcosa \u00abperch\u00e9 s\u00ec\u00bb.<\/p>\n<p>Ateo comunistazzo nato in una famiglia di Destra e ultracattolica, sono stato costretto a prendere i sacramenti previsti (battesimo, comunione, cresima) fino al raggiungimento della mia indipendenza da queste minchiate.\u00a0Per colpa della mia pigrizia schifosa non mi sono ancora sbattezzato, ma giuro sulle mie chitarre che provvedo a breve, ce l&#8217;ho anche tra le cose da fare nel blocco appunti.\u00a0E nulla, dicevo: non ho mai accettato nulla. Per mia natura devo capire il meccanismo di qualsiasi cosa, arrivare alla fonte.<\/p>\n<p>Al catechismo dunque rompevo talmente il cazzo con le domande che o le prendevo dalle suore oppure venivo cacciato con l&#8217;accusa di avere il demonio in corpo (e me andavo beatamente in sala giochi).\u00a0I miei genitori si arresero in un preciso momento: ai miei 13 anni, durante la prima settimana di scuola alle Superiori, attesi la domenica per svegliarmi con calma e guardare sul divano \u00abWrestlemania\u00bb, con cornetti mini tuffati nella Nutella e poi nel caffellatte.<\/p>\n<p>Ma nossignore: bisognava partecipare al pellegrinaggio in quel di San Giovanni Rotondo in nome di quel grandissimo impostore di Padre Pio.\u00a0Non proferii parola per tutto il giorno.\u00a0Da allora non osarono mai pi\u00f9 coinvolgermi in minchiate del genere.<\/p>\n<p>Tutte le mie idee su quanto il cattolicesimo fosse stupido le ebbi in un periodo privo di Internet. Le informazioni arrivavano soltanto dalla Scuola elementare \u2013 con la maestra che ci faceva pregare \u2013, dal catechismo, dalla famiglia. Nessun conoscente ateo.<\/p>\n<p>Eppure unire i puntini non mi \u00e8 mai sembrato troppo difficile, anzi. Perch\u00e9 ci sono pi\u00f9 divinit\u00e0?\u00a0Dove cazzo sta questo Dio? Perch\u00e9 non si fa vedere e basta? Perch\u00e9 permette che i miei coetanei prendano un gattino per crocifiggerlo, magari subito dopo il catechismo del sabato pomeriggio?\u00a0E quindi doveva necessariamente essere tutto una montatura.<\/p>\n<p>A dir la verit\u00e0 non sono sempre stato ateo.\u00a0Infatti fino ai 22-23 anni ero agnostico. Poi checcazzo, perch\u00e9 voler considerare che ci sia qualche forma di potere superiore qualsiasi? Perch\u00e9 non escluderlo e vaffanculo, tutto ha una logica, una spiegazione, anche se risulta difficile capire l&#8217;universo, le sue origini, perch\u00e9 esiste la materia, cosa \u00e8 il nulla e perch\u00e9 non pu\u00f2 esistere sul serio per via di un evidente ossimoro?<\/p>\n<p>Dunque sono diventato ateo estremista, fino a provare repulsione per l&#8217;ipocrisia bigotta. Infatti sono abbastanza convinto che, almeno per chi ha la disponibilit\u00e0 di informazioni, non ci sia nessuno realmente convinto del paradiso e delle altre puttanate.\u00a0Altrimenti si farebbe festa nel momento in cui si venisse a conoscere la propria vita residua di un mese per via di un cancro. E chi se ne fotte!\u00a0Meglio, no? Vado in paradiso prima e mi godo l&#8217;eternit\u00e0 di serenit\u00e0 e pace zompettando tra le nuvole.\u00a0Muore mio figlio? Minchia, che culo che ha avuto! Ci va prima lui a bearsi nel non fare un cazzo h24.\u00a0E invece si disperano, altro che cazzi.<\/p>\n<p>Probabilmente il mio maggior exploit \u00e8 stato nella chat di famiglia. Si verific\u00f2 un incidente durante un rito celebrativo per San Giuseppe (o chi cazzo era). Durante il fal\u00f2 fecero esplodere una bombola di gas per accelerare la combustione. Alcuni bambini si ferirono. Una ragazza esclam\u00f2 \u00abSta prendendo fuoco!\u00bb, indicando un tizio con i capelli in fiamme.\u00a0Io ne scrissi di ogni, imprecando come non mai ed esprimendo tutto il mio disgusto per cotanta coglionaggine. Questa \u00e8 roba da ritardati, signori: non ci sono altri modi per definirli.<\/p>\n<p>Perci\u00f2 il giorno in cui Dio sar\u00e0 considerato una minchiata al pari di un tizio che schiatta e risorge dopo tre giorni sar\u00e0 senz&#8217;altro un giorno in cui l&#8217;umanit\u00e0 avr\u00e0 finalmente preso a far funzionare quel cazzo di cervello che ha tra le due orecchie.<\/p>\n<p>\u00abCome cazzo hai fatto a ricevere i sacramenti se rompevi i coglioni?\u00bb. Beh, la Chiesa ha tutti gli interessi nel farteli ricevere. Altro che \u00ab\u00c8 importantissimo crederci, altrimenti non lo si merita\u00bb. I miei genitori fecero il resto.\u00a0La \u00abpunizione\u00bb della suora fu l&#8217;ordine di sedermi all&#8217;ultimo posto durante la celebrazione della Messa per la prima Comunione. Minchia che dramma, oh! Ma quanto pi\u00f9 lontano sto da voi, tanto meglio \u00e8. Magari mi avesse lasciato direttamente fuori: avrei riutilizzato quel tempo andando alla sala giochi vicino alla chiesa del mio paese.<\/p>\n<p><strong>Giovanni Prete<\/strong><\/p>\n<p>Vuoi raccontare anche tu la tua Storia per \u00abIo senza Dio\u00bb? Spediscila a L&#8217;Eterno Assente, ma prima consulta il <a href=\"https:\/\/www.leternoassente.com\/?page_id=4429\" target=\"_blank\" rel=\"noopener noreferrer\">Regolamento<\/a><\/p>\n<p><a href=\"https:\/\/www.leternoassente.com\/?page_id=4502\" target=\"_blank\" rel=\"noopener noreferrer\">Tutte le Storie di \u00abIo senza Dio\u00bb<\/a><\/p>\n<hr>\n<p><em>Qui sotto trovi la possibilit\u00e0 di commentare quest&#8217;articolo. Per farlo, devi<br \/>\n1. confermare che sei ateo\/a,<br \/>\n2. essere consapevole che, se menti, stai commettendo il gravissimo peccato di apostasia,<br \/>\n3. aspettare che il commento sia approvato dall&#8217;admin.<br \/>\nL&#8217;approvazione dei commenti dipende dall&#8217;insindacabile e inappellabile giudizio dell&#8217;admin. Se vuoi saperne di pi\u00f9 a proposito dei commenti, puoi consultare le <a href=\"http:\/\/www.leternoassente.com\/?page_id=957#nocomment\" rel=\"noopener\" target=\"_blank\">FAQ<\/a>.<br \/>\nInoltre puoi commentare gli articoli e i post nel <a href=\"https:\/\/www.facebook.com\/groups\/eternoassente\/\" rel=\"noopener\" target=\"_blank\">Gruppo Facebook de L&#8217;Eterno Assente<\/a>, se ti iscrivi al Gruppo dopo aver risposto a una semplice domanda.<\/em><\/p>\n","protected":false},"excerpt":{"rendered":"<p>Giovanni Prete racconta la propria Storia per \u00abIo senza Dio\u00bb Sono Giovanni Prete \u2013 s\u00ec, il cognome \u00e8 una presa per il culo a me medesimo \u2013, nonch\u00e9 BlackPaese su YouTube. Penso di potermi esprimere liberamente visto che il responsabile &hellip; <a href=\"https:\/\/www.leternoassente.com\/?page_id=7019\">Continua a leggere<span class=\"meta-nav\">&rarr;<\/span><\/a><\/p>\n","protected":false},"author":1,"featured_media":3299,"parent":4502,"menu_order":0,"comment_status":"open","ping_status":"closed","template":"","meta":{"footnotes":""},"class_list":["post-7019","page","type-page","status-publish","has-post-thumbnail","hentry"],"yoast_head":"<!-- This site is optimized with the Yoast SEO plugin v25.6 - https:\/\/yoast.com\/wordpress\/plugins\/seo\/ -->\n<title>Mai stato credente - L&#039;Eterno Assente<\/title>\n<meta name=\"description\" content=\"Giovanni Prete racconta la propria Storia per \u00abIo senza Dio\u00bb\" \/>\n<meta name=\"robots\" content=\"index, follow, max-snippet:-1, max-image-preview:large, max-video-preview:-1\" \/>\n<link rel=\"canonical\" href=\"https:\/\/www.leternoassente.com\/?page_id=7019\" \/>\n<meta property=\"og:locale\" content=\"it_IT\" \/>\n<meta property=\"og:type\" content=\"article\" \/>\n<meta property=\"og:title\" content=\"Mai stato credente - L&#039;Eterno Assente\" \/>\n<meta property=\"og:description\" content=\"Giovanni Prete racconta la propria Storia per \u00abIo senza Dio\u00bb\" \/>\n<meta property=\"og:url\" content=\"https:\/\/www.leternoassente.com\/?page_id=7019\" \/>\n<meta property=\"og:site_name\" content=\"L&#039;Eterno Assente\" \/>\n<meta property=\"article:modified_time\" content=\"2025-04-16T07:30:40+00:00\" \/>\n<meta property=\"og:image\" content=\"https:\/\/www.leternoassente.com\/wp-content\/uploads\/2020\/04\/iosenzadio4seo.jpg\" \/>\n\t<meta property=\"og:image:width\" content=\"1200\" \/>\n\t<meta property=\"og:image:height\" content=\"630\" \/>\n\t<meta property=\"og:image:type\" content=\"image\/jpeg\" \/>\n<meta name=\"twitter:card\" content=\"summary_large_image\" \/>\n<meta name=\"twitter:site\" content=\"@leternoassente\" \/>\n<meta name=\"twitter:label1\" content=\"Tempo di lettura stimato\" \/>\n\t<meta name=\"twitter:data1\" content=\"5 minuti\" \/>\n<script type=\"application\/ld+json\" class=\"yoast-schema-graph\">{\"@context\":\"https:\/\/schema.org\",\"@graph\":[{\"@type\":\"WebPage\",\"@id\":\"https:\/\/www.leternoassente.com\/?page_id=7019\",\"url\":\"https:\/\/www.leternoassente.com\/?page_id=7019\",\"name\":\"Mai stato credente - L&#039;Eterno Assente\",\"isPartOf\":{\"@id\":\"https:\/\/www.leternoassente.com\/#website\"},\"primaryImageOfPage\":{\"@id\":\"https:\/\/www.leternoassente.com\/?page_id=7019#primaryimage\"},\"image\":{\"@id\":\"https:\/\/www.leternoassente.com\/?page_id=7019#primaryimage\"},\"thumbnailUrl\":\"https:\/\/www.leternoassente.com\/wp-content\/uploads\/2020\/04\/iosenzadio4.jpg\",\"datePublished\":\"2025-04-16T07:28:51+00:00\",\"dateModified\":\"2025-04-16T07:30:40+00:00\",\"description\":\"Giovanni Prete racconta la propria Storia per \u00abIo senza Dio\u00bb\",\"breadcrumb\":{\"@id\":\"https:\/\/www.leternoassente.com\/?page_id=7019#breadcrumb\"},\"inLanguage\":\"it-IT\",\"potentialAction\":[{\"@type\":\"ReadAction\",\"target\":[\"https:\/\/www.leternoassente.com\/?page_id=7019\"]}]},{\"@type\":\"ImageObject\",\"inLanguage\":\"it-IT\",\"@id\":\"https:\/\/www.leternoassente.com\/?page_id=7019#primaryimage\",\"url\":\"https:\/\/www.leternoassente.com\/wp-content\/uploads\/2020\/04\/iosenzadio4.jpg\",\"contentUrl\":\"https:\/\/www.leternoassente.com\/wp-content\/uploads\/2020\/04\/iosenzadio4.jpg\",\"width\":1500,\"height\":434},{\"@type\":\"BreadcrumbList\",\"@id\":\"https:\/\/www.leternoassente.com\/?page_id=7019#breadcrumb\",\"itemListElement\":[{\"@type\":\"ListItem\",\"position\":1,\"name\":\"Home\",\"item\":\"https:\/\/www.leternoassente.com\/\"},{\"@type\":\"ListItem\",\"position\":2,\"name\":\"\u00abIo senza Dio\u00bb \u2013 Storie\",\"item\":\"https:\/\/www.leternoassente.com\/?page_id=4502\"},{\"@type\":\"ListItem\",\"position\":3,\"name\":\"Mai stato credente\"}]},{\"@type\":\"WebSite\",\"@id\":\"https:\/\/www.leternoassente.com\/#website\",\"url\":\"https:\/\/www.leternoassente.com\/\",\"name\":\"L&#039;Eterno Assente\",\"description\":\"Dio, la vita, il senso e altre cazzate\",\"publisher\":{\"@id\":\"https:\/\/www.leternoassente.com\/#\/schema\/person\/d2069751871fcdb89a30a0775f4170f9\"},\"potentialAction\":[{\"@type\":\"SearchAction\",\"target\":{\"@type\":\"EntryPoint\",\"urlTemplate\":\"https:\/\/www.leternoassente.com\/?s={search_term_string}\"},\"query-input\":{\"@type\":\"PropertyValueSpecification\",\"valueRequired\":true,\"valueName\":\"search_term_string\"}}],\"inLanguage\":\"it-IT\"},{\"@type\":[\"Person\",\"Organization\"],\"@id\":\"https:\/\/www.leternoassente.com\/#\/schema\/person\/d2069751871fcdb89a30a0775f4170f9\",\"name\":\"Choam Goldberg\",\"image\":{\"@type\":\"ImageObject\",\"inLanguage\":\"it-IT\",\"@id\":\"https:\/\/www.leternoassente.com\/#\/schema\/person\/image\/\",\"url\":\"https:\/\/secure.gravatar.com\/avatar\/63d2c9f25f05d3da5001f2898f6fc9cd?s=96&d=wavatar&r=g\",\"contentUrl\":\"https:\/\/secure.gravatar.com\/avatar\/63d2c9f25f05d3da5001f2898f6fc9cd?s=96&d=wavatar&r=g\",\"caption\":\"Choam Goldberg\"},\"logo\":{\"@id\":\"https:\/\/www.leternoassente.com\/#\/schema\/person\/image\/\"},\"description\":\"Contemplata la vastit\u00e0 del cazzo che gliene frega e raggiunta l\u2019atarass\u00eca, Choam Goldberg pratica nondimeno l'antica, dilettevole e nobile arte di demolire le credenze dei\u00a0beoti e degli insipienti.\",\"sameAs\":[\"http:\/\/www.leternoassente.com\"]}]}<\/script>\n<!-- \/ Yoast SEO plugin. -->","yoast_head_json":{"title":"Mai stato credente - L&#039;Eterno Assente","description":"Giovanni Prete racconta la propria Storia per \u00abIo senza Dio\u00bb","robots":{"index":"index","follow":"follow","max-snippet":"max-snippet:-1","max-image-preview":"max-image-preview:large","max-video-preview":"max-video-preview:-1"},"canonical":"https:\/\/www.leternoassente.com\/?page_id=7019","og_locale":"it_IT","og_type":"article","og_title":"Mai stato credente - L&#039;Eterno Assente","og_description":"Giovanni Prete racconta la propria Storia per \u00abIo senza Dio\u00bb","og_url":"https:\/\/www.leternoassente.com\/?page_id=7019","og_site_name":"L&#039;Eterno Assente","article_modified_time":"2025-04-16T07:30:40+00:00","og_image":[{"width":1200,"height":630,"url":"https:\/\/www.leternoassente.com\/wp-content\/uploads\/2020\/04\/iosenzadio4seo.jpg","type":"image\/jpeg"}],"twitter_card":"summary_large_image","twitter_site":"@leternoassente","twitter_misc":{"Tempo di lettura stimato":"5 minuti"},"schema":{"@context":"https:\/\/schema.org","@graph":[{"@type":"WebPage","@id":"https:\/\/www.leternoassente.com\/?page_id=7019","url":"https:\/\/www.leternoassente.com\/?page_id=7019","name":"Mai stato credente - L&#039;Eterno Assente","isPartOf":{"@id":"https:\/\/www.leternoassente.com\/#website"},"primaryImageOfPage":{"@id":"https:\/\/www.leternoassente.com\/?page_id=7019#primaryimage"},"image":{"@id":"https:\/\/www.leternoassente.com\/?page_id=7019#primaryimage"},"thumbnailUrl":"https:\/\/www.leternoassente.com\/wp-content\/uploads\/2020\/04\/iosenzadio4.jpg","datePublished":"2025-04-16T07:28:51+00:00","dateModified":"2025-04-16T07:30:40+00:00","description":"Giovanni Prete racconta la propria Storia per \u00abIo senza Dio\u00bb","breadcrumb":{"@id":"https:\/\/www.leternoassente.com\/?page_id=7019#breadcrumb"},"inLanguage":"it-IT","potentialAction":[{"@type":"ReadAction","target":["https:\/\/www.leternoassente.com\/?page_id=7019"]}]},{"@type":"ImageObject","inLanguage":"it-IT","@id":"https:\/\/www.leternoassente.com\/?page_id=7019#primaryimage","url":"https:\/\/www.leternoassente.com\/wp-content\/uploads\/2020\/04\/iosenzadio4.jpg","contentUrl":"https:\/\/www.leternoassente.com\/wp-content\/uploads\/2020\/04\/iosenzadio4.jpg","width":1500,"height":434},{"@type":"BreadcrumbList","@id":"https:\/\/www.leternoassente.com\/?page_id=7019#breadcrumb","itemListElement":[{"@type":"ListItem","position":1,"name":"Home","item":"https:\/\/www.leternoassente.com\/"},{"@type":"ListItem","position":2,"name":"\u00abIo senza Dio\u00bb \u2013 Storie","item":"https:\/\/www.leternoassente.com\/?page_id=4502"},{"@type":"ListItem","position":3,"name":"Mai stato credente"}]},{"@type":"WebSite","@id":"https:\/\/www.leternoassente.com\/#website","url":"https:\/\/www.leternoassente.com\/","name":"L&#039;Eterno Assente","description":"Dio, la vita, il senso e altre cazzate","publisher":{"@id":"https:\/\/www.leternoassente.com\/#\/schema\/person\/d2069751871fcdb89a30a0775f4170f9"},"potentialAction":[{"@type":"SearchAction","target":{"@type":"EntryPoint","urlTemplate":"https:\/\/www.leternoassente.com\/?s={search_term_string}"},"query-input":{"@type":"PropertyValueSpecification","valueRequired":true,"valueName":"search_term_string"}}],"inLanguage":"it-IT"},{"@type":["Person","Organization"],"@id":"https:\/\/www.leternoassente.com\/#\/schema\/person\/d2069751871fcdb89a30a0775f4170f9","name":"Choam Goldberg","image":{"@type":"ImageObject","inLanguage":"it-IT","@id":"https:\/\/www.leternoassente.com\/#\/schema\/person\/image\/","url":"https:\/\/secure.gravatar.com\/avatar\/63d2c9f25f05d3da5001f2898f6fc9cd?s=96&d=wavatar&r=g","contentUrl":"https:\/\/secure.gravatar.com\/avatar\/63d2c9f25f05d3da5001f2898f6fc9cd?s=96&d=wavatar&r=g","caption":"Choam Goldberg"},"logo":{"@id":"https:\/\/www.leternoassente.com\/#\/schema\/person\/image\/"},"description":"Contemplata la vastit\u00e0 del cazzo che gliene frega e raggiunta l\u2019atarass\u00eca, Choam Goldberg pratica nondimeno l'antica, dilettevole e nobile arte di demolire le credenze dei\u00a0beoti e degli insipienti.","sameAs":["http:\/\/www.leternoassente.com"]}]}},"_links":{"self":[{"href":"https:\/\/www.leternoassente.com\/index.php?rest_route=\/wp\/v2\/pages\/7019"}],"collection":[{"href":"https:\/\/www.leternoassente.com\/index.php?rest_route=\/wp\/v2\/pages"}],"about":[{"href":"https:\/\/www.leternoassente.com\/index.php?rest_route=\/wp\/v2\/types\/page"}],"author":[{"embeddable":true,"href":"https:\/\/www.leternoassente.com\/index.php?rest_route=\/wp\/v2\/users\/1"}],"replies":[{"embeddable":true,"href":"https:\/\/www.leternoassente.com\/index.php?rest_route=%2Fwp%2Fv2%2Fcomments&post=7019"}],"version-history":[{"count":4,"href":"https:\/\/www.leternoassente.com\/index.php?rest_route=\/wp\/v2\/pages\/7019\/revisions"}],"predecessor-version":[{"id":7070,"href":"https:\/\/www.leternoassente.com\/index.php?rest_route=\/wp\/v2\/pages\/7019\/revisions\/7070"}],"up":[{"embeddable":true,"href":"https:\/\/www.leternoassente.com\/index.php?rest_route=\/wp\/v2\/pages\/4502"}],"wp:featuredmedia":[{"embeddable":true,"href":"https:\/\/www.leternoassente.com\/index.php?rest_route=\/wp\/v2\/media\/3299"}],"wp:attachment":[{"href":"https:\/\/www.leternoassente.com\/index.php?rest_route=%2Fwp%2Fv2%2Fmedia&parent=7019"}],"curies":[{"name":"wp","href":"https:\/\/api.w.org\/{rel}","templated":true}]}}