{"id":7056,"date":"2025-04-03T07:56:21","date_gmt":"2025-04-03T05:56:21","guid":{"rendered":"https:\/\/www.leternoassente.com\/?page_id=7056"},"modified":"2025-04-03T07:57:59","modified_gmt":"2025-04-03T05:57:59","slug":"giulio","status":"publish","type":"page","link":"https:\/\/www.leternoassente.com\/?page_id=7056","title":{"rendered":"Giulio"},"content":{"rendered":"<p><strong>Pensiamo di conoscere una persona, e invece. Invece scopriamo un inaspettato e sorprendente senso di vicinanza e di comprensione. Questa \u00e8 la storia di Patta e del suo conoscente Giulio.<\/strong><\/p>\n<hr \/>\n<p>Nel settembre del 2024 ho partecipato a un funerale. Non mi c\u00e0pita spesso, ma ho realizzato che parteciparvi diventer\u00e0 probabilmente sempre pi\u00f9 frequente con il tempo. In quella chiesa ho intravisto Giulio.<\/p>\n<p>Conosco Giulio da anni. \u00c8 sempre stato un po&#8217; come il mago dei film fantasy: alto e magro, schiena un po&#8217; curva, et\u00e0 indefinibile, lunga barba bianca, modi di fare spigliati e ironici che non si addicono a un vecchietto. In realt\u00e0 ormai inizia a essere anziano per davvero, anche se sembra sempre lo stesso.<\/p>\n<p>Insegnante, probabilmente in pensione, Giulio \u00e8 una persona di cultura. Uno con cui purtroppo non ho mai avuto un dialogo al di l\u00e0 dei convenevoli. D&#8217;altra parte non ho mai avuto molte occasioni di parlarci, vuoi perch\u00e9 appartengo a un&#8217;altra generazione, vuoi perch\u00e9 non \u00e8 un tipo molto loquace. A maggior ragione perch\u00e9 da ormai un bel po&#8217; vivo all&#8217;estero.<\/p>\n<p>In tempi recenti ho scoperto che Giulio \u00e8 non credente. Suppongo che si autodefinisca cos\u00ec. La cosa \u00e8 stata menzionata durante una conversazione a casa dei miei genitori. Sono rimasto un tantino sorpreso, perch\u00e9 ho sempre pensato che lui e sua moglie fossero una coppia piuttosto religiosa. In realt\u00e0, a ben pensarci, sapevo soltanto che sua moglie \u00e8 un&#8217;assidua frequentatrice della parrocchia, ma effettivamente ci\u00f2 non dice nulla di lui.<\/p>\n<p>\u00c8 piuttosto singolare che io ne venga a conoscenza solo ora, in quanto nel mio contesto sociale d&#8217;origine il pettegolezzo (benevolo, anche se non sempre) \u00e8 un po&#8217; la forma base di comunicazione. Stiamo parlando del classico paesello di pochi abitanti, quasi tutti anziani, dove peraltro essere cristiani \u00e8 la norma.<\/p>\n<p>Al funerale ho intravisto Giulio, dicevo. Gli ho fatto un cenno di saluto, al quale lui ha risposto. Poi la celebrazione \u00e8 iniziata.<\/p>\n<p>Era la prima volta che mi ritrovavo in una chiesa dopo tanto tempo. Ormai pensante, a differenza di quando ancora avevo l&#8217;abitudine di andarci, ho effettivamente prestato attenzione a quanto diceva il sacerdote. I dettagli sono sbiaditi, ma ricordo che le sue parole di introduzione alla celebrazione mi risuonavano talmente farlocche che quasi ogni frase generava in me una gran voglia di protestare. Pensieri che naturalmente non potevo esprimere. Se le Messe fossero un dialogo piuttosto che una lezione frontale che non ammette domande, se ne vedrebbero delle belle.<\/p>\n<p>Mi \u00e8 rimasta impressa la frase di apertura, nella quale il celebrante sosteneva che \u00absiamo certi che Ges\u00f9 \u00e8 con noi perch\u00e9 lo sentiamo, esattamente come sentiamo il sole che ci scalda\u00bb. Inutile spiegare perch\u00e9 tutto ci\u00f2 sia completamente insensato. Mi sono augurato che quell&#8217;inutile sproloquio fosse almeno di consolazione per i parenti della defunta, sebbene l&#8217;argomento fosse pi\u00f9 incentrato sui presunti prodigi di un presunto carpentiere magico che non sul ricordo della persona scomparsa.<\/p>\n<p>Provavo un certo disagio a trovarmi l\u00ec e spesso giravo un occhio verso Giulio, visto che ero consapevole della sua posizione di non credente.<\/p>\n<p>Potevo notare una cosa a cui in passato non avrei mai fatto caso: pur partecipando alla gestualit\u00e0 \u00abmacroscopica\u00bb convenzionale, vale a dire sedendosi e alzandosi in concordanza con le persone attorno a lui, Giulio non apriva bocca, rifiutando fieramente di ripetere a pappagallo quelle vuote formule.<\/p>\n<p>Tutto questo potrebbe sembrare una banalit\u00e0, ma in quel momento di disagio Giulio \u00e8 stato per me di grande aiuto, e gli sono immensamente grato, anche se lui non lo sa. Avere Giulio l\u00ec vicino, in un dignitoso silenzio, rispettoso per il lutto di chi resta ma impermeabile alle supercazzole e alla pressione sociale, mi faceva sentire incluso in una situazione nella quale altrimenti mi sarei sentito piuttosto scomodo.<\/p>\n<p><strong>Patta<\/strong><\/p>\n<hr \/>\n<p><em>Qui sotto trovi la possibilit\u00e0 di commentare questa lettera. Per farlo, devi<br \/>\n1. confermare che sei ateo\/a,<br \/>\n2. essere consapevole che, se menti, stai commettendo il gravissimo peccato di apostasia,<br \/>\n3. aspettare che il commento sia approvato dall&#8217;admin.<br \/>\nL&#8217;approvazione dei commenti dipende dall&#8217;insindacabile e inappellabile giudizio dell&#8217;admin. Se vuoi saperne di pi\u00f9 a proposito dei commenti, puoi consultare le <a href=\"http:\/\/www.leternoassente.com\/?page_id=957#nocomment\" target=\"_blank\" rel=\"noopener\">FAQ<\/a>.<br \/>\nInoltre puoi commentare gli articoli e i post nel <a href=\"https:\/\/www.facebook.com\/groups\/eternoassente\/\" target=\"_blank\" rel=\"noopener\">Gruppo Facebook de L&#8217;Eterno Assente<\/a>, se ti iscrivi al Gruppo dopo aver risposto a una semplice domanda.<\/em><\/p>\n","protected":false},"excerpt":{"rendered":"<p>Pensiamo di conoscere una persona, e invece. Invece scopriamo un inaspettato e sorprendente senso di vicinanza e di comprensione. Questa \u00e8 la storia di Patta e del suo conoscente Giulio. Nel settembre del 2024 ho partecipato a un funerale. Non &hellip; <a href=\"https:\/\/www.leternoassente.com\/?page_id=7056\">Continua a leggere<span class=\"meta-nav\">&rarr;<\/span><\/a><\/p>\n","protected":false},"author":1,"featured_media":5486,"parent":0,"menu_order":0,"comment_status":"open","ping_status":"closed","template":"","meta":{"footnotes":""},"class_list":["post-7056","page","type-page","status-publish","has-post-thumbnail","hentry"],"yoast_head":"<!-- This site is optimized with the Yoast SEO plugin v25.6 - https:\/\/yoast.com\/wordpress\/plugins\/seo\/ -->\n<title>Giulio - L&#039;Eterno Assente<\/title>\n<meta name=\"robots\" content=\"index, follow, max-snippet:-1, max-image-preview:large, max-video-preview:-1\" \/>\n<link rel=\"canonical\" href=\"https:\/\/www.leternoassente.com\/?page_id=7056\" \/>\n<meta property=\"og:locale\" content=\"it_IT\" \/>\n<meta property=\"og:type\" content=\"article\" \/>\n<meta property=\"og:title\" content=\"Giulio - L&#039;Eterno Assente\" \/>\n<meta property=\"og:description\" content=\"Pensiamo di conoscere una persona, e invece. Invece scopriamo un inaspettato e sorprendente senso di vicinanza e di comprensione. Questa \u00e8 la storia di Patta e del suo conoscente Giulio. Nel settembre del 2024 ho partecipato a un funerale. Non &hellip; Continua a leggere&rarr;\" \/>\n<meta property=\"og:url\" content=\"https:\/\/www.leternoassente.com\/?page_id=7056\" \/>\n<meta property=\"og:site_name\" content=\"L&#039;Eterno Assente\" \/>\n<meta property=\"article:modified_time\" content=\"2025-04-03T05:57:59+00:00\" \/>\n<meta property=\"og:image\" content=\"https:\/\/www.leternoassente.com\/wp-content\/uploads\/2022\/12\/writing.jpg\" \/>\n\t<meta property=\"og:image:width\" content=\"1500\" \/>\n\t<meta property=\"og:image:height\" content=\"442\" \/>\n\t<meta property=\"og:image:type\" content=\"image\/jpeg\" \/>\n<meta name=\"twitter:card\" content=\"summary_large_image\" \/>\n<meta name=\"twitter:site\" content=\"@leternoassente\" \/>\n<meta name=\"twitter:label1\" content=\"Tempo di lettura stimato\" \/>\n\t<meta name=\"twitter:data1\" content=\"4 minuti\" \/>\n<script type=\"application\/ld+json\" class=\"yoast-schema-graph\">{\"@context\":\"https:\/\/schema.org\",\"@graph\":[{\"@type\":\"WebPage\",\"@id\":\"https:\/\/www.leternoassente.com\/?page_id=7056\",\"url\":\"https:\/\/www.leternoassente.com\/?page_id=7056\",\"name\":\"Giulio - L&#039;Eterno Assente\",\"isPartOf\":{\"@id\":\"https:\/\/www.leternoassente.com\/#website\"},\"primaryImageOfPage\":{\"@id\":\"https:\/\/www.leternoassente.com\/?page_id=7056#primaryimage\"},\"image\":{\"@id\":\"https:\/\/www.leternoassente.com\/?page_id=7056#primaryimage\"},\"thumbnailUrl\":\"https:\/\/www.leternoassente.com\/wp-content\/uploads\/2022\/12\/writing.jpg\",\"datePublished\":\"2025-04-03T05:56:21+00:00\",\"dateModified\":\"2025-04-03T05:57:59+00:00\",\"breadcrumb\":{\"@id\":\"https:\/\/www.leternoassente.com\/?page_id=7056#breadcrumb\"},\"inLanguage\":\"it-IT\",\"potentialAction\":[{\"@type\":\"ReadAction\",\"target\":[\"https:\/\/www.leternoassente.com\/?page_id=7056\"]}]},{\"@type\":\"ImageObject\",\"inLanguage\":\"it-IT\",\"@id\":\"https:\/\/www.leternoassente.com\/?page_id=7056#primaryimage\",\"url\":\"https:\/\/www.leternoassente.com\/wp-content\/uploads\/2022\/12\/writing.jpg\",\"contentUrl\":\"https:\/\/www.leternoassente.com\/wp-content\/uploads\/2022\/12\/writing.jpg\",\"width\":1500,\"height\":442},{\"@type\":\"BreadcrumbList\",\"@id\":\"https:\/\/www.leternoassente.com\/?page_id=7056#breadcrumb\",\"itemListElement\":[{\"@type\":\"ListItem\",\"position\":1,\"name\":\"Home\",\"item\":\"https:\/\/www.leternoassente.com\/\"},{\"@type\":\"ListItem\",\"position\":2,\"name\":\"Giulio\"}]},{\"@type\":\"WebSite\",\"@id\":\"https:\/\/www.leternoassente.com\/#website\",\"url\":\"https:\/\/www.leternoassente.com\/\",\"name\":\"L&#039;Eterno Assente\",\"description\":\"Dio, la vita, il senso e altre cazzate\",\"publisher\":{\"@id\":\"https:\/\/www.leternoassente.com\/#\/schema\/person\/d2069751871fcdb89a30a0775f4170f9\"},\"potentialAction\":[{\"@type\":\"SearchAction\",\"target\":{\"@type\":\"EntryPoint\",\"urlTemplate\":\"https:\/\/www.leternoassente.com\/?s={search_term_string}\"},\"query-input\":{\"@type\":\"PropertyValueSpecification\",\"valueRequired\":true,\"valueName\":\"search_term_string\"}}],\"inLanguage\":\"it-IT\"},{\"@type\":[\"Person\",\"Organization\"],\"@id\":\"https:\/\/www.leternoassente.com\/#\/schema\/person\/d2069751871fcdb89a30a0775f4170f9\",\"name\":\"Choam Goldberg\",\"image\":{\"@type\":\"ImageObject\",\"inLanguage\":\"it-IT\",\"@id\":\"https:\/\/www.leternoassente.com\/#\/schema\/person\/image\/\",\"url\":\"https:\/\/secure.gravatar.com\/avatar\/63d2c9f25f05d3da5001f2898f6fc9cd?s=96&d=wavatar&r=g\",\"contentUrl\":\"https:\/\/secure.gravatar.com\/avatar\/63d2c9f25f05d3da5001f2898f6fc9cd?s=96&d=wavatar&r=g\",\"caption\":\"Choam Goldberg\"},\"logo\":{\"@id\":\"https:\/\/www.leternoassente.com\/#\/schema\/person\/image\/\"},\"description\":\"Contemplata la vastit\u00e0 del cazzo che gliene frega e raggiunta l\u2019atarass\u00eca, Choam Goldberg pratica nondimeno l'antica, dilettevole e nobile arte di demolire le credenze dei\u00a0beoti e degli insipienti.\",\"sameAs\":[\"http:\/\/www.leternoassente.com\"]}]}<\/script>\n<!-- \/ Yoast SEO plugin. -->","yoast_head_json":{"title":"Giulio - L&#039;Eterno Assente","robots":{"index":"index","follow":"follow","max-snippet":"max-snippet:-1","max-image-preview":"max-image-preview:large","max-video-preview":"max-video-preview:-1"},"canonical":"https:\/\/www.leternoassente.com\/?page_id=7056","og_locale":"it_IT","og_type":"article","og_title":"Giulio - L&#039;Eterno Assente","og_description":"Pensiamo di conoscere una persona, e invece. Invece scopriamo un inaspettato e sorprendente senso di vicinanza e di comprensione. Questa \u00e8 la storia di Patta e del suo conoscente Giulio. Nel settembre del 2024 ho partecipato a un funerale. Non &hellip; Continua a leggere&rarr;","og_url":"https:\/\/www.leternoassente.com\/?page_id=7056","og_site_name":"L&#039;Eterno Assente","article_modified_time":"2025-04-03T05:57:59+00:00","og_image":[{"width":1500,"height":442,"url":"https:\/\/www.leternoassente.com\/wp-content\/uploads\/2022\/12\/writing.jpg","type":"image\/jpeg"}],"twitter_card":"summary_large_image","twitter_site":"@leternoassente","twitter_misc":{"Tempo di lettura stimato":"4 minuti"},"schema":{"@context":"https:\/\/schema.org","@graph":[{"@type":"WebPage","@id":"https:\/\/www.leternoassente.com\/?page_id=7056","url":"https:\/\/www.leternoassente.com\/?page_id=7056","name":"Giulio - L&#039;Eterno Assente","isPartOf":{"@id":"https:\/\/www.leternoassente.com\/#website"},"primaryImageOfPage":{"@id":"https:\/\/www.leternoassente.com\/?page_id=7056#primaryimage"},"image":{"@id":"https:\/\/www.leternoassente.com\/?page_id=7056#primaryimage"},"thumbnailUrl":"https:\/\/www.leternoassente.com\/wp-content\/uploads\/2022\/12\/writing.jpg","datePublished":"2025-04-03T05:56:21+00:00","dateModified":"2025-04-03T05:57:59+00:00","breadcrumb":{"@id":"https:\/\/www.leternoassente.com\/?page_id=7056#breadcrumb"},"inLanguage":"it-IT","potentialAction":[{"@type":"ReadAction","target":["https:\/\/www.leternoassente.com\/?page_id=7056"]}]},{"@type":"ImageObject","inLanguage":"it-IT","@id":"https:\/\/www.leternoassente.com\/?page_id=7056#primaryimage","url":"https:\/\/www.leternoassente.com\/wp-content\/uploads\/2022\/12\/writing.jpg","contentUrl":"https:\/\/www.leternoassente.com\/wp-content\/uploads\/2022\/12\/writing.jpg","width":1500,"height":442},{"@type":"BreadcrumbList","@id":"https:\/\/www.leternoassente.com\/?page_id=7056#breadcrumb","itemListElement":[{"@type":"ListItem","position":1,"name":"Home","item":"https:\/\/www.leternoassente.com\/"},{"@type":"ListItem","position":2,"name":"Giulio"}]},{"@type":"WebSite","@id":"https:\/\/www.leternoassente.com\/#website","url":"https:\/\/www.leternoassente.com\/","name":"L&#039;Eterno Assente","description":"Dio, la vita, il senso e altre cazzate","publisher":{"@id":"https:\/\/www.leternoassente.com\/#\/schema\/person\/d2069751871fcdb89a30a0775f4170f9"},"potentialAction":[{"@type":"SearchAction","target":{"@type":"EntryPoint","urlTemplate":"https:\/\/www.leternoassente.com\/?s={search_term_string}"},"query-input":{"@type":"PropertyValueSpecification","valueRequired":true,"valueName":"search_term_string"}}],"inLanguage":"it-IT"},{"@type":["Person","Organization"],"@id":"https:\/\/www.leternoassente.com\/#\/schema\/person\/d2069751871fcdb89a30a0775f4170f9","name":"Choam Goldberg","image":{"@type":"ImageObject","inLanguage":"it-IT","@id":"https:\/\/www.leternoassente.com\/#\/schema\/person\/image\/","url":"https:\/\/secure.gravatar.com\/avatar\/63d2c9f25f05d3da5001f2898f6fc9cd?s=96&d=wavatar&r=g","contentUrl":"https:\/\/secure.gravatar.com\/avatar\/63d2c9f25f05d3da5001f2898f6fc9cd?s=96&d=wavatar&r=g","caption":"Choam Goldberg"},"logo":{"@id":"https:\/\/www.leternoassente.com\/#\/schema\/person\/image\/"},"description":"Contemplata la vastit\u00e0 del cazzo che gliene frega e raggiunta l\u2019atarass\u00eca, Choam Goldberg pratica nondimeno l'antica, dilettevole e nobile arte di demolire le credenze dei\u00a0beoti e degli insipienti.","sameAs":["http:\/\/www.leternoassente.com"]}]}},"_links":{"self":[{"href":"https:\/\/www.leternoassente.com\/index.php?rest_route=\/wp\/v2\/pages\/7056"}],"collection":[{"href":"https:\/\/www.leternoassente.com\/index.php?rest_route=\/wp\/v2\/pages"}],"about":[{"href":"https:\/\/www.leternoassente.com\/index.php?rest_route=\/wp\/v2\/types\/page"}],"author":[{"embeddable":true,"href":"https:\/\/www.leternoassente.com\/index.php?rest_route=\/wp\/v2\/users\/1"}],"replies":[{"embeddable":true,"href":"https:\/\/www.leternoassente.com\/index.php?rest_route=%2Fwp%2Fv2%2Fcomments&post=7056"}],"version-history":[{"count":2,"href":"https:\/\/www.leternoassente.com\/index.php?rest_route=\/wp\/v2\/pages\/7056\/revisions"}],"predecessor-version":[{"id":7058,"href":"https:\/\/www.leternoassente.com\/index.php?rest_route=\/wp\/v2\/pages\/7056\/revisions\/7058"}],"wp:featuredmedia":[{"embeddable":true,"href":"https:\/\/www.leternoassente.com\/index.php?rest_route=\/wp\/v2\/media\/5486"}],"wp:attachment":[{"href":"https:\/\/www.leternoassente.com\/index.php?rest_route=%2Fwp%2Fv2%2Fmedia&parent=7056"}],"curies":[{"name":"wp","href":"https:\/\/api.w.org\/{rel}","templated":true}]}}