{"id":7066,"date":"2025-04-17T09:12:27","date_gmt":"2025-04-17T07:12:27","guid":{"rendered":"https:\/\/www.leternoassente.com\/?page_id=7066"},"modified":"2025-04-17T09:12:29","modified_gmt":"2025-04-17T07:12:29","slug":"galeotto-fu-darwin","status":"publish","type":"page","link":"https:\/\/www.leternoassente.com\/?page_id=7066","title":{"rendered":"Galeotto fu Darwin"},"content":{"rendered":"<p><strong>Katia racconta la propria Storia per \u00abIo senza Dio\u00bb<\/strong><\/p>\n<hr>\n<p>Sono stata credente per molti anni, fin dalla pi\u00f9 tenera et\u00e0, come quasi tutti. Quando cresci con tutte quelle storie che ti raccontano e ti spacciano per vere, tu che sei un bambino ci credi, come credi a Babbo Natale o alla fata dei dentini. Sono cresciuta in una comunit\u00e0 dove tutti i bambini andavano all&#8217;oratorio e devo dire che sono anche stati anni molto belli, perch\u00e9 era l&#8217;unico luogo di aggregazione per noi bambini. Il parroco del mio paese era uno di quelli che si impegnava per aggregare i giovani, dar loro un luogo di ritrovo, uno spazio per giocare, e organizzava tutta una serie di attivit\u00e0 come gite, tornei, il cinema della domenica. Insomma per me e le mie amiche era naturale frequentare quell&#8217;ambiente. Ovviamente andavo a Messa, frequentavo il catechismo e ho fatto i sacramenti di rito, come la Prima comunione e la Cresima. Ascoltavo le storie raccontate dal Vangelo e dalla Bibbia e ci credevo. Come potevo non farlo?<\/p>\n<p>Poi iniziai a frequentare le Scuole medie. Avevo un libro di scienze molto bello e cominciai a studiarmelo per conto mio senza seguire il programma scolastico perch\u00e9 mi affascinava quello che vi era scritto. Quando arrivai al capitolo che parlava di Darwin e dell&#8217;evoluzione cominciarono i dubbi. Se la teoria dell&#8217;evoluzione era reale \u2013 e non vi era dubbio che lo fosse \u2013 la storiella di Adamo ed Eva era appunto una storiella? Quello fu il primo episodio che diede uno scossone alle mie convinzioni.<\/p>\n<p>Col tempo i dubbi continuarono ad aumentare, soprattutto quando iniziai a leggere per conto mio la Bibbia e i Vangeli. E quella fu un&#8217;altra bella batosta. I Vangeli raccontavano ognuno una storia diversa e in alcuni passaggi si contraddicevano l&#8217;un l&#8217;altro. La Bibbia era un lungo racconto di orrori e crudelt\u00e0 inaudite: ma Dio non era buono? Per un certo periodo continuai ad andare a Messa \u2013 cantavo pure nel coro \u2013, ma qualcosa dentro di me si era spezzato. Tutte quelle prediche cominciavano a nausearmi, a non avere nessun senso. Non poteva esistere un Dio buono e onnipotente con tutta la sofferenza che esisteva nel mondo. Cos\u00ec pian pianino smisi di andare in chiesa.<\/p>\n<p>Vivevo la religione a modo mio, credevo in un Dio che non era quello della Bibbia e dei Vangeli, ma un essere sovrannaturale che aveva creato l&#8217;universo ma che poi se ne era disinteressato. Poi per\u00f2 mi chiedevo: se l&#8217;universo \u00e8 stato creato da un essere superiore, chi ha creato l&#8217;essere superiore? Poi sono arrivati Stephen Hawking e la teoria del Big Bang. E a quel punto \u00e8 caduto anche l&#8217;ultimo dubbio. \u00c8 molto pi\u00f9 logico pensare che l&#8217;universo si sia creato da solo, piuttosto che essere stato creato da un essere superiore che non si sa da dove venga.<\/p>\n<p>Da allora di acqua sotto i ponti ne \u00e8 passata. Sono diventata un&#8217;atea razionalista e sbattezzata e provo un odio viscerale per il Vaticano e tutto quello che gli gira intorno. Io sono per la libert\u00e0 di scelta e rispetto le credenze altrui, ma non sopporto che qualcuno voglia imporre i suoi dogmi e le sue regole anche a chi non ci crede. E purtroppo le religioni (tutte) sono fatte cos\u00ec. Sono convinta che il mondo sarebbe un posto migliore se fosse libero dalle religioni. So che forse \u00e8 un sogno che non si realizzer\u00e0 mai, ma io ci spero.<\/p>\n<p><strong>Katia<\/strong><\/p>\n<p>Vuoi raccontare anche tu la tua Storia per \u00abIo senza Dio\u00bb? Spediscila a L&#8217;Eterno Assente, ma prima consulta il <a href=\"https:\/\/www.leternoassente.com\/?page_id=4429\" target=\"_blank\" rel=\"noopener noreferrer\">Regolamento<\/a><\/p>\n<p><a href=\"https:\/\/www.leternoassente.com\/?page_id=4502\" target=\"_blank\" rel=\"noopener noreferrer\">Tutte le Storie di \u00abIo senza Dio\u00bb<\/a><\/p>\n<hr>\n<p><em>Qui sotto trovi la possibilit\u00e0 di commentare quest&#8217;articolo. Per farlo, devi<br \/>\n1. confermare che sei ateo\/a,<br \/>\n2. essere consapevole che, se menti, stai commettendo il gravissimo peccato di apostasia,<br \/>\n3. aspettare che il commento sia approvato dall&#8217;admin.<br \/>\nL&#8217;approvazione dei commenti dipende dall&#8217;insindacabile e inappellabile giudizio dell&#8217;admin. Se vuoi saperne di pi\u00f9 a proposito dei commenti, puoi consultare le <a href=\"http:\/\/www.leternoassente.com\/?page_id=957#nocomment\" rel=\"noopener\" target=\"_blank\">FAQ<\/a>.<br \/>\nInoltre puoi commentare gli articoli e i post nel <a href=\"https:\/\/www.facebook.com\/groups\/eternoassente\/\" rel=\"noopener\" target=\"_blank\">Gruppo Facebook de L&#8217;Eterno Assente<\/a>, se ti iscrivi al Gruppo dopo aver risposto a una semplice domanda.<\/em><\/p>\n","protected":false},"excerpt":{"rendered":"<p>Katia racconta la propria Storia per \u00abIo senza Dio\u00bb Sono stata credente per molti anni, fin dalla pi\u00f9 tenera et\u00e0, come quasi tutti. Quando cresci con tutte quelle storie che ti raccontano e ti spacciano per vere, tu che sei &hellip; <a href=\"https:\/\/www.leternoassente.com\/?page_id=7066\">Continua a leggere<span class=\"meta-nav\">&rarr;<\/span><\/a><\/p>\n","protected":false},"author":1,"featured_media":3299,"parent":4502,"menu_order":0,"comment_status":"open","ping_status":"closed","template":"","meta":{"footnotes":""},"class_list":["post-7066","page","type-page","status-publish","has-post-thumbnail","hentry"],"yoast_head":"<!-- This site is optimized with the Yoast SEO plugin v25.6 - https:\/\/yoast.com\/wordpress\/plugins\/seo\/ -->\n<title>Galeotto fu Darwin - L&#039;Eterno Assente<\/title>\n<meta name=\"description\" content=\"Katia racconta la propria Storia per \u00abIo senza Dio\u00bb\" \/>\n<meta name=\"robots\" content=\"index, follow, max-snippet:-1, max-image-preview:large, max-video-preview:-1\" \/>\n<link rel=\"canonical\" href=\"https:\/\/www.leternoassente.com\/?page_id=7066\" \/>\n<meta property=\"og:locale\" content=\"it_IT\" \/>\n<meta property=\"og:type\" content=\"article\" \/>\n<meta property=\"og:title\" content=\"Galeotto fu Darwin - L&#039;Eterno Assente\" \/>\n<meta property=\"og:description\" content=\"Katia racconta la propria Storia per \u00abIo senza Dio\u00bb\" \/>\n<meta property=\"og:url\" content=\"https:\/\/www.leternoassente.com\/?page_id=7066\" \/>\n<meta property=\"og:site_name\" content=\"L&#039;Eterno Assente\" \/>\n<meta property=\"article:modified_time\" content=\"2025-04-17T07:12:29+00:00\" \/>\n<meta property=\"og:image\" content=\"https:\/\/www.leternoassente.com\/wp-content\/uploads\/2020\/04\/iosenzadio4seo.jpg\" \/>\n\t<meta property=\"og:image:width\" content=\"1200\" \/>\n\t<meta property=\"og:image:height\" content=\"630\" \/>\n\t<meta property=\"og:image:type\" content=\"image\/jpeg\" \/>\n<meta name=\"twitter:card\" content=\"summary_large_image\" \/>\n<meta name=\"twitter:site\" content=\"@leternoassente\" \/>\n<meta name=\"twitter:label1\" content=\"Tempo di lettura stimato\" \/>\n\t<meta name=\"twitter:data1\" content=\"4 minuti\" \/>\n<script type=\"application\/ld+json\" class=\"yoast-schema-graph\">{\"@context\":\"https:\/\/schema.org\",\"@graph\":[{\"@type\":\"WebPage\",\"@id\":\"https:\/\/www.leternoassente.com\/?page_id=7066\",\"url\":\"https:\/\/www.leternoassente.com\/?page_id=7066\",\"name\":\"Galeotto fu Darwin - L&#039;Eterno Assente\",\"isPartOf\":{\"@id\":\"https:\/\/www.leternoassente.com\/#website\"},\"primaryImageOfPage\":{\"@id\":\"https:\/\/www.leternoassente.com\/?page_id=7066#primaryimage\"},\"image\":{\"@id\":\"https:\/\/www.leternoassente.com\/?page_id=7066#primaryimage\"},\"thumbnailUrl\":\"https:\/\/www.leternoassente.com\/wp-content\/uploads\/2020\/04\/iosenzadio4.jpg\",\"datePublished\":\"2025-04-17T07:12:27+00:00\",\"dateModified\":\"2025-04-17T07:12:29+00:00\",\"description\":\"Katia racconta la propria Storia per \u00abIo senza Dio\u00bb\",\"breadcrumb\":{\"@id\":\"https:\/\/www.leternoassente.com\/?page_id=7066#breadcrumb\"},\"inLanguage\":\"it-IT\",\"potentialAction\":[{\"@type\":\"ReadAction\",\"target\":[\"https:\/\/www.leternoassente.com\/?page_id=7066\"]}]},{\"@type\":\"ImageObject\",\"inLanguage\":\"it-IT\",\"@id\":\"https:\/\/www.leternoassente.com\/?page_id=7066#primaryimage\",\"url\":\"https:\/\/www.leternoassente.com\/wp-content\/uploads\/2020\/04\/iosenzadio4.jpg\",\"contentUrl\":\"https:\/\/www.leternoassente.com\/wp-content\/uploads\/2020\/04\/iosenzadio4.jpg\",\"width\":1500,\"height\":434},{\"@type\":\"BreadcrumbList\",\"@id\":\"https:\/\/www.leternoassente.com\/?page_id=7066#breadcrumb\",\"itemListElement\":[{\"@type\":\"ListItem\",\"position\":1,\"name\":\"Home\",\"item\":\"https:\/\/www.leternoassente.com\/\"},{\"@type\":\"ListItem\",\"position\":2,\"name\":\"\u00abIo senza Dio\u00bb \u2013 Storie\",\"item\":\"https:\/\/www.leternoassente.com\/?page_id=4502\"},{\"@type\":\"ListItem\",\"position\":3,\"name\":\"Galeotto fu Darwin\"}]},{\"@type\":\"WebSite\",\"@id\":\"https:\/\/www.leternoassente.com\/#website\",\"url\":\"https:\/\/www.leternoassente.com\/\",\"name\":\"L&#039;Eterno Assente\",\"description\":\"Dio, la vita, il senso e altre cazzate\",\"publisher\":{\"@id\":\"https:\/\/www.leternoassente.com\/#\/schema\/person\/d2069751871fcdb89a30a0775f4170f9\"},\"potentialAction\":[{\"@type\":\"SearchAction\",\"target\":{\"@type\":\"EntryPoint\",\"urlTemplate\":\"https:\/\/www.leternoassente.com\/?s={search_term_string}\"},\"query-input\":{\"@type\":\"PropertyValueSpecification\",\"valueRequired\":true,\"valueName\":\"search_term_string\"}}],\"inLanguage\":\"it-IT\"},{\"@type\":[\"Person\",\"Organization\"],\"@id\":\"https:\/\/www.leternoassente.com\/#\/schema\/person\/d2069751871fcdb89a30a0775f4170f9\",\"name\":\"Choam Goldberg\",\"image\":{\"@type\":\"ImageObject\",\"inLanguage\":\"it-IT\",\"@id\":\"https:\/\/www.leternoassente.com\/#\/schema\/person\/image\/\",\"url\":\"https:\/\/secure.gravatar.com\/avatar\/63d2c9f25f05d3da5001f2898f6fc9cd?s=96&d=wavatar&r=g\",\"contentUrl\":\"https:\/\/secure.gravatar.com\/avatar\/63d2c9f25f05d3da5001f2898f6fc9cd?s=96&d=wavatar&r=g\",\"caption\":\"Choam Goldberg\"},\"logo\":{\"@id\":\"https:\/\/www.leternoassente.com\/#\/schema\/person\/image\/\"},\"description\":\"Contemplata la vastit\u00e0 del cazzo che gliene frega e raggiunta l\u2019atarass\u00eca, Choam Goldberg pratica nondimeno l'antica, dilettevole e nobile arte di demolire le credenze dei\u00a0beoti e degli insipienti.\",\"sameAs\":[\"http:\/\/www.leternoassente.com\"]}]}<\/script>\n<!-- \/ Yoast SEO plugin. -->","yoast_head_json":{"title":"Galeotto fu Darwin - L&#039;Eterno Assente","description":"Katia racconta la propria Storia per \u00abIo senza Dio\u00bb","robots":{"index":"index","follow":"follow","max-snippet":"max-snippet:-1","max-image-preview":"max-image-preview:large","max-video-preview":"max-video-preview:-1"},"canonical":"https:\/\/www.leternoassente.com\/?page_id=7066","og_locale":"it_IT","og_type":"article","og_title":"Galeotto fu Darwin - L&#039;Eterno Assente","og_description":"Katia racconta la propria Storia per \u00abIo senza Dio\u00bb","og_url":"https:\/\/www.leternoassente.com\/?page_id=7066","og_site_name":"L&#039;Eterno Assente","article_modified_time":"2025-04-17T07:12:29+00:00","og_image":[{"width":1200,"height":630,"url":"https:\/\/www.leternoassente.com\/wp-content\/uploads\/2020\/04\/iosenzadio4seo.jpg","type":"image\/jpeg"}],"twitter_card":"summary_large_image","twitter_site":"@leternoassente","twitter_misc":{"Tempo di lettura stimato":"4 minuti"},"schema":{"@context":"https:\/\/schema.org","@graph":[{"@type":"WebPage","@id":"https:\/\/www.leternoassente.com\/?page_id=7066","url":"https:\/\/www.leternoassente.com\/?page_id=7066","name":"Galeotto fu Darwin - L&#039;Eterno Assente","isPartOf":{"@id":"https:\/\/www.leternoassente.com\/#website"},"primaryImageOfPage":{"@id":"https:\/\/www.leternoassente.com\/?page_id=7066#primaryimage"},"image":{"@id":"https:\/\/www.leternoassente.com\/?page_id=7066#primaryimage"},"thumbnailUrl":"https:\/\/www.leternoassente.com\/wp-content\/uploads\/2020\/04\/iosenzadio4.jpg","datePublished":"2025-04-17T07:12:27+00:00","dateModified":"2025-04-17T07:12:29+00:00","description":"Katia racconta la propria Storia per \u00abIo senza Dio\u00bb","breadcrumb":{"@id":"https:\/\/www.leternoassente.com\/?page_id=7066#breadcrumb"},"inLanguage":"it-IT","potentialAction":[{"@type":"ReadAction","target":["https:\/\/www.leternoassente.com\/?page_id=7066"]}]},{"@type":"ImageObject","inLanguage":"it-IT","@id":"https:\/\/www.leternoassente.com\/?page_id=7066#primaryimage","url":"https:\/\/www.leternoassente.com\/wp-content\/uploads\/2020\/04\/iosenzadio4.jpg","contentUrl":"https:\/\/www.leternoassente.com\/wp-content\/uploads\/2020\/04\/iosenzadio4.jpg","width":1500,"height":434},{"@type":"BreadcrumbList","@id":"https:\/\/www.leternoassente.com\/?page_id=7066#breadcrumb","itemListElement":[{"@type":"ListItem","position":1,"name":"Home","item":"https:\/\/www.leternoassente.com\/"},{"@type":"ListItem","position":2,"name":"\u00abIo senza Dio\u00bb \u2013 Storie","item":"https:\/\/www.leternoassente.com\/?page_id=4502"},{"@type":"ListItem","position":3,"name":"Galeotto fu Darwin"}]},{"@type":"WebSite","@id":"https:\/\/www.leternoassente.com\/#website","url":"https:\/\/www.leternoassente.com\/","name":"L&#039;Eterno Assente","description":"Dio, la vita, il senso e altre cazzate","publisher":{"@id":"https:\/\/www.leternoassente.com\/#\/schema\/person\/d2069751871fcdb89a30a0775f4170f9"},"potentialAction":[{"@type":"SearchAction","target":{"@type":"EntryPoint","urlTemplate":"https:\/\/www.leternoassente.com\/?s={search_term_string}"},"query-input":{"@type":"PropertyValueSpecification","valueRequired":true,"valueName":"search_term_string"}}],"inLanguage":"it-IT"},{"@type":["Person","Organization"],"@id":"https:\/\/www.leternoassente.com\/#\/schema\/person\/d2069751871fcdb89a30a0775f4170f9","name":"Choam Goldberg","image":{"@type":"ImageObject","inLanguage":"it-IT","@id":"https:\/\/www.leternoassente.com\/#\/schema\/person\/image\/","url":"https:\/\/secure.gravatar.com\/avatar\/63d2c9f25f05d3da5001f2898f6fc9cd?s=96&d=wavatar&r=g","contentUrl":"https:\/\/secure.gravatar.com\/avatar\/63d2c9f25f05d3da5001f2898f6fc9cd?s=96&d=wavatar&r=g","caption":"Choam Goldberg"},"logo":{"@id":"https:\/\/www.leternoassente.com\/#\/schema\/person\/image\/"},"description":"Contemplata la vastit\u00e0 del cazzo che gliene frega e raggiunta l\u2019atarass\u00eca, Choam Goldberg pratica nondimeno l'antica, dilettevole e nobile arte di demolire le credenze dei\u00a0beoti e degli insipienti.","sameAs":["http:\/\/www.leternoassente.com"]}]}},"_links":{"self":[{"href":"https:\/\/www.leternoassente.com\/index.php?rest_route=\/wp\/v2\/pages\/7066"}],"collection":[{"href":"https:\/\/www.leternoassente.com\/index.php?rest_route=\/wp\/v2\/pages"}],"about":[{"href":"https:\/\/www.leternoassente.com\/index.php?rest_route=\/wp\/v2\/types\/page"}],"author":[{"embeddable":true,"href":"https:\/\/www.leternoassente.com\/index.php?rest_route=\/wp\/v2\/users\/1"}],"replies":[{"embeddable":true,"href":"https:\/\/www.leternoassente.com\/index.php?rest_route=%2Fwp%2Fv2%2Fcomments&post=7066"}],"version-history":[{"count":3,"href":"https:\/\/www.leternoassente.com\/index.php?rest_route=\/wp\/v2\/pages\/7066\/revisions"}],"predecessor-version":[{"id":7072,"href":"https:\/\/www.leternoassente.com\/index.php?rest_route=\/wp\/v2\/pages\/7066\/revisions\/7072"}],"up":[{"embeddable":true,"href":"https:\/\/www.leternoassente.com\/index.php?rest_route=\/wp\/v2\/pages\/4502"}],"wp:featuredmedia":[{"embeddable":true,"href":"https:\/\/www.leternoassente.com\/index.php?rest_route=\/wp\/v2\/media\/3299"}],"wp:attachment":[{"href":"https:\/\/www.leternoassente.com\/index.php?rest_route=%2Fwp%2Fv2%2Fmedia&parent=7066"}],"curies":[{"name":"wp","href":"https:\/\/api.w.org\/{rel}","templated":true}]}}