{"id":7077,"date":"2025-05-19T11:43:05","date_gmt":"2025-05-19T09:43:05","guid":{"rendered":"https:\/\/www.leternoassente.com\/?page_id=7077"},"modified":"2025-05-19T11:43:06","modified_gmt":"2025-05-19T09:43:06","slug":"libero-dallo-squid-game-divino","status":"publish","type":"page","link":"https:\/\/www.leternoassente.com\/?page_id=7077","title":{"rendered":"Libero dallo Squid Game divino"},"content":{"rendered":"<p><strong>Ivano racconta la propria Storia per \u00abIo senza Dio\u00bb<\/strong><\/p>\n<hr \/>\n<p>Sono cresciuto in un ambiente cattolico ma non particolarmente bigotto. Credevo perch\u00e9 me lo avevano insegnato, mi sembrava normale, tutti credevano. In televisione trasmettevano film su Ges\u00f9 e su Mos\u00e8, la domenica si andava in chiesa, le feste, le processioni: mi sembrava la normalit\u00e0.<\/p>\n<p>Nel profondo per\u00f2 la religione mi generava ansia pi\u00f9 che consolazione o speranza. E io non faccio nemmeno parte di categorie stigmatizzate dalla Chiesa.<\/p>\n<p>Ad esempio c&#8217;era il diavolo che poteva tentarmi, condizionare altre persone, magari pure palesarsi o possedere qualcuno. A catechismo mi avevano insegnato che, se mi fosse passato per la mente un pensiero intrusivo, si sarebbe trattato di una tentazione diabolica. \u00c8 destabilizzante, se ci si crede davvero.<\/p>\n<p>Poi bisogna pregare, per chiedere a un Dio onnisciente cose che sa gi\u00e0. Gli si chiede piet\u00e0 ma, essendo lui infinitamente buono, pi\u00f9 di quella che sta gi\u00e0 elargendo \u00e8 impossibile. E sarebbe comunque in contrasto con la giustizia, perch\u00e9 Dio \u00e8 pure giusto. Gli si chiede protezione contro il demonio e contro gli eventi avversi, ma a un certo punto sembra quasi che, se non preghi abbastanza e succede qualcosa di brutto, \u00e8 anche un po&#8217; colpa tua.<\/p>\n<p>Inoltre c&#8217;era l&#8217;inferno, nel quale era tutto sommato facile finire: ad esempio bastavano una bestemmia o un \u00abatto impuro\u00bb senza fare in tempo a confessarsi o a pentirsi. Chi \u00e8 che non pecca mai?\u00a0La salvezza eterna quindi \u00e8 affidata al caso: basta morire nel momento sbagliato e puff! All&#8217;inferno.\u00a0Per sempre.<\/p>\n<p>Che cosa diceva Ges\u00f9? La porta per il paradiso \u00e8 piccola, quindi ci entrano in pochi e bisogna essere vigilanti per non farsi cogliere in fallo da Dio. Da Dio&#8230; che sa benissimo quando peccherai.<\/p>\n<p>Grossa ricompensa, pene atroci, bassa probabilit\u00e0 di salvezza e regole tutto sommato truccate: mi ricorda molto Squid Game.<\/p>\n<p>Un giorno, navigando su internet, mi imbattei in un articolo delirante che faceva un mischione di Bibbia, alieni, New age e fuffa varia. Mi sembr\u00f2 assurdo. In effetti era assurdo. Siccome l&#8217;articolo faceva riferimento alla Bibbia, decisi di leggere direttamente la fonte.<\/p>\n<p>Dopo aver letto i primi capitoli, l&#8217;articolo delirante di prima mi sembr\u00f2 un po&#8217; meno assurdo, nel confronto. Ma soprattutto il Dio che si delineava non c&#8217;entrava nulla con quello del catechismo: altro che perfetto! Si comportava come un umano e nemmeno troppo sano di mente. Faceva cose, si pentiva, ammazzava tutti. Alla faccia della perfezione.<\/p>\n<p>Scrissi dei miei dubbi sul sito <a href=\"https:\/\/www.pretionline.it\/\">pretionline.it<\/a>. Mi risposero che bisogna interpretare, sono testi antichi, l&#8217;esegesi e cose del genere. Mi misero il dubbio che fossi io a non capire bene il testo. Certamente la Bibbia \u00e8 un testo antico, contiene culture diverse e antiche, non \u00e8 proprio semplicissimo da leggere. Tuttavia c&#8217;erano cose talmente assurde che, al netto di tutte le interpretazioni, continuavano a non avere senso.<\/p>\n<p>Cominciai a seguire Biglino, ma mi resi conto presto che la sua narrazione \u00e8 piuttosto fantasiosa. Tuttavia su alcune incoerenze della Bibbia aveva ragione.<\/p>\n<p>Poi durante il covid, grazie al canale <a href=\"https:\/\/www.youtube.com\/c\/PolemicaInPillole\">Polemica in pillole<\/a> che seguivo, ho scoperto Padre Kayn e successivamente Osa Sapere, L&#8217;Eterno Assente, Sapiens Sapiens eccetera. Sono stato molto felice di accedere a contenuti ben fatti e con un taglio razionale. Mi sono anche sentito meno solo con le mie idee.<\/p>\n<p>La cosa che mi ha fatto proprio scattare la molla dell&#8217;ateismo \u00e8 stata riflettere sull&#8217;inferno: ho concluso che \u00e8 una pena sproporzionata per chiunque, anche per il peggiore degli umani. Fosse per me, non ci manderei nessuno n\u00e9 permetterei che qualcuno ci possa finire, quindi o io sono pi\u00f9 buono di un Dio infinitamente buono oppure c&#8217;\u00e8 qualcosa che non torna.<\/p>\n<p>Anche le assurdit\u00e0 riguardo ai testi e alla dottrina hanno contribuito. Giusto per fare qualche esempio:<\/p>\n<ul>\n<li>il peccato originale che non ha minimamente senso ed \u00e8 incompatibile con l&#8217;evoluzione,<\/li>\n<li>Satana che praticamente non esiste, tutta la favola dell&#8217;angelo caduto nemmeno c&#8217;\u00e8 nella Bibbia,<\/li>\n<li>i Vangeli con aggiunte notoriamente false, come la chiusura del Vangelo di Marco o la donna adultera, che leggono ancora a Messa e nei quali trovano significati divini,<\/li>\n<li>il diluvio che \u00e8 un racconto completamente assurdo, di terza mano, che nei miti sumeri e babilonesi aveva pure un significato diverso,<\/li>\n<li>gli ebrei che non sono mai stati in Egitto, zero prove storiche o archeologiche, praticamente favole,<\/li>\n<li>il culto mariano e dei santi che a ben vedere sarebbe idolatria, come giustamente notano i protestanti, ma tanto la chiesa ha \u00abrisolto\u00bb con un artificio linguistico, ovvero con la distinzione tra dul\u00eca, iperdul\u00eca e latr\u00eca, e a livello pratico io ancora devo capire la differenza,<\/li>\n<li>il purgatorio, un&#8217;invenzione medievale totalmente assente nella Bibbia, che poi il credente medio oggi nemmeno sa come funzioni, perch\u00e9 ci si finisce per cose veramente, ma veramente lievi oppure per purificarsi da peccati gi\u00e0 confessati, perdonati e assolti dopo una penitenza, a meno di non ricevere sconti con\u00a0 indulgenze, passaggi sotto porte sante, messe di suffragio eccetera, insomma marketing.<\/li>\n<\/ul>\n<p>All&#8217;inizio pensavo che l&#8217;interpretazione della Chiesa, con una tradizione millenaria alle spalle, si basasse quanto meno su ragionamenti validi, ma mi sono reso conto che \u00e8 solo un&#8217;interpretazione molto di parte, con molti bias e falsificazioni. Partono dalla loro idea di Dio e interpretano tutto di conseguenza, ma in tutto questo il testo di partenza \u00e8 quasi insignificante.<\/p>\n<p>A dirla tutta, non \u00e8 facile liberarsi di anni di indottrinamento: ci sono cose che si annidano nella parte irrazionale della mente e ancora oggi ne avverto gli strascichi. Per\u00f2 ora da non credente vivo con molta meno ansia.<\/p>\n<p>Dovrei forse preoccuparmi di che cosa c&#8217;\u00e8 e se c&#8217;\u00e8 qualcosa dopo la morte? Di sicuro non c&#8217;\u00e8 qualcosa di cos\u00ec insensato. Se c&#8217;\u00e8 davvero un Dio, dovrebbe anzi riconoscere dei meriti a chi se ne rende conto. Inoltre c&#8217;\u00e8 forse qualcuno pi\u00f9 meritevole di chi si comporta bene senza la promessa di premi o punizioni?<\/p>\n<p><strong>Ivano<\/strong><\/p>\n<p>Vuoi raccontare anche tu la tua Storia per \u00abIo senza Dio\u00bb? Spediscila a L&#8217;Eterno Assente, ma prima consulta il <a href=\"https:\/\/www.leternoassente.com\/?page_id=4429\" target=\"_blank\" rel=\"noopener noreferrer\">Regolamento<\/a><\/p>\n<p><a href=\"https:\/\/www.leternoassente.com\/?page_id=4502\" target=\"_blank\" rel=\"noopener noreferrer\">Tutte le Storie di \u00abIo senza Dio\u00bb<\/a><\/p>\n<hr \/>\n<p><em>Qui sotto trovi la possibilit\u00e0 di commentare quest&#8217;articolo. Per farlo, devi<br \/>\n1. confermare che sei ateo\/a,<br \/>\n2. essere consapevole che, se menti, stai commettendo il gravissimo peccato di apostasia,<br \/>\n3. aspettare che il commento sia approvato dall&#8217;admin.<br \/>\nL&#8217;approvazione dei commenti dipende dall&#8217;insindacabile e inappellabile giudizio dell&#8217;admin. Se vuoi saperne di pi\u00f9 a proposito dei commenti, puoi consultare le <a href=\"http:\/\/www.leternoassente.com\/?page_id=957#nocomment\" target=\"_blank\" rel=\"noopener\">FAQ<\/a>.<br \/>\nInoltre puoi commentare gli articoli e i post nel <a href=\"https:\/\/www.facebook.com\/groups\/eternoassente\/\" target=\"_blank\" rel=\"noopener\">Gruppo Facebook de L&#8217;Eterno Assente<\/a>, se ti iscrivi al Gruppo dopo aver risposto a una semplice domanda.<\/em><\/p>\n","protected":false},"excerpt":{"rendered":"<p>Ivano racconta la propria Storia per \u00abIo senza Dio\u00bb Sono cresciuto in un ambiente cattolico ma non particolarmente bigotto. Credevo perch\u00e9 me lo avevano insegnato, mi sembrava normale, tutti credevano. In televisione trasmettevano film su Ges\u00f9 e su Mos\u00e8, la &hellip; <a href=\"https:\/\/www.leternoassente.com\/?page_id=7077\">Continua a leggere<span class=\"meta-nav\">&rarr;<\/span><\/a><\/p>\n","protected":false},"author":1,"featured_media":3299,"parent":4502,"menu_order":0,"comment_status":"open","ping_status":"closed","template":"","meta":{"footnotes":""},"class_list":["post-7077","page","type-page","status-publish","has-post-thumbnail","hentry"],"yoast_head":"<!-- This site is optimized with the Yoast SEO plugin v25.6 - https:\/\/yoast.com\/wordpress\/plugins\/seo\/ -->\n<title>Libero dallo Squid Game divino - L&#039;Eterno Assente<\/title>\n<meta name=\"description\" content=\"Ivano racconta la propria Storia per \u00abIo senza Dio\u00bb\" \/>\n<meta name=\"robots\" content=\"index, follow, max-snippet:-1, max-image-preview:large, max-video-preview:-1\" \/>\n<link rel=\"canonical\" href=\"https:\/\/www.leternoassente.com\/?page_id=7077\" \/>\n<meta property=\"og:locale\" content=\"it_IT\" \/>\n<meta property=\"og:type\" content=\"article\" \/>\n<meta property=\"og:title\" content=\"Libero dallo Squid Game divino - L&#039;Eterno Assente\" \/>\n<meta property=\"og:description\" content=\"Ivano racconta la propria Storia per \u00abIo senza Dio\u00bb\" \/>\n<meta property=\"og:url\" content=\"https:\/\/www.leternoassente.com\/?page_id=7077\" \/>\n<meta property=\"og:site_name\" content=\"L&#039;Eterno Assente\" \/>\n<meta property=\"article:modified_time\" content=\"2025-05-19T09:43:06+00:00\" \/>\n<meta property=\"og:image\" content=\"https:\/\/www.leternoassente.com\/wp-content\/uploads\/2020\/04\/iosenzadio4seo.jpg\" \/>\n\t<meta property=\"og:image:width\" content=\"1200\" \/>\n\t<meta property=\"og:image:height\" content=\"630\" \/>\n\t<meta property=\"og:image:type\" content=\"image\/jpeg\" \/>\n<meta name=\"twitter:card\" content=\"summary_large_image\" \/>\n<meta name=\"twitter:site\" content=\"@leternoassente\" \/>\n<meta name=\"twitter:label1\" content=\"Tempo di lettura stimato\" \/>\n\t<meta name=\"twitter:data1\" content=\"6 minuti\" \/>\n<script type=\"application\/ld+json\" class=\"yoast-schema-graph\">{\"@context\":\"https:\/\/schema.org\",\"@graph\":[{\"@type\":\"WebPage\",\"@id\":\"https:\/\/www.leternoassente.com\/?page_id=7077\",\"url\":\"https:\/\/www.leternoassente.com\/?page_id=7077\",\"name\":\"Libero dallo Squid Game divino - L&#039;Eterno Assente\",\"isPartOf\":{\"@id\":\"https:\/\/www.leternoassente.com\/#website\"},\"primaryImageOfPage\":{\"@id\":\"https:\/\/www.leternoassente.com\/?page_id=7077#primaryimage\"},\"image\":{\"@id\":\"https:\/\/www.leternoassente.com\/?page_id=7077#primaryimage\"},\"thumbnailUrl\":\"https:\/\/www.leternoassente.com\/wp-content\/uploads\/2020\/04\/iosenzadio4.jpg\",\"datePublished\":\"2025-05-19T09:43:05+00:00\",\"dateModified\":\"2025-05-19T09:43:06+00:00\",\"description\":\"Ivano racconta la propria Storia per \u00abIo senza Dio\u00bb\",\"breadcrumb\":{\"@id\":\"https:\/\/www.leternoassente.com\/?page_id=7077#breadcrumb\"},\"inLanguage\":\"it-IT\",\"potentialAction\":[{\"@type\":\"ReadAction\",\"target\":[\"https:\/\/www.leternoassente.com\/?page_id=7077\"]}]},{\"@type\":\"ImageObject\",\"inLanguage\":\"it-IT\",\"@id\":\"https:\/\/www.leternoassente.com\/?page_id=7077#primaryimage\",\"url\":\"https:\/\/www.leternoassente.com\/wp-content\/uploads\/2020\/04\/iosenzadio4.jpg\",\"contentUrl\":\"https:\/\/www.leternoassente.com\/wp-content\/uploads\/2020\/04\/iosenzadio4.jpg\",\"width\":1500,\"height\":434},{\"@type\":\"BreadcrumbList\",\"@id\":\"https:\/\/www.leternoassente.com\/?page_id=7077#breadcrumb\",\"itemListElement\":[{\"@type\":\"ListItem\",\"position\":1,\"name\":\"Home\",\"item\":\"https:\/\/www.leternoassente.com\/\"},{\"@type\":\"ListItem\",\"position\":2,\"name\":\"\u00abIo senza Dio\u00bb \u2013 Storie\",\"item\":\"https:\/\/www.leternoassente.com\/?page_id=4502\"},{\"@type\":\"ListItem\",\"position\":3,\"name\":\"Libero dallo Squid Game divino\"}]},{\"@type\":\"WebSite\",\"@id\":\"https:\/\/www.leternoassente.com\/#website\",\"url\":\"https:\/\/www.leternoassente.com\/\",\"name\":\"L&#039;Eterno Assente\",\"description\":\"Dio, la vita, il senso e altre cazzate\",\"publisher\":{\"@id\":\"https:\/\/www.leternoassente.com\/#\/schema\/person\/d2069751871fcdb89a30a0775f4170f9\"},\"potentialAction\":[{\"@type\":\"SearchAction\",\"target\":{\"@type\":\"EntryPoint\",\"urlTemplate\":\"https:\/\/www.leternoassente.com\/?s={search_term_string}\"},\"query-input\":{\"@type\":\"PropertyValueSpecification\",\"valueRequired\":true,\"valueName\":\"search_term_string\"}}],\"inLanguage\":\"it-IT\"},{\"@type\":[\"Person\",\"Organization\"],\"@id\":\"https:\/\/www.leternoassente.com\/#\/schema\/person\/d2069751871fcdb89a30a0775f4170f9\",\"name\":\"Choam Goldberg\",\"image\":{\"@type\":\"ImageObject\",\"inLanguage\":\"it-IT\",\"@id\":\"https:\/\/www.leternoassente.com\/#\/schema\/person\/image\/\",\"url\":\"https:\/\/secure.gravatar.com\/avatar\/63d2c9f25f05d3da5001f2898f6fc9cd?s=96&d=wavatar&r=g\",\"contentUrl\":\"https:\/\/secure.gravatar.com\/avatar\/63d2c9f25f05d3da5001f2898f6fc9cd?s=96&d=wavatar&r=g\",\"caption\":\"Choam Goldberg\"},\"logo\":{\"@id\":\"https:\/\/www.leternoassente.com\/#\/schema\/person\/image\/\"},\"description\":\"Contemplata la vastit\u00e0 del cazzo che gliene frega e raggiunta l\u2019atarass\u00eca, Choam Goldberg pratica nondimeno l'antica, dilettevole e nobile arte di demolire le credenze dei\u00a0beoti e degli insipienti.\",\"sameAs\":[\"http:\/\/www.leternoassente.com\"]}]}<\/script>\n<!-- \/ Yoast SEO plugin. -->","yoast_head_json":{"title":"Libero dallo Squid Game divino - L&#039;Eterno Assente","description":"Ivano racconta la propria Storia per \u00abIo senza Dio\u00bb","robots":{"index":"index","follow":"follow","max-snippet":"max-snippet:-1","max-image-preview":"max-image-preview:large","max-video-preview":"max-video-preview:-1"},"canonical":"https:\/\/www.leternoassente.com\/?page_id=7077","og_locale":"it_IT","og_type":"article","og_title":"Libero dallo Squid Game divino - L&#039;Eterno Assente","og_description":"Ivano racconta la propria Storia per \u00abIo senza Dio\u00bb","og_url":"https:\/\/www.leternoassente.com\/?page_id=7077","og_site_name":"L&#039;Eterno Assente","article_modified_time":"2025-05-19T09:43:06+00:00","og_image":[{"width":1200,"height":630,"url":"https:\/\/www.leternoassente.com\/wp-content\/uploads\/2020\/04\/iosenzadio4seo.jpg","type":"image\/jpeg"}],"twitter_card":"summary_large_image","twitter_site":"@leternoassente","twitter_misc":{"Tempo di lettura stimato":"6 minuti"},"schema":{"@context":"https:\/\/schema.org","@graph":[{"@type":"WebPage","@id":"https:\/\/www.leternoassente.com\/?page_id=7077","url":"https:\/\/www.leternoassente.com\/?page_id=7077","name":"Libero dallo Squid Game divino - L&#039;Eterno Assente","isPartOf":{"@id":"https:\/\/www.leternoassente.com\/#website"},"primaryImageOfPage":{"@id":"https:\/\/www.leternoassente.com\/?page_id=7077#primaryimage"},"image":{"@id":"https:\/\/www.leternoassente.com\/?page_id=7077#primaryimage"},"thumbnailUrl":"https:\/\/www.leternoassente.com\/wp-content\/uploads\/2020\/04\/iosenzadio4.jpg","datePublished":"2025-05-19T09:43:05+00:00","dateModified":"2025-05-19T09:43:06+00:00","description":"Ivano racconta la propria Storia per \u00abIo senza Dio\u00bb","breadcrumb":{"@id":"https:\/\/www.leternoassente.com\/?page_id=7077#breadcrumb"},"inLanguage":"it-IT","potentialAction":[{"@type":"ReadAction","target":["https:\/\/www.leternoassente.com\/?page_id=7077"]}]},{"@type":"ImageObject","inLanguage":"it-IT","@id":"https:\/\/www.leternoassente.com\/?page_id=7077#primaryimage","url":"https:\/\/www.leternoassente.com\/wp-content\/uploads\/2020\/04\/iosenzadio4.jpg","contentUrl":"https:\/\/www.leternoassente.com\/wp-content\/uploads\/2020\/04\/iosenzadio4.jpg","width":1500,"height":434},{"@type":"BreadcrumbList","@id":"https:\/\/www.leternoassente.com\/?page_id=7077#breadcrumb","itemListElement":[{"@type":"ListItem","position":1,"name":"Home","item":"https:\/\/www.leternoassente.com\/"},{"@type":"ListItem","position":2,"name":"\u00abIo senza Dio\u00bb \u2013 Storie","item":"https:\/\/www.leternoassente.com\/?page_id=4502"},{"@type":"ListItem","position":3,"name":"Libero dallo Squid Game divino"}]},{"@type":"WebSite","@id":"https:\/\/www.leternoassente.com\/#website","url":"https:\/\/www.leternoassente.com\/","name":"L&#039;Eterno Assente","description":"Dio, la vita, il senso e altre cazzate","publisher":{"@id":"https:\/\/www.leternoassente.com\/#\/schema\/person\/d2069751871fcdb89a30a0775f4170f9"},"potentialAction":[{"@type":"SearchAction","target":{"@type":"EntryPoint","urlTemplate":"https:\/\/www.leternoassente.com\/?s={search_term_string}"},"query-input":{"@type":"PropertyValueSpecification","valueRequired":true,"valueName":"search_term_string"}}],"inLanguage":"it-IT"},{"@type":["Person","Organization"],"@id":"https:\/\/www.leternoassente.com\/#\/schema\/person\/d2069751871fcdb89a30a0775f4170f9","name":"Choam Goldberg","image":{"@type":"ImageObject","inLanguage":"it-IT","@id":"https:\/\/www.leternoassente.com\/#\/schema\/person\/image\/","url":"https:\/\/secure.gravatar.com\/avatar\/63d2c9f25f05d3da5001f2898f6fc9cd?s=96&d=wavatar&r=g","contentUrl":"https:\/\/secure.gravatar.com\/avatar\/63d2c9f25f05d3da5001f2898f6fc9cd?s=96&d=wavatar&r=g","caption":"Choam Goldberg"},"logo":{"@id":"https:\/\/www.leternoassente.com\/#\/schema\/person\/image\/"},"description":"Contemplata la vastit\u00e0 del cazzo che gliene frega e raggiunta l\u2019atarass\u00eca, Choam Goldberg pratica nondimeno l'antica, dilettevole e nobile arte di demolire le credenze dei\u00a0beoti e degli insipienti.","sameAs":["http:\/\/www.leternoassente.com"]}]}},"_links":{"self":[{"href":"https:\/\/www.leternoassente.com\/index.php?rest_route=\/wp\/v2\/pages\/7077"}],"collection":[{"href":"https:\/\/www.leternoassente.com\/index.php?rest_route=\/wp\/v2\/pages"}],"about":[{"href":"https:\/\/www.leternoassente.com\/index.php?rest_route=\/wp\/v2\/types\/page"}],"author":[{"embeddable":true,"href":"https:\/\/www.leternoassente.com\/index.php?rest_route=\/wp\/v2\/users\/1"}],"replies":[{"embeddable":true,"href":"https:\/\/www.leternoassente.com\/index.php?rest_route=%2Fwp%2Fv2%2Fcomments&post=7077"}],"version-history":[{"count":3,"href":"https:\/\/www.leternoassente.com\/index.php?rest_route=\/wp\/v2\/pages\/7077\/revisions"}],"predecessor-version":[{"id":7100,"href":"https:\/\/www.leternoassente.com\/index.php?rest_route=\/wp\/v2\/pages\/7077\/revisions\/7100"}],"up":[{"embeddable":true,"href":"https:\/\/www.leternoassente.com\/index.php?rest_route=\/wp\/v2\/pages\/4502"}],"wp:featuredmedia":[{"embeddable":true,"href":"https:\/\/www.leternoassente.com\/index.php?rest_route=\/wp\/v2\/media\/3299"}],"wp:attachment":[{"href":"https:\/\/www.leternoassente.com\/index.php?rest_route=%2Fwp%2Fv2%2Fmedia&parent=7077"}],"curies":[{"name":"wp","href":"https:\/\/api.w.org\/{rel}","templated":true}]}}