{"id":7282,"date":"2025-08-21T09:59:40","date_gmt":"2025-08-21T07:59:40","guid":{"rendered":"https:\/\/www.leternoassente.com\/?page_id=7282"},"modified":"2025-08-22T07:38:28","modified_gmt":"2025-08-22T05:38:28","slug":"io-con-dio-nonostante-storie","status":"publish","type":"page","link":"https:\/\/www.leternoassente.com\/?page_id=7282","title":{"rendered":"\u00abIo con Dio. Nonostante\u00bb \u2013 Storie"},"content":{"rendered":"<p>Chi segue L&#8217;Eterno Assente lo sa: qui dentro, nel blog e nei canali, i credenti non sono benvenuti. Solo gli atei possono scrivere. Solo gli atei possono commentare. Siamo stronzi per questo? I bigotti non ci risparmiano quest&#8217;accusa. Ma, come al solito, &#8216;sticazzi di quello che pensano e soprattutto dicono i bigotti sul nostro conto. Se qualche credente vuole discutere di religione ne L&#8217;Eterno Assente, deve fare solo una cosa: affrontare la sfida della teodicea.<\/p>\n<p>Il primo motivo \u00e8 semplice, come viene spiegato proprio nell&#8217;articolo sulla sfida: qualsiasi altra cosa i credenti possano dire, dagli argomenti della teologia naturale fino all&#8217;importanza del sacrificio di Cristo, \u00e8 fuffa, sofisma, paraculata, free climbing sugli specchi. Sicch\u00e9 anche basta di sentirsi propinare sempre le solite stronzate: o la sfida oppure fuori dai coglioni.<\/p>\n<p>Il secondo motivo \u00e8 che anche i credenti migliori, pi\u00f9 aperti, tolleranti e moderni sono complici di un sistema di Potere che opprime e discrimina e che parassita la societ\u00e0. E pi\u00f9 il credente \u00e8 organico al sistema di Potere, peggiore \u00e8 il danno che provoca. Non esiste il \u00abprete buono\u00bb (https:\/\/www.youtube.com\/watch?v=_nWLlRTB-fs).<\/p>\n<p>Eppure.<\/p>\n<p>Eppure ci sono storie di fede affascinanti. Fede onesta nel riconoscere la propria irrazionalit\u00e0. Fede in un Dio che non passerebbe l&#8217;esame per ottenere la patente abramitica. Soprattutto fede che non ha la pretesa di condizionare le vite altrui e rimane un&#8217;esperienza personale, rispettabile in quanto fonte soltanto di benessere individuale.<\/p>\n<p>E le belle storie meritano sempre di essere raccontate e condivise, anche quando sono lontane e incomprensibili. Forse perfino a maggior ragione.<\/p>\n<hr>\n<p>L&#8217;accettazione dei testi \u00e8 a insindacabile giudizio della redazione de L&#8217;Eterno Assente. I testi accettati verranno editati dalla redazione in funzione delle necessit\u00e0 di pubblicazione. Ogni modifica verr\u00e0 comunque concordata.<\/p>\n<p>Sar\u00e0 possibile proporre testi gi\u00e0 pubblicati altrove, per esempio in un blog personale, purch\u00e9 siano liberi da copyright. Eventualmente potr\u00e0 essere proposta una versione accorciata. In quel caso sar\u00e0 pubblicato il link da L\u2019Eterno Assente verso la versione originale.<\/p>\n<p>Beninteso sar\u00e0 sempre garantita la protezione dell\u2019anonimato, se necessaria o se desiderata.<\/p>\n<hr>\n<p><strong>Le Storie gi\u00e0 pubblicate<\/strong><\/p>\n<ol>\n<li>21.08.2025 \u2013 Babette, <a href=\"https:\/\/www.leternoassente.com\/?page_id=7287\" target=\"_blank\" rel=\"noopener noreferrer\">(D)io speriamo che me la cavo<\/a><\/li>\n<\/ol>\n","protected":false},"excerpt":{"rendered":"<p>Chi segue L&#8217;Eterno Assente lo sa: qui dentro, nel blog e nei canali, i credenti non sono benvenuti. Solo gli atei possono scrivere. Solo gli atei possono commentare. Siamo stronzi per questo? I bigotti non ci risparmiano quest&#8217;accusa. Ma, come &hellip; <a href=\"https:\/\/www.leternoassente.com\/?page_id=7282\">Continua a leggere<span class=\"meta-nav\">&rarr;<\/span><\/a><\/p>\n","protected":false},"author":1,"featured_media":7285,"parent":0,"menu_order":0,"comment_status":"closed","ping_status":"closed","template":"","meta":{"footnotes":""},"class_list":["post-7282","page","type-page","status-publish","has-post-thumbnail","hentry"],"yoast_head":"<!-- This site is optimized with the Yoast SEO plugin v25.6 - https:\/\/yoast.com\/wordpress\/plugins\/seo\/ -->\n<title>\u00abIo con Dio. Nonostante\u00bb \u2013 Storie - L&#039;Eterno Assente<\/title>\n<meta name=\"robots\" content=\"index, follow, max-snippet:-1, max-image-preview:large, max-video-preview:-1\" \/>\n<link rel=\"canonical\" href=\"https:\/\/www.leternoassente.com\/?page_id=7282\" \/>\n<meta property=\"og:locale\" content=\"it_IT\" \/>\n<meta property=\"og:type\" content=\"article\" \/>\n<meta property=\"og:title\" content=\"\u00abIo con Dio. Nonostante\u00bb \u2013 Storie - L&#039;Eterno Assente\" \/>\n<meta property=\"og:description\" content=\"Chi segue L&#8217;Eterno Assente lo sa: qui dentro, nel blog e nei canali, i credenti non sono benvenuti. Solo gli atei possono scrivere. Solo gli atei possono commentare. Siamo stronzi per questo? I bigotti non ci risparmiano quest&#8217;accusa. Ma, come &hellip; Continua a leggere&rarr;\" \/>\n<meta property=\"og:url\" content=\"https:\/\/www.leternoassente.com\/?page_id=7282\" \/>\n<meta property=\"og:site_name\" content=\"L&#039;Eterno Assente\" \/>\n<meta property=\"article:modified_time\" content=\"2025-08-22T05:38:28+00:00\" \/>\n<meta property=\"og:image\" content=\"https:\/\/www.leternoassente.com\/wp-content\/uploads\/2025\/08\/iocondio.jpg\" \/>\n\t<meta property=\"og:image:width\" content=\"1500\" \/>\n\t<meta property=\"og:image:height\" content=\"434\" \/>\n\t<meta property=\"og:image:type\" content=\"image\/jpeg\" \/>\n<meta name=\"twitter:card\" content=\"summary_large_image\" \/>\n<meta name=\"twitter:site\" content=\"@leternoassente\" \/>\n<meta name=\"twitter:label1\" content=\"Tempo di lettura stimato\" \/>\n\t<meta name=\"twitter:data1\" content=\"3 minuti\" \/>\n<script type=\"application\/ld+json\" class=\"yoast-schema-graph\">{\"@context\":\"https:\/\/schema.org\",\"@graph\":[{\"@type\":\"WebPage\",\"@id\":\"https:\/\/www.leternoassente.com\/?page_id=7282\",\"url\":\"https:\/\/www.leternoassente.com\/?page_id=7282\",\"name\":\"\u00abIo con Dio. Nonostante\u00bb \u2013 Storie - L&#039;Eterno Assente\",\"isPartOf\":{\"@id\":\"https:\/\/www.leternoassente.com\/#website\"},\"primaryImageOfPage\":{\"@id\":\"https:\/\/www.leternoassente.com\/?page_id=7282#primaryimage\"},\"image\":{\"@id\":\"https:\/\/www.leternoassente.com\/?page_id=7282#primaryimage\"},\"thumbnailUrl\":\"https:\/\/www.leternoassente.com\/wp-content\/uploads\/2025\/08\/iocondio.jpg\",\"datePublished\":\"2025-08-21T07:59:40+00:00\",\"dateModified\":\"2025-08-22T05:38:28+00:00\",\"breadcrumb\":{\"@id\":\"https:\/\/www.leternoassente.com\/?page_id=7282#breadcrumb\"},\"inLanguage\":\"it-IT\",\"potentialAction\":[{\"@type\":\"ReadAction\",\"target\":[\"https:\/\/www.leternoassente.com\/?page_id=7282\"]}]},{\"@type\":\"ImageObject\",\"inLanguage\":\"it-IT\",\"@id\":\"https:\/\/www.leternoassente.com\/?page_id=7282#primaryimage\",\"url\":\"https:\/\/www.leternoassente.com\/wp-content\/uploads\/2025\/08\/iocondio.jpg\",\"contentUrl\":\"https:\/\/www.leternoassente.com\/wp-content\/uploads\/2025\/08\/iocondio.jpg\",\"width\":1500,\"height\":434},{\"@type\":\"BreadcrumbList\",\"@id\":\"https:\/\/www.leternoassente.com\/?page_id=7282#breadcrumb\",\"itemListElement\":[{\"@type\":\"ListItem\",\"position\":1,\"name\":\"Home\",\"item\":\"https:\/\/www.leternoassente.com\/\"},{\"@type\":\"ListItem\",\"position\":2,\"name\":\"\u00abIo con Dio. Nonostante\u00bb \u2013 Storie\"}]},{\"@type\":\"WebSite\",\"@id\":\"https:\/\/www.leternoassente.com\/#website\",\"url\":\"https:\/\/www.leternoassente.com\/\",\"name\":\"L&#039;Eterno Assente\",\"description\":\"Dio, la vita, il senso e altre cazzate\",\"publisher\":{\"@id\":\"https:\/\/www.leternoassente.com\/#\/schema\/person\/d2069751871fcdb89a30a0775f4170f9\"},\"potentialAction\":[{\"@type\":\"SearchAction\",\"target\":{\"@type\":\"EntryPoint\",\"urlTemplate\":\"https:\/\/www.leternoassente.com\/?s={search_term_string}\"},\"query-input\":{\"@type\":\"PropertyValueSpecification\",\"valueRequired\":true,\"valueName\":\"search_term_string\"}}],\"inLanguage\":\"it-IT\"},{\"@type\":[\"Person\",\"Organization\"],\"@id\":\"https:\/\/www.leternoassente.com\/#\/schema\/person\/d2069751871fcdb89a30a0775f4170f9\",\"name\":\"Choam Goldberg\",\"image\":{\"@type\":\"ImageObject\",\"inLanguage\":\"it-IT\",\"@id\":\"https:\/\/www.leternoassente.com\/#\/schema\/person\/image\/\",\"url\":\"https:\/\/secure.gravatar.com\/avatar\/63d2c9f25f05d3da5001f2898f6fc9cd?s=96&d=wavatar&r=g\",\"contentUrl\":\"https:\/\/secure.gravatar.com\/avatar\/63d2c9f25f05d3da5001f2898f6fc9cd?s=96&d=wavatar&r=g\",\"caption\":\"Choam Goldberg\"},\"logo\":{\"@id\":\"https:\/\/www.leternoassente.com\/#\/schema\/person\/image\/\"},\"description\":\"Contemplata la vastit\u00e0 del cazzo che gliene frega e raggiunta l\u2019atarass\u00eca, Choam Goldberg pratica nondimeno l'antica, dilettevole e nobile arte di demolire le credenze dei\u00a0beoti e degli insipienti.\",\"sameAs\":[\"http:\/\/www.leternoassente.com\"]}]}<\/script>\n<!-- \/ Yoast SEO plugin. -->","yoast_head_json":{"title":"\u00abIo con Dio. Nonostante\u00bb \u2013 Storie - L&#039;Eterno Assente","robots":{"index":"index","follow":"follow","max-snippet":"max-snippet:-1","max-image-preview":"max-image-preview:large","max-video-preview":"max-video-preview:-1"},"canonical":"https:\/\/www.leternoassente.com\/?page_id=7282","og_locale":"it_IT","og_type":"article","og_title":"\u00abIo con Dio. Nonostante\u00bb \u2013 Storie - L&#039;Eterno Assente","og_description":"Chi segue L&#8217;Eterno Assente lo sa: qui dentro, nel blog e nei canali, i credenti non sono benvenuti. Solo gli atei possono scrivere. Solo gli atei possono commentare. Siamo stronzi per questo? I bigotti non ci risparmiano quest&#8217;accusa. Ma, come &hellip; Continua a leggere&rarr;","og_url":"https:\/\/www.leternoassente.com\/?page_id=7282","og_site_name":"L&#039;Eterno Assente","article_modified_time":"2025-08-22T05:38:28+00:00","og_image":[{"width":1500,"height":434,"url":"https:\/\/www.leternoassente.com\/wp-content\/uploads\/2025\/08\/iocondio.jpg","type":"image\/jpeg"}],"twitter_card":"summary_large_image","twitter_site":"@leternoassente","twitter_misc":{"Tempo di lettura stimato":"3 minuti"},"schema":{"@context":"https:\/\/schema.org","@graph":[{"@type":"WebPage","@id":"https:\/\/www.leternoassente.com\/?page_id=7282","url":"https:\/\/www.leternoassente.com\/?page_id=7282","name":"\u00abIo con Dio. Nonostante\u00bb \u2013 Storie - L&#039;Eterno Assente","isPartOf":{"@id":"https:\/\/www.leternoassente.com\/#website"},"primaryImageOfPage":{"@id":"https:\/\/www.leternoassente.com\/?page_id=7282#primaryimage"},"image":{"@id":"https:\/\/www.leternoassente.com\/?page_id=7282#primaryimage"},"thumbnailUrl":"https:\/\/www.leternoassente.com\/wp-content\/uploads\/2025\/08\/iocondio.jpg","datePublished":"2025-08-21T07:59:40+00:00","dateModified":"2025-08-22T05:38:28+00:00","breadcrumb":{"@id":"https:\/\/www.leternoassente.com\/?page_id=7282#breadcrumb"},"inLanguage":"it-IT","potentialAction":[{"@type":"ReadAction","target":["https:\/\/www.leternoassente.com\/?page_id=7282"]}]},{"@type":"ImageObject","inLanguage":"it-IT","@id":"https:\/\/www.leternoassente.com\/?page_id=7282#primaryimage","url":"https:\/\/www.leternoassente.com\/wp-content\/uploads\/2025\/08\/iocondio.jpg","contentUrl":"https:\/\/www.leternoassente.com\/wp-content\/uploads\/2025\/08\/iocondio.jpg","width":1500,"height":434},{"@type":"BreadcrumbList","@id":"https:\/\/www.leternoassente.com\/?page_id=7282#breadcrumb","itemListElement":[{"@type":"ListItem","position":1,"name":"Home","item":"https:\/\/www.leternoassente.com\/"},{"@type":"ListItem","position":2,"name":"\u00abIo con Dio. Nonostante\u00bb \u2013 Storie"}]},{"@type":"WebSite","@id":"https:\/\/www.leternoassente.com\/#website","url":"https:\/\/www.leternoassente.com\/","name":"L&#039;Eterno Assente","description":"Dio, la vita, il senso e altre cazzate","publisher":{"@id":"https:\/\/www.leternoassente.com\/#\/schema\/person\/d2069751871fcdb89a30a0775f4170f9"},"potentialAction":[{"@type":"SearchAction","target":{"@type":"EntryPoint","urlTemplate":"https:\/\/www.leternoassente.com\/?s={search_term_string}"},"query-input":{"@type":"PropertyValueSpecification","valueRequired":true,"valueName":"search_term_string"}}],"inLanguage":"it-IT"},{"@type":["Person","Organization"],"@id":"https:\/\/www.leternoassente.com\/#\/schema\/person\/d2069751871fcdb89a30a0775f4170f9","name":"Choam Goldberg","image":{"@type":"ImageObject","inLanguage":"it-IT","@id":"https:\/\/www.leternoassente.com\/#\/schema\/person\/image\/","url":"https:\/\/secure.gravatar.com\/avatar\/63d2c9f25f05d3da5001f2898f6fc9cd?s=96&d=wavatar&r=g","contentUrl":"https:\/\/secure.gravatar.com\/avatar\/63d2c9f25f05d3da5001f2898f6fc9cd?s=96&d=wavatar&r=g","caption":"Choam Goldberg"},"logo":{"@id":"https:\/\/www.leternoassente.com\/#\/schema\/person\/image\/"},"description":"Contemplata la vastit\u00e0 del cazzo che gliene frega e raggiunta l\u2019atarass\u00eca, Choam Goldberg pratica nondimeno l'antica, dilettevole e nobile arte di demolire le credenze dei\u00a0beoti e degli insipienti.","sameAs":["http:\/\/www.leternoassente.com"]}]}},"_links":{"self":[{"href":"https:\/\/www.leternoassente.com\/index.php?rest_route=\/wp\/v2\/pages\/7282"}],"collection":[{"href":"https:\/\/www.leternoassente.com\/index.php?rest_route=\/wp\/v2\/pages"}],"about":[{"href":"https:\/\/www.leternoassente.com\/index.php?rest_route=\/wp\/v2\/types\/page"}],"author":[{"embeddable":true,"href":"https:\/\/www.leternoassente.com\/index.php?rest_route=\/wp\/v2\/users\/1"}],"replies":[{"embeddable":true,"href":"https:\/\/www.leternoassente.com\/index.php?rest_route=%2Fwp%2Fv2%2Fcomments&post=7282"}],"version-history":[{"count":7,"href":"https:\/\/www.leternoassente.com\/index.php?rest_route=\/wp\/v2\/pages\/7282\/revisions"}],"predecessor-version":[{"id":7297,"href":"https:\/\/www.leternoassente.com\/index.php?rest_route=\/wp\/v2\/pages\/7282\/revisions\/7297"}],"wp:featuredmedia":[{"embeddable":true,"href":"https:\/\/www.leternoassente.com\/index.php?rest_route=\/wp\/v2\/media\/7285"}],"wp:attachment":[{"href":"https:\/\/www.leternoassente.com\/index.php?rest_route=%2Fwp%2Fv2%2Fmedia&parent=7282"}],"curies":[{"name":"wp","href":"https:\/\/api.w.org\/{rel}","templated":true}]}}