{"id":7301,"date":"2025-08-25T15:44:11","date_gmt":"2025-08-25T13:44:11","guid":{"rendered":"https:\/\/www.leternoassente.com\/?page_id=7301"},"modified":"2025-08-25T15:49:28","modified_gmt":"2025-08-25T13:49:28","slug":"le-gonadi-non-dio","status":"publish","type":"page","link":"https:\/\/www.leternoassente.com\/?page_id=7301","title":{"rendered":"Le gonadi, non Dio"},"content":{"rendered":"<p><strong>CS racconta la propria Storia per \u00abIo senza Dio\u00bb.<\/strong><\/p>\n<hr>\n<p>Ecco un bel bambino con un carattere docile e accondiscendente ma curioso e intelligente. \u00c8 dotato di una bella chiacchiera ma \u00e8 ancora troppo debole per imporre la propria volont\u00e0 ai genitori che, avendo speso l&#8217;intero budget \u00abstudi\u00bb per la sorella prediletta, per lui hanno destinato un bel percorso professionale nonostante le sue ben evidenti inclinazioni. Naturalmente a scuola viene bullizzato per benino e \u2013 naturale conseguenza \u2013 viene accolto dalle sottane nere che ci danno dentro con il loro migliore love bombing. Fortunatamente il suo intuito lo indirizza verso l&#8217;entourage di un pretone molto impegnato nel sociale e con un sacco di interessi extraecclesiali, addirittura votato ad attivit\u00e0 di assistenzialismo pure onestamente esercitate. Grazie a questa frequentazione arriva ai vertici diocesani di Azione Cattolica (epoca Ruini, Bindi, Bachelet), sforzandosi con grandi supercazzole \u2013 per cui ora chiede umilmente scusa \u2013 di far proseliti tra i giovani della sua citt\u00e0 nella pia illusione di spingerli poi a fare ponti verso la societ\u00e0 civile. Questa benemerita attivit\u00e0 suscita i severi strali del vescovo, che un giorno arriva persino a telefonargli al lavoro perch\u00e9 aveva combinato un incontro tra Azione Cattolica e Sinistra giovanile, avendo l&#8217;ardire di invitare anche il terribile padre Ernesto Balducci, pretaccio comunista!<\/p>\n<p>Siamo arrivati ai 30 anni, perci\u00f2 passiamo a declinare il testo in prima persona. Ha inizio la mia drammatica raccolta per l&#8217;album delle figurine.<\/p>\n<p>Voglio una moglie. Eccola! Voglio una grande casa in campagna. Pronti! Voglio fare carriera al lavoro. Servito! Voglio dei figli. A lei! Voglio degli amici. Praticamente divento il re della festa! Voglio scopare in giro. Fa&#8217; pure in libert\u00e0 e senza limiti n\u00e9 rimorsi (un vero pozzo senza fondo, quello del sesso: potresti bere all&#8217;infinito senza mai toglierti la sete).<\/p>\n<p>Ma allora che cazzo volevo? Semplice: volevo ammazzarmi.<\/p>\n<p>Pi\u00f9 desideri realizzavo, pi\u00f9 questi diventavano immediatamente insapori, banali, alla fine inutili e noiosi. Che due coglioni, che noia! Poi vedevo il mondo come un aggregato di formiche che stupidamente lavoravano continuamente, dei piccoli automi programmati per agitarsi senza sosta ma senza uno scopo degno di un tale sforzo. Non soffrivo di depressione, anzi prendevo per il culo tutti, ridevo degli amori e delle passioni di chi mi circondava, arrivando spesso a essere insolente. A salvarmi fu il periodo di carenza dell&#8217;assicurazione che avevo fatto a beneficio dei miei figli, che non avrebbe pagato eventuali atti suicidari compiuti nei primi due anni. Grazie a questo ho avuto tempo e modo di riflettere \u2013 grazie alla mia maledetta\/benedetta razionalit\u00e0 \u2013 e ho deciso di andare in terapia da un bravissimo medico che, grazie a bel un paio di torce, ha illuminato il buco nero della mia esistenza appioppandomi una diagnosi di dissociazione emotiva. Dopo un percorso bello tosto \u2013 veramente di grande sofferenza \u2013 \u00e8 iniziato il repulisti: via la fede, via la moglie, via il lavoro. I figli no, quelli li ho tenuti, non li ho ripudiati. Reset, si ricomincia. Dopo finalmente mi sono riconosciuto allo specchio. Poi una storia di fatica e di sofferenza. Economicamente a pezzi, mi sono umiliato, ho fatto cose che non avrei mai voluto fare, ho supplicato e bestemmiato, ma il risultato finale \u00e8 stato soddisfacente: non il massimo, ma tutto sommato accettabile ai miei occhi di perfezionista. E da poco, grazie alla frequentazione del canale de L&#8217;Eterno Assente, di quelli di Sapiens Sapiens e di Kayn, ho voluto mettere la ciliegina su questa mia nuova torta: ho spedito lo sbattezzo al parroco che, ironia della sorte, era stato l&#8217;ultimo cappellano dell&#8217;Azione Cattolica (e &#8216;sto bastardo non mi ha ancora risposto).<\/p>\n<p>Ora mi giro indietro e penso che la pratica della mia sessualit\u00e0 compulsiva alla fine mi abbia fatto uscire dalle secche di una vita che non era veramente mia, quanto piuttosto una proiezione delle aspettative che gli altri avevano su di me. Vai a capire che alla fine le mie gonadi \u2013 e non l&#8217;azione salvifica di Dio \u2013 hanno impedito che pendessi dal soffitto della mia rimessa.<\/p>\n<p>Penso anche a mio padre, che ho scoperto tardi essere omosessuale e maritato a una femmina solo per convenzione sociale. Penso con dolore alla sua vita spezzata e sofferta anche dagli abusi che ha patito in un convitto di preti in giovanissima et\u00e0. Mi voleva bene, ma non mi abbracciava mai quando ero piccolo e non entrava in bagno se c&#8217;ero io a fare la doccia. Chiss\u00e0 che ricordi gli suscitava il mio corpo di ragazzino. Quando ho preso coscienza di questa sua condizione dilaniata tra il suo naturale e legittimo desiderio e il rispetto delle regole della media borghesia a cui apparteneva, pure sopportando quotidianamente una moglie stupida e quanto mai inutile, l&#8217;ho amato come non lo avevo mai amato. Ho scoperto la realt\u00e0 per caso, leggendo un foglietto caduto dal suo portafoglio. Non avevo mai sospettato nulla, ma quella scoperta casuale mi fece cadere sul divano, e nella mia testa in cinque secondi il mio rapporto con lui si rialline\u00f2 e tutto divent\u00f2 limpido e comprensibile. Il suo sesso clandestino lo ha castrato fino alla fine, quando all&#8217;ospedale fece chiamare un frate per confessargli chiss\u00e0 quali peccati. Come non leggerci un perfido gioco di specchi rispetto al mio sesso scomposto e sfacciato ma che alla fine mi ha fatto uscire dalla gabbia, che mi ha costretto in qualche modo a ripudiare tutti gli orpelli di cui mi ero caricato, ultimo dei quali la necessit\u00e0 di imporsi una cazzo di divinit\u00e0 a cui affidare quel poco fiato che avrai alla fine della tua vita.<\/p>\n<p>Grazie per il vostro lavoro, oggi come non mai necessario.<\/p>\n<p><strong>CS<\/strong><\/p>\n<p>P.S.: Il prossimo anno mi iscrivo all&#8217;Universit\u00e0 da ultrasessantenne, giusto per sistemare anche quest&#8217;ultima casella rimasta scoperta.<\/p>\n<p>Vuoi raccontare anche tu la tua Storia per \u00abIo senza Dio\u00bb? Spediscila a L&#8217;Eterno Assente, ma prima consulta il <a href=\"https:\/\/www.leternoassente.com\/?page_id=4429\" target=\"_blank\" rel=\"noopener noreferrer\">Regolamento<\/a><\/p>\n<p><a href=\"https:\/\/www.leternoassente.com\/?page_id=4502\" target=\"_blank\" rel=\"noopener noreferrer\">Tutte le Storie di \u00abIo senza Dio\u00bb<\/a><\/p>\n<hr>\n<p><em>Qui sotto trovi la possibilit\u00e0 di commentare quest&#8217;articolo. Per farlo, devi<br \/>\n1. confermare che sei ateo\/a,<br \/>\n2. essere consapevole che, se menti, stai commettendo il gravissimo peccato di apostasia,<br \/>\n3. aspettare che il commento sia approvato dall&#8217;admin.<br \/>\nL&#8217;approvazione dei commenti dipende dall&#8217;insindacabile e inappellabile giudizio dell&#8217;admin. Se vuoi saperne di pi\u00f9 a proposito dei commenti, puoi consultare le <a href=\"http:\/\/www.leternoassente.com\/?page_id=957#nocomment\" target=\"_blank\" rel=\"noopener noreferrer\">FAQ<\/a>.<br \/>\nInoltre puoi commentare gli articoli e i post nel <a href=\"https:\/\/www.facebook.com\/groups\/eternoassente\/\" target=\"_blank\" rel=\"noopener noreferrer\">Gruppo Facebook de L&#8217;Eterno Assente<\/a>, se ti iscrivi al Gruppo dopo aver risposto a una semplice domanda.<\/em><\/p>\n","protected":false},"excerpt":{"rendered":"<p>CS racconta la propria Storia per \u00abIo senza Dio\u00bb. Ecco un bel bambino con un carattere docile e accondiscendente ma curioso e intelligente. \u00c8 dotato di una bella chiacchiera ma \u00e8 ancora troppo debole per imporre la propria volont\u00e0 ai &hellip; <a href=\"https:\/\/www.leternoassente.com\/?page_id=7301\">Continua a leggere<span class=\"meta-nav\">&rarr;<\/span><\/a><\/p>\n","protected":false},"author":1,"featured_media":3299,"parent":4502,"menu_order":0,"comment_status":"open","ping_status":"closed","template":"","meta":{"footnotes":""},"class_list":["post-7301","page","type-page","status-publish","has-post-thumbnail","hentry"],"yoast_head":"<!-- This site is optimized with the Yoast SEO plugin v25.6 - https:\/\/yoast.com\/wordpress\/plugins\/seo\/ -->\n<title>Le gonadi, non Dio - L&#039;Eterno Assente<\/title>\n<meta name=\"description\" content=\"CS racconta la propria Storia per \u00abIo senza Dio\u00bb.\" \/>\n<meta name=\"robots\" content=\"index, follow, max-snippet:-1, max-image-preview:large, max-video-preview:-1\" \/>\n<link rel=\"canonical\" href=\"https:\/\/www.leternoassente.com\/?page_id=7301\" \/>\n<meta property=\"og:locale\" content=\"it_IT\" \/>\n<meta property=\"og:type\" content=\"article\" \/>\n<meta property=\"og:title\" content=\"Le gonadi, non Dio - L&#039;Eterno Assente\" \/>\n<meta property=\"og:description\" content=\"CS racconta la propria Storia per \u00abIo senza Dio\u00bb.\" \/>\n<meta property=\"og:url\" content=\"https:\/\/www.leternoassente.com\/?page_id=7301\" \/>\n<meta property=\"og:site_name\" content=\"L&#039;Eterno Assente\" \/>\n<meta property=\"article:modified_time\" content=\"2025-08-25T13:49:28+00:00\" \/>\n<meta property=\"og:image\" content=\"https:\/\/www.leternoassente.com\/wp-content\/uploads\/2020\/04\/iosenzadio4seo.jpg\" \/>\n\t<meta property=\"og:image:width\" content=\"1200\" \/>\n\t<meta property=\"og:image:height\" content=\"630\" \/>\n\t<meta property=\"og:image:type\" content=\"image\/jpeg\" \/>\n<meta name=\"twitter:card\" content=\"summary_large_image\" \/>\n<meta name=\"twitter:site\" content=\"@leternoassente\" \/>\n<meta name=\"twitter:label1\" content=\"Tempo di lettura stimato\" \/>\n\t<meta name=\"twitter:data1\" content=\"6 minuti\" \/>\n<script type=\"application\/ld+json\" class=\"yoast-schema-graph\">{\"@context\":\"https:\/\/schema.org\",\"@graph\":[{\"@type\":\"WebPage\",\"@id\":\"https:\/\/www.leternoassente.com\/?page_id=7301\",\"url\":\"https:\/\/www.leternoassente.com\/?page_id=7301\",\"name\":\"Le gonadi, non Dio - L&#039;Eterno Assente\",\"isPartOf\":{\"@id\":\"https:\/\/www.leternoassente.com\/#website\"},\"primaryImageOfPage\":{\"@id\":\"https:\/\/www.leternoassente.com\/?page_id=7301#primaryimage\"},\"image\":{\"@id\":\"https:\/\/www.leternoassente.com\/?page_id=7301#primaryimage\"},\"thumbnailUrl\":\"https:\/\/www.leternoassente.com\/wp-content\/uploads\/2020\/04\/iosenzadio4.jpg\",\"datePublished\":\"2025-08-25T13:44:11+00:00\",\"dateModified\":\"2025-08-25T13:49:28+00:00\",\"description\":\"CS racconta la propria Storia per \u00abIo senza Dio\u00bb.\",\"breadcrumb\":{\"@id\":\"https:\/\/www.leternoassente.com\/?page_id=7301#breadcrumb\"},\"inLanguage\":\"it-IT\",\"potentialAction\":[{\"@type\":\"ReadAction\",\"target\":[\"https:\/\/www.leternoassente.com\/?page_id=7301\"]}]},{\"@type\":\"ImageObject\",\"inLanguage\":\"it-IT\",\"@id\":\"https:\/\/www.leternoassente.com\/?page_id=7301#primaryimage\",\"url\":\"https:\/\/www.leternoassente.com\/wp-content\/uploads\/2020\/04\/iosenzadio4.jpg\",\"contentUrl\":\"https:\/\/www.leternoassente.com\/wp-content\/uploads\/2020\/04\/iosenzadio4.jpg\",\"width\":1500,\"height\":434},{\"@type\":\"BreadcrumbList\",\"@id\":\"https:\/\/www.leternoassente.com\/?page_id=7301#breadcrumb\",\"itemListElement\":[{\"@type\":\"ListItem\",\"position\":1,\"name\":\"Home\",\"item\":\"https:\/\/www.leternoassente.com\/\"},{\"@type\":\"ListItem\",\"position\":2,\"name\":\"\u00abIo senza Dio\u00bb \u2013 Storie\",\"item\":\"https:\/\/www.leternoassente.com\/?page_id=4502\"},{\"@type\":\"ListItem\",\"position\":3,\"name\":\"Le gonadi, non Dio\"}]},{\"@type\":\"WebSite\",\"@id\":\"https:\/\/www.leternoassente.com\/#website\",\"url\":\"https:\/\/www.leternoassente.com\/\",\"name\":\"L&#039;Eterno Assente\",\"description\":\"Dio, la vita, il senso e altre cazzate\",\"publisher\":{\"@id\":\"https:\/\/www.leternoassente.com\/#\/schema\/person\/d2069751871fcdb89a30a0775f4170f9\"},\"potentialAction\":[{\"@type\":\"SearchAction\",\"target\":{\"@type\":\"EntryPoint\",\"urlTemplate\":\"https:\/\/www.leternoassente.com\/?s={search_term_string}\"},\"query-input\":{\"@type\":\"PropertyValueSpecification\",\"valueRequired\":true,\"valueName\":\"search_term_string\"}}],\"inLanguage\":\"it-IT\"},{\"@type\":[\"Person\",\"Organization\"],\"@id\":\"https:\/\/www.leternoassente.com\/#\/schema\/person\/d2069751871fcdb89a30a0775f4170f9\",\"name\":\"Choam Goldberg\",\"image\":{\"@type\":\"ImageObject\",\"inLanguage\":\"it-IT\",\"@id\":\"https:\/\/www.leternoassente.com\/#\/schema\/person\/image\/\",\"url\":\"https:\/\/secure.gravatar.com\/avatar\/63d2c9f25f05d3da5001f2898f6fc9cd?s=96&d=wavatar&r=g\",\"contentUrl\":\"https:\/\/secure.gravatar.com\/avatar\/63d2c9f25f05d3da5001f2898f6fc9cd?s=96&d=wavatar&r=g\",\"caption\":\"Choam Goldberg\"},\"logo\":{\"@id\":\"https:\/\/www.leternoassente.com\/#\/schema\/person\/image\/\"},\"description\":\"Contemplata la vastit\u00e0 del cazzo che gliene frega e raggiunta l\u2019atarass\u00eca, Choam Goldberg pratica nondimeno l'antica, dilettevole e nobile arte di demolire le credenze dei\u00a0beoti e degli insipienti.\",\"sameAs\":[\"http:\/\/www.leternoassente.com\"]}]}<\/script>\n<!-- \/ Yoast SEO plugin. -->","yoast_head_json":{"title":"Le gonadi, non Dio - L&#039;Eterno Assente","description":"CS racconta la propria Storia per \u00abIo senza Dio\u00bb.","robots":{"index":"index","follow":"follow","max-snippet":"max-snippet:-1","max-image-preview":"max-image-preview:large","max-video-preview":"max-video-preview:-1"},"canonical":"https:\/\/www.leternoassente.com\/?page_id=7301","og_locale":"it_IT","og_type":"article","og_title":"Le gonadi, non Dio - L&#039;Eterno Assente","og_description":"CS racconta la propria Storia per \u00abIo senza Dio\u00bb.","og_url":"https:\/\/www.leternoassente.com\/?page_id=7301","og_site_name":"L&#039;Eterno Assente","article_modified_time":"2025-08-25T13:49:28+00:00","og_image":[{"width":1200,"height":630,"url":"https:\/\/www.leternoassente.com\/wp-content\/uploads\/2020\/04\/iosenzadio4seo.jpg","type":"image\/jpeg"}],"twitter_card":"summary_large_image","twitter_site":"@leternoassente","twitter_misc":{"Tempo di lettura stimato":"6 minuti"},"schema":{"@context":"https:\/\/schema.org","@graph":[{"@type":"WebPage","@id":"https:\/\/www.leternoassente.com\/?page_id=7301","url":"https:\/\/www.leternoassente.com\/?page_id=7301","name":"Le gonadi, non Dio - L&#039;Eterno Assente","isPartOf":{"@id":"https:\/\/www.leternoassente.com\/#website"},"primaryImageOfPage":{"@id":"https:\/\/www.leternoassente.com\/?page_id=7301#primaryimage"},"image":{"@id":"https:\/\/www.leternoassente.com\/?page_id=7301#primaryimage"},"thumbnailUrl":"https:\/\/www.leternoassente.com\/wp-content\/uploads\/2020\/04\/iosenzadio4.jpg","datePublished":"2025-08-25T13:44:11+00:00","dateModified":"2025-08-25T13:49:28+00:00","description":"CS racconta la propria Storia per \u00abIo senza Dio\u00bb.","breadcrumb":{"@id":"https:\/\/www.leternoassente.com\/?page_id=7301#breadcrumb"},"inLanguage":"it-IT","potentialAction":[{"@type":"ReadAction","target":["https:\/\/www.leternoassente.com\/?page_id=7301"]}]},{"@type":"ImageObject","inLanguage":"it-IT","@id":"https:\/\/www.leternoassente.com\/?page_id=7301#primaryimage","url":"https:\/\/www.leternoassente.com\/wp-content\/uploads\/2020\/04\/iosenzadio4.jpg","contentUrl":"https:\/\/www.leternoassente.com\/wp-content\/uploads\/2020\/04\/iosenzadio4.jpg","width":1500,"height":434},{"@type":"BreadcrumbList","@id":"https:\/\/www.leternoassente.com\/?page_id=7301#breadcrumb","itemListElement":[{"@type":"ListItem","position":1,"name":"Home","item":"https:\/\/www.leternoassente.com\/"},{"@type":"ListItem","position":2,"name":"\u00abIo senza Dio\u00bb \u2013 Storie","item":"https:\/\/www.leternoassente.com\/?page_id=4502"},{"@type":"ListItem","position":3,"name":"Le gonadi, non Dio"}]},{"@type":"WebSite","@id":"https:\/\/www.leternoassente.com\/#website","url":"https:\/\/www.leternoassente.com\/","name":"L&#039;Eterno Assente","description":"Dio, la vita, il senso e altre cazzate","publisher":{"@id":"https:\/\/www.leternoassente.com\/#\/schema\/person\/d2069751871fcdb89a30a0775f4170f9"},"potentialAction":[{"@type":"SearchAction","target":{"@type":"EntryPoint","urlTemplate":"https:\/\/www.leternoassente.com\/?s={search_term_string}"},"query-input":{"@type":"PropertyValueSpecification","valueRequired":true,"valueName":"search_term_string"}}],"inLanguage":"it-IT"},{"@type":["Person","Organization"],"@id":"https:\/\/www.leternoassente.com\/#\/schema\/person\/d2069751871fcdb89a30a0775f4170f9","name":"Choam Goldberg","image":{"@type":"ImageObject","inLanguage":"it-IT","@id":"https:\/\/www.leternoassente.com\/#\/schema\/person\/image\/","url":"https:\/\/secure.gravatar.com\/avatar\/63d2c9f25f05d3da5001f2898f6fc9cd?s=96&d=wavatar&r=g","contentUrl":"https:\/\/secure.gravatar.com\/avatar\/63d2c9f25f05d3da5001f2898f6fc9cd?s=96&d=wavatar&r=g","caption":"Choam Goldberg"},"logo":{"@id":"https:\/\/www.leternoassente.com\/#\/schema\/person\/image\/"},"description":"Contemplata la vastit\u00e0 del cazzo che gliene frega e raggiunta l\u2019atarass\u00eca, Choam Goldberg pratica nondimeno l'antica, dilettevole e nobile arte di demolire le credenze dei\u00a0beoti e degli insipienti.","sameAs":["http:\/\/www.leternoassente.com"]}]}},"_links":{"self":[{"href":"https:\/\/www.leternoassente.com\/index.php?rest_route=\/wp\/v2\/pages\/7301"}],"collection":[{"href":"https:\/\/www.leternoassente.com\/index.php?rest_route=\/wp\/v2\/pages"}],"about":[{"href":"https:\/\/www.leternoassente.com\/index.php?rest_route=\/wp\/v2\/types\/page"}],"author":[{"embeddable":true,"href":"https:\/\/www.leternoassente.com\/index.php?rest_route=\/wp\/v2\/users\/1"}],"replies":[{"embeddable":true,"href":"https:\/\/www.leternoassente.com\/index.php?rest_route=%2Fwp%2Fv2%2Fcomments&post=7301"}],"version-history":[{"count":2,"href":"https:\/\/www.leternoassente.com\/index.php?rest_route=\/wp\/v2\/pages\/7301\/revisions"}],"predecessor-version":[{"id":7304,"href":"https:\/\/www.leternoassente.com\/index.php?rest_route=\/wp\/v2\/pages\/7301\/revisions\/7304"}],"up":[{"embeddable":true,"href":"https:\/\/www.leternoassente.com\/index.php?rest_route=\/wp\/v2\/pages\/4502"}],"wp:featuredmedia":[{"embeddable":true,"href":"https:\/\/www.leternoassente.com\/index.php?rest_route=\/wp\/v2\/media\/3299"}],"wp:attachment":[{"href":"https:\/\/www.leternoassente.com\/index.php?rest_route=%2Fwp%2Fv2%2Fmedia&parent=7301"}],"curies":[{"name":"wp","href":"https:\/\/api.w.org\/{rel}","templated":true}]}}