{"id":7306,"date":"2025-08-25T16:53:12","date_gmt":"2025-08-25T14:53:12","guid":{"rendered":"https:\/\/www.leternoassente.com\/?page_id=7306"},"modified":"2026-03-10T15:26:07","modified_gmt":"2026-03-10T14:26:07","slug":"arte","status":"publish","type":"page","link":"https:\/\/www.leternoassente.com\/?page_id=7306","title":{"rendered":"Arte"},"content":{"rendered":"<p>Che cosa fa L&#8217;Eterno Assente? Fa pensare. Fa pensare attraverso la conoscenza, la riflessione, la razionalit\u00e0. Ma non c&#8217;\u00e8 solo il pensiero. Ci sono anche le emozioni, che non sono razionali. (In realt\u00e0 lo sono, poich\u00e9 anch&#8217;esse hanno una spiegazione naturale, ma non \u00e8 questo l&#8217;aspetto che ci interessa.)<\/p>\n<p>Ebbene l&#8217;arte (la pratica dell&#8217;arte, lo studio dell&#8217;arte, la condivisione dell&#8217;arte) \u00e8 il secondo grande nobile scopo \u2013 dei tre possibili \u2013 che rendono degna e nobile l&#8217;esistenza umana.<\/p>\n<p>Sicch\u00e9 anche L&#8217;Eterno Assente ha deciso di dare spazio all&#8217;arte, di aprire una rubrica dedicata alle opere di ogni genere, figurative e non figurative, purch\u00e9 siano coerenti e compatibili con i valori e gli scopi de L&#8217;Eterno Assente.<\/p>\n<p>Ogni artista che desideri presentare la propria opera pu\u00f2 inviarla a L&#8217;Eterno Assente, dove sar\u00e0 considerata e valutata con la massima attenzione.<\/p>\n<p><strong>Le opere gi\u00e0 pubblicate<\/strong><\/p>\n<ol>\n<li>10.03.2026 \u2013 Ph.il, <a href=\"https:\/\/www.leternoassente.com\/?page_id=7391\" target=\"_blank\" rel=\"noopener noreferrer\">Capodanno<\/a><\/li>\n<li>21.11.2025 \u2013 Andrea Busi, <a href=\"https:\/\/www.leternoassente.com\/?page_id=7400\" target=\"_blank\" rel=\"noopener noreferrer\">Lettere<\/a><\/li>\n<li>26.09.2025 \u2013 Angelo Idi, <a href=\"https:\/\/www.leternoassente.com\/?page_id=7349\" target=\"_blank\" rel=\"noopener noreferrer\">La Conoscenza illumina l\u2019Uomo nella sua comprensione dei fenomeni<\/a><\/li>\n<li>25.08.2025 \u2013 Salvatore Ladduca, <a href=\"https:\/\/www.leternoassente.com\/?page_id=7307\" target=\"_blank\" rel=\"noopener noreferrer\">Eros e civilt\u00e0<\/a><\/li>\n<\/ol>\n","protected":false},"excerpt":{"rendered":"<p>Che cosa fa L&#8217;Eterno Assente? Fa pensare. Fa pensare attraverso la conoscenza, la riflessione, la razionalit\u00e0. Ma non c&#8217;\u00e8 solo il pensiero. Ci sono anche le emozioni, che non sono razionali. (In realt\u00e0 lo sono, poich\u00e9 anch&#8217;esse hanno una spiegazione &hellip; <a href=\"https:\/\/www.leternoassente.com\/?page_id=7306\">Continua a leggere<span class=\"meta-nav\">&rarr;<\/span><\/a><\/p>\n","protected":false},"author":1,"featured_media":0,"parent":0,"menu_order":0,"comment_status":"closed","ping_status":"closed","template":"","meta":{"footnotes":""},"class_list":["post-7306","page","type-page","status-publish","hentry"],"yoast_head":"<!-- This site is optimized with the Yoast SEO plugin v25.6 - https:\/\/yoast.com\/wordpress\/plugins\/seo\/ -->\n<title>Arte - L&#039;Eterno Assente<\/title>\n<meta name=\"robots\" content=\"index, follow, max-snippet:-1, max-image-preview:large, max-video-preview:-1\" \/>\n<link rel=\"canonical\" href=\"https:\/\/www.leternoassente.com\/?page_id=7306\" \/>\n<meta property=\"og:locale\" content=\"it_IT\" \/>\n<meta property=\"og:type\" content=\"article\" \/>\n<meta property=\"og:title\" content=\"Arte - L&#039;Eterno Assente\" \/>\n<meta property=\"og:description\" content=\"Che cosa fa L&#8217;Eterno Assente? Fa pensare. Fa pensare attraverso la conoscenza, la riflessione, la razionalit\u00e0. Ma non c&#8217;\u00e8 solo il pensiero. Ci sono anche le emozioni, che non sono razionali. (In realt\u00e0 lo sono, poich\u00e9 anch&#8217;esse hanno una spiegazione &hellip; Continua a leggere&rarr;\" \/>\n<meta property=\"og:url\" content=\"https:\/\/www.leternoassente.com\/?page_id=7306\" \/>\n<meta property=\"og:site_name\" content=\"L&#039;Eterno Assente\" \/>\n<meta property=\"article:modified_time\" content=\"2026-03-10T14:26:07+00:00\" \/>\n<meta name=\"twitter:card\" content=\"summary_large_image\" \/>\n<meta name=\"twitter:site\" content=\"@leternoassente\" \/>\n<meta name=\"twitter:label1\" content=\"Tempo di lettura stimato\" \/>\n\t<meta name=\"twitter:data1\" content=\"1 minuto\" \/>\n<script type=\"application\/ld+json\" class=\"yoast-schema-graph\">{\"@context\":\"https:\/\/schema.org\",\"@graph\":[{\"@type\":\"WebPage\",\"@id\":\"https:\/\/www.leternoassente.com\/?page_id=7306\",\"url\":\"https:\/\/www.leternoassente.com\/?page_id=7306\",\"name\":\"Arte - L&#039;Eterno Assente\",\"isPartOf\":{\"@id\":\"https:\/\/www.leternoassente.com\/#website\"},\"datePublished\":\"2025-08-25T14:53:12+00:00\",\"dateModified\":\"2026-03-10T14:26:07+00:00\",\"breadcrumb\":{\"@id\":\"https:\/\/www.leternoassente.com\/?page_id=7306#breadcrumb\"},\"inLanguage\":\"it-IT\",\"potentialAction\":[{\"@type\":\"ReadAction\",\"target\":[\"https:\/\/www.leternoassente.com\/?page_id=7306\"]}]},{\"@type\":\"BreadcrumbList\",\"@id\":\"https:\/\/www.leternoassente.com\/?page_id=7306#breadcrumb\",\"itemListElement\":[{\"@type\":\"ListItem\",\"position\":1,\"name\":\"Home\",\"item\":\"https:\/\/www.leternoassente.com\/\"},{\"@type\":\"ListItem\",\"position\":2,\"name\":\"Arte\"}]},{\"@type\":\"WebSite\",\"@id\":\"https:\/\/www.leternoassente.com\/#website\",\"url\":\"https:\/\/www.leternoassente.com\/\",\"name\":\"L&#039;Eterno Assente\",\"description\":\"Dio, la vita, il senso e altre cazzate\",\"publisher\":{\"@id\":\"https:\/\/www.leternoassente.com\/#\/schema\/person\/d2069751871fcdb89a30a0775f4170f9\"},\"potentialAction\":[{\"@type\":\"SearchAction\",\"target\":{\"@type\":\"EntryPoint\",\"urlTemplate\":\"https:\/\/www.leternoassente.com\/?s={search_term_string}\"},\"query-input\":{\"@type\":\"PropertyValueSpecification\",\"valueRequired\":true,\"valueName\":\"search_term_string\"}}],\"inLanguage\":\"it-IT\"},{\"@type\":[\"Person\",\"Organization\"],\"@id\":\"https:\/\/www.leternoassente.com\/#\/schema\/person\/d2069751871fcdb89a30a0775f4170f9\",\"name\":\"Choam Goldberg\",\"image\":{\"@type\":\"ImageObject\",\"inLanguage\":\"it-IT\",\"@id\":\"https:\/\/www.leternoassente.com\/#\/schema\/person\/image\/\",\"url\":\"https:\/\/secure.gravatar.com\/avatar\/63d2c9f25f05d3da5001f2898f6fc9cd?s=96&d=wavatar&r=g\",\"contentUrl\":\"https:\/\/secure.gravatar.com\/avatar\/63d2c9f25f05d3da5001f2898f6fc9cd?s=96&d=wavatar&r=g\",\"caption\":\"Choam Goldberg\"},\"logo\":{\"@id\":\"https:\/\/www.leternoassente.com\/#\/schema\/person\/image\/\"},\"description\":\"Contemplata la vastit\u00e0 del cazzo che gliene frega e raggiunta l\u2019atarass\u00eca, Choam Goldberg pratica nondimeno l'antica, dilettevole e nobile arte di demolire le credenze dei\u00a0beoti e degli insipienti.\",\"sameAs\":[\"http:\/\/www.leternoassente.com\"]}]}<\/script>\n<!-- \/ Yoast SEO plugin. -->","yoast_head_json":{"title":"Arte - L&#039;Eterno Assente","robots":{"index":"index","follow":"follow","max-snippet":"max-snippet:-1","max-image-preview":"max-image-preview:large","max-video-preview":"max-video-preview:-1"},"canonical":"https:\/\/www.leternoassente.com\/?page_id=7306","og_locale":"it_IT","og_type":"article","og_title":"Arte - L&#039;Eterno Assente","og_description":"Che cosa fa L&#8217;Eterno Assente? Fa pensare. Fa pensare attraverso la conoscenza, la riflessione, la razionalit\u00e0. Ma non c&#8217;\u00e8 solo il pensiero. Ci sono anche le emozioni, che non sono razionali. (In realt\u00e0 lo sono, poich\u00e9 anch&#8217;esse hanno una spiegazione &hellip; Continua a leggere&rarr;","og_url":"https:\/\/www.leternoassente.com\/?page_id=7306","og_site_name":"L&#039;Eterno Assente","article_modified_time":"2026-03-10T14:26:07+00:00","twitter_card":"summary_large_image","twitter_site":"@leternoassente","twitter_misc":{"Tempo di lettura stimato":"1 minuto"},"schema":{"@context":"https:\/\/schema.org","@graph":[{"@type":"WebPage","@id":"https:\/\/www.leternoassente.com\/?page_id=7306","url":"https:\/\/www.leternoassente.com\/?page_id=7306","name":"Arte - L&#039;Eterno Assente","isPartOf":{"@id":"https:\/\/www.leternoassente.com\/#website"},"datePublished":"2025-08-25T14:53:12+00:00","dateModified":"2026-03-10T14:26:07+00:00","breadcrumb":{"@id":"https:\/\/www.leternoassente.com\/?page_id=7306#breadcrumb"},"inLanguage":"it-IT","potentialAction":[{"@type":"ReadAction","target":["https:\/\/www.leternoassente.com\/?page_id=7306"]}]},{"@type":"BreadcrumbList","@id":"https:\/\/www.leternoassente.com\/?page_id=7306#breadcrumb","itemListElement":[{"@type":"ListItem","position":1,"name":"Home","item":"https:\/\/www.leternoassente.com\/"},{"@type":"ListItem","position":2,"name":"Arte"}]},{"@type":"WebSite","@id":"https:\/\/www.leternoassente.com\/#website","url":"https:\/\/www.leternoassente.com\/","name":"L&#039;Eterno Assente","description":"Dio, la vita, il senso e altre cazzate","publisher":{"@id":"https:\/\/www.leternoassente.com\/#\/schema\/person\/d2069751871fcdb89a30a0775f4170f9"},"potentialAction":[{"@type":"SearchAction","target":{"@type":"EntryPoint","urlTemplate":"https:\/\/www.leternoassente.com\/?s={search_term_string}"},"query-input":{"@type":"PropertyValueSpecification","valueRequired":true,"valueName":"search_term_string"}}],"inLanguage":"it-IT"},{"@type":["Person","Organization"],"@id":"https:\/\/www.leternoassente.com\/#\/schema\/person\/d2069751871fcdb89a30a0775f4170f9","name":"Choam Goldberg","image":{"@type":"ImageObject","inLanguage":"it-IT","@id":"https:\/\/www.leternoassente.com\/#\/schema\/person\/image\/","url":"https:\/\/secure.gravatar.com\/avatar\/63d2c9f25f05d3da5001f2898f6fc9cd?s=96&d=wavatar&r=g","contentUrl":"https:\/\/secure.gravatar.com\/avatar\/63d2c9f25f05d3da5001f2898f6fc9cd?s=96&d=wavatar&r=g","caption":"Choam Goldberg"},"logo":{"@id":"https:\/\/www.leternoassente.com\/#\/schema\/person\/image\/"},"description":"Contemplata la vastit\u00e0 del cazzo che gliene frega e raggiunta l\u2019atarass\u00eca, Choam Goldberg pratica nondimeno l'antica, dilettevole e nobile arte di demolire le credenze dei\u00a0beoti e degli insipienti.","sameAs":["http:\/\/www.leternoassente.com"]}]}},"_links":{"self":[{"href":"https:\/\/www.leternoassente.com\/index.php?rest_route=\/wp\/v2\/pages\/7306"}],"collection":[{"href":"https:\/\/www.leternoassente.com\/index.php?rest_route=\/wp\/v2\/pages"}],"about":[{"href":"https:\/\/www.leternoassente.com\/index.php?rest_route=\/wp\/v2\/types\/page"}],"author":[{"embeddable":true,"href":"https:\/\/www.leternoassente.com\/index.php?rest_route=\/wp\/v2\/users\/1"}],"replies":[{"embeddable":true,"href":"https:\/\/www.leternoassente.com\/index.php?rest_route=%2Fwp%2Fv2%2Fcomments&post=7306"}],"version-history":[{"count":9,"href":"https:\/\/www.leternoassente.com\/index.php?rest_route=\/wp\/v2\/pages\/7306\/revisions"}],"predecessor-version":[{"id":7470,"href":"https:\/\/www.leternoassente.com\/index.php?rest_route=\/wp\/v2\/pages\/7306\/revisions\/7470"}],"wp:attachment":[{"href":"https:\/\/www.leternoassente.com\/index.php?rest_route=%2Fwp%2Fv2%2Fmedia&parent=7306"}],"curies":[{"name":"wp","href":"https:\/\/api.w.org\/{rel}","templated":true}]}}