{"id":7307,"date":"2025-08-25T16:53:21","date_gmt":"2025-08-25T14:53:21","guid":{"rendered":"https:\/\/www.leternoassente.com\/?page_id=7307"},"modified":"2025-11-22T07:07:26","modified_gmt":"2025-11-22T06:07:26","slug":"eros-e-civilta","status":"publish","type":"page","link":"https:\/\/www.leternoassente.com\/?page_id=7307","title":{"rendered":"Eros e civilt\u00e0"},"content":{"rendered":"<div id=\"attachment_7311\" style=\"width: 594px\" class=\"wp-caption alignleft\"><a href=\"https:\/\/www.leternoassente.com\/wp-content\/uploads\/2025\/08\/erosecivilta-scaled.jpg\" target=\"_blank\" rel=\"noopener\"><img loading=\"lazy\" decoding=\"async\" aria-describedby=\"caption-attachment-7311\" class=\"wp-image-7311 size-large\" src=\"https:\/\/www.leternoassente.com\/wp-content\/uploads\/2025\/08\/erosecivilta-1024x793.jpg\" alt=\"\" width=\"584\" height=\"452\" srcset=\"https:\/\/www.leternoassente.com\/wp-content\/uploads\/2025\/08\/erosecivilta-1024x793.jpg 1024w, https:\/\/www.leternoassente.com\/wp-content\/uploads\/2025\/08\/erosecivilta-300x232.jpg 300w, https:\/\/www.leternoassente.com\/wp-content\/uploads\/2025\/08\/erosecivilta-768x595.jpg 768w, https:\/\/www.leternoassente.com\/wp-content\/uploads\/2025\/08\/erosecivilta-1536x1190.jpg 1536w, https:\/\/www.leternoassente.com\/wp-content\/uploads\/2025\/08\/erosecivilta-2048x1587.jpg 2048w, https:\/\/www.leternoassente.com\/wp-content\/uploads\/2025\/08\/erosecivilta-387x300.jpg 387w\" sizes=\"(max-width: 584px) 100vw, 584px\" \/><\/a><p id=\"caption-attachment-7311\" class=\"wp-caption-text\">Eros e civilt\u00e0<\/p><\/div>\n<hr \/>\n<p><strong>Commento dell&#8217;autore<\/strong><\/p>\n<p>Anzitutto serve una premessa per mettere in chiaro la mia visione di arte, che, tra le tante cose, mi suggerisce che ergersi sul trono della morale diventa il presupposto perfetto di chi non accetta nient&#8217;altro che la propria verit\u00e0. Pertanto non si tratta di essere moralista \u2013 non sto dicendo che l&#8217;arte non lo abbia mai fatto o che non lo debba fare \u2013, piuttosto il mio \u00e8 soltanto un tentativo di descrivere la condizione umana secondo il mio personale e modesto punto di vista, al di l\u00e0 del bene e del male.<\/p>\n<p>Eros (la natura desiderante) deve necessariamente restringersi nell&#8217;\u00abIo\u00bb della civilt\u00e0 (morale condivisa). \u00c8 un gioco di equilibri ed equilibrismi, dove anche i preti \u00abgiocano\u00bb la loro parte. L&#8217;essere umano non \u00e8 capace di universalizzare la propria essenza. Da sempre ha cercato di inscriversi nella \u00abnormalit\u00e0\u00bb inventando, giorno dopo giorno, le pi\u00f9 svariate teorie su come \u00abdeve essere\u00bb l&#8217;uomo: dalle religioni alla polizia, dal bar alle trincee si \u00e8 cercato di ridurre l&#8217;uomo de-terminandolo, de-finendolo. Tutto ci\u00f2, al contrario di quanto si possa pensare, non avviene in modo pacifico, nemmeno nella nostra \u00abdemocratica\u00bb societ\u00e0. Quando \u2013 nel migliore dei casi \u2013 non sfocia in rivolta, la dialettica trova la sintesi e si risolve nell&#8217;addomesticamento metodico che ogni civilt\u00e0 nel suo tempo promuove. Detto con Freud: il principio di piacere cede il trono al principio di realt\u00e0. Cos\u00ec si genera la civilt\u00e0, la quale, ad ogni modo, tenta sempre di spostare i limiti verso il diritto al godimento (libert\u00e0 d&#8217;azione-felicit\u00e0). Dall&#8217;altra parte e di contro, l&#8217;ordine sociale con le sue norme repressive (sicurezza-felicit\u00e0). La lotta sta tutta qui: definire i confini tra civilizzazione e addomesticamento.<\/p>\n<p>Nietzsche, da parte sua, vedeva nel senso di colpa, generato dalla morale religiosa, il metodo perfetto per tenere a bada il \u00abgregge\u00bb.Sempre secondo Nietzsche, questa forma di moralit\u00e0 deprimeva la vita e lui, come contropartita, proponeva il suo celeberrimo \u00absuperuomo\u00bb attraverso un cammino liberatorio suddiviso in tre stadi. Il primo: quello del cammello (il gregge), ossia la sottomissione acritica. Il secondo: quello del leone, cio\u00e8 la fase reazionaria che tuttavia rimane ancora legata e circoscritta nello stesso linguaggio, anche se critico. Il terzo e ultimo: quello del bambino, ovvero la negazione dei vecchi valori e del loro superamento tramite l&#8217;accettazione ingenua dell&#8217;innocenza del divenire, cio\u00e8 la natura corporale.<\/p>\n<p>A quel punto si trattava di trasporre quanto esposto concettualmente nella forma simbolica dell&#8217;arte. Questo \u00e8 quello che ho cercato di rappresentare con la mia opera.<\/p>\n<p>Bisogna leggere il dipinto come un libro. Partendo dall&#8217;alto a sinistra si evidenzia l&#8217;essere umano primigenio sconvolto tra due fronti antitetici: quello della natura generante, il corpo che reagisce alla vista della bellezza simboleggiata dalla figura femminile, e nel medesimo tempo la repressione causata dalla censura (senza legge non vi \u00e8 peccato). Legge che lo obbliga istintivamente a nascondere la \u00abvergogna\u00bb. Un po&#8217; quello che accade nella rappresentazione della cacciata dall&#8217;Eden (si noti la grande mela che racchiude la scena). In basso il cammino della civilt\u00e0 (occidentale) attraverso le tre gi\u00e0 citate fasi nietzscheane, che si chiude con l&#8217;apoteosi estatica del bimbo che cancella tutte le nostre rappresentazioni. O quanto meno che tenta di farlo per non riaprire il circolo vizioso.<\/p>\n<p>Questa \u00e8 la mia interpretazione artistica: per superare la fase del gregge bisogna prima reagire\/ruggire, per poi superare il tutto nella \u00abfollia\u00bb dell&#8217;indifferenziato, l&#8217;innocenza del divenire che, tolto il finalismo consolatorio, si realizza in piena armonia nella Magna Mater. La figura del bambino permane ancora in forma asintotica, attuabile solo nella follia. Noi esseri \u00abnormali\u00bb ce la giochiamo tra il gregge e il leone, tra chi accetta serenamente la condizione limitata del sacrificio e del lavoro alienato e chi invece, respingendola, vive la nevrosi, che pu\u00f2 superare attraverso l&#8217;arte.<\/p>\n<p>Ho parlato attraverso Nietzsche, ma qui non si tratta di promuovere un&#8217;etica rispetto a un&#8217;altra. Si pensi per esempio alla morale kantiana. La mia non \u00e8 una rivendicazione qualitativa ma soltanto di modo. Ognuno aderisce a quella che \u00e8 la propria natura. Sicuramente un&#8217;etica kantiana produrrebbe un altro tipo di arte (dell&#8217;armonia, della simmetria) pi\u00f9 acquietante, che non mi appartiene per indole artistica ma che tuttavia non mi impedisce di apprezzarla ugualmente come fruitore.<\/p>\n<p><strong>Salvatore Ladduca<\/strong><\/p>\n<hr \/>\n<p>Vuoi pubblicare anche tu la tua opera artistica sull&#8217;ateismo? Spediscila a L&#8217;Eterno Assente, dove verr\u00e0 presa in considerazione e, se giudicata interessante e pertinente, sar\u00e0 pubblicata.<\/p>\n<p><a href=\"https:\/\/www.leternoassente.com\/?page_id=7306\" target=\"_blank\" rel=\"noopener noreferrer\">Tutte le opere.<\/a><\/p>\n<hr \/>\n<p><em>Qui sotto trovi la possibilit\u00e0 di commentare quest&#8217;articolo. Per farlo, devi<br \/>\n1. confermare che sei ateo\/a,<br \/>\n2. essere consapevole che, se menti, stai commettendo il gravissimo peccato di apostasia,<br \/>\n3. aspettare che il commento sia approvato dall&#8217;admin.<br \/>\nL&#8217;approvazione dei commenti dipende dall&#8217;insindacabile e inappellabile giudizio dell&#8217;admin. Se vuoi saperne di pi\u00f9 a proposito dei commenti, puoi consultare le <a href=\"http:\/\/www.leternoassente.com\/?page_id=957#nocomment\" target=\"_blank\" rel=\"noopener noreferrer\">FAQ<\/a>.<br \/>\nInoltre puoi commentare gli articoli e i post nel <a href=\"https:\/\/www.facebook.com\/groups\/eternoassente\/\" target=\"_blank\" rel=\"noopener noreferrer\">Gruppo Facebook de L&#8217;Eterno Assente<\/a>, se ti iscrivi al Gruppo dopo aver risposto a una semplice domanda.<\/em><\/p>\n","protected":false},"excerpt":{"rendered":"<p>Commento dell&#8217;autore Anzitutto serve una premessa per mettere in chiaro la mia visione di arte, che, tra le tante cose, mi suggerisce che ergersi sul trono della morale diventa il presupposto perfetto di chi non accetta nient&#8217;altro che la propria &hellip; <a href=\"https:\/\/www.leternoassente.com\/?page_id=7307\">Continua a leggere<span class=\"meta-nav\">&rarr;<\/span><\/a><\/p>\n","protected":false},"author":1,"featured_media":0,"parent":7306,"menu_order":0,"comment_status":"open","ping_status":"closed","template":"","meta":{"footnotes":""},"class_list":["post-7307","page","type-page","status-publish","hentry"],"yoast_head":"<!-- This site is optimized with the Yoast SEO plugin v25.6 - https:\/\/yoast.com\/wordpress\/plugins\/seo\/ -->\n<title>Eros e civilt\u00e0 - L&#039;Eterno Assente<\/title>\n<meta name=\"robots\" content=\"index, follow, max-snippet:-1, max-image-preview:large, max-video-preview:-1\" \/>\n<link rel=\"canonical\" href=\"https:\/\/www.leternoassente.com\/?page_id=7307\" \/>\n<meta property=\"og:locale\" content=\"it_IT\" \/>\n<meta property=\"og:type\" content=\"article\" \/>\n<meta property=\"og:title\" content=\"Eros e civilt\u00e0 - L&#039;Eterno Assente\" \/>\n<meta property=\"og:description\" content=\"Commento dell&#8217;autore Anzitutto serve una premessa per mettere in chiaro la mia visione di arte, che, tra le tante cose, mi suggerisce che ergersi sul trono della morale diventa il presupposto perfetto di chi non accetta nient&#8217;altro che la propria &hellip; Continua a leggere&rarr;\" \/>\n<meta property=\"og:url\" content=\"https:\/\/www.leternoassente.com\/?page_id=7307\" \/>\n<meta property=\"og:site_name\" content=\"L&#039;Eterno Assente\" \/>\n<meta property=\"article:modified_time\" content=\"2025-11-22T06:07:26+00:00\" \/>\n<meta property=\"og:image\" content=\"https:\/\/www.leternoassente.com\/wp-content\/uploads\/2025\/08\/erosecivilta-scaled.jpg\" \/>\n\t<meta property=\"og:image:width\" content=\"2560\" \/>\n\t<meta property=\"og:image:height\" content=\"1983\" \/>\n\t<meta property=\"og:image:type\" content=\"image\/jpeg\" \/>\n<meta name=\"twitter:card\" content=\"summary_large_image\" \/>\n<meta name=\"twitter:site\" content=\"@leternoassente\" \/>\n<meta name=\"twitter:label1\" content=\"Tempo di lettura stimato\" \/>\n\t<meta name=\"twitter:data1\" content=\"5 minuti\" \/>\n<script type=\"application\/ld+json\" class=\"yoast-schema-graph\">{\"@context\":\"https:\/\/schema.org\",\"@graph\":[{\"@type\":\"WebPage\",\"@id\":\"https:\/\/www.leternoassente.com\/?page_id=7307\",\"url\":\"https:\/\/www.leternoassente.com\/?page_id=7307\",\"name\":\"Eros e civilt\u00e0 - L&#039;Eterno Assente\",\"isPartOf\":{\"@id\":\"https:\/\/www.leternoassente.com\/#website\"},\"primaryImageOfPage\":{\"@id\":\"https:\/\/www.leternoassente.com\/?page_id=7307#primaryimage\"},\"image\":{\"@id\":\"https:\/\/www.leternoassente.com\/?page_id=7307#primaryimage\"},\"thumbnailUrl\":\"https:\/\/www.leternoassente.com\/wp-content\/uploads\/2025\/08\/erosecivilta-1024x793.jpg\",\"datePublished\":\"2025-08-25T14:53:21+00:00\",\"dateModified\":\"2025-11-22T06:07:26+00:00\",\"breadcrumb\":{\"@id\":\"https:\/\/www.leternoassente.com\/?page_id=7307#breadcrumb\"},\"inLanguage\":\"it-IT\",\"potentialAction\":[{\"@type\":\"ReadAction\",\"target\":[\"https:\/\/www.leternoassente.com\/?page_id=7307\"]}]},{\"@type\":\"ImageObject\",\"inLanguage\":\"it-IT\",\"@id\":\"https:\/\/www.leternoassente.com\/?page_id=7307#primaryimage\",\"url\":\"https:\/\/www.leternoassente.com\/wp-content\/uploads\/2025\/08\/erosecivilta-scaled.jpg\",\"contentUrl\":\"https:\/\/www.leternoassente.com\/wp-content\/uploads\/2025\/08\/erosecivilta-scaled.jpg\",\"width\":2560,\"height\":1983},{\"@type\":\"BreadcrumbList\",\"@id\":\"https:\/\/www.leternoassente.com\/?page_id=7307#breadcrumb\",\"itemListElement\":[{\"@type\":\"ListItem\",\"position\":1,\"name\":\"Home\",\"item\":\"https:\/\/www.leternoassente.com\/\"},{\"@type\":\"ListItem\",\"position\":2,\"name\":\"Arte\",\"item\":\"https:\/\/www.leternoassente.com\/?page_id=7306\"},{\"@type\":\"ListItem\",\"position\":3,\"name\":\"Eros e civilt\u00e0\"}]},{\"@type\":\"WebSite\",\"@id\":\"https:\/\/www.leternoassente.com\/#website\",\"url\":\"https:\/\/www.leternoassente.com\/\",\"name\":\"L&#039;Eterno Assente\",\"description\":\"Dio, la vita, il senso e altre cazzate\",\"publisher\":{\"@id\":\"https:\/\/www.leternoassente.com\/#\/schema\/person\/d2069751871fcdb89a30a0775f4170f9\"},\"potentialAction\":[{\"@type\":\"SearchAction\",\"target\":{\"@type\":\"EntryPoint\",\"urlTemplate\":\"https:\/\/www.leternoassente.com\/?s={search_term_string}\"},\"query-input\":{\"@type\":\"PropertyValueSpecification\",\"valueRequired\":true,\"valueName\":\"search_term_string\"}}],\"inLanguage\":\"it-IT\"},{\"@type\":[\"Person\",\"Organization\"],\"@id\":\"https:\/\/www.leternoassente.com\/#\/schema\/person\/d2069751871fcdb89a30a0775f4170f9\",\"name\":\"Choam Goldberg\",\"image\":{\"@type\":\"ImageObject\",\"inLanguage\":\"it-IT\",\"@id\":\"https:\/\/www.leternoassente.com\/#\/schema\/person\/image\/\",\"url\":\"https:\/\/secure.gravatar.com\/avatar\/63d2c9f25f05d3da5001f2898f6fc9cd?s=96&d=wavatar&r=g\",\"contentUrl\":\"https:\/\/secure.gravatar.com\/avatar\/63d2c9f25f05d3da5001f2898f6fc9cd?s=96&d=wavatar&r=g\",\"caption\":\"Choam Goldberg\"},\"logo\":{\"@id\":\"https:\/\/www.leternoassente.com\/#\/schema\/person\/image\/\"},\"description\":\"Contemplata la vastit\u00e0 del cazzo che gliene frega e raggiunta l\u2019atarass\u00eca, Choam Goldberg pratica nondimeno l'antica, dilettevole e nobile arte di demolire le credenze dei\u00a0beoti e degli insipienti.\",\"sameAs\":[\"http:\/\/www.leternoassente.com\"]}]}<\/script>\n<!-- \/ Yoast SEO plugin. -->","yoast_head_json":{"title":"Eros e civilt\u00e0 - L&#039;Eterno Assente","robots":{"index":"index","follow":"follow","max-snippet":"max-snippet:-1","max-image-preview":"max-image-preview:large","max-video-preview":"max-video-preview:-1"},"canonical":"https:\/\/www.leternoassente.com\/?page_id=7307","og_locale":"it_IT","og_type":"article","og_title":"Eros e civilt\u00e0 - L&#039;Eterno Assente","og_description":"Commento dell&#8217;autore Anzitutto serve una premessa per mettere in chiaro la mia visione di arte, che, tra le tante cose, mi suggerisce che ergersi sul trono della morale diventa il presupposto perfetto di chi non accetta nient&#8217;altro che la propria &hellip; Continua a leggere&rarr;","og_url":"https:\/\/www.leternoassente.com\/?page_id=7307","og_site_name":"L&#039;Eterno Assente","article_modified_time":"2025-11-22T06:07:26+00:00","og_image":[{"width":2560,"height":1983,"url":"https:\/\/www.leternoassente.com\/wp-content\/uploads\/2025\/08\/erosecivilta-scaled.jpg","type":"image\/jpeg"}],"twitter_card":"summary_large_image","twitter_site":"@leternoassente","twitter_misc":{"Tempo di lettura stimato":"5 minuti"},"schema":{"@context":"https:\/\/schema.org","@graph":[{"@type":"WebPage","@id":"https:\/\/www.leternoassente.com\/?page_id=7307","url":"https:\/\/www.leternoassente.com\/?page_id=7307","name":"Eros e civilt\u00e0 - L&#039;Eterno Assente","isPartOf":{"@id":"https:\/\/www.leternoassente.com\/#website"},"primaryImageOfPage":{"@id":"https:\/\/www.leternoassente.com\/?page_id=7307#primaryimage"},"image":{"@id":"https:\/\/www.leternoassente.com\/?page_id=7307#primaryimage"},"thumbnailUrl":"https:\/\/www.leternoassente.com\/wp-content\/uploads\/2025\/08\/erosecivilta-1024x793.jpg","datePublished":"2025-08-25T14:53:21+00:00","dateModified":"2025-11-22T06:07:26+00:00","breadcrumb":{"@id":"https:\/\/www.leternoassente.com\/?page_id=7307#breadcrumb"},"inLanguage":"it-IT","potentialAction":[{"@type":"ReadAction","target":["https:\/\/www.leternoassente.com\/?page_id=7307"]}]},{"@type":"ImageObject","inLanguage":"it-IT","@id":"https:\/\/www.leternoassente.com\/?page_id=7307#primaryimage","url":"https:\/\/www.leternoassente.com\/wp-content\/uploads\/2025\/08\/erosecivilta-scaled.jpg","contentUrl":"https:\/\/www.leternoassente.com\/wp-content\/uploads\/2025\/08\/erosecivilta-scaled.jpg","width":2560,"height":1983},{"@type":"BreadcrumbList","@id":"https:\/\/www.leternoassente.com\/?page_id=7307#breadcrumb","itemListElement":[{"@type":"ListItem","position":1,"name":"Home","item":"https:\/\/www.leternoassente.com\/"},{"@type":"ListItem","position":2,"name":"Arte","item":"https:\/\/www.leternoassente.com\/?page_id=7306"},{"@type":"ListItem","position":3,"name":"Eros e civilt\u00e0"}]},{"@type":"WebSite","@id":"https:\/\/www.leternoassente.com\/#website","url":"https:\/\/www.leternoassente.com\/","name":"L&#039;Eterno Assente","description":"Dio, la vita, il senso e altre cazzate","publisher":{"@id":"https:\/\/www.leternoassente.com\/#\/schema\/person\/d2069751871fcdb89a30a0775f4170f9"},"potentialAction":[{"@type":"SearchAction","target":{"@type":"EntryPoint","urlTemplate":"https:\/\/www.leternoassente.com\/?s={search_term_string}"},"query-input":{"@type":"PropertyValueSpecification","valueRequired":true,"valueName":"search_term_string"}}],"inLanguage":"it-IT"},{"@type":["Person","Organization"],"@id":"https:\/\/www.leternoassente.com\/#\/schema\/person\/d2069751871fcdb89a30a0775f4170f9","name":"Choam Goldberg","image":{"@type":"ImageObject","inLanguage":"it-IT","@id":"https:\/\/www.leternoassente.com\/#\/schema\/person\/image\/","url":"https:\/\/secure.gravatar.com\/avatar\/63d2c9f25f05d3da5001f2898f6fc9cd?s=96&d=wavatar&r=g","contentUrl":"https:\/\/secure.gravatar.com\/avatar\/63d2c9f25f05d3da5001f2898f6fc9cd?s=96&d=wavatar&r=g","caption":"Choam Goldberg"},"logo":{"@id":"https:\/\/www.leternoassente.com\/#\/schema\/person\/image\/"},"description":"Contemplata la vastit\u00e0 del cazzo che gliene frega e raggiunta l\u2019atarass\u00eca, Choam Goldberg pratica nondimeno l'antica, dilettevole e nobile arte di demolire le credenze dei\u00a0beoti e degli insipienti.","sameAs":["http:\/\/www.leternoassente.com"]}]}},"_links":{"self":[{"href":"https:\/\/www.leternoassente.com\/index.php?rest_route=\/wp\/v2\/pages\/7307"}],"collection":[{"href":"https:\/\/www.leternoassente.com\/index.php?rest_route=\/wp\/v2\/pages"}],"about":[{"href":"https:\/\/www.leternoassente.com\/index.php?rest_route=\/wp\/v2\/types\/page"}],"author":[{"embeddable":true,"href":"https:\/\/www.leternoassente.com\/index.php?rest_route=\/wp\/v2\/users\/1"}],"replies":[{"embeddable":true,"href":"https:\/\/www.leternoassente.com\/index.php?rest_route=%2Fwp%2Fv2%2Fcomments&post=7307"}],"version-history":[{"count":5,"href":"https:\/\/www.leternoassente.com\/index.php?rest_route=\/wp\/v2\/pages\/7307\/revisions"}],"predecessor-version":[{"id":7368,"href":"https:\/\/www.leternoassente.com\/index.php?rest_route=\/wp\/v2\/pages\/7307\/revisions\/7368"}],"up":[{"embeddable":true,"href":"https:\/\/www.leternoassente.com\/index.php?rest_route=\/wp\/v2\/pages\/7306"}],"wp:attachment":[{"href":"https:\/\/www.leternoassente.com\/index.php?rest_route=%2Fwp%2Fv2%2Fmedia&parent=7307"}],"curies":[{"name":"wp","href":"https:\/\/api.w.org\/{rel}","templated":true}]}}