{"id":7349,"date":"2025-09-26T13:27:06","date_gmt":"2025-09-26T11:27:06","guid":{"rendered":"https:\/\/www.leternoassente.com\/?page_id=7349"},"modified":"2025-09-26T13:37:02","modified_gmt":"2025-09-26T11:37:02","slug":"la-conoscenza-illumina-luomo-nella-sua-comprensione-dei-fenomeni","status":"publish","type":"page","link":"https:\/\/www.leternoassente.com\/?page_id=7349","title":{"rendered":"La Conoscenza illumina l&#8217;Uomo nella sua comprensione dei fenomeni"},"content":{"rendered":"<div id=\"attachment_7351\" style=\"width: 594px\" class=\"wp-caption alignleft\"><a href=\"https:\/\/www.leternoassente.com\/wp-content\/uploads\/2025\/09\/conoscenza-scaled.jpg\"><img loading=\"lazy\" decoding=\"async\" aria-describedby=\"caption-attachment-7351\" class=\"wp-image-7351 size-large\" src=\"https:\/\/www.leternoassente.com\/wp-content\/uploads\/2025\/09\/conoscenza-768x1024.jpg\" alt=\"\" width=\"584\" height=\"779\" srcset=\"https:\/\/www.leternoassente.com\/wp-content\/uploads\/2025\/09\/conoscenza-768x1024.jpg 768w, https:\/\/www.leternoassente.com\/wp-content\/uploads\/2025\/09\/conoscenza-225x300.jpg 225w, https:\/\/www.leternoassente.com\/wp-content\/uploads\/2025\/09\/conoscenza-1152x1536.jpg 1152w, https:\/\/www.leternoassente.com\/wp-content\/uploads\/2025\/09\/conoscenza-1536x2048.jpg 1536w, https:\/\/www.leternoassente.com\/wp-content\/uploads\/2025\/09\/conoscenza-scaled.jpg 1920w\" sizes=\"(max-width: 584px) 100vw, 584px\" \/><\/a><p id=\"caption-attachment-7351\" class=\"wp-caption-text\">La Conoscenza illumina l&#8217;Uomo nella sua comprensione dei fenomeni<\/p><\/div>\n<hr \/>\n<p><strong>Commento dell&#8217;autore<\/strong><\/p>\n<p>Due figure emergono dall&#8217;ombra, dal nulla: la Conoscenza e l&#8217;Uomo.<\/p>\n<p>La Conoscenza \u00e8 imponente, capace di colmare il vuoto con la sua sola presenza. I suoi capelli sono composti e liberi allo stesso tempo, in netta contrapposizione con l&#8217;immagine dogmatica che vuole la donna a capo coperto e con strette e cinte vesti. Una sorta di anti-Madonna.<\/p>\n<p>Essa regge in una mano il lume della ragione, rappresentato da una lanterna, con il quale illumina i fenomeni del cosmo mentre con l&#8217;altra mano, in un gesto delicato ma deciso, libera gli occhi dell&#8217; Uomo dalla benda dell&#8217;ignoranza. L&#8217;Uomo \u00e8 magro, debole, affamato di sapere, riceve la luce con un certo timore ma stando a mani incrociate permettendo ad essa di avvolgerlo completamente, mostrandosi ben disposto e volontario ad emergere dall&#8217;ombra.<\/p>\n<p>Si potrebbe pensare ad una immagine divinizzata della conoscenza, una sorta di entit\u00e0 sovrannaturale&#8230; tuttavia, guardando meglio, se ne osserva la vera natura: essa non \u00e8 distaccata dall&#8217;uomo come se fosse una divinit\u00e0 dotata di vita propria, piuttosto emerge prodotta dal piccolo corpo seduto innanzi a s\u00e9, composta della stessa materia e dalla stessa ombra da cui si liberano entrambi.<\/p>\n<p><strong>Angelo Idi<\/strong><\/p>\n<hr \/>\n<p>Vuoi pubblicare anche tu la tua opera artistica sull&#8217;ateismo? Spediscila a L&#8217;Eterno Assente, dove verr\u00e0 presa in considerazione e, se giudicata interessante e pertinente, sar\u00e0 pubblicata.<\/p>\n<p><a href=\"https:\/\/www.leternoassente.com\/?page_id=7306\" target=\"_blank\" rel=\"noopener noreferrer\">Tutte le opere.<\/a><\/p>\n<hr \/>\n<p><em>Qui sotto trovi la possibilit\u00e0 di commentare quest&#8217;articolo. Per farlo, devi<br \/>\n1. confermare che sei ateo\/a,<br \/>\n2. essere consapevole che, se menti, stai commettendo il gravissimo peccato di apostasia,<br \/>\n3. aspettare che il commento sia approvato dall&#8217;admin.<br \/>\nL&#8217;approvazione dei commenti dipende dall&#8217;insindacabile e inappellabile giudizio dell&#8217;admin. Se vuoi saperne di pi\u00f9 a proposito dei commenti, puoi consultare le <a href=\"http:\/\/www.leternoassente.com\/?page_id=957#nocomment\" target=\"_blank\" rel=\"noopener noreferrer\">FAQ<\/a>.<br \/>\nInoltre puoi commentare gli articoli e i post nel <a href=\"https:\/\/www.facebook.com\/groups\/eternoassente\/\" target=\"_blank\" rel=\"noopener noreferrer\">Gruppo Facebook de L&#8217;Eterno Assente<\/a>, se ti iscrivi al Gruppo dopo aver risposto a una semplice domanda.<\/em><\/p>\n","protected":false},"excerpt":{"rendered":"<p>Commento dell&#8217;autore Due figure emergono dall&#8217;ombra, dal nulla: la Conoscenza e l&#8217;Uomo. La Conoscenza \u00e8 imponente, capace di colmare il vuoto con la sua sola presenza. I suoi capelli sono composti e liberi allo stesso tempo, in netta contrapposizione con &hellip; <a href=\"https:\/\/www.leternoassente.com\/?page_id=7349\">Continua a leggere<span class=\"meta-nav\">&rarr;<\/span><\/a><\/p>\n","protected":false},"author":1,"featured_media":0,"parent":7306,"menu_order":0,"comment_status":"open","ping_status":"closed","template":"","meta":{"footnotes":""},"class_list":["post-7349","page","type-page","status-publish","hentry"],"yoast_head":"<!-- This site is optimized with the Yoast SEO plugin v25.6 - https:\/\/yoast.com\/wordpress\/plugins\/seo\/ -->\n<title>La Conoscenza illumina l&#039;Uomo nella sua comprensione dei fenomeni - L&#039;Eterno Assente<\/title>\n<meta name=\"robots\" content=\"index, follow, max-snippet:-1, max-image-preview:large, max-video-preview:-1\" \/>\n<link rel=\"canonical\" href=\"https:\/\/www.leternoassente.com\/?page_id=7349\" \/>\n<meta property=\"og:locale\" content=\"it_IT\" \/>\n<meta property=\"og:type\" content=\"article\" \/>\n<meta property=\"og:title\" content=\"La Conoscenza illumina l&#039;Uomo nella sua comprensione dei fenomeni - L&#039;Eterno Assente\" \/>\n<meta property=\"og:description\" content=\"Commento dell&#8217;autore Due figure emergono dall&#8217;ombra, dal nulla: la Conoscenza e l&#8217;Uomo. La Conoscenza \u00e8 imponente, capace di colmare il vuoto con la sua sola presenza. I suoi capelli sono composti e liberi allo stesso tempo, in netta contrapposizione con &hellip; Continua a leggere&rarr;\" \/>\n<meta property=\"og:url\" content=\"https:\/\/www.leternoassente.com\/?page_id=7349\" \/>\n<meta property=\"og:site_name\" content=\"L&#039;Eterno Assente\" \/>\n<meta property=\"article:modified_time\" content=\"2025-09-26T11:37:02+00:00\" \/>\n<meta property=\"og:image\" content=\"https:\/\/www.leternoassente.com\/wp-content\/uploads\/2025\/09\/conoscenza-scaled.jpg\" \/>\n\t<meta property=\"og:image:width\" content=\"1920\" \/>\n\t<meta property=\"og:image:height\" content=\"2560\" \/>\n\t<meta property=\"og:image:type\" content=\"image\/jpeg\" \/>\n<meta name=\"twitter:card\" content=\"summary_large_image\" \/>\n<meta name=\"twitter:site\" content=\"@leternoassente\" \/>\n<meta name=\"twitter:label1\" content=\"Tempo di lettura stimato\" \/>\n\t<meta name=\"twitter:data1\" content=\"2 minuti\" \/>\n<script type=\"application\/ld+json\" class=\"yoast-schema-graph\">{\"@context\":\"https:\/\/schema.org\",\"@graph\":[{\"@type\":\"WebPage\",\"@id\":\"https:\/\/www.leternoassente.com\/?page_id=7349\",\"url\":\"https:\/\/www.leternoassente.com\/?page_id=7349\",\"name\":\"La Conoscenza illumina l'Uomo nella sua comprensione dei fenomeni - L&#039;Eterno Assente\",\"isPartOf\":{\"@id\":\"https:\/\/www.leternoassente.com\/#website\"},\"primaryImageOfPage\":{\"@id\":\"https:\/\/www.leternoassente.com\/?page_id=7349#primaryimage\"},\"image\":{\"@id\":\"https:\/\/www.leternoassente.com\/?page_id=7349#primaryimage\"},\"thumbnailUrl\":\"https:\/\/www.leternoassente.com\/wp-content\/uploads\/2025\/09\/conoscenza-768x1024.jpg\",\"datePublished\":\"2025-09-26T11:27:06+00:00\",\"dateModified\":\"2025-09-26T11:37:02+00:00\",\"breadcrumb\":{\"@id\":\"https:\/\/www.leternoassente.com\/?page_id=7349#breadcrumb\"},\"inLanguage\":\"it-IT\",\"potentialAction\":[{\"@type\":\"ReadAction\",\"target\":[\"https:\/\/www.leternoassente.com\/?page_id=7349\"]}]},{\"@type\":\"ImageObject\",\"inLanguage\":\"it-IT\",\"@id\":\"https:\/\/www.leternoassente.com\/?page_id=7349#primaryimage\",\"url\":\"https:\/\/www.leternoassente.com\/wp-content\/uploads\/2025\/09\/conoscenza-scaled.jpg\",\"contentUrl\":\"https:\/\/www.leternoassente.com\/wp-content\/uploads\/2025\/09\/conoscenza-scaled.jpg\",\"width\":1920,\"height\":2560},{\"@type\":\"BreadcrumbList\",\"@id\":\"https:\/\/www.leternoassente.com\/?page_id=7349#breadcrumb\",\"itemListElement\":[{\"@type\":\"ListItem\",\"position\":1,\"name\":\"Home\",\"item\":\"https:\/\/www.leternoassente.com\/\"},{\"@type\":\"ListItem\",\"position\":2,\"name\":\"Arte\",\"item\":\"https:\/\/www.leternoassente.com\/?page_id=7306\"},{\"@type\":\"ListItem\",\"position\":3,\"name\":\"La Conoscenza illumina l&#8217;Uomo nella sua comprensione dei fenomeni\"}]},{\"@type\":\"WebSite\",\"@id\":\"https:\/\/www.leternoassente.com\/#website\",\"url\":\"https:\/\/www.leternoassente.com\/\",\"name\":\"L&#039;Eterno Assente\",\"description\":\"Dio, la vita, il senso e altre cazzate\",\"publisher\":{\"@id\":\"https:\/\/www.leternoassente.com\/#\/schema\/person\/d2069751871fcdb89a30a0775f4170f9\"},\"potentialAction\":[{\"@type\":\"SearchAction\",\"target\":{\"@type\":\"EntryPoint\",\"urlTemplate\":\"https:\/\/www.leternoassente.com\/?s={search_term_string}\"},\"query-input\":{\"@type\":\"PropertyValueSpecification\",\"valueRequired\":true,\"valueName\":\"search_term_string\"}}],\"inLanguage\":\"it-IT\"},{\"@type\":[\"Person\",\"Organization\"],\"@id\":\"https:\/\/www.leternoassente.com\/#\/schema\/person\/d2069751871fcdb89a30a0775f4170f9\",\"name\":\"Choam Goldberg\",\"image\":{\"@type\":\"ImageObject\",\"inLanguage\":\"it-IT\",\"@id\":\"https:\/\/www.leternoassente.com\/#\/schema\/person\/image\/\",\"url\":\"https:\/\/secure.gravatar.com\/avatar\/63d2c9f25f05d3da5001f2898f6fc9cd?s=96&d=wavatar&r=g\",\"contentUrl\":\"https:\/\/secure.gravatar.com\/avatar\/63d2c9f25f05d3da5001f2898f6fc9cd?s=96&d=wavatar&r=g\",\"caption\":\"Choam Goldberg\"},\"logo\":{\"@id\":\"https:\/\/www.leternoassente.com\/#\/schema\/person\/image\/\"},\"description\":\"Contemplata la vastit\u00e0 del cazzo che gliene frega e raggiunta l\u2019atarass\u00eca, Choam Goldberg pratica nondimeno l'antica, dilettevole e nobile arte di demolire le credenze dei\u00a0beoti e degli insipienti.\",\"sameAs\":[\"http:\/\/www.leternoassente.com\"]}]}<\/script>\n<!-- \/ Yoast SEO plugin. -->","yoast_head_json":{"title":"La Conoscenza illumina l'Uomo nella sua comprensione dei fenomeni - L&#039;Eterno Assente","robots":{"index":"index","follow":"follow","max-snippet":"max-snippet:-1","max-image-preview":"max-image-preview:large","max-video-preview":"max-video-preview:-1"},"canonical":"https:\/\/www.leternoassente.com\/?page_id=7349","og_locale":"it_IT","og_type":"article","og_title":"La Conoscenza illumina l'Uomo nella sua comprensione dei fenomeni - L&#039;Eterno Assente","og_description":"Commento dell&#8217;autore Due figure emergono dall&#8217;ombra, dal nulla: la Conoscenza e l&#8217;Uomo. La Conoscenza \u00e8 imponente, capace di colmare il vuoto con la sua sola presenza. I suoi capelli sono composti e liberi allo stesso tempo, in netta contrapposizione con &hellip; Continua a leggere&rarr;","og_url":"https:\/\/www.leternoassente.com\/?page_id=7349","og_site_name":"L&#039;Eterno Assente","article_modified_time":"2025-09-26T11:37:02+00:00","og_image":[{"width":1920,"height":2560,"url":"https:\/\/www.leternoassente.com\/wp-content\/uploads\/2025\/09\/conoscenza-scaled.jpg","type":"image\/jpeg"}],"twitter_card":"summary_large_image","twitter_site":"@leternoassente","twitter_misc":{"Tempo di lettura stimato":"2 minuti"},"schema":{"@context":"https:\/\/schema.org","@graph":[{"@type":"WebPage","@id":"https:\/\/www.leternoassente.com\/?page_id=7349","url":"https:\/\/www.leternoassente.com\/?page_id=7349","name":"La Conoscenza illumina l'Uomo nella sua comprensione dei fenomeni - L&#039;Eterno Assente","isPartOf":{"@id":"https:\/\/www.leternoassente.com\/#website"},"primaryImageOfPage":{"@id":"https:\/\/www.leternoassente.com\/?page_id=7349#primaryimage"},"image":{"@id":"https:\/\/www.leternoassente.com\/?page_id=7349#primaryimage"},"thumbnailUrl":"https:\/\/www.leternoassente.com\/wp-content\/uploads\/2025\/09\/conoscenza-768x1024.jpg","datePublished":"2025-09-26T11:27:06+00:00","dateModified":"2025-09-26T11:37:02+00:00","breadcrumb":{"@id":"https:\/\/www.leternoassente.com\/?page_id=7349#breadcrumb"},"inLanguage":"it-IT","potentialAction":[{"@type":"ReadAction","target":["https:\/\/www.leternoassente.com\/?page_id=7349"]}]},{"@type":"ImageObject","inLanguage":"it-IT","@id":"https:\/\/www.leternoassente.com\/?page_id=7349#primaryimage","url":"https:\/\/www.leternoassente.com\/wp-content\/uploads\/2025\/09\/conoscenza-scaled.jpg","contentUrl":"https:\/\/www.leternoassente.com\/wp-content\/uploads\/2025\/09\/conoscenza-scaled.jpg","width":1920,"height":2560},{"@type":"BreadcrumbList","@id":"https:\/\/www.leternoassente.com\/?page_id=7349#breadcrumb","itemListElement":[{"@type":"ListItem","position":1,"name":"Home","item":"https:\/\/www.leternoassente.com\/"},{"@type":"ListItem","position":2,"name":"Arte","item":"https:\/\/www.leternoassente.com\/?page_id=7306"},{"@type":"ListItem","position":3,"name":"La Conoscenza illumina l&#8217;Uomo nella sua comprensione dei fenomeni"}]},{"@type":"WebSite","@id":"https:\/\/www.leternoassente.com\/#website","url":"https:\/\/www.leternoassente.com\/","name":"L&#039;Eterno Assente","description":"Dio, la vita, il senso e altre cazzate","publisher":{"@id":"https:\/\/www.leternoassente.com\/#\/schema\/person\/d2069751871fcdb89a30a0775f4170f9"},"potentialAction":[{"@type":"SearchAction","target":{"@type":"EntryPoint","urlTemplate":"https:\/\/www.leternoassente.com\/?s={search_term_string}"},"query-input":{"@type":"PropertyValueSpecification","valueRequired":true,"valueName":"search_term_string"}}],"inLanguage":"it-IT"},{"@type":["Person","Organization"],"@id":"https:\/\/www.leternoassente.com\/#\/schema\/person\/d2069751871fcdb89a30a0775f4170f9","name":"Choam Goldberg","image":{"@type":"ImageObject","inLanguage":"it-IT","@id":"https:\/\/www.leternoassente.com\/#\/schema\/person\/image\/","url":"https:\/\/secure.gravatar.com\/avatar\/63d2c9f25f05d3da5001f2898f6fc9cd?s=96&d=wavatar&r=g","contentUrl":"https:\/\/secure.gravatar.com\/avatar\/63d2c9f25f05d3da5001f2898f6fc9cd?s=96&d=wavatar&r=g","caption":"Choam Goldberg"},"logo":{"@id":"https:\/\/www.leternoassente.com\/#\/schema\/person\/image\/"},"description":"Contemplata la vastit\u00e0 del cazzo che gliene frega e raggiunta l\u2019atarass\u00eca, Choam Goldberg pratica nondimeno l'antica, dilettevole e nobile arte di demolire le credenze dei\u00a0beoti e degli insipienti.","sameAs":["http:\/\/www.leternoassente.com"]}]}},"_links":{"self":[{"href":"https:\/\/www.leternoassente.com\/index.php?rest_route=\/wp\/v2\/pages\/7349"}],"collection":[{"href":"https:\/\/www.leternoassente.com\/index.php?rest_route=\/wp\/v2\/pages"}],"about":[{"href":"https:\/\/www.leternoassente.com\/index.php?rest_route=\/wp\/v2\/types\/page"}],"author":[{"embeddable":true,"href":"https:\/\/www.leternoassente.com\/index.php?rest_route=\/wp\/v2\/users\/1"}],"replies":[{"embeddable":true,"href":"https:\/\/www.leternoassente.com\/index.php?rest_route=%2Fwp%2Fv2%2Fcomments&post=7349"}],"version-history":[{"count":3,"href":"https:\/\/www.leternoassente.com\/index.php?rest_route=\/wp\/v2\/pages\/7349\/revisions"}],"predecessor-version":[{"id":7367,"href":"https:\/\/www.leternoassente.com\/index.php?rest_route=\/wp\/v2\/pages\/7349\/revisions\/7367"}],"up":[{"embeddable":true,"href":"https:\/\/www.leternoassente.com\/index.php?rest_route=\/wp\/v2\/pages\/7306"}],"wp:attachment":[{"href":"https:\/\/www.leternoassente.com\/index.php?rest_route=%2Fwp%2Fv2%2Fmedia&parent=7349"}],"curies":[{"name":"wp","href":"https:\/\/api.w.org\/{rel}","templated":true}]}}