{"id":7365,"date":"2025-10-16T10:18:11","date_gmt":"2025-10-16T08:18:11","guid":{"rendered":"https:\/\/www.leternoassente.com\/?page_id=7365"},"modified":"2025-10-16T10:18:13","modified_gmt":"2025-10-16T08:18:13","slug":"dio-non-e-necessario","status":"publish","type":"page","link":"https:\/\/www.leternoassente.com\/?page_id=7365","title":{"rendered":"Dio non \u00e8 necessario"},"content":{"rendered":"<p><strong>Mary racconta la propria Storia per \u00abIo senza Dio\u00bb.<\/strong><\/p>\n<hr>\n<p>Sono nata in una famiglia cattolica osservante, dove la religione era molto presente sotto tanti aspetti. Per quanto mi riguarda si \u00e8 concretizzata in Scuola elementare dalle suore, catechismo, Azione cattolica, scoutismo, gruppi giovanili organizzati dai frati, lezioni alla facolt\u00e0 teologica. Insomma ci ero dentro che di pi\u00f9 non si pu\u00f2.<\/p>\n<p>Che cosa mi ha salvato? Ho avuto la fortuna di amare le scienze, in particolare la matematica e la fisica, e di farne le mie materie di studio all&#8217;universit\u00e0 prima e nella mia professione poi, continuando cos\u00ec ad approfondire gli argomenti che mi appassionano.<\/p>\n<p>Questo mi ha portato a vivere e soffrire la cosiddetta dissonanza cognitiva. \u00c8 stata una fase veramente penosa, perch\u00e9 per me la logica e la razionalit\u00e0 sono sempre state al fondamento del mio essere. Per\u00f2 a quel tempo contemporaneamente sapevo che per continuare a essere cattolica dovevo accettare tutta la serie di assurdit\u00e0 elencate nel Credo. Mi sentivo come una tossicodipendente che vede allontanarsi la sua droga e ancora non la vuole lasciare andare.<\/p>\n<p>Il condizionamento al quale si \u00e8 sottoposti fin dalla nascita \u00e8 tale che impedisce di prendere in considerazione i pi\u00f9 semplici argomenti razionali, almeno all&#8217;inizio. Poi per\u00f2 la ragione spinge, ti pone domande, non puoi continuare a ignorarle, anche se il condizionamento stesso ti fa addirittura sentire in colpa per il semplice fatto che le domande te le poni.<\/p>\n<p>La cosa buffa \u00e8 che il mio primo passo verso l&#8217;ateismo \u00e8 avvenuto durante un colloquio con un prete. Ero a un ritiro spirituale e con molta esitazione gli ho detto: \u00abA me sembra che non ci sia bisogno di Dio per essere buoni, per avere una morale\u00bb. Lui onestamente mi ha risposto: \u00ab\u00c8 vero\u00bb. Ecco, in quel momento ho scoperto che un Dio non era necessario, e se non era necessario potevo dare via libera a tutte le altre mie domande. \u00c8 stato come liberarsi dalle catene e cominciare un cammino diverso ma finalmente realistico.<\/p>\n<p>\u00c8 durato parecchi anni. All&#8217;inizio mi dichiaravo agnostica perch\u00e9 mi dicevo \u00abNon posso sapere\u00bb, poi finalmente ho capito che invece so! So che non posso dare un minimo di ragionevolezza ai vari \u00abcredo\u00bb della fede. E mi meraviglio di come le persone intelligenti che conosco abbiano del tutto rinunciato ad applicare la loro intelligenza quando si tratta di materia di fede.<\/p>\n<p>Ora ho 73 anni e vivo il mio ateismo con serenit\u00e0 e orgoglio. Data l&#8217;et\u00e0, penso spesso alla morte, ma non ho bisogno di false consolazioni immaginarie. Per\u00f2 ho anche molta rabbia: contro lo Stato cos\u00ec condizionato dalla Chiesa cattolica \u2013 che per me \u00e8 un&#8217;associazione a delinquere \u2013, contro l&#8217;indottrinamento dei bambini \u2013 lo vedo come una vera e propria violenza a dei cervelli che sono in formazione e assorbono qualunque stronzata \u2013, contro il Vaticano e il fatto che esista, contro l&#8217;arroganza dei credenti che sono convinti di possedere la verit\u00e0 ma messi alle strette in una civile discussione passano alla denigrazione e all&#8217;insulto. Mi consolo constatando che le chiese sono quasi vuote, che i conventi chiudono, che gli atei aumentano. Insomma un po&#8217; di speranza c&#8217;\u00e8.<\/p>\n<p>A Choam, a Faber, a Kayn, a Illuminismo 3.0, a Sapiens Sapiens e a tutti gli altri che contribuiscono cos\u00ec efficacemente alla diffusione della ragione va un grande grazie: siete preziosi.<\/p>\n<p><strong>Mary<\/strong><\/p>\n<p>Vuoi raccontare anche tu la tua Storia per \u00abIo senza Dio\u00bb? Spediscila a L&#8217;Eterno Assente, ma prima consulta il <a href=\"https:\/\/www.leternoassente.com\/?page_id=4429\" target=\"_blank\" rel=\"noopener noreferrer\">Regolamento<\/a><\/p>\n<p><a href=\"https:\/\/www.leternoassente.com\/?page_id=4502\" target=\"_blank\" rel=\"noopener noreferrer\">Tutte le Storie di \u00abIo senza Dio\u00bb<\/a><\/p>\n<hr>\n<p><em>Qui sotto trovi la possibilit\u00e0 di commentare quest&#8217;articolo. Per farlo, devi<br \/>\n1. confermare che sei ateo\/a,<br \/>\n2. essere consapevole che, se menti, stai commettendo il gravissimo peccato di apostasia,<br \/>\n3. aspettare che il commento sia approvato dall&#8217;admin.<br \/>\nL&#8217;approvazione dei commenti dipende dall&#8217;insindacabile e inappellabile giudizio dell&#8217;admin. Se vuoi saperne di pi\u00f9 a proposito dei commenti, puoi consultare le <a href=\"http:\/\/www.leternoassente.com\/?page_id=957#nocomment\" target=\"_blank\" rel=\"noopener noreferrer\">FAQ<\/a>.<br \/>\nInoltre puoi commentare gli articoli e i post nel <a href=\"https:\/\/www.facebook.com\/groups\/eternoassente\/\" target=\"_blank\" rel=\"noopener noreferrer\">Gruppo Facebook de L&#8217;Eterno Assente<\/a>, se ti iscrivi al Gruppo dopo aver risposto a una semplice domanda.<\/em><\/p>\n","protected":false},"excerpt":{"rendered":"<p>Mary racconta la propria Storia per \u00abIo senza Dio\u00bb. Sono nata in una famiglia cattolica osservante, dove la religione era molto presente sotto tanti aspetti. Per quanto mi riguarda si \u00e8 concretizzata in Scuola elementare dalle suore, catechismo, Azione cattolica, &hellip; <a href=\"https:\/\/www.leternoassente.com\/?page_id=7365\">Continua a leggere<span class=\"meta-nav\">&rarr;<\/span><\/a><\/p>\n","protected":false},"author":1,"featured_media":3299,"parent":4502,"menu_order":0,"comment_status":"open","ping_status":"closed","template":"","meta":{"footnotes":""},"class_list":["post-7365","page","type-page","status-publish","has-post-thumbnail","hentry"],"yoast_head":"<!-- This site is optimized with the Yoast SEO plugin v25.6 - https:\/\/yoast.com\/wordpress\/plugins\/seo\/ -->\n<title>Dio non \u00e8 necessario - L&#039;Eterno Assente<\/title>\n<meta name=\"description\" content=\"Mary racconta la propria Storia per \u00abIo senza Dio\u00bb.\" \/>\n<meta name=\"robots\" content=\"index, follow, max-snippet:-1, max-image-preview:large, max-video-preview:-1\" \/>\n<link rel=\"canonical\" href=\"https:\/\/www.leternoassente.com\/?page_id=7365\" \/>\n<meta property=\"og:locale\" content=\"it_IT\" \/>\n<meta property=\"og:type\" content=\"article\" \/>\n<meta property=\"og:title\" content=\"Dio non \u00e8 necessario - L&#039;Eterno Assente\" \/>\n<meta property=\"og:description\" content=\"Mary racconta la propria Storia per \u00abIo senza Dio\u00bb.\" \/>\n<meta property=\"og:url\" content=\"https:\/\/www.leternoassente.com\/?page_id=7365\" \/>\n<meta property=\"og:site_name\" content=\"L&#039;Eterno Assente\" \/>\n<meta property=\"article:modified_time\" content=\"2025-10-16T08:18:13+00:00\" \/>\n<meta property=\"og:image\" content=\"https:\/\/www.leternoassente.com\/wp-content\/uploads\/2020\/04\/iosenzadio4seo.jpg\" \/>\n\t<meta property=\"og:image:width\" content=\"1200\" \/>\n\t<meta property=\"og:image:height\" content=\"630\" \/>\n\t<meta property=\"og:image:type\" content=\"image\/jpeg\" \/>\n<meta name=\"twitter:card\" content=\"summary_large_image\" \/>\n<meta name=\"twitter:site\" content=\"@leternoassente\" \/>\n<meta name=\"twitter:label1\" content=\"Tempo di lettura stimato\" \/>\n\t<meta name=\"twitter:data1\" content=\"4 minuti\" \/>\n<script type=\"application\/ld+json\" class=\"yoast-schema-graph\">{\"@context\":\"https:\/\/schema.org\",\"@graph\":[{\"@type\":\"WebPage\",\"@id\":\"https:\/\/www.leternoassente.com\/?page_id=7365\",\"url\":\"https:\/\/www.leternoassente.com\/?page_id=7365\",\"name\":\"Dio non \u00e8 necessario - L&#039;Eterno Assente\",\"isPartOf\":{\"@id\":\"https:\/\/www.leternoassente.com\/#website\"},\"primaryImageOfPage\":{\"@id\":\"https:\/\/www.leternoassente.com\/?page_id=7365#primaryimage\"},\"image\":{\"@id\":\"https:\/\/www.leternoassente.com\/?page_id=7365#primaryimage\"},\"thumbnailUrl\":\"https:\/\/www.leternoassente.com\/wp-content\/uploads\/2020\/04\/iosenzadio4.jpg\",\"datePublished\":\"2025-10-16T08:18:11+00:00\",\"dateModified\":\"2025-10-16T08:18:13+00:00\",\"description\":\"Mary racconta la propria Storia per \u00abIo senza Dio\u00bb.\",\"breadcrumb\":{\"@id\":\"https:\/\/www.leternoassente.com\/?page_id=7365#breadcrumb\"},\"inLanguage\":\"it-IT\",\"potentialAction\":[{\"@type\":\"ReadAction\",\"target\":[\"https:\/\/www.leternoassente.com\/?page_id=7365\"]}]},{\"@type\":\"ImageObject\",\"inLanguage\":\"it-IT\",\"@id\":\"https:\/\/www.leternoassente.com\/?page_id=7365#primaryimage\",\"url\":\"https:\/\/www.leternoassente.com\/wp-content\/uploads\/2020\/04\/iosenzadio4.jpg\",\"contentUrl\":\"https:\/\/www.leternoassente.com\/wp-content\/uploads\/2020\/04\/iosenzadio4.jpg\",\"width\":1500,\"height\":434},{\"@type\":\"BreadcrumbList\",\"@id\":\"https:\/\/www.leternoassente.com\/?page_id=7365#breadcrumb\",\"itemListElement\":[{\"@type\":\"ListItem\",\"position\":1,\"name\":\"Home\",\"item\":\"https:\/\/www.leternoassente.com\/\"},{\"@type\":\"ListItem\",\"position\":2,\"name\":\"\u00abIo senza Dio\u00bb \u2013 Storie\",\"item\":\"https:\/\/www.leternoassente.com\/?page_id=4502\"},{\"@type\":\"ListItem\",\"position\":3,\"name\":\"Dio non \u00e8 necessario\"}]},{\"@type\":\"WebSite\",\"@id\":\"https:\/\/www.leternoassente.com\/#website\",\"url\":\"https:\/\/www.leternoassente.com\/\",\"name\":\"L&#039;Eterno Assente\",\"description\":\"Dio, la vita, il senso e altre cazzate\",\"publisher\":{\"@id\":\"https:\/\/www.leternoassente.com\/#\/schema\/person\/d2069751871fcdb89a30a0775f4170f9\"},\"potentialAction\":[{\"@type\":\"SearchAction\",\"target\":{\"@type\":\"EntryPoint\",\"urlTemplate\":\"https:\/\/www.leternoassente.com\/?s={search_term_string}\"},\"query-input\":{\"@type\":\"PropertyValueSpecification\",\"valueRequired\":true,\"valueName\":\"search_term_string\"}}],\"inLanguage\":\"it-IT\"},{\"@type\":[\"Person\",\"Organization\"],\"@id\":\"https:\/\/www.leternoassente.com\/#\/schema\/person\/d2069751871fcdb89a30a0775f4170f9\",\"name\":\"Choam Goldberg\",\"image\":{\"@type\":\"ImageObject\",\"inLanguage\":\"it-IT\",\"@id\":\"https:\/\/www.leternoassente.com\/#\/schema\/person\/image\/\",\"url\":\"https:\/\/secure.gravatar.com\/avatar\/63d2c9f25f05d3da5001f2898f6fc9cd?s=96&d=wavatar&r=g\",\"contentUrl\":\"https:\/\/secure.gravatar.com\/avatar\/63d2c9f25f05d3da5001f2898f6fc9cd?s=96&d=wavatar&r=g\",\"caption\":\"Choam Goldberg\"},\"logo\":{\"@id\":\"https:\/\/www.leternoassente.com\/#\/schema\/person\/image\/\"},\"description\":\"Contemplata la vastit\u00e0 del cazzo che gliene frega e raggiunta l\u2019atarass\u00eca, Choam Goldberg pratica nondimeno l'antica, dilettevole e nobile arte di demolire le credenze dei\u00a0beoti e degli insipienti.\",\"sameAs\":[\"http:\/\/www.leternoassente.com\"]}]}<\/script>\n<!-- \/ Yoast SEO plugin. -->","yoast_head_json":{"title":"Dio non \u00e8 necessario - L&#039;Eterno Assente","description":"Mary racconta la propria Storia per \u00abIo senza Dio\u00bb.","robots":{"index":"index","follow":"follow","max-snippet":"max-snippet:-1","max-image-preview":"max-image-preview:large","max-video-preview":"max-video-preview:-1"},"canonical":"https:\/\/www.leternoassente.com\/?page_id=7365","og_locale":"it_IT","og_type":"article","og_title":"Dio non \u00e8 necessario - L&#039;Eterno Assente","og_description":"Mary racconta la propria Storia per \u00abIo senza Dio\u00bb.","og_url":"https:\/\/www.leternoassente.com\/?page_id=7365","og_site_name":"L&#039;Eterno Assente","article_modified_time":"2025-10-16T08:18:13+00:00","og_image":[{"width":1200,"height":630,"url":"https:\/\/www.leternoassente.com\/wp-content\/uploads\/2020\/04\/iosenzadio4seo.jpg","type":"image\/jpeg"}],"twitter_card":"summary_large_image","twitter_site":"@leternoassente","twitter_misc":{"Tempo di lettura stimato":"4 minuti"},"schema":{"@context":"https:\/\/schema.org","@graph":[{"@type":"WebPage","@id":"https:\/\/www.leternoassente.com\/?page_id=7365","url":"https:\/\/www.leternoassente.com\/?page_id=7365","name":"Dio non \u00e8 necessario - L&#039;Eterno Assente","isPartOf":{"@id":"https:\/\/www.leternoassente.com\/#website"},"primaryImageOfPage":{"@id":"https:\/\/www.leternoassente.com\/?page_id=7365#primaryimage"},"image":{"@id":"https:\/\/www.leternoassente.com\/?page_id=7365#primaryimage"},"thumbnailUrl":"https:\/\/www.leternoassente.com\/wp-content\/uploads\/2020\/04\/iosenzadio4.jpg","datePublished":"2025-10-16T08:18:11+00:00","dateModified":"2025-10-16T08:18:13+00:00","description":"Mary racconta la propria Storia per \u00abIo senza Dio\u00bb.","breadcrumb":{"@id":"https:\/\/www.leternoassente.com\/?page_id=7365#breadcrumb"},"inLanguage":"it-IT","potentialAction":[{"@type":"ReadAction","target":["https:\/\/www.leternoassente.com\/?page_id=7365"]}]},{"@type":"ImageObject","inLanguage":"it-IT","@id":"https:\/\/www.leternoassente.com\/?page_id=7365#primaryimage","url":"https:\/\/www.leternoassente.com\/wp-content\/uploads\/2020\/04\/iosenzadio4.jpg","contentUrl":"https:\/\/www.leternoassente.com\/wp-content\/uploads\/2020\/04\/iosenzadio4.jpg","width":1500,"height":434},{"@type":"BreadcrumbList","@id":"https:\/\/www.leternoassente.com\/?page_id=7365#breadcrumb","itemListElement":[{"@type":"ListItem","position":1,"name":"Home","item":"https:\/\/www.leternoassente.com\/"},{"@type":"ListItem","position":2,"name":"\u00abIo senza Dio\u00bb \u2013 Storie","item":"https:\/\/www.leternoassente.com\/?page_id=4502"},{"@type":"ListItem","position":3,"name":"Dio non \u00e8 necessario"}]},{"@type":"WebSite","@id":"https:\/\/www.leternoassente.com\/#website","url":"https:\/\/www.leternoassente.com\/","name":"L&#039;Eterno Assente","description":"Dio, la vita, il senso e altre cazzate","publisher":{"@id":"https:\/\/www.leternoassente.com\/#\/schema\/person\/d2069751871fcdb89a30a0775f4170f9"},"potentialAction":[{"@type":"SearchAction","target":{"@type":"EntryPoint","urlTemplate":"https:\/\/www.leternoassente.com\/?s={search_term_string}"},"query-input":{"@type":"PropertyValueSpecification","valueRequired":true,"valueName":"search_term_string"}}],"inLanguage":"it-IT"},{"@type":["Person","Organization"],"@id":"https:\/\/www.leternoassente.com\/#\/schema\/person\/d2069751871fcdb89a30a0775f4170f9","name":"Choam Goldberg","image":{"@type":"ImageObject","inLanguage":"it-IT","@id":"https:\/\/www.leternoassente.com\/#\/schema\/person\/image\/","url":"https:\/\/secure.gravatar.com\/avatar\/63d2c9f25f05d3da5001f2898f6fc9cd?s=96&d=wavatar&r=g","contentUrl":"https:\/\/secure.gravatar.com\/avatar\/63d2c9f25f05d3da5001f2898f6fc9cd?s=96&d=wavatar&r=g","caption":"Choam Goldberg"},"logo":{"@id":"https:\/\/www.leternoassente.com\/#\/schema\/person\/image\/"},"description":"Contemplata la vastit\u00e0 del cazzo che gliene frega e raggiunta l\u2019atarass\u00eca, Choam Goldberg pratica nondimeno l'antica, dilettevole e nobile arte di demolire le credenze dei\u00a0beoti e degli insipienti.","sameAs":["http:\/\/www.leternoassente.com"]}]}},"_links":{"self":[{"href":"https:\/\/www.leternoassente.com\/index.php?rest_route=\/wp\/v2\/pages\/7365"}],"collection":[{"href":"https:\/\/www.leternoassente.com\/index.php?rest_route=\/wp\/v2\/pages"}],"about":[{"href":"https:\/\/www.leternoassente.com\/index.php?rest_route=\/wp\/v2\/types\/page"}],"author":[{"embeddable":true,"href":"https:\/\/www.leternoassente.com\/index.php?rest_route=\/wp\/v2\/users\/1"}],"replies":[{"embeddable":true,"href":"https:\/\/www.leternoassente.com\/index.php?rest_route=%2Fwp%2Fv2%2Fcomments&post=7365"}],"version-history":[{"count":2,"href":"https:\/\/www.leternoassente.com\/index.php?rest_route=\/wp\/v2\/pages\/7365\/revisions"}],"predecessor-version":[{"id":7386,"href":"https:\/\/www.leternoassente.com\/index.php?rest_route=\/wp\/v2\/pages\/7365\/revisions\/7386"}],"up":[{"embeddable":true,"href":"https:\/\/www.leternoassente.com\/index.php?rest_route=\/wp\/v2\/pages\/4502"}],"wp:featuredmedia":[{"embeddable":true,"href":"https:\/\/www.leternoassente.com\/index.php?rest_route=\/wp\/v2\/media\/3299"}],"wp:attachment":[{"href":"https:\/\/www.leternoassente.com\/index.php?rest_route=%2Fwp%2Fv2%2Fmedia&parent=7365"}],"curies":[{"name":"wp","href":"https:\/\/api.w.org\/{rel}","templated":true}]}}