{"id":7391,"date":"2026-03-10T15:25:08","date_gmt":"2026-03-10T14:25:08","guid":{"rendered":"https:\/\/www.leternoassente.com\/?page_id=7391"},"modified":"2026-03-10T15:25:09","modified_gmt":"2026-03-10T14:25:09","slug":"capodanno","status":"publish","type":"page","link":"https:\/\/www.leternoassente.com\/?page_id=7391","title":{"rendered":"Capodanno"},"content":{"rendered":"<p><a href=\"https:\/\/www.leternoassente.com\/wp-content\/uploads\/2025\/10\/capodanno-scaled.jpg\"><img loading=\"lazy\" decoding=\"async\" class=\"alignleft wp-image-7393 size-full\" src=\"https:\/\/www.leternoassente.com\/wp-content\/uploads\/2025\/10\/capodanno-scaled.jpg\" alt=\"\" width=\"1709\" height=\"2560\" srcset=\"https:\/\/www.leternoassente.com\/wp-content\/uploads\/2025\/10\/capodanno-scaled.jpg 1709w, https:\/\/www.leternoassente.com\/wp-content\/uploads\/2025\/10\/capodanno-200x300.jpg 200w, https:\/\/www.leternoassente.com\/wp-content\/uploads\/2025\/10\/capodanno-684x1024.jpg 684w, https:\/\/www.leternoassente.com\/wp-content\/uploads\/2025\/10\/capodanno-768x1151.jpg 768w, https:\/\/www.leternoassente.com\/wp-content\/uploads\/2025\/10\/capodanno-1025x1536.jpg 1025w, https:\/\/www.leternoassente.com\/wp-content\/uploads\/2025\/10\/capodanno-1367x2048.jpg 1367w\" sizes=\"(max-width: 1709px) 100vw, 1709px\" \/><\/a><\/p>\n<hr \/>\n<p><strong>Commento dell&#8217;autore<\/strong><\/p>\n<p>\u00c8 il 31 dicembre 2017. Per una serie di circostanze mi ritrovo solo. Nessun gran cenone di Capodanno. Nessun conto alla rovescia. Nessun sorriso forzato. Nessun obbligo di divertirsi. Siccome vivo ancora dai miei genitori, mento per evitare discussioni e dico che andr\u00f2 dagli amici X nel posto Y. Nascondo lo zaino fotografico in macchina e mi preparo per la serata, che sar\u00e0 sicuramente lunga e fredda.<\/p>\n<p>All&#8217;inizio non ho una meta precisa, poi per\u00f2 decido di fermarmi nel capoluogo della mia provincia, in Piemonte. \u00c8 l&#8217;ultimo dell&#8217;anno, perci\u00f2 ci saranno i fuochi d&#8217;artificio e tante luci per celebrare l&#8217;evento. Proprio quello \u00e8 il mio obiettivo: la luce. Scattare quella notte significa portare avanti un progetto che ha come finalit\u00e0 quella di isolare il pi\u00f9 possibile forme, colori, chiari e scuri. Semplificare la ragion d&#8217;essere della fotografia. \u00abPurificare\u00bb ci\u00f2 che cattura l&#8217;obiettivo fotografico. Una sorta di processo di astrazione portato alle estreme conseguenze, usando per lo pi\u00f9 la sfocatura intenzionale.<\/p>\n<p>Quella sera non mangio niente. Girovago tutto il tempo cercando di non congelarmi le mani. E, di tutte le foto che scatto, questa mi colpisce subito.<\/p>\n<p>Non \u00e8 importante il soggetto in s\u00e9, peraltro di una banalit\u00e0 disarmante: l&#8217;angolo di un negozio che si affaccia su una piccola piazza, nota per essere un luogo di spaccio. L&#8217;effetto per\u00f2 mi trasmette sempre qualcosa.<\/p>\n<p>Qui per\u00f2 sta il difficile. Infatti neanche per me il significato \u00e8 netto. Sono consapevole che il senso di un&#8217;opera astratta dato dall&#8217;autore pu\u00f2 essere differente dal senso che le attribuisce un osservatore.<\/p>\n<p>Qualcuno pu\u00f2 vederci la luce in fondo al tunnel delle NDE, il cancello del paradiso, le porte della percezione di Huxley o la luce della vita che scorge un neonato prima di uscire dalla pancia della mamma. Io ci vedo la nascita di un pensiero, di un&#8217;emozione, di un&#8217;idea, di una consapevolezza verso qualcosa che illumina il \u00abcammin di nostra vita\u00bb. Poi per\u00f2, che sia Dio, che sia l&#8217;illuminante comprensione che Dio non esiste, che sia il sentimento verso l&#8217;amore della propria vita o che sia semplicemente una luce su uno sfondo nero, il senso \u00e8 determinato solo dalla sensibilit\u00e0 di chi guarda. E va bene cos\u00ec.<\/p>\n<p>Anzi deve proprio essere cos\u00ec.<\/p>\n<p><strong>Ph.il<\/strong><\/p>\n<hr \/>\n<p>Vuoi pubblicare anche tu la tua opera artistica sull&#8217;ateismo? Spediscila a L&#8217;Eterno Assente, dove verr\u00e0 presa in considerazione e, se giudicata interessante e pertinente, sar\u00e0 pubblicata.<\/p>\n<p><a href=\"https:\/\/www.leternoassente.com\/?page_id=7306\" target=\"_blank\" rel=\"noopener noreferrer\">Tutte le opere.<\/a><\/p>\n<hr \/>\n<p><em>Qui sotto trovi la possibilit\u00e0 di commentare quest&#8217;articolo. Per farlo, devi<br \/>\n1. confermare che sei ateo\/a,<br \/>\n2. essere consapevole che, se menti, stai commettendo il gravissimo peccato di apostasia,<br \/>\n3. aspettare che il commento sia approvato dall&#8217;admin.<br \/>\nL&#8217;approvazione dei commenti dipende dall&#8217;insindacabile e inappellabile giudizio dell&#8217;admin. Se vuoi saperne di pi\u00f9 a proposito dei commenti, puoi consultare le <a href=\"http:\/\/www.leternoassente.com\/?page_id=957#nocomment\" target=\"_blank\" rel=\"noopener noreferrer\">FAQ<\/a>.<br \/>\nInoltre puoi commentare gli articoli e i post nel <a href=\"https:\/\/www.facebook.com\/groups\/eternoassente\/\" target=\"_blank\" rel=\"noopener noreferrer\">Gruppo Facebook de L&#8217;Eterno Assente<\/a>, se ti iscrivi al Gruppo dopo aver risposto a una semplice domanda.<\/em><\/p>\n","protected":false},"excerpt":{"rendered":"<p>Commento dell&#8217;autore \u00c8 il 31 dicembre 2017. Per una serie di circostanze mi ritrovo solo. Nessun gran cenone di Capodanno. Nessun conto alla rovescia. Nessun sorriso forzato. Nessun obbligo di divertirsi. Siccome vivo ancora dai miei genitori, mento per evitare &hellip; <a href=\"https:\/\/www.leternoassente.com\/?page_id=7391\">Continua a leggere<span class=\"meta-nav\">&rarr;<\/span><\/a><\/p>\n","protected":false},"author":1,"featured_media":0,"parent":7306,"menu_order":0,"comment_status":"open","ping_status":"closed","template":"","meta":{"footnotes":""},"class_list":["post-7391","page","type-page","status-publish","hentry"],"yoast_head":"<!-- This site is optimized with the Yoast SEO plugin v25.6 - https:\/\/yoast.com\/wordpress\/plugins\/seo\/ -->\n<title>Capodanno - L&#039;Eterno Assente<\/title>\n<meta name=\"robots\" content=\"index, follow, max-snippet:-1, max-image-preview:large, max-video-preview:-1\" \/>\n<link rel=\"canonical\" href=\"https:\/\/www.leternoassente.com\/?page_id=7391\" \/>\n<meta property=\"og:locale\" content=\"it_IT\" \/>\n<meta property=\"og:type\" content=\"article\" \/>\n<meta property=\"og:title\" content=\"Capodanno - L&#039;Eterno Assente\" \/>\n<meta property=\"og:description\" content=\"Commento dell&#8217;autore \u00c8 il 31 dicembre 2017. Per una serie di circostanze mi ritrovo solo. Nessun gran cenone di Capodanno. Nessun conto alla rovescia. Nessun sorriso forzato. Nessun obbligo di divertirsi. Siccome vivo ancora dai miei genitori, mento per evitare &hellip; Continua a leggere&rarr;\" \/>\n<meta property=\"og:url\" content=\"https:\/\/www.leternoassente.com\/?page_id=7391\" \/>\n<meta property=\"og:site_name\" content=\"L&#039;Eterno Assente\" \/>\n<meta property=\"article:modified_time\" content=\"2026-03-10T14:25:09+00:00\" \/>\n<meta property=\"og:image\" content=\"https:\/\/www.leternoassente.com\/wp-content\/uploads\/2025\/10\/capodanno-scaled.jpg\" \/>\n\t<meta property=\"og:image:width\" content=\"1709\" \/>\n\t<meta property=\"og:image:height\" content=\"2560\" \/>\n\t<meta property=\"og:image:type\" content=\"image\/jpeg\" \/>\n<meta name=\"twitter:card\" content=\"summary_large_image\" \/>\n<meta name=\"twitter:site\" content=\"@leternoassente\" \/>\n<meta name=\"twitter:label1\" content=\"Tempo di lettura stimato\" \/>\n\t<meta name=\"twitter:data1\" content=\"3 minuti\" \/>\n<script type=\"application\/ld+json\" class=\"yoast-schema-graph\">{\"@context\":\"https:\/\/schema.org\",\"@graph\":[{\"@type\":\"WebPage\",\"@id\":\"https:\/\/www.leternoassente.com\/?page_id=7391\",\"url\":\"https:\/\/www.leternoassente.com\/?page_id=7391\",\"name\":\"Capodanno - L&#039;Eterno Assente\",\"isPartOf\":{\"@id\":\"https:\/\/www.leternoassente.com\/#website\"},\"primaryImageOfPage\":{\"@id\":\"https:\/\/www.leternoassente.com\/?page_id=7391#primaryimage\"},\"image\":{\"@id\":\"https:\/\/www.leternoassente.com\/?page_id=7391#primaryimage\"},\"thumbnailUrl\":\"https:\/\/www.leternoassente.com\/wp-content\/uploads\/2025\/10\/capodanno-scaled.jpg\",\"datePublished\":\"2026-03-10T14:25:08+00:00\",\"dateModified\":\"2026-03-10T14:25:09+00:00\",\"breadcrumb\":{\"@id\":\"https:\/\/www.leternoassente.com\/?page_id=7391#breadcrumb\"},\"inLanguage\":\"it-IT\",\"potentialAction\":[{\"@type\":\"ReadAction\",\"target\":[\"https:\/\/www.leternoassente.com\/?page_id=7391\"]}]},{\"@type\":\"ImageObject\",\"inLanguage\":\"it-IT\",\"@id\":\"https:\/\/www.leternoassente.com\/?page_id=7391#primaryimage\",\"url\":\"https:\/\/www.leternoassente.com\/wp-content\/uploads\/2025\/10\/capodanno-scaled.jpg\",\"contentUrl\":\"https:\/\/www.leternoassente.com\/wp-content\/uploads\/2025\/10\/capodanno-scaled.jpg\"},{\"@type\":\"BreadcrumbList\",\"@id\":\"https:\/\/www.leternoassente.com\/?page_id=7391#breadcrumb\",\"itemListElement\":[{\"@type\":\"ListItem\",\"position\":1,\"name\":\"Home\",\"item\":\"https:\/\/www.leternoassente.com\/\"},{\"@type\":\"ListItem\",\"position\":2,\"name\":\"Arte\",\"item\":\"https:\/\/www.leternoassente.com\/?page_id=7306\"},{\"@type\":\"ListItem\",\"position\":3,\"name\":\"Capodanno\"}]},{\"@type\":\"WebSite\",\"@id\":\"https:\/\/www.leternoassente.com\/#website\",\"url\":\"https:\/\/www.leternoassente.com\/\",\"name\":\"L&#039;Eterno Assente\",\"description\":\"Dio, la vita, il senso e altre cazzate\",\"publisher\":{\"@id\":\"https:\/\/www.leternoassente.com\/#\/schema\/person\/d2069751871fcdb89a30a0775f4170f9\"},\"potentialAction\":[{\"@type\":\"SearchAction\",\"target\":{\"@type\":\"EntryPoint\",\"urlTemplate\":\"https:\/\/www.leternoassente.com\/?s={search_term_string}\"},\"query-input\":{\"@type\":\"PropertyValueSpecification\",\"valueRequired\":true,\"valueName\":\"search_term_string\"}}],\"inLanguage\":\"it-IT\"},{\"@type\":[\"Person\",\"Organization\"],\"@id\":\"https:\/\/www.leternoassente.com\/#\/schema\/person\/d2069751871fcdb89a30a0775f4170f9\",\"name\":\"Choam Goldberg\",\"image\":{\"@type\":\"ImageObject\",\"inLanguage\":\"it-IT\",\"@id\":\"https:\/\/www.leternoassente.com\/#\/schema\/person\/image\/\",\"url\":\"https:\/\/secure.gravatar.com\/avatar\/63d2c9f25f05d3da5001f2898f6fc9cd?s=96&d=wavatar&r=g\",\"contentUrl\":\"https:\/\/secure.gravatar.com\/avatar\/63d2c9f25f05d3da5001f2898f6fc9cd?s=96&d=wavatar&r=g\",\"caption\":\"Choam Goldberg\"},\"logo\":{\"@id\":\"https:\/\/www.leternoassente.com\/#\/schema\/person\/image\/\"},\"description\":\"Contemplata la vastit\u00e0 del cazzo che gliene frega e raggiunta l\u2019atarass\u00eca, Choam Goldberg pratica nondimeno l'antica, dilettevole e nobile arte di demolire le credenze dei\u00a0beoti e degli insipienti.\",\"sameAs\":[\"http:\/\/www.leternoassente.com\"]}]}<\/script>\n<!-- \/ Yoast SEO plugin. -->","yoast_head_json":{"title":"Capodanno - L&#039;Eterno Assente","robots":{"index":"index","follow":"follow","max-snippet":"max-snippet:-1","max-image-preview":"max-image-preview:large","max-video-preview":"max-video-preview:-1"},"canonical":"https:\/\/www.leternoassente.com\/?page_id=7391","og_locale":"it_IT","og_type":"article","og_title":"Capodanno - L&#039;Eterno Assente","og_description":"Commento dell&#8217;autore \u00c8 il 31 dicembre 2017. Per una serie di circostanze mi ritrovo solo. Nessun gran cenone di Capodanno. Nessun conto alla rovescia. Nessun sorriso forzato. Nessun obbligo di divertirsi. Siccome vivo ancora dai miei genitori, mento per evitare &hellip; Continua a leggere&rarr;","og_url":"https:\/\/www.leternoassente.com\/?page_id=7391","og_site_name":"L&#039;Eterno Assente","article_modified_time":"2026-03-10T14:25:09+00:00","og_image":[{"width":1709,"height":2560,"url":"https:\/\/www.leternoassente.com\/wp-content\/uploads\/2025\/10\/capodanno-scaled.jpg","type":"image\/jpeg"}],"twitter_card":"summary_large_image","twitter_site":"@leternoassente","twitter_misc":{"Tempo di lettura stimato":"3 minuti"},"schema":{"@context":"https:\/\/schema.org","@graph":[{"@type":"WebPage","@id":"https:\/\/www.leternoassente.com\/?page_id=7391","url":"https:\/\/www.leternoassente.com\/?page_id=7391","name":"Capodanno - L&#039;Eterno Assente","isPartOf":{"@id":"https:\/\/www.leternoassente.com\/#website"},"primaryImageOfPage":{"@id":"https:\/\/www.leternoassente.com\/?page_id=7391#primaryimage"},"image":{"@id":"https:\/\/www.leternoassente.com\/?page_id=7391#primaryimage"},"thumbnailUrl":"https:\/\/www.leternoassente.com\/wp-content\/uploads\/2025\/10\/capodanno-scaled.jpg","datePublished":"2026-03-10T14:25:08+00:00","dateModified":"2026-03-10T14:25:09+00:00","breadcrumb":{"@id":"https:\/\/www.leternoassente.com\/?page_id=7391#breadcrumb"},"inLanguage":"it-IT","potentialAction":[{"@type":"ReadAction","target":["https:\/\/www.leternoassente.com\/?page_id=7391"]}]},{"@type":"ImageObject","inLanguage":"it-IT","@id":"https:\/\/www.leternoassente.com\/?page_id=7391#primaryimage","url":"https:\/\/www.leternoassente.com\/wp-content\/uploads\/2025\/10\/capodanno-scaled.jpg","contentUrl":"https:\/\/www.leternoassente.com\/wp-content\/uploads\/2025\/10\/capodanno-scaled.jpg"},{"@type":"BreadcrumbList","@id":"https:\/\/www.leternoassente.com\/?page_id=7391#breadcrumb","itemListElement":[{"@type":"ListItem","position":1,"name":"Home","item":"https:\/\/www.leternoassente.com\/"},{"@type":"ListItem","position":2,"name":"Arte","item":"https:\/\/www.leternoassente.com\/?page_id=7306"},{"@type":"ListItem","position":3,"name":"Capodanno"}]},{"@type":"WebSite","@id":"https:\/\/www.leternoassente.com\/#website","url":"https:\/\/www.leternoassente.com\/","name":"L&#039;Eterno Assente","description":"Dio, la vita, il senso e altre cazzate","publisher":{"@id":"https:\/\/www.leternoassente.com\/#\/schema\/person\/d2069751871fcdb89a30a0775f4170f9"},"potentialAction":[{"@type":"SearchAction","target":{"@type":"EntryPoint","urlTemplate":"https:\/\/www.leternoassente.com\/?s={search_term_string}"},"query-input":{"@type":"PropertyValueSpecification","valueRequired":true,"valueName":"search_term_string"}}],"inLanguage":"it-IT"},{"@type":["Person","Organization"],"@id":"https:\/\/www.leternoassente.com\/#\/schema\/person\/d2069751871fcdb89a30a0775f4170f9","name":"Choam Goldberg","image":{"@type":"ImageObject","inLanguage":"it-IT","@id":"https:\/\/www.leternoassente.com\/#\/schema\/person\/image\/","url":"https:\/\/secure.gravatar.com\/avatar\/63d2c9f25f05d3da5001f2898f6fc9cd?s=96&d=wavatar&r=g","contentUrl":"https:\/\/secure.gravatar.com\/avatar\/63d2c9f25f05d3da5001f2898f6fc9cd?s=96&d=wavatar&r=g","caption":"Choam Goldberg"},"logo":{"@id":"https:\/\/www.leternoassente.com\/#\/schema\/person\/image\/"},"description":"Contemplata la vastit\u00e0 del cazzo che gliene frega e raggiunta l\u2019atarass\u00eca, Choam Goldberg pratica nondimeno l'antica, dilettevole e nobile arte di demolire le credenze dei\u00a0beoti e degli insipienti.","sameAs":["http:\/\/www.leternoassente.com"]}]}},"_links":{"self":[{"href":"https:\/\/www.leternoassente.com\/index.php?rest_route=\/wp\/v2\/pages\/7391"}],"collection":[{"href":"https:\/\/www.leternoassente.com\/index.php?rest_route=\/wp\/v2\/pages"}],"about":[{"href":"https:\/\/www.leternoassente.com\/index.php?rest_route=\/wp\/v2\/types\/page"}],"author":[{"embeddable":true,"href":"https:\/\/www.leternoassente.com\/index.php?rest_route=\/wp\/v2\/users\/1"}],"replies":[{"embeddable":true,"href":"https:\/\/www.leternoassente.com\/index.php?rest_route=%2Fwp%2Fv2%2Fcomments&post=7391"}],"version-history":[{"count":2,"href":"https:\/\/www.leternoassente.com\/index.php?rest_route=\/wp\/v2\/pages\/7391\/revisions"}],"predecessor-version":[{"id":7469,"href":"https:\/\/www.leternoassente.com\/index.php?rest_route=\/wp\/v2\/pages\/7391\/revisions\/7469"}],"up":[{"embeddable":true,"href":"https:\/\/www.leternoassente.com\/index.php?rest_route=\/wp\/v2\/pages\/7306"}],"wp:attachment":[{"href":"https:\/\/www.leternoassente.com\/index.php?rest_route=%2Fwp%2Fv2%2Fmedia&parent=7391"}],"curies":[{"name":"wp","href":"https:\/\/api.w.org\/{rel}","templated":true}]}}